{"id":6378,"date":"2021-01-30T22:50:29","date_gmt":"2021-01-30T21:50:29","guid":{"rendered":"https:\/\/chi-statt-botox.com\/?page_id=6378"},"modified":"2025-10-23T12:38:55","modified_gmt":"2025-10-23T10:38:55","slug":"vielen-dank","status":"publish","type":"page","link":"https:\/\/chi-statt-botox.com\/pl\/vielen-dank\/","title":{"rendered":"Dzi\u0119kujemy za zakup i zaufanie!"},"content":{"rendered":"<p>[et_pb_section fb_built=&#8220;1&#8243; _builder_version=&#8220;4.16&#8243; global_colors_info=&#8220;{}&#8220;][et_pb_row _builder_version=&#8220;4.16&#8243; global_colors_info=&#8220;{}&#8220;][et_pb_column type=&#8220;4_4&#8243; _builder_version=&#8220;4.16&#8243; global_colors_info=&#8220;{}&#8220;][et_pb_text _builder_version=&#8220;4.16&#8243; global_colors_info=&#8220;{}&#8220;]<\/p>\n<h1 style=\"text-align: center;\"><span><strong>Dzi\u0119kujemy za zakup i zaufanie!<\/strong><\/span><\/h1>\n<p>[\/et_pb_text][\/et_pb_column][\/et_pb_row][et_pb_row _builder_version=&#8220;4.16&#8243; background_color=&#8220;rgba(214,214,214,0.52)&#8220; background_size=&#8220;initial&#8220; background_position=&#8220;top_left&#8220; background_repeat=&#8220;repeat&#8220; custom_padding=&#8220;20px|20px|20px|20px|false|false&#8220; global_colors_info=&#8220;{}&#8220;][et_pb_column type=&#8220;4_4&#8243; _builder_version=&#8220;4.16&#8243; custom_padding=&#8220;|||&#8220; global_colors_info=&#8220;{}&#8220; custom_padding__hover=&#8220;|||&#8220;][et_pb_text _builder_version=&#8220;4.16&#8243; background_size=&#8220;initial&#8220; background_position=&#8220;top_left&#8220; background_repeat=&#8220;repeat&#8220; global_colors_info=&#8220;{}&#8220;]<\/p>\n<h2><span class=\"bold_text\">W\u0142a\u015bnie otrzyma\u0142e\u015b dane dost\u0119pu do zakupionego produktu od DIGISTORE24 poczt\u0105 elektroniczn\u0105 bezpo\u015brednio na swoj\u0105 skrzynk\u0119 pocztow\u0105.<\/span><\/h2>\n<p><span><\/span><\/p>\n<p><span>Je\u015bli nie otrzymasz tej wiadomo\u015bci w ci\u0105gu najbli\u017cszych 15 minut, sprawd\u017a folder spamu. Je\u015bli nie mo\u017cesz go tam znale\u017a\u0107 lub masz inne pytania, wy\u015blij wiadomo\u015b\u0107 e-mail na adres post@chi-statt-botox.com - m\u00f3j zesp\u00f3\u0142 z przyjemno\u015bci\u0105 Ci pomo\u017ce.<\/span><\/p>\n<p><span>\u017bycz\u0119 wielu sukces\u00f3w z nowym produktem!<\/span><\/p>\n<p><em><span class=\"italic_text\">P\u0142atno\u015b\u0107 zosta\u0142a pomy\u015blnie przetworzona przez mojego dostawc\u0119 us\u0142ug p\u0142atniczych DigiStore24.com.<\/span><\/em><\/p>\n<p>[\/et_pb_text][\/et_pb_column][\/et_pb_row][\/et_pb_section]<\/p>","protected":false},"excerpt":{"rendered":"<p>Vielen Dank f\u00fcr Deinen Kauf und Dein Vertrauen!Die Zugangsdaten zu Deinem gekauften Produkt hast Du soeben von DIGISTORE24 per E-Mail direkt in Dein Postfach bekommen. Solltest Du diese E-Mail innerhalb der n\u00e4chsten 15 Minuten nicht bekommen, dann sieh bitte auch im Spam-Ordner nach. Ist diese auch dort nicht zu finden oder hast Du noch andere [&hellip;]<\/p>","protected":false},"author":3,"featured_media":0,"parent":0,"menu_order":0,"comment_status":"closed","ping_status":"closed","template":"","meta":{"_acf_changed":false,"_et_pb_use_builder":"on","_et_pb_old_content":"<!-- wp:paragraph {\"align\":\"center\"} -->\n<p class=\"has-text-align-center\"><strong>Die Zugangsdaten zu Deinem gekauften Produkt hast Du soeben per E-Mail direkt in Dein Postfach bekommen.<\/strong><\/p>\n<!-- \/wp:paragraph -->\n\n<!-- wp:paragraph {\"align\":\"center\"} -->\n<p class=\"has-text-align-center\">Solltest Du diese E-Mail innerhalb der n\u00e4chsten 15 Minuten nicht bekommen, dann sieh bitte auch im Spam-Ordner nach. Ist diese auch dort nicht zu finden oder hast Du noch andere Fragen, dann schreib mir bitte eine E-Mail an christina@chi-statt-botox.com \u2013 ich helfe Dir gerne weiter.<\/p>\n<!-- \/wp:paragraph -->\n\n<!-- wp:paragraph {\"align\":\"center\"} -->\n<p class=\"has-text-align-center\">Ich w\u00fcnsche Dir nun viel Erfolg mit Deinem neuen Produkt!<\/p>\n<!-- \/wp:paragraph -->\n\n<!-- wp:paragraph {\"align\":\"center\"} -->\n<p class=\"has-text-align-center\"><em>Die Zahlung wurde erfolgreich von meinem Zahlungsanbieter DigiStore24.com abgewickelt.<\/em><\/p>\n<!-- \/wp:paragraph -->","_et_gb_content_width":"1080","footnotes":""},"class_list":["post-6378","page","type-page","status-publish","hentry"],"acf":[],"yoast_head":"<!-- This site is optimized with the Yoast SEO plugin v26.4 - https:\/\/yoast.com\/wordpress\/plugins\/seo\/ -->\n<title>Vielen Dank f\u00fcr Deinen Kauf und Dein Vertrauen! - Chi statt Botox<\/title>\n<meta name=\"robots\" content=\"index, follow, max-snippet:-1, max-image-preview:large, max-video-preview:-1\" \/>\n<link rel=\"canonical\" href=\"https:\/\/chi-statt-botox.com\/pl\/vielen-dank\/\" \/>\n<meta property=\"og:locale\" content=\"pl_PL\" \/>\n<meta property=\"og:type\" content=\"article\" \/>\n<meta property=\"og:title\" content=\"Vielen Dank f\u00fcr Deinen Kauf und Dein Vertrauen! - Chi statt Botox\" \/>\n<meta property=\"og:description\" content=\"Vielen Dank f\u00fcr Deinen Kauf und Dein Vertrauen!Die Zugangsdaten zu Deinem gekauften Produkt hast Du soeben von DIGISTORE24 per E-Mail direkt in Dein Postfach bekommen. Solltest Du diese E-Mail innerhalb der n\u00e4chsten 15 Minuten nicht bekommen, dann sieh bitte auch im Spam-Ordner nach. Ist diese auch dort nicht zu finden oder hast Du noch andere [&hellip;]\" \/>\n<meta property=\"og:url\" content=\"https:\/\/chi-statt-botox.com\/pl\/vielen-dank\/\" \/>\n<meta property=\"og:site_name\" content=\"Chi statt Botox\" \/>\n<meta property=\"article:modified_time\" content=\"2025-10-23T10:38:55+00:00\" \/>\n<meta name=\"twitter:card\" content=\"summary_large_image\" \/>\n<meta name=\"twitter:label1\" content=\"Szacowany czas czytania\" \/>\n\t<meta name=\"twitter:data1\" content=\"1 minuta\" \/>\n<script type=\"application\/ld+json\" class=\"yoast-schema-graph\">{\"@context\":\"https:\/\/schema.org\",\"@graph\":[{\"@type\":\"WebPage\",\"@id\":\"https:\/\/chi-statt-botox.com\/vielen-dank\/\",\"url\":\"https:\/\/chi-statt-botox.com\/vielen-dank\/\",\"name\":\"Vielen Dank f\u00fcr Deinen Kauf und Dein Vertrauen! - Chi statt Botox\",\"isPartOf\":{\"@id\":\"https:\/\/chi-statt-botox.com\/#website\"},\"datePublished\":\"2021-01-30T21:50:29+00:00\",\"dateModified\":\"2025-10-23T10:38:55+00:00\",\"breadcrumb\":{\"@id\":\"https:\/\/chi-statt-botox.com\/vielen-dank\/#breadcrumb\"},\"inLanguage\":\"pl-PL\",\"potentialAction\":[{\"@type\":\"ReadAction\",\"target\":[\"https:\/\/chi-statt-botox.com\/vielen-dank\/\"]}]},{\"@type\":\"BreadcrumbList\",\"@id\":\"https:\/\/chi-statt-botox.com\/vielen-dank\/#breadcrumb\",\"itemListElement\":[{\"@type\":\"ListItem\",\"position\":1,\"name\":\"Startseite\",\"item\":\"https:\/\/chi-statt-botox.com\/\"},{\"@type\":\"ListItem\",\"position\":2,\"name\":\"Vielen Dank f\u00fcr Deinen Kauf und Dein Vertrauen!\"}]},{\"@type\":\"WebSite\",\"@id\":\"https:\/\/chi-statt-botox.com\/#website\",\"url\":\"https:\/\/chi-statt-botox.com\/\",\"name\":\"Chi statt Botox\",\"description\":\"Falten wegzaubern, Haut straffen\",\"potentialAction\":[{\"@type\":\"SearchAction\",\"target\":{\"@type\":\"EntryPoint\",\"urlTemplate\":\"https:\/\/chi-statt-botox.com\/?s={search_term_string}\"},\"query-input\":{\"@type\":\"PropertyValueSpecification\",\"valueRequired\":true,\"valueName\":\"search_term_string\"}}],\"inLanguage\":\"pl-PL\"}]}<\/script>\n<!-- \/ Yoast SEO plugin. -->","yoast_head_json":{"title":"Vielen Dank f\u00fcr Deinen Kauf und Dein Vertrauen! - Chi statt Botox","robots":{"index":"index","follow":"follow","max-snippet":"max-snippet:-1","max-image-preview":"max-image-preview:large","max-video-preview":"max-video-preview:-1"},"canonical":"https:\/\/chi-statt-botox.com\/pl\/vielen-dank\/","og_locale":"pl_PL","og_type":"article","og_title":"Vielen Dank f\u00fcr Deinen Kauf und Dein Vertrauen! - Chi statt Botox","og_description":"Vielen Dank f\u00fcr Deinen Kauf und Dein Vertrauen!Die Zugangsdaten zu Deinem gekauften Produkt hast Du soeben von DIGISTORE24 per E-Mail direkt in Dein Postfach bekommen. Solltest Du diese E-Mail innerhalb der n\u00e4chsten 15 Minuten nicht bekommen, dann sieh bitte auch im Spam-Ordner nach. Ist diese auch dort nicht zu finden oder hast Du noch andere [&hellip;]","og_url":"https:\/\/chi-statt-botox.com\/pl\/vielen-dank\/","og_site_name":"Chi statt Botox","article_modified_time":"2025-10-23T10:38:55+00:00","twitter_card":"summary_large_image","twitter_misc":{"Szacowany czas czytania":"1 minuta"},"schema":{"@context":"https:\/\/schema.org","@graph":[{"@type":"WebPage","@id":"https:\/\/chi-statt-botox.com\/vielen-dank\/","url":"https:\/\/chi-statt-botox.com\/vielen-dank\/","name":"Vielen Dank f\u00fcr Deinen Kauf und Dein Vertrauen! - Chi statt Botox","isPartOf":{"@id":"https:\/\/chi-statt-botox.com\/#website"},"datePublished":"2021-01-30T21:50:29+00:00","dateModified":"2025-10-23T10:38:55+00:00","breadcrumb":{"@id":"https:\/\/chi-statt-botox.com\/vielen-dank\/#breadcrumb"},"inLanguage":"pl-PL","potentialAction":[{"@type":"ReadAction","target":["https:\/\/chi-statt-botox.com\/vielen-dank\/"]}]},{"@type":"BreadcrumbList","@id":"https:\/\/chi-statt-botox.com\/vielen-dank\/#breadcrumb","itemListElement":[{"@type":"ListItem","position":1,"name":"Startseite","item":"https:\/\/chi-statt-botox.com\/"},{"@type":"ListItem","position":2,"name":"Vielen Dank f\u00fcr Deinen Kauf und Dein Vertrauen!"}]},{"@type":"WebSite","@id":"https:\/\/chi-statt-botox.com\/#website","url":"https:\/\/chi-statt-botox.com\/","name":"Chi zamiast botoksu","description":"Usuwa zmarszczki, napina sk\u00f3r\u0119","potentialAction":[{"@type":"SearchAction","target":{"@type":"EntryPoint","urlTemplate":"https:\/\/chi-statt-botox.com\/?s={search_term_string}"},"query-input":{"@type":"PropertyValueSpecification","valueRequired":true,"valueName":"search_term_string"}}],"inLanguage":"pl-PL"}]}},"_links":{"self":[{"href":"https:\/\/chi-statt-botox.com\/pl\/wp-json\/wp\/v2\/pages\/6378","targetHints":{"allow":["GET"]}}],"collection":[{"href":"https:\/\/chi-statt-botox.com\/pl\/wp-json\/wp\/v2\/pages"}],"about":[{"href":"https:\/\/chi-statt-botox.com\/pl\/wp-json\/wp\/v2\/types\/page"}],"author":[{"embeddable":true,"href":"https:\/\/chi-statt-botox.com\/pl\/wp-json\/wp\/v2\/users\/3"}],"replies":[{"embeddable":true,"href":"https:\/\/chi-statt-botox.com\/pl\/wp-json\/wp\/v2\/comments?post=6378"}],"version-history":[{"count":4,"href":"https:\/\/chi-statt-botox.com\/pl\/wp-json\/wp\/v2\/pages\/6378\/revisions"}],"predecessor-version":[{"id":49406,"href":"https:\/\/chi-statt-botox.com\/pl\/wp-json\/wp\/v2\/pages\/6378\/revisions\/49406"}],"wp:attachment":[{"href":"https:\/\/chi-statt-botox.com\/pl\/wp-json\/wp\/v2\/media?parent=6378"}],"curies":[{"name":"wp","href":"https:\/\/api.w.org\/{rel}","templated":true}]}}