{"id":6447,"date":"2021-02-01T11:33:56","date_gmt":"2021-02-01T10:33:56","guid":{"rendered":"https:\/\/chi-statt-botox.com\/?page_id=6447"},"modified":"2021-02-01T14:02:08","modified_gmt":"2021-02-01T13:02:08","slug":"so-wirst-du-das-doppelkinn-los","status":"publish","type":"page","link":"https:\/\/chi-statt-botox.com\/pl\/so-wirst-du-das-doppelkinn-los\/","title":{"rendered":"Jak pozby\u0107 si\u0119 podw\u00f3jnego podbr\u00f3dka i przesta\u0107 chrapa\u0107?"},"content":{"rendered":"[et_pb_section fb_built=&#8220;1&#8243; admin_label=&#8220;Hero&#8220; _builder_version=&#8220;4.4.3&#8243; background_color=&#8220;#a29eae&#8220; background_image=&#8220;https:\/\/chi-statt-botox.com\/wp-content\/uploads\/geometric-bg-overlay-01.jpg&#8220; background_blend=&#8220;overlay&#8220; custom_padding=&#8220;10%|||&#8220; animation_style=&#8220;zoom&#8220; animation_direction=&#8220;bottom&#8220; animation_intensity_zoom=&#8220;8%&#8220; animation_starting_opacity=&#8220;100%&#8220; box_shadow_style=&#8220;preset3&#8243; box_shadow_vertical=&#8220;-200px&#8220; box_shadow_blur=&#8220;0px&#8220; box_shadow_color=&#8220;#F8FBFE&#8220; box_shadow_position=&#8220;inner&#8220;][et_pb_row _builder_version=&#8220;3.25&#8243;][et_pb_column type=&#8220;4_4&#8243; _builder_version=&#8220;3.25&#8243; custom_padding=&#8220;|||&#8220; custom_padding__hover=&#8220;|||&#8220;][et_pb_text _builder_version=&#8220;4.4.3&#8243; text_font=&#8220;Nunito Sans||||||||&#8220; text_text_color=&#8220;#ffffff&#8220; text_font_size=&#8220;25px&#8220; text_line_height=&#8220;1.8em&#8220; header_font=&#8220;Nunito Sans|700|||||||&#8220; header_text_align=&#8220;center&#8220; header_text_color=&#8220;#ffffff&#8220; header_font_size=&#8220;45px&#8220; header_line_height=&#8220;1.3em&#8220; header_2_font=&#8220;||||||||&#8220; text_orientation=&#8220;center&#8220; max_width=&#8220;104%&#8220; module_alignment=&#8220;center&#8220; hover_enabled=&#8220;0&#8243;]<div class=\"h-b t-c\">\n<div class=\"b-tt b-tl\">\n<div class=\"wrp\">\n<h1 class=\"entry-title\">Jak pozby\u0107 si\u0119 podw\u00f3jnego podbr\u00f3dka <br \/>i przesta\u0144 chrapa\u0107<\/h1>\n<\/div>\n<\/div>\n<\/div>\n<div class=\"wrp cnt\">\n<section class=\"brd\"><\/section>\n<\/div>\n[\/et_pb_text][\/et_pb_column][\/et_pb_row][et_pb_row _builder_version=&#8220;4.4.3&#8243;][et_pb_column type=&#8220;4_4&#8243; _builder_version=&#8220;4.4.3&#8243;][et_pb_video src=&#8220;https:\/\/chi-statt-botox.com\/wp-content\/uploads\/DoppelkinnMovie.mp4&#8243; image_src=&#8220;https:\/\/chi-statt-botox.com\/wp-content\/uploads\/doppelkinnmovie.png&#8220; play_icon_color=&#8220;#ffffff&#8220; thumbnail_overlay_color=&#8220;rgba(0,0,0,0.6)&#8220; _builder_version=&#8220;4.4.3&#8243; hover_enabled=&#8220;0&#8243;][\/et_pb_video][\/et_pb_column][\/et_pb_row][\/et_pb_section]","protected":false},"excerpt":{"rendered":"<p>So wirst Du Dein Doppelkinn los &amp; h\u00f6rst auf zu schnarchen<\/p>","protected":false},"author":1,"featured_media":0,"parent":0,"menu_order":0,"comment_status":"closed","ping_status":"closed","template":"","meta":{"_acf_changed":false,"_et_pb_use_builder":"on","_et_pb_old_content":"","_et_gb_content_width":"","footnotes":""},"class_list":["post-6447","page","type-page","status-publish","hentry"],"acf":[],"yoast_head":"<!-- This site is optimized with the Yoast SEO plugin v26.4 - https:\/\/yoast.com\/wordpress\/plugins\/seo\/ -->\n<title>So wirst Du Dein Doppelkinn los &amp; h\u00f6rst auf zu schnarchen - Chi statt Botox<\/title>\n<meta name=\"robots\" content=\"index, follow, max-snippet:-1, max-image-preview:large, max-video-preview:-1\" \/>\n<link rel=\"canonical\" href=\"https:\/\/chi-statt-botox.com\/pl\/so-wirst-du-das-doppelkinn-los\/\" \/>\n<meta property=\"og:locale\" content=\"pl_PL\" \/>\n<meta property=\"og:type\" content=\"article\" \/>\n<meta property=\"og:title\" content=\"So wirst Du Dein Doppelkinn los &amp; h\u00f6rst auf zu schnarchen - Chi statt Botox\" \/>\n<meta property=\"og:description\" content=\"So wirst Du Dein Doppelkinn los &amp; h\u00f6rst auf zu schnarchen\" \/>\n<meta property=\"og:url\" content=\"https:\/\/chi-statt-botox.com\/pl\/so-wirst-du-das-doppelkinn-los\/\" \/>\n<meta property=\"og:site_name\" content=\"Chi statt Botox\" \/>\n<meta property=\"article:modified_time\" content=\"2021-02-01T13:02:08+00:00\" \/>\n<meta name=\"twitter:card\" content=\"summary_large_image\" \/>\n<meta name=\"twitter:label1\" content=\"Szacowany czas czytania\" \/>\n\t<meta name=\"twitter:data1\" content=\"1 minuta\" \/>\n<script type=\"application\/ld+json\" class=\"yoast-schema-graph\">{\"@context\":\"https:\/\/schema.org\",\"@graph\":[{\"@type\":\"WebPage\",\"@id\":\"https:\/\/chi-statt-botox.com\/so-wirst-du-das-doppelkinn-los\/\",\"url\":\"https:\/\/chi-statt-botox.com\/so-wirst-du-das-doppelkinn-los\/\",\"name\":\"So wirst Du Dein Doppelkinn los & h\u00f6rst auf zu schnarchen - Chi statt Botox\",\"isPartOf\":{\"@id\":\"https:\/\/chi-statt-botox.com\/#website\"},\"datePublished\":\"2021-02-01T10:33:56+00:00\",\"dateModified\":\"2021-02-01T13:02:08+00:00\",\"breadcrumb\":{\"@id\":\"https:\/\/chi-statt-botox.com\/so-wirst-du-das-doppelkinn-los\/#breadcrumb\"},\"inLanguage\":\"pl-PL\",\"potentialAction\":[{\"@type\":\"ReadAction\",\"target\":[\"https:\/\/chi-statt-botox.com\/so-wirst-du-das-doppelkinn-los\/\"]}]},{\"@type\":\"BreadcrumbList\",\"@id\":\"https:\/\/chi-statt-botox.com\/so-wirst-du-das-doppelkinn-los\/#breadcrumb\",\"itemListElement\":[{\"@type\":\"ListItem\",\"position\":1,\"name\":\"Startseite\",\"item\":\"https:\/\/chi-statt-botox.com\/\"},{\"@type\":\"ListItem\",\"position\":2,\"name\":\"So wirst Du Dein Doppelkinn los &#038; h\u00f6rst auf zu schnarchen\"}]},{\"@type\":\"WebSite\",\"@id\":\"https:\/\/chi-statt-botox.com\/#website\",\"url\":\"https:\/\/chi-statt-botox.com\/\",\"name\":\"Chi statt Botox\",\"description\":\"Falten wegzaubern, Haut straffen\",\"potentialAction\":[{\"@type\":\"SearchAction\",\"target\":{\"@type\":\"EntryPoint\",\"urlTemplate\":\"https:\/\/chi-statt-botox.com\/?s={search_term_string}\"},\"query-input\":{\"@type\":\"PropertyValueSpecification\",\"valueRequired\":true,\"valueName\":\"search_term_string\"}}],\"inLanguage\":\"pl-PL\"}]}<\/script>\n<!-- \/ Yoast SEO plugin. -->","yoast_head_json":{"title":"So wirst Du Dein Doppelkinn los & h\u00f6rst auf zu schnarchen - Chi statt Botox","robots":{"index":"index","follow":"follow","max-snippet":"max-snippet:-1","max-image-preview":"max-image-preview:large","max-video-preview":"max-video-preview:-1"},"canonical":"https:\/\/chi-statt-botox.com\/pl\/so-wirst-du-das-doppelkinn-los\/","og_locale":"pl_PL","og_type":"article","og_title":"So wirst Du Dein Doppelkinn los & h\u00f6rst auf zu schnarchen - Chi statt Botox","og_description":"So wirst Du Dein Doppelkinn los &amp; h\u00f6rst auf zu schnarchen","og_url":"https:\/\/chi-statt-botox.com\/pl\/so-wirst-du-das-doppelkinn-los\/","og_site_name":"Chi statt Botox","article_modified_time":"2021-02-01T13:02:08+00:00","twitter_card":"summary_large_image","twitter_misc":{"Szacowany czas czytania":"1 minuta"},"schema":{"@context":"https:\/\/schema.org","@graph":[{"@type":"WebPage","@id":"https:\/\/chi-statt-botox.com\/so-wirst-du-das-doppelkinn-los\/","url":"https:\/\/chi-statt-botox.com\/so-wirst-du-das-doppelkinn-los\/","name":"So wirst Du Dein Doppelkinn los & h\u00f6rst auf zu schnarchen - Chi statt Botox","isPartOf":{"@id":"https:\/\/chi-statt-botox.com\/#website"},"datePublished":"2021-02-01T10:33:56+00:00","dateModified":"2021-02-01T13:02:08+00:00","breadcrumb":{"@id":"https:\/\/chi-statt-botox.com\/so-wirst-du-das-doppelkinn-los\/#breadcrumb"},"inLanguage":"pl-PL","potentialAction":[{"@type":"ReadAction","target":["https:\/\/chi-statt-botox.com\/so-wirst-du-das-doppelkinn-los\/"]}]},{"@type":"BreadcrumbList","@id":"https:\/\/chi-statt-botox.com\/so-wirst-du-das-doppelkinn-los\/#breadcrumb","itemListElement":[{"@type":"ListItem","position":1,"name":"Startseite","item":"https:\/\/chi-statt-botox.com\/"},{"@type":"ListItem","position":2,"name":"So wirst Du Dein Doppelkinn los &#038; h\u00f6rst auf zu schnarchen"}]},{"@type":"WebSite","@id":"https:\/\/chi-statt-botox.com\/#website","url":"https:\/\/chi-statt-botox.com\/","name":"Chi zamiast botoksu","description":"Usuwa zmarszczki, napina sk\u00f3r\u0119","potentialAction":[{"@type":"SearchAction","target":{"@type":"EntryPoint","urlTemplate":"https:\/\/chi-statt-botox.com\/?s={search_term_string}"},"query-input":{"@type":"PropertyValueSpecification","valueRequired":true,"valueName":"search_term_string"}}],"inLanguage":"pl-PL"}]}},"_links":{"self":[{"href":"https:\/\/chi-statt-botox.com\/pl\/wp-json\/wp\/v2\/pages\/6447","targetHints":{"allow":["GET"]}}],"collection":[{"href":"https:\/\/chi-statt-botox.com\/pl\/wp-json\/wp\/v2\/pages"}],"about":[{"href":"https:\/\/chi-statt-botox.com\/pl\/wp-json\/wp\/v2\/types\/page"}],"author":[{"embeddable":true,"href":"https:\/\/chi-statt-botox.com\/pl\/wp-json\/wp\/v2\/users\/1"}],"replies":[{"embeddable":true,"href":"https:\/\/chi-statt-botox.com\/pl\/wp-json\/wp\/v2\/comments?post=6447"}],"version-history":[{"count":5,"href":"https:\/\/chi-statt-botox.com\/pl\/wp-json\/wp\/v2\/pages\/6447\/revisions"}],"predecessor-version":[{"id":6513,"href":"https:\/\/chi-statt-botox.com\/pl\/wp-json\/wp\/v2\/pages\/6447\/revisions\/6513"}],"wp:attachment":[{"href":"https:\/\/chi-statt-botox.com\/pl\/wp-json\/wp\/v2\/media?parent=6447"}],"curies":[{"name":"wp","href":"https:\/\/api.w.org\/{rel}","templated":true}]}}