{"id":10587,"date":"2021-07-22T10:18:43","date_gmt":"2021-07-22T08:18:43","guid":{"rendered":"https:\/\/chi-statt-botox.com\/?post_type=product&#038;p=10587"},"modified":"2026-04-12T19:01:01","modified_gmt":"2026-04-12T17:01:01","slug":"karottenoel-frischer-teint-und-schoene-beine","status":"publish","type":"product","link":"https:\/\/chi-statt-botox.com\/pl\/produkt\/karottenoel-frischer-teint-und-schoene-beine\/","title":{"rendered":"Olej marchewkowy (\u015bwie\u017ca cera i pi\u0119kne nogi)"},"content":{"rendered":"<p>Lekki organiczny olej marchewkowy o intensywnym kolorze. Olej marchewkowy jest <strong>Naturalny samoopalacz<\/strong>. Czy to dla pi\u0119knych n\u00f3g latem, czy pi\u0119knej cery w sezonie bez s\u0142o\u0144ca - nadaje sk\u00f3rze pi\u0119kny koloryt i jednocze\u015bnie j\u0105 od\u017cywia. Chroni i przed\u0142u\u017ca wakacyjn\u0105 opalenizn\u0119 oraz zawiera du\u017c\u0105 ilo\u015b\u0107 witaminy A i prowitaminy A (w piel\u0119gnacji twarzy jest znana jako retinol - w oleju marchewkowym jest stosowana w swojej naturalnej postaci).<\/p>\n<p>Ten produkt to naturalny macerat z dzikiej marchwi w t\u0142oczonym na zimno organicznym oleju s\u0142onecznikowym. Zawiera karotenoidy, witaminy A, B, C, E i F. Produkt wega\u0144ski.<\/p>\n<p>Nale\u017cy upewni\u0107 si\u0119, \u017ce jest przechowywany szczelnie zamkni\u0119ty i chroniony przed powietrzem i \u015bwiat\u0142em, poniewa\u017c jest wra\u017cliwy na tlen i \u015bwiat\u0142o. Mo\u017ce zmieni\u0107 kolor na pomara\u0144czowy, je\u015bli wejdzie w kontakt z odzie\u017c\u0105. Aby uzyska\u0107 najlepsze rezultaty, przed u\u017cyciem nale\u017cy z\u0142uszczy\u0107 i nawil\u017cy\u0107 sk\u00f3r\u0119.<\/p>\n<p>Ze wzgl\u0119du na wysok\u0105 zawarto\u015b\u0107 witaminy A <strong>Nie stosowa\u0107 na ca\u0142ym ciele i nie w czasie ci\u0105\u017cy!<\/strong><\/p>\n<p><em>INCI: olej z nasion Helianthus annuus, ekstrakt z Daucus carota sativa<\/em><\/p>\n<p><strong>FILMY na ten temat <\/strong>(wystarczy klikn\u0105\u0107):<strong><br \/>\n<a href=\"https:\/\/www.youtube.com\/watch?v=CilAddrmfww&amp;t=62s\" target=\"_blank\" rel=\"noopener\">\"Sztuczka dla pi\u0119knej cery zim\u0105\"<\/a><br \/>\n<a href=\"https:\/\/www.youtube.com\/watch?v=EgzVF8z9hHY&amp;t=3s\" target=\"_blank\" rel=\"noopener\">\"Pozb\u0105d\u017a si\u0119 CELLULITE - 100% skuteczniej dzi\u0119ki tej SEKRETNEJ WSKAZ\u00d3WCE\u2757\"<\/a><br \/>\n<a href=\"https:\/\/www.youtube.com\/watch?v=i4wytEQKPik&amp;t=359s\" target=\"_blank\" rel=\"noopener\">\"Wi\u0119cej blasku i promiennie pi\u0119kna sk\u00f3ra (zmienia wszystko!) \u2728 Twarz i cia\u0142o\"<\/a><br \/>\n<\/strong><\/p>\n<p>MRS DYSTRYBUJCA SP\u00d3\u0141KA Z ORGANICZONA ODPOWIEDZIALNOSCIA \/ Prezydenta Lecha Kaczynskiego 20 \/ 80-365 Gdansk \/ Poland \/ office@nutrivelabs.com<\/p>","protected":false},"excerpt":{"rendered":"<ul>\n<li>Uwa\u017cany za naturalny samoopalacz<\/li>\n<li>Zapewnia pi\u0119kn\u0105 cer\u0119<\/li>\n<li>Nawil\u017canie i od\u017cywianie<\/li>\n<li>Zawiera witamin\u0119 A i prowitamin\u0119 A<\/li>\n<\/ul>\n<p>&nbsp;<\/p>","protected":false},"featured_media":18023,"template":"","meta":{"_acf_changed":false,"_et_pb_use_builder":"","_et_pb_old_content":"","_et_gb_content_width":""},"product_brand":[],"product_cat":[174],"product_tag":[],"class_list":{"0":"post-10587","1":"product","2":"type-product","3":"status-publish","4":"has-post-thumbnail","6":"product_cat-oele","8":"first","9":"instock","10":"taxable","11":"shipping-taxable","12":"purchasable","13":"product-type-simple"},"acf":[],"yoast_head":"<!-- This site is optimized with the Yoast SEO plugin v26.4 - https:\/\/yoast.com\/wordpress\/plugins\/seo\/ -->\n<title>Karotten\u00f6l (frischer Teint und sch\u00f6ne Beine) - Chi statt Botox<\/title>\n<meta name=\"robots\" content=\"index, follow, max-snippet:-1, max-image-preview:large, max-video-preview:-1\" \/>\n<link rel=\"canonical\" href=\"https:\/\/chi-statt-botox.com\/pl\/produkt\/karottenoel-frischer-teint-und-schoene-beine\/\" \/>\n<meta property=\"og:locale\" content=\"pl_PL\" \/>\n<meta property=\"og:type\" content=\"article\" \/>\n<meta property=\"og:title\" content=\"Karotten\u00f6l (frischer Teint und sch\u00f6ne Beine) - Chi statt Botox\" \/>\n<meta property=\"og:description\" content=\"Gilt als nat\u00fcrlicher Selbstbr\u00e4uner  Sorgt f\u00fcr sch\u00f6nen Teint  Feuchtigkeitsspendend und pflegend  Enth\u00e4lt Vitamin A und Provitamin A  &nbsp;\" \/>\n<meta property=\"og:url\" content=\"https:\/\/chi-statt-botox.com\/pl\/produkt\/karottenoel-frischer-teint-und-schoene-beine\/\" \/>\n<meta property=\"og:site_name\" content=\"Chi statt Botox\" \/>\n<meta property=\"article:modified_time\" content=\"2026-04-12T17:01:01+00:00\" \/>\n<meta property=\"og:image\" content=\"https:\/\/chi-statt-botox.com\/wp-content\/uploads\/Carrot-100ml-Pump-jpg.jpg\" \/>\n\t<meta property=\"og:image:width\" content=\"1000\" \/>\n\t<meta property=\"og:image:height\" content=\"1000\" \/>\n\t<meta property=\"og:image:type\" content=\"image\/jpeg\" \/>\n<meta name=\"twitter:card\" content=\"summary_large_image\" \/>\n<meta name=\"twitter:label1\" content=\"Szacowany czas czytania\" \/>\n\t<meta name=\"twitter:data1\" content=\"2 minuty\" \/>\n<script type=\"application\/ld+json\" class=\"yoast-schema-graph\">{\"@context\":\"https:\/\/schema.org\",\"@graph\":[{\"@type\":\"WebPage\",\"@id\":\"https:\/\/chi-statt-botox.com\/produkt\/karottenoel-frischer-teint-und-schoene-beine\/\",\"url\":\"https:\/\/chi-statt-botox.com\/produkt\/karottenoel-frischer-teint-und-schoene-beine\/\",\"name\":\"Karotten\u00f6l (frischer Teint und sch\u00f6ne Beine) - Chi statt Botox\",\"isPartOf\":{\"@id\":\"https:\/\/chi-statt-botox.com\/#website\"},\"primaryImageOfPage\":{\"@id\":\"https:\/\/chi-statt-botox.com\/produkt\/karottenoel-frischer-teint-und-schoene-beine\/#primaryimage\"},\"image\":{\"@id\":\"https:\/\/chi-statt-botox.com\/produkt\/karottenoel-frischer-teint-und-schoene-beine\/#primaryimage\"},\"thumbnailUrl\":\"https:\/\/chi-statt-botox.com\/wp-content\/uploads\/Carrot-100ml-Pump-jpg.jpg\",\"datePublished\":\"2021-07-22T08:18:43+00:00\",\"dateModified\":\"2026-04-12T17:01:01+00:00\",\"breadcrumb\":{\"@id\":\"https:\/\/chi-statt-botox.com\/produkt\/karottenoel-frischer-teint-und-schoene-beine\/#breadcrumb\"},\"inLanguage\":\"pl-PL\",\"potentialAction\":[{\"@type\":\"ReadAction\",\"target\":[\"https:\/\/chi-statt-botox.com\/produkt\/karottenoel-frischer-teint-und-schoene-beine\/\"]}]},{\"@type\":\"ImageObject\",\"inLanguage\":\"pl-PL\",\"@id\":\"https:\/\/chi-statt-botox.com\/produkt\/karottenoel-frischer-teint-und-schoene-beine\/#primaryimage\",\"url\":\"https:\/\/chi-statt-botox.com\/wp-content\/uploads\/Carrot-100ml-Pump-jpg.jpg\",\"contentUrl\":\"https:\/\/chi-statt-botox.com\/wp-content\/uploads\/Carrot-100ml-Pump-jpg.jpg\",\"width\":1000,\"height\":1000},{\"@type\":\"BreadcrumbList\",\"@id\":\"https:\/\/chi-statt-botox.com\/produkt\/karottenoel-frischer-teint-und-schoene-beine\/#breadcrumb\",\"itemListElement\":[{\"@type\":\"ListItem\",\"position\":1,\"name\":\"Startseite\",\"item\":\"https:\/\/chi-statt-botox.com\/\"},{\"@type\":\"ListItem\",\"position\":2,\"name\":\"Produkte\",\"item\":\"https:\/\/chi-statt-botox.com\/shop\/\"},{\"@type\":\"ListItem\",\"position\":3,\"name\":\"Karotten\u00f6l (frischer Teint und sch\u00f6ne Beine)\"}]},{\"@type\":\"WebSite\",\"@id\":\"https:\/\/chi-statt-botox.com\/#website\",\"url\":\"https:\/\/chi-statt-botox.com\/\",\"name\":\"Chi statt Botox\",\"description\":\"Falten wegzaubern, Haut straffen\",\"potentialAction\":[{\"@type\":\"SearchAction\",\"target\":{\"@type\":\"EntryPoint\",\"urlTemplate\":\"https:\/\/chi-statt-botox.com\/?s={search_term_string}\"},\"query-input\":{\"@type\":\"PropertyValueSpecification\",\"valueRequired\":true,\"valueName\":\"search_term_string\"}}],\"inLanguage\":\"pl-PL\"}]}<\/script>\n<!-- \/ Yoast SEO plugin. -->","yoast_head_json":{"title":"Karotten\u00f6l (frischer Teint und sch\u00f6ne Beine) - Chi statt Botox","robots":{"index":"index","follow":"follow","max-snippet":"max-snippet:-1","max-image-preview":"max-image-preview:large","max-video-preview":"max-video-preview:-1"},"canonical":"https:\/\/chi-statt-botox.com\/pl\/produkt\/karottenoel-frischer-teint-und-schoene-beine\/","og_locale":"pl_PL","og_type":"article","og_title":"Karotten\u00f6l (frischer Teint und sch\u00f6ne Beine) - Chi statt Botox","og_description":"Gilt als nat\u00fcrlicher Selbstbr\u00e4uner  Sorgt f\u00fcr sch\u00f6nen Teint  Feuchtigkeitsspendend und pflegend  Enth\u00e4lt Vitamin A und Provitamin A  &nbsp;","og_url":"https:\/\/chi-statt-botox.com\/pl\/produkt\/karottenoel-frischer-teint-und-schoene-beine\/","og_site_name":"Chi statt Botox","article_modified_time":"2026-04-12T17:01:01+00:00","og_image":[{"width":1000,"height":1000,"url":"https:\/\/chi-statt-botox.com\/wp-content\/uploads\/Carrot-100ml-Pump-jpg.jpg","type":"image\/jpeg"}],"twitter_card":"summary_large_image","twitter_misc":{"Szacowany czas czytania":"2 minuty"},"schema":{"@context":"https:\/\/schema.org","@graph":[{"@type":"WebPage","@id":"https:\/\/chi-statt-botox.com\/produkt\/karottenoel-frischer-teint-und-schoene-beine\/","url":"https:\/\/chi-statt-botox.com\/produkt\/karottenoel-frischer-teint-und-schoene-beine\/","name":"Karotten\u00f6l (frischer Teint und sch\u00f6ne Beine) - Chi statt Botox","isPartOf":{"@id":"https:\/\/chi-statt-botox.com\/#website"},"primaryImageOfPage":{"@id":"https:\/\/chi-statt-botox.com\/produkt\/karottenoel-frischer-teint-und-schoene-beine\/#primaryimage"},"image":{"@id":"https:\/\/chi-statt-botox.com\/produkt\/karottenoel-frischer-teint-und-schoene-beine\/#primaryimage"},"thumbnailUrl":"https:\/\/chi-statt-botox.com\/wp-content\/uploads\/Carrot-100ml-Pump-jpg.jpg","datePublished":"2021-07-22T08:18:43+00:00","dateModified":"2026-04-12T17:01:01+00:00","breadcrumb":{"@id":"https:\/\/chi-statt-botox.com\/produkt\/karottenoel-frischer-teint-und-schoene-beine\/#breadcrumb"},"inLanguage":"pl-PL","potentialAction":[{"@type":"ReadAction","target":["https:\/\/chi-statt-botox.com\/produkt\/karottenoel-frischer-teint-und-schoene-beine\/"]}]},{"@type":"ImageObject","inLanguage":"pl-PL","@id":"https:\/\/chi-statt-botox.com\/produkt\/karottenoel-frischer-teint-und-schoene-beine\/#primaryimage","url":"https:\/\/chi-statt-botox.com\/wp-content\/uploads\/Carrot-100ml-Pump-jpg.jpg","contentUrl":"https:\/\/chi-statt-botox.com\/wp-content\/uploads\/Carrot-100ml-Pump-jpg.jpg","width":1000,"height":1000},{"@type":"BreadcrumbList","@id":"https:\/\/chi-statt-botox.com\/produkt\/karottenoel-frischer-teint-und-schoene-beine\/#breadcrumb","itemListElement":[{"@type":"ListItem","position":1,"name":"Startseite","item":"https:\/\/chi-statt-botox.com\/"},{"@type":"ListItem","position":2,"name":"Produkte","item":"https:\/\/chi-statt-botox.com\/shop\/"},{"@type":"ListItem","position":3,"name":"Karotten\u00f6l (frischer Teint und sch\u00f6ne Beine)"}]},{"@type":"WebSite","@id":"https:\/\/chi-statt-botox.com\/#website","url":"https:\/\/chi-statt-botox.com\/","name":"Chi zamiast botoksu","description":"Usuwa zmarszczki, napina sk\u00f3r\u0119","potentialAction":[{"@type":"SearchAction","target":{"@type":"EntryPoint","urlTemplate":"https:\/\/chi-statt-botox.com\/?s={search_term_string}"},"query-input":{"@type":"PropertyValueSpecification","valueRequired":true,"valueName":"search_term_string"}}],"inLanguage":"pl-PL"}]}},"_links":{"self":[{"href":"https:\/\/chi-statt-botox.com\/pl\/wp-json\/wp\/v2\/product\/10587","targetHints":{"allow":["GET"]}}],"collection":[{"href":"https:\/\/chi-statt-botox.com\/pl\/wp-json\/wp\/v2\/product"}],"about":[{"href":"https:\/\/chi-statt-botox.com\/pl\/wp-json\/wp\/v2\/types\/product"}],"wp:featuredmedia":[{"embeddable":true,"href":"https:\/\/chi-statt-botox.com\/pl\/wp-json\/wp\/v2\/media\/18023"}],"wp:attachment":[{"href":"https:\/\/chi-statt-botox.com\/pl\/wp-json\/wp\/v2\/media?parent=10587"}],"wp:term":[{"taxonomy":"product_brand","embeddable":true,"href":"https:\/\/chi-statt-botox.com\/pl\/wp-json\/wp\/v2\/product_brand?post=10587"},{"taxonomy":"product_cat","embeddable":true,"href":"https:\/\/chi-statt-botox.com\/pl\/wp-json\/wp\/v2\/product_cat?post=10587"},{"taxonomy":"product_tag","embeddable":true,"href":"https:\/\/chi-statt-botox.com\/pl\/wp-json\/wp\/v2\/product_tag?post=10587"}],"curies":[{"name":"wp","href":"https:\/\/api.w.org\/{rel}","templated":true}]}}