{"id":14980,"date":"2022-04-01T16:19:54","date_gmt":"2022-04-01T14:19:54","guid":{"rendered":"https:\/\/chi-statt-botox.com\/?post_type=product&#038;p=14980"},"modified":"2026-04-13T20:55:47","modified_gmt":"2026-04-13T18:55:47","slug":"aloe-vera-body-lotion-250-ml","status":"publish","type":"product","link":"https:\/\/chi-statt-botox.com\/pl\/produkt\/aloe-vera-body-lotion-250-ml\/","title":{"rendered":"Balsam do cia\u0142a Aloe Vera 250 ml"},"content":{"rendered":"<p>Balsam do cia\u0142a Kumari wspomaga naturaln\u0105 regeneracj\u0119 sk\u00f3ry. Poprzez <strong>73.2% Procent \u015bwie\u017cego soku ro\u015blinnego z aloesu<\/strong> Balsam zapewnia sk\u00f3rze d\u0142ugotrwa\u0142e nawil\u017cenie. Ochronne, nawil\u017caj\u0105ce dzia\u0142anie aloesu jest wzmocnione przez <strong>Olej jojoba<\/strong>, <strong>Oliwa z oliwek<\/strong> oraz <strong>Mas\u0142o shea<\/strong> Elastyczno\u015b\u0107 i j\u0119drno\u015b\u0107 sk\u00f3ry zostaj\u0105 zachowane. Konsystencja jest bardzo przyjemna. Nawet wra\u017cliwa i spierzchni\u0119ta sk\u00f3ra jest ukojona i znormalizowana, a tak\u017ce mi\u0119kka i od\u015bwie\u017cona.<\/p>\n<p>Ze wzgl\u0119du na wysok\u0105 zawarto\u015b\u0107 \u015bwie\u017cego soku z aloesu, balsam bardzo dobrze sprawdza si\u0119 jako <strong>Balsam po opalaniu<\/strong> odpowiedni.<br \/>\nODPOWIEDNI DLA WSZYSTKICH RODZAJ\u00d3W SK\u00d3RY<\/p>\n<div class=\"container cf\">\n<div id=\"shopify-section-product-template\" class=\"shopify-section section-product-template\">\n<div data-section-type=\"product-template\">\n<div class=\"product-detail spaced-row container\">\n<div class=\"detail product-column-right\">\n<div class=\"product-description user-content\">\n<table width=\"100%\">\n<tbody>\n<tr>\n<td><img decoding=\"async\" src=\"https:\/\/cdn.shopify.com\/s\/files\/1\/0522\/2419\/6782\/files\/cosmosorganic.png?v=1611845672\" alt=\"\" \/><\/td>\n<td><a class=\"image-link\" title=\"Certyfikat wega\u0144ski\" href=\"https:\/\/kumari.at\/pages\/vegan-zertifizierung\" target=\"_blank\" rel=\"noopener noreferrer\"><img decoding=\"async\" src=\"https:\/\/cdn.shopify.com\/s\/files\/1\/0522\/2419\/6782\/files\/vegan.png?v=1611845742\" alt=\"\" \/><\/a><\/td>\n<td><img decoding=\"async\" src=\"https:\/\/cdn.shopify.com\/s\/files\/1\/0522\/2419\/6782\/files\/crueltyfree.png?v=1611845713\" alt=\"\" \/><\/td>\n<td><img decoding=\"async\" src=\"https:\/\/cdn.shopify.com\/s\/files\/1\/0522\/2419\/6782\/files\/100freshaloevera.png?v=1611845765\" alt=\"\" \/><\/td>\n<\/tr>\n<\/tbody>\n<\/table>\n<details open=\"\">\n<summary>SK\u0141ADNIKI WED\u0141UG INCI:<\/summary>\n<div class=\"page\" title=\"Strona 1\">\n<div class=\"section\">\n<div class=\"layoutArea\">\n<div class=\"column\">\n<p>Aloe Barbadensis Leaf (Aloe Vera) Juice* 73.2%, Caprylic\/Capric Triglyceride, Glyceryl Stearate SE, Propanediol, Cetyl Alcohol, Aqua (Water), Isoamyl Laurate, Glycerin, Glyceryl Caprylate, Simmond- sia Chinensis (Jojoba) seed Oil*, Olea Europaea (Olive) Fruit Oil*, Butyrospermum Parkii (Shea) Butter*, Isoamyl Cocoate, Sodium Stearoyl Glutamate, Benzyl Alcohol, p-Anisic Acid, Levulinic acid, Sodium levulinate, Cann- abis Sativa (Hemp) Seed Oil*, Rosa Canina (Rosehip) fruit Oil*, Alaria Esculenta Extract, Benzoic Acid, Parfum (Fragrance), Linalooll.<\/p>\n<\/div>\n<\/div>\n<\/div>\n<\/div>\n<p><em>*z certyfikowanych upraw ekologicznych<\/em><\/p>\n<p>KUMARI-Produkte Vertriebs GmbH \/ Stutterheimstr. 16 \/ 1150 Wiede\u0144 \/ Austria \/ office@kumari.at<\/p>\n<\/details>\n<\/div>\n<\/div>\n<\/div>\n<\/div>\n<\/div>\n<\/div>","protected":false},"excerpt":{"rendered":"<ul>\n<li>Wspomaga naturaln\u0105 regeneracj\u0119 sk\u00f3ry<\/li>\n<li>Od 73.2% \u015awie\u017cy sok ro\u015blinny z aloesu<\/li>\n<li>Zapewnia d\u0142ugotrwa\u0142e nawil\u017cenie<\/li>\n<li>Elastyczno\u015b\u0107 i j\u0119drno\u015b\u0107 sk\u00f3ry<\/li>\n<li>Przyjemna konsystencja<\/li>\n<li>\u0141agodzi wra\u017cliw\u0105 i spierzchni\u0119t\u0105 sk\u00f3r\u0119<\/li>\n<li>Bardzo odpowiedni jako balsam po opalaniu<\/li>\n<\/ul>","protected":false},"featured_media":14982,"template":"","meta":{"_acf_changed":false,"_et_pb_use_builder":"","_et_pb_old_content":"","_et_gb_content_width":""},"product_brand":[],"product_cat":[172],"product_tag":[],"class_list":{"0":"post-14980","1":"product","2":"type-product","3":"status-publish","4":"has-post-thumbnail","6":"product_cat-kosmetik","8":"first","9":"instock","10":"taxable","11":"shipping-taxable","12":"purchasable","13":"product-type-simple"},"acf":[],"yoast_head":"<!-- This site is optimized with the Yoast SEO plugin v26.4 - https:\/\/yoast.com\/wordpress\/plugins\/seo\/ -->\n<title>Aloe Vera Body Lotion 250 ml - Chi statt Botox<\/title>\n<meta name=\"robots\" content=\"index, follow, max-snippet:-1, max-image-preview:large, max-video-preview:-1\" \/>\n<link rel=\"canonical\" href=\"https:\/\/chi-statt-botox.com\/pl\/produkt\/aloe-vera-body-lotion-250-ml\/\" \/>\n<meta property=\"og:locale\" content=\"pl_PL\" \/>\n<meta property=\"og:type\" content=\"article\" \/>\n<meta property=\"og:title\" content=\"Aloe Vera Body Lotion 250 ml - Chi statt Botox\" \/>\n<meta property=\"og:description\" content=\"Unterst\u00fctz die nat\u00fcrliche Regeneration der Haut  Aus 73,2% Aloe Vera Frischpflanzensaft  Spendet langanhaltende Feuchtigkeit  Elastizit\u00e4t und Geschmeidigkeit der Haut  Angenehme Konsistenz  Beruhigt empfindliche und spr\u00f6de Haut  Sehr gut als After-Sun-Lotion geeignet\" \/>\n<meta property=\"og:url\" content=\"https:\/\/chi-statt-botox.com\/pl\/produkt\/aloe-vera-body-lotion-250-ml\/\" \/>\n<meta property=\"og:site_name\" content=\"Chi statt Botox\" \/>\n<meta property=\"article:modified_time\" content=\"2026-04-13T18:55:47+00:00\" \/>\n<meta property=\"og:image\" content=\"https:\/\/chi-statt-botox.com\/wp-content\/uploads\/Kumari-Body-Lotion.jpg\" \/>\n\t<meta property=\"og:image:width\" content=\"1200\" \/>\n\t<meta property=\"og:image:height\" content=\"1200\" \/>\n\t<meta property=\"og:image:type\" content=\"image\/jpeg\" \/>\n<meta name=\"twitter:card\" content=\"summary_large_image\" \/>\n<meta name=\"twitter:label1\" content=\"Szacowany czas czytania\" \/>\n\t<meta name=\"twitter:data1\" content=\"2 minuty\" \/>\n<script type=\"application\/ld+json\" class=\"yoast-schema-graph\">{\"@context\":\"https:\/\/schema.org\",\"@graph\":[{\"@type\":\"WebPage\",\"@id\":\"https:\/\/chi-statt-botox.com\/produkt\/aloe-vera-body-lotion-250-ml\/\",\"url\":\"https:\/\/chi-statt-botox.com\/produkt\/aloe-vera-body-lotion-250-ml\/\",\"name\":\"Aloe Vera Body Lotion 250 ml - Chi statt Botox\",\"isPartOf\":{\"@id\":\"https:\/\/chi-statt-botox.com\/#website\"},\"primaryImageOfPage\":{\"@id\":\"https:\/\/chi-statt-botox.com\/produkt\/aloe-vera-body-lotion-250-ml\/#primaryimage\"},\"image\":{\"@id\":\"https:\/\/chi-statt-botox.com\/produkt\/aloe-vera-body-lotion-250-ml\/#primaryimage\"},\"thumbnailUrl\":\"https:\/\/chi-statt-botox.com\/wp-content\/uploads\/Kumari-Body-Lotion.jpg\",\"datePublished\":\"2022-04-01T14:19:54+00:00\",\"dateModified\":\"2026-04-13T18:55:47+00:00\",\"breadcrumb\":{\"@id\":\"https:\/\/chi-statt-botox.com\/produkt\/aloe-vera-body-lotion-250-ml\/#breadcrumb\"},\"inLanguage\":\"pl-PL\",\"potentialAction\":[{\"@type\":\"ReadAction\",\"target\":[\"https:\/\/chi-statt-botox.com\/produkt\/aloe-vera-body-lotion-250-ml\/\"]}]},{\"@type\":\"ImageObject\",\"inLanguage\":\"pl-PL\",\"@id\":\"https:\/\/chi-statt-botox.com\/produkt\/aloe-vera-body-lotion-250-ml\/#primaryimage\",\"url\":\"https:\/\/chi-statt-botox.com\/wp-content\/uploads\/Kumari-Body-Lotion.jpg\",\"contentUrl\":\"https:\/\/chi-statt-botox.com\/wp-content\/uploads\/Kumari-Body-Lotion.jpg\",\"width\":1200,\"height\":1200},{\"@type\":\"BreadcrumbList\",\"@id\":\"https:\/\/chi-statt-botox.com\/produkt\/aloe-vera-body-lotion-250-ml\/#breadcrumb\",\"itemListElement\":[{\"@type\":\"ListItem\",\"position\":1,\"name\":\"Startseite\",\"item\":\"https:\/\/chi-statt-botox.com\/\"},{\"@type\":\"ListItem\",\"position\":2,\"name\":\"Produkte\",\"item\":\"https:\/\/chi-statt-botox.com\/shop\/\"},{\"@type\":\"ListItem\",\"position\":3,\"name\":\"Aloe Vera Body Lotion 250 ml\"}]},{\"@type\":\"WebSite\",\"@id\":\"https:\/\/chi-statt-botox.com\/#website\",\"url\":\"https:\/\/chi-statt-botox.com\/\",\"name\":\"Chi statt Botox\",\"description\":\"Falten wegzaubern, Haut straffen\",\"potentialAction\":[{\"@type\":\"SearchAction\",\"target\":{\"@type\":\"EntryPoint\",\"urlTemplate\":\"https:\/\/chi-statt-botox.com\/?s={search_term_string}\"},\"query-input\":{\"@type\":\"PropertyValueSpecification\",\"valueRequired\":true,\"valueName\":\"search_term_string\"}}],\"inLanguage\":\"pl-PL\"}]}<\/script>\n<!-- \/ Yoast SEO plugin. -->","yoast_head_json":{"title":"Aloe Vera Body Lotion 250 ml - Chi statt Botox","robots":{"index":"index","follow":"follow","max-snippet":"max-snippet:-1","max-image-preview":"max-image-preview:large","max-video-preview":"max-video-preview:-1"},"canonical":"https:\/\/chi-statt-botox.com\/pl\/produkt\/aloe-vera-body-lotion-250-ml\/","og_locale":"pl_PL","og_type":"article","og_title":"Aloe Vera Body Lotion 250 ml - Chi statt Botox","og_description":"Unterst\u00fctz die nat\u00fcrliche Regeneration der Haut  Aus 73,2% Aloe Vera Frischpflanzensaft  Spendet langanhaltende Feuchtigkeit  Elastizit\u00e4t und Geschmeidigkeit der Haut  Angenehme Konsistenz  Beruhigt empfindliche und spr\u00f6de Haut  Sehr gut als After-Sun-Lotion geeignet","og_url":"https:\/\/chi-statt-botox.com\/pl\/produkt\/aloe-vera-body-lotion-250-ml\/","og_site_name":"Chi statt Botox","article_modified_time":"2026-04-13T18:55:47+00:00","og_image":[{"width":1200,"height":1200,"url":"https:\/\/chi-statt-botox.com\/wp-content\/uploads\/Kumari-Body-Lotion.jpg","type":"image\/jpeg"}],"twitter_card":"summary_large_image","twitter_misc":{"Szacowany czas czytania":"2 minuty"},"schema":{"@context":"https:\/\/schema.org","@graph":[{"@type":"WebPage","@id":"https:\/\/chi-statt-botox.com\/produkt\/aloe-vera-body-lotion-250-ml\/","url":"https:\/\/chi-statt-botox.com\/produkt\/aloe-vera-body-lotion-250-ml\/","name":"Aloe Vera Body Lotion 250 ml - Chi statt Botox","isPartOf":{"@id":"https:\/\/chi-statt-botox.com\/#website"},"primaryImageOfPage":{"@id":"https:\/\/chi-statt-botox.com\/produkt\/aloe-vera-body-lotion-250-ml\/#primaryimage"},"image":{"@id":"https:\/\/chi-statt-botox.com\/produkt\/aloe-vera-body-lotion-250-ml\/#primaryimage"},"thumbnailUrl":"https:\/\/chi-statt-botox.com\/wp-content\/uploads\/Kumari-Body-Lotion.jpg","datePublished":"2022-04-01T14:19:54+00:00","dateModified":"2026-04-13T18:55:47+00:00","breadcrumb":{"@id":"https:\/\/chi-statt-botox.com\/produkt\/aloe-vera-body-lotion-250-ml\/#breadcrumb"},"inLanguage":"pl-PL","potentialAction":[{"@type":"ReadAction","target":["https:\/\/chi-statt-botox.com\/produkt\/aloe-vera-body-lotion-250-ml\/"]}]},{"@type":"ImageObject","inLanguage":"pl-PL","@id":"https:\/\/chi-statt-botox.com\/produkt\/aloe-vera-body-lotion-250-ml\/#primaryimage","url":"https:\/\/chi-statt-botox.com\/wp-content\/uploads\/Kumari-Body-Lotion.jpg","contentUrl":"https:\/\/chi-statt-botox.com\/wp-content\/uploads\/Kumari-Body-Lotion.jpg","width":1200,"height":1200},{"@type":"BreadcrumbList","@id":"https:\/\/chi-statt-botox.com\/produkt\/aloe-vera-body-lotion-250-ml\/#breadcrumb","itemListElement":[{"@type":"ListItem","position":1,"name":"Startseite","item":"https:\/\/chi-statt-botox.com\/"},{"@type":"ListItem","position":2,"name":"Produkte","item":"https:\/\/chi-statt-botox.com\/shop\/"},{"@type":"ListItem","position":3,"name":"Aloe Vera Body Lotion 250 ml"}]},{"@type":"WebSite","@id":"https:\/\/chi-statt-botox.com\/#website","url":"https:\/\/chi-statt-botox.com\/","name":"Chi zamiast botoksu","description":"Usuwa zmarszczki, napina sk\u00f3r\u0119","potentialAction":[{"@type":"SearchAction","target":{"@type":"EntryPoint","urlTemplate":"https:\/\/chi-statt-botox.com\/?s={search_term_string}"},"query-input":{"@type":"PropertyValueSpecification","valueRequired":true,"valueName":"search_term_string"}}],"inLanguage":"pl-PL"}]}},"_links":{"self":[{"href":"https:\/\/chi-statt-botox.com\/pl\/wp-json\/wp\/v2\/product\/14980","targetHints":{"allow":["GET"]}}],"collection":[{"href":"https:\/\/chi-statt-botox.com\/pl\/wp-json\/wp\/v2\/product"}],"about":[{"href":"https:\/\/chi-statt-botox.com\/pl\/wp-json\/wp\/v2\/types\/product"}],"wp:featuredmedia":[{"embeddable":true,"href":"https:\/\/chi-statt-botox.com\/pl\/wp-json\/wp\/v2\/media\/14982"}],"wp:attachment":[{"href":"https:\/\/chi-statt-botox.com\/pl\/wp-json\/wp\/v2\/media?parent=14980"}],"wp:term":[{"taxonomy":"product_brand","embeddable":true,"href":"https:\/\/chi-statt-botox.com\/pl\/wp-json\/wp\/v2\/product_brand?post=14980"},{"taxonomy":"product_cat","embeddable":true,"href":"https:\/\/chi-statt-botox.com\/pl\/wp-json\/wp\/v2\/product_cat?post=14980"},{"taxonomy":"product_tag","embeddable":true,"href":"https:\/\/chi-statt-botox.com\/pl\/wp-json\/wp\/v2\/product_tag?post=14980"}],"curies":[{"name":"wp","href":"https:\/\/api.w.org\/{rel}","templated":true}]}}