{"id":15032,"date":"2022-04-04T10:38:49","date_gmt":"2022-04-04T08:38:49","guid":{"rendered":"https:\/\/chi-statt-botox.com\/?post_type=product&#038;p=15032"},"modified":"2026-04-16T05:34:48","modified_gmt":"2026-04-16T03:34:48","slug":"holz-schaber-2-stueck-vegan","status":"publish","type":"product","link":"https:\/\/chi-statt-botox.com\/pl\/produkt\/holz-schaber-2-stueck-vegan\/","title":{"rendered":"Zestaw 2 drewnianych skrobak\u00f3w wega\u0144skich"},"content":{"rendered":"<p>Edycja limitowana!<\/p>\n<p>Wega\u0144ska alternatywa i dziesi\u0119ciokrotnie d\u0142u\u017csza \u017cywotno\u015b\u0107 w por\u00f3wnaniu do skrobaka rogowego z dodatkowo ulepszon\u0105 konstrukcj\u0105. Produkowana regionalnie z lokalnego drewna bukowego.<\/p>\n<p>Wi\u0119kszo\u015b\u0107 drewnianych skrobak\u00f3w dost\u0119pnych na rynku ma podobnie grube kraw\u0119dzie jak skrobaki kamienne. Nadaj\u0105 si\u0119 one co najwy\u017cej do drena\u017cu limfatycznego twarzy, ale s\u0105 zbyt szerokie, aby wnikn\u0105\u0107 g\u0142\u0119boko w mi\u0119\u015bnie, a tym samym umo\u017cliwi\u0107 skuteczny masa\u017c przeciwstarzeniowy.<\/p>\n<p>Osobi\u015bcie monitorujemy produkcj\u0119 naszych drewnianych skrobak\u00f3w, aby upewni\u0107 si\u0119, \u017ce ich kraw\u0119dzie nie s\u0105 w \u017caden spos\u00f3b gorsze od kraw\u0119dzi skrobak\u00f3w rogowych. Oznacza to, \u017ce skuteczny masa\u017c przeciwzmarszczkowy \u00e1 la Chi zamiast botoksu jest r\u00f3wnie\u017c mo\u017cliwy przy u\u017cyciu wega\u0144skich skrobak\u00f3w!<\/p>\n<p><strong>Aplikacja wideo <\/strong>(wystarczy klikn\u0105\u0107):<br \/>\n<strong><a href=\"https:\/\/www.youtube.com\/watch?v=YApCTOUNlhM&amp;t=468s\" target=\"_blank\" rel=\"noopener\">\"Prosty masa\u017c przeciw zmarszczkom, obrz\u0119kom, sucho\u015bci, zimnu d\u0142oni\"<\/a><br \/>\n<a href=\"https:\/\/www.youtube.com\/watch?v=Ib7eKgIB01c\" target=\"_blank\" rel=\"noopener\">\"Kt\u00f3re kubki, kt\u00f3re skrobaki?\"<\/a><\/strong><\/p>\n<p>&nbsp;<\/p>\n<p>Chi statt Botox GmbH \/ Bauernstra\u00dfe 1 WDZ 9 \/ 4600 Wels \/ Austria \/ shop@chi-statt-botox.com<\/p>","protected":false},"excerpt":{"rendered":"<ul>\n<li>Wytrzyma\u0142y skrobak Gua Sha<\/li>\n<li>Wykonane z lokalnego drewna bukowego<\/li>\n<li>Produkowane regionalnie<\/li>\n<li>Ulepszona konstrukcja<\/li>\n<\/ul>\n<p>&nbsp;<\/p>","protected":false},"featured_media":30138,"template":"","meta":{"_acf_changed":false,"_et_pb_use_builder":"","_et_pb_old_content":"","_et_gb_content_width":""},"product_brand":[],"product_cat":[176],"product_tag":[],"class_list":{"0":"post-15032","1":"product","2":"type-product","3":"status-publish","4":"has-post-thumbnail","6":"product_cat-face-yoga-massagen","8":"first","9":"instock","10":"taxable","11":"shipping-taxable","12":"purchasable","13":"product-type-simple"},"acf":[],"yoast_head":"<!-- This site is optimized with the Yoast SEO plugin v26.4 - https:\/\/yoast.com\/wordpress\/plugins\/seo\/ -->\n<title>Vegane Holz Schaber 2er Set - Chi statt Botox<\/title>\n<meta name=\"robots\" content=\"index, follow, max-snippet:-1, max-image-preview:large, max-video-preview:-1\" \/>\n<link rel=\"canonical\" href=\"https:\/\/chi-statt-botox.com\/pl\/produkt\/holz-schaber-2-stueck-vegan\/\" \/>\n<meta property=\"og:locale\" content=\"pl_PL\" \/>\n<meta property=\"og:type\" content=\"article\" \/>\n<meta property=\"og:title\" content=\"Vegane Holz Schaber 2er Set - Chi statt Botox\" \/>\n<meta property=\"og:description\" content=\"Langlebige Gua Sha Schaber  Aus heimischem Buchenholz  Regional hergestellt  Verbessertes Design  &nbsp;\" \/>\n<meta property=\"og:url\" content=\"https:\/\/chi-statt-botox.com\/pl\/produkt\/holz-schaber-2-stueck-vegan\/\" \/>\n<meta property=\"og:site_name\" content=\"Chi statt Botox\" \/>\n<meta property=\"article:modified_time\" content=\"2026-04-16T03:34:48+00:00\" \/>\n<meta property=\"og:image\" content=\"https:\/\/chi-statt-botox.com\/wp-content\/uploads\/Holz-Schaber_01.jpg\" \/>\n\t<meta property=\"og:image:width\" content=\"1920\" \/>\n\t<meta property=\"og:image:height\" content=\"1920\" \/>\n\t<meta property=\"og:image:type\" content=\"image\/jpeg\" \/>\n<meta name=\"twitter:card\" content=\"summary_large_image\" \/>\n<meta name=\"twitter:label1\" content=\"Szacowany czas czytania\" \/>\n\t<meta name=\"twitter:data1\" content=\"1 minuta\" \/>\n<script type=\"application\/ld+json\" class=\"yoast-schema-graph\">{\"@context\":\"https:\/\/schema.org\",\"@graph\":[{\"@type\":\"WebPage\",\"@id\":\"https:\/\/chi-statt-botox.com\/produkt\/holz-schaber-2-stueck-vegan\/\",\"url\":\"https:\/\/chi-statt-botox.com\/produkt\/holz-schaber-2-stueck-vegan\/\",\"name\":\"Vegane Holz Schaber 2er Set - Chi statt Botox\",\"isPartOf\":{\"@id\":\"https:\/\/chi-statt-botox.com\/#website\"},\"primaryImageOfPage\":{\"@id\":\"https:\/\/chi-statt-botox.com\/produkt\/holz-schaber-2-stueck-vegan\/#primaryimage\"},\"image\":{\"@id\":\"https:\/\/chi-statt-botox.com\/produkt\/holz-schaber-2-stueck-vegan\/#primaryimage\"},\"thumbnailUrl\":\"https:\/\/chi-statt-botox.com\/wp-content\/uploads\/Holz-Schaber_01.jpg\",\"datePublished\":\"2022-04-04T08:38:49+00:00\",\"dateModified\":\"2026-04-16T03:34:48+00:00\",\"breadcrumb\":{\"@id\":\"https:\/\/chi-statt-botox.com\/produkt\/holz-schaber-2-stueck-vegan\/#breadcrumb\"},\"inLanguage\":\"pl-PL\",\"potentialAction\":[{\"@type\":\"ReadAction\",\"target\":[\"https:\/\/chi-statt-botox.com\/produkt\/holz-schaber-2-stueck-vegan\/\"]}]},{\"@type\":\"ImageObject\",\"inLanguage\":\"pl-PL\",\"@id\":\"https:\/\/chi-statt-botox.com\/produkt\/holz-schaber-2-stueck-vegan\/#primaryimage\",\"url\":\"https:\/\/chi-statt-botox.com\/wp-content\/uploads\/Holz-Schaber_01.jpg\",\"contentUrl\":\"https:\/\/chi-statt-botox.com\/wp-content\/uploads\/Holz-Schaber_01.jpg\",\"width\":1920,\"height\":1920},{\"@type\":\"BreadcrumbList\",\"@id\":\"https:\/\/chi-statt-botox.com\/produkt\/holz-schaber-2-stueck-vegan\/#breadcrumb\",\"itemListElement\":[{\"@type\":\"ListItem\",\"position\":1,\"name\":\"Startseite\",\"item\":\"https:\/\/chi-statt-botox.com\/\"},{\"@type\":\"ListItem\",\"position\":2,\"name\":\"Produkte\",\"item\":\"https:\/\/chi-statt-botox.com\/shop\/\"},{\"@type\":\"ListItem\",\"position\":3,\"name\":\"Vegane Holz Schaber 2er Set\"}]},{\"@type\":\"WebSite\",\"@id\":\"https:\/\/chi-statt-botox.com\/#website\",\"url\":\"https:\/\/chi-statt-botox.com\/\",\"name\":\"Chi statt Botox\",\"description\":\"Falten wegzaubern, Haut straffen\",\"potentialAction\":[{\"@type\":\"SearchAction\",\"target\":{\"@type\":\"EntryPoint\",\"urlTemplate\":\"https:\/\/chi-statt-botox.com\/?s={search_term_string}\"},\"query-input\":{\"@type\":\"PropertyValueSpecification\",\"valueRequired\":true,\"valueName\":\"search_term_string\"}}],\"inLanguage\":\"pl-PL\"}]}<\/script>\n<!-- \/ Yoast SEO plugin. -->","yoast_head_json":{"title":"Wega\u0144ski zestaw 2 drewnianych skrobaczek - Chi zamiast botoksu","robots":{"index":"index","follow":"follow","max-snippet":"max-snippet:-1","max-image-preview":"max-image-preview:large","max-video-preview":"max-video-preview:-1"},"canonical":"https:\/\/chi-statt-botox.com\/pl\/produkt\/holz-schaber-2-stueck-vegan\/","og_locale":"pl_PL","og_type":"article","og_title":"Vegane Holz Schaber 2er Set - Chi statt Botox","og_description":"Langlebige Gua Sha Schaber  Aus heimischem Buchenholz  Regional hergestellt  Verbessertes Design  &nbsp;","og_url":"https:\/\/chi-statt-botox.com\/pl\/produkt\/holz-schaber-2-stueck-vegan\/","og_site_name":"Chi statt Botox","article_modified_time":"2026-04-16T03:34:48+00:00","og_image":[{"width":1920,"height":1920,"url":"https:\/\/chi-statt-botox.com\/wp-content\/uploads\/Holz-Schaber_01.jpg","type":"image\/jpeg"}],"twitter_card":"summary_large_image","twitter_misc":{"Szacowany czas czytania":"1 minuta"},"schema":{"@context":"https:\/\/schema.org","@graph":[{"@type":"WebPage","@id":"https:\/\/chi-statt-botox.com\/produkt\/holz-schaber-2-stueck-vegan\/","url":"https:\/\/chi-statt-botox.com\/produkt\/holz-schaber-2-stueck-vegan\/","name":"Wega\u0144ski zestaw 2 drewnianych skrobaczek - Chi zamiast botoksu","isPartOf":{"@id":"https:\/\/chi-statt-botox.com\/#website"},"primaryImageOfPage":{"@id":"https:\/\/chi-statt-botox.com\/produkt\/holz-schaber-2-stueck-vegan\/#primaryimage"},"image":{"@id":"https:\/\/chi-statt-botox.com\/produkt\/holz-schaber-2-stueck-vegan\/#primaryimage"},"thumbnailUrl":"https:\/\/chi-statt-botox.com\/wp-content\/uploads\/Holz-Schaber_01.jpg","datePublished":"2022-04-04T08:38:49+00:00","dateModified":"2026-04-16T03:34:48+00:00","breadcrumb":{"@id":"https:\/\/chi-statt-botox.com\/produkt\/holz-schaber-2-stueck-vegan\/#breadcrumb"},"inLanguage":"pl-PL","potentialAction":[{"@type":"ReadAction","target":["https:\/\/chi-statt-botox.com\/produkt\/holz-schaber-2-stueck-vegan\/"]}]},{"@type":"ImageObject","inLanguage":"pl-PL","@id":"https:\/\/chi-statt-botox.com\/produkt\/holz-schaber-2-stueck-vegan\/#primaryimage","url":"https:\/\/chi-statt-botox.com\/wp-content\/uploads\/Holz-Schaber_01.jpg","contentUrl":"https:\/\/chi-statt-botox.com\/wp-content\/uploads\/Holz-Schaber_01.jpg","width":1920,"height":1920},{"@type":"BreadcrumbList","@id":"https:\/\/chi-statt-botox.com\/produkt\/holz-schaber-2-stueck-vegan\/#breadcrumb","itemListElement":[{"@type":"ListItem","position":1,"name":"Startseite","item":"https:\/\/chi-statt-botox.com\/"},{"@type":"ListItem","position":2,"name":"Produkte","item":"https:\/\/chi-statt-botox.com\/shop\/"},{"@type":"ListItem","position":3,"name":"Vegane Holz Schaber 2er Set"}]},{"@type":"WebSite","@id":"https:\/\/chi-statt-botox.com\/#website","url":"https:\/\/chi-statt-botox.com\/","name":"Chi zamiast botoksu","description":"Usuwa zmarszczki, napina sk\u00f3r\u0119","potentialAction":[{"@type":"SearchAction","target":{"@type":"EntryPoint","urlTemplate":"https:\/\/chi-statt-botox.com\/?s={search_term_string}"},"query-input":{"@type":"PropertyValueSpecification","valueRequired":true,"valueName":"search_term_string"}}],"inLanguage":"pl-PL"}]}},"_links":{"self":[{"href":"https:\/\/chi-statt-botox.com\/pl\/wp-json\/wp\/v2\/product\/15032","targetHints":{"allow":["GET"]}}],"collection":[{"href":"https:\/\/chi-statt-botox.com\/pl\/wp-json\/wp\/v2\/product"}],"about":[{"href":"https:\/\/chi-statt-botox.com\/pl\/wp-json\/wp\/v2\/types\/product"}],"wp:featuredmedia":[{"embeddable":true,"href":"https:\/\/chi-statt-botox.com\/pl\/wp-json\/wp\/v2\/media\/30138"}],"wp:attachment":[{"href":"https:\/\/chi-statt-botox.com\/pl\/wp-json\/wp\/v2\/media?parent=15032"}],"wp:term":[{"taxonomy":"product_brand","embeddable":true,"href":"https:\/\/chi-statt-botox.com\/pl\/wp-json\/wp\/v2\/product_brand?post=15032"},{"taxonomy":"product_cat","embeddable":true,"href":"https:\/\/chi-statt-botox.com\/pl\/wp-json\/wp\/v2\/product_cat?post=15032"},{"taxonomy":"product_tag","embeddable":true,"href":"https:\/\/chi-statt-botox.com\/pl\/wp-json\/wp\/v2\/product_tag?post=15032"}],"curies":[{"name":"wp","href":"https:\/\/api.w.org\/{rel}","templated":true}]}}