{"id":15781,"date":"2022-05-06T11:09:27","date_gmt":"2022-05-06T09:09:27","guid":{"rendered":"https:\/\/chi-statt-botox.com\/?post_type=product&#038;p=15781"},"modified":"2026-04-15T07:19:56","modified_gmt":"2026-04-15T05:19:56","slug":"verjuengendes-reinigungsoel","status":"publish","type":"product","link":"https:\/\/chi-statt-botox.com\/pl\/produkt\/verjuengendes-reinigungsoel\/","title":{"rendered":"Odm\u0142adzaj\u0105cy olejek oczyszczaj\u0105cy"},"content":{"rendered":"<p>Wysokiej jako\u015bci olejek oczyszczaj\u0105cy 100 ml. Oczyszcza sk\u00f3r\u0119 <strong>dok\u0142adny<\/strong> bez wysuszania: wzoruj\u0105c si\u0119 na modelu azjatyckim, stworzyli\u015bmy ten olejek oczyszczaj\u0105cy z naturalnych sk\u0142adnik\u00f3w aktywnych 100% we wsp\u00f3\u0142pracy z firm\u0105 Hebeso. Olejek z pestek winogron, olejek rycynowy, olejek z opuncji figowej, olejek arganowy i olejek z kie\u0142k\u00f3w ry\u017cu, kt\u00f3ry jest popularny w Japonii, \u0142\u0105cz\u0105 si\u0119, aby zapewni\u0107 dok\u0142adne oczyszczanie, kt\u00f3re r\u00f3wnie\u017c usuwa sebum z por\u00f3w i uwalnia sk\u00f3r\u0119 od pozosta\u0142o\u015bci makija\u017cu i brudu dnia. \u0141atwo si\u0119 rozprowadza, dobrze sp\u0142ukuje i nie pozostawia t\u0142ustej warstwy. Nadaje si\u0119 do <strong>ka\u017cdy rodzaj sk\u00f3ry<\/strong> Odpowiedni dla sk\u00f3ry t\u0142ustej, kt\u00f3ra produkuje zbyt du\u017co sebum. Nasz olejek jest w stanie rozpu\u015bci\u0107 to sebum i pozby\u0107 si\u0119 ze sk\u00f3ry bakterii, kt\u00f3rych jest siedliskiem. Mo\u017cesz wi\u0119c <strong>Zapobieganie wypryskom i du\u017cym porom<\/strong>. Sk\u00f3ra mo\u017ce wtedy znacznie lepiej wch\u0142ania\u0107 produkty piel\u0119gnacyjne.<\/p>\n<p><strong>Sk\u0142adniki:<\/strong><\/p>\n<ul>\n<li><strong>Olej z pestek winogron<\/strong> ma silne dzia\u0142anie antyoksydacyjne i op\u00f3\u017ania starzenie si\u0119 sk\u00f3ry. Dzia\u0142a przeciwzapalnie i goj\u0105co, napina sk\u00f3r\u0119 i tkank\u0119 \u0142\u0105czn\u0105 oraz wzmacnia naczynia krwiono\u015bne.<\/li>\n<li><strong>Olej rycynowy<\/strong> jest wszechstronny, je\u015bli chodzi o problemy sk\u00f3rne i jest klasycznym sk\u0142adnikiem olejk\u00f3w oczyszczaj\u0105cych. Jest w stanie przenikn\u0105\u0107 do g\u0142\u0119bszych obszar\u00f3w sk\u00f3ry i jednocze\u015bnie budowa\u0107 zdrow\u0105 ochron\u0119 sk\u00f3ry. Nadaje sk\u00f3rze wi\u0119ksz\u0105 elastyczno\u015b\u0107 i wspiera j\u0105 w walce z zanieczyszczeniami i plamami starczymi. Stymuluje produkcj\u0119 kolagenu, dzia\u0142a przeciwzapalnie i antybakteryjnie.<\/li>\n<li><strong>Olej z opuncji figowej<\/strong> jest cz\u0119sto okre\u015blany jako najlepszy olejek przeciwstarzeniowy. Mo\u017ce wyra\u017anie poprawi\u0107 struktur\u0119 sk\u00f3ry w d\u0142u\u017cszej perspektywie, czyni\u0105c j\u0105 g\u0142adk\u0105 i elastyczn\u0105. Wspomaga odnow\u0119 kom\u00f3rkow\u0105 i wzmacnia barier\u0119 lipidow\u0105 sk\u00f3ry. Olejek z opuncji figowej \u0142agodzi podra\u017cnienia, wspomaga kr\u0105\u017cenie krwi i intensywnie nawil\u017ca.<\/li>\n<li><strong>Olej z kie\u0142k\u00f3w ry\u017cu<\/strong> to produkt kosmetyczny o d\u0142ugiej tradycji, szczeg\u00f3lnie w Japonii. Sprawia, \u017ce sk\u00f3ra staje si\u0119 mi\u0119kka i nawil\u017cona, zw\u0142aszcza sk\u00f3ra sucha i dojrza\u0142a. Dzia\u0142a przeciw\u015bwi\u0105dowo i przeciwzapalnie oraz wspomaga odnow\u0119 kom\u00f3rek.<\/li>\n<li><strong>Olej arganowy<\/strong> ma dzia\u0142anie napinaj\u0105ce, nawil\u017caj\u0105ce i regeneruj\u0105ce sk\u00f3r\u0119. Wspomaga kr\u0105\u017cenie krwi i regeneracj\u0119 sk\u00f3ry.<\/li>\n<li><strong>Witamina E<\/strong> jest bardzo wa\u017cny dla sk\u00f3ry, poniewa\u017c wzmacnia jej barier\u0119 ochronn\u0105 i chroni j\u0105 przed uszkodzeniami spowodowanymi przez wolne rodniki. Jest w stanie nawil\u017cy\u0107 warstw\u0119 rogow\u0105 nask\u00f3rka, dzi\u0119ki czemu sk\u00f3ra mo\u017ce zatrzyma\u0107 wi\u0119cej wilgoci w d\u0142u\u017cszej perspektywie.<\/li>\n<li><strong>Emulgatory pochodzenia naturalnego<\/strong> Upewnij si\u0119, \u017ce olej dobrze si\u0119 rozprowadza i \u0142atwo zmywa.<\/li>\n<li>Lekki cytrusowy zapach<\/li>\n<\/ul>\n<div><\/div>\n<div>INCI: olej z nasion vitis vinifera, kaprylan\/kaprylan kokosowy, olej z otr\u0119b\u00f3w oryza satva (ry\u017cowych), olej z nasion ricinus communis, kaprylan poliglicerolu-4, gliceryna*, octan tokoferylu, olej z nasion opuntia ficus indica, olej z nasion argania spinosa, aromat*, limonen**.<\/div>\n<div>*pochodzenia ro\u015blinnego **sk\u0142adnik kompozycji zapachowej (&lt;0,1%)<\/div>\n<div><\/div>\n<div>MRS DYSTRYBUJCA SP\u00d3\u0141KA Z ORGANICZONA ODPOWIEDZIALNOSCIA \/ Prezydenta Lecha Kaczynskiego 20 \/ 80-365 Gdansk \/ Poland \/ office@nutrivelabs.com<\/div>","protected":false},"excerpt":{"rendered":"<ul>\n<li>Dok\u0142adnie oczyszcza sk\u00f3r\u0119, nie wysuszaj\u0105c jej.<\/li>\n<li>z 5 cennymi olejkami i witamin\u0105 E<\/li>\n<li>Odpowiedni dla wszystkich rodzaj\u00f3w sk\u00f3ry<\/li>\n<li>Zapobiega zanieczyszczeniom i du\u017cym porom<\/li>\n<li>\u0141atwo si\u0119 rozprowadza i sp\u0142ukuje<\/li>\n<li>Wspiera procesy przeciwstarzeniowe<\/li>\n<li>Zainspirowany azjatyck\u0105 piel\u0119gnacj\u0105 sk\u00f3ry<\/li>\n<\/ul>","protected":false},"featured_media":19657,"template":"","meta":{"_acf_changed":false,"_et_pb_use_builder":"","_et_pb_old_content":"","_et_gb_content_width":""},"product_brand":[],"product_cat":[174],"product_tag":[168],"class_list":{"0":"post-15781","1":"product","2":"type-product","3":"status-publish","4":"has-post-thumbnail","6":"product_cat-oele","7":"product_tag-anwendung","9":"first","10":"instock","11":"taxable","12":"shipping-taxable","13":"purchasable","14":"product-type-simple"},"acf":[],"yoast_head":"<!-- This site is optimized with the Yoast SEO plugin v26.4 - https:\/\/yoast.com\/wordpress\/plugins\/seo\/ -->\n<title>Verj\u00fcngendes Reinigungs\u00f6l - Chi statt Botox<\/title>\n<meta name=\"robots\" content=\"index, follow, max-snippet:-1, max-image-preview:large, max-video-preview:-1\" \/>\n<link rel=\"canonical\" href=\"https:\/\/chi-statt-botox.com\/pl\/produkt\/verjuengendes-reinigungsoel\/\" \/>\n<meta property=\"og:locale\" content=\"pl_PL\" \/>\n<meta property=\"og:type\" content=\"article\" \/>\n<meta property=\"og:title\" content=\"Verj\u00fcngendes Reinigungs\u00f6l - Chi statt Botox\" \/>\n<meta property=\"og:description\" content=\"reinigt die Haut gr\u00fcndlich ohne auszutrocknen  mit 5 wertvollen \u00d6len und Vitamin E  f\u00fcr jeden Hauttyp geeignet  beugt Unreinheiten und gro\u00dfen Poren vor  l\u00e4sst sich gut verteilen und aussp\u00fclen  unterst\u00fctzt Anti-Aging-Prozesse  von asiatischer Hautpflege inspiriert\" \/>\n<meta property=\"og:url\" content=\"https:\/\/chi-statt-botox.com\/pl\/produkt\/verjuengendes-reinigungsoel\/\" \/>\n<meta property=\"og:site_name\" content=\"Chi statt Botox\" \/>\n<meta property=\"article:modified_time\" content=\"2026-04-15T05:19:56+00:00\" \/>\n<meta property=\"og:image\" content=\"https:\/\/chi-statt-botox.com\/wp-content\/uploads\/Reinigungsol-100ml-1.jpg\" \/>\n\t<meta property=\"og:image:width\" content=\"1080\" \/>\n\t<meta property=\"og:image:height\" content=\"1080\" \/>\n\t<meta property=\"og:image:type\" content=\"image\/jpeg\" \/>\n<meta name=\"twitter:card\" content=\"summary_large_image\" \/>\n<meta name=\"twitter:label1\" content=\"Szacowany czas czytania\" \/>\n\t<meta name=\"twitter:data1\" content=\"3 minuty\" \/>\n<script type=\"application\/ld+json\" class=\"yoast-schema-graph\">{\"@context\":\"https:\/\/schema.org\",\"@graph\":[{\"@type\":\"WebPage\",\"@id\":\"https:\/\/chi-statt-botox.com\/produkt\/verjuengendes-reinigungsoel\/\",\"url\":\"https:\/\/chi-statt-botox.com\/produkt\/verjuengendes-reinigungsoel\/\",\"name\":\"Verj\u00fcngendes Reinigungs\u00f6l - Chi statt Botox\",\"isPartOf\":{\"@id\":\"https:\/\/chi-statt-botox.com\/#website\"},\"primaryImageOfPage\":{\"@id\":\"https:\/\/chi-statt-botox.com\/produkt\/verjuengendes-reinigungsoel\/#primaryimage\"},\"image\":{\"@id\":\"https:\/\/chi-statt-botox.com\/produkt\/verjuengendes-reinigungsoel\/#primaryimage\"},\"thumbnailUrl\":\"https:\/\/chi-statt-botox.com\/wp-content\/uploads\/Reinigungsol-100ml-1.jpg\",\"datePublished\":\"2022-05-06T09:09:27+00:00\",\"dateModified\":\"2026-04-15T05:19:56+00:00\",\"breadcrumb\":{\"@id\":\"https:\/\/chi-statt-botox.com\/produkt\/verjuengendes-reinigungsoel\/#breadcrumb\"},\"inLanguage\":\"pl-PL\",\"potentialAction\":[{\"@type\":\"ReadAction\",\"target\":[\"https:\/\/chi-statt-botox.com\/produkt\/verjuengendes-reinigungsoel\/\"]}]},{\"@type\":\"ImageObject\",\"inLanguage\":\"pl-PL\",\"@id\":\"https:\/\/chi-statt-botox.com\/produkt\/verjuengendes-reinigungsoel\/#primaryimage\",\"url\":\"https:\/\/chi-statt-botox.com\/wp-content\/uploads\/Reinigungsol-100ml-1.jpg\",\"contentUrl\":\"https:\/\/chi-statt-botox.com\/wp-content\/uploads\/Reinigungsol-100ml-1.jpg\",\"width\":1080,\"height\":1080},{\"@type\":\"BreadcrumbList\",\"@id\":\"https:\/\/chi-statt-botox.com\/produkt\/verjuengendes-reinigungsoel\/#breadcrumb\",\"itemListElement\":[{\"@type\":\"ListItem\",\"position\":1,\"name\":\"Startseite\",\"item\":\"https:\/\/chi-statt-botox.com\/\"},{\"@type\":\"ListItem\",\"position\":2,\"name\":\"Produkte\",\"item\":\"https:\/\/chi-statt-botox.com\/shop\/\"},{\"@type\":\"ListItem\",\"position\":3,\"name\":\"Verj\u00fcngendes Reinigungs\u00f6l\"}]},{\"@type\":\"WebSite\",\"@id\":\"https:\/\/chi-statt-botox.com\/#website\",\"url\":\"https:\/\/chi-statt-botox.com\/\",\"name\":\"Chi statt Botox\",\"description\":\"Falten wegzaubern, Haut straffen\",\"potentialAction\":[{\"@type\":\"SearchAction\",\"target\":{\"@type\":\"EntryPoint\",\"urlTemplate\":\"https:\/\/chi-statt-botox.com\/?s={search_term_string}\"},\"query-input\":{\"@type\":\"PropertyValueSpecification\",\"valueRequired\":true,\"valueName\":\"search_term_string\"}}],\"inLanguage\":\"pl-PL\"}]}<\/script>\n<!-- \/ Yoast SEO plugin. -->","yoast_head_json":{"title":"Verj\u00fcngendes Reinigungs\u00f6l - Chi statt Botox","robots":{"index":"index","follow":"follow","max-snippet":"max-snippet:-1","max-image-preview":"max-image-preview:large","max-video-preview":"max-video-preview:-1"},"canonical":"https:\/\/chi-statt-botox.com\/pl\/produkt\/verjuengendes-reinigungsoel\/","og_locale":"pl_PL","og_type":"article","og_title":"Verj\u00fcngendes Reinigungs\u00f6l - Chi statt Botox","og_description":"reinigt die Haut gr\u00fcndlich ohne auszutrocknen  mit 5 wertvollen \u00d6len und Vitamin E  f\u00fcr jeden Hauttyp geeignet  beugt Unreinheiten und gro\u00dfen Poren vor  l\u00e4sst sich gut verteilen und aussp\u00fclen  unterst\u00fctzt Anti-Aging-Prozesse  von asiatischer Hautpflege inspiriert","og_url":"https:\/\/chi-statt-botox.com\/pl\/produkt\/verjuengendes-reinigungsoel\/","og_site_name":"Chi statt Botox","article_modified_time":"2026-04-15T05:19:56+00:00","og_image":[{"width":1080,"height":1080,"url":"https:\/\/chi-statt-botox.com\/wp-content\/uploads\/Reinigungsol-100ml-1.jpg","type":"image\/jpeg"}],"twitter_card":"summary_large_image","twitter_misc":{"Szacowany czas czytania":"3 minuty"},"schema":{"@context":"https:\/\/schema.org","@graph":[{"@type":"WebPage","@id":"https:\/\/chi-statt-botox.com\/produkt\/verjuengendes-reinigungsoel\/","url":"https:\/\/chi-statt-botox.com\/produkt\/verjuengendes-reinigungsoel\/","name":"Verj\u00fcngendes Reinigungs\u00f6l - Chi statt Botox","isPartOf":{"@id":"https:\/\/chi-statt-botox.com\/#website"},"primaryImageOfPage":{"@id":"https:\/\/chi-statt-botox.com\/produkt\/verjuengendes-reinigungsoel\/#primaryimage"},"image":{"@id":"https:\/\/chi-statt-botox.com\/produkt\/verjuengendes-reinigungsoel\/#primaryimage"},"thumbnailUrl":"https:\/\/chi-statt-botox.com\/wp-content\/uploads\/Reinigungsol-100ml-1.jpg","datePublished":"2022-05-06T09:09:27+00:00","dateModified":"2026-04-15T05:19:56+00:00","breadcrumb":{"@id":"https:\/\/chi-statt-botox.com\/produkt\/verjuengendes-reinigungsoel\/#breadcrumb"},"inLanguage":"pl-PL","potentialAction":[{"@type":"ReadAction","target":["https:\/\/chi-statt-botox.com\/produkt\/verjuengendes-reinigungsoel\/"]}]},{"@type":"ImageObject","inLanguage":"pl-PL","@id":"https:\/\/chi-statt-botox.com\/produkt\/verjuengendes-reinigungsoel\/#primaryimage","url":"https:\/\/chi-statt-botox.com\/wp-content\/uploads\/Reinigungsol-100ml-1.jpg","contentUrl":"https:\/\/chi-statt-botox.com\/wp-content\/uploads\/Reinigungsol-100ml-1.jpg","width":1080,"height":1080},{"@type":"BreadcrumbList","@id":"https:\/\/chi-statt-botox.com\/produkt\/verjuengendes-reinigungsoel\/#breadcrumb","itemListElement":[{"@type":"ListItem","position":1,"name":"Startseite","item":"https:\/\/chi-statt-botox.com\/"},{"@type":"ListItem","position":2,"name":"Produkte","item":"https:\/\/chi-statt-botox.com\/shop\/"},{"@type":"ListItem","position":3,"name":"Verj\u00fcngendes Reinigungs\u00f6l"}]},{"@type":"WebSite","@id":"https:\/\/chi-statt-botox.com\/#website","url":"https:\/\/chi-statt-botox.com\/","name":"Chi zamiast botoksu","description":"Usuwa zmarszczki, napina sk\u00f3r\u0119","potentialAction":[{"@type":"SearchAction","target":{"@type":"EntryPoint","urlTemplate":"https:\/\/chi-statt-botox.com\/?s={search_term_string}"},"query-input":{"@type":"PropertyValueSpecification","valueRequired":true,"valueName":"search_term_string"}}],"inLanguage":"pl-PL"}]}},"_links":{"self":[{"href":"https:\/\/chi-statt-botox.com\/pl\/wp-json\/wp\/v2\/product\/15781","targetHints":{"allow":["GET"]}}],"collection":[{"href":"https:\/\/chi-statt-botox.com\/pl\/wp-json\/wp\/v2\/product"}],"about":[{"href":"https:\/\/chi-statt-botox.com\/pl\/wp-json\/wp\/v2\/types\/product"}],"wp:featuredmedia":[{"embeddable":true,"href":"https:\/\/chi-statt-botox.com\/pl\/wp-json\/wp\/v2\/media\/19657"}],"wp:attachment":[{"href":"https:\/\/chi-statt-botox.com\/pl\/wp-json\/wp\/v2\/media?parent=15781"}],"wp:term":[{"taxonomy":"product_brand","embeddable":true,"href":"https:\/\/chi-statt-botox.com\/pl\/wp-json\/wp\/v2\/product_brand?post=15781"},{"taxonomy":"product_cat","embeddable":true,"href":"https:\/\/chi-statt-botox.com\/pl\/wp-json\/wp\/v2\/product_cat?post=15781"},{"taxonomy":"product_tag","embeddable":true,"href":"https:\/\/chi-statt-botox.com\/pl\/wp-json\/wp\/v2\/product_tag?post=15781"}],"curies":[{"name":"wp","href":"https:\/\/api.w.org\/{rel}","templated":true}]}}