{"id":17825,"date":"2022-08-08T14:44:59","date_gmt":"2022-08-08T12:44:59","guid":{"rendered":"https:\/\/chi-statt-botox.com\/?post_type=product&#038;p=17825"},"modified":"2026-04-23T15:31:49","modified_gmt":"2026-04-23T13:31:49","slug":"bio-vitalkaffee-10-cups-mit-reishi-und-mandelpilz","status":"publish","type":"product","link":"https:\/\/chi-statt-botox.com\/pl\/produkt\/bio-vitalkaffee-10-cups-mit-reishi-und-mandelpilz\/","title":{"rendered":"10 fili\u017canek organicznej kawy witalnej (z grzybami reishi i migda\u0142ami)"},"content":{"rendered":"<p style=\"font-weight: 400;\">The <strong>VITA1001 - Organiczna kawa witalna<\/strong> w a\u00a0<strong>100% kompostowalna kapsu\u0142ka do espresso z w\u0142\u00f3kna drzewnego<\/strong>.<\/p>\n<p style=\"font-weight: 400;\"><strong>100% najlepsza kawa Arabica z wy\u017cyn.<\/strong> Fasola jest uprawiana w Ameryce \u015arodkowej w kontrolowanych warunkach. <strong>biologiczny<\/strong> rolnictwo. Ponadto kawa <strong>Grzyby Reishi i grzyby migda\u0142owe<\/strong> dodano. Grzyby lecznicze s\u0105 znane od tysi\u0119cy lat w tradycyjnej medycynie chi\u0144skiej ze swoich pozytywnych efekt\u00f3w. Te stosowane w kawie <strong>certyfikowany organiczny<\/strong> <strong>Grzyby<\/strong> pochodz\u0105 z <strong>Tyrol w Austrii<\/strong>.<\/p>\n<ul>\n<li>O\u017cywczy dzi\u0119ki domieszce <strong>2 grzyby lecznicze<\/strong><\/li>\n<li>Wspiera og\u00f3lne samopoczucie<\/li>\n<li>Alkaliczne i <strong>Niska zawarto\u015b\u0107 kwasu<\/strong><\/li>\n<li>Idealny w przypadku nietolerancji kawy<\/li>\n<li>Idealny do postu alkalicznego<\/li>\n<li><strong>Delikatnie pra\u017cone<\/strong> i pakowana w Austrii (palona przez 20 minut w temperaturze 200\u00b0 - dost\u0119pna na rynku kawa jest palona przez 2 minuty w temperaturze 600\u00b0)<\/li>\n<li><strong>Niska zawarto\u015b\u0107 akrylamidu<\/strong> tylko 140 g\/kg<\/li>\n<\/ul>\n<p><strong>Por\u00f3wnanie kawy komercyjnej i kawy witalnej z perspektywy tradycyjnej medycyny chi\u0144skiej:<\/strong><\/p>\n<p><strong>Kawa bez grzyb\u00f3w leczniczych:<\/strong> powoduje napi\u0119cie p\u0119cherzyka \u017c\u00f3\u0142ciowego, os\u0142abia nerki, wytwarza ciep\u0142o w \u017co\u0142\u0105dku<\/p>\n<p><strong>Kawa Vitality:<\/strong> \u0141agodniejsza dla uk\u0142adu sercowo-naczyniowego, \u0142agodniejsza dla woreczka \u017c\u00f3\u0142ciowego i \u017co\u0142\u0105dka (poniewa\u017c jest bardziej alkaliczna ni\u017c zwyk\u0142a kawa), dobrze tolerowana - nie powoduje gor\u0105ca w \u017co\u0142\u0105dku, r\u00f3wnie\u017c lepiej tolerowana w przypadku problem\u00f3w takich jak zapalenie \u017co\u0142\u0105dka i zgaga.<\/p>\n<p><strong>Zr\u00f3wnowa\u017cony produkt - w trosce o \u015brodowisko!<br \/>\n<\/strong>- Kapsu\u0142ka z kaw\u0105 wykonana z nieobrobionego drewna<br \/>\n- 100% surowce odnawialne<br \/>\n- Drewno ze zr\u00f3wnowa\u017conej gospodarki le\u015bnej z certyfikatem PEFC<br \/>\n- Nie zawiera kopalnego plastiku, mikroplastiku ani aluminium<br \/>\n- Opakowanie wykonane z ekologicznego papieru z nadrukiem w kolorach ro\u015blinnych<br \/>\n- Kompostowalne kapsu\u0142ki do espresso z w\u0142\u00f3kna drzewnego<br \/>\n- Wyrzucenie kapsu\u0142ki do pojemnika na odpady organiczne lub do w\u0142asnego kompostownika.<br \/>\n- Materia\u0142 kapsu\u0142y nadaje si\u0119 r\u00f3wnie\u017c jako podpa\u0142ka do piekarnika lub grilla<\/p>\n<p style=\"font-weight: 400;\"><strong>Kupuj\u0105c paczk\u0119, wspierasz spo\u0142eczny projekt uprawy kawy w zachodnim Hondurasie.<\/strong><\/p>\n<p style=\"font-weight: 400;\"><strong>Wykorzystanie:<\/strong><br \/>\nKompatybilny z wi\u0119kszo\u015bci\u0105 ekspres\u00f3w na kapsu\u0142ki Nespresso\u00ae<\/p>\n<p style=\"font-weight: 400;\"><strong>Wideo produktu <\/strong>(wystarczy klikn\u0105\u0107):<br \/>\n<a href=\"https:\/\/www.youtube.com\/watch?v=CmE63p6IsuY&amp;t=1s\" target=\"_blank\" rel=\"noopener\"><strong>\"4 najlepsze porady dotycz\u0105ce piersi (ka\u017cda kobieta powinna to wiedzie\u0107!)\"<\/strong><\/a><\/p>\n<p>VITA - Bio Lebensmittelhandel e.U. Gerold Jernej \/ Lorystra\u00dfe 7\/14 \/ 1110 Wiede\u0144 \/ Austria \/ info@bio-vita.at<\/p>","protected":false},"excerpt":{"rendered":"<ul>\n<li>Organiczna kawa palona<\/li>\n<li>100% kompostowalne kapsu\u0142ki do espresso z w\u0142\u00f3kna drzewnego w pude\u0142ku zawieraj\u0105cym 10 sztuk<\/li>\n<li>Najlepsza wysokog\u00f3rska kawa Arabica z Ameryki \u015arodkowej<\/li>\n<li>Uszlachetniony leczniczymi grzybami reishi i grzybem migda\u0142owym<\/li>\n<li>Wszystkie sk\u0142adniki pochodz\u0105 z upraw ekologicznych<\/li>\n<li>Zasadowy i o niskiej zawarto\u015bci kwas\u00f3w<\/li>\n<li>wspiera og\u00f3lne samopoczucie<\/li>\n<li>Idealny w przypadku nietolerancji kawy<\/li>\n<li>Nadaje si\u0119 r\u00f3wnie\u017c do postu alkalicznego<\/li>\n<li>Niska zawarto\u015b\u0107 akrylamidu: tylko 140 \u03bcg\/kg<\/li>\n<li>Delikatnie pra\u017cone i pakowane w Austrii<\/li>\n<\/ul>","protected":false},"featured_media":17828,"template":"","meta":{"_acf_changed":false,"_et_pb_use_builder":"","_et_pb_old_content":"","_et_gb_content_width":""},"product_brand":[],"product_cat":[175],"product_tag":[],"class_list":{"0":"post-17825","1":"product","2":"type-product","3":"status-publish","4":"has-post-thumbnail","6":"product_cat-anti-aging-nems","8":"first","9":"instock","10":"taxable","11":"shipping-taxable","12":"purchasable","13":"product-type-simple"},"acf":[],"yoast_head":"<!-- This site is optimized with the Yoast SEO plugin v26.4 - https:\/\/yoast.com\/wordpress\/plugins\/seo\/ -->\n<title>10 Cups Bio Vitalkaffee, (mit Reishi und Mandelpilz) - Chi statt Botox<\/title>\n<meta name=\"robots\" content=\"index, follow, max-snippet:-1, max-image-preview:large, max-video-preview:-1\" \/>\n<link rel=\"canonical\" href=\"https:\/\/chi-statt-botox.com\/pl\/produkt\/bio-vitalkaffee-10-cups-mit-reishi-und-mandelpilz\/\" \/>\n<meta property=\"og:locale\" content=\"pl_PL\" \/>\n<meta property=\"og:type\" content=\"article\" \/>\n<meta property=\"og:title\" content=\"10 Cups Bio Vitalkaffee, (mit Reishi und Mandelpilz) - Chi statt Botox\" \/>\n<meta property=\"og:description\" content=\"Bio R\u00f6stkaffee  100% kompostierbare Holzfaser-Espresso-Kapseln in einer 10er Box  Feinster Hochland Arabica Kaffee aus Zentralamerika  Verfeinert durch die Vitalpilze Reishi und Mandelpilz  Alle Zutaten aus biologisch kontrollierter Landwirtschaft  Basisch und s\u00e4urearm  unterst\u00fctzt das allgemeine Wohlbefinden  Ideal bei Kaffeeunvertr\u00e4glichkeit  Geeignet auch beim Basenfasten  Niedriger Acrylamidgehalt: nur 140 \u03bcg\/kg  Schonend ger\u00f6stet und verpackt in \u00d6sterreich\" \/>\n<meta property=\"og:url\" content=\"https:\/\/chi-statt-botox.com\/pl\/produkt\/bio-vitalkaffee-10-cups-mit-reishi-und-mandelpilz\/\" \/>\n<meta property=\"og:site_name\" content=\"Chi statt Botox\" \/>\n<meta property=\"article:modified_time\" content=\"2026-04-23T13:31:49+00:00\" \/>\n<meta property=\"og:image\" content=\"https:\/\/chi-statt-botox.com\/wp-content\/uploads\/VITA1001-Espresso-Kapsel-Box_10_Vorderseite_1600x1600px.jpg\" \/>\n\t<meta property=\"og:image:width\" content=\"1600\" \/>\n\t<meta property=\"og:image:height\" content=\"1600\" \/>\n\t<meta property=\"og:image:type\" content=\"image\/jpeg\" \/>\n<meta name=\"twitter:card\" content=\"summary_large_image\" \/>\n<meta name=\"twitter:label1\" content=\"Szacowany czas czytania\" \/>\n\t<meta name=\"twitter:data1\" content=\"2 minuty\" \/>\n<script type=\"application\/ld+json\" class=\"yoast-schema-graph\">{\"@context\":\"https:\/\/schema.org\",\"@graph\":[{\"@type\":\"WebPage\",\"@id\":\"https:\/\/chi-statt-botox.com\/produkt\/bio-vitalkaffee-10-cups-mit-reishi-und-mandelpilz\/\",\"url\":\"https:\/\/chi-statt-botox.com\/produkt\/bio-vitalkaffee-10-cups-mit-reishi-und-mandelpilz\/\",\"name\":\"10 Cups Bio Vitalkaffee, (mit Reishi und Mandelpilz) - Chi statt Botox\",\"isPartOf\":{\"@id\":\"https:\/\/chi-statt-botox.com\/#website\"},\"primaryImageOfPage\":{\"@id\":\"https:\/\/chi-statt-botox.com\/produkt\/bio-vitalkaffee-10-cups-mit-reishi-und-mandelpilz\/#primaryimage\"},\"image\":{\"@id\":\"https:\/\/chi-statt-botox.com\/produkt\/bio-vitalkaffee-10-cups-mit-reishi-und-mandelpilz\/#primaryimage\"},\"thumbnailUrl\":\"https:\/\/chi-statt-botox.com\/wp-content\/uploads\/VITA1001-Espresso-Kapsel-Box_10_Vorderseite_1600x1600px.jpg\",\"datePublished\":\"2022-08-08T12:44:59+00:00\",\"dateModified\":\"2026-04-23T13:31:49+00:00\",\"breadcrumb\":{\"@id\":\"https:\/\/chi-statt-botox.com\/produkt\/bio-vitalkaffee-10-cups-mit-reishi-und-mandelpilz\/#breadcrumb\"},\"inLanguage\":\"pl-PL\",\"potentialAction\":[{\"@type\":\"ReadAction\",\"target\":[\"https:\/\/chi-statt-botox.com\/produkt\/bio-vitalkaffee-10-cups-mit-reishi-und-mandelpilz\/\"]}]},{\"@type\":\"ImageObject\",\"inLanguage\":\"pl-PL\",\"@id\":\"https:\/\/chi-statt-botox.com\/produkt\/bio-vitalkaffee-10-cups-mit-reishi-und-mandelpilz\/#primaryimage\",\"url\":\"https:\/\/chi-statt-botox.com\/wp-content\/uploads\/VITA1001-Espresso-Kapsel-Box_10_Vorderseite_1600x1600px.jpg\",\"contentUrl\":\"https:\/\/chi-statt-botox.com\/wp-content\/uploads\/VITA1001-Espresso-Kapsel-Box_10_Vorderseite_1600x1600px.jpg\",\"width\":1600,\"height\":1600},{\"@type\":\"BreadcrumbList\",\"@id\":\"https:\/\/chi-statt-botox.com\/produkt\/bio-vitalkaffee-10-cups-mit-reishi-und-mandelpilz\/#breadcrumb\",\"itemListElement\":[{\"@type\":\"ListItem\",\"position\":1,\"name\":\"Startseite\",\"item\":\"https:\/\/chi-statt-botox.com\/\"},{\"@type\":\"ListItem\",\"position\":2,\"name\":\"Produkte\",\"item\":\"https:\/\/chi-statt-botox.com\/shop\/\"},{\"@type\":\"ListItem\",\"position\":3,\"name\":\"10 Cups Bio Vitalkaffee, (mit Reishi und Mandelpilz)\"}]},{\"@type\":\"WebSite\",\"@id\":\"https:\/\/chi-statt-botox.com\/#website\",\"url\":\"https:\/\/chi-statt-botox.com\/\",\"name\":\"Chi statt Botox\",\"description\":\"Falten wegzaubern, Haut straffen\",\"potentialAction\":[{\"@type\":\"SearchAction\",\"target\":{\"@type\":\"EntryPoint\",\"urlTemplate\":\"https:\/\/chi-statt-botox.com\/?s={search_term_string}\"},\"query-input\":{\"@type\":\"PropertyValueSpecification\",\"valueRequired\":true,\"valueName\":\"search_term_string\"}}],\"inLanguage\":\"pl-PL\"}]}<\/script>\n<!-- \/ Yoast SEO plugin. -->","yoast_head_json":{"title":"10 Cups Bio Vitalkaffee, (mit Reishi und Mandelpilz) - Chi statt Botox","robots":{"index":"index","follow":"follow","max-snippet":"max-snippet:-1","max-image-preview":"max-image-preview:large","max-video-preview":"max-video-preview:-1"},"canonical":"https:\/\/chi-statt-botox.com\/pl\/produkt\/bio-vitalkaffee-10-cups-mit-reishi-und-mandelpilz\/","og_locale":"pl_PL","og_type":"article","og_title":"10 Cups Bio Vitalkaffee, (mit Reishi und Mandelpilz) - Chi statt Botox","og_description":"Bio R\u00f6stkaffee  100% kompostierbare Holzfaser-Espresso-Kapseln in einer 10er Box  Feinster Hochland Arabica Kaffee aus Zentralamerika  Verfeinert durch die Vitalpilze Reishi und Mandelpilz  Alle Zutaten aus biologisch kontrollierter Landwirtschaft  Basisch und s\u00e4urearm  unterst\u00fctzt das allgemeine Wohlbefinden  Ideal bei Kaffeeunvertr\u00e4glichkeit  Geeignet auch beim Basenfasten  Niedriger Acrylamidgehalt: nur 140 \u03bcg\/kg  Schonend ger\u00f6stet und verpackt in \u00d6sterreich","og_url":"https:\/\/chi-statt-botox.com\/pl\/produkt\/bio-vitalkaffee-10-cups-mit-reishi-und-mandelpilz\/","og_site_name":"Chi statt Botox","article_modified_time":"2026-04-23T13:31:49+00:00","og_image":[{"width":1600,"height":1600,"url":"https:\/\/chi-statt-botox.com\/wp-content\/uploads\/VITA1001-Espresso-Kapsel-Box_10_Vorderseite_1600x1600px.jpg","type":"image\/jpeg"}],"twitter_card":"summary_large_image","twitter_misc":{"Szacowany czas czytania":"2 minuty"},"schema":{"@context":"https:\/\/schema.org","@graph":[{"@type":"WebPage","@id":"https:\/\/chi-statt-botox.com\/produkt\/bio-vitalkaffee-10-cups-mit-reishi-und-mandelpilz\/","url":"https:\/\/chi-statt-botox.com\/produkt\/bio-vitalkaffee-10-cups-mit-reishi-und-mandelpilz\/","name":"10 Cups Bio Vitalkaffee, (mit Reishi und Mandelpilz) - Chi statt Botox","isPartOf":{"@id":"https:\/\/chi-statt-botox.com\/#website"},"primaryImageOfPage":{"@id":"https:\/\/chi-statt-botox.com\/produkt\/bio-vitalkaffee-10-cups-mit-reishi-und-mandelpilz\/#primaryimage"},"image":{"@id":"https:\/\/chi-statt-botox.com\/produkt\/bio-vitalkaffee-10-cups-mit-reishi-und-mandelpilz\/#primaryimage"},"thumbnailUrl":"https:\/\/chi-statt-botox.com\/wp-content\/uploads\/VITA1001-Espresso-Kapsel-Box_10_Vorderseite_1600x1600px.jpg","datePublished":"2022-08-08T12:44:59+00:00","dateModified":"2026-04-23T13:31:49+00:00","breadcrumb":{"@id":"https:\/\/chi-statt-botox.com\/produkt\/bio-vitalkaffee-10-cups-mit-reishi-und-mandelpilz\/#breadcrumb"},"inLanguage":"pl-PL","potentialAction":[{"@type":"ReadAction","target":["https:\/\/chi-statt-botox.com\/produkt\/bio-vitalkaffee-10-cups-mit-reishi-und-mandelpilz\/"]}]},{"@type":"ImageObject","inLanguage":"pl-PL","@id":"https:\/\/chi-statt-botox.com\/produkt\/bio-vitalkaffee-10-cups-mit-reishi-und-mandelpilz\/#primaryimage","url":"https:\/\/chi-statt-botox.com\/wp-content\/uploads\/VITA1001-Espresso-Kapsel-Box_10_Vorderseite_1600x1600px.jpg","contentUrl":"https:\/\/chi-statt-botox.com\/wp-content\/uploads\/VITA1001-Espresso-Kapsel-Box_10_Vorderseite_1600x1600px.jpg","width":1600,"height":1600},{"@type":"BreadcrumbList","@id":"https:\/\/chi-statt-botox.com\/produkt\/bio-vitalkaffee-10-cups-mit-reishi-und-mandelpilz\/#breadcrumb","itemListElement":[{"@type":"ListItem","position":1,"name":"Startseite","item":"https:\/\/chi-statt-botox.com\/"},{"@type":"ListItem","position":2,"name":"Produkte","item":"https:\/\/chi-statt-botox.com\/shop\/"},{"@type":"ListItem","position":3,"name":"10 Cups Bio Vitalkaffee, (mit Reishi und Mandelpilz)"}]},{"@type":"WebSite","@id":"https:\/\/chi-statt-botox.com\/#website","url":"https:\/\/chi-statt-botox.com\/","name":"Chi zamiast botoksu","description":"Usuwa zmarszczki, napina sk\u00f3r\u0119","potentialAction":[{"@type":"SearchAction","target":{"@type":"EntryPoint","urlTemplate":"https:\/\/chi-statt-botox.com\/?s={search_term_string}"},"query-input":{"@type":"PropertyValueSpecification","valueRequired":true,"valueName":"search_term_string"}}],"inLanguage":"pl-PL"}]}},"_links":{"self":[{"href":"https:\/\/chi-statt-botox.com\/pl\/wp-json\/wp\/v2\/product\/17825","targetHints":{"allow":["GET"]}}],"collection":[{"href":"https:\/\/chi-statt-botox.com\/pl\/wp-json\/wp\/v2\/product"}],"about":[{"href":"https:\/\/chi-statt-botox.com\/pl\/wp-json\/wp\/v2\/types\/product"}],"wp:featuredmedia":[{"embeddable":true,"href":"https:\/\/chi-statt-botox.com\/pl\/wp-json\/wp\/v2\/media\/17828"}],"wp:attachment":[{"href":"https:\/\/chi-statt-botox.com\/pl\/wp-json\/wp\/v2\/media?parent=17825"}],"wp:term":[{"taxonomy":"product_brand","embeddable":true,"href":"https:\/\/chi-statt-botox.com\/pl\/wp-json\/wp\/v2\/product_brand?post=17825"},{"taxonomy":"product_cat","embeddable":true,"href":"https:\/\/chi-statt-botox.com\/pl\/wp-json\/wp\/v2\/product_cat?post=17825"},{"taxonomy":"product_tag","embeddable":true,"href":"https:\/\/chi-statt-botox.com\/pl\/wp-json\/wp\/v2\/product_tag?post=17825"}],"curies":[{"name":"wp","href":"https:\/\/api.w.org\/{rel}","templated":true}]}}