{"id":19650,"date":"2022-11-09T13:57:10","date_gmt":"2022-11-09T12:57:10","guid":{"rendered":"https:\/\/chi-statt-botox.com\/?post_type=product&#038;p=19650"},"modified":"2026-04-15T08:31:15","modified_gmt":"2026-04-15T06:31:15","slug":"rizinusoel-100-ml","status":"publish","type":"product","link":"https:\/\/chi-statt-botox.com\/pl\/produkt\/rizinusoel-100-ml\/","title":{"rendered":"Olej rycynowy (sk\u00f3ra, w\u0142osy, rz\u0119sy)"},"content":{"rendered":"<p>100 ml wysokiej jako\u015bci organicznego t\u0142oczonego na zimno oleju rycynowego 100% w szklanej butelce. Olej rycynowy ma wiele zastosowa\u0144 w piel\u0119gnacji sk\u00f3ry. Stymuluje produkcj\u0119 kolagenu i sprawia, \u017ce sk\u00f3ra staje si\u0119 aksamitnie mi\u0119kka. Jego dzia\u0142anie przeciwzapalne pomaga zwalcza\u0107 zanieczyszczenia sk\u00f3ry. Poniewa\u017c nie jest to olej penetruj\u0105cy, mo\u017ce by\u0107 r\u00f3wnie\u017c stosowany w okolicach oczu w celu zwalczania zmarszczek i drobnych linii.<\/p>\n<p>Olej rycynowy mo\u017ce zmniejszy\u0107 zaczerwienienia i plamy pigmentacyjne. Stosowany na rz\u0119sy i brwi pomaga je zag\u0119\u015bci\u0107. Paznokcie r\u00f3wnie\u017c korzystaj\u0105 z tego wszechstronnego olejku piel\u0119gnacyjnego.<\/p>\n<p>W przypadku stosowania na such\u0105 sk\u00f3r\u0119 olejek nale\u017cy wymiesza\u0107 z innym olejem, np. jojoba lub kokosowym. Wymiesza\u0107 1\/3 oleju rycynowego i 2\/3 innego oleju. Po 3 tygodniach nale\u017cy zrobi\u0107 tygodniow\u0105 przerw\u0119.<\/p>\n<p>W przypadku stosowania jako maseczka, wymiesza\u0107 z innym olejem, na\u0142o\u017cy\u0107 grub\u0105 warstw\u0119 i pozostawi\u0107 na 30 minut. Usun\u0105\u0107 ciep\u0142\u0105, wilgotn\u0105 \u015bciereczk\u0105.<\/p>\n<p>W przypadku sk\u00f3ry z wypryskami, po prostu nanie\u015b olejek bezpo\u015brednio na pryszcze.<\/p>\n<p>Na\u0142o\u017cy\u0107 na rz\u0119sy i brwi przed p\u00f3j\u015bciem spa\u0107.<\/p>\n<p><strong>Aplikacja wideo <\/strong>(wystarczy klikn\u0105\u0107):<br \/>\n<strong><a href=\"https:\/\/www.youtube.com\/watch?v=IJVlVWwyE1E&amp;t=485s\" target=\"_blank\" rel=\"noopener\">\"Zapobiegaj zmarszczkom i plamom starczym - MUSISZ pozna\u0107 TEN ok\u0142ad olejowy (genialny!)\"<\/a><\/strong><\/p>\n<p>MRS DYSTRYBUJCA SP\u00d3\u0141KA Z ORGANICZONA ODPOWIEDZIALNOSCIA \/ Prezydenta Lecha Kaczynskiego 20 \/ 80-365 Gdansk \/ Poland \/ office@nutrivelabs.com<\/p>","protected":false},"excerpt":{"rendered":"<ul>\n<li>100% czysty, wega\u0144ski i organiczny<\/li>\n<li>T\u0142oczone na zimno<\/li>\n<li>Stymuluje produkcj\u0119 kolagenu<\/li>\n<li>Wysokiej jako\u015bci sk\u0142adniki do piel\u0119gnacji zmarszczek<\/li>\n<li>Idealny olejek do piel\u0119gnacji sk\u00f3ry i w\u0142os\u00f3w<\/li>\n<li>Wzmacniacz rz\u0119s i brwi<\/li>\n<\/ul>","protected":false},"featured_media":19656,"template":"","meta":{"_acf_changed":false,"_et_pb_use_builder":"","_et_pb_old_content":"","_et_gb_content_width":""},"product_brand":[],"product_cat":[174],"product_tag":[],"class_list":{"0":"post-19650","1":"product","2":"type-product","3":"status-publish","4":"has-post-thumbnail","6":"product_cat-oele","8":"first","9":"instock","10":"taxable","11":"shipping-taxable","12":"purchasable","13":"product-type-simple"},"acf":[],"yoast_head":"<!-- This site is optimized with the Yoast SEO plugin v26.4 - https:\/\/yoast.com\/wordpress\/plugins\/seo\/ -->\n<title>Rizinus\u00f6l (Haut, Haare, Wimpern) - Chi statt Botox<\/title>\n<meta name=\"robots\" content=\"index, follow, max-snippet:-1, max-image-preview:large, max-video-preview:-1\" \/>\n<link rel=\"canonical\" href=\"https:\/\/chi-statt-botox.com\/pl\/produkt\/rizinusoel-100-ml\/\" \/>\n<meta property=\"og:locale\" content=\"pl_PL\" \/>\n<meta property=\"og:type\" content=\"article\" \/>\n<meta property=\"og:title\" content=\"Rizinus\u00f6l (Haut, Haare, Wimpern) - Chi statt Botox\" \/>\n<meta property=\"og:description\" content=\"100% rein, vegan und bio  Kalt gepresst  Regt die Kollagenproduktion an  Hochwertige Inhaltstoffe zur Faltenpflege  Ideales Pflege\u00f6l f\u00fcr Haut und Haare  Wimpern- und Augenbrauen-Booster\" \/>\n<meta property=\"og:url\" content=\"https:\/\/chi-statt-botox.com\/pl\/produkt\/rizinusoel-100-ml\/\" \/>\n<meta property=\"og:site_name\" content=\"Chi statt Botox\" \/>\n<meta property=\"article:modified_time\" content=\"2026-04-15T06:31:15+00:00\" \/>\n<meta property=\"og:image\" content=\"https:\/\/chi-statt-botox.com\/wp-content\/uploads\/Rizinusoel-2.jpg\" \/>\n\t<meta property=\"og:image:width\" content=\"1000\" \/>\n\t<meta property=\"og:image:height\" content=\"1000\" \/>\n\t<meta property=\"og:image:type\" content=\"image\/jpeg\" \/>\n<meta name=\"twitter:card\" content=\"summary_large_image\" \/>\n<meta name=\"twitter:label1\" content=\"Szacowany czas czytania\" \/>\n\t<meta name=\"twitter:data1\" content=\"2 minuty\" \/>\n<script type=\"application\/ld+json\" class=\"yoast-schema-graph\">{\"@context\":\"https:\/\/schema.org\",\"@graph\":[{\"@type\":\"WebPage\",\"@id\":\"https:\/\/chi-statt-botox.com\/produkt\/rizinusoel-100-ml\/\",\"url\":\"https:\/\/chi-statt-botox.com\/produkt\/rizinusoel-100-ml\/\",\"name\":\"Rizinus\u00f6l (Haut, Haare, Wimpern) - Chi statt Botox\",\"isPartOf\":{\"@id\":\"https:\/\/chi-statt-botox.com\/#website\"},\"primaryImageOfPage\":{\"@id\":\"https:\/\/chi-statt-botox.com\/produkt\/rizinusoel-100-ml\/#primaryimage\"},\"image\":{\"@id\":\"https:\/\/chi-statt-botox.com\/produkt\/rizinusoel-100-ml\/#primaryimage\"},\"thumbnailUrl\":\"https:\/\/chi-statt-botox.com\/wp-content\/uploads\/Rizinusoel-2.jpg\",\"datePublished\":\"2022-11-09T12:57:10+00:00\",\"dateModified\":\"2026-04-15T06:31:15+00:00\",\"breadcrumb\":{\"@id\":\"https:\/\/chi-statt-botox.com\/produkt\/rizinusoel-100-ml\/#breadcrumb\"},\"inLanguage\":\"pl-PL\",\"potentialAction\":[{\"@type\":\"ReadAction\",\"target\":[\"https:\/\/chi-statt-botox.com\/produkt\/rizinusoel-100-ml\/\"]}]},{\"@type\":\"ImageObject\",\"inLanguage\":\"pl-PL\",\"@id\":\"https:\/\/chi-statt-botox.com\/produkt\/rizinusoel-100-ml\/#primaryimage\",\"url\":\"https:\/\/chi-statt-botox.com\/wp-content\/uploads\/Rizinusoel-2.jpg\",\"contentUrl\":\"https:\/\/chi-statt-botox.com\/wp-content\/uploads\/Rizinusoel-2.jpg\",\"width\":1000,\"height\":1000},{\"@type\":\"BreadcrumbList\",\"@id\":\"https:\/\/chi-statt-botox.com\/produkt\/rizinusoel-100-ml\/#breadcrumb\",\"itemListElement\":[{\"@type\":\"ListItem\",\"position\":1,\"name\":\"Startseite\",\"item\":\"https:\/\/chi-statt-botox.com\/\"},{\"@type\":\"ListItem\",\"position\":2,\"name\":\"Produkte\",\"item\":\"https:\/\/chi-statt-botox.com\/shop\/\"},{\"@type\":\"ListItem\",\"position\":3,\"name\":\"Rizinus\u00f6l (Haut, Haare, Wimpern)\"}]},{\"@type\":\"WebSite\",\"@id\":\"https:\/\/chi-statt-botox.com\/#website\",\"url\":\"https:\/\/chi-statt-botox.com\/\",\"name\":\"Chi statt Botox\",\"description\":\"Falten wegzaubern, Haut straffen\",\"potentialAction\":[{\"@type\":\"SearchAction\",\"target\":{\"@type\":\"EntryPoint\",\"urlTemplate\":\"https:\/\/chi-statt-botox.com\/?s={search_term_string}\"},\"query-input\":{\"@type\":\"PropertyValueSpecification\",\"valueRequired\":true,\"valueName\":\"search_term_string\"}}],\"inLanguage\":\"pl-PL\"}]}<\/script>\n<!-- \/ Yoast SEO plugin. -->","yoast_head_json":{"title":"Rizinus\u00f6l (Haut, Haare, Wimpern) - Chi statt Botox","robots":{"index":"index","follow":"follow","max-snippet":"max-snippet:-1","max-image-preview":"max-image-preview:large","max-video-preview":"max-video-preview:-1"},"canonical":"https:\/\/chi-statt-botox.com\/pl\/produkt\/rizinusoel-100-ml\/","og_locale":"pl_PL","og_type":"article","og_title":"Rizinus\u00f6l (Haut, Haare, Wimpern) - Chi statt Botox","og_description":"100% rein, vegan und bio  Kalt gepresst  Regt die Kollagenproduktion an  Hochwertige Inhaltstoffe zur Faltenpflege  Ideales Pflege\u00f6l f\u00fcr Haut und Haare  Wimpern- und Augenbrauen-Booster","og_url":"https:\/\/chi-statt-botox.com\/pl\/produkt\/rizinusoel-100-ml\/","og_site_name":"Chi statt Botox","article_modified_time":"2026-04-15T06:31:15+00:00","og_image":[{"width":1000,"height":1000,"url":"https:\/\/chi-statt-botox.com\/wp-content\/uploads\/Rizinusoel-2.jpg","type":"image\/jpeg"}],"twitter_card":"summary_large_image","twitter_misc":{"Szacowany czas czytania":"2 minuty"},"schema":{"@context":"https:\/\/schema.org","@graph":[{"@type":"WebPage","@id":"https:\/\/chi-statt-botox.com\/produkt\/rizinusoel-100-ml\/","url":"https:\/\/chi-statt-botox.com\/produkt\/rizinusoel-100-ml\/","name":"Rizinus\u00f6l (Haut, Haare, Wimpern) - Chi statt Botox","isPartOf":{"@id":"https:\/\/chi-statt-botox.com\/#website"},"primaryImageOfPage":{"@id":"https:\/\/chi-statt-botox.com\/produkt\/rizinusoel-100-ml\/#primaryimage"},"image":{"@id":"https:\/\/chi-statt-botox.com\/produkt\/rizinusoel-100-ml\/#primaryimage"},"thumbnailUrl":"https:\/\/chi-statt-botox.com\/wp-content\/uploads\/Rizinusoel-2.jpg","datePublished":"2022-11-09T12:57:10+00:00","dateModified":"2026-04-15T06:31:15+00:00","breadcrumb":{"@id":"https:\/\/chi-statt-botox.com\/produkt\/rizinusoel-100-ml\/#breadcrumb"},"inLanguage":"pl-PL","potentialAction":[{"@type":"ReadAction","target":["https:\/\/chi-statt-botox.com\/produkt\/rizinusoel-100-ml\/"]}]},{"@type":"ImageObject","inLanguage":"pl-PL","@id":"https:\/\/chi-statt-botox.com\/produkt\/rizinusoel-100-ml\/#primaryimage","url":"https:\/\/chi-statt-botox.com\/wp-content\/uploads\/Rizinusoel-2.jpg","contentUrl":"https:\/\/chi-statt-botox.com\/wp-content\/uploads\/Rizinusoel-2.jpg","width":1000,"height":1000},{"@type":"BreadcrumbList","@id":"https:\/\/chi-statt-botox.com\/produkt\/rizinusoel-100-ml\/#breadcrumb","itemListElement":[{"@type":"ListItem","position":1,"name":"Startseite","item":"https:\/\/chi-statt-botox.com\/"},{"@type":"ListItem","position":2,"name":"Produkte","item":"https:\/\/chi-statt-botox.com\/shop\/"},{"@type":"ListItem","position":3,"name":"Rizinus\u00f6l (Haut, Haare, Wimpern)"}]},{"@type":"WebSite","@id":"https:\/\/chi-statt-botox.com\/#website","url":"https:\/\/chi-statt-botox.com\/","name":"Chi zamiast botoksu","description":"Usuwa zmarszczki, napina sk\u00f3r\u0119","potentialAction":[{"@type":"SearchAction","target":{"@type":"EntryPoint","urlTemplate":"https:\/\/chi-statt-botox.com\/?s={search_term_string}"},"query-input":{"@type":"PropertyValueSpecification","valueRequired":true,"valueName":"search_term_string"}}],"inLanguage":"pl-PL"}]}},"_links":{"self":[{"href":"https:\/\/chi-statt-botox.com\/pl\/wp-json\/wp\/v2\/product\/19650","targetHints":{"allow":["GET"]}}],"collection":[{"href":"https:\/\/chi-statt-botox.com\/pl\/wp-json\/wp\/v2\/product"}],"about":[{"href":"https:\/\/chi-statt-botox.com\/pl\/wp-json\/wp\/v2\/types\/product"}],"wp:featuredmedia":[{"embeddable":true,"href":"https:\/\/chi-statt-botox.com\/pl\/wp-json\/wp\/v2\/media\/19656"}],"wp:attachment":[{"href":"https:\/\/chi-statt-botox.com\/pl\/wp-json\/wp\/v2\/media?parent=19650"}],"wp:term":[{"taxonomy":"product_brand","embeddable":true,"href":"https:\/\/chi-statt-botox.com\/pl\/wp-json\/wp\/v2\/product_brand?post=19650"},{"taxonomy":"product_cat","embeddable":true,"href":"https:\/\/chi-statt-botox.com\/pl\/wp-json\/wp\/v2\/product_cat?post=19650"},{"taxonomy":"product_tag","embeddable":true,"href":"https:\/\/chi-statt-botox.com\/pl\/wp-json\/wp\/v2\/product_tag?post=19650"}],"curies":[{"name":"wp","href":"https:\/\/api.w.org\/{rel}","templated":true}]}}