{"id":21367,"date":"2023-02-13T13:12:55","date_gmt":"2023-02-13T12:12:55","guid":{"rendered":"https:\/\/chi-statt-botox.com\/?post_type=product&#038;p=21367"},"modified":"2026-04-16T12:45:51","modified_gmt":"2026-04-16T10:45:51","slug":"aloe-vera-hydrating-shampoo","status":"publish","type":"product","link":"https:\/\/chi-statt-botox.com\/pl\/produkt\/aloe-vera-hydrating-shampoo\/","title":{"rendered":"Szampon nawil\u017caj\u0105cy z aloesem"},"content":{"rendered":"<p><strong>250 ml<\/strong> Szampon za dodatkow\u0105 porcj\u0119 <strong>Wilgotno\u015b\u0107<\/strong>!<\/p>\n<p>Z <strong>45% Proporcja \u015bwie\u017cego organicznego soku z aloesu<\/strong> Ta formu\u0142a zapewnia intensywne nawil\u017cenie dla <strong>W\u0142osy i sk\u00f3ra g\u0142owy<\/strong>. Ekstrakt z oliwek, olejek z kie\u0142k\u00f3w pszenicy, olejek rozmarynowy i ekstrakt z nasion moringi (wszystkie z kontrolowanych upraw ekologicznych) sprawiaj\u0105, \u017ce formu\u0142a piel\u0119gnacyjna jest ca\u0142kowicie naturalna. <strong>Skuteczny, delikatny i \u0142agodny jednocze\u015bnie<\/strong>. Rewitalizuje sk\u00f3r\u0119 g\u0142owy. Idealny r\u00f3wnie\u017c do cz\u0119stego mycia w\u0142os\u00f3w.<\/p>\n<p class=\"p1\"><span class=\"s1\"><b>SOK Z ALOESU ZAMIAST WODY<br \/>\n<\/b><\/span><\/p>\n<p>\u015awie\u017cy sok z aloesu u\u017cyty do produkcji tego szamponu pochodzi z kontrolowanych ekologicznych i zr\u00f3wnowa\u017conych upraw w kilku krajach - w pe\u0142nym s\u0142o\u0144cu i wolno rosn\u0105cych, dzi\u0119ki czemu wszystkie sk\u0142adniki mog\u0105 tworzy\u0107 si\u0119 w li\u015bciach ro\u015bliny. <span class=\"s1\">Idealne wsp\u00f3\u0142granie tych\u00a0<strong>Ponad 160 substancji witalnych w soku z aloesu<\/strong>\u00a0jest powodem jego\u00a0<strong>wysoka skuteczno\u015b\u0107<\/strong>dla zdrowia i urody.<\/span><\/p>\n<p>W produktach Kumari ca\u0142a zawarto\u015b\u0107 wody jest zast\u0105piona \u015bwie\u017cym organicznym sokiem z aloesu. To w\u0142a\u015bnie sprawia, \u017ce produkty s\u0105 tak warto\u015bciowe i skuteczne.<\/p>\n<p style=\"font-weight: 400;\"><strong>HAARTYP<\/strong><\/p>\n<p style=\"font-weight: 400;\">Odpowiedni dla wszystkich rodzaj\u00f3w w\u0142os\u00f3w.<\/p>\n<p><strong>WNIOSEK<\/strong><\/p>\n<p>Na\u0142\u00f3\u017c ilo\u015b\u0107 wielko\u015bci orzecha laskowego na d\u0142onie i wmasuj w mokre w\u0142osy, a nast\u0119pnie sp\u0142ucz.<\/p>\n<p><strong>SK\u0141ADNIKI AKTYWNE:<\/strong><\/p>\n<p><strong>Sok z aloesu <\/strong>(Aloe Barbadensis (Aloe Vera) Leaf Juice): zapewnia intensywne nawil\u017cenie i uczucie \u015bwie\u017co\u015bci na sk\u00f3rze; ma zdolno\u015b\u0107 transportowania innych sk\u0142adnik\u00f3w od\u017cywczych bezpo\u015brednio do kom\u00f3rek.<\/p>\n<p><strong>Olej moringa<\/strong> (ekstrakt z nasion Moringa Oleifera): bogaty w niezliczone sk\u0142adniki od\u017cywcze, witaminy i minera\u0142y, idealny do naturalnej i delikatnej piel\u0119gnacji sk\u00f3ry i w\u0142os\u00f3w, sprawia, \u017ce w\u0142osy wygl\u0105daj\u0105 zdrowo i mocno.<\/p>\n<p><strong>Oliwa z oliwek<\/strong> (Olea Eurapaea (Olive) Fruit Oil): odpowiedni do piel\u0119gnacji sk\u00f3ry normalnej i mieszanej, bardzo dobrze tolerowany przez sk\u00f3r\u0119.<\/p>\n<p><strong>Ekstrakt z rozmarynu<\/strong> (ekstrakt z li\u015bci Rosmarinus Officinalis): nadaje zm\u0119czonej i poszarza\u0142ej sk\u00f3rze bardziej witalny i \u015bwie\u017cy wygl\u0105d, korzystnie wp\u0142ywa na sk\u00f3r\u0119 g\u0142owy.<\/p>\n<p><strong>Olej z kie\u0142k\u00f3w pszenicy<\/strong> (Triticum Vulgare Germ Oil): jest szczeg\u00f3lnie odpowiedni do piel\u0119gnacji suchej i dojrza\u0142ej sk\u00f3ry oraz suchych w\u0142os\u00f3w.<\/p>\n<p><b>SK\u0141ADNIKI:<\/b><\/p>\n<p>Wyci\u0105g z li\u015bci Aloe Barbadensis* (45%), Aqua, Ammonium Lauryl Sulfate, Coco-Glucoside, Glycerin, Olea Europaea fruit extract*, Triticum Vulgare germ oil*, Rosmarinus Officinalis leaf extract*, Betaine, Benzoic Acid, Parfum, Algin, Citric Acid, Glyceryl Oleate, Moringa Oleifera seed extract, Maltodextrin, Benzyl Alcohol, Salicylic Acid, Sorbic Acid, Linalool.<\/p>\n<p><em>*Z naturalnych upraw.<\/em><\/p>\n<p>KUMARI-Produkte Vertriebs GmbH \/ Stutterheimstr. 16 \/ 1150 Wiede\u0144 \/ Austria \/ office@kumari.at<\/p>\n<table style=\"width: 95.7029%;\">\n<tbody>\n<tr>\n<td style=\"width: 25%;\"><img decoding=\"async\" src=\"https:\/\/cdn.shopify.com\/s\/files\/1\/0522\/2419\/6782\/files\/crueltyfree.png?v=1611845713\" alt=\"\" \/><\/td>\n<td style=\"width: 25%;\"><img decoding=\"async\" src=\"https:\/\/cdn.shopify.com\/s\/files\/1\/0522\/2419\/6782\/files\/100freshaloevera.png?v=1611845765\" alt=\"\" \/><\/td>\n<td style=\"width: 21%;\"><img loading=\"lazy\" decoding=\"async\" src=\"https:\/\/cdn.shopify.com\/s\/files\/1\/0522\/2419\/6782\/files\/Vegan_Kumari__SW_480x480.png?v=1659006331\" alt=\"\" width=\"88\" height=\"93\" \/><\/td>\n<td style=\"width: 20.7029%;\"><img decoding=\"async\" src=\"https:\/\/cdn.shopify.com\/s\/files\/1\/0522\/2419\/6782\/files\/cosmosorganic.png?v=1611845672\" alt=\"\" \/><\/td>\n<\/tr>\n<\/tbody>\n<\/table>","protected":false},"excerpt":{"rendered":"<ul>\n<li>Intensywne nawil\u017cenie w\u0142os\u00f3w i sk\u00f3ry g\u0142owy<\/li>\n<li>45% \u015bwie\u017cy sok z aloesu<\/li>\n<li>Odpowiedni dla wszystkich rodzaj\u00f3w w\u0142os\u00f3w<\/li>\n<li>Delikatny dla sk\u00f3ry g\u0142owy<\/li>\n<li>Przywraca blask zm\u0119czonym i suchym w\u0142osom<\/li>\n<li>Wega\u0144ski<\/li>\n<\/ul>","protected":false},"featured_media":21370,"template":"","meta":{"_acf_changed":false,"_et_pb_use_builder":"","_et_pb_old_content":"","_et_gb_content_width":""},"product_brand":[],"product_cat":[172],"product_tag":[],"class_list":{"0":"post-21367","1":"product","2":"type-product","3":"status-publish","4":"has-post-thumbnail","6":"product_cat-kosmetik","8":"first","9":"instock","10":"taxable","11":"shipping-taxable","12":"purchasable","13":"product-type-simple"},"acf":[],"yoast_head":"<!-- This site is optimized with the Yoast SEO plugin v26.4 - https:\/\/yoast.com\/wordpress\/plugins\/seo\/ -->\n<title>Aloe Vera Hydrating Shampoo - Chi statt Botox<\/title>\n<meta name=\"robots\" content=\"index, follow, max-snippet:-1, max-image-preview:large, max-video-preview:-1\" \/>\n<link rel=\"canonical\" href=\"https:\/\/chi-statt-botox.com\/pl\/produkt\/aloe-vera-hydrating-shampoo\/\" \/>\n<meta property=\"og:locale\" content=\"pl_PL\" \/>\n<meta property=\"og:type\" content=\"article\" \/>\n<meta property=\"og:title\" content=\"Aloe Vera Hydrating Shampoo - Chi statt Botox\" \/>\n<meta property=\"og:description\" content=\"Intensive Feuchtigkeit f\u00fcr Haar &amp; Kopfhaut  45% frischer Aloe Vera Saft  F\u00fcr alle Haartypen geeignet  Sanft zur Kopfhaut  L\u00e4sst m\u00fcdes und trockenes Haar wieder gl\u00e4nzen  Vegan\" \/>\n<meta property=\"og:url\" content=\"https:\/\/chi-statt-botox.com\/pl\/produkt\/aloe-vera-hydrating-shampoo\/\" \/>\n<meta property=\"og:site_name\" content=\"Chi statt Botox\" \/>\n<meta property=\"article:modified_time\" content=\"2026-04-16T10:45:51+00:00\" \/>\n<meta property=\"og:image\" content=\"https:\/\/chi-statt-botox.com\/wp-content\/uploads\/Shampoo.jpg\" \/>\n\t<meta property=\"og:image:width\" content=\"1280\" \/>\n\t<meta property=\"og:image:height\" content=\"1280\" \/>\n\t<meta property=\"og:image:type\" content=\"image\/jpeg\" \/>\n<meta name=\"twitter:card\" content=\"summary_large_image\" \/>\n<meta name=\"twitter:label1\" content=\"Szacowany czas czytania\" \/>\n\t<meta name=\"twitter:data1\" content=\"3 minuty\" \/>\n<script type=\"application\/ld+json\" class=\"yoast-schema-graph\">{\"@context\":\"https:\/\/schema.org\",\"@graph\":[{\"@type\":\"WebPage\",\"@id\":\"https:\/\/chi-statt-botox.com\/produkt\/aloe-vera-hydrating-shampoo\/\",\"url\":\"https:\/\/chi-statt-botox.com\/produkt\/aloe-vera-hydrating-shampoo\/\",\"name\":\"Aloe Vera Hydrating Shampoo - Chi statt Botox\",\"isPartOf\":{\"@id\":\"https:\/\/chi-statt-botox.com\/#website\"},\"primaryImageOfPage\":{\"@id\":\"https:\/\/chi-statt-botox.com\/produkt\/aloe-vera-hydrating-shampoo\/#primaryimage\"},\"image\":{\"@id\":\"https:\/\/chi-statt-botox.com\/produkt\/aloe-vera-hydrating-shampoo\/#primaryimage\"},\"thumbnailUrl\":\"https:\/\/chi-statt-botox.com\/wp-content\/uploads\/Shampoo.jpg\",\"datePublished\":\"2023-02-13T12:12:55+00:00\",\"dateModified\":\"2026-04-16T10:45:51+00:00\",\"breadcrumb\":{\"@id\":\"https:\/\/chi-statt-botox.com\/produkt\/aloe-vera-hydrating-shampoo\/#breadcrumb\"},\"inLanguage\":\"pl-PL\",\"potentialAction\":[{\"@type\":\"ReadAction\",\"target\":[\"https:\/\/chi-statt-botox.com\/produkt\/aloe-vera-hydrating-shampoo\/\"]}]},{\"@type\":\"ImageObject\",\"inLanguage\":\"pl-PL\",\"@id\":\"https:\/\/chi-statt-botox.com\/produkt\/aloe-vera-hydrating-shampoo\/#primaryimage\",\"url\":\"https:\/\/chi-statt-botox.com\/wp-content\/uploads\/Shampoo.jpg\",\"contentUrl\":\"https:\/\/chi-statt-botox.com\/wp-content\/uploads\/Shampoo.jpg\",\"width\":1280,\"height\":1280},{\"@type\":\"BreadcrumbList\",\"@id\":\"https:\/\/chi-statt-botox.com\/produkt\/aloe-vera-hydrating-shampoo\/#breadcrumb\",\"itemListElement\":[{\"@type\":\"ListItem\",\"position\":1,\"name\":\"Startseite\",\"item\":\"https:\/\/chi-statt-botox.com\/\"},{\"@type\":\"ListItem\",\"position\":2,\"name\":\"Produkte\",\"item\":\"https:\/\/chi-statt-botox.com\/shop\/\"},{\"@type\":\"ListItem\",\"position\":3,\"name\":\"Aloe Vera Hydrating Shampoo\"}]},{\"@type\":\"WebSite\",\"@id\":\"https:\/\/chi-statt-botox.com\/#website\",\"url\":\"https:\/\/chi-statt-botox.com\/\",\"name\":\"Chi statt Botox\",\"description\":\"Falten wegzaubern, Haut straffen\",\"potentialAction\":[{\"@type\":\"SearchAction\",\"target\":{\"@type\":\"EntryPoint\",\"urlTemplate\":\"https:\/\/chi-statt-botox.com\/?s={search_term_string}\"},\"query-input\":{\"@type\":\"PropertyValueSpecification\",\"valueRequired\":true,\"valueName\":\"search_term_string\"}}],\"inLanguage\":\"pl-PL\"}]}<\/script>\n<!-- \/ Yoast SEO plugin. -->","yoast_head_json":{"title":"Aloe Vera Hydrating Shampoo - Chi statt Botox","robots":{"index":"index","follow":"follow","max-snippet":"max-snippet:-1","max-image-preview":"max-image-preview:large","max-video-preview":"max-video-preview:-1"},"canonical":"https:\/\/chi-statt-botox.com\/pl\/produkt\/aloe-vera-hydrating-shampoo\/","og_locale":"pl_PL","og_type":"article","og_title":"Aloe Vera Hydrating Shampoo - Chi statt Botox","og_description":"Intensive Feuchtigkeit f\u00fcr Haar &amp; Kopfhaut  45% frischer Aloe Vera Saft  F\u00fcr alle Haartypen geeignet  Sanft zur Kopfhaut  L\u00e4sst m\u00fcdes und trockenes Haar wieder gl\u00e4nzen  Vegan","og_url":"https:\/\/chi-statt-botox.com\/pl\/produkt\/aloe-vera-hydrating-shampoo\/","og_site_name":"Chi statt Botox","article_modified_time":"2026-04-16T10:45:51+00:00","og_image":[{"width":1280,"height":1280,"url":"https:\/\/chi-statt-botox.com\/wp-content\/uploads\/Shampoo.jpg","type":"image\/jpeg"}],"twitter_card":"summary_large_image","twitter_misc":{"Szacowany czas czytania":"3 minuty"},"schema":{"@context":"https:\/\/schema.org","@graph":[{"@type":"WebPage","@id":"https:\/\/chi-statt-botox.com\/produkt\/aloe-vera-hydrating-shampoo\/","url":"https:\/\/chi-statt-botox.com\/produkt\/aloe-vera-hydrating-shampoo\/","name":"Aloe Vera Hydrating Shampoo - Chi statt Botox","isPartOf":{"@id":"https:\/\/chi-statt-botox.com\/#website"},"primaryImageOfPage":{"@id":"https:\/\/chi-statt-botox.com\/produkt\/aloe-vera-hydrating-shampoo\/#primaryimage"},"image":{"@id":"https:\/\/chi-statt-botox.com\/produkt\/aloe-vera-hydrating-shampoo\/#primaryimage"},"thumbnailUrl":"https:\/\/chi-statt-botox.com\/wp-content\/uploads\/Shampoo.jpg","datePublished":"2023-02-13T12:12:55+00:00","dateModified":"2026-04-16T10:45:51+00:00","breadcrumb":{"@id":"https:\/\/chi-statt-botox.com\/produkt\/aloe-vera-hydrating-shampoo\/#breadcrumb"},"inLanguage":"pl-PL","potentialAction":[{"@type":"ReadAction","target":["https:\/\/chi-statt-botox.com\/produkt\/aloe-vera-hydrating-shampoo\/"]}]},{"@type":"ImageObject","inLanguage":"pl-PL","@id":"https:\/\/chi-statt-botox.com\/produkt\/aloe-vera-hydrating-shampoo\/#primaryimage","url":"https:\/\/chi-statt-botox.com\/wp-content\/uploads\/Shampoo.jpg","contentUrl":"https:\/\/chi-statt-botox.com\/wp-content\/uploads\/Shampoo.jpg","width":1280,"height":1280},{"@type":"BreadcrumbList","@id":"https:\/\/chi-statt-botox.com\/produkt\/aloe-vera-hydrating-shampoo\/#breadcrumb","itemListElement":[{"@type":"ListItem","position":1,"name":"Startseite","item":"https:\/\/chi-statt-botox.com\/"},{"@type":"ListItem","position":2,"name":"Produkte","item":"https:\/\/chi-statt-botox.com\/shop\/"},{"@type":"ListItem","position":3,"name":"Aloe Vera Hydrating Shampoo"}]},{"@type":"WebSite","@id":"https:\/\/chi-statt-botox.com\/#website","url":"https:\/\/chi-statt-botox.com\/","name":"Chi zamiast botoksu","description":"Usuwa zmarszczki, napina sk\u00f3r\u0119","potentialAction":[{"@type":"SearchAction","target":{"@type":"EntryPoint","urlTemplate":"https:\/\/chi-statt-botox.com\/?s={search_term_string}"},"query-input":{"@type":"PropertyValueSpecification","valueRequired":true,"valueName":"search_term_string"}}],"inLanguage":"pl-PL"}]}},"_links":{"self":[{"href":"https:\/\/chi-statt-botox.com\/pl\/wp-json\/wp\/v2\/product\/21367","targetHints":{"allow":["GET"]}}],"collection":[{"href":"https:\/\/chi-statt-botox.com\/pl\/wp-json\/wp\/v2\/product"}],"about":[{"href":"https:\/\/chi-statt-botox.com\/pl\/wp-json\/wp\/v2\/types\/product"}],"wp:featuredmedia":[{"embeddable":true,"href":"https:\/\/chi-statt-botox.com\/pl\/wp-json\/wp\/v2\/media\/21370"}],"wp:attachment":[{"href":"https:\/\/chi-statt-botox.com\/pl\/wp-json\/wp\/v2\/media?parent=21367"}],"wp:term":[{"taxonomy":"product_brand","embeddable":true,"href":"https:\/\/chi-statt-botox.com\/pl\/wp-json\/wp\/v2\/product_brand?post=21367"},{"taxonomy":"product_cat","embeddable":true,"href":"https:\/\/chi-statt-botox.com\/pl\/wp-json\/wp\/v2\/product_cat?post=21367"},{"taxonomy":"product_tag","embeddable":true,"href":"https:\/\/chi-statt-botox.com\/pl\/wp-json\/wp\/v2\/product_tag?post=21367"}],"curies":[{"name":"wp","href":"https:\/\/api.w.org\/{rel}","templated":true}]}}