{"id":21371,"date":"2023-02-13T13:27:47","date_gmt":"2023-02-13T12:27:47","guid":{"rendered":"https:\/\/chi-statt-botox.com\/?post_type=product&#038;p=21371"},"modified":"2026-05-03T20:44:25","modified_gmt":"2026-05-03T18:44:25","slug":"aloe-vera-hydrating-conditioner","status":"publish","type":"product","link":"https:\/\/chi-statt-botox.com\/pl\/produkt\/aloe-vera-hydrating-conditioner\/","title":{"rendered":"Od\u017cywka nawil\u017caj\u0105ca z aloesem"},"content":{"rendered":"<p class=\"p1\"><strong><span class=\"s1\">ALOE VERA CONDITIONER 250ml: <\/span><\/strong><span class=\"s1\">v<\/span>po\u017cyczki <strong>Wilgotno\u015b\u0107<\/strong> oraz <strong>G\u0142adko\u015b\u0107<\/strong>, <strong>bez narzekania.\u00a0<\/strong><\/p>\n<p><span data-contrast=\"auto\">Z 46% <strong>\u015bwie\u017cy organiczny sok z aloesu<\/strong> dla wspania\u0142ego <strong>G\u0142\u0119boko nawil\u017caj\u0105ca piel\u0119gnacja dla wszystkich rodzaj\u00f3w w\u0142os\u00f3w<\/strong>. Wyg\u0142adza powierzchni\u0119 w\u0142os\u00f3w, pomaga\u00a0<\/span>aby wyr\u00f3wna\u0107 bilans wilgoci, <strong>Od\u017cywia i chroni w\u0142osy<\/strong>. Od\u017cywka z aloesem poprawia rozczesywalno\u015b\u0107 i podatno\u015b\u0107 na uk\u0142adanie. Kompozycja z czystym sokiem z aloesu*, oliw\u0105 z oliwek*, rozmarynem*, ekstraktem z nasion moringi*, olejem z kie\u0142k\u00f3w pszenicy* i mas\u0142em shea*. <span data-contrast=\"auto\">Wzmacnia razem z szamponem nawil\u017caj\u0105cym Kumari. <strong>naturalna struktura w\u0142os\u00f3w<\/strong> i zapewnia ka\u017cdemu rodzajowi w\u0142os\u00f3w wspania\u0142e <strong>G\u0142adko\u015b\u0107<\/strong>. Bez silikon\u00f3w.<\/span><span data-ccp-props=\"{&quot;201341983&quot;:0,&quot;335559739&quot;:160,&quot;335559740&quot;:259}\">\u00a0<\/span><\/p>\n<p><span data-contrast=\"auto\">*z certyfikowanych upraw ekologicznych<\/span><span data-ccp-props=\"{&quot;201341983&quot;:0,&quot;335559739&quot;:160,&quot;335559740&quot;:259}\">\u00a0<\/span><\/p>\n<p class=\"p1\"><span class=\"s1\"><b>SOK Z ALOESU ZAMIAST WODY<\/b><\/span><\/p>\n<p>\u015awie\u017cy sok z aloesu u\u017cyty do produkcji tego szamponu pochodzi z kontrolowanych ekologicznych i zr\u00f3wnowa\u017conych upraw w kilku krajach - w pe\u0142nym s\u0142o\u0144cu i wolno rosn\u0105cych, dzi\u0119ki czemu wszystkie sk\u0142adniki mog\u0105 tworzy\u0107 si\u0119 w li\u015bciach ro\u015bliny.\u00a0<span class=\"s1\">Idealne wsp\u00f3\u0142granie tych\u00a0<strong>Ponad 160 substancji witalnych w soku z aloesu<\/strong>\u00a0jest powodem jego\u00a0<strong>wysoka skuteczno\u015b\u0107<\/strong>dla zdrowia i urody.<\/span><\/p>\n<p>W produktach Kumari ca\u0142a zawarto\u015b\u0107 wody jest zast\u0105piona \u015bwie\u017cym organicznym sokiem z aloesu. To w\u0142a\u015bnie sprawia, \u017ce produkty s\u0105 tak warto\u015bciowe i skuteczne.<\/p>\n<p><strong>HAARTYP<\/strong><\/p>\n<p>Odpowiedni dla wszystkich rodzaj\u00f3w w\u0142os\u00f3w.<\/p>\n<p style=\"font-weight: 400;\"><strong>WNIOSEK<\/strong><\/p>\n<ul>\n<li>Na\u0142\u00f3\u017c od\u017cywk\u0119 na wilgotne w\u0142osy po umyciu ich szamponem.<\/li>\n<li>Pozw\u00f3l dzia\u0142a\u0107 kr\u00f3tko<\/li>\n<li>P\u0142ukanie<\/li>\n<li>Gotowy<\/li>\n<\/ul>\n<p><strong>SK\u0141ADNIKI AKTYWNE:<\/strong><\/p>\n<p><strong>Sok z aloesu<\/strong> (Aloe Barbadensis (Aloe Vera) Leaf Juice) zapewnia intensywne nawil\u017cenie i uczucie \u015bwie\u017co\u015bci na sk\u00f3rze; ma w\u0142a\u015bciwo\u015bci transportowania innych sk\u0142adnik\u00f3w od\u017cywczych bezpo\u015brednio do kom\u00f3rek.<\/p>\n<p><strong>Mas\u0142o shea<\/strong> (Butyrospermum Parkii (Shea) Butter) reguluje poziom nawil\u017cenia sk\u00f3ry, dzia\u0142a nawil\u017caj\u0105co, \u0142agodz\u0105co i wyg\u0142adzaj\u0105co.<\/p>\n<p><strong>Olej moringa<\/strong> (ekstrakt z nasion Moringa Oleifera) bogaty w niezliczone sk\u0142adniki od\u017cywcze, witaminy i minera\u0142y, idealny do naturalnej i delikatnej piel\u0119gnacji sk\u00f3ry i w\u0142os\u00f3w, pozostawia w\u0142osy zdrowe i mocne.<\/p>\n<p><strong>Ekstrakt z lawendy<\/strong> (Lavandula Angustifolia Flower Extract) \u0142agodzi podra\u017cnion\u0105 sk\u00f3r\u0119, stymuluje regeneracj\u0119 kom\u00f3rek sk\u00f3ry, pomaga zrelaksowa\u0107 si\u0119 i wyg\u0142adzi\u0107 powierzchni\u0119 sk\u00f3ry.<\/p>\n<p><strong>Oliwa z oliwek<\/strong> (Olea Eurapaea (Olive) Fruit Oil) jest odpowiedni do piel\u0119gnacji sk\u00f3ry normalnej i mieszanej, bardzo dobrze tolerowany przez sk\u00f3r\u0119.<\/p>\n<p><strong>Ekstrakt z rozmarynu<\/strong> (ekstrakt z li\u015bci Rosmarinus Officinalis) nadaje zm\u0119czonej i poszarza\u0142ej sk\u00f3rze bardziej witalny i \u015bwie\u017cy wygl\u0105d, dzia\u0142a koj\u0105co na sk\u00f3r\u0119 g\u0142owy.<\/p>\n<p><strong>Olej z kie\u0142k\u00f3w pszenicy<\/strong> (Triticum Vulgare Germ Oil) jest szczeg\u00f3lnie odpowiedni do piel\u0119gnacji suchej i dojrza\u0142ej sk\u00f3ry oraz suchych w\u0142os\u00f3w.<\/p>\n<p><b>SK\u0141ADNIKI:<\/b><\/p>\n<p>Organiczny ekstrakt z li\u015bci Aloe Barbadensis* (46%), Aqua, Cetearyl Alcohol, ekstrakt z owoc\u00f3w Olea Europaea*, Glycerin, Cetearyl Glucoside, Octyldodecanol, ekstrakt z li\u015bci Rosmarinus Officinalis*, ekstrakt z kwiat\u00f3w Lavandula Angustifolia*, Butyrospermumparkii butter*, Triticum Vulgare germ oil*, Sodium benzoate, Parfum, Benzyl Alcohol, Moringa Oleifera Seed Extract, Sodium Dehydroacetate, Algin, Salicylic Acid, Sorbic Acid, Citric Acid, Maltodextrin, Linalool, Geraniol<\/p>\n<p><em>*Z naturalnych upraw.<\/em><\/p>\n<p>KUMARI-Produkte Vertriebs GmbH \/ Stutterheimstr. 16 \/ 1150 Wiede\u0144 \/ Austria \/ office@kumari.at<\/p>","protected":false},"excerpt":{"rendered":"<ul class=\"valores\">\n<li>Piel\u0119gnacja g\u0142\u0119boko nawil\u017caj\u0105ca<\/li>\n<li>Odpowiedni dla wszystkich rodzaj\u00f3w w\u0142os\u00f3w<\/li>\n<li>Poprawia rozczesywalno\u015b\u0107<\/li>\n<li>46% \u015bwie\u017cy sok z aloesu<\/li>\n<li>Wega\u0144ski<\/li>\n<\/ul>","protected":false},"featured_media":21372,"template":"","meta":{"_acf_changed":false,"_et_pb_use_builder":"","_et_pb_old_content":"","_et_gb_content_width":""},"product_brand":[],"product_cat":[172],"product_tag":[],"class_list":{"0":"post-21371","1":"product","2":"type-product","3":"status-publish","4":"has-post-thumbnail","6":"product_cat-kosmetik","8":"first","9":"instock","10":"taxable","11":"shipping-taxable","12":"purchasable","13":"product-type-simple"},"acf":[],"yoast_head":"<!-- This site is optimized with the Yoast SEO plugin v26.4 - https:\/\/yoast.com\/wordpress\/plugins\/seo\/ -->\n<title>Aloe Vera Hydrating Conditioner - Chi statt Botox<\/title>\n<meta name=\"robots\" content=\"index, follow, max-snippet:-1, max-image-preview:large, max-video-preview:-1\" \/>\n<link rel=\"canonical\" href=\"https:\/\/chi-statt-botox.com\/pl\/produkt\/aloe-vera-hydrating-conditioner\/\" \/>\n<meta property=\"og:locale\" content=\"pl_PL\" \/>\n<meta property=\"og:type\" content=\"article\" \/>\n<meta property=\"og:title\" content=\"Aloe Vera Hydrating Conditioner - Chi statt Botox\" \/>\n<meta property=\"og:description\" content=\"Tiefenwirksame Feuchtigkeitspflege  F\u00fcr alle Haartypen geeignet  Verbessert die K\u00e4mmbarkeit  46% frischer Aloe Vera Saft  Vegan\" \/>\n<meta property=\"og:url\" content=\"https:\/\/chi-statt-botox.com\/pl\/produkt\/aloe-vera-hydrating-conditioner\/\" \/>\n<meta property=\"og:site_name\" content=\"Chi statt Botox\" \/>\n<meta property=\"article:modified_time\" content=\"2026-05-03T18:44:25+00:00\" \/>\n<meta property=\"og:image\" content=\"https:\/\/chi-statt-botox.com\/wp-content\/uploads\/Conditioner.jpg\" \/>\n\t<meta property=\"og:image:width\" content=\"1280\" \/>\n\t<meta property=\"og:image:height\" content=\"1280\" \/>\n\t<meta property=\"og:image:type\" content=\"image\/jpeg\" \/>\n<meta name=\"twitter:card\" content=\"summary_large_image\" \/>\n<meta name=\"twitter:label1\" content=\"Szacowany czas czytania\" \/>\n\t<meta name=\"twitter:data1\" content=\"3 minuty\" \/>\n<script type=\"application\/ld+json\" class=\"yoast-schema-graph\">{\"@context\":\"https:\/\/schema.org\",\"@graph\":[{\"@type\":\"WebPage\",\"@id\":\"https:\/\/chi-statt-botox.com\/produkt\/aloe-vera-hydrating-conditioner\/\",\"url\":\"https:\/\/chi-statt-botox.com\/produkt\/aloe-vera-hydrating-conditioner\/\",\"name\":\"Aloe Vera Hydrating Conditioner - Chi statt Botox\",\"isPartOf\":{\"@id\":\"https:\/\/chi-statt-botox.com\/#website\"},\"primaryImageOfPage\":{\"@id\":\"https:\/\/chi-statt-botox.com\/produkt\/aloe-vera-hydrating-conditioner\/#primaryimage\"},\"image\":{\"@id\":\"https:\/\/chi-statt-botox.com\/produkt\/aloe-vera-hydrating-conditioner\/#primaryimage\"},\"thumbnailUrl\":\"https:\/\/chi-statt-botox.com\/wp-content\/uploads\/Conditioner.jpg\",\"datePublished\":\"2023-02-13T12:27:47+00:00\",\"dateModified\":\"2026-05-03T18:44:25+00:00\",\"breadcrumb\":{\"@id\":\"https:\/\/chi-statt-botox.com\/produkt\/aloe-vera-hydrating-conditioner\/#breadcrumb\"},\"inLanguage\":\"pl-PL\",\"potentialAction\":[{\"@type\":\"ReadAction\",\"target\":[\"https:\/\/chi-statt-botox.com\/produkt\/aloe-vera-hydrating-conditioner\/\"]}]},{\"@type\":\"ImageObject\",\"inLanguage\":\"pl-PL\",\"@id\":\"https:\/\/chi-statt-botox.com\/produkt\/aloe-vera-hydrating-conditioner\/#primaryimage\",\"url\":\"https:\/\/chi-statt-botox.com\/wp-content\/uploads\/Conditioner.jpg\",\"contentUrl\":\"https:\/\/chi-statt-botox.com\/wp-content\/uploads\/Conditioner.jpg\",\"width\":1280,\"height\":1280},{\"@type\":\"BreadcrumbList\",\"@id\":\"https:\/\/chi-statt-botox.com\/produkt\/aloe-vera-hydrating-conditioner\/#breadcrumb\",\"itemListElement\":[{\"@type\":\"ListItem\",\"position\":1,\"name\":\"Startseite\",\"item\":\"https:\/\/chi-statt-botox.com\/\"},{\"@type\":\"ListItem\",\"position\":2,\"name\":\"Produkte\",\"item\":\"https:\/\/chi-statt-botox.com\/shop\/\"},{\"@type\":\"ListItem\",\"position\":3,\"name\":\"Aloe Vera Hydrating Conditioner\"}]},{\"@type\":\"WebSite\",\"@id\":\"https:\/\/chi-statt-botox.com\/#website\",\"url\":\"https:\/\/chi-statt-botox.com\/\",\"name\":\"Chi statt Botox\",\"description\":\"Falten wegzaubern, Haut straffen\",\"potentialAction\":[{\"@type\":\"SearchAction\",\"target\":{\"@type\":\"EntryPoint\",\"urlTemplate\":\"https:\/\/chi-statt-botox.com\/?s={search_term_string}\"},\"query-input\":{\"@type\":\"PropertyValueSpecification\",\"valueRequired\":true,\"valueName\":\"search_term_string\"}}],\"inLanguage\":\"pl-PL\"}]}<\/script>\n<!-- \/ Yoast SEO plugin. -->","yoast_head_json":{"title":"Aloe Vera Hydrating Conditioner - Chi statt Botox","robots":{"index":"index","follow":"follow","max-snippet":"max-snippet:-1","max-image-preview":"max-image-preview:large","max-video-preview":"max-video-preview:-1"},"canonical":"https:\/\/chi-statt-botox.com\/pl\/produkt\/aloe-vera-hydrating-conditioner\/","og_locale":"pl_PL","og_type":"article","og_title":"Aloe Vera Hydrating Conditioner - Chi statt Botox","og_description":"Tiefenwirksame Feuchtigkeitspflege  F\u00fcr alle Haartypen geeignet  Verbessert die K\u00e4mmbarkeit  46% frischer Aloe Vera Saft  Vegan","og_url":"https:\/\/chi-statt-botox.com\/pl\/produkt\/aloe-vera-hydrating-conditioner\/","og_site_name":"Chi statt Botox","article_modified_time":"2026-05-03T18:44:25+00:00","og_image":[{"width":1280,"height":1280,"url":"https:\/\/chi-statt-botox.com\/wp-content\/uploads\/Conditioner.jpg","type":"image\/jpeg"}],"twitter_card":"summary_large_image","twitter_misc":{"Szacowany czas czytania":"3 minuty"},"schema":{"@context":"https:\/\/schema.org","@graph":[{"@type":"WebPage","@id":"https:\/\/chi-statt-botox.com\/produkt\/aloe-vera-hydrating-conditioner\/","url":"https:\/\/chi-statt-botox.com\/produkt\/aloe-vera-hydrating-conditioner\/","name":"Aloe Vera Hydrating Conditioner - Chi statt Botox","isPartOf":{"@id":"https:\/\/chi-statt-botox.com\/#website"},"primaryImageOfPage":{"@id":"https:\/\/chi-statt-botox.com\/produkt\/aloe-vera-hydrating-conditioner\/#primaryimage"},"image":{"@id":"https:\/\/chi-statt-botox.com\/produkt\/aloe-vera-hydrating-conditioner\/#primaryimage"},"thumbnailUrl":"https:\/\/chi-statt-botox.com\/wp-content\/uploads\/Conditioner.jpg","datePublished":"2023-02-13T12:27:47+00:00","dateModified":"2026-05-03T18:44:25+00:00","breadcrumb":{"@id":"https:\/\/chi-statt-botox.com\/produkt\/aloe-vera-hydrating-conditioner\/#breadcrumb"},"inLanguage":"pl-PL","potentialAction":[{"@type":"ReadAction","target":["https:\/\/chi-statt-botox.com\/produkt\/aloe-vera-hydrating-conditioner\/"]}]},{"@type":"ImageObject","inLanguage":"pl-PL","@id":"https:\/\/chi-statt-botox.com\/produkt\/aloe-vera-hydrating-conditioner\/#primaryimage","url":"https:\/\/chi-statt-botox.com\/wp-content\/uploads\/Conditioner.jpg","contentUrl":"https:\/\/chi-statt-botox.com\/wp-content\/uploads\/Conditioner.jpg","width":1280,"height":1280},{"@type":"BreadcrumbList","@id":"https:\/\/chi-statt-botox.com\/produkt\/aloe-vera-hydrating-conditioner\/#breadcrumb","itemListElement":[{"@type":"ListItem","position":1,"name":"Startseite","item":"https:\/\/chi-statt-botox.com\/"},{"@type":"ListItem","position":2,"name":"Produkte","item":"https:\/\/chi-statt-botox.com\/shop\/"},{"@type":"ListItem","position":3,"name":"Aloe Vera Hydrating Conditioner"}]},{"@type":"WebSite","@id":"https:\/\/chi-statt-botox.com\/#website","url":"https:\/\/chi-statt-botox.com\/","name":"Chi zamiast botoksu","description":"Usuwa zmarszczki, napina sk\u00f3r\u0119","potentialAction":[{"@type":"SearchAction","target":{"@type":"EntryPoint","urlTemplate":"https:\/\/chi-statt-botox.com\/?s={search_term_string}"},"query-input":{"@type":"PropertyValueSpecification","valueRequired":true,"valueName":"search_term_string"}}],"inLanguage":"pl-PL"}]}},"_links":{"self":[{"href":"https:\/\/chi-statt-botox.com\/pl\/wp-json\/wp\/v2\/product\/21371","targetHints":{"allow":["GET"]}}],"collection":[{"href":"https:\/\/chi-statt-botox.com\/pl\/wp-json\/wp\/v2\/product"}],"about":[{"href":"https:\/\/chi-statt-botox.com\/pl\/wp-json\/wp\/v2\/types\/product"}],"wp:featuredmedia":[{"embeddable":true,"href":"https:\/\/chi-statt-botox.com\/pl\/wp-json\/wp\/v2\/media\/21372"}],"wp:attachment":[{"href":"https:\/\/chi-statt-botox.com\/pl\/wp-json\/wp\/v2\/media?parent=21371"}],"wp:term":[{"taxonomy":"product_brand","embeddable":true,"href":"https:\/\/chi-statt-botox.com\/pl\/wp-json\/wp\/v2\/product_brand?post=21371"},{"taxonomy":"product_cat","embeddable":true,"href":"https:\/\/chi-statt-botox.com\/pl\/wp-json\/wp\/v2\/product_cat?post=21371"},{"taxonomy":"product_tag","embeddable":true,"href":"https:\/\/chi-statt-botox.com\/pl\/wp-json\/wp\/v2\/product_tag?post=21371"}],"curies":[{"name":"wp","href":"https:\/\/api.w.org\/{rel}","templated":true}]}}