{"id":22949,"date":"2023-04-03T14:03:10","date_gmt":"2023-04-03T12:03:10","guid":{"rendered":"https:\/\/chi-statt-botox.com\/?post_type=product&#038;p=22949"},"modified":"2026-04-16T11:49:24","modified_gmt":"2026-04-16T09:49:24","slug":"beauty-tape-sensitiv","status":"publish","type":"product","link":"https:\/\/chi-statt-botox.com\/pl\/produkt\/beauty-tape-sensitiv\/","title":{"rendered":"Ta\u015bma Beauty Tape Sensitive"},"content":{"rendered":"<p>Wysokiej jako\u015bci ta\u015bma na twarz, szyj\u0119 i cia\u0142o, oddychaj\u0105ca, przepuszczalna i szybkoschn\u0105ca. Mo\u017ce by\u0107 noszona przez d\u0142ugi czas i mo\u017ce ulec zamoczeniu. Poniewa\u017c jest elastyczna jak sk\u00f3ra, w \u017caden spos\u00f3b nie ogranicza swobody ruch\u00f3w. Jest zadeklarowana jako produkt medyczny klasy 1A. Najlepsze ta\u015bmy pochodz\u0105 z Korei Po\u0142udniowej i Japonii - nasza ta\u015bma pochodzi z Korei Po\u0142udniowej i ma wysokiej jako\u015bci klej z Japonii, \u0142\u0105cz\u0105c do\u015bwiadczenie kraj\u00f3w, kt\u00f3re przoduj\u0105 w tej dziedzinie.<\/p>\n<p>Ta\u015bma zapewnia wysoki poziom komfortu i doskona\u0142\u0105 kompatybilno\u015b\u0107 ze sk\u00f3r\u0105. Nie zawiera rakotw\u00f3rczych substancji szkodliwych i mo\u017cna j\u0105 usun\u0105\u0107 bez pozostawiania \u015blad\u00f3w kleju. Jest trwa\u0142a i niezawodna. Wymiary 5 cm x 5 m.<\/p>\n<p>Nie nale\u017cy przechowywa\u0107 ta\u015bmy na s\u0142o\u0144cu ani w \u0142azience.<\/p>\n<p>Aplikacje limfatyczne s\u0105 noszone przez 1 do 5 godzin, aplikacje mi\u0119\u015bniowe (na twarz) przez 5 do 10 godzin.<\/p>\n<p><a href=\"https:\/\/chi-statt-botox.com\/pl\/beauty-taping\/\" target=\"_blank\" rel=\"noopener\"><strong>-&gt; Kurs online TAPING PI\u0118KNO\u015aCI<\/strong><\/a><\/p>\n<p><strong>Aplikacja wideo <\/strong>(wystarczy klikn\u0105\u0107):<br \/>\n<a href=\"https:\/\/www.youtube.com\/watch?v=eSaPbxLUohU&amp;t=460s\" target=\"_blank\" rel=\"noopener\"><strong>\"Efekt botoksu na zmarszczki (trudno w to uwierzy\u0107)\"<\/strong><\/a><\/p>\n<p>KonProCare - Hauptstra\u00dfe 88 \/ 63879 Weibersbrunn \/ Niemcy \/ info@konprocare.com<\/p>","protected":false},"excerpt":{"rendered":"<ul>\n<li>Klej Sensitive dla szczeg\u00f3lnie wra\u017cliwej sk\u00f3ry<\/li>\n<li>Delikatniejszy w dzia\u0142aniu<\/li>\n<li>Wysokiej jako\u015bci ta\u015bma do twarzy, szyi i cia\u0142a<\/li>\n<li>Zg\u0142oszony jako wyr\u00f3b medyczny klasy 1A<\/li>\n<li>Doskona\u0142a kompatybilno\u015b\u0107 ze sk\u00f3r\u0105 i wysoki komfort noszenia<\/li>\n<li>Nie zawiera szkodliwych substancji rakotw\u00f3rczych<\/li>\n<li>Usuwanie bez pozosta\u0142o\u015bci kleju<\/li>\n<li>Oddychaj\u0105ca i szybkoschn\u0105ca<\/li>\n<li>Czysta bawe\u0142na z elastanem 2%<\/li>\n<\/ul>","protected":false},"featured_media":23668,"template":"","meta":{"_acf_changed":false,"_et_pb_use_builder":"","_et_pb_old_content":"","_et_gb_content_width":""},"product_brand":[],"product_cat":[173],"product_tag":[],"class_list":{"0":"post-22949","1":"product","2":"type-product","3":"status-publish","4":"has-post-thumbnail","6":"product_cat-beauty-taping","8":"first","9":"instock","10":"taxable","11":"shipping-taxable","12":"purchasable","13":"product-type-simple"},"acf":[],"yoast_head":"<!-- This site is optimized with the Yoast SEO plugin v26.4 - https:\/\/yoast.com\/wordpress\/plugins\/seo\/ -->\n<title>Beauty Tape Sensitiv - Chi statt Botox<\/title>\n<meta name=\"robots\" content=\"index, follow, max-snippet:-1, max-image-preview:large, max-video-preview:-1\" \/>\n<link rel=\"canonical\" href=\"https:\/\/chi-statt-botox.com\/pl\/produkt\/beauty-tape-sensitiv\/\" \/>\n<meta property=\"og:locale\" content=\"pl_PL\" \/>\n<meta property=\"og:type\" content=\"article\" \/>\n<meta property=\"og:title\" content=\"Beauty Tape Sensitiv - Chi statt Botox\" \/>\n<meta property=\"og:description\" content=\"Sensitiver Kleber f\u00fcr besonders empfindliche Haut  Sanfter in der Wirkung  Qualit\u00e4tstape f\u00fcr Gesicht, Hals und K\u00f6rper  Als Medizinprodukt Klasse 1A deklariert  Exzellente Hautvertr\u00e4glichkeit und hoher Tragekomfort  Frei von krebserregenden Schadstoffen  Abnahme ohne Kleberr\u00fcckst\u00e4nde  Atmungsaktiv und schnell trocknend  Reine Baumwolle mit 2% Elasthan\" \/>\n<meta property=\"og:url\" content=\"https:\/\/chi-statt-botox.com\/pl\/produkt\/beauty-tape-sensitiv\/\" \/>\n<meta property=\"og:site_name\" content=\"Chi statt Botox\" \/>\n<meta property=\"article:modified_time\" content=\"2026-04-16T09:49:24+00:00\" \/>\n<meta property=\"og:image\" content=\"https:\/\/chi-statt-botox.com\/wp-content\/uploads\/RT_20_DSCF3976_PNG-800x736-1.png\" \/>\n\t<meta property=\"og:image:width\" content=\"800\" \/>\n\t<meta property=\"og:image:height\" content=\"736\" \/>\n\t<meta property=\"og:image:type\" content=\"image\/png\" \/>\n<meta name=\"twitter:card\" content=\"summary_large_image\" \/>\n<meta name=\"twitter:label1\" content=\"Szacowany czas czytania\" \/>\n\t<meta name=\"twitter:data1\" content=\"2 minuty\" \/>\n<script type=\"application\/ld+json\" class=\"yoast-schema-graph\">{\"@context\":\"https:\/\/schema.org\",\"@graph\":[{\"@type\":\"WebPage\",\"@id\":\"https:\/\/chi-statt-botox.com\/produkt\/beauty-tape-sensitiv\/\",\"url\":\"https:\/\/chi-statt-botox.com\/produkt\/beauty-tape-sensitiv\/\",\"name\":\"Beauty Tape Sensitiv - Chi statt Botox\",\"isPartOf\":{\"@id\":\"https:\/\/chi-statt-botox.com\/#website\"},\"primaryImageOfPage\":{\"@id\":\"https:\/\/chi-statt-botox.com\/produkt\/beauty-tape-sensitiv\/#primaryimage\"},\"image\":{\"@id\":\"https:\/\/chi-statt-botox.com\/produkt\/beauty-tape-sensitiv\/#primaryimage\"},\"thumbnailUrl\":\"https:\/\/chi-statt-botox.com\/wp-content\/uploads\/RT_20_DSCF3976_PNG-800x736-1.png\",\"datePublished\":\"2023-04-03T12:03:10+00:00\",\"dateModified\":\"2026-04-16T09:49:24+00:00\",\"breadcrumb\":{\"@id\":\"https:\/\/chi-statt-botox.com\/produkt\/beauty-tape-sensitiv\/#breadcrumb\"},\"inLanguage\":\"pl-PL\",\"potentialAction\":[{\"@type\":\"ReadAction\",\"target\":[\"https:\/\/chi-statt-botox.com\/produkt\/beauty-tape-sensitiv\/\"]}]},{\"@type\":\"ImageObject\",\"inLanguage\":\"pl-PL\",\"@id\":\"https:\/\/chi-statt-botox.com\/produkt\/beauty-tape-sensitiv\/#primaryimage\",\"url\":\"https:\/\/chi-statt-botox.com\/wp-content\/uploads\/RT_20_DSCF3976_PNG-800x736-1.png\",\"contentUrl\":\"https:\/\/chi-statt-botox.com\/wp-content\/uploads\/RT_20_DSCF3976_PNG-800x736-1.png\",\"width\":800,\"height\":736},{\"@type\":\"BreadcrumbList\",\"@id\":\"https:\/\/chi-statt-botox.com\/produkt\/beauty-tape-sensitiv\/#breadcrumb\",\"itemListElement\":[{\"@type\":\"ListItem\",\"position\":1,\"name\":\"Startseite\",\"item\":\"https:\/\/chi-statt-botox.com\/\"},{\"@type\":\"ListItem\",\"position\":2,\"name\":\"Produkte\",\"item\":\"https:\/\/chi-statt-botox.com\/shop\/\"},{\"@type\":\"ListItem\",\"position\":3,\"name\":\"Beauty Tape Sensitiv\"}]},{\"@type\":\"WebSite\",\"@id\":\"https:\/\/chi-statt-botox.com\/#website\",\"url\":\"https:\/\/chi-statt-botox.com\/\",\"name\":\"Chi statt Botox\",\"description\":\"Falten wegzaubern, Haut straffen\",\"potentialAction\":[{\"@type\":\"SearchAction\",\"target\":{\"@type\":\"EntryPoint\",\"urlTemplate\":\"https:\/\/chi-statt-botox.com\/?s={search_term_string}\"},\"query-input\":{\"@type\":\"PropertyValueSpecification\",\"valueRequired\":true,\"valueName\":\"search_term_string\"}}],\"inLanguage\":\"pl-PL\"}]}<\/script>\n<!-- \/ Yoast SEO plugin. -->","yoast_head_json":{"title":"Beauty Tape Sensitiv - Chi statt Botox","robots":{"index":"index","follow":"follow","max-snippet":"max-snippet:-1","max-image-preview":"max-image-preview:large","max-video-preview":"max-video-preview:-1"},"canonical":"https:\/\/chi-statt-botox.com\/pl\/produkt\/beauty-tape-sensitiv\/","og_locale":"pl_PL","og_type":"article","og_title":"Beauty Tape Sensitiv - Chi statt Botox","og_description":"Sensitiver Kleber f\u00fcr besonders empfindliche Haut  Sanfter in der Wirkung  Qualit\u00e4tstape f\u00fcr Gesicht, Hals und K\u00f6rper  Als Medizinprodukt Klasse 1A deklariert  Exzellente Hautvertr\u00e4glichkeit und hoher Tragekomfort  Frei von krebserregenden Schadstoffen  Abnahme ohne Kleberr\u00fcckst\u00e4nde  Atmungsaktiv und schnell trocknend  Reine Baumwolle mit 2% Elasthan","og_url":"https:\/\/chi-statt-botox.com\/pl\/produkt\/beauty-tape-sensitiv\/","og_site_name":"Chi statt Botox","article_modified_time":"2026-04-16T09:49:24+00:00","og_image":[{"width":800,"height":736,"url":"https:\/\/chi-statt-botox.com\/wp-content\/uploads\/RT_20_DSCF3976_PNG-800x736-1.png","type":"image\/png"}],"twitter_card":"summary_large_image","twitter_misc":{"Szacowany czas czytania":"2 minuty"},"schema":{"@context":"https:\/\/schema.org","@graph":[{"@type":"WebPage","@id":"https:\/\/chi-statt-botox.com\/produkt\/beauty-tape-sensitiv\/","url":"https:\/\/chi-statt-botox.com\/produkt\/beauty-tape-sensitiv\/","name":"Beauty Tape Sensitiv - Chi statt Botox","isPartOf":{"@id":"https:\/\/chi-statt-botox.com\/#website"},"primaryImageOfPage":{"@id":"https:\/\/chi-statt-botox.com\/produkt\/beauty-tape-sensitiv\/#primaryimage"},"image":{"@id":"https:\/\/chi-statt-botox.com\/produkt\/beauty-tape-sensitiv\/#primaryimage"},"thumbnailUrl":"https:\/\/chi-statt-botox.com\/wp-content\/uploads\/RT_20_DSCF3976_PNG-800x736-1.png","datePublished":"2023-04-03T12:03:10+00:00","dateModified":"2026-04-16T09:49:24+00:00","breadcrumb":{"@id":"https:\/\/chi-statt-botox.com\/produkt\/beauty-tape-sensitiv\/#breadcrumb"},"inLanguage":"pl-PL","potentialAction":[{"@type":"ReadAction","target":["https:\/\/chi-statt-botox.com\/produkt\/beauty-tape-sensitiv\/"]}]},{"@type":"ImageObject","inLanguage":"pl-PL","@id":"https:\/\/chi-statt-botox.com\/produkt\/beauty-tape-sensitiv\/#primaryimage","url":"https:\/\/chi-statt-botox.com\/wp-content\/uploads\/RT_20_DSCF3976_PNG-800x736-1.png","contentUrl":"https:\/\/chi-statt-botox.com\/wp-content\/uploads\/RT_20_DSCF3976_PNG-800x736-1.png","width":800,"height":736},{"@type":"BreadcrumbList","@id":"https:\/\/chi-statt-botox.com\/produkt\/beauty-tape-sensitiv\/#breadcrumb","itemListElement":[{"@type":"ListItem","position":1,"name":"Startseite","item":"https:\/\/chi-statt-botox.com\/"},{"@type":"ListItem","position":2,"name":"Produkte","item":"https:\/\/chi-statt-botox.com\/shop\/"},{"@type":"ListItem","position":3,"name":"Beauty Tape Sensitiv"}]},{"@type":"WebSite","@id":"https:\/\/chi-statt-botox.com\/#website","url":"https:\/\/chi-statt-botox.com\/","name":"Chi zamiast botoksu","description":"Usuwa zmarszczki, napina sk\u00f3r\u0119","potentialAction":[{"@type":"SearchAction","target":{"@type":"EntryPoint","urlTemplate":"https:\/\/chi-statt-botox.com\/?s={search_term_string}"},"query-input":{"@type":"PropertyValueSpecification","valueRequired":true,"valueName":"search_term_string"}}],"inLanguage":"pl-PL"}]}},"_links":{"self":[{"href":"https:\/\/chi-statt-botox.com\/pl\/wp-json\/wp\/v2\/product\/22949","targetHints":{"allow":["GET"]}}],"collection":[{"href":"https:\/\/chi-statt-botox.com\/pl\/wp-json\/wp\/v2\/product"}],"about":[{"href":"https:\/\/chi-statt-botox.com\/pl\/wp-json\/wp\/v2\/types\/product"}],"wp:featuredmedia":[{"embeddable":true,"href":"https:\/\/chi-statt-botox.com\/pl\/wp-json\/wp\/v2\/media\/23668"}],"wp:attachment":[{"href":"https:\/\/chi-statt-botox.com\/pl\/wp-json\/wp\/v2\/media?parent=22949"}],"wp:term":[{"taxonomy":"product_brand","embeddable":true,"href":"https:\/\/chi-statt-botox.com\/pl\/wp-json\/wp\/v2\/product_brand?post=22949"},{"taxonomy":"product_cat","embeddable":true,"href":"https:\/\/chi-statt-botox.com\/pl\/wp-json\/wp\/v2\/product_cat?post=22949"},{"taxonomy":"product_tag","embeddable":true,"href":"https:\/\/chi-statt-botox.com\/pl\/wp-json\/wp\/v2\/product_tag?post=22949"}],"curies":[{"name":"wp","href":"https:\/\/api.w.org\/{rel}","templated":true}]}}