{"id":23018,"date":"2023-04-06T12:26:45","date_gmt":"2023-04-06T10:26:45","guid":{"rendered":"https:\/\/chi-statt-botox.com\/?post_type=product&#038;p=23018"},"modified":"2026-04-06T19:01:44","modified_gmt":"2026-04-06T17:01:44","slug":"taping-schere","status":"publish","type":"product","link":"https:\/\/chi-statt-botox.com\/pl\/produkt\/taping-schere\/","title":{"rendered":"No\u017cyczki do tapingu"},"content":{"rendered":"<p>Ostrza no\u017cyczek Rea Tape s\u0105 nast\u0119puj\u0105ce <strong>Pow\u0142oka nieprzywieraj\u0105ca<\/strong>aby utworzy\u0107 <strong>Unikaj przywierania powierzchni tn\u0105cych<\/strong>. No\u017cyczki wykonane z czerwonego materia\u0142u s\u0105 idealne do szybkiego i \u0142atwego ci\u0119cia ta\u015bmy. Maj\u0105 bardzo ostre ostrza i ergonomicznie ukszta\u0142towany gumowy uchwyt, dzi\u0119ki czemu s\u0105 wygodne i bezpieczne w trzymaniu.<\/p>\n<p>Mo\u017cna je czy\u015bci\u0107 za pomoc\u0105 g\u0105bki i p\u0142ynu do mycia naczy\u0144. Alternatywnie mo\u017cna natrze\u0107 je olejem kuchennym i usun\u0105\u0107 mi\u0119kk\u0105 \u015bciereczk\u0105.<\/p>\n<p><a href=\"https:\/\/chi-statt-botox.com\/pl\/beauty-taping\/\" target=\"_blank\" rel=\"noopener\"><strong>-&gt; Kurs online TAPING PI\u0118KNO\u015aCI<\/strong><\/a><\/p>\n<p><strong>Informacje o produkcie <\/strong>(wystarczy klikn\u0105\u0107):<br \/>\n<a href=\"https:\/\/www.youtube.com\/watch?v=eSaPbxLUohU&amp;t=460s\" target=\"_blank\" rel=\"noopener\"><strong>\"Efekt botoksu na zmarszczki (trudno w to uwierzy\u0107)\"<\/strong><\/a><\/p>\n<p>KonProCare - Hauptstra\u00dfe 88 \/ 63879 Weibersbrunn \/ Niemcy \/ info@konprocare.com<\/p>","protected":false},"excerpt":{"rendered":"<ul>\n<li>Nieprzywieraj\u0105ca pow\u0142oka zapobiegaj\u0105ca przywieraniu<\/li>\n<li>Idealny do wygodnego i szybkiego ci\u0119cia ta\u015bm<\/li>\n<li>Offset z bardzo ostrymi ostrzami<\/li>\n<li>Ergonomicznie uformowany gumowy uchwyt<\/li>\n<\/ul>","protected":false},"featured_media":22954,"template":"","meta":{"_acf_changed":false,"_et_pb_use_builder":"","_et_pb_old_content":"","_et_gb_content_width":""},"product_brand":[],"product_cat":[173],"product_tag":[],"class_list":{"0":"post-23018","1":"product","2":"type-product","3":"status-publish","4":"has-post-thumbnail","6":"product_cat-beauty-taping","8":"first","9":"instock","10":"taxable","11":"shipping-taxable","12":"purchasable","13":"product-type-simple"},"acf":[],"yoast_head":"<!-- This site is optimized with the Yoast SEO plugin v26.4 - https:\/\/yoast.com\/wordpress\/plugins\/seo\/ -->\n<title>Taping Schere - Chi statt Botox<\/title>\n<meta name=\"robots\" content=\"index, follow, max-snippet:-1, max-image-preview:large, max-video-preview:-1\" \/>\n<link rel=\"canonical\" href=\"https:\/\/chi-statt-botox.com\/pl\/produkt\/taping-schere\/\" \/>\n<meta property=\"og:locale\" content=\"pl_PL\" \/>\n<meta property=\"og:type\" content=\"article\" \/>\n<meta property=\"og:title\" content=\"Taping Schere - Chi statt Botox\" \/>\n<meta property=\"og:description\" content=\"Antihaftbeschichtet, um ein Verkleben zu verhindern  Optimal f\u00fcr bequemen und schnellen Zuschnitt der Tapes  Mit extra scharfen Klingen versetzt  Ergonomisch geformter Gummigriff\" \/>\n<meta property=\"og:url\" content=\"https:\/\/chi-statt-botox.com\/pl\/produkt\/taping-schere\/\" \/>\n<meta property=\"og:site_name\" content=\"Chi statt Botox\" \/>\n<meta property=\"article:modified_time\" content=\"2026-04-06T17:01:44+00:00\" \/>\n<meta property=\"og:image\" content=\"https:\/\/chi-statt-botox.com\/wp-content\/uploads\/Schere_clipped_rev_1-e1680527389875.png\" \/>\n\t<meta property=\"og:image:width\" content=\"800\" \/>\n\t<meta property=\"og:image:height\" content=\"736\" \/>\n\t<meta property=\"og:image:type\" content=\"image\/png\" \/>\n<meta name=\"twitter:card\" content=\"summary_large_image\" \/>\n<meta name=\"twitter:label1\" content=\"Szacowany czas czytania\" \/>\n\t<meta name=\"twitter:data1\" content=\"1 minuta\" \/>\n<script type=\"application\/ld+json\" class=\"yoast-schema-graph\">{\"@context\":\"https:\/\/schema.org\",\"@graph\":[{\"@type\":\"WebPage\",\"@id\":\"https:\/\/chi-statt-botox.com\/produkt\/taping-schere\/\",\"url\":\"https:\/\/chi-statt-botox.com\/produkt\/taping-schere\/\",\"name\":\"Taping Schere - Chi statt Botox\",\"isPartOf\":{\"@id\":\"https:\/\/chi-statt-botox.com\/#website\"},\"primaryImageOfPage\":{\"@id\":\"https:\/\/chi-statt-botox.com\/produkt\/taping-schere\/#primaryimage\"},\"image\":{\"@id\":\"https:\/\/chi-statt-botox.com\/produkt\/taping-schere\/#primaryimage\"},\"thumbnailUrl\":\"https:\/\/chi-statt-botox.com\/wp-content\/uploads\/Schere_clipped_rev_1-e1680527389875.png\",\"datePublished\":\"2023-04-06T10:26:45+00:00\",\"dateModified\":\"2026-04-06T17:01:44+00:00\",\"breadcrumb\":{\"@id\":\"https:\/\/chi-statt-botox.com\/produkt\/taping-schere\/#breadcrumb\"},\"inLanguage\":\"pl-PL\",\"potentialAction\":[{\"@type\":\"ReadAction\",\"target\":[\"https:\/\/chi-statt-botox.com\/produkt\/taping-schere\/\"]}]},{\"@type\":\"ImageObject\",\"inLanguage\":\"pl-PL\",\"@id\":\"https:\/\/chi-statt-botox.com\/produkt\/taping-schere\/#primaryimage\",\"url\":\"https:\/\/chi-statt-botox.com\/wp-content\/uploads\/Schere_clipped_rev_1-e1680527389875.png\",\"contentUrl\":\"https:\/\/chi-statt-botox.com\/wp-content\/uploads\/Schere_clipped_rev_1-e1680527389875.png\",\"width\":800,\"height\":736},{\"@type\":\"BreadcrumbList\",\"@id\":\"https:\/\/chi-statt-botox.com\/produkt\/taping-schere\/#breadcrumb\",\"itemListElement\":[{\"@type\":\"ListItem\",\"position\":1,\"name\":\"Startseite\",\"item\":\"https:\/\/chi-statt-botox.com\/\"},{\"@type\":\"ListItem\",\"position\":2,\"name\":\"Produkte\",\"item\":\"https:\/\/chi-statt-botox.com\/shop\/\"},{\"@type\":\"ListItem\",\"position\":3,\"name\":\"Taping Schere\"}]},{\"@type\":\"WebSite\",\"@id\":\"https:\/\/chi-statt-botox.com\/#website\",\"url\":\"https:\/\/chi-statt-botox.com\/\",\"name\":\"Chi statt Botox\",\"description\":\"Falten wegzaubern, Haut straffen\",\"potentialAction\":[{\"@type\":\"SearchAction\",\"target\":{\"@type\":\"EntryPoint\",\"urlTemplate\":\"https:\/\/chi-statt-botox.com\/?s={search_term_string}\"},\"query-input\":{\"@type\":\"PropertyValueSpecification\",\"valueRequired\":true,\"valueName\":\"search_term_string\"}}],\"inLanguage\":\"pl-PL\"}]}<\/script>\n<!-- \/ Yoast SEO plugin. -->","yoast_head_json":{"title":"Taping Schere - Chi statt Botox","robots":{"index":"index","follow":"follow","max-snippet":"max-snippet:-1","max-image-preview":"max-image-preview:large","max-video-preview":"max-video-preview:-1"},"canonical":"https:\/\/chi-statt-botox.com\/pl\/produkt\/taping-schere\/","og_locale":"pl_PL","og_type":"article","og_title":"Taping Schere - Chi statt Botox","og_description":"Antihaftbeschichtet, um ein Verkleben zu verhindern  Optimal f\u00fcr bequemen und schnellen Zuschnitt der Tapes  Mit extra scharfen Klingen versetzt  Ergonomisch geformter Gummigriff","og_url":"https:\/\/chi-statt-botox.com\/pl\/produkt\/taping-schere\/","og_site_name":"Chi statt Botox","article_modified_time":"2026-04-06T17:01:44+00:00","og_image":[{"width":800,"height":736,"url":"https:\/\/chi-statt-botox.com\/wp-content\/uploads\/Schere_clipped_rev_1-e1680527389875.png","type":"image\/png"}],"twitter_card":"summary_large_image","twitter_misc":{"Szacowany czas czytania":"1 minuta"},"schema":{"@context":"https:\/\/schema.org","@graph":[{"@type":"WebPage","@id":"https:\/\/chi-statt-botox.com\/produkt\/taping-schere\/","url":"https:\/\/chi-statt-botox.com\/produkt\/taping-schere\/","name":"Taping Schere - Chi statt Botox","isPartOf":{"@id":"https:\/\/chi-statt-botox.com\/#website"},"primaryImageOfPage":{"@id":"https:\/\/chi-statt-botox.com\/produkt\/taping-schere\/#primaryimage"},"image":{"@id":"https:\/\/chi-statt-botox.com\/produkt\/taping-schere\/#primaryimage"},"thumbnailUrl":"https:\/\/chi-statt-botox.com\/wp-content\/uploads\/Schere_clipped_rev_1-e1680527389875.png","datePublished":"2023-04-06T10:26:45+00:00","dateModified":"2026-04-06T17:01:44+00:00","breadcrumb":{"@id":"https:\/\/chi-statt-botox.com\/produkt\/taping-schere\/#breadcrumb"},"inLanguage":"pl-PL","potentialAction":[{"@type":"ReadAction","target":["https:\/\/chi-statt-botox.com\/produkt\/taping-schere\/"]}]},{"@type":"ImageObject","inLanguage":"pl-PL","@id":"https:\/\/chi-statt-botox.com\/produkt\/taping-schere\/#primaryimage","url":"https:\/\/chi-statt-botox.com\/wp-content\/uploads\/Schere_clipped_rev_1-e1680527389875.png","contentUrl":"https:\/\/chi-statt-botox.com\/wp-content\/uploads\/Schere_clipped_rev_1-e1680527389875.png","width":800,"height":736},{"@type":"BreadcrumbList","@id":"https:\/\/chi-statt-botox.com\/produkt\/taping-schere\/#breadcrumb","itemListElement":[{"@type":"ListItem","position":1,"name":"Startseite","item":"https:\/\/chi-statt-botox.com\/"},{"@type":"ListItem","position":2,"name":"Produkte","item":"https:\/\/chi-statt-botox.com\/shop\/"},{"@type":"ListItem","position":3,"name":"Taping Schere"}]},{"@type":"WebSite","@id":"https:\/\/chi-statt-botox.com\/#website","url":"https:\/\/chi-statt-botox.com\/","name":"Chi zamiast botoksu","description":"Usuwa zmarszczki, napina sk\u00f3r\u0119","potentialAction":[{"@type":"SearchAction","target":{"@type":"EntryPoint","urlTemplate":"https:\/\/chi-statt-botox.com\/?s={search_term_string}"},"query-input":{"@type":"PropertyValueSpecification","valueRequired":true,"valueName":"search_term_string"}}],"inLanguage":"pl-PL"}]}},"_links":{"self":[{"href":"https:\/\/chi-statt-botox.com\/pl\/wp-json\/wp\/v2\/product\/23018","targetHints":{"allow":["GET"]}}],"collection":[{"href":"https:\/\/chi-statt-botox.com\/pl\/wp-json\/wp\/v2\/product"}],"about":[{"href":"https:\/\/chi-statt-botox.com\/pl\/wp-json\/wp\/v2\/types\/product"}],"wp:featuredmedia":[{"embeddable":true,"href":"https:\/\/chi-statt-botox.com\/pl\/wp-json\/wp\/v2\/media\/22954"}],"wp:attachment":[{"href":"https:\/\/chi-statt-botox.com\/pl\/wp-json\/wp\/v2\/media?parent=23018"}],"wp:term":[{"taxonomy":"product_brand","embeddable":true,"href":"https:\/\/chi-statt-botox.com\/pl\/wp-json\/wp\/v2\/product_brand?post=23018"},{"taxonomy":"product_cat","embeddable":true,"href":"https:\/\/chi-statt-botox.com\/pl\/wp-json\/wp\/v2\/product_cat?post=23018"},{"taxonomy":"product_tag","embeddable":true,"href":"https:\/\/chi-statt-botox.com\/pl\/wp-json\/wp\/v2\/product_tag?post=23018"}],"curies":[{"name":"wp","href":"https:\/\/api.w.org\/{rel}","templated":true}]}}