{"id":24242,"date":"2023-05-08T11:05:23","date_gmt":"2023-05-08T09:05:23","guid":{"rendered":"https:\/\/chi-statt-botox.com\/?post_type=product&#038;p=24242"},"modified":"2026-03-17T21:18:14","modified_gmt":"2026-03-17T20:18:14","slug":"omnilux-contour-face-mask","status":"publish","type":"product","link":"https:\/\/chi-statt-botox.com\/pl\/produkt\/omnilux-contour-face-mask\/","title":{"rendered":"Maska do twarzy Omnilux Contour"},"content":{"rendered":"<p>The <strong>najpot\u0119\u017cniejszy<\/strong> elastyczne urz\u0105dzenie LED dost\u0119pne obecnie na rynku. Urz\u0105dzenie wykorzystuje zoptymalizowan\u0105 moc wyj\u015bciow\u0105 ~35 mW\/cm\u00b2. Ta moc wyj\u015bciowa zosta\u0142a <strong>na podstawie danych klinicznych<\/strong> od Omnilux jako <strong>optymalny do stymulacji kom\u00f3rek<\/strong> obliczono.<\/p>\n<p>Stosowane s\u0105 dwie klinicznie sprawdzone d\u0142ugo\u015bci fal \u015bwiat\u0142a (czerwona i bliska podczerwie\u0144), kt\u00f3re dzia\u0142aj\u0105 na poziomie kom\u00f3rkowym i <strong>nowy kolagen<\/strong> stymulowa\u0107. To <strong>redukuje drobne linie, zmarszczki, uszkodzenia s\u0142oneczne i widoczne oznaki starzenia.<\/strong><\/p>\n<p>W sumie 132 diody LED, 66 czerwonych i 66 emituj\u0105cych \u015bwiat\u0142o bliskiej podczerwieni. Czerwone i bliskie podczerwieni diody LED s\u0105 zamkni\u0119te w 66 podw\u00f3jnych \u017car\u00f3wkach.<\/p>\n<p>The <strong>czerwony<\/strong> D\u0142ugo\u015b\u0107 fali (633 nm) <strong>Zmniejsza stany zapalne, przebarwienia i zaczerwienienia<\/strong> i promuje <strong>Naprawa kom\u00f3rek<\/strong> oraz <strong>Obieg kom\u00f3rek<\/strong> dla o\u017cywionej cery.<\/p>\n<p>The <strong>bliska podczerwie\u0144<\/strong> D\u0142ugo\u015b\u0107 fali (830 nm) jest skierowana na <strong>g\u0142\u0119biej po\u0142o\u017cone kom\u00f3rki fibroblast\u00f3w<\/strong> i stymuluje <strong>Produkcja nowego kolagenu i elastyny<\/strong>co prowadzi do pulchniejszej, j\u0119drniejszej i m\u0142odziej wygl\u0105daj\u0105cej sk\u00f3ry.<\/p>\n<p>Z <strong>Ponad 40 recenzowanych bada\u0144 klinicznych<\/strong> Dzi\u0119ki prawie 20-letniemu do\u015bwiadczeniu technologia Omnilux okaza\u0142a si\u0119 bardzo bezpieczna dla wszystkich rodzaj\u00f3w sk\u00f3ry, bez skutk\u00f3w ubocznych i bez b\u00f3lu. Maska nie generuje ciep\u0142a ani \u015bwiat\u0142a UV.<\/p>\n<p>Przy konsekwentnym stosowaniu pierwsze rezultaty powinny by\u0107 widoczne po 4 tygodniach. Zaleca si\u0119 korzystanie z urz\u0105dzenia <strong>3-5 razy w tygodniu<\/strong> do stosowania przez 4-6 tygodni. Kontynuowa\u0107 po pierwszych 6 tygodniach w zale\u017cno\u015bci od stylu \u017cycia i potrzeb piel\u0119gnacyjnych sk\u00f3ry.<\/p>\n<p>Maska <strong>przed zastosowaniem produkt\u00f3w piel\u0119gnacyjnych<\/strong> aby unikn\u0105\u0107 bariery mi\u0119dzy sk\u00f3r\u0105 a \u015bwiat\u0142em. Lekkie serum na bazie wody jest w porz\u0105dku. Wszystkie inne produkty mog\u0105 wp\u0142ywa\u0107 na ilo\u015b\u0107 \u015bwiat\u0142a docieraj\u0105cego do sk\u00f3ry i zmniejsza\u0107 jego skuteczno\u015b\u0107. Produkty do piel\u0119gnacji sk\u00f3ry nale\u017cy nak\u0142ada\u0107 dopiero po u\u017cyciu.<\/p>\n<p><strong>Stosowa\u0107 3-5 razy w tygodniu przez 10 minut.<\/strong><\/p>\n<p><strong>WSKAZ\u00d3WKI CHRISTINY:<\/strong><\/p>\n<ol>\n<li>Wi\u0119cej to NIE wi\u0119cej! Nale\u017cy trzyma\u0107 si\u0119 zalece\u0144. W ten spos\u00f3b kom\u00f3rki s\u0105 od\u017cywiane w zdrowy spos\u00f3b i nie s\u0105 przekarmiane<\/li>\n<li>Niekt\u00f3rzy eksperci zalecaj\u0105 robienie przerw co 6 tygodni. To r\u00f3wnie\u017c dzia\u0142a dobrze w moim przypadku. Nast\u0119pnie robi\u0119 3-tygodniow\u0105 przerw\u0119.<\/li>\n<\/ol>\n<p>Ostro\u017cnie wytrze\u0107 mask\u0119 po ka\u017cdym u\u017cyciu.<\/p>\n<p>Maska jest <strong>Elastyczno\u015b\u0107<\/strong> i zaprojektowane tak, aby pasowa\u0142y do wi\u0119kszo\u015bci kszta\u0142t\u00f3w i rozmiar\u00f3w twarzy.<\/p>\n<p><strong>NIE<\/strong> Nie stosowa\u0107 u kobiet w ci\u0105\u017cy lub karmi\u0105cych piersi\u0105, poniewa\u017c maska nie by\u0142a testowana na kobietach w ci\u0105\u017cy lub karmi\u0105cych piersi\u0105. Nie stosowa\u0107 r\u00f3wnie\u017c w przypadku przyjmowania przepisanych ilo\u015bci retinyny A (tretinoiny). Nale\u017cy zachowa\u0107 ostro\u017cno\u015b\u0107 podczas stosowania produkt\u00f3w zawieraj\u0105cych retinol. Nale\u017cy zapozna\u0107 si\u0119 z tymi informacjami: <a href=\"https:\/\/cdn.shopify.com\/s\/files\/1\/0482\/6736\/2466\/files\/DI-DE-0622.pdf?v=1655241017\" target=\"_blank\" rel=\"noopener\"><strong>Przeciwwskazania<\/strong><\/a><\/p>\n<p>Chocia\u017c urz\u0105dzenie nie zosta\u0142o przebadane pod k\u0105tem leczenia \u0142uszczycy, tr\u0105dziku r\u00f3\u017cowatego i egzemy, firma informuje, \u017ce wielu jego u\u017cytkownik\u00f3w zg\u0142asza znaczn\u0105 popraw\u0119. Badania i niepotwierdzone wyniki wykaza\u0142y, \u017ce leczenie za pomoc\u0105 terapii \u015bwiat\u0142em czerwonym mo\u017ce przynie\u015b\u0107 pewne korzy\u015bci w zmniejszaniu wygl\u0105du i objaw\u00f3w \u0142uszczycy, tr\u0105dziku r\u00f3\u017cowatego i egzemy w niekt\u00f3rych przypadkach. (S\u0105 to informacje dostarczone przez Omnilux).<\/p>\n<p><strong><a href=\"https:\/\/chi-statt-botox.com\/wp-content\/uploads\/Omnilux-Contour-Patient-Accordion-Fold-Brochure.pdf\" target=\"_blank\" rel=\"noopener\">-&gt; Broszura<\/a><\/strong><\/p>\n<p>Film obja\u015bniaj\u0105cy (wystarczy klikn\u0105\u0107):<strong><br \/>\n<a href=\"https:\/\/www.youtube.com\/watch?v=-Cz28tmNDxw&amp;t=152s\" target=\"_blank\" rel=\"noopener\">\"S\u0142o\u0144ce jako ANTI AGING &amp; najlepszy krem przeciws\u0142oneczny \u2600\ufe0f\ud83d\udc49 dlaczego nic nie jest takie, jak nam m\u00f3wiono! \ud83e\udd26\u200d\u2640\ufe0f\"<\/a><br \/>\n<\/strong><\/p>\n<p>Chi statt Botox GmbH \/ Bauernstra\u00dfe 1 WDZ 9 \/ 4600 Wels \/ Austria \/ shop@chi-statt-botox.com<\/p>","protected":false},"excerpt":{"rendered":"<ul>\n<li>Efekt potwierdzony badaniami klinicznymi<\/li>\n<li>Redukuje drobne linie i zmarszczki<\/li>\n<li>Stymuluje tworzenie kolagenu<\/li>\n<li>Redukuje plamy pigmentacyjne i zaczerwienienia<\/li>\n<li>Promuje zdrow\u0105, m\u0142odo wygl\u0105daj\u0105c\u0105 sk\u00f3r\u0119<\/li>\n<\/ul>\n<pre id=\"tw-target-text\" class=\"tw-data-text tw-text-large tw-ta\" dir=\"ltr\" data-placeholder=\"\u00dcbersetzung\"><\/pre>","protected":false},"featured_media":29614,"template":"","meta":{"_acf_changed":false,"_et_pb_use_builder":"","_et_pb_old_content":"","_et_gb_content_width":""},"product_brand":[],"product_cat":[141],"product_tag":[],"class_list":{"0":"post-24242","1":"product","2":"type-product","3":"status-publish","4":"has-post-thumbnail","6":"product_cat-chi-statt-botox","8":"first","9":"instock","10":"taxable","11":"shipping-taxable","12":"purchasable","13":"product-type-simple"},"acf":[],"yoast_head":"<!-- This site is optimized with the Yoast SEO plugin v26.4 - https:\/\/yoast.com\/wordpress\/plugins\/seo\/ -->\n<title>Omnilux Contour Face Mask - Chi statt Botox<\/title>\n<meta name=\"robots\" content=\"index, follow, max-snippet:-1, max-image-preview:large, max-video-preview:-1\" \/>\n<link rel=\"canonical\" href=\"https:\/\/chi-statt-botox.com\/pl\/produkt\/omnilux-contour-face-mask\/\" \/>\n<meta property=\"og:locale\" content=\"pl_PL\" \/>\n<meta property=\"og:type\" content=\"article\" \/>\n<meta property=\"og:title\" content=\"Omnilux Contour Face Mask - Chi statt Botox\" \/>\n<meta property=\"og:description\" content=\"Wirkung durch klinische Studien nachgewiesen  Reduziert feine Linien und F\u00e4ltchen  Stimuliert die Kollagenbildung  Reduziert Pigmentflecken und R\u00f6tungen  F\u00f6rdert gesunde, jung aussehende Haut\" \/>\n<meta property=\"og:url\" content=\"https:\/\/chi-statt-botox.com\/pl\/produkt\/omnilux-contour-face-mask\/\" \/>\n<meta property=\"og:site_name\" content=\"Chi statt Botox\" \/>\n<meta property=\"article:modified_time\" content=\"2026-03-17T20:18:14+00:00\" \/>\n<meta property=\"og:image\" content=\"https:\/\/chi-statt-botox.com\/wp-content\/uploads\/Omnilux_Product2-1a.jpg\" \/>\n\t<meta property=\"og:image:width\" content=\"1920\" \/>\n\t<meta property=\"og:image:height\" content=\"1920\" \/>\n\t<meta property=\"og:image:type\" content=\"image\/jpeg\" \/>\n<meta name=\"twitter:card\" content=\"summary_large_image\" \/>\n<meta name=\"twitter:label1\" content=\"Szacowany czas czytania\" \/>\n\t<meta name=\"twitter:data1\" content=\"3 minuty\" \/>\n<script type=\"application\/ld+json\" class=\"yoast-schema-graph\">{\"@context\":\"https:\/\/schema.org\",\"@graph\":[{\"@type\":\"WebPage\",\"@id\":\"https:\/\/chi-statt-botox.com\/produkt\/omnilux-contour-face-mask\/\",\"url\":\"https:\/\/chi-statt-botox.com\/produkt\/omnilux-contour-face-mask\/\",\"name\":\"Omnilux Contour Face Mask - Chi statt Botox\",\"isPartOf\":{\"@id\":\"https:\/\/chi-statt-botox.com\/#website\"},\"primaryImageOfPage\":{\"@id\":\"https:\/\/chi-statt-botox.com\/produkt\/omnilux-contour-face-mask\/#primaryimage\"},\"image\":{\"@id\":\"https:\/\/chi-statt-botox.com\/produkt\/omnilux-contour-face-mask\/#primaryimage\"},\"thumbnailUrl\":\"https:\/\/chi-statt-botox.com\/wp-content\/uploads\/Omnilux_Product2-1a.jpg\",\"datePublished\":\"2023-05-08T09:05:23+00:00\",\"dateModified\":\"2026-03-17T20:18:14+00:00\",\"breadcrumb\":{\"@id\":\"https:\/\/chi-statt-botox.com\/produkt\/omnilux-contour-face-mask\/#breadcrumb\"},\"inLanguage\":\"pl-PL\",\"potentialAction\":[{\"@type\":\"ReadAction\",\"target\":[\"https:\/\/chi-statt-botox.com\/produkt\/omnilux-contour-face-mask\/\"]}]},{\"@type\":\"ImageObject\",\"inLanguage\":\"pl-PL\",\"@id\":\"https:\/\/chi-statt-botox.com\/produkt\/omnilux-contour-face-mask\/#primaryimage\",\"url\":\"https:\/\/chi-statt-botox.com\/wp-content\/uploads\/Omnilux_Product2-1a.jpg\",\"contentUrl\":\"https:\/\/chi-statt-botox.com\/wp-content\/uploads\/Omnilux_Product2-1a.jpg\",\"width\":1920,\"height\":1920},{\"@type\":\"BreadcrumbList\",\"@id\":\"https:\/\/chi-statt-botox.com\/produkt\/omnilux-contour-face-mask\/#breadcrumb\",\"itemListElement\":[{\"@type\":\"ListItem\",\"position\":1,\"name\":\"Startseite\",\"item\":\"https:\/\/chi-statt-botox.com\/\"},{\"@type\":\"ListItem\",\"position\":2,\"name\":\"Produkte\",\"item\":\"https:\/\/chi-statt-botox.com\/shop\/\"},{\"@type\":\"ListItem\",\"position\":3,\"name\":\"Omnilux Contour Face Mask\"}]},{\"@type\":\"WebSite\",\"@id\":\"https:\/\/chi-statt-botox.com\/#website\",\"url\":\"https:\/\/chi-statt-botox.com\/\",\"name\":\"Chi statt Botox\",\"description\":\"Falten wegzaubern, Haut straffen\",\"potentialAction\":[{\"@type\":\"SearchAction\",\"target\":{\"@type\":\"EntryPoint\",\"urlTemplate\":\"https:\/\/chi-statt-botox.com\/?s={search_term_string}\"},\"query-input\":{\"@type\":\"PropertyValueSpecification\",\"valueRequired\":true,\"valueName\":\"search_term_string\"}}],\"inLanguage\":\"pl-PL\"}]}<\/script>\n<!-- \/ Yoast SEO plugin. -->","yoast_head_json":{"title":"Omnilux Contour Face Mask - Chi statt Botox","robots":{"index":"index","follow":"follow","max-snippet":"max-snippet:-1","max-image-preview":"max-image-preview:large","max-video-preview":"max-video-preview:-1"},"canonical":"https:\/\/chi-statt-botox.com\/pl\/produkt\/omnilux-contour-face-mask\/","og_locale":"pl_PL","og_type":"article","og_title":"Omnilux Contour Face Mask - Chi statt Botox","og_description":"Wirkung durch klinische Studien nachgewiesen  Reduziert feine Linien und F\u00e4ltchen  Stimuliert die Kollagenbildung  Reduziert Pigmentflecken und R\u00f6tungen  F\u00f6rdert gesunde, jung aussehende Haut","og_url":"https:\/\/chi-statt-botox.com\/pl\/produkt\/omnilux-contour-face-mask\/","og_site_name":"Chi statt Botox","article_modified_time":"2026-03-17T20:18:14+00:00","og_image":[{"width":1920,"height":1920,"url":"https:\/\/chi-statt-botox.com\/wp-content\/uploads\/Omnilux_Product2-1a.jpg","type":"image\/jpeg"}],"twitter_card":"summary_large_image","twitter_misc":{"Szacowany czas czytania":"3 minuty"},"schema":{"@context":"https:\/\/schema.org","@graph":[{"@type":"WebPage","@id":"https:\/\/chi-statt-botox.com\/produkt\/omnilux-contour-face-mask\/","url":"https:\/\/chi-statt-botox.com\/produkt\/omnilux-contour-face-mask\/","name":"Omnilux Contour Face Mask - Chi statt Botox","isPartOf":{"@id":"https:\/\/chi-statt-botox.com\/#website"},"primaryImageOfPage":{"@id":"https:\/\/chi-statt-botox.com\/produkt\/omnilux-contour-face-mask\/#primaryimage"},"image":{"@id":"https:\/\/chi-statt-botox.com\/produkt\/omnilux-contour-face-mask\/#primaryimage"},"thumbnailUrl":"https:\/\/chi-statt-botox.com\/wp-content\/uploads\/Omnilux_Product2-1a.jpg","datePublished":"2023-05-08T09:05:23+00:00","dateModified":"2026-03-17T20:18:14+00:00","breadcrumb":{"@id":"https:\/\/chi-statt-botox.com\/produkt\/omnilux-contour-face-mask\/#breadcrumb"},"inLanguage":"pl-PL","potentialAction":[{"@type":"ReadAction","target":["https:\/\/chi-statt-botox.com\/produkt\/omnilux-contour-face-mask\/"]}]},{"@type":"ImageObject","inLanguage":"pl-PL","@id":"https:\/\/chi-statt-botox.com\/produkt\/omnilux-contour-face-mask\/#primaryimage","url":"https:\/\/chi-statt-botox.com\/wp-content\/uploads\/Omnilux_Product2-1a.jpg","contentUrl":"https:\/\/chi-statt-botox.com\/wp-content\/uploads\/Omnilux_Product2-1a.jpg","width":1920,"height":1920},{"@type":"BreadcrumbList","@id":"https:\/\/chi-statt-botox.com\/produkt\/omnilux-contour-face-mask\/#breadcrumb","itemListElement":[{"@type":"ListItem","position":1,"name":"Startseite","item":"https:\/\/chi-statt-botox.com\/"},{"@type":"ListItem","position":2,"name":"Produkte","item":"https:\/\/chi-statt-botox.com\/shop\/"},{"@type":"ListItem","position":3,"name":"Omnilux Contour Face Mask"}]},{"@type":"WebSite","@id":"https:\/\/chi-statt-botox.com\/#website","url":"https:\/\/chi-statt-botox.com\/","name":"Chi zamiast botoksu","description":"Usuwa zmarszczki, napina sk\u00f3r\u0119","potentialAction":[{"@type":"SearchAction","target":{"@type":"EntryPoint","urlTemplate":"https:\/\/chi-statt-botox.com\/?s={search_term_string}"},"query-input":{"@type":"PropertyValueSpecification","valueRequired":true,"valueName":"search_term_string"}}],"inLanguage":"pl-PL"}]}},"_links":{"self":[{"href":"https:\/\/chi-statt-botox.com\/pl\/wp-json\/wp\/v2\/product\/24242","targetHints":{"allow":["GET"]}}],"collection":[{"href":"https:\/\/chi-statt-botox.com\/pl\/wp-json\/wp\/v2\/product"}],"about":[{"href":"https:\/\/chi-statt-botox.com\/pl\/wp-json\/wp\/v2\/types\/product"}],"wp:featuredmedia":[{"embeddable":true,"href":"https:\/\/chi-statt-botox.com\/pl\/wp-json\/wp\/v2\/media\/29614"}],"wp:attachment":[{"href":"https:\/\/chi-statt-botox.com\/pl\/wp-json\/wp\/v2\/media?parent=24242"}],"wp:term":[{"taxonomy":"product_brand","embeddable":true,"href":"https:\/\/chi-statt-botox.com\/pl\/wp-json\/wp\/v2\/product_brand?post=24242"},{"taxonomy":"product_cat","embeddable":true,"href":"https:\/\/chi-statt-botox.com\/pl\/wp-json\/wp\/v2\/product_cat?post=24242"},{"taxonomy":"product_tag","embeddable":true,"href":"https:\/\/chi-statt-botox.com\/pl\/wp-json\/wp\/v2\/product_tag?post=24242"}],"curies":[{"name":"wp","href":"https:\/\/api.w.org\/{rel}","templated":true}]}}