{"id":25634,"date":"2023-07-21T10:14:52","date_gmt":"2023-07-21T08:14:52","guid":{"rendered":"https:\/\/chi-statt-botox.com\/?post_type=product&#038;p=25634"},"modified":"2026-04-27T07:53:50","modified_gmt":"2026-04-27T05:53:50","slug":"aloe-vera-gel-150-ml","status":"publish","type":"product","link":"https:\/\/chi-statt-botox.com\/pl\/produkt\/aloe-vera-gel-150-ml\/","title":{"rendered":"\u017bel aloesowy 150 ml"},"content":{"rendered":"<p><strong>Aloe Vera Hydro Repair Gel<\/strong> jest <strong>Wszechstronny<\/strong> na (prawie) wszystko. Je\u015bli sk\u00f3ra jest napi\u0119ta, podra\u017cniona, nadmiernie zestresowana przez s\u0142o\u0144ce lub po prostu nawil\u017cona - Aloe Vera Hydro Repair Gel jest idealnym towarzyszem. To prawdziwa uczta po goleniu.<\/p>\n<p>\u017bel zawiera<strong> 87% nierozcie\u0144czony organiczny sok z aloesu<\/strong> i jest stosowany w czystej postaci jako od\u015bwie\u017caj\u0105cy krem nawil\u017caj\u0105cy do twarzy i cia\u0142a. W przypadku podra\u017cnionej sk\u00f3ry (s\u0142o\u0144ce, uk\u0105szenia owad\u00f3w, zanieczyszczenia sk\u00f3ry) jest \u0142agodzony przez <strong>Po\u0142\u0105czenie z oczarem wirginijskim i sza\u0142wi\u0105<\/strong> jak <strong>korzystny<\/strong> i ch\u0142odzenie.<\/p>\n<p>Bardzo dobrze rozprowadza si\u0119 na sk\u00f3rze i szybko si\u0119 wch\u0142ania. Dlatego jest r\u00f3wnie\u017c idealny jako <strong>After-Sun<\/strong>-opieka.<\/p>\n<p><strong>SOK Z ALOESU ZAMIAST WODY<\/strong><\/p>\n<p>\u015awie\u017cy sok z aloesu, z kt\u00f3rego wytwarzany jest \u017cel, pochodzi z kontrolowanych ekologicznych i zr\u00f3wnowa\u017conych upraw w kilku krajach - w pe\u0142nym s\u0142o\u0144cu i wolno rosn\u0105cych, dzi\u0119ki czemu wszystkie sk\u0142adniki mog\u0105 tworzy\u0107 si\u0119 w li\u015bciach ro\u015bliny. Idealne wsp\u00f3\u0142dzia\u0142anie tych <strong>160 substancji witalnych w soku z aloesu<\/strong> jest powodem jego wysokiej skuteczno\u015bci, zar\u00f3wno dla zdrowia, jak i urody.<\/p>\n<p><strong>Ca\u0142a zawarto\u015b\u0107 wody jest zast\u0105piona \u015bwie\u017cym organicznym sokiem z aloesu<\/strong> - dla promiennie pi\u0119knej sk\u00f3ry.<\/p>\n<p><strong>Sk\u0142adniki aktywne:<br \/>\n<\/strong><em><strong>Sok z aloesu<\/strong> (Aloe Barbadensis (Aloe Vera) Leaf Juice) <\/em>dla intensywnego nawil\u017cenia i uczucia \u015bwie\u017co\u015bci na sk\u00f3rze.<br \/>\n<em><strong>Hamamelis<\/strong> (Hamamelis Virginiana Leaf Water) <\/em>\u0142agodzi \u0142agodne sw\u0119dzenie i wspomaga regeneracj\u0119 sk\u00f3ry.<br \/>\n<em><strong>M\u0119drzec<\/strong> (Salvia Officinalis Leaf Water) <\/em>Dzi\u0119ki w\u0142a\u015bciwo\u015bciom \u015bci\u0105gaj\u0105cym i przeciwzapalnym pomaga zregenerowa\u0107 sk\u00f3r\u0119.<\/p>\n<p><strong>Aplikacja wideo <\/strong>(wystarczy klikn\u0105\u0107):<strong><br \/>\n<\/strong><strong><a href=\"https:\/\/www.youtube.com\/watch?v=i4wytEQKPik&amp;t=359s\" target=\"_blank\" rel=\"noopener\">\"Wi\u0119cej blasku i promiennie pi\u0119kna sk\u00f3ra (zmienia wszystko!) \u2728 Twarz i cia\u0142o\"<\/a><\/strong><\/p>\n<p><strong>Sk\u0142adniki:<\/strong> Aloe Barbadensis Leaf Juice* 87%, Glycerin, Aqua, Hydroxyethyl Cellulose, Hamamelis Virginiana Leaf Water, Salvia Officinalis Leaf Water, Sodium Benzoate, Sodium Levulinate, Glyceryl Caprylate, Allontoin, Parfum, Citric Acid, Sodium Acetate, Anthemis Nobili Flower Extract, Potassium Sorbate, Cellulose, Aloe Barbadensis Leaf Powder, Benzyl Alcohol, Linalool. *Pochodzi z certyfikowanych upraw ekologicznych.<\/p>\n<p>KUMARI-Produkte Vertriebs GmbH \/ Stutterheimstr. 16 \/ 1150 Wiede\u0144 \/ Austria \/ office@kumari.at<\/p>\n<p>&nbsp;<\/p>\n<table style=\"width: 99.5218%;\">\n<tbody>\n<tr>\n<td style=\"width: 20.7812%;\"><img loading=\"lazy\" decoding=\"async\" src=\"https:\/\/cdn.shopify.com\/s\/files\/1\/0522\/2419\/6782\/files\/Vegan_Kumari_SW_480x480.png?v=1669127395\" alt=\"\" width=\"87\" height=\"91\" \/><\/td>\n<td style=\"width: 19.2188%;\"><img decoding=\"async\" src=\"https:\/\/cdn.shopify.com\/s\/files\/1\/0522\/2419\/6782\/files\/crueltyfree.png?v=1611845713\" alt=\"\" \/><\/td>\n<td style=\"width: 25%;\"><img decoding=\"async\" src=\"https:\/\/cdn.shopify.com\/s\/files\/1\/0522\/2419\/6782\/files\/100freshaloevera.png?v=1611845765\" alt=\"\" \/><\/td>\n<\/tr>\n<\/tbody>\n<\/table>","protected":false},"excerpt":{"rendered":"<ul>\n<li>wyprodukowany ze \u015bwie\u017cego organicznego soku z aloesu 87%<\/li>\n<li>Nawil\u017ca sk\u00f3r\u0119<\/li>\n<li>\u0141agodzi i rewitalizuje zestresowan\u0105 sk\u00f3r\u0119<\/li>\n<li>Wspomaga regeneracj\u0119 sk\u00f3ry<\/li>\n<li>organiczne i wega\u0144skie<\/li>\n<li>Odpowiedni dla wszystkich rodzaj\u00f3w sk\u00f3ry<\/li>\n<\/ul>\n<p>&nbsp;<\/p>","protected":false},"featured_media":25636,"template":"","meta":{"_acf_changed":false,"_et_pb_use_builder":"","_et_pb_old_content":"","_et_gb_content_width":""},"product_brand":[],"product_cat":[172],"product_tag":[],"class_list":{"0":"post-25634","1":"product","2":"type-product","3":"status-publish","4":"has-post-thumbnail","6":"product_cat-kosmetik","8":"first","9":"instock","10":"taxable","11":"shipping-taxable","12":"purchasable","13":"product-type-simple"},"acf":[],"yoast_head":"<!-- This site is optimized with the Yoast SEO plugin v26.4 - https:\/\/yoast.com\/wordpress\/plugins\/seo\/ -->\n<title>Aloe Vera Gel 150 ml - Chi statt Botox<\/title>\n<meta name=\"robots\" content=\"index, follow, max-snippet:-1, max-image-preview:large, max-video-preview:-1\" \/>\n<link rel=\"canonical\" href=\"https:\/\/chi-statt-botox.com\/pl\/produkt\/aloe-vera-gel-150-ml\/\" \/>\n<meta property=\"og:locale\" content=\"pl_PL\" \/>\n<meta property=\"og:type\" content=\"article\" \/>\n<meta property=\"og:title\" content=\"Aloe Vera Gel 150 ml - Chi statt Botox\" \/>\n<meta property=\"og:description\" content=\"aus 87% frischem Bio-Aloe Vera Pflanzensaft  versorgt die Haut mit Feuchtigkeit  beruhigt und belebt gestresste Haut  unterst\u00fctzt die Hautregeneration  bio &amp; vegan  f\u00fcr alle Hauttypen geeignet  &nbsp;\" \/>\n<meta property=\"og:url\" content=\"https:\/\/chi-statt-botox.com\/pl\/produkt\/aloe-vera-gel-150-ml\/\" \/>\n<meta property=\"og:site_name\" content=\"Chi statt Botox\" \/>\n<meta property=\"article:modified_time\" content=\"2026-04-27T05:53:50+00:00\" \/>\n<meta property=\"og:image\" content=\"https:\/\/chi-statt-botox.com\/wp-content\/uploads\/Gel-1.png\" \/>\n\t<meta property=\"og:image:width\" content=\"795\" \/>\n\t<meta property=\"og:image:height\" content=\"797\" \/>\n\t<meta property=\"og:image:type\" content=\"image\/png\" \/>\n<meta name=\"twitter:card\" content=\"summary_large_image\" \/>\n<meta name=\"twitter:label1\" content=\"Szacowany czas czytania\" \/>\n\t<meta name=\"twitter:data1\" content=\"3 minuty\" \/>\n<script type=\"application\/ld+json\" class=\"yoast-schema-graph\">{\"@context\":\"https:\/\/schema.org\",\"@graph\":[{\"@type\":\"WebPage\",\"@id\":\"https:\/\/chi-statt-botox.com\/produkt\/aloe-vera-gel-150-ml\/\",\"url\":\"https:\/\/chi-statt-botox.com\/produkt\/aloe-vera-gel-150-ml\/\",\"name\":\"Aloe Vera Gel 150 ml - Chi statt Botox\",\"isPartOf\":{\"@id\":\"https:\/\/chi-statt-botox.com\/#website\"},\"primaryImageOfPage\":{\"@id\":\"https:\/\/chi-statt-botox.com\/produkt\/aloe-vera-gel-150-ml\/#primaryimage\"},\"image\":{\"@id\":\"https:\/\/chi-statt-botox.com\/produkt\/aloe-vera-gel-150-ml\/#primaryimage\"},\"thumbnailUrl\":\"https:\/\/chi-statt-botox.com\/wp-content\/uploads\/Gel-1.png\",\"datePublished\":\"2023-07-21T08:14:52+00:00\",\"dateModified\":\"2026-04-27T05:53:50+00:00\",\"breadcrumb\":{\"@id\":\"https:\/\/chi-statt-botox.com\/produkt\/aloe-vera-gel-150-ml\/#breadcrumb\"},\"inLanguage\":\"pl-PL\",\"potentialAction\":[{\"@type\":\"ReadAction\",\"target\":[\"https:\/\/chi-statt-botox.com\/produkt\/aloe-vera-gel-150-ml\/\"]}]},{\"@type\":\"ImageObject\",\"inLanguage\":\"pl-PL\",\"@id\":\"https:\/\/chi-statt-botox.com\/produkt\/aloe-vera-gel-150-ml\/#primaryimage\",\"url\":\"https:\/\/chi-statt-botox.com\/wp-content\/uploads\/Gel-1.png\",\"contentUrl\":\"https:\/\/chi-statt-botox.com\/wp-content\/uploads\/Gel-1.png\",\"width\":795,\"height\":797},{\"@type\":\"BreadcrumbList\",\"@id\":\"https:\/\/chi-statt-botox.com\/produkt\/aloe-vera-gel-150-ml\/#breadcrumb\",\"itemListElement\":[{\"@type\":\"ListItem\",\"position\":1,\"name\":\"Startseite\",\"item\":\"https:\/\/chi-statt-botox.com\/\"},{\"@type\":\"ListItem\",\"position\":2,\"name\":\"Produkte\",\"item\":\"https:\/\/chi-statt-botox.com\/shop\/\"},{\"@type\":\"ListItem\",\"position\":3,\"name\":\"Aloe Vera Gel 150 ml\"}]},{\"@type\":\"WebSite\",\"@id\":\"https:\/\/chi-statt-botox.com\/#website\",\"url\":\"https:\/\/chi-statt-botox.com\/\",\"name\":\"Chi statt Botox\",\"description\":\"Falten wegzaubern, Haut straffen\",\"potentialAction\":[{\"@type\":\"SearchAction\",\"target\":{\"@type\":\"EntryPoint\",\"urlTemplate\":\"https:\/\/chi-statt-botox.com\/?s={search_term_string}\"},\"query-input\":{\"@type\":\"PropertyValueSpecification\",\"valueRequired\":true,\"valueName\":\"search_term_string\"}}],\"inLanguage\":\"pl-PL\"}]}<\/script>\n<!-- \/ Yoast SEO plugin. -->","yoast_head_json":{"title":"Aloe Vera Gel 150 ml - Chi statt Botox","robots":{"index":"index","follow":"follow","max-snippet":"max-snippet:-1","max-image-preview":"max-image-preview:large","max-video-preview":"max-video-preview:-1"},"canonical":"https:\/\/chi-statt-botox.com\/pl\/produkt\/aloe-vera-gel-150-ml\/","og_locale":"pl_PL","og_type":"article","og_title":"Aloe Vera Gel 150 ml - Chi statt Botox","og_description":"aus 87% frischem Bio-Aloe Vera Pflanzensaft  versorgt die Haut mit Feuchtigkeit  beruhigt und belebt gestresste Haut  unterst\u00fctzt die Hautregeneration  bio &amp; vegan  f\u00fcr alle Hauttypen geeignet  &nbsp;","og_url":"https:\/\/chi-statt-botox.com\/pl\/produkt\/aloe-vera-gel-150-ml\/","og_site_name":"Chi statt Botox","article_modified_time":"2026-04-27T05:53:50+00:00","og_image":[{"width":795,"height":797,"url":"https:\/\/chi-statt-botox.com\/wp-content\/uploads\/Gel-1.png","type":"image\/png"}],"twitter_card":"summary_large_image","twitter_misc":{"Szacowany czas czytania":"3 minuty"},"schema":{"@context":"https:\/\/schema.org","@graph":[{"@type":"WebPage","@id":"https:\/\/chi-statt-botox.com\/produkt\/aloe-vera-gel-150-ml\/","url":"https:\/\/chi-statt-botox.com\/produkt\/aloe-vera-gel-150-ml\/","name":"Aloe Vera Gel 150 ml - Chi statt Botox","isPartOf":{"@id":"https:\/\/chi-statt-botox.com\/#website"},"primaryImageOfPage":{"@id":"https:\/\/chi-statt-botox.com\/produkt\/aloe-vera-gel-150-ml\/#primaryimage"},"image":{"@id":"https:\/\/chi-statt-botox.com\/produkt\/aloe-vera-gel-150-ml\/#primaryimage"},"thumbnailUrl":"https:\/\/chi-statt-botox.com\/wp-content\/uploads\/Gel-1.png","datePublished":"2023-07-21T08:14:52+00:00","dateModified":"2026-04-27T05:53:50+00:00","breadcrumb":{"@id":"https:\/\/chi-statt-botox.com\/produkt\/aloe-vera-gel-150-ml\/#breadcrumb"},"inLanguage":"pl-PL","potentialAction":[{"@type":"ReadAction","target":["https:\/\/chi-statt-botox.com\/produkt\/aloe-vera-gel-150-ml\/"]}]},{"@type":"ImageObject","inLanguage":"pl-PL","@id":"https:\/\/chi-statt-botox.com\/produkt\/aloe-vera-gel-150-ml\/#primaryimage","url":"https:\/\/chi-statt-botox.com\/wp-content\/uploads\/Gel-1.png","contentUrl":"https:\/\/chi-statt-botox.com\/wp-content\/uploads\/Gel-1.png","width":795,"height":797},{"@type":"BreadcrumbList","@id":"https:\/\/chi-statt-botox.com\/produkt\/aloe-vera-gel-150-ml\/#breadcrumb","itemListElement":[{"@type":"ListItem","position":1,"name":"Startseite","item":"https:\/\/chi-statt-botox.com\/"},{"@type":"ListItem","position":2,"name":"Produkte","item":"https:\/\/chi-statt-botox.com\/shop\/"},{"@type":"ListItem","position":3,"name":"Aloe Vera Gel 150 ml"}]},{"@type":"WebSite","@id":"https:\/\/chi-statt-botox.com\/#website","url":"https:\/\/chi-statt-botox.com\/","name":"Chi zamiast botoksu","description":"Usuwa zmarszczki, napina sk\u00f3r\u0119","potentialAction":[{"@type":"SearchAction","target":{"@type":"EntryPoint","urlTemplate":"https:\/\/chi-statt-botox.com\/?s={search_term_string}"},"query-input":{"@type":"PropertyValueSpecification","valueRequired":true,"valueName":"search_term_string"}}],"inLanguage":"pl-PL"}]}},"_links":{"self":[{"href":"https:\/\/chi-statt-botox.com\/pl\/wp-json\/wp\/v2\/product\/25634","targetHints":{"allow":["GET"]}}],"collection":[{"href":"https:\/\/chi-statt-botox.com\/pl\/wp-json\/wp\/v2\/product"}],"about":[{"href":"https:\/\/chi-statt-botox.com\/pl\/wp-json\/wp\/v2\/types\/product"}],"wp:featuredmedia":[{"embeddable":true,"href":"https:\/\/chi-statt-botox.com\/pl\/wp-json\/wp\/v2\/media\/25636"}],"wp:attachment":[{"href":"https:\/\/chi-statt-botox.com\/pl\/wp-json\/wp\/v2\/media?parent=25634"}],"wp:term":[{"taxonomy":"product_brand","embeddable":true,"href":"https:\/\/chi-statt-botox.com\/pl\/wp-json\/wp\/v2\/product_brand?post=25634"},{"taxonomy":"product_cat","embeddable":true,"href":"https:\/\/chi-statt-botox.com\/pl\/wp-json\/wp\/v2\/product_cat?post=25634"},{"taxonomy":"product_tag","embeddable":true,"href":"https:\/\/chi-statt-botox.com\/pl\/wp-json\/wp\/v2\/product_tag?post=25634"}],"curies":[{"name":"wp","href":"https:\/\/api.w.org\/{rel}","templated":true}]}}