{"id":2732,"date":"2020-02-07T12:38:52","date_gmt":"2020-02-07T11:38:52","guid":{"rendered":"https:\/\/chi-statt-botox.com\/?post_type=product&#038;p=2732"},"modified":"2026-04-06T19:01:43","modified_gmt":"2026-04-06T17:01:43","slug":"chi-statt-botox-buch","status":"publish","type":"product","link":"https:\/\/chi-statt-botox.com\/pl\/produkt\/chi-statt-botox-buch\/","title":{"rendered":"Chi zamiast botoksu (Ksi\u0105\u017cka)"},"content":{"rendered":"<p>Metody Dalekiego Wschodu znane s\u0105 z holistycznego podej\u015bcia do problem\u00f3w i zaburze\u0144 samopoczucia. Nic wi\u0119c dziwnego, \u017ce r\u00f3wnie\u017c na Dalekim Wschodzie znajdziemy bardzo skuteczne rozwi\u0105zania pozwalaj\u0105ce zachowa\u0107 i odzyska\u0107 m\u0142odzie\u0144czy wygl\u0105d. W \"Chi zamiast botoksu <strong>Metody dalekowschodnie<\/strong> <strong>przedstawiony<\/strong>kt\u00f3re pomagaj\u0105 <strong>Zmniejsza g\u0142\u0119boko\u015b\u0107 zmarszczek, uj\u0119drnia tkank\u0119 i napina kontury twarzy.<\/strong>. Sprawia to, \u017ce rysy twarzy wydaj\u0105 si\u0119 bardziej harmonijne, a twarz <strong>lat m\u0142odszy<\/strong>. S\u0105 to chi\u0144skie <strong>Baguan Fa (ba\u0144ki)<\/strong> oraz <strong>Gua Sha (skrobanie)<\/strong> Masa\u017ce, wietnamski masa\u017c refleksologiczny twarzy <strong>Dien Cham<\/strong> oraz <strong>Joga twarzy<\/strong> o dzia\u0142aniu uj\u0119drniaj\u0105cym i jednocze\u015bnie relaksuj\u0105cym. Stopie\u0144 odpr\u0119\u017cenia osi\u0105gni\u0119ty na twarzy ma znacz\u0105cy wp\u0142yw na odpr\u0119\u017cenie reszty cia\u0142a, a tak\u017ce na nasz nastr\u00f3j. Efekt osi\u0105gni\u0119ty dzi\u0119ki tym metodom wykracza daleko poza sam\u0105 popraw\u0119 wygl\u0105du - wszystkie metody opisane w ksi\u0105\u017cce nadaj\u0105 si\u0119 do samodzielnego stosowania i s\u0105 szczeg\u00f3\u0142owo opisane i jasno zilustrowane.<\/p>\n<p><strong>Wi\u0119cej informacji na temat metod mo\u017cna znale\u017a\u0107 w tym filmie od min. 1:33.<\/strong> (wystarczy klikn\u0105\u0107):<br \/>\n<strong><a href=\"https:\/\/www.youtube.com\/watch?v=iDX6XqcoZsM&amp;t=3s\" target=\"_blank\" rel=\"noopener noreferrer\">Chi zamiast botoksu - redukuj zmarszczki, napinaj twarz na w\u0142asn\u0105 r\u0119k\u0119<\/a><\/strong><\/p>\n<p>Bacopa Handels- &amp; Kulturges.m.b.H. \/ Waidern 42 \/ 4521 Schiedlberg \/ Austria \/ office@bacopa.at<\/p>","protected":false},"excerpt":{"rendered":"<p>Ksi\u0105\u017cka o 4 dalekowschodnich metodach, kt\u00f3re sprawiaj\u0105, \u017ce twarz wygl\u0105da o lata m\u0142odziej: Facial Yoga, Gua Sha, Facial Cupping i Dien Cham. Nadaje si\u0119 do samodzielnego stosowania.<\/p>","protected":false},"featured_media":16043,"template":"","meta":{"_acf_changed":false,"_et_pb_use_builder":"","_et_pb_old_content":"","_et_gb_content_width":""},"product_brand":[],"product_cat":[176],"product_tag":[],"class_list":{"0":"post-2732","1":"product","2":"type-product","3":"status-publish","4":"has-post-thumbnail","6":"product_cat-face-yoga-massagen","8":"first","9":"instock","10":"taxable","11":"shipping-taxable","12":"purchasable","13":"product-type-simple"},"acf":[],"yoast_head":"<!-- This site is optimized with the Yoast SEO plugin v26.4 - https:\/\/yoast.com\/wordpress\/plugins\/seo\/ -->\n<title>Chi statt Botox (Buch) - Chi statt Botox<\/title>\n<meta name=\"robots\" content=\"index, follow, max-snippet:-1, max-image-preview:large, max-video-preview:-1\" \/>\n<link rel=\"canonical\" href=\"https:\/\/chi-statt-botox.com\/pl\/produkt\/chi-statt-botox-buch\/\" \/>\n<meta property=\"og:locale\" content=\"pl_PL\" \/>\n<meta property=\"og:type\" content=\"article\" \/>\n<meta property=\"og:title\" content=\"Chi statt Botox (Buch) - Chi statt Botox\" \/>\n<meta property=\"og:description\" content=\"Buch \u00fcber 4 fern\u00f6stliche Methoden, die das Gesicht um Jahre j\u00fcnger aussehen lassen: Gesichtsyoga, Gua Sha, Facial Cupping und Dien Cham. Zur Selbstanwendung geeignet.\" \/>\n<meta property=\"og:url\" content=\"https:\/\/chi-statt-botox.com\/pl\/produkt\/chi-statt-botox-buch\/\" \/>\n<meta property=\"og:site_name\" content=\"Chi statt Botox\" \/>\n<meta property=\"article:modified_time\" content=\"2026-04-06T17:01:43+00:00\" \/>\n<meta property=\"og:image\" content=\"https:\/\/chi-statt-botox.com\/wp-content\/uploads\/Shopfoto.jpg\" \/>\n\t<meta property=\"og:image:width\" content=\"400\" \/>\n\t<meta property=\"og:image:height\" content=\"400\" \/>\n\t<meta property=\"og:image:type\" content=\"image\/jpeg\" \/>\n<meta name=\"twitter:card\" content=\"summary_large_image\" \/>\n<meta name=\"twitter:label1\" content=\"Szacowany czas czytania\" \/>\n\t<meta name=\"twitter:data1\" content=\"2 minuty\" \/>\n<script type=\"application\/ld+json\" class=\"yoast-schema-graph\">{\"@context\":\"https:\/\/schema.org\",\"@graph\":[{\"@type\":\"WebPage\",\"@id\":\"https:\/\/chi-statt-botox.com\/produkt\/chi-statt-botox-buch\/\",\"url\":\"https:\/\/chi-statt-botox.com\/produkt\/chi-statt-botox-buch\/\",\"name\":\"Chi statt Botox (Buch) - Chi statt Botox\",\"isPartOf\":{\"@id\":\"https:\/\/chi-statt-botox.com\/#website\"},\"primaryImageOfPage\":{\"@id\":\"https:\/\/chi-statt-botox.com\/produkt\/chi-statt-botox-buch\/#primaryimage\"},\"image\":{\"@id\":\"https:\/\/chi-statt-botox.com\/produkt\/chi-statt-botox-buch\/#primaryimage\"},\"thumbnailUrl\":\"https:\/\/chi-statt-botox.com\/wp-content\/uploads\/Shopfoto.jpg\",\"datePublished\":\"2020-02-07T11:38:52+00:00\",\"dateModified\":\"2026-04-06T17:01:43+00:00\",\"breadcrumb\":{\"@id\":\"https:\/\/chi-statt-botox.com\/produkt\/chi-statt-botox-buch\/#breadcrumb\"},\"inLanguage\":\"pl-PL\",\"potentialAction\":[{\"@type\":\"ReadAction\",\"target\":[\"https:\/\/chi-statt-botox.com\/produkt\/chi-statt-botox-buch\/\"]}]},{\"@type\":\"ImageObject\",\"inLanguage\":\"pl-PL\",\"@id\":\"https:\/\/chi-statt-botox.com\/produkt\/chi-statt-botox-buch\/#primaryimage\",\"url\":\"https:\/\/chi-statt-botox.com\/wp-content\/uploads\/Shopfoto.jpg\",\"contentUrl\":\"https:\/\/chi-statt-botox.com\/wp-content\/uploads\/Shopfoto.jpg\",\"width\":400,\"height\":400},{\"@type\":\"BreadcrumbList\",\"@id\":\"https:\/\/chi-statt-botox.com\/produkt\/chi-statt-botox-buch\/#breadcrumb\",\"itemListElement\":[{\"@type\":\"ListItem\",\"position\":1,\"name\":\"Startseite\",\"item\":\"https:\/\/chi-statt-botox.com\/\"},{\"@type\":\"ListItem\",\"position\":2,\"name\":\"Produkte\",\"item\":\"https:\/\/chi-statt-botox.com\/shop\/\"},{\"@type\":\"ListItem\",\"position\":3,\"name\":\"Chi statt Botox (Buch)\"}]},{\"@type\":\"WebSite\",\"@id\":\"https:\/\/chi-statt-botox.com\/#website\",\"url\":\"https:\/\/chi-statt-botox.com\/\",\"name\":\"Chi statt Botox\",\"description\":\"Falten wegzaubern, Haut straffen\",\"potentialAction\":[{\"@type\":\"SearchAction\",\"target\":{\"@type\":\"EntryPoint\",\"urlTemplate\":\"https:\/\/chi-statt-botox.com\/?s={search_term_string}\"},\"query-input\":{\"@type\":\"PropertyValueSpecification\",\"valueRequired\":true,\"valueName\":\"search_term_string\"}}],\"inLanguage\":\"pl-PL\"}]}<\/script>\n<!-- \/ Yoast SEO plugin. -->","yoast_head_json":{"title":"Chi zamiast botoksu (ksi\u0105\u017cka) - Chi zamiast botoksu","robots":{"index":"index","follow":"follow","max-snippet":"max-snippet:-1","max-image-preview":"max-image-preview:large","max-video-preview":"max-video-preview:-1"},"canonical":"https:\/\/chi-statt-botox.com\/pl\/produkt\/chi-statt-botox-buch\/","og_locale":"pl_PL","og_type":"article","og_title":"Chi statt Botox (Buch) - Chi statt Botox","og_description":"Buch \u00fcber 4 fern\u00f6stliche Methoden, die das Gesicht um Jahre j\u00fcnger aussehen lassen: Gesichtsyoga, Gua Sha, Facial Cupping und Dien Cham. Zur Selbstanwendung geeignet.","og_url":"https:\/\/chi-statt-botox.com\/pl\/produkt\/chi-statt-botox-buch\/","og_site_name":"Chi statt Botox","article_modified_time":"2026-04-06T17:01:43+00:00","og_image":[{"width":400,"height":400,"url":"https:\/\/chi-statt-botox.com\/wp-content\/uploads\/Shopfoto.jpg","type":"image\/jpeg"}],"twitter_card":"summary_large_image","twitter_misc":{"Szacowany czas czytania":"2 minuty"},"schema":{"@context":"https:\/\/schema.org","@graph":[{"@type":"WebPage","@id":"https:\/\/chi-statt-botox.com\/produkt\/chi-statt-botox-buch\/","url":"https:\/\/chi-statt-botox.com\/produkt\/chi-statt-botox-buch\/","name":"Chi zamiast botoksu (ksi\u0105\u017cka) - Chi zamiast botoksu","isPartOf":{"@id":"https:\/\/chi-statt-botox.com\/#website"},"primaryImageOfPage":{"@id":"https:\/\/chi-statt-botox.com\/produkt\/chi-statt-botox-buch\/#primaryimage"},"image":{"@id":"https:\/\/chi-statt-botox.com\/produkt\/chi-statt-botox-buch\/#primaryimage"},"thumbnailUrl":"https:\/\/chi-statt-botox.com\/wp-content\/uploads\/Shopfoto.jpg","datePublished":"2020-02-07T11:38:52+00:00","dateModified":"2026-04-06T17:01:43+00:00","breadcrumb":{"@id":"https:\/\/chi-statt-botox.com\/produkt\/chi-statt-botox-buch\/#breadcrumb"},"inLanguage":"pl-PL","potentialAction":[{"@type":"ReadAction","target":["https:\/\/chi-statt-botox.com\/produkt\/chi-statt-botox-buch\/"]}]},{"@type":"ImageObject","inLanguage":"pl-PL","@id":"https:\/\/chi-statt-botox.com\/produkt\/chi-statt-botox-buch\/#primaryimage","url":"https:\/\/chi-statt-botox.com\/wp-content\/uploads\/Shopfoto.jpg","contentUrl":"https:\/\/chi-statt-botox.com\/wp-content\/uploads\/Shopfoto.jpg","width":400,"height":400},{"@type":"BreadcrumbList","@id":"https:\/\/chi-statt-botox.com\/produkt\/chi-statt-botox-buch\/#breadcrumb","itemListElement":[{"@type":"ListItem","position":1,"name":"Startseite","item":"https:\/\/chi-statt-botox.com\/"},{"@type":"ListItem","position":2,"name":"Produkte","item":"https:\/\/chi-statt-botox.com\/shop\/"},{"@type":"ListItem","position":3,"name":"Chi statt Botox (Buch)"}]},{"@type":"WebSite","@id":"https:\/\/chi-statt-botox.com\/#website","url":"https:\/\/chi-statt-botox.com\/","name":"Chi zamiast botoksu","description":"Usuwa zmarszczki, napina sk\u00f3r\u0119","potentialAction":[{"@type":"SearchAction","target":{"@type":"EntryPoint","urlTemplate":"https:\/\/chi-statt-botox.com\/?s={search_term_string}"},"query-input":{"@type":"PropertyValueSpecification","valueRequired":true,"valueName":"search_term_string"}}],"inLanguage":"pl-PL"}]}},"_links":{"self":[{"href":"https:\/\/chi-statt-botox.com\/pl\/wp-json\/wp\/v2\/product\/2732","targetHints":{"allow":["GET"]}}],"collection":[{"href":"https:\/\/chi-statt-botox.com\/pl\/wp-json\/wp\/v2\/product"}],"about":[{"href":"https:\/\/chi-statt-botox.com\/pl\/wp-json\/wp\/v2\/types\/product"}],"wp:featuredmedia":[{"embeddable":true,"href":"https:\/\/chi-statt-botox.com\/pl\/wp-json\/wp\/v2\/media\/16043"}],"wp:attachment":[{"href":"https:\/\/chi-statt-botox.com\/pl\/wp-json\/wp\/v2\/media?parent=2732"}],"wp:term":[{"taxonomy":"product_brand","embeddable":true,"href":"https:\/\/chi-statt-botox.com\/pl\/wp-json\/wp\/v2\/product_brand?post=2732"},{"taxonomy":"product_cat","embeddable":true,"href":"https:\/\/chi-statt-botox.com\/pl\/wp-json\/wp\/v2\/product_cat?post=2732"},{"taxonomy":"product_tag","embeddable":true,"href":"https:\/\/chi-statt-botox.com\/pl\/wp-json\/wp\/v2\/product_tag?post=2732"}],"curies":[{"name":"wp","href":"https:\/\/api.w.org\/{rel}","templated":true}]}}