{"id":2734,"date":"2020-02-07T12:38:56","date_gmt":"2020-02-07T11:38:56","guid":{"rendered":"https:\/\/chi-statt-botox.com\/?post_type=product&#038;p=2734"},"modified":"2026-05-08T13:15:37","modified_gmt":"2026-05-08T11:15:37","slug":"du-bist-am-schoensten-wenn-du-du-bist-buch","status":"publish","type":"product","link":"https:\/\/chi-statt-botox.com\/pl\/produkt\/du-bist-am-schoensten-wenn-du-du-bist-buch\/","title":{"rendered":"Jeste\u015b najpi\u0119kniejsza, gdy jeste\u015b sob\u0105 (ksi\u0105\u017cka)"},"content":{"rendered":"<p>\u017bywa kobieco\u015b\u0107 oznacza, <strong>Znajd\u017a drog\u0119 powrotn\u0105 do swoich korzeni<\/strong>. Kobiety powinny by\u0107 szczup\u0142e, ale kr\u0105g\u0142e, seksowne, ale mi\u0142e, wymagaj\u0105ce, ale towarzyskie, dost\u0119pne dla wszystkich, ale niezale\u017cne. A wszystko to z \u0142atwo\u015bci\u0105 i u\u015bmiechem. Wiele kobiet stara si\u0119 zadowoli\u0107 wszystkich i zapomina o jednej szczeg\u00f3lnej rzeczy: <strong>sam<\/strong>.<\/p>\n<p>Christina Schmid wykorzystuje cztery typy osobowo\u015bci (powietrze, woda, ogie\u0144, ziemia), aby pokaza\u0107, w jaki spos\u00f3b mo\u017cemy na nowo odkry\u0107 nasz\u0105 kobiec\u0105 moc i odnale\u017a\u0107 drog\u0119 powrotn\u0105 do korzeni naszej instynktownej natury. Ci, kt\u00f3rzy s\u0105 spokojni o siebie, s\u0105 r\u00f3wnie\u017c atrakcyjni i pewni siebie dla innych - i promieniuj\u0105 od wewn\u0105trz.<\/p>\n<p><strong>Fragment recenzji Amazon:<\/strong><\/p>\n<p>\"Natkn\u0105\u0142em si\u0119 na t\u0119 ksi\u0105\u017ck\u0119 dzi\u0119ki jednemu z film\u00f3w autorki. Poniewa\u017c jej autentyczny styl zawsze do mnie przemawia\u0142, chcia\u0142am zobaczy\u0107, co b\u0119dzie po \"Qi zamiast botoksu\". I mog\u0119 jej tylko pogratulowa\u0107. To wspania\u0142e, \u017ce mo\u017cemy przeczyta\u0107 co\u015b takiego. Autentyczny, bezpo\u015bredni i bezczelny styl naprawd\u0119 do mnie przem\u00f3wi\u0142. To mo\u017ce napisa\u0107 tylko kto\u015b, kto sam tego do\u015bwiadczy\u0142. Brawa za szczero\u015b\u0107 w tej ksi\u0105\u017cce. Mam nadziej\u0119, \u017ce us\u0142yszymy du\u017co wi\u0119cej od pani Schmid!\" <strong>5 gwiazdek<\/strong><\/p>\n<div class=\"a-row a-spacing-small review-data\">\n<div class=\"a-expander-collapsed-height a-row a-expander-container a-expander-partial-collapse-container\" data-a-expander-name=\"review_text_read_more\" data-a-expander-collapsed-height=\"300\">\n<div class=\"a-expander-content reviewText review-text-content a-expander-partial-collapse-content\" data-hook=\"review-collapsed\" aria-expanded=\"false\">\"Moi drodzy,<br \/>\nMy\u015bl\u0119, \u017ce ta ksi\u0105\u017cka s\u0142usznie ma ocen\u0119 5,0 gwiazdek.<br \/>\nO autorze dowiedzia\u0142em si\u0119 z filmiku na YouTube i \"szcz\u0119\u015bciarz\" spontanicznie kupi\u0142 go \"pod wp\u0142ywem impulsu\".<br \/>\nKlimat w wierszach i mi\u0119dzy wierszami jest orze\u017awiaj\u0105co \u017cywy i o\u017cywczy. Moim zdaniem trzeba j\u0105 te\u017c czyta\u0107 z d\u0142ugopisem, bo nie jeden fragment warto sobie zaznaczy\u0107, by m\u00f3c go natychmiast odnale\u017a\u0107 ponownie \"w s\u0142abej godzinie\" (o ile takie chwile si\u0119 zdarzaj\u0105 *grin*).<br \/>\nPodzi\u0119kowania dla autora i wydawcy\". <strong>5 gwiazdek<\/strong><\/div>\n<\/div>\n<\/div>\n<div data-hook=\"review-collapsed\" aria-expanded=\"false\"><\/div>\n<div data-hook=\"review-collapsed\" aria-expanded=\"false\">\n<p>\"Najlepsza ksi\u0105\u017cka i przewodnik, jaki kiedykolwiek czyta\u0142em. Ksi\u0105\u017cka otworzy\u0142a mi oczy. Wszystko jest mo\u017cliwe do zrealizowania i jest \u015bwietnym przewodnikiem po kochaniu siebie. Mog\u0119 poleci\u0107 t\u0119 ksi\u0105\u017ck\u0119 wszystkim kobietom\". <strong>5 gwiazdek<\/strong><\/p>\n<p>&nbsp;<\/p>\n<\/div>\n<p><strong>Informacje o produkcie<\/strong> (wystarczy klikn\u0105\u0107):<br \/>\n<a href=\"https:\/\/www.youtube.com\/watch?v=kgIlMtSJSV4&amp;t=772s\" target=\"_blank\" rel=\"noopener\"><strong>\"Zdrowsza i pi\u0119kniejsza dzi\u0119ki masa\u017cowi refleksologicznemu (reguluj\u0105cemu prac\u0119 tarczycy poprzez twarz)\"<\/strong><\/a><\/p>\n<p>Goldegg Verlag GmbH \/ Mommsengasse 4\/2 \/ 1040 Wiede\u0144 \/ Austria \/ office@goldegg-verlag.com<\/p>","protected":false},"excerpt":{"rendered":"<p>Ksi\u0105\u017cka \"Jeste\u015b najpi\u0119kniejsza, gdy...\"<\/p>","protected":false},"featured_media":16044,"template":"","meta":{"_acf_changed":false,"_et_pb_use_builder":"","_et_pb_old_content":"","_et_gb_content_width":""},"product_brand":[],"product_cat":[176],"product_tag":[],"class_list":{"0":"post-2734","1":"product","2":"type-product","3":"status-publish","4":"has-post-thumbnail","6":"product_cat-face-yoga-massagen","8":"first","9":"instock","10":"taxable","11":"shipping-taxable","12":"purchasable","13":"product-type-simple"},"acf":[],"yoast_head":"<!-- This site is optimized with the Yoast SEO plugin v26.4 - https:\/\/yoast.com\/wordpress\/plugins\/seo\/ -->\n<title>Du bist am sch\u00f6nsten, wenn du du bist (Buch) - Chi statt Botox<\/title>\n<meta name=\"robots\" content=\"index, follow, max-snippet:-1, max-image-preview:large, max-video-preview:-1\" \/>\n<link rel=\"canonical\" href=\"https:\/\/chi-statt-botox.com\/pl\/produkt\/du-bist-am-schoensten-wenn-du-du-bist-buch\/\" \/>\n<meta property=\"og:locale\" content=\"pl_PL\" \/>\n<meta property=\"og:type\" content=\"article\" \/>\n<meta property=\"og:title\" content=\"Du bist am sch\u00f6nsten, wenn du du bist (Buch) - Chi statt Botox\" \/>\n<meta property=\"og:description\" content=\"Buch &quot;Du bist am sch\u00f6nsten, wenn...&quot;\" \/>\n<meta property=\"og:url\" content=\"https:\/\/chi-statt-botox.com\/pl\/produkt\/du-bist-am-schoensten-wenn-du-du-bist-buch\/\" \/>\n<meta property=\"og:site_name\" content=\"Chi statt Botox\" \/>\n<meta property=\"article:modified_time\" content=\"2026-05-08T11:15:37+00:00\" \/>\n<meta property=\"og:image\" content=\"https:\/\/chi-statt-botox.com\/wp-content\/uploads\/Buchfoto.jpg\" \/>\n\t<meta property=\"og:image:width\" content=\"400\" \/>\n\t<meta property=\"og:image:height\" content=\"400\" \/>\n\t<meta property=\"og:image:type\" content=\"image\/jpeg\" \/>\n<meta name=\"twitter:card\" content=\"summary_large_image\" \/>\n<meta name=\"twitter:label1\" content=\"Szacowany czas czytania\" \/>\n\t<meta name=\"twitter:data1\" content=\"3 minuty\" \/>\n<script type=\"application\/ld+json\" class=\"yoast-schema-graph\">{\"@context\":\"https:\/\/schema.org\",\"@graph\":[{\"@type\":\"WebPage\",\"@id\":\"https:\/\/chi-statt-botox.com\/produkt\/du-bist-am-schoensten-wenn-du-du-bist-buch\/\",\"url\":\"https:\/\/chi-statt-botox.com\/produkt\/du-bist-am-schoensten-wenn-du-du-bist-buch\/\",\"name\":\"Du bist am sch\u00f6nsten, wenn du du bist (Buch) - Chi statt Botox\",\"isPartOf\":{\"@id\":\"https:\/\/chi-statt-botox.com\/#website\"},\"primaryImageOfPage\":{\"@id\":\"https:\/\/chi-statt-botox.com\/produkt\/du-bist-am-schoensten-wenn-du-du-bist-buch\/#primaryimage\"},\"image\":{\"@id\":\"https:\/\/chi-statt-botox.com\/produkt\/du-bist-am-schoensten-wenn-du-du-bist-buch\/#primaryimage\"},\"thumbnailUrl\":\"https:\/\/chi-statt-botox.com\/wp-content\/uploads\/Buchfoto.jpg\",\"datePublished\":\"2020-02-07T11:38:56+00:00\",\"dateModified\":\"2026-05-08T11:15:37+00:00\",\"breadcrumb\":{\"@id\":\"https:\/\/chi-statt-botox.com\/produkt\/du-bist-am-schoensten-wenn-du-du-bist-buch\/#breadcrumb\"},\"inLanguage\":\"pl-PL\",\"potentialAction\":[{\"@type\":\"ReadAction\",\"target\":[\"https:\/\/chi-statt-botox.com\/produkt\/du-bist-am-schoensten-wenn-du-du-bist-buch\/\"]}]},{\"@type\":\"ImageObject\",\"inLanguage\":\"pl-PL\",\"@id\":\"https:\/\/chi-statt-botox.com\/produkt\/du-bist-am-schoensten-wenn-du-du-bist-buch\/#primaryimage\",\"url\":\"https:\/\/chi-statt-botox.com\/wp-content\/uploads\/Buchfoto.jpg\",\"contentUrl\":\"https:\/\/chi-statt-botox.com\/wp-content\/uploads\/Buchfoto.jpg\",\"width\":400,\"height\":400},{\"@type\":\"BreadcrumbList\",\"@id\":\"https:\/\/chi-statt-botox.com\/produkt\/du-bist-am-schoensten-wenn-du-du-bist-buch\/#breadcrumb\",\"itemListElement\":[{\"@type\":\"ListItem\",\"position\":1,\"name\":\"Startseite\",\"item\":\"https:\/\/chi-statt-botox.com\/\"},{\"@type\":\"ListItem\",\"position\":2,\"name\":\"Produkte\",\"item\":\"https:\/\/chi-statt-botox.com\/shop\/\"},{\"@type\":\"ListItem\",\"position\":3,\"name\":\"Du bist am sch\u00f6nsten, wenn du du bist (Buch)\"}]},{\"@type\":\"WebSite\",\"@id\":\"https:\/\/chi-statt-botox.com\/#website\",\"url\":\"https:\/\/chi-statt-botox.com\/\",\"name\":\"Chi statt Botox\",\"description\":\"Falten wegzaubern, Haut straffen\",\"potentialAction\":[{\"@type\":\"SearchAction\",\"target\":{\"@type\":\"EntryPoint\",\"urlTemplate\":\"https:\/\/chi-statt-botox.com\/?s={search_term_string}\"},\"query-input\":{\"@type\":\"PropertyValueSpecification\",\"valueRequired\":true,\"valueName\":\"search_term_string\"}}],\"inLanguage\":\"pl-PL\"}]}<\/script>\n<!-- \/ Yoast SEO plugin. -->","yoast_head_json":{"title":"Jeste\u015b najpi\u0119kniejsza, gdy jeste\u015b sob\u0105 (ksi\u0105\u017cka) - Chi zamiast botoksu","robots":{"index":"index","follow":"follow","max-snippet":"max-snippet:-1","max-image-preview":"max-image-preview:large","max-video-preview":"max-video-preview:-1"},"canonical":"https:\/\/chi-statt-botox.com\/pl\/produkt\/du-bist-am-schoensten-wenn-du-du-bist-buch\/","og_locale":"pl_PL","og_type":"article","og_title":"Du bist am sch\u00f6nsten, wenn du du bist (Buch) - Chi statt Botox","og_description":"Buch \"Du bist am sch\u00f6nsten, wenn...\"","og_url":"https:\/\/chi-statt-botox.com\/pl\/produkt\/du-bist-am-schoensten-wenn-du-du-bist-buch\/","og_site_name":"Chi statt Botox","article_modified_time":"2026-05-08T11:15:37+00:00","og_image":[{"width":400,"height":400,"url":"https:\/\/chi-statt-botox.com\/wp-content\/uploads\/Buchfoto.jpg","type":"image\/jpeg"}],"twitter_card":"summary_large_image","twitter_misc":{"Szacowany czas czytania":"3 minuty"},"schema":{"@context":"https:\/\/schema.org","@graph":[{"@type":"WebPage","@id":"https:\/\/chi-statt-botox.com\/produkt\/du-bist-am-schoensten-wenn-du-du-bist-buch\/","url":"https:\/\/chi-statt-botox.com\/produkt\/du-bist-am-schoensten-wenn-du-du-bist-buch\/","name":"Jeste\u015b najpi\u0119kniejsza, gdy jeste\u015b sob\u0105 (ksi\u0105\u017cka) - Chi zamiast botoksu","isPartOf":{"@id":"https:\/\/chi-statt-botox.com\/#website"},"primaryImageOfPage":{"@id":"https:\/\/chi-statt-botox.com\/produkt\/du-bist-am-schoensten-wenn-du-du-bist-buch\/#primaryimage"},"image":{"@id":"https:\/\/chi-statt-botox.com\/produkt\/du-bist-am-schoensten-wenn-du-du-bist-buch\/#primaryimage"},"thumbnailUrl":"https:\/\/chi-statt-botox.com\/wp-content\/uploads\/Buchfoto.jpg","datePublished":"2020-02-07T11:38:56+00:00","dateModified":"2026-05-08T11:15:37+00:00","breadcrumb":{"@id":"https:\/\/chi-statt-botox.com\/produkt\/du-bist-am-schoensten-wenn-du-du-bist-buch\/#breadcrumb"},"inLanguage":"pl-PL","potentialAction":[{"@type":"ReadAction","target":["https:\/\/chi-statt-botox.com\/produkt\/du-bist-am-schoensten-wenn-du-du-bist-buch\/"]}]},{"@type":"ImageObject","inLanguage":"pl-PL","@id":"https:\/\/chi-statt-botox.com\/produkt\/du-bist-am-schoensten-wenn-du-du-bist-buch\/#primaryimage","url":"https:\/\/chi-statt-botox.com\/wp-content\/uploads\/Buchfoto.jpg","contentUrl":"https:\/\/chi-statt-botox.com\/wp-content\/uploads\/Buchfoto.jpg","width":400,"height":400},{"@type":"BreadcrumbList","@id":"https:\/\/chi-statt-botox.com\/produkt\/du-bist-am-schoensten-wenn-du-du-bist-buch\/#breadcrumb","itemListElement":[{"@type":"ListItem","position":1,"name":"Startseite","item":"https:\/\/chi-statt-botox.com\/"},{"@type":"ListItem","position":2,"name":"Produkte","item":"https:\/\/chi-statt-botox.com\/shop\/"},{"@type":"ListItem","position":3,"name":"Du bist am sch\u00f6nsten, wenn du du bist (Buch)"}]},{"@type":"WebSite","@id":"https:\/\/chi-statt-botox.com\/#website","url":"https:\/\/chi-statt-botox.com\/","name":"Chi zamiast botoksu","description":"Usuwa zmarszczki, napina sk\u00f3r\u0119","potentialAction":[{"@type":"SearchAction","target":{"@type":"EntryPoint","urlTemplate":"https:\/\/chi-statt-botox.com\/?s={search_term_string}"},"query-input":{"@type":"PropertyValueSpecification","valueRequired":true,"valueName":"search_term_string"}}],"inLanguage":"pl-PL"}]}},"_links":{"self":[{"href":"https:\/\/chi-statt-botox.com\/pl\/wp-json\/wp\/v2\/product\/2734","targetHints":{"allow":["GET"]}}],"collection":[{"href":"https:\/\/chi-statt-botox.com\/pl\/wp-json\/wp\/v2\/product"}],"about":[{"href":"https:\/\/chi-statt-botox.com\/pl\/wp-json\/wp\/v2\/types\/product"}],"wp:featuredmedia":[{"embeddable":true,"href":"https:\/\/chi-statt-botox.com\/pl\/wp-json\/wp\/v2\/media\/16044"}],"wp:attachment":[{"href":"https:\/\/chi-statt-botox.com\/pl\/wp-json\/wp\/v2\/media?parent=2734"}],"wp:term":[{"taxonomy":"product_brand","embeddable":true,"href":"https:\/\/chi-statt-botox.com\/pl\/wp-json\/wp\/v2\/product_brand?post=2734"},{"taxonomy":"product_cat","embeddable":true,"href":"https:\/\/chi-statt-botox.com\/pl\/wp-json\/wp\/v2\/product_cat?post=2734"},{"taxonomy":"product_tag","embeddable":true,"href":"https:\/\/chi-statt-botox.com\/pl\/wp-json\/wp\/v2\/product_tag?post=2734"}],"curies":[{"name":"wp","href":"https:\/\/api.w.org\/{rel}","templated":true}]}}