{"id":28202,"date":"2023-11-07T10:05:09","date_gmt":"2023-11-07T09:05:09","guid":{"rendered":"https:\/\/chi-statt-botox.com\/?post_type=product&#038;p=28202"},"modified":"2026-04-15T09:02:49","modified_gmt":"2026-04-15T07:02:49","slug":"fokus","status":"publish","type":"product","link":"https:\/\/chi-statt-botox.com\/pl\/produkt\/fokus\/","title":{"rendered":"Skupienie"},"content":{"rendered":"<p>Zainspirowany m\u0105dro\u015bci\u0105 staro\u017cytnych kultur i cudami natury.<\/p>\n<p>Odkryj sekret <strong>Moc korzenia<\/strong> z <strong>Imperium Ink\u00f3w<\/strong>ostateczne wsparcie <strong>dla m\u0119\u017cczyzn i kobiet<\/strong>. Krem, kt\u00f3ry nie tylko rozpieszcza sk\u00f3r\u0119, ale tak\u017ce promuje wewn\u0119trzn\u0105 r\u00f3wnowag\u0119. The <strong>Korze\u0144 pochrzynu<\/strong> jest znany ze swoich w\u0142a\u015bciwo\u015bci r\u00f3wnowa\u017c\u0105cych hormony. Ma dzia\u0142anie harmonizuj\u0105ce, a przy regularnym stosowaniu mo\u017ce pom\u00f3c wspiera\u0107 naturaln\u0105 r\u00f3wnowag\u0119 hormonaln\u0105 organizmu - prawdziwe b\u0142ogos\u0142awie\u0144stwo w czasach waha\u0144 hormonalnych. Czy <strong>Redukcja stresu<\/strong>, <strong>Zastrzyk energii<\/strong> lub zwi\u0119kszona <strong>Wytrzyma\u0142o\u015b\u0107<\/strong> - Ten krem jest Twoim sprzymierze\u0144cem. Poniewa\u017c nawet <strong>Maca bulwiasta<\/strong> jest uwa\u017cana za super\u017cywno\u015b\u0107 w Ameryce Po\u0142udniowej ze wzgl\u0119du na jej zdolno\u015b\u0107 do zwi\u0119kszania wydajno\u015bci fizycznej i umys\u0142owej.<\/p>\n<p>Ponadto ekstrakt z passiflory zapewnia sk\u0142adnik uspokajaj\u0105cy, kt\u00f3ry jest idealny dla <strong>Uk\u0142ad nerwowy<\/strong> w stresuj\u0105cych czasach <strong>Relaks<\/strong>. Kozieradka, stary sprzymierzeniec dla <strong>Witalno\u015b\u0107<\/strong>kr\u0119ci korb\u0105 <strong>Metabolizm<\/strong> i olejek makadamia zapewniaj\u0105 intensywne nawil\u017cenie dla elastycznej, promiennej sk\u00f3ry. Krem Focus pomaga zregenerowa\u0107 energi\u0119 i sprawi\u0107, \u017ce zn\u00f3w poczujesz si\u0119 sprawniejsza. Zwi\u0119ksza ch\u0119\u0107 do wi\u0119kszej aktywno\u015bci, co z kolei pozytywnie wp\u0142ywa na r\u00f3wnowag\u0119 hormonaln\u0105. Sprawia, \u017ce kobiety, ale tak\u017ce m\u0119\u017cczy\u017ani, zn\u00f3w maj\u0105 to co\u015b i czuj\u0105 si\u0119 lepiej. <strong>Ugryzienie<\/strong> z powrotem!<\/p>\n<p><strong>Zawarto\u015b\u0107<\/strong>50 ml<\/p>\n<p><strong>Sk\u0142adniki<\/strong>Woda, mieszanka olej\u00f3w ro\u015blinnych, olej z orzech\u00f3w makadamia, olej jojoba, ro\u015blinny alkohol t\u0142uszczowy, gliceryna, emulgator pochodzenia ro\u015blinnego, konserwant pochodzenia ro\u015blinnego, oliwa z oliwek, guma ksantanowa, lecytyna, wit. E\/olej s\u0142onecznikowy, esencja ze z\u0142ota spagirycznego (aurum potabile), esencja z szafranu spagirycznego, ekstrakt z korzenia pochrzynu, ekstrakt z \u0142opianu ziemnego, ekstrakt z korzenia maca, ekstrakt z passiflory (chryzyna), ekstrakt z kozieradki, ekstrakt z alg, olejek eteryczny z limonki (sk\u0142adniki pochodz\u0105ce z kontrolowanych upraw ekologicznych, certyfikowane, proces certyfikacji nie zosta\u0142 jeszcze zako\u0144czony).<\/p>\n<p><strong>Zastosowanie<\/strong>:<\/p>\n<p><strong>M\u0119\u017cczy\u017ani<\/strong> Nak\u0142ada\u0107 jedno poci\u0105gni\u0119cie Focus Cream na delikatne obszary sk\u00f3ry raz dziennie. Najlepiej stosowa\u0107 rano.<br \/>\n<strong>Kobiety<\/strong> Nak\u0142ada\u0107 jedno poci\u0105gni\u0119cie Focus Cream dwa razy dziennie na delikatne obszary sk\u00f3ry. Najlepiej stosowa\u0107 rano.<\/p>\n<p>Zapraszamy do skupienia si\u0119 na <a href=\"https:\/\/chi-statt-botox.com\/pl\/produkt\/magic-yams\/?v=fa868488740a\" target=\"_blank\" rel=\"noopener\">Magic Yams Cream<\/a> <strong>po\u0142\u0105czenie<\/strong>. W tym przypadku, carry <strong>Krem skupiaj\u0105cy rano<\/strong> oraz <strong>Krem z batat\u00f3w wieczorem<\/strong> na.<\/p>\n<p>Obszary z cienk\u0105 sk\u00f3r\u0105 i z\u0142ogami t\u0142uszczu okaza\u0142y si\u0119 skuteczne. Na przyk\u0142ad, wewn\u0119trzna strona ramion i ud lub brzuch mog\u0105 by\u0107 kremowane naprzemiennie ka\u017cdego dnia.<\/p>\n<p>Nie ma limitu czasu stosowania kremu. Jednak po trzech miesi\u0105cach mo\u017cna spr\u00f3bowa\u0107 zmniejszy\u0107 ilo\u015b\u0107 stosowanego kremu. Po prostu spr\u00f3buj!<\/p>\n<p><strong>Film instrukta\u017cowy<\/strong> (wystarczy klikn\u0105\u0107):<br \/>\n<a href=\"https:\/\/www.youtube.com\/watch?v=c2iIlhUunX4&amp;t=37s\" target=\"_blank\" rel=\"noopener\"><strong>\"Skuteczne r\u00f3wnowa\u017cenie poziomu hormon\u00f3w (bez zast\u0119powania hormon\u00f3w! \u2b50) - co\u015b, co ka\u017cda kobieta powinna wiedzie\u0107\".<\/strong><\/a><\/p>\n<p>Vital-life GmbH \/ Wasserkuppenstr. 25 \/ 36043 Fulda \/ Niemcy \/ info@vital-life.de<\/p>","protected":false},"excerpt":{"rendered":"<ul>\n<li>Wysokiej jako\u015bci krem do cia\u0142a z ekstraktami z pochrzynu i korzenia maca<\/li>\n<li>Z moc\u0105 esencji spagirycznych<\/li>\n<li>Wi\u0119cej energii i wsp\u00f3\u0142czuj\u0105cej mocy<\/li>\n<li>Wsparcie r\u00f3wnowagi hormonalnej<\/li>\n<li>Brak hormonalnego kremu zast\u0119pczego<\/li>\n<li>Dla kobiet i m\u0119\u017cczyzn<\/li>\n<li>Subtelny zapach<\/li>\n<\/ul>\n<p>&nbsp;<\/p>\n<p>&nbsp;<\/p>","protected":false},"featured_media":28205,"template":"","meta":{"_acf_changed":false,"_et_pb_use_builder":"","_et_pb_old_content":"","_et_gb_content_width":""},"product_brand":[],"product_cat":[222,172],"product_tag":[],"class_list":{"0":"post-28202","1":"product","2":"type-product","3":"status-publish","4":"has-post-thumbnail","6":"product_cat-hormone","7":"product_cat-kosmetik","9":"first","10":"instock","11":"taxable","12":"shipping-taxable","13":"purchasable","14":"product-type-simple"},"acf":[],"yoast_head":"<!-- This site is optimized with the Yoast SEO plugin v26.4 - https:\/\/yoast.com\/wordpress\/plugins\/seo\/ -->\n<title>Fokus - Chi statt Botox<\/title>\n<meta name=\"robots\" content=\"index, follow, max-snippet:-1, max-image-preview:large, max-video-preview:-1\" \/>\n<link rel=\"canonical\" href=\"https:\/\/chi-statt-botox.com\/pl\/produkt\/fokus\/\" \/>\n<meta property=\"og:locale\" content=\"pl_PL\" \/>\n<meta property=\"og:type\" content=\"article\" \/>\n<meta property=\"og:title\" content=\"Fokus - Chi statt Botox\" \/>\n<meta property=\"og:description\" content=\"Hochwertige K\u00f6rpercreme mit Extrakten aus Yams- und Macawurzel  Mit der Kraft spagyrischer Essenzen  F\u00fcr mehr Energie und Sympatik Power  Unterst\u00fctzung des hormonellen Gleichgewichts  Keine Hormonersatzcreme  F\u00fcr Frauen und M\u00e4nner  Subtiler Duft  &nbsp;  &nbsp;\" \/>\n<meta property=\"og:url\" content=\"https:\/\/chi-statt-botox.com\/pl\/produkt\/fokus\/\" \/>\n<meta property=\"og:site_name\" content=\"Chi statt Botox\" \/>\n<meta property=\"article:modified_time\" content=\"2026-04-15T07:02:49+00:00\" \/>\n<meta property=\"og:image\" content=\"https:\/\/chi-statt-botox.com\/wp-content\/uploads\/Fokus-neu.jpg\" \/>\n\t<meta property=\"og:image:width\" content=\"720\" \/>\n\t<meta property=\"og:image:height\" content=\"720\" \/>\n\t<meta property=\"og:image:type\" content=\"image\/jpeg\" \/>\n<meta name=\"twitter:card\" content=\"summary_large_image\" \/>\n<meta name=\"twitter:label1\" content=\"Szacowany czas czytania\" \/>\n\t<meta name=\"twitter:data1\" content=\"3 minuty\" \/>\n<script type=\"application\/ld+json\" class=\"yoast-schema-graph\">{\"@context\":\"https:\/\/schema.org\",\"@graph\":[{\"@type\":\"WebPage\",\"@id\":\"https:\/\/chi-statt-botox.com\/produkt\/fokus\/\",\"url\":\"https:\/\/chi-statt-botox.com\/produkt\/fokus\/\",\"name\":\"Fokus - Chi statt Botox\",\"isPartOf\":{\"@id\":\"https:\/\/chi-statt-botox.com\/#website\"},\"primaryImageOfPage\":{\"@id\":\"https:\/\/chi-statt-botox.com\/produkt\/fokus\/#primaryimage\"},\"image\":{\"@id\":\"https:\/\/chi-statt-botox.com\/produkt\/fokus\/#primaryimage\"},\"thumbnailUrl\":\"https:\/\/chi-statt-botox.com\/wp-content\/uploads\/Fokus-neu.jpg\",\"datePublished\":\"2023-11-07T09:05:09+00:00\",\"dateModified\":\"2026-04-15T07:02:49+00:00\",\"breadcrumb\":{\"@id\":\"https:\/\/chi-statt-botox.com\/produkt\/fokus\/#breadcrumb\"},\"inLanguage\":\"pl-PL\",\"potentialAction\":[{\"@type\":\"ReadAction\",\"target\":[\"https:\/\/chi-statt-botox.com\/produkt\/fokus\/\"]}]},{\"@type\":\"ImageObject\",\"inLanguage\":\"pl-PL\",\"@id\":\"https:\/\/chi-statt-botox.com\/produkt\/fokus\/#primaryimage\",\"url\":\"https:\/\/chi-statt-botox.com\/wp-content\/uploads\/Fokus-neu.jpg\",\"contentUrl\":\"https:\/\/chi-statt-botox.com\/wp-content\/uploads\/Fokus-neu.jpg\",\"width\":720,\"height\":720},{\"@type\":\"BreadcrumbList\",\"@id\":\"https:\/\/chi-statt-botox.com\/produkt\/fokus\/#breadcrumb\",\"itemListElement\":[{\"@type\":\"ListItem\",\"position\":1,\"name\":\"Startseite\",\"item\":\"https:\/\/chi-statt-botox.com\/\"},{\"@type\":\"ListItem\",\"position\":2,\"name\":\"Produkte\",\"item\":\"https:\/\/chi-statt-botox.com\/shop\/\"},{\"@type\":\"ListItem\",\"position\":3,\"name\":\"Fokus\"}]},{\"@type\":\"WebSite\",\"@id\":\"https:\/\/chi-statt-botox.com\/#website\",\"url\":\"https:\/\/chi-statt-botox.com\/\",\"name\":\"Chi statt Botox\",\"description\":\"Falten wegzaubern, Haut straffen\",\"potentialAction\":[{\"@type\":\"SearchAction\",\"target\":{\"@type\":\"EntryPoint\",\"urlTemplate\":\"https:\/\/chi-statt-botox.com\/?s={search_term_string}\"},\"query-input\":{\"@type\":\"PropertyValueSpecification\",\"valueRequired\":true,\"valueName\":\"search_term_string\"}}],\"inLanguage\":\"pl-PL\"}]}<\/script>\n<!-- \/ Yoast SEO plugin. -->","yoast_head_json":{"title":"Fokus - Chi statt Botox","robots":{"index":"index","follow":"follow","max-snippet":"max-snippet:-1","max-image-preview":"max-image-preview:large","max-video-preview":"max-video-preview:-1"},"canonical":"https:\/\/chi-statt-botox.com\/pl\/produkt\/fokus\/","og_locale":"pl_PL","og_type":"article","og_title":"Fokus - Chi statt Botox","og_description":"Hochwertige K\u00f6rpercreme mit Extrakten aus Yams- und Macawurzel  Mit der Kraft spagyrischer Essenzen  F\u00fcr mehr Energie und Sympatik Power  Unterst\u00fctzung des hormonellen Gleichgewichts  Keine Hormonersatzcreme  F\u00fcr Frauen und M\u00e4nner  Subtiler Duft  &nbsp;  &nbsp;","og_url":"https:\/\/chi-statt-botox.com\/pl\/produkt\/fokus\/","og_site_name":"Chi statt Botox","article_modified_time":"2026-04-15T07:02:49+00:00","og_image":[{"width":720,"height":720,"url":"https:\/\/chi-statt-botox.com\/wp-content\/uploads\/Fokus-neu.jpg","type":"image\/jpeg"}],"twitter_card":"summary_large_image","twitter_misc":{"Szacowany czas czytania":"3 minuty"},"schema":{"@context":"https:\/\/schema.org","@graph":[{"@type":"WebPage","@id":"https:\/\/chi-statt-botox.com\/produkt\/fokus\/","url":"https:\/\/chi-statt-botox.com\/produkt\/fokus\/","name":"Fokus - Chi statt Botox","isPartOf":{"@id":"https:\/\/chi-statt-botox.com\/#website"},"primaryImageOfPage":{"@id":"https:\/\/chi-statt-botox.com\/produkt\/fokus\/#primaryimage"},"image":{"@id":"https:\/\/chi-statt-botox.com\/produkt\/fokus\/#primaryimage"},"thumbnailUrl":"https:\/\/chi-statt-botox.com\/wp-content\/uploads\/Fokus-neu.jpg","datePublished":"2023-11-07T09:05:09+00:00","dateModified":"2026-04-15T07:02:49+00:00","breadcrumb":{"@id":"https:\/\/chi-statt-botox.com\/produkt\/fokus\/#breadcrumb"},"inLanguage":"pl-PL","potentialAction":[{"@type":"ReadAction","target":["https:\/\/chi-statt-botox.com\/produkt\/fokus\/"]}]},{"@type":"ImageObject","inLanguage":"pl-PL","@id":"https:\/\/chi-statt-botox.com\/produkt\/fokus\/#primaryimage","url":"https:\/\/chi-statt-botox.com\/wp-content\/uploads\/Fokus-neu.jpg","contentUrl":"https:\/\/chi-statt-botox.com\/wp-content\/uploads\/Fokus-neu.jpg","width":720,"height":720},{"@type":"BreadcrumbList","@id":"https:\/\/chi-statt-botox.com\/produkt\/fokus\/#breadcrumb","itemListElement":[{"@type":"ListItem","position":1,"name":"Startseite","item":"https:\/\/chi-statt-botox.com\/"},{"@type":"ListItem","position":2,"name":"Produkte","item":"https:\/\/chi-statt-botox.com\/shop\/"},{"@type":"ListItem","position":3,"name":"Fokus"}]},{"@type":"WebSite","@id":"https:\/\/chi-statt-botox.com\/#website","url":"https:\/\/chi-statt-botox.com\/","name":"Chi zamiast botoksu","description":"Usuwa zmarszczki, napina sk\u00f3r\u0119","potentialAction":[{"@type":"SearchAction","target":{"@type":"EntryPoint","urlTemplate":"https:\/\/chi-statt-botox.com\/?s={search_term_string}"},"query-input":{"@type":"PropertyValueSpecification","valueRequired":true,"valueName":"search_term_string"}}],"inLanguage":"pl-PL"}]}},"_links":{"self":[{"href":"https:\/\/chi-statt-botox.com\/pl\/wp-json\/wp\/v2\/product\/28202","targetHints":{"allow":["GET"]}}],"collection":[{"href":"https:\/\/chi-statt-botox.com\/pl\/wp-json\/wp\/v2\/product"}],"about":[{"href":"https:\/\/chi-statt-botox.com\/pl\/wp-json\/wp\/v2\/types\/product"}],"wp:featuredmedia":[{"embeddable":true,"href":"https:\/\/chi-statt-botox.com\/pl\/wp-json\/wp\/v2\/media\/28205"}],"wp:attachment":[{"href":"https:\/\/chi-statt-botox.com\/pl\/wp-json\/wp\/v2\/media?parent=28202"}],"wp:term":[{"taxonomy":"product_brand","embeddable":true,"href":"https:\/\/chi-statt-botox.com\/pl\/wp-json\/wp\/v2\/product_brand?post=28202"},{"taxonomy":"product_cat","embeddable":true,"href":"https:\/\/chi-statt-botox.com\/pl\/wp-json\/wp\/v2\/product_cat?post=28202"},{"taxonomy":"product_tag","embeddable":true,"href":"https:\/\/chi-statt-botox.com\/pl\/wp-json\/wp\/v2\/product_tag?post=28202"}],"curies":[{"name":"wp","href":"https:\/\/api.w.org\/{rel}","templated":true}]}}