{"id":28207,"date":"2023-11-07T10:41:34","date_gmt":"2023-11-07T09:41:34","guid":{"rendered":"https:\/\/chi-statt-botox.com\/?post_type=product&#038;p=28207"},"modified":"2026-04-14T21:39:49","modified_gmt":"2026-04-14T19:39:49","slug":"bella-mucosa-schleimhautcreme","status":"publish","type":"product","link":"https:\/\/chi-statt-botox.com\/pl\/produkt\/bella-mucosa-schleimhautcreme\/","title":{"rendered":"Krem na b\u0142on\u0119 \u015bluzow\u0105 Bella Mucosa"},"content":{"rendered":"<p>Bella Mucosa oznacza \"<strong>pi\u0119kna b\u0142ona \u015bluzowa<\/strong>\" i nazwa m\u00f3wi wszystko. Starannie opracowany balsam zosta\u0142 specjalnie opracowany, aby zapewni\u0107 koj\u0105c\u0105 ulg\u0119 dla suchej sk\u00f3ry i wra\u017cliwych b\u0142on \u015bluzowych.<\/p>\n<p>Kiedy <strong>Powieki<\/strong> \u017ce <strong>Nos<\/strong> sw\u0119dzenie lub <strong>Obszar intymny<\/strong> Je\u015bli Twoja sk\u00f3ra potrzebuje wi\u0119kszego nawil\u017cenia i piel\u0119gnacji, pomo\u017ce Ci wyj\u0105tkowa formu\u0142a organicznych wosk\u00f3w i olejk\u00f3w ro\u015blinnych.<\/p>\n<p>Pot\u0119\u017cna mieszanka <strong>Aloe Vera<\/strong> oraz <strong>Lilie Madonny<\/strong>-ekstrakt od\u017cywia i \u0142agodzi, podczas gdy <strong>Olej jojoba<\/strong> oraz <strong>Mas\u0142o shea<\/strong> g\u0142\u0119boko nawil\u017caj\u0105 i utrzymuj\u0105 elastyczno\u015b\u0107 sk\u00f3ry. Dla kobiet przechodz\u0105cych menopauz\u0119 lub dla tych, kt\u00f3re szukaj\u0105 harmonii hormonalnej <strong>Czarny cohosh<\/strong> naturalne wsparcie delikatnie przywracaj\u0105ce r\u00f3wnowag\u0119. Poczuj si\u0119 dobrze w swojej sk\u00f3rze i ciesz si\u0119 uczuciem r\u00f3wnowagi i odnowy.<\/p>\n<p>Bella Mucosa czeka, aby sta\u0107 si\u0119 Twoim codziennym towarzyszem - do piel\u0119gnacji, kt\u00f3ra si\u0119ga tak g\u0142\u0119boko, jak korzenie wykorzystywanych tu ro\u015blin. Balsam jest nie tylko koj\u0105cy i pachn\u0105cy, ale mo\u017ce r\u00f3wnie\u017c promowa\u0107 zmys\u0142owo\u015b\u0107. Esencje spagiryczne u\u017cyte do uszlachetnienia ro\u015blin nadaj\u0105 mu niezwyk\u0142\u0105 jako\u015b\u0107 i inspiruj\u0105 zar\u00f3wno kobiety, jak i m\u0119\u017cczyzn.<\/p>\n<p><strong>Zawarto\u015b\u0107<\/strong>30 ml<\/p>\n<p><strong>Sk\u0142adniki<\/strong>Olej jojoba, mas\u0142o shea, wosk pszczeli, aloes, ekstrakt z lilii madonny, ekstrakt z dziewanny, ekstrakt ze stokrotki, esencje spagiryczne z czarnego cohosh, czerwonej koniczyny, stokrotki, olejek eteryczny z r\u00f3\u017cy majowej (sk\u0142adniki <strong>rolnictwo kontrolowane ekologicznie<\/strong>, certyfikowany, proces certyfikacji nie zosta\u0142 jeszcze zako\u0144czony)<\/p>\n<p><strong>Zastosowanie<\/strong>:<br \/>\nW razie potrzeby nanie\u015b\u0107 ilo\u015b\u0107 balsamu Bella Mucosa Balm wielko\u015bci pestki wi\u015bni na leczone obszary sk\u00f3ry.<\/p>\n<p><strong>Film instrukta\u017cowy<\/strong> (wystarczy klikn\u0105\u0107):<br \/>\n<a href=\"https:\/\/www.youtube.com\/watch?v=c2iIlhUunX4&amp;t=37s\" target=\"_blank\" rel=\"noopener\"><strong>\"Skuteczne r\u00f3wnowa\u017cenie poziomu hormon\u00f3w (bez zast\u0119powania hormon\u00f3w! \u2b50) - co\u015b, co ka\u017cda kobieta powinna wiedzie\u0107\".<\/strong><\/a><\/p>\n<p>Vital-life GmbH \/ Wasserkuppenstr. 25 \/ 36043 Fulda \/ Niemcy \/ info@vital-life.de<\/p>","protected":false},"excerpt":{"rendered":"<ul>\n<li>Intensywna piel\u0119gnacja suchej sk\u00f3ry i b\u0142on \u015bluzowych<\/li>\n<li>Idealny na sucho\u015b\u0107 pochwy<\/li>\n<li>Dla wi\u0119kszej rado\u015bci i przyjemno\u015bci<\/li>\n<li>Odpowiedni do powiek, nosa, uszu i okolic narz\u0105d\u00f3w p\u0142ciowych<\/li>\n<li>Wy\u0142\u0105cznie naturalne sk\u0142adniki<\/li>\n<li>Zapewnia g\u0142\u0119bokie nawil\u017cenie<\/li>\n<li>\u0141agodzi i zmniejsza podra\u017cnienia sk\u00f3ry<\/li>\n<\/ul>","protected":false},"featured_media":28212,"template":"","meta":{"_acf_changed":false,"_et_pb_use_builder":"","_et_pb_old_content":"","_et_gb_content_width":""},"product_brand":[],"product_cat":[222,172],"product_tag":[],"class_list":{"0":"post-28207","1":"product","2":"type-product","3":"status-publish","4":"has-post-thumbnail","6":"product_cat-hormone","7":"product_cat-kosmetik","9":"first","10":"instock","11":"taxable","12":"shipping-taxable","13":"purchasable","14":"product-type-simple"},"acf":[],"yoast_head":"<!-- This site is optimized with the Yoast SEO plugin v26.4 - https:\/\/yoast.com\/wordpress\/plugins\/seo\/ -->\n<title>Bella Mucosa Schleimhautcreme - Chi statt Botox<\/title>\n<meta name=\"robots\" content=\"index, follow, max-snippet:-1, max-image-preview:large, max-video-preview:-1\" \/>\n<link rel=\"canonical\" href=\"https:\/\/chi-statt-botox.com\/pl\/produkt\/bella-mucosa-schleimhautcreme\/\" \/>\n<meta property=\"og:locale\" content=\"pl_PL\" \/>\n<meta property=\"og:type\" content=\"article\" \/>\n<meta property=\"og:title\" content=\"Bella Mucosa Schleimhautcreme - Chi statt Botox\" \/>\n<meta property=\"og:description\" content=\"Intensive Pflege f\u00fcr trockene Haut und Schleimh\u00e4ute  Ideal bei Scheidentrockenheit  F\u00fcr mehr Genuss und Freude  Geeignet f\u00fcr Augenlider, Nase, Ohren und Intimbereich  Ausschlie\u00dflich nat\u00fcrliche Inhaltstoffe  Spendet tiefenwirksame Feuchtigkeit  Beruhigt und mindert Hautreizungen\" \/>\n<meta property=\"og:url\" content=\"https:\/\/chi-statt-botox.com\/pl\/produkt\/bella-mucosa-schleimhautcreme\/\" \/>\n<meta property=\"og:site_name\" content=\"Chi statt Botox\" \/>\n<meta property=\"article:modified_time\" content=\"2026-04-14T19:39:49+00:00\" \/>\n<meta property=\"og:image\" content=\"https:\/\/chi-statt-botox.com\/wp-content\/uploads\/vl_pack_bella2019.jpg\" \/>\n\t<meta property=\"og:image:width\" content=\"1920\" \/>\n\t<meta property=\"og:image:height\" content=\"1638\" \/>\n\t<meta property=\"og:image:type\" content=\"image\/jpeg\" \/>\n<meta name=\"twitter:card\" content=\"summary_large_image\" \/>\n<meta name=\"twitter:label1\" content=\"Szacowany czas czytania\" \/>\n\t<meta name=\"twitter:data1\" content=\"2 minuty\" \/>\n<script type=\"application\/ld+json\" class=\"yoast-schema-graph\">{\"@context\":\"https:\/\/schema.org\",\"@graph\":[{\"@type\":\"WebPage\",\"@id\":\"https:\/\/chi-statt-botox.com\/produkt\/bella-mucosa-schleimhautcreme\/\",\"url\":\"https:\/\/chi-statt-botox.com\/produkt\/bella-mucosa-schleimhautcreme\/\",\"name\":\"Bella Mucosa Schleimhautcreme - Chi statt Botox\",\"isPartOf\":{\"@id\":\"https:\/\/chi-statt-botox.com\/#website\"},\"primaryImageOfPage\":{\"@id\":\"https:\/\/chi-statt-botox.com\/produkt\/bella-mucosa-schleimhautcreme\/#primaryimage\"},\"image\":{\"@id\":\"https:\/\/chi-statt-botox.com\/produkt\/bella-mucosa-schleimhautcreme\/#primaryimage\"},\"thumbnailUrl\":\"https:\/\/chi-statt-botox.com\/wp-content\/uploads\/vl_pack_bella2019.jpg\",\"datePublished\":\"2023-11-07T09:41:34+00:00\",\"dateModified\":\"2026-04-14T19:39:49+00:00\",\"breadcrumb\":{\"@id\":\"https:\/\/chi-statt-botox.com\/produkt\/bella-mucosa-schleimhautcreme\/#breadcrumb\"},\"inLanguage\":\"pl-PL\",\"potentialAction\":[{\"@type\":\"ReadAction\",\"target\":[\"https:\/\/chi-statt-botox.com\/produkt\/bella-mucosa-schleimhautcreme\/\"]}]},{\"@type\":\"ImageObject\",\"inLanguage\":\"pl-PL\",\"@id\":\"https:\/\/chi-statt-botox.com\/produkt\/bella-mucosa-schleimhautcreme\/#primaryimage\",\"url\":\"https:\/\/chi-statt-botox.com\/wp-content\/uploads\/vl_pack_bella2019.jpg\",\"contentUrl\":\"https:\/\/chi-statt-botox.com\/wp-content\/uploads\/vl_pack_bella2019.jpg\",\"width\":1920,\"height\":1638},{\"@type\":\"BreadcrumbList\",\"@id\":\"https:\/\/chi-statt-botox.com\/produkt\/bella-mucosa-schleimhautcreme\/#breadcrumb\",\"itemListElement\":[{\"@type\":\"ListItem\",\"position\":1,\"name\":\"Startseite\",\"item\":\"https:\/\/chi-statt-botox.com\/\"},{\"@type\":\"ListItem\",\"position\":2,\"name\":\"Produkte\",\"item\":\"https:\/\/chi-statt-botox.com\/shop\/\"},{\"@type\":\"ListItem\",\"position\":3,\"name\":\"Bella Mucosa Schleimhautcreme\"}]},{\"@type\":\"WebSite\",\"@id\":\"https:\/\/chi-statt-botox.com\/#website\",\"url\":\"https:\/\/chi-statt-botox.com\/\",\"name\":\"Chi statt Botox\",\"description\":\"Falten wegzaubern, Haut straffen\",\"potentialAction\":[{\"@type\":\"SearchAction\",\"target\":{\"@type\":\"EntryPoint\",\"urlTemplate\":\"https:\/\/chi-statt-botox.com\/?s={search_term_string}\"},\"query-input\":{\"@type\":\"PropertyValueSpecification\",\"valueRequired\":true,\"valueName\":\"search_term_string\"}}],\"inLanguage\":\"pl-PL\"}]}<\/script>\n<!-- \/ Yoast SEO plugin. -->","yoast_head_json":{"title":"Bella Mucosa Schleimhautcreme - Chi statt Botox","robots":{"index":"index","follow":"follow","max-snippet":"max-snippet:-1","max-image-preview":"max-image-preview:large","max-video-preview":"max-video-preview:-1"},"canonical":"https:\/\/chi-statt-botox.com\/pl\/produkt\/bella-mucosa-schleimhautcreme\/","og_locale":"pl_PL","og_type":"article","og_title":"Bella Mucosa Schleimhautcreme - Chi statt Botox","og_description":"Intensive Pflege f\u00fcr trockene Haut und Schleimh\u00e4ute  Ideal bei Scheidentrockenheit  F\u00fcr mehr Genuss und Freude  Geeignet f\u00fcr Augenlider, Nase, Ohren und Intimbereich  Ausschlie\u00dflich nat\u00fcrliche Inhaltstoffe  Spendet tiefenwirksame Feuchtigkeit  Beruhigt und mindert Hautreizungen","og_url":"https:\/\/chi-statt-botox.com\/pl\/produkt\/bella-mucosa-schleimhautcreme\/","og_site_name":"Chi statt Botox","article_modified_time":"2026-04-14T19:39:49+00:00","og_image":[{"width":1920,"height":1638,"url":"https:\/\/chi-statt-botox.com\/wp-content\/uploads\/vl_pack_bella2019.jpg","type":"image\/jpeg"}],"twitter_card":"summary_large_image","twitter_misc":{"Szacowany czas czytania":"2 minuty"},"schema":{"@context":"https:\/\/schema.org","@graph":[{"@type":"WebPage","@id":"https:\/\/chi-statt-botox.com\/produkt\/bella-mucosa-schleimhautcreme\/","url":"https:\/\/chi-statt-botox.com\/produkt\/bella-mucosa-schleimhautcreme\/","name":"Bella Mucosa Schleimhautcreme - Chi statt Botox","isPartOf":{"@id":"https:\/\/chi-statt-botox.com\/#website"},"primaryImageOfPage":{"@id":"https:\/\/chi-statt-botox.com\/produkt\/bella-mucosa-schleimhautcreme\/#primaryimage"},"image":{"@id":"https:\/\/chi-statt-botox.com\/produkt\/bella-mucosa-schleimhautcreme\/#primaryimage"},"thumbnailUrl":"https:\/\/chi-statt-botox.com\/wp-content\/uploads\/vl_pack_bella2019.jpg","datePublished":"2023-11-07T09:41:34+00:00","dateModified":"2026-04-14T19:39:49+00:00","breadcrumb":{"@id":"https:\/\/chi-statt-botox.com\/produkt\/bella-mucosa-schleimhautcreme\/#breadcrumb"},"inLanguage":"pl-PL","potentialAction":[{"@type":"ReadAction","target":["https:\/\/chi-statt-botox.com\/produkt\/bella-mucosa-schleimhautcreme\/"]}]},{"@type":"ImageObject","inLanguage":"pl-PL","@id":"https:\/\/chi-statt-botox.com\/produkt\/bella-mucosa-schleimhautcreme\/#primaryimage","url":"https:\/\/chi-statt-botox.com\/wp-content\/uploads\/vl_pack_bella2019.jpg","contentUrl":"https:\/\/chi-statt-botox.com\/wp-content\/uploads\/vl_pack_bella2019.jpg","width":1920,"height":1638},{"@type":"BreadcrumbList","@id":"https:\/\/chi-statt-botox.com\/produkt\/bella-mucosa-schleimhautcreme\/#breadcrumb","itemListElement":[{"@type":"ListItem","position":1,"name":"Startseite","item":"https:\/\/chi-statt-botox.com\/"},{"@type":"ListItem","position":2,"name":"Produkte","item":"https:\/\/chi-statt-botox.com\/shop\/"},{"@type":"ListItem","position":3,"name":"Bella Mucosa Schleimhautcreme"}]},{"@type":"WebSite","@id":"https:\/\/chi-statt-botox.com\/#website","url":"https:\/\/chi-statt-botox.com\/","name":"Chi zamiast botoksu","description":"Usuwa zmarszczki, napina sk\u00f3r\u0119","potentialAction":[{"@type":"SearchAction","target":{"@type":"EntryPoint","urlTemplate":"https:\/\/chi-statt-botox.com\/?s={search_term_string}"},"query-input":{"@type":"PropertyValueSpecification","valueRequired":true,"valueName":"search_term_string"}}],"inLanguage":"pl-PL"}]}},"_links":{"self":[{"href":"https:\/\/chi-statt-botox.com\/pl\/wp-json\/wp\/v2\/product\/28207","targetHints":{"allow":["GET"]}}],"collection":[{"href":"https:\/\/chi-statt-botox.com\/pl\/wp-json\/wp\/v2\/product"}],"about":[{"href":"https:\/\/chi-statt-botox.com\/pl\/wp-json\/wp\/v2\/types\/product"}],"wp:featuredmedia":[{"embeddable":true,"href":"https:\/\/chi-statt-botox.com\/pl\/wp-json\/wp\/v2\/media\/28212"}],"wp:attachment":[{"href":"https:\/\/chi-statt-botox.com\/pl\/wp-json\/wp\/v2\/media?parent=28207"}],"wp:term":[{"taxonomy":"product_brand","embeddable":true,"href":"https:\/\/chi-statt-botox.com\/pl\/wp-json\/wp\/v2\/product_brand?post=28207"},{"taxonomy":"product_cat","embeddable":true,"href":"https:\/\/chi-statt-botox.com\/pl\/wp-json\/wp\/v2\/product_cat?post=28207"},{"taxonomy":"product_tag","embeddable":true,"href":"https:\/\/chi-statt-botox.com\/pl\/wp-json\/wp\/v2\/product_tag?post=28207"}],"curies":[{"name":"wp","href":"https:\/\/api.w.org\/{rel}","templated":true}]}}