{"id":28215,"date":"2023-11-07T11:40:36","date_gmt":"2023-11-07T10:40:36","guid":{"rendered":"https:\/\/chi-statt-botox.com\/?post_type=product&#038;p=28215"},"modified":"2026-04-15T20:50:47","modified_gmt":"2026-04-15T18:50:47","slug":"befree-bodylotion-mit-magnesium","status":"publish","type":"product","link":"https:\/\/chi-statt-botox.com\/pl\/produkt\/befree-bodylotion-mit-magnesium\/","title":{"rendered":"Balsam do cia\u0142a BeFree z magnezem"},"content":{"rendered":"<p>Ten niezwyk\u0142y balsam to co\u015b wi\u0119cej ni\u017c tylko krem nawil\u017caj\u0105cy - to codzienna kuracja dla Twojej sk\u00f3ry, wnikaj\u0105ca g\u0142\u0119boko w jej struktur\u0119, aby rewitalizowa\u0107 i wzmacnia\u0107 od wewn\u0105trz. Dzi\u0119ki <strong>esencje spagiryczne<\/strong> wszystkie poziomy s\u0105 uwzgl\u0119dnione.<\/p>\n<p>Brak <strong>Magnez<\/strong> zmniejsza <strong>Elastyczno\u015b\u0107<\/strong> oraz <strong>Absorpcja wilgoci<\/strong> sk\u00f3ry. Opr\u00f3cz magnezu, kt\u00f3ry jest r\u00f3wnie\u017c znany jako \"s\u00f3l spokoju\" i pomaga w relaksacji, balsam zawiera r\u00f3wnie\u017c magnez spagiryczny.<\/p>\n<p><strong>Krzem<\/strong> stymuluje <strong>Tworzenie w\u0142\u00f3kien kolagenowych<\/strong> i zachowuje <strong>Zawarto\u015b\u0107 wilgoci<\/strong> tkanki. Pomaga to napi\u0105\u0107 i uj\u0119drni\u0107 sk\u00f3r\u0119. Jest to r\u00f3wnie\u017c zawarte tutaj w formie materialnej i spagirycznej.<\/p>\n<p>Przekonaj si\u0119, jak balsam do cia\u0142a BeFree od\u015bwie\u017ca sk\u00f3r\u0119 przy ka\u017cdej aplikacji i pobudza zmys\u0142y mieszank\u0105 czystych, naturalnych sk\u0142adnik\u00f3w. <strong>olejki eteryczne<\/strong> rewitalizuje. Ciesz si\u0119 sk\u00f3r\u0105, kt\u00f3ra nie tylko wygl\u0105da na od\u017cywion\u0105 i zrelaksowan\u0105, ale tak\u017ce sprawia takie wra\u017cenie.<\/p>\n<p><strong>Zawarto\u015b\u0107<\/strong>200 ml<\/p>\n<p><strong>Sk\u0142adniki<\/strong>: Woda, olej sojowy (organiczny), ro\u015blinny olej neutralny (certyfikowany organiczny), emulgator ro\u015blinny, oliwa z oliwek, olej arganowy, ekstrakt z pestek granatu, gliceryna ro\u015blinna, emulgator ro\u015blinny, ekstrakt krzemowy, chlorek magnezu, lecytyna, ekstrakt z aloesu, olej jojoba, mas\u0142o shea, olej kokosowy, guma ksantanowa, olej z pestek winogron, esencja ze skrzypu spagirycznego, esencja z magnezu spagirycznego, esencja z krzemionki spagirycznej, mieszanka czystych olejk\u00f3w eterycznych, kwas lewulinowy, kwas P-any\u017cowy, witamina E<\/p>\n<p><strong>Zastosowanie<\/strong>:<br \/>\nStosowa\u0107 codziennie po prysznicu lub w razie potrzeby na wszystkie obszary sk\u00f3ry.<\/p>\n<p>Film obja\u015bniaj\u0105cy (wystarczy klikn\u0105\u0107):<br \/>\n<a href=\"https:\/\/www.youtube.com\/watch?v=T3GhMU_t5pk&amp;t=52s\" target=\"_blank\" rel=\"noopener\"><strong>\"\u017byj 10 lat d\u0142u\u017cej i wygl\u0105daj lepiej dzi\u0119ki przeciwstarzeniowemu snu \ud83d\ude4c\"<\/strong><\/a><\/p>\n<p>Vital-life GmbH \/ Wasserkuppenstr. 25 \/ 36043 Fulda \/ Niemcy \/ info@vital-life.de<\/p>","protected":false},"excerpt":{"rendered":"<ul>\n<li>Balsam do cia\u0142a rewitalizuj\u0105cy sk\u00f3r\u0119<\/li>\n<li>Z magnezem i krzemem<\/li>\n<li>Wzbogacony esencjami spagirycznymi<\/li>\n<li>Koj\u0105ce i wzmacniaj\u0105ce kom\u00f3rki<\/li>\n<li>Naturalny, rewitalizuj\u0105cy zapach<\/li>\n<\/ul>\n<p>&nbsp;<\/p>\n<p>&nbsp;<\/p>","protected":false},"featured_media":28216,"template":"","meta":{"_acf_changed":false,"_et_pb_use_builder":"","_et_pb_old_content":"","_et_gb_content_width":""},"product_brand":[],"product_cat":[172],"product_tag":[],"class_list":{"0":"post-28215","1":"product","2":"type-product","3":"status-publish","4":"has-post-thumbnail","6":"product_cat-kosmetik","8":"first","9":"instock","10":"taxable","11":"shipping-taxable","12":"purchasable","13":"product-type-simple"},"acf":[],"yoast_head":"<!-- This site is optimized with the Yoast SEO plugin v26.4 - https:\/\/yoast.com\/wordpress\/plugins\/seo\/ -->\n<title>BeFree Bodylotion mit Magnesium - Chi statt Botox<\/title>\n<meta name=\"robots\" content=\"index, follow, max-snippet:-1, max-image-preview:large, max-video-preview:-1\" \/>\n<link rel=\"canonical\" href=\"https:\/\/chi-statt-botox.com\/pl\/produkt\/befree-bodylotion-mit-magnesium\/\" \/>\n<meta property=\"og:locale\" content=\"pl_PL\" \/>\n<meta property=\"og:type\" content=\"article\" \/>\n<meta property=\"og:title\" content=\"BeFree Bodylotion mit Magnesium - Chi statt Botox\" \/>\n<meta property=\"og:description\" content=\"Bodylotion f\u00fcr die Vitalisierung der Haut  Mit Magnesium und Silizium  Angereichert mit spagyrischen Essenzen  Beruhigend und zellst\u00e4rkend  Nat\u00fcrlicher, belebender Duft  &nbsp;  &nbsp;\" \/>\n<meta property=\"og:url\" content=\"https:\/\/chi-statt-botox.com\/pl\/produkt\/befree-bodylotion-mit-magnesium\/\" \/>\n<meta property=\"og:site_name\" content=\"Chi statt Botox\" \/>\n<meta property=\"article:modified_time\" content=\"2026-04-15T18:50:47+00:00\" \/>\n<meta property=\"og:image\" content=\"https:\/\/chi-statt-botox.com\/wp-content\/uploads\/befree1000.jpg\" \/>\n\t<meta property=\"og:image:width\" content=\"1000\" \/>\n\t<meta property=\"og:image:height\" content=\"1000\" \/>\n\t<meta property=\"og:image:type\" content=\"image\/jpeg\" \/>\n<meta name=\"twitter:card\" content=\"summary_large_image\" \/>\n<meta name=\"twitter:label1\" content=\"Szacowany czas czytania\" \/>\n\t<meta name=\"twitter:data1\" content=\"2 minuty\" \/>\n<script type=\"application\/ld+json\" class=\"yoast-schema-graph\">{\"@context\":\"https:\/\/schema.org\",\"@graph\":[{\"@type\":\"WebPage\",\"@id\":\"https:\/\/chi-statt-botox.com\/produkt\/befree-bodylotion-mit-magnesium\/\",\"url\":\"https:\/\/chi-statt-botox.com\/produkt\/befree-bodylotion-mit-magnesium\/\",\"name\":\"BeFree Bodylotion mit Magnesium - Chi statt Botox\",\"isPartOf\":{\"@id\":\"https:\/\/chi-statt-botox.com\/#website\"},\"primaryImageOfPage\":{\"@id\":\"https:\/\/chi-statt-botox.com\/produkt\/befree-bodylotion-mit-magnesium\/#primaryimage\"},\"image\":{\"@id\":\"https:\/\/chi-statt-botox.com\/produkt\/befree-bodylotion-mit-magnesium\/#primaryimage\"},\"thumbnailUrl\":\"https:\/\/chi-statt-botox.com\/wp-content\/uploads\/befree1000.jpg\",\"datePublished\":\"2023-11-07T10:40:36+00:00\",\"dateModified\":\"2026-04-15T18:50:47+00:00\",\"breadcrumb\":{\"@id\":\"https:\/\/chi-statt-botox.com\/produkt\/befree-bodylotion-mit-magnesium\/#breadcrumb\"},\"inLanguage\":\"pl-PL\",\"potentialAction\":[{\"@type\":\"ReadAction\",\"target\":[\"https:\/\/chi-statt-botox.com\/produkt\/befree-bodylotion-mit-magnesium\/\"]}]},{\"@type\":\"ImageObject\",\"inLanguage\":\"pl-PL\",\"@id\":\"https:\/\/chi-statt-botox.com\/produkt\/befree-bodylotion-mit-magnesium\/#primaryimage\",\"url\":\"https:\/\/chi-statt-botox.com\/wp-content\/uploads\/befree1000.jpg\",\"contentUrl\":\"https:\/\/chi-statt-botox.com\/wp-content\/uploads\/befree1000.jpg\",\"width\":1000,\"height\":1000,\"caption\":\"Mock-up created for smartymockups.com\"},{\"@type\":\"BreadcrumbList\",\"@id\":\"https:\/\/chi-statt-botox.com\/produkt\/befree-bodylotion-mit-magnesium\/#breadcrumb\",\"itemListElement\":[{\"@type\":\"ListItem\",\"position\":1,\"name\":\"Startseite\",\"item\":\"https:\/\/chi-statt-botox.com\/\"},{\"@type\":\"ListItem\",\"position\":2,\"name\":\"Produkte\",\"item\":\"https:\/\/chi-statt-botox.com\/shop\/\"},{\"@type\":\"ListItem\",\"position\":3,\"name\":\"BeFree Bodylotion mit Magnesium\"}]},{\"@type\":\"WebSite\",\"@id\":\"https:\/\/chi-statt-botox.com\/#website\",\"url\":\"https:\/\/chi-statt-botox.com\/\",\"name\":\"Chi statt Botox\",\"description\":\"Falten wegzaubern, Haut straffen\",\"potentialAction\":[{\"@type\":\"SearchAction\",\"target\":{\"@type\":\"EntryPoint\",\"urlTemplate\":\"https:\/\/chi-statt-botox.com\/?s={search_term_string}\"},\"query-input\":{\"@type\":\"PropertyValueSpecification\",\"valueRequired\":true,\"valueName\":\"search_term_string\"}}],\"inLanguage\":\"pl-PL\"}]}<\/script>\n<!-- \/ Yoast SEO plugin. -->","yoast_head_json":{"title":"BeFree Bodylotion mit Magnesium - Chi statt Botox","robots":{"index":"index","follow":"follow","max-snippet":"max-snippet:-1","max-image-preview":"max-image-preview:large","max-video-preview":"max-video-preview:-1"},"canonical":"https:\/\/chi-statt-botox.com\/pl\/produkt\/befree-bodylotion-mit-magnesium\/","og_locale":"pl_PL","og_type":"article","og_title":"BeFree Bodylotion mit Magnesium - Chi statt Botox","og_description":"Bodylotion f\u00fcr die Vitalisierung der Haut  Mit Magnesium und Silizium  Angereichert mit spagyrischen Essenzen  Beruhigend und zellst\u00e4rkend  Nat\u00fcrlicher, belebender Duft  &nbsp;  &nbsp;","og_url":"https:\/\/chi-statt-botox.com\/pl\/produkt\/befree-bodylotion-mit-magnesium\/","og_site_name":"Chi statt Botox","article_modified_time":"2026-04-15T18:50:47+00:00","og_image":[{"width":1000,"height":1000,"url":"https:\/\/chi-statt-botox.com\/wp-content\/uploads\/befree1000.jpg","type":"image\/jpeg"}],"twitter_card":"summary_large_image","twitter_misc":{"Szacowany czas czytania":"2 minuty"},"schema":{"@context":"https:\/\/schema.org","@graph":[{"@type":"WebPage","@id":"https:\/\/chi-statt-botox.com\/produkt\/befree-bodylotion-mit-magnesium\/","url":"https:\/\/chi-statt-botox.com\/produkt\/befree-bodylotion-mit-magnesium\/","name":"BeFree Bodylotion mit Magnesium - Chi statt Botox","isPartOf":{"@id":"https:\/\/chi-statt-botox.com\/#website"},"primaryImageOfPage":{"@id":"https:\/\/chi-statt-botox.com\/produkt\/befree-bodylotion-mit-magnesium\/#primaryimage"},"image":{"@id":"https:\/\/chi-statt-botox.com\/produkt\/befree-bodylotion-mit-magnesium\/#primaryimage"},"thumbnailUrl":"https:\/\/chi-statt-botox.com\/wp-content\/uploads\/befree1000.jpg","datePublished":"2023-11-07T10:40:36+00:00","dateModified":"2026-04-15T18:50:47+00:00","breadcrumb":{"@id":"https:\/\/chi-statt-botox.com\/produkt\/befree-bodylotion-mit-magnesium\/#breadcrumb"},"inLanguage":"pl-PL","potentialAction":[{"@type":"ReadAction","target":["https:\/\/chi-statt-botox.com\/produkt\/befree-bodylotion-mit-magnesium\/"]}]},{"@type":"ImageObject","inLanguage":"pl-PL","@id":"https:\/\/chi-statt-botox.com\/produkt\/befree-bodylotion-mit-magnesium\/#primaryimage","url":"https:\/\/chi-statt-botox.com\/wp-content\/uploads\/befree1000.jpg","contentUrl":"https:\/\/chi-statt-botox.com\/wp-content\/uploads\/befree1000.jpg","width":1000,"height":1000,"caption":"Mock-up created for smartymockups.com"},{"@type":"BreadcrumbList","@id":"https:\/\/chi-statt-botox.com\/produkt\/befree-bodylotion-mit-magnesium\/#breadcrumb","itemListElement":[{"@type":"ListItem","position":1,"name":"Startseite","item":"https:\/\/chi-statt-botox.com\/"},{"@type":"ListItem","position":2,"name":"Produkte","item":"https:\/\/chi-statt-botox.com\/shop\/"},{"@type":"ListItem","position":3,"name":"BeFree Bodylotion mit Magnesium"}]},{"@type":"WebSite","@id":"https:\/\/chi-statt-botox.com\/#website","url":"https:\/\/chi-statt-botox.com\/","name":"Chi zamiast botoksu","description":"Usuwa zmarszczki, napina sk\u00f3r\u0119","potentialAction":[{"@type":"SearchAction","target":{"@type":"EntryPoint","urlTemplate":"https:\/\/chi-statt-botox.com\/?s={search_term_string}"},"query-input":{"@type":"PropertyValueSpecification","valueRequired":true,"valueName":"search_term_string"}}],"inLanguage":"pl-PL"}]}},"_links":{"self":[{"href":"https:\/\/chi-statt-botox.com\/pl\/wp-json\/wp\/v2\/product\/28215","targetHints":{"allow":["GET"]}}],"collection":[{"href":"https:\/\/chi-statt-botox.com\/pl\/wp-json\/wp\/v2\/product"}],"about":[{"href":"https:\/\/chi-statt-botox.com\/pl\/wp-json\/wp\/v2\/types\/product"}],"wp:featuredmedia":[{"embeddable":true,"href":"https:\/\/chi-statt-botox.com\/pl\/wp-json\/wp\/v2\/media\/28216"}],"wp:attachment":[{"href":"https:\/\/chi-statt-botox.com\/pl\/wp-json\/wp\/v2\/media?parent=28215"}],"wp:term":[{"taxonomy":"product_brand","embeddable":true,"href":"https:\/\/chi-statt-botox.com\/pl\/wp-json\/wp\/v2\/product_brand?post=28215"},{"taxonomy":"product_cat","embeddable":true,"href":"https:\/\/chi-statt-botox.com\/pl\/wp-json\/wp\/v2\/product_cat?post=28215"},{"taxonomy":"product_tag","embeddable":true,"href":"https:\/\/chi-statt-botox.com\/pl\/wp-json\/wp\/v2\/product_tag?post=28215"}],"curies":[{"name":"wp","href":"https:\/\/api.w.org\/{rel}","templated":true}]}}