{"id":28217,"date":"2023-11-07T11:46:44","date_gmt":"2023-11-07T10:46:44","guid":{"rendered":"https:\/\/chi-statt-botox.com\/?post_type=product&#038;p=28217"},"modified":"2026-04-16T12:45:50","modified_gmt":"2026-04-16T10:45:50","slug":"magic-yams-3-stueck","status":"publish","type":"product","link":"https:\/\/chi-statt-botox.com\/pl\/produkt\/magic-yams-3-stueck\/","title":{"rendered":"Magiczne bataty 3 sztuki"},"content":{"rendered":"<p>Do\u015bwiadcz transformuj\u0105cej mocy natury z Magic Yams. Delikatnie pachn\u0105cy krem do cia\u0142a stanie si\u0119 Twoim codziennym sprzymierze\u0144cem w piel\u0119gnacji sk\u00f3ry. <strong>Zharmonizowana r\u00f3wnowaga hormonalna<\/strong> oraz <strong>promienna sk\u00f3ra<\/strong>t. W Magicznych batatach moc <strong>Korze\u0144 pochrzynu<\/strong>. Jego ekstrakt jest bogaty w diosgenin\u0119, naturalny fitohormon i znany prekursor progesteronu. Ta starannie zaprojektowana formu\u0142a <strong>Biologiczny<\/strong> uprawianych sk\u0142adnik\u00f3w oferuje wi\u0119cej ni\u017c tylko wilgo\u0107; jest to<strong> Eliksir dla cia\u0142a i umys\u0142u<\/strong>. Dzi\u0119ki Magic Yams do\u015bwiadczasz symbiozy tradycyjnej wiedzy i nowoczesnej nauki. Krem wzbogacony o <strong>esencje spagiryczne<\/strong> ma na celu uczynienie cia\u0142a <strong>na wszystkich poziomach<\/strong> aby pom\u00f3c przywr\u00f3ci\u0107 r\u00f3wnowag\u0119 hormonaln\u0105.<\/p>\n<p>Naturalne oleje z <strong>Orzech makadamia<\/strong> oraz <strong>Jojoba<\/strong>oba z certyfikowanych upraw ekologicznych, maj\u0105 r\u00f3wnowa\u017c\u0105cy wp\u0142yw na sk\u00f3r\u0119 i dusz\u0119. Niezale\u017cnie od tego, czy chcesz sprosta\u0107 wyzwaniom dnia codziennego, czy zafundowa\u0107 sobie odrobin\u0119 relaksu - Magic Yams Cream pie\u015bci Ci\u0119 delikatnym zapachem i pozostawia sk\u00f3r\u0119 aksamitnie mi\u0119kk\u0105, zachwycaj\u0105c zar\u00f3wno kobiety, jak i m\u0119\u017cczyzn i wprawiaj\u0105c w dobre samopoczucie. <strong>odnowione podej\u015bcie do \u017cycia<\/strong> pomaga.<\/p>\n<p>Pozw\u00f3l sobie na luksus magicznych batat\u00f3w i poczuj, jak natura przywraca Ci r\u00f3wnowag\u0119.<\/p>\n<p>W tym pliku pdf mo\u017cna znale\u017a\u0107 niezliczone opinie u\u017cytkownik\u00f3w: <strong><a href=\"https:\/\/chi-statt-botox.com\/wp-content\/uploads\/2021_Erfahrungsberichte.pdf\">2021_Raporty z do\u015bwiadcze\u0144<\/a><\/strong><\/p>\n<p><strong>Zawarto\u015b\u0107<\/strong>3 x 50 ml<\/p>\n<p><strong>Sk\u0142adniki<\/strong>Woda, ekstrakt z pochrzynu, mieszanka olej\u00f3w ro\u015blinnych (organicznych), olej jojoba, olej z orzech\u00f3w makadamia, gliceryna, spagiryczna esencja z pochrzynu, emulgator pochodzenia ro\u015blinnego, \u015brodek konserwuj\u0105cy pochodzenia ro\u015blinnego, olejek eteryczny z limonki, ro\u015blinny alkohol t\u0142uszczowy, lecytyna s\u0142onecznikowa, guma ksantanowa, spagiryczna esencja srebrna, spagiryczna esencja per\u0142owa, witamina E.<\/p>\n<p><strong>Film instrukta\u017cowy <\/strong>(wystarczy klikn\u0105\u0107):<br \/>\n<strong><a href=\"https:\/\/www.youtube.com\/watch?v=c2iIlhUunX4&amp;t=37s\" target=\"_blank\" rel=\"noopener\">\"Skuteczne r\u00f3wnowa\u017cenie poziomu hormon\u00f3w (bez zast\u0119powania hormon\u00f3w! \u2b50) - co\u015b, co ka\u017cda kobieta powinna wiedzie\u0107\".<\/a><\/strong><\/p>\n<p>Vital-life GmbH \/ Wasserkuppenstr. 25 \/ 36043 Fulda \/ Niemcy \/ info@vital-life.de<\/p>","protected":false},"excerpt":{"rendered":"<ul>\n<li>Dla wi\u0119kszej lekko\u015bci i atrakcyjno\u015bci<\/li>\n<li>Zharmonizowana r\u00f3wnowaga hormonalna<\/li>\n<li>Naturalny wzmacniacz progesteronu<\/li>\n<li>Brak hormonalnego kremu zast\u0119pczego<\/li>\n<li>Zawiera diosgenin\u0119 i esencje spagiryczne<\/li>\n<li>Na bazie wysokiej jako\u015bci olej\u00f3w organicznych<\/li>\n<li>Odpowiedni dla wszystkich rodzaj\u00f3w sk\u00f3ry<\/li>\n<\/ul>\n<p>&nbsp;<\/p>","protected":false},"featured_media":28218,"template":"","meta":{"_acf_changed":false,"_et_pb_use_builder":"","_et_pb_old_content":"","_et_gb_content_width":""},"product_brand":[],"product_cat":[222,172],"product_tag":[],"class_list":{"0":"post-28217","1":"product","2":"type-product","3":"status-publish","4":"has-post-thumbnail","6":"product_cat-hormone","7":"product_cat-kosmetik","9":"first","10":"instock","11":"sale","12":"taxable","13":"shipping-taxable","14":"purchasable","15":"product-type-simple"},"acf":[],"yoast_head":"<!-- This site is optimized with the Yoast SEO plugin v26.4 - https:\/\/yoast.com\/wordpress\/plugins\/seo\/ -->\n<title>Magic Yams 3 St\u00fcck - Chi statt Botox<\/title>\n<meta name=\"robots\" content=\"index, follow, max-snippet:-1, max-image-preview:large, max-video-preview:-1\" \/>\n<link rel=\"canonical\" href=\"https:\/\/chi-statt-botox.com\/pl\/produkt\/magic-yams-3-stueck\/\" \/>\n<meta property=\"og:locale\" content=\"pl_PL\" \/>\n<meta property=\"og:type\" content=\"article\" \/>\n<meta property=\"og:title\" content=\"Magic Yams 3 St\u00fcck - Chi statt Botox\" \/>\n<meta property=\"og:description\" content=\"F\u00fcr mehr Leichtigkeit und Attraktivit\u00e4t  Harmonisierte Hormonbalance  Nat\u00fcrlicher Progesteron-Booster  Keine Hormonersatzcreme  Enth\u00e4lt Diosgenin und spagyrische Essenzen  Auf Grundlage hochwertiger biologischer \u00d6le  F\u00fcr alle Hauttypen geeignet  &nbsp;\" \/>\n<meta property=\"og:url\" content=\"https:\/\/chi-statt-botox.com\/pl\/produkt\/magic-yams-3-stueck\/\" \/>\n<meta property=\"og:site_name\" content=\"Chi statt Botox\" \/>\n<meta property=\"article:modified_time\" content=\"2026-04-16T10:45:50+00:00\" \/>\n<meta property=\"og:image\" content=\"https:\/\/chi-statt-botox.com\/wp-content\/uploads\/3magic-yams1000.jpg\" \/>\n\t<meta property=\"og:image:width\" content=\"1000\" \/>\n\t<meta property=\"og:image:height\" content=\"1000\" \/>\n\t<meta property=\"og:image:type\" content=\"image\/jpeg\" \/>\n<meta name=\"twitter:card\" content=\"summary_large_image\" \/>\n<meta name=\"twitter:label1\" content=\"Szacowany czas czytania\" \/>\n\t<meta name=\"twitter:data1\" content=\"2 minuty\" \/>\n<script type=\"application\/ld+json\" class=\"yoast-schema-graph\">{\"@context\":\"https:\/\/schema.org\",\"@graph\":[{\"@type\":\"WebPage\",\"@id\":\"https:\/\/chi-statt-botox.com\/produkt\/magic-yams-3-stueck\/\",\"url\":\"https:\/\/chi-statt-botox.com\/produkt\/magic-yams-3-stueck\/\",\"name\":\"Magic Yams 3 St\u00fcck - Chi statt Botox\",\"isPartOf\":{\"@id\":\"https:\/\/chi-statt-botox.com\/#website\"},\"primaryImageOfPage\":{\"@id\":\"https:\/\/chi-statt-botox.com\/produkt\/magic-yams-3-stueck\/#primaryimage\"},\"image\":{\"@id\":\"https:\/\/chi-statt-botox.com\/produkt\/magic-yams-3-stueck\/#primaryimage\"},\"thumbnailUrl\":\"https:\/\/chi-statt-botox.com\/wp-content\/uploads\/3magic-yams1000.jpg\",\"datePublished\":\"2023-11-07T10:46:44+00:00\",\"dateModified\":\"2026-04-16T10:45:50+00:00\",\"breadcrumb\":{\"@id\":\"https:\/\/chi-statt-botox.com\/produkt\/magic-yams-3-stueck\/#breadcrumb\"},\"inLanguage\":\"pl-PL\",\"potentialAction\":[{\"@type\":\"ReadAction\",\"target\":[\"https:\/\/chi-statt-botox.com\/produkt\/magic-yams-3-stueck\/\"]}]},{\"@type\":\"ImageObject\",\"inLanguage\":\"pl-PL\",\"@id\":\"https:\/\/chi-statt-botox.com\/produkt\/magic-yams-3-stueck\/#primaryimage\",\"url\":\"https:\/\/chi-statt-botox.com\/wp-content\/uploads\/3magic-yams1000.jpg\",\"contentUrl\":\"https:\/\/chi-statt-botox.com\/wp-content\/uploads\/3magic-yams1000.jpg\",\"width\":1000,\"height\":1000},{\"@type\":\"BreadcrumbList\",\"@id\":\"https:\/\/chi-statt-botox.com\/produkt\/magic-yams-3-stueck\/#breadcrumb\",\"itemListElement\":[{\"@type\":\"ListItem\",\"position\":1,\"name\":\"Startseite\",\"item\":\"https:\/\/chi-statt-botox.com\/\"},{\"@type\":\"ListItem\",\"position\":2,\"name\":\"Produkte\",\"item\":\"https:\/\/chi-statt-botox.com\/shop\/\"},{\"@type\":\"ListItem\",\"position\":3,\"name\":\"Magic Yams 3 St\u00fcck\"}]},{\"@type\":\"WebSite\",\"@id\":\"https:\/\/chi-statt-botox.com\/#website\",\"url\":\"https:\/\/chi-statt-botox.com\/\",\"name\":\"Chi statt Botox\",\"description\":\"Falten wegzaubern, Haut straffen\",\"potentialAction\":[{\"@type\":\"SearchAction\",\"target\":{\"@type\":\"EntryPoint\",\"urlTemplate\":\"https:\/\/chi-statt-botox.com\/?s={search_term_string}\"},\"query-input\":{\"@type\":\"PropertyValueSpecification\",\"valueRequired\":true,\"valueName\":\"search_term_string\"}}],\"inLanguage\":\"pl-PL\"}]}<\/script>\n<!-- \/ Yoast SEO plugin. -->","yoast_head_json":{"title":"Magic Yams 3 St\u00fcck - Chi statt Botox","robots":{"index":"index","follow":"follow","max-snippet":"max-snippet:-1","max-image-preview":"max-image-preview:large","max-video-preview":"max-video-preview:-1"},"canonical":"https:\/\/chi-statt-botox.com\/pl\/produkt\/magic-yams-3-stueck\/","og_locale":"pl_PL","og_type":"article","og_title":"Magic Yams 3 St\u00fcck - Chi statt Botox","og_description":"F\u00fcr mehr Leichtigkeit und Attraktivit\u00e4t  Harmonisierte Hormonbalance  Nat\u00fcrlicher Progesteron-Booster  Keine Hormonersatzcreme  Enth\u00e4lt Diosgenin und spagyrische Essenzen  Auf Grundlage hochwertiger biologischer \u00d6le  F\u00fcr alle Hauttypen geeignet  &nbsp;","og_url":"https:\/\/chi-statt-botox.com\/pl\/produkt\/magic-yams-3-stueck\/","og_site_name":"Chi statt Botox","article_modified_time":"2026-04-16T10:45:50+00:00","og_image":[{"width":1000,"height":1000,"url":"https:\/\/chi-statt-botox.com\/wp-content\/uploads\/3magic-yams1000.jpg","type":"image\/jpeg"}],"twitter_card":"summary_large_image","twitter_misc":{"Szacowany czas czytania":"2 minuty"},"schema":{"@context":"https:\/\/schema.org","@graph":[{"@type":"WebPage","@id":"https:\/\/chi-statt-botox.com\/produkt\/magic-yams-3-stueck\/","url":"https:\/\/chi-statt-botox.com\/produkt\/magic-yams-3-stueck\/","name":"Magic Yams 3 St\u00fcck - Chi statt Botox","isPartOf":{"@id":"https:\/\/chi-statt-botox.com\/#website"},"primaryImageOfPage":{"@id":"https:\/\/chi-statt-botox.com\/produkt\/magic-yams-3-stueck\/#primaryimage"},"image":{"@id":"https:\/\/chi-statt-botox.com\/produkt\/magic-yams-3-stueck\/#primaryimage"},"thumbnailUrl":"https:\/\/chi-statt-botox.com\/wp-content\/uploads\/3magic-yams1000.jpg","datePublished":"2023-11-07T10:46:44+00:00","dateModified":"2026-04-16T10:45:50+00:00","breadcrumb":{"@id":"https:\/\/chi-statt-botox.com\/produkt\/magic-yams-3-stueck\/#breadcrumb"},"inLanguage":"pl-PL","potentialAction":[{"@type":"ReadAction","target":["https:\/\/chi-statt-botox.com\/produkt\/magic-yams-3-stueck\/"]}]},{"@type":"ImageObject","inLanguage":"pl-PL","@id":"https:\/\/chi-statt-botox.com\/produkt\/magic-yams-3-stueck\/#primaryimage","url":"https:\/\/chi-statt-botox.com\/wp-content\/uploads\/3magic-yams1000.jpg","contentUrl":"https:\/\/chi-statt-botox.com\/wp-content\/uploads\/3magic-yams1000.jpg","width":1000,"height":1000},{"@type":"BreadcrumbList","@id":"https:\/\/chi-statt-botox.com\/produkt\/magic-yams-3-stueck\/#breadcrumb","itemListElement":[{"@type":"ListItem","position":1,"name":"Startseite","item":"https:\/\/chi-statt-botox.com\/"},{"@type":"ListItem","position":2,"name":"Produkte","item":"https:\/\/chi-statt-botox.com\/shop\/"},{"@type":"ListItem","position":3,"name":"Magic Yams 3 St\u00fcck"}]},{"@type":"WebSite","@id":"https:\/\/chi-statt-botox.com\/#website","url":"https:\/\/chi-statt-botox.com\/","name":"Chi zamiast botoksu","description":"Usuwa zmarszczki, napina sk\u00f3r\u0119","potentialAction":[{"@type":"SearchAction","target":{"@type":"EntryPoint","urlTemplate":"https:\/\/chi-statt-botox.com\/?s={search_term_string}"},"query-input":{"@type":"PropertyValueSpecification","valueRequired":true,"valueName":"search_term_string"}}],"inLanguage":"pl-PL"}]}},"_links":{"self":[{"href":"https:\/\/chi-statt-botox.com\/pl\/wp-json\/wp\/v2\/product\/28217","targetHints":{"allow":["GET"]}}],"collection":[{"href":"https:\/\/chi-statt-botox.com\/pl\/wp-json\/wp\/v2\/product"}],"about":[{"href":"https:\/\/chi-statt-botox.com\/pl\/wp-json\/wp\/v2\/types\/product"}],"wp:featuredmedia":[{"embeddable":true,"href":"https:\/\/chi-statt-botox.com\/pl\/wp-json\/wp\/v2\/media\/28218"}],"wp:attachment":[{"href":"https:\/\/chi-statt-botox.com\/pl\/wp-json\/wp\/v2\/media?parent=28217"}],"wp:term":[{"taxonomy":"product_brand","embeddable":true,"href":"https:\/\/chi-statt-botox.com\/pl\/wp-json\/wp\/v2\/product_brand?post=28217"},{"taxonomy":"product_cat","embeddable":true,"href":"https:\/\/chi-statt-botox.com\/pl\/wp-json\/wp\/v2\/product_cat?post=28217"},{"taxonomy":"product_tag","embeddable":true,"href":"https:\/\/chi-statt-botox.com\/pl\/wp-json\/wp\/v2\/product_tag?post=28217"}],"curies":[{"name":"wp","href":"https:\/\/api.w.org\/{rel}","templated":true}]}}