{"id":2832,"date":"2020-02-15T09:39:35","date_gmt":"2020-02-15T08:39:35","guid":{"rendered":"https:\/\/chi-statt-botox.com\/?post_type=product&#038;p=2832"},"modified":"2026-04-15T16:43:10","modified_gmt":"2026-04-15T14:43:10","slug":"horn-schaber-2stueck","status":"publish","type":"product","link":"https:\/\/chi-statt-botox.com\/pl\/produkt\/horn-schaber-2stueck\/","title":{"rendered":"Skrobak do rog\u00f3w 2 szt."},"content":{"rendered":"<p>Skrobak do masa\u017cu twarzy \u00e1 la \"Chi zamiast botoksu\". Do jego skutecznego wykonania potrzebne s\u0105 2 sztuki.<\/p>\n<p>R\u00f3\u017cne krzywizny i wyci\u0119cia nadaj\u0105 si\u0119 do szerokiego zakresu zastosowa\u0144.<\/p>\n<p><strong>Filmy z aplikacji<\/strong> (wystarczy klikn\u0105\u0107):<br \/>\n<strong><a href=\"https:\/\/www.youtube.com\/watch?v=Ib7eKgIB01c&amp;t=8s\" target=\"_blank\" rel=\"noopener noreferrer\">\"Zestaw podstawowy: kt\u00f3re cuppery, kt\u00f3re skrobaki?\"<\/a><\/strong><br \/>\n<a href=\"https:\/\/www.youtube.com\/watch?v=H_FJB9WapJg&amp;t=10s\" target=\"_blank\" rel=\"noopener\"><strong>\"TYLKO 3 kroki do zmniejszenia fa\u0142d\u00f3w nosowo-wargowych (skuteczno\u015b\u0107 100%, bez koszt\u00f3w)\"<\/strong><\/a><br \/>\n<a href=\"https:\/\/www.youtube.com\/watch?v=EgzVF8z9hHY&amp;t=3s\" target=\"_blank\" rel=\"noopener\"><strong>\"Pozb\u0105d\u017a si\u0119 CELLULITE - 100% skuteczniej dzi\u0119ki tej SEKRETNEJ WSKAZ\u00d3WCE\u2757\"<\/strong><\/a><br \/>\n<a href=\"https:\/\/www.youtube.com\/watch?v=Zwo6J-5TvfA&amp;t=2s\" target=\"_blank\" rel=\"noopener\"><strong>\"Linie zmarszczek, zmarszczki na czole, rze\u017abienie za pomoc\u0105 jogi twarzy, Gua Sha i Dien Cham\"<\/strong><\/a><br \/>\n<a href=\"https:\/\/www.youtube.com\/watch?v=LW1E7vJ4cxk&amp;t=39s\" target=\"_blank\" rel=\"noopener\"><strong>\"Redukuje WSZYSTKIE zmarszczki jednocze\u015bnie (silniej ni\u017c Botox!) - zmarszczki mimiczne, zmarszczki wok\u00f3\u0142 oczu, zmarszczki wok\u00f3\u0142 ust...\"<\/strong><\/a><br \/>\n<a href=\"https:\/\/www.youtube.com\/watch?v=073KUsoSpQg&amp;t=145s\" target=\"_blank\" rel=\"noopener\"><strong>\"Ten masa\u017c jest niezb\u0119dny przeciwko DOPPELKINN!\"<\/strong><\/a><br \/>\n<a href=\"https:\/\/www.youtube.com\/watch?v=YApCTOUNlhM&amp;t=468s\" target=\"_blank\" rel=\"noopener\"><strong>\"Prosty masa\u017c przeciw zmarszczkom, obrz\u0119kom, sucho\u015bci, zimnu d\u0142oni\"<\/strong><\/a><\/p>\n<p>Chi statt Botox GmbH \/ Bauernstra\u00dfe 1 WDZ 9 \/ 4600 Wels \/ Austria \/ shop@chi-statt-botox.com<\/p>","protected":false},"excerpt":{"rendered":"<ul>\n<li>\"Skrobaczka do ryb\" do masa\u017cu twarzy<\/li>\n<li>2 cz\u0119\u015bci do skutecznego wykonywania masa\u017cu<\/li>\n<li>Krzywizny i wyci\u0119cia dla wszechstronnego zastosowania<\/li>\n<\/ul>","protected":false},"featured_media":30140,"template":"","meta":{"_acf_changed":false,"_et_pb_use_builder":"","_et_pb_old_content":"","_et_gb_content_width":""},"product_brand":[],"product_cat":[176],"product_tag":[],"class_list":{"0":"post-2832","1":"product","2":"type-product","3":"status-publish","4":"has-post-thumbnail","6":"product_cat-face-yoga-massagen","8":"first","9":"instock","10":"taxable","11":"shipping-taxable","12":"purchasable","13":"product-type-simple"},"acf":[],"yoast_head":"<!-- This site is optimized with the Yoast SEO plugin v26.4 - https:\/\/yoast.com\/wordpress\/plugins\/seo\/ -->\n<title>Horn Schaber 2 St\u00fcck - Chi statt Botox<\/title>\n<meta name=\"robots\" content=\"index, follow, max-snippet:-1, max-image-preview:large, max-video-preview:-1\" \/>\n<link rel=\"canonical\" href=\"https:\/\/chi-statt-botox.com\/pl\/produkt\/horn-schaber-2stueck\/\" \/>\n<meta property=\"og:locale\" content=\"pl_PL\" \/>\n<meta property=\"og:type\" content=\"article\" \/>\n<meta property=\"og:title\" content=\"Horn Schaber 2 St\u00fcck - Chi statt Botox\" \/>\n<meta property=\"og:description\" content=\"&quot;Fischschaber&quot; f\u00fcr die Gesichtsmassage  2 St\u00fcck, um Massagen effektiv durchzuf\u00fchren  Rundungen und Einkerbungen f\u00fcr vielseitige Anwendung\" \/>\n<meta property=\"og:url\" content=\"https:\/\/chi-statt-botox.com\/pl\/produkt\/horn-schaber-2stueck\/\" \/>\n<meta property=\"og:site_name\" content=\"Chi statt Botox\" \/>\n<meta property=\"article:modified_time\" content=\"2026-04-15T14:43:10+00:00\" \/>\n<meta property=\"og:image\" content=\"https:\/\/chi-statt-botox.com\/wp-content\/uploads\/Horn-Schaber.jpg\" \/>\n\t<meta property=\"og:image:width\" content=\"1920\" \/>\n\t<meta property=\"og:image:height\" content=\"1920\" \/>\n\t<meta property=\"og:image:type\" content=\"image\/jpeg\" \/>\n<meta name=\"twitter:card\" content=\"summary_large_image\" \/>\n<meta name=\"twitter:label1\" content=\"Szacowany czas czytania\" \/>\n\t<meta name=\"twitter:data1\" content=\"1 minuta\" \/>\n<script type=\"application\/ld+json\" class=\"yoast-schema-graph\">{\"@context\":\"https:\/\/schema.org\",\"@graph\":[{\"@type\":\"WebPage\",\"@id\":\"https:\/\/chi-statt-botox.com\/produkt\/horn-schaber-2stueck\/\",\"url\":\"https:\/\/chi-statt-botox.com\/produkt\/horn-schaber-2stueck\/\",\"name\":\"Horn Schaber 2 St\u00fcck - Chi statt Botox\",\"isPartOf\":{\"@id\":\"https:\/\/chi-statt-botox.com\/#website\"},\"primaryImageOfPage\":{\"@id\":\"https:\/\/chi-statt-botox.com\/produkt\/horn-schaber-2stueck\/#primaryimage\"},\"image\":{\"@id\":\"https:\/\/chi-statt-botox.com\/produkt\/horn-schaber-2stueck\/#primaryimage\"},\"thumbnailUrl\":\"https:\/\/chi-statt-botox.com\/wp-content\/uploads\/Horn-Schaber.jpg\",\"datePublished\":\"2020-02-15T08:39:35+00:00\",\"dateModified\":\"2026-04-15T14:43:10+00:00\",\"breadcrumb\":{\"@id\":\"https:\/\/chi-statt-botox.com\/produkt\/horn-schaber-2stueck\/#breadcrumb\"},\"inLanguage\":\"pl-PL\",\"potentialAction\":[{\"@type\":\"ReadAction\",\"target\":[\"https:\/\/chi-statt-botox.com\/produkt\/horn-schaber-2stueck\/\"]}]},{\"@type\":\"ImageObject\",\"inLanguage\":\"pl-PL\",\"@id\":\"https:\/\/chi-statt-botox.com\/produkt\/horn-schaber-2stueck\/#primaryimage\",\"url\":\"https:\/\/chi-statt-botox.com\/wp-content\/uploads\/Horn-Schaber.jpg\",\"contentUrl\":\"https:\/\/chi-statt-botox.com\/wp-content\/uploads\/Horn-Schaber.jpg\",\"width\":1920,\"height\":1920},{\"@type\":\"BreadcrumbList\",\"@id\":\"https:\/\/chi-statt-botox.com\/produkt\/horn-schaber-2stueck\/#breadcrumb\",\"itemListElement\":[{\"@type\":\"ListItem\",\"position\":1,\"name\":\"Startseite\",\"item\":\"https:\/\/chi-statt-botox.com\/\"},{\"@type\":\"ListItem\",\"position\":2,\"name\":\"Produkte\",\"item\":\"https:\/\/chi-statt-botox.com\/shop\/\"},{\"@type\":\"ListItem\",\"position\":3,\"name\":\"Horn Schaber 2 St\u00fcck\"}]},{\"@type\":\"WebSite\",\"@id\":\"https:\/\/chi-statt-botox.com\/#website\",\"url\":\"https:\/\/chi-statt-botox.com\/\",\"name\":\"Chi statt Botox\",\"description\":\"Falten wegzaubern, Haut straffen\",\"potentialAction\":[{\"@type\":\"SearchAction\",\"target\":{\"@type\":\"EntryPoint\",\"urlTemplate\":\"https:\/\/chi-statt-botox.com\/?s={search_term_string}\"},\"query-input\":{\"@type\":\"PropertyValueSpecification\",\"valueRequired\":true,\"valueName\":\"search_term_string\"}}],\"inLanguage\":\"pl-PL\"}]}<\/script>\n<!-- \/ Yoast SEO plugin. -->","yoast_head_json":{"title":"Skrobaczka do rog\u00f3w 2 sztuki - Chi zamiast botoksu","robots":{"index":"index","follow":"follow","max-snippet":"max-snippet:-1","max-image-preview":"max-image-preview:large","max-video-preview":"max-video-preview:-1"},"canonical":"https:\/\/chi-statt-botox.com\/pl\/produkt\/horn-schaber-2stueck\/","og_locale":"pl_PL","og_type":"article","og_title":"Horn Schaber 2 St\u00fcck - Chi statt Botox","og_description":"\"Fischschaber\" f\u00fcr die Gesichtsmassage  2 St\u00fcck, um Massagen effektiv durchzuf\u00fchren  Rundungen und Einkerbungen f\u00fcr vielseitige Anwendung","og_url":"https:\/\/chi-statt-botox.com\/pl\/produkt\/horn-schaber-2stueck\/","og_site_name":"Chi statt Botox","article_modified_time":"2026-04-15T14:43:10+00:00","og_image":[{"width":1920,"height":1920,"url":"https:\/\/chi-statt-botox.com\/wp-content\/uploads\/Horn-Schaber.jpg","type":"image\/jpeg"}],"twitter_card":"summary_large_image","twitter_misc":{"Szacowany czas czytania":"1 minuta"},"schema":{"@context":"https:\/\/schema.org","@graph":[{"@type":"WebPage","@id":"https:\/\/chi-statt-botox.com\/produkt\/horn-schaber-2stueck\/","url":"https:\/\/chi-statt-botox.com\/produkt\/horn-schaber-2stueck\/","name":"Skrobaczka do rog\u00f3w 2 sztuki - Chi zamiast botoksu","isPartOf":{"@id":"https:\/\/chi-statt-botox.com\/#website"},"primaryImageOfPage":{"@id":"https:\/\/chi-statt-botox.com\/produkt\/horn-schaber-2stueck\/#primaryimage"},"image":{"@id":"https:\/\/chi-statt-botox.com\/produkt\/horn-schaber-2stueck\/#primaryimage"},"thumbnailUrl":"https:\/\/chi-statt-botox.com\/wp-content\/uploads\/Horn-Schaber.jpg","datePublished":"2020-02-15T08:39:35+00:00","dateModified":"2026-04-15T14:43:10+00:00","breadcrumb":{"@id":"https:\/\/chi-statt-botox.com\/produkt\/horn-schaber-2stueck\/#breadcrumb"},"inLanguage":"pl-PL","potentialAction":[{"@type":"ReadAction","target":["https:\/\/chi-statt-botox.com\/produkt\/horn-schaber-2stueck\/"]}]},{"@type":"ImageObject","inLanguage":"pl-PL","@id":"https:\/\/chi-statt-botox.com\/produkt\/horn-schaber-2stueck\/#primaryimage","url":"https:\/\/chi-statt-botox.com\/wp-content\/uploads\/Horn-Schaber.jpg","contentUrl":"https:\/\/chi-statt-botox.com\/wp-content\/uploads\/Horn-Schaber.jpg","width":1920,"height":1920},{"@type":"BreadcrumbList","@id":"https:\/\/chi-statt-botox.com\/produkt\/horn-schaber-2stueck\/#breadcrumb","itemListElement":[{"@type":"ListItem","position":1,"name":"Startseite","item":"https:\/\/chi-statt-botox.com\/"},{"@type":"ListItem","position":2,"name":"Produkte","item":"https:\/\/chi-statt-botox.com\/shop\/"},{"@type":"ListItem","position":3,"name":"Horn Schaber 2 St\u00fcck"}]},{"@type":"WebSite","@id":"https:\/\/chi-statt-botox.com\/#website","url":"https:\/\/chi-statt-botox.com\/","name":"Chi zamiast botoksu","description":"Usuwa zmarszczki, napina sk\u00f3r\u0119","potentialAction":[{"@type":"SearchAction","target":{"@type":"EntryPoint","urlTemplate":"https:\/\/chi-statt-botox.com\/?s={search_term_string}"},"query-input":{"@type":"PropertyValueSpecification","valueRequired":true,"valueName":"search_term_string"}}],"inLanguage":"pl-PL"}]}},"_links":{"self":[{"href":"https:\/\/chi-statt-botox.com\/pl\/wp-json\/wp\/v2\/product\/2832","targetHints":{"allow":["GET"]}}],"collection":[{"href":"https:\/\/chi-statt-botox.com\/pl\/wp-json\/wp\/v2\/product"}],"about":[{"href":"https:\/\/chi-statt-botox.com\/pl\/wp-json\/wp\/v2\/types\/product"}],"wp:featuredmedia":[{"embeddable":true,"href":"https:\/\/chi-statt-botox.com\/pl\/wp-json\/wp\/v2\/media\/30140"}],"wp:attachment":[{"href":"https:\/\/chi-statt-botox.com\/pl\/wp-json\/wp\/v2\/media?parent=2832"}],"wp:term":[{"taxonomy":"product_brand","embeddable":true,"href":"https:\/\/chi-statt-botox.com\/pl\/wp-json\/wp\/v2\/product_brand?post=2832"},{"taxonomy":"product_cat","embeddable":true,"href":"https:\/\/chi-statt-botox.com\/pl\/wp-json\/wp\/v2\/product_cat?post=2832"},{"taxonomy":"product_tag","embeddable":true,"href":"https:\/\/chi-statt-botox.com\/pl\/wp-json\/wp\/v2\/product_tag?post=2832"}],"curies":[{"name":"wp","href":"https:\/\/api.w.org\/{rel}","templated":true}]}}