{"id":2862,"date":"2020-02-17T07:34:23","date_gmt":"2020-02-17T06:34:23","guid":{"rendered":"https:\/\/chi-statt-botox.com\/?post_type=product&#038;p=2862"},"modified":"2026-03-16T09:00:32","modified_gmt":"2026-03-16T08:00:32","slug":"meinebase-basisch-mineralisches-koerperfplegesalz-750-g","status":"publish","type":"product","link":"https:\/\/chi-statt-botox.com\/pl\/produkt\/meinebase-basisch-mineralisches-koerperfplegesalz-750-g\/","title":{"rendered":"K\u0105piel alkaliczna \"MeineBase\" 750 g"},"content":{"rendered":"<p>MeineBase - wszechstronny talent alkalicznej piel\u0119gnacji cia\u0142a<\/p>\n<p>Kiedy organizm jest nadmiernie zakwaszony, atakuje ko\u015bci i stawy oraz pr\u00f3buje pozby\u0107 si\u0119 szkodliwych substancji przez sk\u00f3r\u0119. To sprawia, \u017ce chorujemy i szybko wygl\u0105damy staro. Alkaliczna piel\u0119gnacja cia\u0142a zosta\u0142a wypr\u00f3bowana i przetestowana przez tysi\u0105ce lat i uwalnia sk\u00f3r\u0119 od kwas\u00f3w i szkodliwych substancji, kt\u00f3re zosta\u0142y ju\u017c wydalone. Ca\u0142y organizm odczuwa wyra\u017an\u0105 ulg\u0119. Optymalizuje r\u00f3wnie\u017c nat\u0142uszczenie sk\u00f3ry, czyni\u0105c j\u0105 przyjemnie elastyczn\u0105.<\/p>\n<p>Sprawdzona od 20 lat mieszanka MeineBase mo\u017ce by\u0107 stosowana na wiele sposob\u00f3w dzi\u0119ki swoim naturalnym sk\u0142adnikom. MeineBase to znacznie wi\u0119cej ni\u017c czysta s\u00f3l do k\u0105pieli, poniewa\u017c dzi\u0119ki warto\u015bci pH oko\u0142o 8,5 stanowi podstaw\u0119 wielu skutecznych zastosowa\u0144 harmonizuj\u0105cych.<\/p>\n<p><strong>Wideo informacyjne<\/strong> (wystarczy klikn\u0105\u0107):<br \/>\n<strong><a href=\"https:\/\/www.youtube.com\/watch?v=IFzXzs_VCac&amp;t=2s\" target=\"_blank\" rel=\"noopener noreferrer\">\"K\u0105piel alkaliczna: alkaliczno-mineralna s\u00f3l do piel\u0119gnacji cia\u0142a\"<\/a><\/strong><\/p>\n<p>Jentschura International GmbH \/ Otto-Hahn-Stra\u00dfe 22-26 \/ 48161 M\u00fcnster \/ Niemcy info@p-jentschura.com<\/p>","protected":false},"excerpt":{"rendered":"<ul>\n<li>Usuwa kwasy i zanieczyszczenia, kt\u00f3re zosta\u0142y ju\u017c wydalone ze sk\u00f3ry.<\/li>\n<li>Odci\u0105\u017ca organizm<\/li>\n<li>Optymalizuje samosmarowanie sk\u00f3ry<\/li>\n<li>Sk\u00f3ra staje si\u0119 przyjemnie elastyczna<\/li>\n<\/ul>\n<p>&nbsp;<\/p>","protected":false},"featured_media":27595,"template":"","meta":{"_acf_changed":false,"_et_pb_use_builder":"","_et_pb_old_content":"","_et_gb_content_width":""},"product_brand":[],"product_cat":[172],"product_tag":[],"class_list":{"0":"post-2862","1":"product","2":"type-product","3":"status-publish","4":"has-post-thumbnail","6":"product_cat-kosmetik","8":"first","9":"instock","10":"taxable","11":"shipping-taxable","12":"purchasable","13":"product-type-simple"},"acf":[],"yoast_head":"<!-- This site is optimized with the Yoast SEO plugin v26.4 - https:\/\/yoast.com\/wordpress\/plugins\/seo\/ -->\n<title>&quot;MeineBase&quot; Basenbad 750 g - Chi statt Botox<\/title>\n<meta name=\"robots\" content=\"index, follow, max-snippet:-1, max-image-preview:large, max-video-preview:-1\" \/>\n<link rel=\"canonical\" href=\"https:\/\/chi-statt-botox.com\/pl\/produkt\/meinebase-basisch-mineralisches-koerperfplegesalz-750-g\/\" \/>\n<meta property=\"og:locale\" content=\"pl_PL\" \/>\n<meta property=\"og:type\" content=\"article\" \/>\n<meta property=\"og:title\" content=\"&quot;MeineBase&quot; Basenbad 750 g - Chi statt Botox\" \/>\n<meta property=\"og:description\" content=\"Befreit Haut von bereits ausgeschiedenen S\u00e4uren und Schadstoffen  Entlastet den Organismus  Optimiert Selbstfettung der Haut  Haut wird angenehm geschmeidig  &nbsp;\" \/>\n<meta property=\"og:url\" content=\"https:\/\/chi-statt-botox.com\/pl\/produkt\/meinebase-basisch-mineralisches-koerperfplegesalz-750-g\/\" \/>\n<meta property=\"og:site_name\" content=\"Chi statt Botox\" \/>\n<meta property=\"article:modified_time\" content=\"2026-03-16T08:00:32+00:00\" \/>\n<meta property=\"og:image\" content=\"https:\/\/chi-statt-botox.com\/wp-content\/uploads\/Unbenannt-6.jpg\" \/>\n\t<meta property=\"og:image:width\" content=\"720\" \/>\n\t<meta property=\"og:image:height\" content=\"720\" \/>\n\t<meta property=\"og:image:type\" content=\"image\/jpeg\" \/>\n<meta name=\"twitter:card\" content=\"summary_large_image\" \/>\n<meta name=\"twitter:label1\" content=\"Szacowany czas czytania\" \/>\n\t<meta name=\"twitter:data1\" content=\"1 minuta\" \/>\n<script type=\"application\/ld+json\" class=\"yoast-schema-graph\">{\"@context\":\"https:\/\/schema.org\",\"@graph\":[{\"@type\":\"WebPage\",\"@id\":\"https:\/\/chi-statt-botox.com\/produkt\/meinebase-basisch-mineralisches-koerperfplegesalz-750-g\/\",\"url\":\"https:\/\/chi-statt-botox.com\/produkt\/meinebase-basisch-mineralisches-koerperfplegesalz-750-g\/\",\"name\":\"\\\"MeineBase\\\" Basenbad 750 g - Chi statt Botox\",\"isPartOf\":{\"@id\":\"https:\/\/chi-statt-botox.com\/#website\"},\"primaryImageOfPage\":{\"@id\":\"https:\/\/chi-statt-botox.com\/produkt\/meinebase-basisch-mineralisches-koerperfplegesalz-750-g\/#primaryimage\"},\"image\":{\"@id\":\"https:\/\/chi-statt-botox.com\/produkt\/meinebase-basisch-mineralisches-koerperfplegesalz-750-g\/#primaryimage\"},\"thumbnailUrl\":\"https:\/\/chi-statt-botox.com\/wp-content\/uploads\/Unbenannt-6.jpg\",\"datePublished\":\"2020-02-17T06:34:23+00:00\",\"dateModified\":\"2026-03-16T08:00:32+00:00\",\"breadcrumb\":{\"@id\":\"https:\/\/chi-statt-botox.com\/produkt\/meinebase-basisch-mineralisches-koerperfplegesalz-750-g\/#breadcrumb\"},\"inLanguage\":\"pl-PL\",\"potentialAction\":[{\"@type\":\"ReadAction\",\"target\":[\"https:\/\/chi-statt-botox.com\/produkt\/meinebase-basisch-mineralisches-koerperfplegesalz-750-g\/\"]}]},{\"@type\":\"ImageObject\",\"inLanguage\":\"pl-PL\",\"@id\":\"https:\/\/chi-statt-botox.com\/produkt\/meinebase-basisch-mineralisches-koerperfplegesalz-750-g\/#primaryimage\",\"url\":\"https:\/\/chi-statt-botox.com\/wp-content\/uploads\/Unbenannt-6.jpg\",\"contentUrl\":\"https:\/\/chi-statt-botox.com\/wp-content\/uploads\/Unbenannt-6.jpg\",\"width\":720,\"height\":720},{\"@type\":\"BreadcrumbList\",\"@id\":\"https:\/\/chi-statt-botox.com\/produkt\/meinebase-basisch-mineralisches-koerperfplegesalz-750-g\/#breadcrumb\",\"itemListElement\":[{\"@type\":\"ListItem\",\"position\":1,\"name\":\"Startseite\",\"item\":\"https:\/\/chi-statt-botox.com\/\"},{\"@type\":\"ListItem\",\"position\":2,\"name\":\"Produkte\",\"item\":\"https:\/\/chi-statt-botox.com\/shop\/\"},{\"@type\":\"ListItem\",\"position\":3,\"name\":\"&#8222;MeineBase&#8220; Basenbad 750 g\"}]},{\"@type\":\"WebSite\",\"@id\":\"https:\/\/chi-statt-botox.com\/#website\",\"url\":\"https:\/\/chi-statt-botox.com\/\",\"name\":\"Chi statt Botox\",\"description\":\"Falten wegzaubern, Haut straffen\",\"potentialAction\":[{\"@type\":\"SearchAction\",\"target\":{\"@type\":\"EntryPoint\",\"urlTemplate\":\"https:\/\/chi-statt-botox.com\/?s={search_term_string}\"},\"query-input\":{\"@type\":\"PropertyValueSpecification\",\"valueRequired\":true,\"valueName\":\"search_term_string\"}}],\"inLanguage\":\"pl-PL\"}]}<\/script>\n<!-- \/ Yoast SEO plugin. -->","yoast_head_json":{"title":"\"MeineBase\" Basenbad 750 g - Chi statt Botox","robots":{"index":"index","follow":"follow","max-snippet":"max-snippet:-1","max-image-preview":"max-image-preview:large","max-video-preview":"max-video-preview:-1"},"canonical":"https:\/\/chi-statt-botox.com\/pl\/produkt\/meinebase-basisch-mineralisches-koerperfplegesalz-750-g\/","og_locale":"pl_PL","og_type":"article","og_title":"\"MeineBase\" Basenbad 750 g - Chi statt Botox","og_description":"Befreit Haut von bereits ausgeschiedenen S\u00e4uren und Schadstoffen  Entlastet den Organismus  Optimiert Selbstfettung der Haut  Haut wird angenehm geschmeidig  &nbsp;","og_url":"https:\/\/chi-statt-botox.com\/pl\/produkt\/meinebase-basisch-mineralisches-koerperfplegesalz-750-g\/","og_site_name":"Chi statt Botox","article_modified_time":"2026-03-16T08:00:32+00:00","og_image":[{"width":720,"height":720,"url":"https:\/\/chi-statt-botox.com\/wp-content\/uploads\/Unbenannt-6.jpg","type":"image\/jpeg"}],"twitter_card":"summary_large_image","twitter_misc":{"Szacowany czas czytania":"1 minuta"},"schema":{"@context":"https:\/\/schema.org","@graph":[{"@type":"WebPage","@id":"https:\/\/chi-statt-botox.com\/produkt\/meinebase-basisch-mineralisches-koerperfplegesalz-750-g\/","url":"https:\/\/chi-statt-botox.com\/produkt\/meinebase-basisch-mineralisches-koerperfplegesalz-750-g\/","name":"\"MeineBase\" Basenbad 750 g - Chi statt Botox","isPartOf":{"@id":"https:\/\/chi-statt-botox.com\/#website"},"primaryImageOfPage":{"@id":"https:\/\/chi-statt-botox.com\/produkt\/meinebase-basisch-mineralisches-koerperfplegesalz-750-g\/#primaryimage"},"image":{"@id":"https:\/\/chi-statt-botox.com\/produkt\/meinebase-basisch-mineralisches-koerperfplegesalz-750-g\/#primaryimage"},"thumbnailUrl":"https:\/\/chi-statt-botox.com\/wp-content\/uploads\/Unbenannt-6.jpg","datePublished":"2020-02-17T06:34:23+00:00","dateModified":"2026-03-16T08:00:32+00:00","breadcrumb":{"@id":"https:\/\/chi-statt-botox.com\/produkt\/meinebase-basisch-mineralisches-koerperfplegesalz-750-g\/#breadcrumb"},"inLanguage":"pl-PL","potentialAction":[{"@type":"ReadAction","target":["https:\/\/chi-statt-botox.com\/produkt\/meinebase-basisch-mineralisches-koerperfplegesalz-750-g\/"]}]},{"@type":"ImageObject","inLanguage":"pl-PL","@id":"https:\/\/chi-statt-botox.com\/produkt\/meinebase-basisch-mineralisches-koerperfplegesalz-750-g\/#primaryimage","url":"https:\/\/chi-statt-botox.com\/wp-content\/uploads\/Unbenannt-6.jpg","contentUrl":"https:\/\/chi-statt-botox.com\/wp-content\/uploads\/Unbenannt-6.jpg","width":720,"height":720},{"@type":"BreadcrumbList","@id":"https:\/\/chi-statt-botox.com\/produkt\/meinebase-basisch-mineralisches-koerperfplegesalz-750-g\/#breadcrumb","itemListElement":[{"@type":"ListItem","position":1,"name":"Startseite","item":"https:\/\/chi-statt-botox.com\/"},{"@type":"ListItem","position":2,"name":"Produkte","item":"https:\/\/chi-statt-botox.com\/shop\/"},{"@type":"ListItem","position":3,"name":"&#8222;MeineBase&#8220; Basenbad 750 g"}]},{"@type":"WebSite","@id":"https:\/\/chi-statt-botox.com\/#website","url":"https:\/\/chi-statt-botox.com\/","name":"Chi zamiast botoksu","description":"Usuwa zmarszczki, napina sk\u00f3r\u0119","potentialAction":[{"@type":"SearchAction","target":{"@type":"EntryPoint","urlTemplate":"https:\/\/chi-statt-botox.com\/?s={search_term_string}"},"query-input":{"@type":"PropertyValueSpecification","valueRequired":true,"valueName":"search_term_string"}}],"inLanguage":"pl-PL"}]}},"_links":{"self":[{"href":"https:\/\/chi-statt-botox.com\/pl\/wp-json\/wp\/v2\/product\/2862","targetHints":{"allow":["GET"]}}],"collection":[{"href":"https:\/\/chi-statt-botox.com\/pl\/wp-json\/wp\/v2\/product"}],"about":[{"href":"https:\/\/chi-statt-botox.com\/pl\/wp-json\/wp\/v2\/types\/product"}],"wp:featuredmedia":[{"embeddable":true,"href":"https:\/\/chi-statt-botox.com\/pl\/wp-json\/wp\/v2\/media\/27595"}],"wp:attachment":[{"href":"https:\/\/chi-statt-botox.com\/pl\/wp-json\/wp\/v2\/media?parent=2862"}],"wp:term":[{"taxonomy":"product_brand","embeddable":true,"href":"https:\/\/chi-statt-botox.com\/pl\/wp-json\/wp\/v2\/product_brand?post=2862"},{"taxonomy":"product_cat","embeddable":true,"href":"https:\/\/chi-statt-botox.com\/pl\/wp-json\/wp\/v2\/product_cat?post=2862"},{"taxonomy":"product_tag","embeddable":true,"href":"https:\/\/chi-statt-botox.com\/pl\/wp-json\/wp\/v2\/product_tag?post=2862"}],"curies":[{"name":"wp","href":"https:\/\/api.w.org\/{rel}","templated":true}]}}