{"id":2870,"date":"2020-02-17T12:58:39","date_gmt":"2020-02-17T11:58:39","guid":{"rendered":"https:\/\/chi-statt-botox.com\/?post_type=product&#038;p=2870"},"modified":"2026-04-14T18:31:00","modified_gmt":"2026-04-14T16:31:00","slug":"basisches-duschgel-basenschauer","status":"publish","type":"product","link":"https:\/\/chi-statt-botox.com\/pl\/produkt\/basisches-duschgel-basenschauer\/","title":{"rendered":"BasenSchauer, alkaliczny \u017cel pod prysznic 250 ml"},"content":{"rendered":"<div class=\"product-body\">\n<p>Dzi\u0119ki alkalicznej warto\u015bci pH ok. 7,5 i cennym sk\u0142adnikom BasenSchauer zapewnia rewitalizuj\u0105c\u0105 i harmonizuj\u0105c\u0105 piel\u0119gnacj\u0119 dla wszystkich rodzaj\u00f3w sk\u00f3ry. Nawil\u017caj\u0105cy aloes, naturalne minera\u0142y i olejki eteryczne intensywnie od\u017cywiaj\u0105 i od\u015bwie\u017caj\u0105 sk\u00f3r\u0119 oraz wspieraj\u0105 jej naturalne funkcje - pozostawiaj\u0105c j\u0105 aksamitnie mi\u0119kk\u0105.<\/p>\n<p>Pobudzaj\u0105cy zapach wyselekcjonowanych olejk\u00f3w to uczta dla zmys\u0142\u00f3w. Ponadto wy\u015bmienite ekstrakty zio\u0142owe, takie jak li\u015bcie brzozy i melisy oraz kwiaty chmielu, zapewniaj\u0105 ukojon\u0105 i zr\u00f3wnowa\u017con\u0105 cer\u0119.<\/p>\n<p>Alkalizuj\u0105cy \u017cel pod prysznic zapewnia doskona\u0142e od\u015bwie\u017cenie, szczeg\u00f3lnie po uprawianiu sportu, i aktywnie wspomaga proces detoksykacji organizmu. Ka\u017cda butelka zawiera r\u00f3wnie\u017c ma\u0142y kryszta\u0142 g\u00f3rski. Jako jeden z najwa\u017cniejszych kamieni szlachetnych, ten uzdrawiaj\u0105cy kamie\u0144 oznacza si\u0142\u0119 i wytrzyma\u0142o\u015b\u0107 - jasno\u015b\u0107 i witalno\u015b\u0107, zgodnie z tradycjami \u015bw. benedyktynki Hildegardy z Bingen.<\/p>\n<p>Jentschura International GmbH \/ Otto-Hahn-Stra\u00dfe 22-26 \/ 48161 M\u00fcnster \/ Niemcy info@p-jentschura.com<\/p>\n<\/div>","protected":false},"excerpt":{"rendered":"<ul>\n<li>Witalizuj\u0105ca i harmonizuj\u0105ca piel\u0119gnacja dla ka\u017cdego rodzaju sk\u00f3ry<\/li>\n<li>Wykonany z nawil\u017caj\u0105cego aloesu<\/li>\n<li>Z naturalnymi minera\u0142ami i olejkami eterycznymi<\/li>\n<li>Intensywna piel\u0119gnacja i od\u015bwie\u017cenie sk\u00f3ry<\/li>\n<li>Wspomaga naturalne funkcje sk\u00f3ry<\/li>\n<li>W ka\u017cdej butelce znajduje si\u0119 ma\u0142y kryszta\u0142 g\u00f3rski<\/li>\n<\/ul>\n<p>&nbsp;<\/p>","protected":false},"featured_media":27597,"template":"","meta":{"_acf_changed":false,"_et_pb_use_builder":"","_et_pb_old_content":"","_et_gb_content_width":""},"product_brand":[],"product_cat":[172],"product_tag":[],"class_list":{"0":"post-2870","1":"product","2":"type-product","3":"status-publish","4":"has-post-thumbnail","6":"product_cat-kosmetik","8":"first","9":"instock","10":"taxable","11":"shipping-taxable","12":"purchasable","13":"product-type-simple"},"acf":[],"yoast_head":"<!-- This site is optimized with the Yoast SEO plugin v26.4 - https:\/\/yoast.com\/wordpress\/plugins\/seo\/ -->\n<title>BasenSchauer, basisches Duschgel 250 ml - Chi statt Botox<\/title>\n<meta name=\"robots\" content=\"index, follow, max-snippet:-1, max-image-preview:large, max-video-preview:-1\" \/>\n<link rel=\"canonical\" href=\"https:\/\/chi-statt-botox.com\/pl\/produkt\/basisches-duschgel-basenschauer\/\" \/>\n<meta property=\"og:locale\" content=\"pl_PL\" \/>\n<meta property=\"og:type\" content=\"article\" \/>\n<meta property=\"og:title\" content=\"BasenSchauer, basisches Duschgel 250 ml - Chi statt Botox\" \/>\n<meta property=\"og:description\" content=\"Vitalisierende und harmonisierende Pflege f\u00fcr jeden Hauttyp  Aus feuchtigkeitsspendender Aloe Vera  Mit nat\u00fcrlichen Mineralien und \u00e4therischen \u00d6len  Intensive Pflege und Erfrischung der Haut  Unterst\u00fctzt Haut in nat\u00fcrlichen Funktionen  In jeder Flasche ist ein kleiner Bergkristall  &nbsp;\" \/>\n<meta property=\"og:url\" content=\"https:\/\/chi-statt-botox.com\/pl\/produkt\/basisches-duschgel-basenschauer\/\" \/>\n<meta property=\"og:site_name\" content=\"Chi statt Botox\" \/>\n<meta property=\"article:modified_time\" content=\"2026-04-14T16:31:00+00:00\" \/>\n<meta property=\"og:image\" content=\"https:\/\/chi-statt-botox.com\/wp-content\/uploads\/BS.jpg\" \/>\n\t<meta property=\"og:image:width\" content=\"720\" \/>\n\t<meta property=\"og:image:height\" content=\"720\" \/>\n\t<meta property=\"og:image:type\" content=\"image\/jpeg\" \/>\n<meta name=\"twitter:card\" content=\"summary_large_image\" \/>\n<meta name=\"twitter:label1\" content=\"Szacowany czas czytania\" \/>\n\t<meta name=\"twitter:data1\" content=\"1 minuta\" \/>\n<script type=\"application\/ld+json\" class=\"yoast-schema-graph\">{\"@context\":\"https:\/\/schema.org\",\"@graph\":[{\"@type\":\"WebPage\",\"@id\":\"https:\/\/chi-statt-botox.com\/produkt\/basisches-duschgel-basenschauer\/\",\"url\":\"https:\/\/chi-statt-botox.com\/produkt\/basisches-duschgel-basenschauer\/\",\"name\":\"BasenSchauer, basisches Duschgel 250 ml - Chi statt Botox\",\"isPartOf\":{\"@id\":\"https:\/\/chi-statt-botox.com\/#website\"},\"primaryImageOfPage\":{\"@id\":\"https:\/\/chi-statt-botox.com\/produkt\/basisches-duschgel-basenschauer\/#primaryimage\"},\"image\":{\"@id\":\"https:\/\/chi-statt-botox.com\/produkt\/basisches-duschgel-basenschauer\/#primaryimage\"},\"thumbnailUrl\":\"https:\/\/chi-statt-botox.com\/wp-content\/uploads\/BS.jpg\",\"datePublished\":\"2020-02-17T11:58:39+00:00\",\"dateModified\":\"2026-04-14T16:31:00+00:00\",\"breadcrumb\":{\"@id\":\"https:\/\/chi-statt-botox.com\/produkt\/basisches-duschgel-basenschauer\/#breadcrumb\"},\"inLanguage\":\"pl-PL\",\"potentialAction\":[{\"@type\":\"ReadAction\",\"target\":[\"https:\/\/chi-statt-botox.com\/produkt\/basisches-duschgel-basenschauer\/\"]}]},{\"@type\":\"ImageObject\",\"inLanguage\":\"pl-PL\",\"@id\":\"https:\/\/chi-statt-botox.com\/produkt\/basisches-duschgel-basenschauer\/#primaryimage\",\"url\":\"https:\/\/chi-statt-botox.com\/wp-content\/uploads\/BS.jpg\",\"contentUrl\":\"https:\/\/chi-statt-botox.com\/wp-content\/uploads\/BS.jpg\",\"width\":720,\"height\":720},{\"@type\":\"BreadcrumbList\",\"@id\":\"https:\/\/chi-statt-botox.com\/produkt\/basisches-duschgel-basenschauer\/#breadcrumb\",\"itemListElement\":[{\"@type\":\"ListItem\",\"position\":1,\"name\":\"Startseite\",\"item\":\"https:\/\/chi-statt-botox.com\/\"},{\"@type\":\"ListItem\",\"position\":2,\"name\":\"Produkte\",\"item\":\"https:\/\/chi-statt-botox.com\/shop\/\"},{\"@type\":\"ListItem\",\"position\":3,\"name\":\"BasenSchauer, basisches Duschgel 250 ml\"}]},{\"@type\":\"WebSite\",\"@id\":\"https:\/\/chi-statt-botox.com\/#website\",\"url\":\"https:\/\/chi-statt-botox.com\/\",\"name\":\"Chi statt Botox\",\"description\":\"Falten wegzaubern, Haut straffen\",\"potentialAction\":[{\"@type\":\"SearchAction\",\"target\":{\"@type\":\"EntryPoint\",\"urlTemplate\":\"https:\/\/chi-statt-botox.com\/?s={search_term_string}\"},\"query-input\":{\"@type\":\"PropertyValueSpecification\",\"valueRequired\":true,\"valueName\":\"search_term_string\"}}],\"inLanguage\":\"pl-PL\"}]}<\/script>\n<!-- \/ Yoast SEO plugin. -->","yoast_head_json":{"title":"BasenSchauer, basisches Duschgel 250 ml - Chi statt Botox","robots":{"index":"index","follow":"follow","max-snippet":"max-snippet:-1","max-image-preview":"max-image-preview:large","max-video-preview":"max-video-preview:-1"},"canonical":"https:\/\/chi-statt-botox.com\/pl\/produkt\/basisches-duschgel-basenschauer\/","og_locale":"pl_PL","og_type":"article","og_title":"BasenSchauer, basisches Duschgel 250 ml - Chi statt Botox","og_description":"Vitalisierende und harmonisierende Pflege f\u00fcr jeden Hauttyp  Aus feuchtigkeitsspendender Aloe Vera  Mit nat\u00fcrlichen Mineralien und \u00e4therischen \u00d6len  Intensive Pflege und Erfrischung der Haut  Unterst\u00fctzt Haut in nat\u00fcrlichen Funktionen  In jeder Flasche ist ein kleiner Bergkristall  &nbsp;","og_url":"https:\/\/chi-statt-botox.com\/pl\/produkt\/basisches-duschgel-basenschauer\/","og_site_name":"Chi statt Botox","article_modified_time":"2026-04-14T16:31:00+00:00","og_image":[{"width":720,"height":720,"url":"https:\/\/chi-statt-botox.com\/wp-content\/uploads\/BS.jpg","type":"image\/jpeg"}],"twitter_card":"summary_large_image","twitter_misc":{"Szacowany czas czytania":"1 minuta"},"schema":{"@context":"https:\/\/schema.org","@graph":[{"@type":"WebPage","@id":"https:\/\/chi-statt-botox.com\/produkt\/basisches-duschgel-basenschauer\/","url":"https:\/\/chi-statt-botox.com\/produkt\/basisches-duschgel-basenschauer\/","name":"BasenSchauer, basisches Duschgel 250 ml - Chi statt Botox","isPartOf":{"@id":"https:\/\/chi-statt-botox.com\/#website"},"primaryImageOfPage":{"@id":"https:\/\/chi-statt-botox.com\/produkt\/basisches-duschgel-basenschauer\/#primaryimage"},"image":{"@id":"https:\/\/chi-statt-botox.com\/produkt\/basisches-duschgel-basenschauer\/#primaryimage"},"thumbnailUrl":"https:\/\/chi-statt-botox.com\/wp-content\/uploads\/BS.jpg","datePublished":"2020-02-17T11:58:39+00:00","dateModified":"2026-04-14T16:31:00+00:00","breadcrumb":{"@id":"https:\/\/chi-statt-botox.com\/produkt\/basisches-duschgel-basenschauer\/#breadcrumb"},"inLanguage":"pl-PL","potentialAction":[{"@type":"ReadAction","target":["https:\/\/chi-statt-botox.com\/produkt\/basisches-duschgel-basenschauer\/"]}]},{"@type":"ImageObject","inLanguage":"pl-PL","@id":"https:\/\/chi-statt-botox.com\/produkt\/basisches-duschgel-basenschauer\/#primaryimage","url":"https:\/\/chi-statt-botox.com\/wp-content\/uploads\/BS.jpg","contentUrl":"https:\/\/chi-statt-botox.com\/wp-content\/uploads\/BS.jpg","width":720,"height":720},{"@type":"BreadcrumbList","@id":"https:\/\/chi-statt-botox.com\/produkt\/basisches-duschgel-basenschauer\/#breadcrumb","itemListElement":[{"@type":"ListItem","position":1,"name":"Startseite","item":"https:\/\/chi-statt-botox.com\/"},{"@type":"ListItem","position":2,"name":"Produkte","item":"https:\/\/chi-statt-botox.com\/shop\/"},{"@type":"ListItem","position":3,"name":"BasenSchauer, basisches Duschgel 250 ml"}]},{"@type":"WebSite","@id":"https:\/\/chi-statt-botox.com\/#website","url":"https:\/\/chi-statt-botox.com\/","name":"Chi zamiast botoksu","description":"Usuwa zmarszczki, napina sk\u00f3r\u0119","potentialAction":[{"@type":"SearchAction","target":{"@type":"EntryPoint","urlTemplate":"https:\/\/chi-statt-botox.com\/?s={search_term_string}"},"query-input":{"@type":"PropertyValueSpecification","valueRequired":true,"valueName":"search_term_string"}}],"inLanguage":"pl-PL"}]}},"_links":{"self":[{"href":"https:\/\/chi-statt-botox.com\/pl\/wp-json\/wp\/v2\/product\/2870","targetHints":{"allow":["GET"]}}],"collection":[{"href":"https:\/\/chi-statt-botox.com\/pl\/wp-json\/wp\/v2\/product"}],"about":[{"href":"https:\/\/chi-statt-botox.com\/pl\/wp-json\/wp\/v2\/types\/product"}],"wp:featuredmedia":[{"embeddable":true,"href":"https:\/\/chi-statt-botox.com\/pl\/wp-json\/wp\/v2\/media\/27597"}],"wp:attachment":[{"href":"https:\/\/chi-statt-botox.com\/pl\/wp-json\/wp\/v2\/media?parent=2870"}],"wp:term":[{"taxonomy":"product_brand","embeddable":true,"href":"https:\/\/chi-statt-botox.com\/pl\/wp-json\/wp\/v2\/product_brand?post=2870"},{"taxonomy":"product_cat","embeddable":true,"href":"https:\/\/chi-statt-botox.com\/pl\/wp-json\/wp\/v2\/product_cat?post=2870"},{"taxonomy":"product_tag","embeddable":true,"href":"https:\/\/chi-statt-botox.com\/pl\/wp-json\/wp\/v2\/product_tag?post=2870"}],"curies":[{"name":"wp","href":"https:\/\/api.w.org\/{rel}","templated":true}]}}