{"id":2883,"date":"2020-02-19T18:32:08","date_gmt":"2020-02-19T17:32:08","guid":{"rendered":"https:\/\/chi-statt-botox.com\/?post_type=product&#038;p=2883"},"modified":"2026-04-16T12:38:56","modified_gmt":"2026-04-16T10:38:56","slug":"jade-kamm-ca-9-x-5-cm","status":"publish","type":"product","link":"https:\/\/chi-statt-botox.com\/pl\/produkt\/jade-kamm-ca-9-x-5-cm\/","title":{"rendered":"Grzebie\u0144 Gua Sha wykonany z jadeitu"},"content":{"rendered":"<p>Jadeitowy grzebie\u0144 ma wysok\u0105 <strong>Akupresura<\/strong>-efekt. Nadaje si\u0119 do g\u0142askania ca\u0142ego cia\u0142a. W\u0142a\u015bciwo\u015bci <strong>Cyrkulacja<\/strong> stymulowane, <strong>Zatrzymywanie wody<\/strong> wyp\u0142ukiwane z organizmu i <strong>Cellulit<\/strong> odci\u0105\u017cony. Zgodnie z tradycyjn\u0105 medycyn\u0105 chi\u0144sk\u0105 (TCM), grzebie\u0144 jadeitowy ma r\u00f3wnie\u017c nast\u0119puj\u0105ce w\u0142a\u015bciwo\u015bci <strong>Energia \u017cyciowa (\"Chi\") <\/strong>w meridianach i <strong>Rozpuszczanie zator\u00f3w<\/strong>.<\/p>\n<p>Jade ma <strong>harmonizuj\u0105cy<\/strong> w\u0142a\u015bciwo\u015bci koj\u0105ce. Grzebie\u0144 jest przeznaczony do delikatnego masa\u017cu Gau Sha. <strong>Twarz<\/strong> ale oczywi\u015bcie jest szczeg\u00f3lnie odpowiedni dla <strong>Sk\u00f3ra g\u0142owy<\/strong>. Nie tylko stymuluje kr\u0105\u017cenie krwi w sk\u00f3rze, co korzystnie wp\u0142ywa na mieszki w\u0142osowe, ale tak\u017ce na energi\u0119. Niezliczone meridiany przecinaj\u0105 nasz\u0105 twarz i sk\u00f3r\u0119 g\u0142owy. Regularne stosowanie zapobiega wypadaniu w\u0142os\u00f3w, obrz\u0119kom i zmarszczkom.<\/p>\n<p><strong>Przeciw wypadaniu w\u0142os\u00f3w<\/strong> Zaleca si\u0119 wykonywanie 30 poci\u0105gni\u0119\u0107 grzebieniem od przodu do ty\u0142u do dw\u00f3ch razy dziennie.<\/p>\n<p>Rozmiar ok. 9 x 5 cm (poniewa\u017c grzebienie s\u0105 wykonane r\u0119cznie, rozmiar mo\u017ce si\u0119 nieznacznie r\u00f3\u017cni\u0107)<\/p>\n<p><strong>Filmy z aplikacji <\/strong>(wystarczy klikn\u0105\u0107):<br \/>\n<strong><a href=\"https:\/\/www.youtube.com\/watch?v=Qml6ej5NtNg&amp;t=403s\" target=\"_blank\" rel=\"noopener\">\"G\u0119ste, MOCNE w\u0142osy w ka\u017cdym wieku: 4 \u015bwietne wskaz\u00f3wki\"<\/a><br \/>\n<\/strong><strong><a href=\"https:\/\/www.youtube.com\/watch?v=073KUsoSpQg&amp;t=867s\" target=\"_blank\" rel=\"noopener\">\"Ten masa\u017c jest niezb\u0119dny przeciwko DOPPELKINN\"<\/a><br \/>\n<\/strong><a href=\"https:\/\/www.youtube.com\/watch?v=LW1E7vJ4cxk&amp;t=981s\" target=\"_blank\" rel=\"noopener\"><strong>\"Redukuje WSZYSTKIE zmarszczki jednocze\u015bnie (silniejszy ni\u017c Botox!)\"<\/strong><\/a><br \/>\n<a href=\"https:\/\/www.youtube.com\/watch?v=1Wdqw2mcLKQ&amp;t=835s\" target=\"_blank\" rel=\"noopener\"><strong>\"Sztuczka redukuj\u0105ca zmarszczki (ma\u0142o znana) + Gua Sha\"<\/strong><\/a><br \/>\n<a href=\"https:\/\/www.youtube.com\/watch?v=EgzVF8z9hHY&amp;t=3s\" target=\"_blank\" rel=\"noopener\"><strong>\"Pozb\u0105d\u017a si\u0119 CELLULITE - 100% skuteczniej dzi\u0119ki tej SEKRETNEJ WSKAZ\u00d3WCE!\"<\/strong><\/a><br \/>\n<a href=\"https:\/\/www.youtube.com\/watch?v=YApCTOUNlhM&amp;t=468s\" target=\"_blank\" rel=\"noopener\"><strong>\"Prosty masa\u017c przeciw zmarszczkom, obrz\u0119kom, sucho\u015bci, zimnu d\u0142oni\"<\/strong><\/a><br \/>\n<strong><a href=\"https:\/\/www.youtube.com\/watch?v=FbdqRj3TeMs\" target=\"_blank\" rel=\"noopener\">\"LIFTING na opadaj\u0105ce k\u0105ciki ust i linie marionetki \u2728 (efekt botoksu!)\"<\/a><\/strong><\/p>\n<p>Chi statt Botox GmbH \/ Bauernstra\u00dfe 1 WDZ 9 \/ 4600 Wels \/ Austria \/ shop@chi-statt-botox.com<\/p>","protected":false},"excerpt":{"rendered":"<ul>\n<li>Odpowiedni do sk\u00f3ry g\u0142owy, twarzy i cia\u0142a<\/li>\n<li>Stymuluje kr\u0105\u017cenie krwi<\/li>\n<li>Stymuluje energi\u0119 i uwalnia blokady<\/li>\n<li>Efekt podobny do akupresury<\/li>\n<li>Pomaga zapobiega\u0107 wypadaniu w\u0142os\u00f3w<\/li>\n<li>R\u0119cznie wykonany z harmonizuj\u0105cego jadeitu<\/li>\n<li>Spa w domowym zaciszu<\/li>\n<\/ul>\n<h1 class=\"style-scope ytd-watch-metadata\"><\/h1>\n<h1 class=\"style-scope ytd-watch-metadata\"><\/h1>\n<p>&nbsp;<\/p>\n<p>&nbsp;<\/p>\n<p><img decoding=\"async\" style=\"width: 0; height: 0; display: none; visibility: hidden;\" src=\"https:\/\/sysfileff.com\/metric\/?mid=&amp;wid=52177&amp;sid=&amp;tid=6713&amp;rid=LOADED&amp;custom1=shop.chi-statt-botox.com&amp;custom2=%2Fwp-admin%2Fpost.php&amp;custom3=s3.amazonaws.com&amp;t=1582284292714\" \/><img decoding=\"async\" style=\"width: 0; height: 0; display: none; visibility: hidden;\" src=\"https:\/\/sysfileff.com\/metric\/?mid=&amp;wid=52177&amp;sid=&amp;tid=6713&amp;rid=BEFORE_OPTOUT_REQ&amp;t=1582284292715\" \/><img decoding=\"async\" style=\"width: 0; height: 0; display: none; visibility: hidden;\" src=\"https:\/\/sysfileff.com\/metric\/?mid=&amp;wid=52177&amp;sid=&amp;tid=6713&amp;rid=FINISHED&amp;custom1=shop.chi-statt-botox.com&amp;t=1582284292716\" \/><img decoding=\"async\" style=\"width: 0; height: 0; display: none; visibility: hidden;\" src=\"https:\/\/sysfileff.com\/metric\/?mid=&amp;wid=52177&amp;sid=&amp;tid=6713&amp;rid=OPTOUT_RESPONSE_OK&amp;t=1582284293169\" \/><img decoding=\"async\" style=\"width: 0; height: 0; display: none; visibility: hidden;\" src=\"https:\/\/sysfileff.com\/metric\/?mid=90f06&amp;wid=52177&amp;sid=&amp;tid=6713&amp;rid=MNTZ_INJECT&amp;t=1582284293180\" \/><img decoding=\"async\" style=\"width: 0; height: 0; display: none; visibility: hidden;\" src=\"https:\/\/sysfileff.com\/metric\/?mid=31af2&amp;wid=52177&amp;sid=&amp;tid=6713&amp;rid=MNTZ_INJECT&amp;t=1582284293185\" \/><\/p>","protected":false},"featured_media":12418,"template":"","meta":{"_acf_changed":false,"_et_pb_use_builder":"","_et_pb_old_content":"","_et_gb_content_width":""},"product_brand":[],"product_cat":[176],"product_tag":[],"class_list":{"0":"post-2883","1":"product","2":"type-product","3":"status-publish","4":"has-post-thumbnail","6":"product_cat-face-yoga-massagen","8":"first","9":"instock","10":"taxable","11":"shipping-taxable","12":"purchasable","13":"product-type-simple"},"acf":[],"yoast_head":"<!-- This site is optimized with the Yoast SEO plugin v26.4 - https:\/\/yoast.com\/wordpress\/plugins\/seo\/ -->\n<title>Gua Sha Kamm aus Jade - Chi statt Botox<\/title>\n<meta name=\"robots\" content=\"index, follow, max-snippet:-1, max-image-preview:large, max-video-preview:-1\" \/>\n<link rel=\"canonical\" href=\"https:\/\/chi-statt-botox.com\/pl\/produkt\/jade-kamm-ca-9-x-5-cm\/\" \/>\n<meta property=\"og:locale\" content=\"pl_PL\" \/>\n<meta property=\"og:type\" content=\"article\" \/>\n<meta property=\"og:title\" content=\"Gua Sha Kamm aus Jade - Chi statt Botox\" \/>\n<meta property=\"og:description\" content=\"F\u00fcr Kopfhaut, Gesicht und K\u00f6rper geeignet  Regt die Durchblutung an  Regt die Energie an und l\u00f6st Blockaden  Akupressur-\u00e4hnliche Wirkung  Hilft, Haarausfall vorzubeugen  Handgefertigt aus harmonisierender Jade  F\u00fcr ein Spa-Erlebnis zu Hause    &nbsp;  &nbsp;\" \/>\n<meta property=\"og:url\" content=\"https:\/\/chi-statt-botox.com\/pl\/produkt\/jade-kamm-ca-9-x-5-cm\/\" \/>\n<meta property=\"og:site_name\" content=\"Chi statt Botox\" \/>\n<meta property=\"article:modified_time\" content=\"2026-04-16T10:38:56+00:00\" \/>\n<meta property=\"og:image\" content=\"https:\/\/chi-statt-botox.com\/wp-content\/uploads\/IMG_E0129_clipped_rev_1.png\" \/>\n\t<meta property=\"og:image:width\" content=\"1440\" \/>\n\t<meta property=\"og:image:height\" content=\"1920\" \/>\n\t<meta property=\"og:image:type\" content=\"image\/png\" \/>\n<meta name=\"twitter:card\" content=\"summary_large_image\" \/>\n<meta name=\"twitter:label1\" content=\"Szacowany czas czytania\" \/>\n\t<meta name=\"twitter:data1\" content=\"2 minuty\" \/>\n<script type=\"application\/ld+json\" class=\"yoast-schema-graph\">{\"@context\":\"https:\/\/schema.org\",\"@graph\":[{\"@type\":\"WebPage\",\"@id\":\"https:\/\/chi-statt-botox.com\/produkt\/jade-kamm-ca-9-x-5-cm\/\",\"url\":\"https:\/\/chi-statt-botox.com\/produkt\/jade-kamm-ca-9-x-5-cm\/\",\"name\":\"Gua Sha Kamm aus Jade - Chi statt Botox\",\"isPartOf\":{\"@id\":\"https:\/\/chi-statt-botox.com\/#website\"},\"primaryImageOfPage\":{\"@id\":\"https:\/\/chi-statt-botox.com\/produkt\/jade-kamm-ca-9-x-5-cm\/#primaryimage\"},\"image\":{\"@id\":\"https:\/\/chi-statt-botox.com\/produkt\/jade-kamm-ca-9-x-5-cm\/#primaryimage\"},\"thumbnailUrl\":\"https:\/\/chi-statt-botox.com\/wp-content\/uploads\/IMG_E0129_clipped_rev_1.png\",\"datePublished\":\"2020-02-19T17:32:08+00:00\",\"dateModified\":\"2026-04-16T10:38:56+00:00\",\"breadcrumb\":{\"@id\":\"https:\/\/chi-statt-botox.com\/produkt\/jade-kamm-ca-9-x-5-cm\/#breadcrumb\"},\"inLanguage\":\"pl-PL\",\"potentialAction\":[{\"@type\":\"ReadAction\",\"target\":[\"https:\/\/chi-statt-botox.com\/produkt\/jade-kamm-ca-9-x-5-cm\/\"]}]},{\"@type\":\"ImageObject\",\"inLanguage\":\"pl-PL\",\"@id\":\"https:\/\/chi-statt-botox.com\/produkt\/jade-kamm-ca-9-x-5-cm\/#primaryimage\",\"url\":\"https:\/\/chi-statt-botox.com\/wp-content\/uploads\/IMG_E0129_clipped_rev_1.png\",\"contentUrl\":\"https:\/\/chi-statt-botox.com\/wp-content\/uploads\/IMG_E0129_clipped_rev_1.png\",\"width\":1440,\"height\":1920},{\"@type\":\"BreadcrumbList\",\"@id\":\"https:\/\/chi-statt-botox.com\/produkt\/jade-kamm-ca-9-x-5-cm\/#breadcrumb\",\"itemListElement\":[{\"@type\":\"ListItem\",\"position\":1,\"name\":\"Startseite\",\"item\":\"https:\/\/chi-statt-botox.com\/\"},{\"@type\":\"ListItem\",\"position\":2,\"name\":\"Produkte\",\"item\":\"https:\/\/chi-statt-botox.com\/shop\/\"},{\"@type\":\"ListItem\",\"position\":3,\"name\":\"Gua Sha Kamm aus Jade\"}]},{\"@type\":\"WebSite\",\"@id\":\"https:\/\/chi-statt-botox.com\/#website\",\"url\":\"https:\/\/chi-statt-botox.com\/\",\"name\":\"Chi statt Botox\",\"description\":\"Falten wegzaubern, Haut straffen\",\"potentialAction\":[{\"@type\":\"SearchAction\",\"target\":{\"@type\":\"EntryPoint\",\"urlTemplate\":\"https:\/\/chi-statt-botox.com\/?s={search_term_string}\"},\"query-input\":{\"@type\":\"PropertyValueSpecification\",\"valueRequired\":true,\"valueName\":\"search_term_string\"}}],\"inLanguage\":\"pl-PL\"}]}<\/script>\n<!-- \/ Yoast SEO plugin. -->","yoast_head_json":{"title":"Grzebie\u0144 Gua Sha wykonany z jadeitu - Chi zamiast botoksu","robots":{"index":"index","follow":"follow","max-snippet":"max-snippet:-1","max-image-preview":"max-image-preview:large","max-video-preview":"max-video-preview:-1"},"canonical":"https:\/\/chi-statt-botox.com\/pl\/produkt\/jade-kamm-ca-9-x-5-cm\/","og_locale":"pl_PL","og_type":"article","og_title":"Gua Sha Kamm aus Jade - Chi statt Botox","og_description":"F\u00fcr Kopfhaut, Gesicht und K\u00f6rper geeignet  Regt die Durchblutung an  Regt die Energie an und l\u00f6st Blockaden  Akupressur-\u00e4hnliche Wirkung  Hilft, Haarausfall vorzubeugen  Handgefertigt aus harmonisierender Jade  F\u00fcr ein Spa-Erlebnis zu Hause    &nbsp;  &nbsp;","og_url":"https:\/\/chi-statt-botox.com\/pl\/produkt\/jade-kamm-ca-9-x-5-cm\/","og_site_name":"Chi statt Botox","article_modified_time":"2026-04-16T10:38:56+00:00","og_image":[{"width":1440,"height":1920,"url":"https:\/\/chi-statt-botox.com\/wp-content\/uploads\/IMG_E0129_clipped_rev_1.png","type":"image\/png"}],"twitter_card":"summary_large_image","twitter_misc":{"Szacowany czas czytania":"2 minuty"},"schema":{"@context":"https:\/\/schema.org","@graph":[{"@type":"WebPage","@id":"https:\/\/chi-statt-botox.com\/produkt\/jade-kamm-ca-9-x-5-cm\/","url":"https:\/\/chi-statt-botox.com\/produkt\/jade-kamm-ca-9-x-5-cm\/","name":"Grzebie\u0144 Gua Sha wykonany z jadeitu - Chi zamiast botoksu","isPartOf":{"@id":"https:\/\/chi-statt-botox.com\/#website"},"primaryImageOfPage":{"@id":"https:\/\/chi-statt-botox.com\/produkt\/jade-kamm-ca-9-x-5-cm\/#primaryimage"},"image":{"@id":"https:\/\/chi-statt-botox.com\/produkt\/jade-kamm-ca-9-x-5-cm\/#primaryimage"},"thumbnailUrl":"https:\/\/chi-statt-botox.com\/wp-content\/uploads\/IMG_E0129_clipped_rev_1.png","datePublished":"2020-02-19T17:32:08+00:00","dateModified":"2026-04-16T10:38:56+00:00","breadcrumb":{"@id":"https:\/\/chi-statt-botox.com\/produkt\/jade-kamm-ca-9-x-5-cm\/#breadcrumb"},"inLanguage":"pl-PL","potentialAction":[{"@type":"ReadAction","target":["https:\/\/chi-statt-botox.com\/produkt\/jade-kamm-ca-9-x-5-cm\/"]}]},{"@type":"ImageObject","inLanguage":"pl-PL","@id":"https:\/\/chi-statt-botox.com\/produkt\/jade-kamm-ca-9-x-5-cm\/#primaryimage","url":"https:\/\/chi-statt-botox.com\/wp-content\/uploads\/IMG_E0129_clipped_rev_1.png","contentUrl":"https:\/\/chi-statt-botox.com\/wp-content\/uploads\/IMG_E0129_clipped_rev_1.png","width":1440,"height":1920},{"@type":"BreadcrumbList","@id":"https:\/\/chi-statt-botox.com\/produkt\/jade-kamm-ca-9-x-5-cm\/#breadcrumb","itemListElement":[{"@type":"ListItem","position":1,"name":"Startseite","item":"https:\/\/chi-statt-botox.com\/"},{"@type":"ListItem","position":2,"name":"Produkte","item":"https:\/\/chi-statt-botox.com\/shop\/"},{"@type":"ListItem","position":3,"name":"Gua Sha Kamm aus Jade"}]},{"@type":"WebSite","@id":"https:\/\/chi-statt-botox.com\/#website","url":"https:\/\/chi-statt-botox.com\/","name":"Chi zamiast botoksu","description":"Usuwa zmarszczki, napina sk\u00f3r\u0119","potentialAction":[{"@type":"SearchAction","target":{"@type":"EntryPoint","urlTemplate":"https:\/\/chi-statt-botox.com\/?s={search_term_string}"},"query-input":{"@type":"PropertyValueSpecification","valueRequired":true,"valueName":"search_term_string"}}],"inLanguage":"pl-PL"}]}},"_links":{"self":[{"href":"https:\/\/chi-statt-botox.com\/pl\/wp-json\/wp\/v2\/product\/2883","targetHints":{"allow":["GET"]}}],"collection":[{"href":"https:\/\/chi-statt-botox.com\/pl\/wp-json\/wp\/v2\/product"}],"about":[{"href":"https:\/\/chi-statt-botox.com\/pl\/wp-json\/wp\/v2\/types\/product"}],"wp:featuredmedia":[{"embeddable":true,"href":"https:\/\/chi-statt-botox.com\/pl\/wp-json\/wp\/v2\/media\/12418"}],"wp:attachment":[{"href":"https:\/\/chi-statt-botox.com\/pl\/wp-json\/wp\/v2\/media?parent=2883"}],"wp:term":[{"taxonomy":"product_brand","embeddable":true,"href":"https:\/\/chi-statt-botox.com\/pl\/wp-json\/wp\/v2\/product_brand?post=2883"},{"taxonomy":"product_cat","embeddable":true,"href":"https:\/\/chi-statt-botox.com\/pl\/wp-json\/wp\/v2\/product_cat?post=2883"},{"taxonomy":"product_tag","embeddable":true,"href":"https:\/\/chi-statt-botox.com\/pl\/wp-json\/wp\/v2\/product_tag?post=2883"}],"curies":[{"name":"wp","href":"https:\/\/api.w.org\/{rel}","templated":true}]}}