{"id":3019,"date":"2020-03-04T11:51:43","date_gmt":"2020-03-04T10:51:43","guid":{"rendered":"https:\/\/chi-statt-botox.com\/?post_type=product&#038;p=3019"},"modified":"2026-04-16T05:34:48","modified_gmt":"2026-04-16T03:34:48","slug":"bella-bambi-mini-trio","status":"publish","type":"product","link":"https:\/\/chi-statt-botox.com\/pl\/produkt\/bella-bambi-mini-trio\/","title":{"rendered":"Bella Bambi Mini Trio"},"content":{"rendered":"<p><strong>Zestaw do ba\u0144ki<\/strong> - 3 kubki o r\u00f3\u017cnej intensywno\u015bci. Bardzo <strong>\u0141atwa obs\u0142uga<\/strong>s\u0105 delikatne dla palc\u00f3w (wymagaj\u0105 mniejszego nacisku). Sk\u0142adaj\u0105 si\u0119 z <strong>wysokiej jako\u015bci silikon<\/strong>\u00a0i znajduje si\u0119 w Gundelfingen w\u00a0<strong>Niemcy<\/strong>\u00a0wyprodukowany.<\/p>\n<p>&#8222;<strong>Wra\u017cliwy<\/strong>\" (\u017b\u00d3\u0141TY) jest idealny do masa\u017cu twarzy.<\/p>\n<p>&#8222;<strong>Regularny<\/strong>\" (ORANGE) jest nieco bardziej intensywny, dobrze nadaje si\u0119 do masa\u017cu czo\u0142a i szyi.<\/p>\n<p>&#8222;<strong>Intensywny<\/strong>\" (RED) nadaje si\u0119 do masowania szyi i innych cz\u0119\u015bci cia\u0142a.<\/p>\n<p>Masa\u017c ba\u0144kami, znany r\u00f3wnie\u017c jako ba\u0144ki, <strong>perfundowany<\/strong>\u00a0tkanka i\u00a0<strong>Rozpuszcza zrosty i napi\u0119cia<\/strong>. Je\u015bli tkanka jest napi\u0119ta, nie jest ju\u017c wystarczaj\u0105co ukrwiona, co cz\u0119sto prowadzi do niepotrzebnych zmarszczek.<\/p>\n<p>Regularny masa\u017c stymuluje tkank\u0119,\u00a0<strong>wi\u0119cej kolagenu i elastyny<\/strong>\u00a0do produkcji. The\u00a0<strong>Energia<\/strong>\u00a0jest stymulowana, a blokady s\u0105 uwalniane. Twarz wygl\u0105da \u015bwie\u017co, wypocz\u0119ta i pe\u0142na energii.<\/p>\n<p>\u015arednica 2 cm<\/p>\n<p><strong>Filmy instrukta\u017cowe<\/strong> (wystarczy klikn\u0105\u0107):<br \/>\n<strong><a href=\"https:\/\/www.youtube.com\/watch?v=Ib7eKgIB01c&amp;t=8s\" target=\"_blank\" rel=\"noopener noreferrer\">\"Zestaw podstawowy: kt\u00f3re cuppery, kt\u00f3re skrobaki?\"<\/a><br \/>\n<a href=\"https:\/\/www.youtube.com\/watch?v=rR0iW1ixBB4\" target=\"_blank\" rel=\"noopener\">\"4 podstawowe kroki, aby pozby\u0107 si\u0119 zmarszczek (niezb\u0119dne!)\"<\/a><br \/>\n<a href=\"https:\/\/www.youtube.com\/watch?v=isd0JRrrbwE\" target=\"_blank\" rel=\"noopener\">\"3 rewelacyjne wskaz\u00f3wki dla pulchnej sk\u00f3ry po 40 \/ 50 roku \u017cycia (tylko 2% o tym wie)\"<\/a><br \/>\n<a href=\"https:\/\/www.youtube.com\/watch?v=EgzVF8z9hHY&amp;t=3s\" target=\"_blank\" rel=\"noopener\">\"Pozb\u0105d\u017a si\u0119 CELLULITE - 100% skuteczniej dzi\u0119ki tej SEKRETNEJ WSKAZ\u00d3WCE\u2757\"<\/a><br \/>\n<\/strong><\/p>\n<p>Bamberger-Wellness GmbH \/ Industriestr. 25 \/ 89423 Gundelfingen \/ Niemcy \/ info@bellabambi.de<\/p>","protected":false},"excerpt":{"rendered":"<ul>\n<li>Kubki wykonane z wysokiej jako\u015bci silikonu<\/li>\n<li>3 kubki o 3 r\u00f3\u017cnych intensywno\u015bciach<\/li>\n<li>Uniesienie tkanki i rozlu\u017anienie zrost\u00f3w<\/li>\n<li>Wspomaga kr\u0105\u017cenie krwi<\/li>\n<li>Maj\u0105 dzia\u0142anie oczyszczaj\u0105ce a\u017c do g\u0142\u0119bszych warstw tkanki.<\/li>\n<li>Odpowiedni do twarzy, szyi i karku<\/li>\n<li>\u0141atwa obs\u0142uga<\/li>\n<li>Wyprodukowano w Niemczech<\/li>\n<\/ul>\n<p>&nbsp;<\/p>","protected":false},"featured_media":30150,"template":"","meta":{"_acf_changed":false,"_et_pb_use_builder":"","_et_pb_old_content":"","_et_gb_content_width":""},"product_brand":[],"product_cat":[176],"product_tag":[],"class_list":{"0":"post-3019","1":"product","2":"type-product","3":"status-publish","4":"has-post-thumbnail","6":"product_cat-face-yoga-massagen","8":"first","9":"instock","10":"taxable","11":"shipping-taxable","12":"purchasable","13":"product-type-simple"},"acf":[],"yoast_head":"<!-- This site is optimized with the Yoast SEO plugin v26.4 - https:\/\/yoast.com\/wordpress\/plugins\/seo\/ -->\n<title>Bella Bambi Mini Trio - Chi statt Botox<\/title>\n<meta name=\"robots\" content=\"index, follow, max-snippet:-1, max-image-preview:large, max-video-preview:-1\" \/>\n<link rel=\"canonical\" href=\"https:\/\/chi-statt-botox.com\/pl\/produkt\/bella-bambi-mini-trio\/\" \/>\n<meta property=\"og:locale\" content=\"pl_PL\" \/>\n<meta property=\"og:type\" content=\"article\" \/>\n<meta property=\"og:title\" content=\"Bella Bambi Mini Trio - Chi statt Botox\" \/>\n<meta property=\"og:description\" content=\"Cups aus hochwertigen Silikon  3 Cups mit 3 verschiedenen Intensit\u00e4ten  Heben das Gewebe an und l\u00f6sen Verklebungen  F\u00f6rdern die Durchblutung  Wirken reinigend bis in tiefere Schichten des Gewebes  Geeignet f\u00fcr Gesicht, Hals und Nacken  Einfach zu bedienen  In Deutschland hergestellt  &nbsp;\" \/>\n<meta property=\"og:url\" content=\"https:\/\/chi-statt-botox.com\/pl\/produkt\/bella-bambi-mini-trio\/\" \/>\n<meta property=\"og:site_name\" content=\"Chi statt Botox\" \/>\n<meta property=\"article:modified_time\" content=\"2026-04-16T03:34:48+00:00\" \/>\n<meta property=\"og:image\" content=\"https:\/\/chi-statt-botox.com\/wp-content\/uploads\/web_Bella-Bambi-Mini-Trio.jpg\" \/>\n\t<meta property=\"og:image:width\" content=\"1920\" \/>\n\t<meta property=\"og:image:height\" content=\"1920\" \/>\n\t<meta property=\"og:image:type\" content=\"image\/jpeg\" \/>\n<meta name=\"twitter:card\" content=\"summary_large_image\" \/>\n<meta name=\"twitter:label1\" content=\"Szacowany czas czytania\" \/>\n\t<meta name=\"twitter:data1\" content=\"2 minuty\" \/>\n<script type=\"application\/ld+json\" class=\"yoast-schema-graph\">{\"@context\":\"https:\/\/schema.org\",\"@graph\":[{\"@type\":\"WebPage\",\"@id\":\"https:\/\/chi-statt-botox.com\/produkt\/bella-bambi-mini-trio\/\",\"url\":\"https:\/\/chi-statt-botox.com\/produkt\/bella-bambi-mini-trio\/\",\"name\":\"Bella Bambi Mini Trio - Chi statt Botox\",\"isPartOf\":{\"@id\":\"https:\/\/chi-statt-botox.com\/#website\"},\"primaryImageOfPage\":{\"@id\":\"https:\/\/chi-statt-botox.com\/produkt\/bella-bambi-mini-trio\/#primaryimage\"},\"image\":{\"@id\":\"https:\/\/chi-statt-botox.com\/produkt\/bella-bambi-mini-trio\/#primaryimage\"},\"thumbnailUrl\":\"https:\/\/chi-statt-botox.com\/wp-content\/uploads\/web_Bella-Bambi-Mini-Trio.jpg\",\"datePublished\":\"2020-03-04T10:51:43+00:00\",\"dateModified\":\"2026-04-16T03:34:48+00:00\",\"breadcrumb\":{\"@id\":\"https:\/\/chi-statt-botox.com\/produkt\/bella-bambi-mini-trio\/#breadcrumb\"},\"inLanguage\":\"pl-PL\",\"potentialAction\":[{\"@type\":\"ReadAction\",\"target\":[\"https:\/\/chi-statt-botox.com\/produkt\/bella-bambi-mini-trio\/\"]}]},{\"@type\":\"ImageObject\",\"inLanguage\":\"pl-PL\",\"@id\":\"https:\/\/chi-statt-botox.com\/produkt\/bella-bambi-mini-trio\/#primaryimage\",\"url\":\"https:\/\/chi-statt-botox.com\/wp-content\/uploads\/web_Bella-Bambi-Mini-Trio.jpg\",\"contentUrl\":\"https:\/\/chi-statt-botox.com\/wp-content\/uploads\/web_Bella-Bambi-Mini-Trio.jpg\",\"width\":1920,\"height\":1920},{\"@type\":\"BreadcrumbList\",\"@id\":\"https:\/\/chi-statt-botox.com\/produkt\/bella-bambi-mini-trio\/#breadcrumb\",\"itemListElement\":[{\"@type\":\"ListItem\",\"position\":1,\"name\":\"Startseite\",\"item\":\"https:\/\/chi-statt-botox.com\/\"},{\"@type\":\"ListItem\",\"position\":2,\"name\":\"Produkte\",\"item\":\"https:\/\/chi-statt-botox.com\/shop\/\"},{\"@type\":\"ListItem\",\"position\":3,\"name\":\"Bella Bambi Mini Trio\"}]},{\"@type\":\"WebSite\",\"@id\":\"https:\/\/chi-statt-botox.com\/#website\",\"url\":\"https:\/\/chi-statt-botox.com\/\",\"name\":\"Chi statt Botox\",\"description\":\"Falten wegzaubern, Haut straffen\",\"potentialAction\":[{\"@type\":\"SearchAction\",\"target\":{\"@type\":\"EntryPoint\",\"urlTemplate\":\"https:\/\/chi-statt-botox.com\/?s={search_term_string}\"},\"query-input\":{\"@type\":\"PropertyValueSpecification\",\"valueRequired\":true,\"valueName\":\"search_term_string\"}}],\"inLanguage\":\"pl-PL\"}]}<\/script>\n<!-- \/ Yoast SEO plugin. -->","yoast_head_json":{"title":"Bella Bambi Mini Trio - Chi zamiast botoksu","robots":{"index":"index","follow":"follow","max-snippet":"max-snippet:-1","max-image-preview":"max-image-preview:large","max-video-preview":"max-video-preview:-1"},"canonical":"https:\/\/chi-statt-botox.com\/pl\/produkt\/bella-bambi-mini-trio\/","og_locale":"pl_PL","og_type":"article","og_title":"Bella Bambi Mini Trio - Chi statt Botox","og_description":"Cups aus hochwertigen Silikon  3 Cups mit 3 verschiedenen Intensit\u00e4ten  Heben das Gewebe an und l\u00f6sen Verklebungen  F\u00f6rdern die Durchblutung  Wirken reinigend bis in tiefere Schichten des Gewebes  Geeignet f\u00fcr Gesicht, Hals und Nacken  Einfach zu bedienen  In Deutschland hergestellt  &nbsp;","og_url":"https:\/\/chi-statt-botox.com\/pl\/produkt\/bella-bambi-mini-trio\/","og_site_name":"Chi statt Botox","article_modified_time":"2026-04-16T03:34:48+00:00","og_image":[{"width":1920,"height":1920,"url":"https:\/\/chi-statt-botox.com\/wp-content\/uploads\/web_Bella-Bambi-Mini-Trio.jpg","type":"image\/jpeg"}],"twitter_card":"summary_large_image","twitter_misc":{"Szacowany czas czytania":"2 minuty"},"schema":{"@context":"https:\/\/schema.org","@graph":[{"@type":"WebPage","@id":"https:\/\/chi-statt-botox.com\/produkt\/bella-bambi-mini-trio\/","url":"https:\/\/chi-statt-botox.com\/produkt\/bella-bambi-mini-trio\/","name":"Bella Bambi Mini Trio - Chi zamiast botoksu","isPartOf":{"@id":"https:\/\/chi-statt-botox.com\/#website"},"primaryImageOfPage":{"@id":"https:\/\/chi-statt-botox.com\/produkt\/bella-bambi-mini-trio\/#primaryimage"},"image":{"@id":"https:\/\/chi-statt-botox.com\/produkt\/bella-bambi-mini-trio\/#primaryimage"},"thumbnailUrl":"https:\/\/chi-statt-botox.com\/wp-content\/uploads\/web_Bella-Bambi-Mini-Trio.jpg","datePublished":"2020-03-04T10:51:43+00:00","dateModified":"2026-04-16T03:34:48+00:00","breadcrumb":{"@id":"https:\/\/chi-statt-botox.com\/produkt\/bella-bambi-mini-trio\/#breadcrumb"},"inLanguage":"pl-PL","potentialAction":[{"@type":"ReadAction","target":["https:\/\/chi-statt-botox.com\/produkt\/bella-bambi-mini-trio\/"]}]},{"@type":"ImageObject","inLanguage":"pl-PL","@id":"https:\/\/chi-statt-botox.com\/produkt\/bella-bambi-mini-trio\/#primaryimage","url":"https:\/\/chi-statt-botox.com\/wp-content\/uploads\/web_Bella-Bambi-Mini-Trio.jpg","contentUrl":"https:\/\/chi-statt-botox.com\/wp-content\/uploads\/web_Bella-Bambi-Mini-Trio.jpg","width":1920,"height":1920},{"@type":"BreadcrumbList","@id":"https:\/\/chi-statt-botox.com\/produkt\/bella-bambi-mini-trio\/#breadcrumb","itemListElement":[{"@type":"ListItem","position":1,"name":"Startseite","item":"https:\/\/chi-statt-botox.com\/"},{"@type":"ListItem","position":2,"name":"Produkte","item":"https:\/\/chi-statt-botox.com\/shop\/"},{"@type":"ListItem","position":3,"name":"Bella Bambi Mini Trio"}]},{"@type":"WebSite","@id":"https:\/\/chi-statt-botox.com\/#website","url":"https:\/\/chi-statt-botox.com\/","name":"Chi zamiast botoksu","description":"Usuwa zmarszczki, napina sk\u00f3r\u0119","potentialAction":[{"@type":"SearchAction","target":{"@type":"EntryPoint","urlTemplate":"https:\/\/chi-statt-botox.com\/?s={search_term_string}"},"query-input":{"@type":"PropertyValueSpecification","valueRequired":true,"valueName":"search_term_string"}}],"inLanguage":"pl-PL"}]}},"_links":{"self":[{"href":"https:\/\/chi-statt-botox.com\/pl\/wp-json\/wp\/v2\/product\/3019","targetHints":{"allow":["GET"]}}],"collection":[{"href":"https:\/\/chi-statt-botox.com\/pl\/wp-json\/wp\/v2\/product"}],"about":[{"href":"https:\/\/chi-statt-botox.com\/pl\/wp-json\/wp\/v2\/types\/product"}],"wp:featuredmedia":[{"embeddable":true,"href":"https:\/\/chi-statt-botox.com\/pl\/wp-json\/wp\/v2\/media\/30150"}],"wp:attachment":[{"href":"https:\/\/chi-statt-botox.com\/pl\/wp-json\/wp\/v2\/media?parent=3019"}],"wp:term":[{"taxonomy":"product_brand","embeddable":true,"href":"https:\/\/chi-statt-botox.com\/pl\/wp-json\/wp\/v2\/product_brand?post=3019"},{"taxonomy":"product_cat","embeddable":true,"href":"https:\/\/chi-statt-botox.com\/pl\/wp-json\/wp\/v2\/product_cat?post=3019"},{"taxonomy":"product_tag","embeddable":true,"href":"https:\/\/chi-statt-botox.com\/pl\/wp-json\/wp\/v2\/product_tag?post=3019"}],"curies":[{"name":"wp","href":"https:\/\/api.w.org\/{rel}","templated":true}]}}