{"id":3020,"date":"2020-03-04T11:50:58","date_gmt":"2020-03-04T10:50:58","guid":{"rendered":"https:\/\/chi-statt-botox.com\/?post_type=product&#038;p=3020"},"modified":"2026-04-13T20:15:22","modified_gmt":"2026-04-13T18:15:22","slug":"balla-bambi-mini-gelb-2cm","status":"publish","type":"product","link":"https:\/\/chi-statt-botox.com\/pl\/produkt\/balla-bambi-mini-gelb-2cm\/","title":{"rendered":"Bella Bambi Mini"},"content":{"rendered":"<p>Idealny kubek do nak\u0142adania na twarz - bardzo <strong>prosty<\/strong> do obs\u0142ugi i <strong>\u0142agodny<\/strong> dla palc\u00f3w (nie wymaga silnego nacisku) Sk\u0142ada si\u0119 z <strong>wysokiej jako\u015bci silikon<\/strong> i znajduje si\u0119 w Gundelfingen w <strong>Niemcy<\/strong> wyprodukowany. Masa\u017c ba\u0144kami, znany r\u00f3wnie\u017c jako ba\u0144ki, <strong>perfundowany<\/strong> tkanka i <strong>Rozpuszcza zrosty i napi\u0119cia<\/strong>. Je\u015bli tkanka jest napi\u0119ta, nie jest ju\u017c wystarczaj\u0105co ukrwiona, co cz\u0119sto prowadzi do niepotrzebnych zmarszczek.<\/p>\n<p>Regularny masa\u017c stymuluje tkank\u0119, <strong>wi\u0119cej kolagenu i elastyny<\/strong> do produkcji. The <strong>Energia<\/strong> jest stymulowana, a blokady s\u0105 uwalniane. Twarz wygl\u0105da \u015bwie\u017co, wypocz\u0119ta i pe\u0142na energii.<\/p>\n<p>\u015arednica <strong>2 cm<\/strong><\/p>\n<p><strong>Filmy instrukta\u017cowe<\/strong> (wystarczy klikn\u0105\u0107):<br \/>\n<strong><a href=\"https:\/\/www.youtube.com\/watch?v=Ib7eKgIB01c&amp;t=8s\" target=\"_blank\" rel=\"noopener noreferrer\">\"Zestaw podstawowy: kt\u00f3re cuppery, kt\u00f3re skrobaki?\"<\/a><br \/>\n<a href=\"https:\/\/www.youtube.com\/watch?v=rR0iW1ixBB4\" target=\"_blank\" rel=\"noopener\">\"4 podstawowe kroki, aby pozby\u0107 si\u0119 zmarszczek (niezb\u0119dne!)\"<\/a><br \/>\n<a href=\"https:\/\/www.youtube.com\/watch?v=isd0JRrrbwE\" target=\"_blank\" rel=\"noopener\">\"3 rewelacyjne wskaz\u00f3wki dla pulchnej sk\u00f3ry po 40 \/ 50 roku \u017cycia (tylko 2% o tym wie)\"<\/a><br \/>\n<a href=\"https:\/\/www.youtube.com\/watch?v=FbdqRj3TeMs\" target=\"_blank\" rel=\"noopener\">\"LIFTING na opadaj\u0105ce k\u0105ciki ust i linie marionetki \u2728 (efekt botoksu!)\"<\/a><br \/>\n<\/strong><\/p>\n<p>Bamberger-Wellness GmbH \/ Industriestr. 25 \/ 89423 Gundelfingen \/ Niemcy \/ info@bellabambi.de<\/p>","protected":false},"excerpt":{"rendered":"<ul>\n<li>Kubek wykonany z wysokiej jako\u015bci silikonu<\/li>\n<li>Podnosi tkank\u0119 i rozlu\u017ania zrosty<\/li>\n<li>Wspomaga kr\u0105\u017cenie krwi<\/li>\n<li>Ma dzia\u0142anie oczyszczaj\u0105ce a\u017c do g\u0142\u0119bszych warstw tkanki.<\/li>\n<li>Zapobiega powstawaniu zmarszczek<\/li>\n<li>\u0141atwa obs\u0142uga<\/li>\n<li>Wyprodukowano w Niemczech<\/li>\n<\/ul>\n<p>&nbsp;<\/p>","protected":false},"featured_media":30147,"template":"","meta":{"_acf_changed":false,"_et_pb_use_builder":"","_et_pb_old_content":"","_et_gb_content_width":""},"product_brand":[],"product_cat":[176],"product_tag":[],"class_list":{"0":"post-3020","1":"product","2":"type-product","3":"status-publish","4":"has-post-thumbnail","6":"product_cat-face-yoga-massagen","8":"first","9":"instock","10":"taxable","11":"shipping-taxable","12":"purchasable","13":"product-type-simple"},"acf":[],"yoast_head":"<!-- This site is optimized with the Yoast SEO plugin v26.4 - https:\/\/yoast.com\/wordpress\/plugins\/seo\/ -->\n<title>Bella Bambi Mini - Chi statt Botox<\/title>\n<meta name=\"robots\" content=\"index, follow, max-snippet:-1, max-image-preview:large, max-video-preview:-1\" \/>\n<link rel=\"canonical\" href=\"https:\/\/chi-statt-botox.com\/pl\/produkt\/balla-bambi-mini-gelb-2cm\/\" \/>\n<meta property=\"og:locale\" content=\"pl_PL\" \/>\n<meta property=\"og:type\" content=\"article\" \/>\n<meta property=\"og:title\" content=\"Bella Bambi Mini - Chi statt Botox\" \/>\n<meta property=\"og:description\" content=\"Cup aus hochwertigen Silikon  Hebt das Gewebe an und l\u00f6st Verklebungen  F\u00f6rdert die Durchblutung  Wirkt reinigend bis in tiefere Schichten des Gewebes  Beugt Falten vor  Einfach zu bedienen  In Deutschland hergestellt  &nbsp;\" \/>\n<meta property=\"og:url\" content=\"https:\/\/chi-statt-botox.com\/pl\/produkt\/balla-bambi-mini-gelb-2cm\/\" \/>\n<meta property=\"og:site_name\" content=\"Chi statt Botox\" \/>\n<meta property=\"article:modified_time\" content=\"2026-04-13T18:15:22+00:00\" \/>\n<meta property=\"og:image\" content=\"https:\/\/chi-statt-botox.com\/wp-content\/uploads\/web_Bella-Bambi-Mini_03.jpg\" \/>\n\t<meta property=\"og:image:width\" content=\"1920\" \/>\n\t<meta property=\"og:image:height\" content=\"1920\" \/>\n\t<meta property=\"og:image:type\" content=\"image\/jpeg\" \/>\n<meta name=\"twitter:card\" content=\"summary_large_image\" \/>\n<meta name=\"twitter:label1\" content=\"Szacowany czas czytania\" \/>\n\t<meta name=\"twitter:data1\" content=\"1 minuta\" \/>\n<script type=\"application\/ld+json\" class=\"yoast-schema-graph\">{\"@context\":\"https:\/\/schema.org\",\"@graph\":[{\"@type\":\"WebPage\",\"@id\":\"https:\/\/chi-statt-botox.com\/produkt\/balla-bambi-mini-gelb-2cm\/\",\"url\":\"https:\/\/chi-statt-botox.com\/produkt\/balla-bambi-mini-gelb-2cm\/\",\"name\":\"Bella Bambi Mini - Chi statt Botox\",\"isPartOf\":{\"@id\":\"https:\/\/chi-statt-botox.com\/#website\"},\"primaryImageOfPage\":{\"@id\":\"https:\/\/chi-statt-botox.com\/produkt\/balla-bambi-mini-gelb-2cm\/#primaryimage\"},\"image\":{\"@id\":\"https:\/\/chi-statt-botox.com\/produkt\/balla-bambi-mini-gelb-2cm\/#primaryimage\"},\"thumbnailUrl\":\"https:\/\/chi-statt-botox.com\/wp-content\/uploads\/web_Bella-Bambi-Mini_03.jpg\",\"datePublished\":\"2020-03-04T10:50:58+00:00\",\"dateModified\":\"2026-04-13T18:15:22+00:00\",\"breadcrumb\":{\"@id\":\"https:\/\/chi-statt-botox.com\/produkt\/balla-bambi-mini-gelb-2cm\/#breadcrumb\"},\"inLanguage\":\"pl-PL\",\"potentialAction\":[{\"@type\":\"ReadAction\",\"target\":[\"https:\/\/chi-statt-botox.com\/produkt\/balla-bambi-mini-gelb-2cm\/\"]}]},{\"@type\":\"ImageObject\",\"inLanguage\":\"pl-PL\",\"@id\":\"https:\/\/chi-statt-botox.com\/produkt\/balla-bambi-mini-gelb-2cm\/#primaryimage\",\"url\":\"https:\/\/chi-statt-botox.com\/wp-content\/uploads\/web_Bella-Bambi-Mini_03.jpg\",\"contentUrl\":\"https:\/\/chi-statt-botox.com\/wp-content\/uploads\/web_Bella-Bambi-Mini_03.jpg\",\"width\":1920,\"height\":1920},{\"@type\":\"BreadcrumbList\",\"@id\":\"https:\/\/chi-statt-botox.com\/produkt\/balla-bambi-mini-gelb-2cm\/#breadcrumb\",\"itemListElement\":[{\"@type\":\"ListItem\",\"position\":1,\"name\":\"Startseite\",\"item\":\"https:\/\/chi-statt-botox.com\/\"},{\"@type\":\"ListItem\",\"position\":2,\"name\":\"Produkte\",\"item\":\"https:\/\/chi-statt-botox.com\/shop\/\"},{\"@type\":\"ListItem\",\"position\":3,\"name\":\"Bella Bambi Mini\"}]},{\"@type\":\"WebSite\",\"@id\":\"https:\/\/chi-statt-botox.com\/#website\",\"url\":\"https:\/\/chi-statt-botox.com\/\",\"name\":\"Chi statt Botox\",\"description\":\"Falten wegzaubern, Haut straffen\",\"potentialAction\":[{\"@type\":\"SearchAction\",\"target\":{\"@type\":\"EntryPoint\",\"urlTemplate\":\"https:\/\/chi-statt-botox.com\/?s={search_term_string}\"},\"query-input\":{\"@type\":\"PropertyValueSpecification\",\"valueRequired\":true,\"valueName\":\"search_term_string\"}}],\"inLanguage\":\"pl-PL\"}]}<\/script>\n<!-- \/ Yoast SEO plugin. -->","yoast_head_json":{"title":"Bella Bambi Mini - Chi zamiast botoksu","robots":{"index":"index","follow":"follow","max-snippet":"max-snippet:-1","max-image-preview":"max-image-preview:large","max-video-preview":"max-video-preview:-1"},"canonical":"https:\/\/chi-statt-botox.com\/pl\/produkt\/balla-bambi-mini-gelb-2cm\/","og_locale":"pl_PL","og_type":"article","og_title":"Bella Bambi Mini - Chi statt Botox","og_description":"Cup aus hochwertigen Silikon  Hebt das Gewebe an und l\u00f6st Verklebungen  F\u00f6rdert die Durchblutung  Wirkt reinigend bis in tiefere Schichten des Gewebes  Beugt Falten vor  Einfach zu bedienen  In Deutschland hergestellt  &nbsp;","og_url":"https:\/\/chi-statt-botox.com\/pl\/produkt\/balla-bambi-mini-gelb-2cm\/","og_site_name":"Chi statt Botox","article_modified_time":"2026-04-13T18:15:22+00:00","og_image":[{"width":1920,"height":1920,"url":"https:\/\/chi-statt-botox.com\/wp-content\/uploads\/web_Bella-Bambi-Mini_03.jpg","type":"image\/jpeg"}],"twitter_card":"summary_large_image","twitter_misc":{"Szacowany czas czytania":"1 minuta"},"schema":{"@context":"https:\/\/schema.org","@graph":[{"@type":"WebPage","@id":"https:\/\/chi-statt-botox.com\/produkt\/balla-bambi-mini-gelb-2cm\/","url":"https:\/\/chi-statt-botox.com\/produkt\/balla-bambi-mini-gelb-2cm\/","name":"Bella Bambi Mini - Chi zamiast botoksu","isPartOf":{"@id":"https:\/\/chi-statt-botox.com\/#website"},"primaryImageOfPage":{"@id":"https:\/\/chi-statt-botox.com\/produkt\/balla-bambi-mini-gelb-2cm\/#primaryimage"},"image":{"@id":"https:\/\/chi-statt-botox.com\/produkt\/balla-bambi-mini-gelb-2cm\/#primaryimage"},"thumbnailUrl":"https:\/\/chi-statt-botox.com\/wp-content\/uploads\/web_Bella-Bambi-Mini_03.jpg","datePublished":"2020-03-04T10:50:58+00:00","dateModified":"2026-04-13T18:15:22+00:00","breadcrumb":{"@id":"https:\/\/chi-statt-botox.com\/produkt\/balla-bambi-mini-gelb-2cm\/#breadcrumb"},"inLanguage":"pl-PL","potentialAction":[{"@type":"ReadAction","target":["https:\/\/chi-statt-botox.com\/produkt\/balla-bambi-mini-gelb-2cm\/"]}]},{"@type":"ImageObject","inLanguage":"pl-PL","@id":"https:\/\/chi-statt-botox.com\/produkt\/balla-bambi-mini-gelb-2cm\/#primaryimage","url":"https:\/\/chi-statt-botox.com\/wp-content\/uploads\/web_Bella-Bambi-Mini_03.jpg","contentUrl":"https:\/\/chi-statt-botox.com\/wp-content\/uploads\/web_Bella-Bambi-Mini_03.jpg","width":1920,"height":1920},{"@type":"BreadcrumbList","@id":"https:\/\/chi-statt-botox.com\/produkt\/balla-bambi-mini-gelb-2cm\/#breadcrumb","itemListElement":[{"@type":"ListItem","position":1,"name":"Startseite","item":"https:\/\/chi-statt-botox.com\/"},{"@type":"ListItem","position":2,"name":"Produkte","item":"https:\/\/chi-statt-botox.com\/shop\/"},{"@type":"ListItem","position":3,"name":"Bella Bambi Mini"}]},{"@type":"WebSite","@id":"https:\/\/chi-statt-botox.com\/#website","url":"https:\/\/chi-statt-botox.com\/","name":"Chi zamiast botoksu","description":"Usuwa zmarszczki, napina sk\u00f3r\u0119","potentialAction":[{"@type":"SearchAction","target":{"@type":"EntryPoint","urlTemplate":"https:\/\/chi-statt-botox.com\/?s={search_term_string}"},"query-input":{"@type":"PropertyValueSpecification","valueRequired":true,"valueName":"search_term_string"}}],"inLanguage":"pl-PL"}]}},"_links":{"self":[{"href":"https:\/\/chi-statt-botox.com\/pl\/wp-json\/wp\/v2\/product\/3020","targetHints":{"allow":["GET"]}}],"collection":[{"href":"https:\/\/chi-statt-botox.com\/pl\/wp-json\/wp\/v2\/product"}],"about":[{"href":"https:\/\/chi-statt-botox.com\/pl\/wp-json\/wp\/v2\/types\/product"}],"wp:featuredmedia":[{"embeddable":true,"href":"https:\/\/chi-statt-botox.com\/pl\/wp-json\/wp\/v2\/media\/30147"}],"wp:attachment":[{"href":"https:\/\/chi-statt-botox.com\/pl\/wp-json\/wp\/v2\/media?parent=3020"}],"wp:term":[{"taxonomy":"product_brand","embeddable":true,"href":"https:\/\/chi-statt-botox.com\/pl\/wp-json\/wp\/v2\/product_brand?post=3020"},{"taxonomy":"product_cat","embeddable":true,"href":"https:\/\/chi-statt-botox.com\/pl\/wp-json\/wp\/v2\/product_cat?post=3020"},{"taxonomy":"product_tag","embeddable":true,"href":"https:\/\/chi-statt-botox.com\/pl\/wp-json\/wp\/v2\/product_tag?post=3020"}],"curies":[{"name":"wp","href":"https:\/\/api.w.org\/{rel}","templated":true}]}}