{"id":31147,"date":"2024-01-19T10:16:02","date_gmt":"2024-01-19T09:16:02","guid":{"rendered":"https:\/\/chi-statt-botox.com\/?post_type=product&#038;p=31147"},"modified":"2026-04-15T16:43:10","modified_gmt":"2026-04-15T14:43:10","slug":"tj-motion-fuer-entspannten-kiefer","status":"publish","type":"product","link":"https:\/\/chi-statt-botox.com\/pl\/produkt\/tj-motion-fuer-entspannten-kiefer\/","title":{"rendered":"TJ-Motion Intense (sosna)"},"content":{"rendered":"<p>TJ-Motion jest idealnym wsparciem dla:<\/p>\n<ul>\n<li>Napi\u0119cie szcz\u0119ki i twarzy<\/li>\n<li>B\u00f3l ramion, szyi i plec\u00f3w<\/li>\n<li>Zgrzytanie z\u0119bami<\/li>\n<li>Prasy do sosny<\/li>\n<li>Szumy uszne<\/li>\n<li>B\u00f3l g\u0142owy<\/li>\n<\/ul>\n<p>Napi\u0119cie <strong>Sosna<\/strong> mo\u017ce stanowi\u0107 podstaw\u0119 dla <strong>Powstawanie i pog\u0142\u0119bianie si\u0119 zmarszczek mimicznych, fa\u0142d\u00f3w nosowo-wargowych, linii marionetki, obwis\u0142ych policzk\u00f3w, zmarszczek wok\u00f3\u0142 oczu i ust. <\/strong>forma. Mi\u0119sie\u0144 \u017cuchwy jest bardzo du\u017cy i zwykle napi\u0119ty, poniewa\u017c reaguje wra\u017cliwie na stres. Wiele os\u00f3b ma trudno\u015bci z jego rozlu\u017anieniem.<\/p>\n<p>Wysoko\u015b\u0107 zgryzu 9 mm.<\/p>\n<p>TJ Motion to \"<strong>Rolki powi\u0119zi dla szcz\u0119ki<\/strong>\". Poprzez delikatne rozci\u0105ganie mi\u0119\u015bni szcz\u0119ki i stawu skroniowo-\u017cuchwowego, urz\u0105dzenie <strong>Nerw b\u0142\u0119dny<\/strong> aktywowany. To nie tylko rozlu\u017ania napi\u0119cie w szcz\u0119ce. Dzi\u0119ki zastosowaniu TJ-Motion <strong>Mi\u0119\u015bnie podtrzymuj\u0105ce<\/strong> impuls neurofizjologiczny, kt\u00f3ry prowadzi do uwolnienia istniej\u0105cego napi\u0119cia. Poniewa\u017c szcz\u0119ka jest po\u0142\u0105czona z g\u00f3rn\u0105 cz\u0119\u015bci\u0105 cia\u0142a poprzez mi\u0119\u015bnie szyi a\u017c do st\u00f3p, rozci\u0105ganie torebki stawu skroniowo-\u017cuchwowego stymuluje nerw b\u0142\u0119dny. To z kolei mo\u017ce prowadzi\u0107 do<strong> Ci\u0105g\u0142e rozlu\u017anienie ca\u0142ej muskulatury posturalnej<\/strong> o\u0142owiu. Szereg napi\u0119\u0107 w ca\u0142ym ciele mo\u017ce zosta\u0107 uwolnionych <strong>Mi\u0119\u015bnie ramion, szyi i plec\u00f3w<\/strong>. U\u017cywanie TJ Motion ma r\u00f3wnie\u017c sens w przypadku b\u00f3lu szyi, plec\u00f3w i napi\u0119cia.<\/p>\n<p>Rozlu\u017anione mi\u0119\u015bnie szcz\u0119ki sprzyjaj\u0105 skuteczno\u015bci \u0107wicze\u0144 i zabieg\u00f3w terapeutycznych.<\/p>\n<p><strong>Zastosowanie<\/strong><\/p>\n<div><strong>(Wraz z produktem otrzymasz jasne instrukcje)<\/strong><\/div>\n<div>\n<p>Urz\u0105dzenie TJ-Motion umieszcza si\u0119 na tylnych z\u0119bach trzonowych \u017cuchwy. Nast\u0119pnie zamknij usta z rozlu\u017anionymi wargami i uwa\u017caj, aby nie ugry\u017a\u0107 TJ-Motion. Powiniene\u015b pozosta\u0107 w tej pozycji w ustach przez 3 minuty. <strong>Mo\u017cna to zrobi\u0107 niemal wsz\u0119dzie<\/strong> - podczas uprawiania sportu, pracy, jogi, czytania lub prowadzenia samochodu. Efekt mo\u017cna znacznie poprawi\u0107, wykonuj\u0105c w tym czasie delikatne ruchy. (Lekkie ruchy lub \u0107wiczenia rozci\u0105gaj\u0105ce w napi\u0119tym obszarze).<\/p>\n<p>Po u\u017cyciu TJ-Motion nale\u017cy dok\u0142adnie przep\u0142uka\u0107 wod\u0105, a nast\u0119pnie umie\u015bci\u0107 w suchym miejscu w pude\u0142ku do przechowywania.<\/p>\n<\/div>\n<div>\n<p>Stosowa\u0107 2-3 razy dziennie po 3 minuty za ka\u017cdym razem.<\/p>\n<p><strong>Zawarto\u015b\u0107<\/strong>2 sztuki TJ-Motion<\/p>\n<p>- Bezwonny i bez smaku<\/p>\n<\/div>\n<div>- Silikon medyczny (\"materia\u0142 smoczka\")<\/div>\n<div>- Nie zawiera lateksu<\/div>\n<div>- Stabilno\u015b\u0107 wymiarowa<\/div>\n<div>\n<p>- 100 % BPA-free+<\/p>\n<p>Zam\u00f3w TJ-Motion ju\u017c teraz - rozwi\u0105zanie dla Twojego napi\u0119cia, zanim zostan\u0105 wyprzedane!<\/p>\n<p><strong>Aplikacja wideo<\/strong> (wystarczy klikn\u0105\u0107):<br \/>\n<a href=\"https:\/\/www.youtube.com\/watch?v=3aKDJgNF_Mw&amp;t=582s\" target=\"_blank\" rel=\"noopener\"><strong>\"Te 5 \u0107wicze\u0144 mo\u017cesz wykonywa\u0107 ZA KA\u017bDYM RAZEM \ud83e\udd29 (bez u\u017cycia r\u0105k)\"<\/strong><\/a><br \/>\n<a href=\"https:\/\/www.youtube.com\/watch?v=DAcwM7zzde8&amp;t=11s\" target=\"_blank\" rel=\"noopener\"><strong>\"TO \u0107wiczenie napina CA\u0141\u0104 twarz \ud83c\udf1f Joga twarzy w najlepszym wydaniu!\"<\/strong><\/a><\/p>\n<p><strong>Blog o TJ Motion: <a href=\"https:\/\/chi-statt-botox.com\/pl\/tj-motion-die-faszienrollen-fuers-gesicht\/\" target=\"_blank\" rel=\"noopener\">-&gt; KLICK<\/a><\/strong><\/p>\n<p>Wyprodukowano w Niemczech przez: <a href=\"https:\/\/tj-motion.de\/\" target=\"_blank\" rel=\"noopener\">https:\/\/tj-motion.de\/<\/a><\/p>\n<p>TJ-Motion GmbH \/ Am M\u00fchlberg 30 \/ 91085 Weisendorf \/ Niemcy \/ info@tj-motion.de<\/p>\n<\/div>","protected":false},"excerpt":{"rendered":"<ul>\n<li>Wi\u0119ksze rozlu\u017anienie szcz\u0119ki<\/li>\n<li>Wi\u0119cej relaksu na twarzy<\/li>\n<li>Mo\u017ce zapobiega\u0107 niepotrzebnemu pog\u0142\u0119bianiu si\u0119 zmarszczek<\/li>\n<li>Relaks dla ca\u0142ej muskulatury posturalnej<\/li>\n<li>Wysoko\u015b\u0107 zgryzu 9 mm<\/li>\n<\/ul>","protected":false},"featured_media":31149,"template":"","meta":{"_acf_changed":false,"_et_pb_use_builder":"","_et_pb_old_content":"","_et_gb_content_width":""},"product_brand":[],"product_cat":[176],"product_tag":[],"class_list":{"0":"post-31147","1":"product","2":"type-product","3":"status-publish","4":"has-post-thumbnail","6":"product_cat-face-yoga-massagen","8":"first","9":"instock","10":"taxable","11":"shipping-taxable","12":"purchasable","13":"product-type-simple"},"acf":[],"yoast_head":"<!-- This site is optimized with the Yoast SEO plugin v26.4 - https:\/\/yoast.com\/wordpress\/plugins\/seo\/ -->\n<title>TJ-Motion Intense (Kiefer) - Chi statt Botox<\/title>\n<meta name=\"robots\" content=\"index, follow, max-snippet:-1, max-image-preview:large, max-video-preview:-1\" \/>\n<link rel=\"canonical\" href=\"https:\/\/chi-statt-botox.com\/pl\/produkt\/tj-motion-fuer-entspannten-kiefer\/\" \/>\n<meta property=\"og:locale\" content=\"pl_PL\" \/>\n<meta property=\"og:type\" content=\"article\" \/>\n<meta property=\"og:title\" content=\"TJ-Motion Intense (Kiefer) - Chi statt Botox\" \/>\n<meta property=\"og:description\" content=\"Mehr Entspannung im Kiefer  Mehr Entspannung im Gesicht  Kann unn\u00f6tige Faltenvertiefung verhindern  Entspannend f\u00fcr die gesamte Haltemuskulatur  Bissh\u00f6he 9 mm\" \/>\n<meta property=\"og:url\" content=\"https:\/\/chi-statt-botox.com\/pl\/produkt\/tj-motion-fuer-entspannten-kiefer\/\" \/>\n<meta property=\"og:site_name\" content=\"Chi statt Botox\" \/>\n<meta property=\"article:modified_time\" content=\"2026-04-15T14:43:10+00:00\" \/>\n<meta property=\"og:image\" content=\"https:\/\/chi-statt-botox.com\/wp-content\/uploads\/1-1.jpg\" \/>\n\t<meta property=\"og:image:width\" content=\"1500\" \/>\n\t<meta property=\"og:image:height\" content=\"1118\" \/>\n\t<meta property=\"og:image:type\" content=\"image\/jpeg\" \/>\n<meta name=\"twitter:card\" content=\"summary_large_image\" \/>\n<meta name=\"twitter:label1\" content=\"Szacowany czas czytania\" \/>\n\t<meta name=\"twitter:data1\" content=\"3 minuty\" \/>\n<script type=\"application\/ld+json\" class=\"yoast-schema-graph\">{\"@context\":\"https:\/\/schema.org\",\"@graph\":[{\"@type\":\"WebPage\",\"@id\":\"https:\/\/chi-statt-botox.com\/produkt\/tj-motion-fuer-entspannten-kiefer\/\",\"url\":\"https:\/\/chi-statt-botox.com\/produkt\/tj-motion-fuer-entspannten-kiefer\/\",\"name\":\"TJ-Motion Intense (Kiefer) - Chi statt Botox\",\"isPartOf\":{\"@id\":\"https:\/\/chi-statt-botox.com\/#website\"},\"primaryImageOfPage\":{\"@id\":\"https:\/\/chi-statt-botox.com\/produkt\/tj-motion-fuer-entspannten-kiefer\/#primaryimage\"},\"image\":{\"@id\":\"https:\/\/chi-statt-botox.com\/produkt\/tj-motion-fuer-entspannten-kiefer\/#primaryimage\"},\"thumbnailUrl\":\"https:\/\/chi-statt-botox.com\/wp-content\/uploads\/1-1.jpg\",\"datePublished\":\"2024-01-19T09:16:02+00:00\",\"dateModified\":\"2026-04-15T14:43:10+00:00\",\"breadcrumb\":{\"@id\":\"https:\/\/chi-statt-botox.com\/produkt\/tj-motion-fuer-entspannten-kiefer\/#breadcrumb\"},\"inLanguage\":\"pl-PL\",\"potentialAction\":[{\"@type\":\"ReadAction\",\"target\":[\"https:\/\/chi-statt-botox.com\/produkt\/tj-motion-fuer-entspannten-kiefer\/\"]}]},{\"@type\":\"ImageObject\",\"inLanguage\":\"pl-PL\",\"@id\":\"https:\/\/chi-statt-botox.com\/produkt\/tj-motion-fuer-entspannten-kiefer\/#primaryimage\",\"url\":\"https:\/\/chi-statt-botox.com\/wp-content\/uploads\/1-1.jpg\",\"contentUrl\":\"https:\/\/chi-statt-botox.com\/wp-content\/uploads\/1-1.jpg\",\"width\":1500,\"height\":1118},{\"@type\":\"BreadcrumbList\",\"@id\":\"https:\/\/chi-statt-botox.com\/produkt\/tj-motion-fuer-entspannten-kiefer\/#breadcrumb\",\"itemListElement\":[{\"@type\":\"ListItem\",\"position\":1,\"name\":\"Startseite\",\"item\":\"https:\/\/chi-statt-botox.com\/\"},{\"@type\":\"ListItem\",\"position\":2,\"name\":\"Produkte\",\"item\":\"https:\/\/chi-statt-botox.com\/shop\/\"},{\"@type\":\"ListItem\",\"position\":3,\"name\":\"TJ-Motion Intense (Kiefer)\"}]},{\"@type\":\"WebSite\",\"@id\":\"https:\/\/chi-statt-botox.com\/#website\",\"url\":\"https:\/\/chi-statt-botox.com\/\",\"name\":\"Chi statt Botox\",\"description\":\"Falten wegzaubern, Haut straffen\",\"potentialAction\":[{\"@type\":\"SearchAction\",\"target\":{\"@type\":\"EntryPoint\",\"urlTemplate\":\"https:\/\/chi-statt-botox.com\/?s={search_term_string}\"},\"query-input\":{\"@type\":\"PropertyValueSpecification\",\"valueRequired\":true,\"valueName\":\"search_term_string\"}}],\"inLanguage\":\"pl-PL\"}]}<\/script>\n<!-- \/ Yoast SEO plugin. -->","yoast_head_json":{"title":"TJ-Motion Intense (Kiefer) - Chi statt Botox","robots":{"index":"index","follow":"follow","max-snippet":"max-snippet:-1","max-image-preview":"max-image-preview:large","max-video-preview":"max-video-preview:-1"},"canonical":"https:\/\/chi-statt-botox.com\/pl\/produkt\/tj-motion-fuer-entspannten-kiefer\/","og_locale":"pl_PL","og_type":"article","og_title":"TJ-Motion Intense (Kiefer) - Chi statt Botox","og_description":"Mehr Entspannung im Kiefer  Mehr Entspannung im Gesicht  Kann unn\u00f6tige Faltenvertiefung verhindern  Entspannend f\u00fcr die gesamte Haltemuskulatur  Bissh\u00f6he 9 mm","og_url":"https:\/\/chi-statt-botox.com\/pl\/produkt\/tj-motion-fuer-entspannten-kiefer\/","og_site_name":"Chi statt Botox","article_modified_time":"2026-04-15T14:43:10+00:00","og_image":[{"width":1500,"height":1118,"url":"https:\/\/chi-statt-botox.com\/wp-content\/uploads\/1-1.jpg","type":"image\/jpeg"}],"twitter_card":"summary_large_image","twitter_misc":{"Szacowany czas czytania":"3 minuty"},"schema":{"@context":"https:\/\/schema.org","@graph":[{"@type":"WebPage","@id":"https:\/\/chi-statt-botox.com\/produkt\/tj-motion-fuer-entspannten-kiefer\/","url":"https:\/\/chi-statt-botox.com\/produkt\/tj-motion-fuer-entspannten-kiefer\/","name":"TJ-Motion Intense (Kiefer) - Chi statt Botox","isPartOf":{"@id":"https:\/\/chi-statt-botox.com\/#website"},"primaryImageOfPage":{"@id":"https:\/\/chi-statt-botox.com\/produkt\/tj-motion-fuer-entspannten-kiefer\/#primaryimage"},"image":{"@id":"https:\/\/chi-statt-botox.com\/produkt\/tj-motion-fuer-entspannten-kiefer\/#primaryimage"},"thumbnailUrl":"https:\/\/chi-statt-botox.com\/wp-content\/uploads\/1-1.jpg","datePublished":"2024-01-19T09:16:02+00:00","dateModified":"2026-04-15T14:43:10+00:00","breadcrumb":{"@id":"https:\/\/chi-statt-botox.com\/produkt\/tj-motion-fuer-entspannten-kiefer\/#breadcrumb"},"inLanguage":"pl-PL","potentialAction":[{"@type":"ReadAction","target":["https:\/\/chi-statt-botox.com\/produkt\/tj-motion-fuer-entspannten-kiefer\/"]}]},{"@type":"ImageObject","inLanguage":"pl-PL","@id":"https:\/\/chi-statt-botox.com\/produkt\/tj-motion-fuer-entspannten-kiefer\/#primaryimage","url":"https:\/\/chi-statt-botox.com\/wp-content\/uploads\/1-1.jpg","contentUrl":"https:\/\/chi-statt-botox.com\/wp-content\/uploads\/1-1.jpg","width":1500,"height":1118},{"@type":"BreadcrumbList","@id":"https:\/\/chi-statt-botox.com\/produkt\/tj-motion-fuer-entspannten-kiefer\/#breadcrumb","itemListElement":[{"@type":"ListItem","position":1,"name":"Startseite","item":"https:\/\/chi-statt-botox.com\/"},{"@type":"ListItem","position":2,"name":"Produkte","item":"https:\/\/chi-statt-botox.com\/shop\/"},{"@type":"ListItem","position":3,"name":"TJ-Motion Intense (Kiefer)"}]},{"@type":"WebSite","@id":"https:\/\/chi-statt-botox.com\/#website","url":"https:\/\/chi-statt-botox.com\/","name":"Chi zamiast botoksu","description":"Usuwa zmarszczki, napina sk\u00f3r\u0119","potentialAction":[{"@type":"SearchAction","target":{"@type":"EntryPoint","urlTemplate":"https:\/\/chi-statt-botox.com\/?s={search_term_string}"},"query-input":{"@type":"PropertyValueSpecification","valueRequired":true,"valueName":"search_term_string"}}],"inLanguage":"pl-PL"}]}},"_links":{"self":[{"href":"https:\/\/chi-statt-botox.com\/pl\/wp-json\/wp\/v2\/product\/31147","targetHints":{"allow":["GET"]}}],"collection":[{"href":"https:\/\/chi-statt-botox.com\/pl\/wp-json\/wp\/v2\/product"}],"about":[{"href":"https:\/\/chi-statt-botox.com\/pl\/wp-json\/wp\/v2\/types\/product"}],"wp:featuredmedia":[{"embeddable":true,"href":"https:\/\/chi-statt-botox.com\/pl\/wp-json\/wp\/v2\/media\/31149"}],"wp:attachment":[{"href":"https:\/\/chi-statt-botox.com\/pl\/wp-json\/wp\/v2\/media?parent=31147"}],"wp:term":[{"taxonomy":"product_brand","embeddable":true,"href":"https:\/\/chi-statt-botox.com\/pl\/wp-json\/wp\/v2\/product_brand?post=31147"},{"taxonomy":"product_cat","embeddable":true,"href":"https:\/\/chi-statt-botox.com\/pl\/wp-json\/wp\/v2\/product_cat?post=31147"},{"taxonomy":"product_tag","embeddable":true,"href":"https:\/\/chi-statt-botox.com\/pl\/wp-json\/wp\/v2\/product_tag?post=31147"}],"curies":[{"name":"wp","href":"https:\/\/api.w.org\/{rel}","templated":true}]}}