{"id":31154,"date":"2024-01-19T11:43:00","date_gmt":"2024-01-19T10:43:00","guid":{"rendered":"https:\/\/chi-statt-botox.com\/?post_type=product&#038;p=31154"},"modified":"2026-04-14T15:07:42","modified_gmt":"2026-04-14T13:07:42","slug":"tremella-der-schoenheitspilz","status":"publish","type":"product","link":"https:\/\/chi-statt-botox.com\/pl\/produkt\/tremella-der-schoenheitspilz\/","title":{"rendered":"Organiczny grzyb Tremella \"Beauty Mushroom\" 60 Stk"},"content":{"rendered":"<p>The <strong>Wilgotno\u015b\u0107<\/strong> oraz <strong>Elastyczno\u015b\u0107<\/strong> sk\u00f3ry - to szczeg\u00f3lny talent tego grzyba leczniczego. Nie bez powodu zawarty w nim kwas glukuronowy znany jest r\u00f3wnie\u017c jako \"<strong>Kwas hialuronowy Tremella<\/strong>\". Ten unikalny sk\u0142adnik aktywny mo\u017ce zwi\u0119ksza\u0107 elastyczno\u015b\u0107 i zdolno\u015b\u0107 nawil\u017cania sk\u00f3ry oraz redukowa\u0107 zmarszczki. Poniewa\u017c cz\u0105steczki nawil\u017caj\u0105ce Tremelli s\u0105 mniejsze ni\u017c cz\u0105steczki kwasu hialuronowego, cz\u0119sto spekuluje si\u0119, \u017ce mo\u017ce on by\u0107 nawet bardziej skuteczny ni\u017c kwas hialuronowy.<\/p>\n<p>Srebrne ucho (Tremella fuciformis) by\u0142o u\u017cywane w Chinach od wiek\u00f3w w celach zdrowotnych, ale przede wszystkim w celach kosmetycznych. M\u00f3wi si\u0119, \u017ce grzyb ten ma dzia\u0142anie obni\u017caj\u0105ce poziom cukru i cholesterolu we krwi, przeciwzapalne i przeciwnowotworowe i jest stosowany w leczeniu przezi\u0119bienia, gor\u0105czki, biegunki, b\u00f3l\u00f3w g\u0142owy, wysypek sk\u00f3rnych i wielu innych. W Chinach i Japonii zawsze by\u0142 uwa\u017cany za <strong>\"sekret pi\u0119kna<\/strong>.<\/p>\n<p>Kwas glukuronowy jest magazynowany w sk\u00f3rze i poprawia jej pojemno\u015b\u0107, <strong>j\u0119drny, elastyczny i wilgotny<\/strong> zachowa\u0107 zdrowie. Dzia\u0142anie przeciwutleniaj\u0105ce i przeciwzapalne ma dzia\u0142anie ochronne i lecznicze.<\/p>\n<p><strong>Tremella od\u017cywia yin<\/strong>. Yin jest biegunem przeciwnym do yang. Im jeste\u015bmy starsi, tym s\u0142absze staje si\u0119 yin i tym bardziej dominuje yang - ta dynamika powoduje na przyk\u0142ad uderzenia gor\u0105ca i sucho\u015b\u0107 sk\u00f3ry. Dlatego te\u017c <strong>Wa\u017cne<\/strong>dobrze dba\u0107 o yin. Deficyt yin wp\u0142ywa na przyk\u0142ad na b\u0142ony \u015bluzowe. Tremella jest zatem przeznaczona nie tylko do leczenia sk\u00f3ry <strong>nawil\u017ca\u0107<\/strong>ale tak\u017ce pomagaj\u0105 przy suchych b\u0142onach \u015bluzowych.<\/p>\n<p>Mo\u017cna go r\u00f3wnie\u017c nazwa\u0107 <strong>Maska na twarz<\/strong> Spos\u00f3b u\u017cycia. Aby to zrobi\u0107, umie\u015b\u0107 zawarto\u015b\u0107 jednej kapsu\u0142ki w ma\u0142ej misce i wymieszaj z niewielk\u0105 ilo\u015bci\u0105 wody. Dodaj odrobin\u0119 oleju i pozostaw na chwil\u0119 do sp\u0119cznienia. Osobiste zalecenie Christiny: Lubi\u0119 u\u017cywa\u0107 go w czystej postaci i bez oleju. Wystarczy pozostawi\u0107 Tremell\u0119 i wod\u0119 na kilka godzin, a nast\u0119pnie na\u0142o\u017cy\u0107 na oczyszczon\u0105 twarz za pomoc\u0105 p\u0119dzla. Po wyschni\u0119ciu na\u0142\u00f3\u017c kolejn\u0105 warstw\u0119.<\/p>\n<p><strong>Zawarto\u015b\u0107<\/strong><\/p>\n<p>60 kapsu\u0142ek po 350 mg ekstraktu z grzyb\u00f3w<\/p>\n<p><strong>Sk\u0142ad<\/strong>:<br \/>\n75,3 % (350 mg) organiczny ekstrakt z grzyb\u00f3w Tremella*,<br \/>\n4,3 % (20 mg) organiczny ekstrakt z aceroli*<br \/>\n20,4 % (95 mg) hydroksypropylometyloceluloza (\u015brodek powlekaj\u0105cy lub otoczka kapsu\u0142ki ro\u015blinnej)<br \/>\n<strong>* z kontrolowanych upraw ekologicznych<\/strong><\/p>\n<p>Aby zapewni\u0107 bezpieczn\u0105 jako\u015b\u0107 organiczn\u0105, grzyby Tremella s\u0105 regularnie sprawdzane przez uznane przez pa\u0144stwo i niezale\u017cne unijne jednostki certyfikuj\u0105ce pod k\u0105tem zgodno\u015bci ze wszystkimi wytycznymi.<\/p>\n<p><strong>Zalecane spo\u017cycie<\/strong><\/p>\n<p>2x dziennie 1 kapsu\u0142ka z jedzeniem<\/p>\n<p>Nie nale\u017cy przekracza\u0107 zalecanej dawki. Suplementy diety nie zast\u0119puj\u0105 zbilansowanej diety.<\/p>\n<p>Grzyby Wohlrab \/ BioFungi GmbH \/ Gottlieb-Daimler-Str. 8 \/ 86462 Langweid \/ Niemcy \/ info@biofungi.com<\/p>","protected":false},"excerpt":{"rendered":"<ul>\n<li>Nawil\u017canie<\/li>\n<li>Podobny do kwasu hialuronowego<\/li>\n<li>Dla sk\u00f3ry i b\u0142on \u015bluzowych<\/li>\n<li>Od\u017cywia yin<\/li>\n<li>Nadaje si\u0119 r\u00f3wnie\u017c jako maska na twarz<\/li>\n<\/ul>","protected":false},"featured_media":31157,"template":"","meta":{"_acf_changed":false,"_et_pb_use_builder":"","_et_pb_old_content":"","_et_gb_content_width":""},"product_brand":[],"product_cat":[175],"product_tag":[],"class_list":{"0":"post-31154","1":"product","2":"type-product","3":"status-publish","4":"has-post-thumbnail","6":"product_cat-anti-aging-nems","8":"first","9":"instock","10":"taxable","11":"shipping-taxable","12":"purchasable","13":"product-type-simple"},"acf":[],"yoast_head":"<!-- This site is optimized with the Yoast SEO plugin v26.4 - https:\/\/yoast.com\/wordpress\/plugins\/seo\/ -->\n<title>Bio Tremella &quot;Sch\u00f6nheitspilz&quot; 60 Stk - Chi statt Botox<\/title>\n<meta name=\"robots\" content=\"index, follow, max-snippet:-1, max-image-preview:large, max-video-preview:-1\" \/>\n<link rel=\"canonical\" href=\"https:\/\/chi-statt-botox.com\/pl\/produkt\/tremella-der-schoenheitspilz\/\" \/>\n<meta property=\"og:locale\" content=\"pl_PL\" \/>\n<meta property=\"og:type\" content=\"article\" \/>\n<meta property=\"og:title\" content=\"Bio Tremella &quot;Sch\u00f6nheitspilz&quot; 60 Stk - Chi statt Botox\" \/>\n<meta property=\"og:description\" content=\"Feuchtigkeitsspendend  \u00c4hnlich der Hyalurons\u00e4ure  F\u00fcr Haut und Schleimh\u00e4ute  N\u00e4hrt das Yin  Auch als Gesichtsmaske geeignet\" \/>\n<meta property=\"og:url\" content=\"https:\/\/chi-statt-botox.com\/pl\/produkt\/tremella-der-schoenheitspilz\/\" \/>\n<meta property=\"og:site_name\" content=\"Chi statt Botox\" \/>\n<meta property=\"article:modified_time\" content=\"2026-04-14T13:07:42+00:00\" \/>\n<meta property=\"og:image\" content=\"https:\/\/chi-statt-botox.com\/wp-content\/uploads\/Unbenannt-1-2.jpg\" \/>\n\t<meta property=\"og:image:width\" content=\"580\" \/>\n\t<meta property=\"og:image:height\" content=\"580\" \/>\n\t<meta property=\"og:image:type\" content=\"image\/jpeg\" \/>\n<meta name=\"twitter:card\" content=\"summary_large_image\" \/>\n<meta name=\"twitter:label1\" content=\"Szacowany czas czytania\" \/>\n\t<meta name=\"twitter:data1\" content=\"3 minuty\" \/>\n<script type=\"application\/ld+json\" class=\"yoast-schema-graph\">{\"@context\":\"https:\/\/schema.org\",\"@graph\":[{\"@type\":\"WebPage\",\"@id\":\"https:\/\/chi-statt-botox.com\/produkt\/tremella-der-schoenheitspilz\/\",\"url\":\"https:\/\/chi-statt-botox.com\/produkt\/tremella-der-schoenheitspilz\/\",\"name\":\"Bio Tremella \\\"Sch\u00f6nheitspilz\\\" 60 Stk - Chi statt Botox\",\"isPartOf\":{\"@id\":\"https:\/\/chi-statt-botox.com\/#website\"},\"primaryImageOfPage\":{\"@id\":\"https:\/\/chi-statt-botox.com\/produkt\/tremella-der-schoenheitspilz\/#primaryimage\"},\"image\":{\"@id\":\"https:\/\/chi-statt-botox.com\/produkt\/tremella-der-schoenheitspilz\/#primaryimage\"},\"thumbnailUrl\":\"https:\/\/chi-statt-botox.com\/wp-content\/uploads\/Unbenannt-1-2.jpg\",\"datePublished\":\"2024-01-19T10:43:00+00:00\",\"dateModified\":\"2026-04-14T13:07:42+00:00\",\"breadcrumb\":{\"@id\":\"https:\/\/chi-statt-botox.com\/produkt\/tremella-der-schoenheitspilz\/#breadcrumb\"},\"inLanguage\":\"pl-PL\",\"potentialAction\":[{\"@type\":\"ReadAction\",\"target\":[\"https:\/\/chi-statt-botox.com\/produkt\/tremella-der-schoenheitspilz\/\"]}]},{\"@type\":\"ImageObject\",\"inLanguage\":\"pl-PL\",\"@id\":\"https:\/\/chi-statt-botox.com\/produkt\/tremella-der-schoenheitspilz\/#primaryimage\",\"url\":\"https:\/\/chi-statt-botox.com\/wp-content\/uploads\/Unbenannt-1-2.jpg\",\"contentUrl\":\"https:\/\/chi-statt-botox.com\/wp-content\/uploads\/Unbenannt-1-2.jpg\",\"width\":580,\"height\":580},{\"@type\":\"BreadcrumbList\",\"@id\":\"https:\/\/chi-statt-botox.com\/produkt\/tremella-der-schoenheitspilz\/#breadcrumb\",\"itemListElement\":[{\"@type\":\"ListItem\",\"position\":1,\"name\":\"Startseite\",\"item\":\"https:\/\/chi-statt-botox.com\/\"},{\"@type\":\"ListItem\",\"position\":2,\"name\":\"Produkte\",\"item\":\"https:\/\/chi-statt-botox.com\/shop\/\"},{\"@type\":\"ListItem\",\"position\":3,\"name\":\"Bio Tremella &#8222;Sch\u00f6nheitspilz&#8220; 60 Stk\"}]},{\"@type\":\"WebSite\",\"@id\":\"https:\/\/chi-statt-botox.com\/#website\",\"url\":\"https:\/\/chi-statt-botox.com\/\",\"name\":\"Chi statt Botox\",\"description\":\"Falten wegzaubern, Haut straffen\",\"potentialAction\":[{\"@type\":\"SearchAction\",\"target\":{\"@type\":\"EntryPoint\",\"urlTemplate\":\"https:\/\/chi-statt-botox.com\/?s={search_term_string}\"},\"query-input\":{\"@type\":\"PropertyValueSpecification\",\"valueRequired\":true,\"valueName\":\"search_term_string\"}}],\"inLanguage\":\"pl-PL\"}]}<\/script>\n<!-- \/ Yoast SEO plugin. -->","yoast_head_json":{"title":"Organiczny Tremella \"Beauty Mushroom\" 60 sztuk - Chi zamiast botoksu","robots":{"index":"index","follow":"follow","max-snippet":"max-snippet:-1","max-image-preview":"max-image-preview:large","max-video-preview":"max-video-preview:-1"},"canonical":"https:\/\/chi-statt-botox.com\/pl\/produkt\/tremella-der-schoenheitspilz\/","og_locale":"pl_PL","og_type":"article","og_title":"Bio Tremella \"Sch\u00f6nheitspilz\" 60 Stk - Chi statt Botox","og_description":"Feuchtigkeitsspendend  \u00c4hnlich der Hyalurons\u00e4ure  F\u00fcr Haut und Schleimh\u00e4ute  N\u00e4hrt das Yin  Auch als Gesichtsmaske geeignet","og_url":"https:\/\/chi-statt-botox.com\/pl\/produkt\/tremella-der-schoenheitspilz\/","og_site_name":"Chi statt Botox","article_modified_time":"2026-04-14T13:07:42+00:00","og_image":[{"width":580,"height":580,"url":"https:\/\/chi-statt-botox.com\/wp-content\/uploads\/Unbenannt-1-2.jpg","type":"image\/jpeg"}],"twitter_card":"summary_large_image","twitter_misc":{"Szacowany czas czytania":"3 minuty"},"schema":{"@context":"https:\/\/schema.org","@graph":[{"@type":"WebPage","@id":"https:\/\/chi-statt-botox.com\/produkt\/tremella-der-schoenheitspilz\/","url":"https:\/\/chi-statt-botox.com\/produkt\/tremella-der-schoenheitspilz\/","name":"Organiczny Tremella \"Beauty Mushroom\" 60 sztuk - Chi zamiast botoksu","isPartOf":{"@id":"https:\/\/chi-statt-botox.com\/#website"},"primaryImageOfPage":{"@id":"https:\/\/chi-statt-botox.com\/produkt\/tremella-der-schoenheitspilz\/#primaryimage"},"image":{"@id":"https:\/\/chi-statt-botox.com\/produkt\/tremella-der-schoenheitspilz\/#primaryimage"},"thumbnailUrl":"https:\/\/chi-statt-botox.com\/wp-content\/uploads\/Unbenannt-1-2.jpg","datePublished":"2024-01-19T10:43:00+00:00","dateModified":"2026-04-14T13:07:42+00:00","breadcrumb":{"@id":"https:\/\/chi-statt-botox.com\/produkt\/tremella-der-schoenheitspilz\/#breadcrumb"},"inLanguage":"pl-PL","potentialAction":[{"@type":"ReadAction","target":["https:\/\/chi-statt-botox.com\/produkt\/tremella-der-schoenheitspilz\/"]}]},{"@type":"ImageObject","inLanguage":"pl-PL","@id":"https:\/\/chi-statt-botox.com\/produkt\/tremella-der-schoenheitspilz\/#primaryimage","url":"https:\/\/chi-statt-botox.com\/wp-content\/uploads\/Unbenannt-1-2.jpg","contentUrl":"https:\/\/chi-statt-botox.com\/wp-content\/uploads\/Unbenannt-1-2.jpg","width":580,"height":580},{"@type":"BreadcrumbList","@id":"https:\/\/chi-statt-botox.com\/produkt\/tremella-der-schoenheitspilz\/#breadcrumb","itemListElement":[{"@type":"ListItem","position":1,"name":"Startseite","item":"https:\/\/chi-statt-botox.com\/"},{"@type":"ListItem","position":2,"name":"Produkte","item":"https:\/\/chi-statt-botox.com\/shop\/"},{"@type":"ListItem","position":3,"name":"Bio Tremella &#8222;Sch\u00f6nheitspilz&#8220; 60 Stk"}]},{"@type":"WebSite","@id":"https:\/\/chi-statt-botox.com\/#website","url":"https:\/\/chi-statt-botox.com\/","name":"Chi zamiast botoksu","description":"Usuwa zmarszczki, napina sk\u00f3r\u0119","potentialAction":[{"@type":"SearchAction","target":{"@type":"EntryPoint","urlTemplate":"https:\/\/chi-statt-botox.com\/?s={search_term_string}"},"query-input":{"@type":"PropertyValueSpecification","valueRequired":true,"valueName":"search_term_string"}}],"inLanguage":"pl-PL"}]}},"_links":{"self":[{"href":"https:\/\/chi-statt-botox.com\/pl\/wp-json\/wp\/v2\/product\/31154","targetHints":{"allow":["GET"]}}],"collection":[{"href":"https:\/\/chi-statt-botox.com\/pl\/wp-json\/wp\/v2\/product"}],"about":[{"href":"https:\/\/chi-statt-botox.com\/pl\/wp-json\/wp\/v2\/types\/product"}],"wp:featuredmedia":[{"embeddable":true,"href":"https:\/\/chi-statt-botox.com\/pl\/wp-json\/wp\/v2\/media\/31157"}],"wp:attachment":[{"href":"https:\/\/chi-statt-botox.com\/pl\/wp-json\/wp\/v2\/media?parent=31154"}],"wp:term":[{"taxonomy":"product_brand","embeddable":true,"href":"https:\/\/chi-statt-botox.com\/pl\/wp-json\/wp\/v2\/product_brand?post=31154"},{"taxonomy":"product_cat","embeddable":true,"href":"https:\/\/chi-statt-botox.com\/pl\/wp-json\/wp\/v2\/product_cat?post=31154"},{"taxonomy":"product_tag","embeddable":true,"href":"https:\/\/chi-statt-botox.com\/pl\/wp-json\/wp\/v2\/product_tag?post=31154"}],"curies":[{"name":"wp","href":"https:\/\/api.w.org\/{rel}","templated":true}]}}