{"id":3136,"date":"2020-03-26T11:47:22","date_gmt":"2020-03-26T10:47:22","guid":{"rendered":"https:\/\/chi-statt-botox.com\/?post_type=product&#038;p=3136"},"modified":"2026-03-26T16:07:10","modified_gmt":"2026-03-26T15:07:10","slug":"999-face-dream-gesichtstonikum-mit-999-feingold-35-ml","status":"publish","type":"product","link":"https:\/\/chi-statt-botox.com\/pl\/produkt\/999-face-dream-gesichtstonikum-mit-999-feingold-35-ml\/","title":{"rendered":"Tonik do twarzy \"Face Dream\" z drobnym z\u0142otem, 35 ml"},"content":{"rendered":"<p>100% naturalne i szlachetne z\u0142oto pr\u00f3by 999. Lekkie, przenikliwe, silnie energetyzuj\u0105ce i regeneruj\u0105ce serum do twarzy, szybko wch\u0142aniaj\u0105ce si\u0119 i szybko wch\u0142aniane. Prawdziwy \"koktajl witaminowy\" zar\u00f3wno dla m\u0142odzie\u0144czej, jak i dojrza\u0142ej, zestresowanej sk\u00f3ry. Stosowa\u0107 jako serum przed kremem na dzie\u0144 i na noc.<\/p>\n<p><strong><u>Sk\u0142adniki:<br \/>\n<\/u><\/strong>Woda z r\u00f3\u017cy damasce\u0144skiej, ekstrakt z korzenia \u017ce\u0144-szenia, ekstrakt z nagietka, organiczny kwas hialuronowy, olejek lawendowy, prawdziwy olejek z kwiat\u00f3w rumianku, olejek z drzewa sanda\u0142owego, olejek z kwiat\u00f3w r\u00f3\u017cy damasce\u0144skiej, olejek z drzewa r\u00f3\u017canego, czyste z\u0142oto pr\u00f3by 999<\/p>\n<p><strong><u>Tematy:<br \/>\n<\/u><\/strong><u><\/u>Piel\u0119gnacja na dzie\u0144 i na noc dla wszystkich rodzaj\u00f3w sk\u00f3ry<br \/>\nSk\u00f3ra podra\u017cniona, wra\u017cliwa i z przebarwieniami<br \/>\nPrzeciwdzia\u0142anie starzeniu si\u0119 sk\u00f3ry<br \/>\nTrwa\u0142a, korzystna regeneracja<br \/>\n\u015arodowisko od\u017cywcze i metabolizm kom\u00f3rek sk\u00f3ry<br \/>\nZdolno\u015b\u0107 samoregulacji sk\u00f3ry Piel\u0119gnacja podczas \u0107wicze\u0144<br \/>\nPo opalaniu<br \/>\nTr\u0105dzik i niedoskona\u0142o\u015bci sk\u00f3ry<\/p>\n<p>YOGANO GesmbH \/ P.O. Box 99 \/ 1230 Wiede\u0144 \/ Austria \/ office@yogana.at<\/p>","protected":false},"excerpt":{"rendered":"<p>100% naturalne i szlachetne z\u0142oto pr\u00f3by 999. Lekkie, przenikliwe, silnie energetyzuj\u0105ce i regeneruj\u0105ce serum do twarzy, szybko wch\u0142aniaj\u0105ce si\u0119 i szybko wch\u0142aniane. Prawdziwy \"koktajl witaminowy\" zar\u00f3wno dla m\u0142odzie\u0144czej, jak i dojrza\u0142ej, zestresowanej sk\u00f3ry. Stosowa\u0107 jako serum przed kremem na dzie\u0144 i na noc.<\/p>\n<p>&nbsp;<\/p>\n<p>&nbsp;<\/p>","protected":false},"featured_media":29637,"template":"","meta":{"_acf_changed":false,"_et_pb_use_builder":"","_et_pb_old_content":"","_et_gb_content_width":""},"product_brand":[],"product_cat":[172],"product_tag":[],"class_list":{"0":"post-3136","1":"product","2":"type-product","3":"status-publish","4":"has-post-thumbnail","6":"product_cat-kosmetik","8":"first","9":"instock","10":"taxable","11":"shipping-taxable","12":"purchasable","13":"product-type-simple"},"acf":[],"yoast_head":"<!-- This site is optimized with the Yoast SEO plugin v26.4 - https:\/\/yoast.com\/wordpress\/plugins\/seo\/ -->\n<title>Gesichtstonikum &quot;Face Dream&quot; mit Feingold, 35 ml - Chi statt Botox<\/title>\n<meta name=\"robots\" content=\"index, follow, max-snippet:-1, max-image-preview:large, max-video-preview:-1\" \/>\n<link rel=\"canonical\" href=\"https:\/\/chi-statt-botox.com\/pl\/produkt\/999-face-dream-gesichtstonikum-mit-999-feingold-35-ml\/\" \/>\n<meta property=\"og:locale\" content=\"pl_PL\" \/>\n<meta property=\"og:type\" content=\"article\" \/>\n<meta property=\"og:title\" content=\"Gesichtstonikum &quot;Face Dream&quot; mit Feingold, 35 ml - Chi statt Botox\" \/>\n<meta property=\"og:description\" content=\"100% Natur und 999 Feingold. Ein leichtes, durchl\u00e4ssiges, hochenergetisches und regenerierendes Gesichtsserum, schnell schwingend und schnell einziehend. Ein regelrechter \u201eVitamincocktail\u201c, sowohl f\u00fcr jugendliche als auch f\u00fcr reife, gestresste Haut. Wird wie ein Serum vor der Tages- &amp; Nachtcreme verwenden.  &nbsp;  &nbsp;\" \/>\n<meta property=\"og:url\" content=\"https:\/\/chi-statt-botox.com\/pl\/produkt\/999-face-dream-gesichtstonikum-mit-999-feingold-35-ml\/\" \/>\n<meta property=\"og:site_name\" content=\"Chi statt Botox\" \/>\n<meta property=\"article:modified_time\" content=\"2026-03-26T15:07:10+00:00\" \/>\n<meta property=\"og:image\" content=\"https:\/\/chi-statt-botox.com\/wp-content\/uploads\/web_999-face-dream.jpg\" \/>\n\t<meta property=\"og:image:width\" content=\"1920\" \/>\n\t<meta property=\"og:image:height\" content=\"1920\" \/>\n\t<meta property=\"og:image:type\" content=\"image\/jpeg\" \/>\n<meta name=\"twitter:card\" content=\"summary_large_image\" \/>\n<meta name=\"twitter:label1\" content=\"Szacowany czas czytania\" \/>\n\t<meta name=\"twitter:data1\" content=\"1 minuta\" \/>\n<script type=\"application\/ld+json\" class=\"yoast-schema-graph\">{\"@context\":\"https:\/\/schema.org\",\"@graph\":[{\"@type\":\"WebPage\",\"@id\":\"https:\/\/chi-statt-botox.com\/produkt\/999-face-dream-gesichtstonikum-mit-999-feingold-35-ml\/\",\"url\":\"https:\/\/chi-statt-botox.com\/produkt\/999-face-dream-gesichtstonikum-mit-999-feingold-35-ml\/\",\"name\":\"Gesichtstonikum \\\"Face Dream\\\" mit Feingold, 35 ml - Chi statt Botox\",\"isPartOf\":{\"@id\":\"https:\/\/chi-statt-botox.com\/#website\"},\"primaryImageOfPage\":{\"@id\":\"https:\/\/chi-statt-botox.com\/produkt\/999-face-dream-gesichtstonikum-mit-999-feingold-35-ml\/#primaryimage\"},\"image\":{\"@id\":\"https:\/\/chi-statt-botox.com\/produkt\/999-face-dream-gesichtstonikum-mit-999-feingold-35-ml\/#primaryimage\"},\"thumbnailUrl\":\"https:\/\/chi-statt-botox.com\/wp-content\/uploads\/web_999-face-dream.jpg\",\"datePublished\":\"2020-03-26T10:47:22+00:00\",\"dateModified\":\"2026-03-26T15:07:10+00:00\",\"breadcrumb\":{\"@id\":\"https:\/\/chi-statt-botox.com\/produkt\/999-face-dream-gesichtstonikum-mit-999-feingold-35-ml\/#breadcrumb\"},\"inLanguage\":\"pl-PL\",\"potentialAction\":[{\"@type\":\"ReadAction\",\"target\":[\"https:\/\/chi-statt-botox.com\/produkt\/999-face-dream-gesichtstonikum-mit-999-feingold-35-ml\/\"]}]},{\"@type\":\"ImageObject\",\"inLanguage\":\"pl-PL\",\"@id\":\"https:\/\/chi-statt-botox.com\/produkt\/999-face-dream-gesichtstonikum-mit-999-feingold-35-ml\/#primaryimage\",\"url\":\"https:\/\/chi-statt-botox.com\/wp-content\/uploads\/web_999-face-dream.jpg\",\"contentUrl\":\"https:\/\/chi-statt-botox.com\/wp-content\/uploads\/web_999-face-dream.jpg\",\"width\":1920,\"height\":1920},{\"@type\":\"BreadcrumbList\",\"@id\":\"https:\/\/chi-statt-botox.com\/produkt\/999-face-dream-gesichtstonikum-mit-999-feingold-35-ml\/#breadcrumb\",\"itemListElement\":[{\"@type\":\"ListItem\",\"position\":1,\"name\":\"Startseite\",\"item\":\"https:\/\/chi-statt-botox.com\/\"},{\"@type\":\"ListItem\",\"position\":2,\"name\":\"Produkte\",\"item\":\"https:\/\/chi-statt-botox.com\/shop\/\"},{\"@type\":\"ListItem\",\"position\":3,\"name\":\"Gesichtstonikum &#8222;Face Dream&#8220; mit Feingold, 35 ml\"}]},{\"@type\":\"WebSite\",\"@id\":\"https:\/\/chi-statt-botox.com\/#website\",\"url\":\"https:\/\/chi-statt-botox.com\/\",\"name\":\"Chi statt Botox\",\"description\":\"Falten wegzaubern, Haut straffen\",\"potentialAction\":[{\"@type\":\"SearchAction\",\"target\":{\"@type\":\"EntryPoint\",\"urlTemplate\":\"https:\/\/chi-statt-botox.com\/?s={search_term_string}\"},\"query-input\":{\"@type\":\"PropertyValueSpecification\",\"valueRequired\":true,\"valueName\":\"search_term_string\"}}],\"inLanguage\":\"pl-PL\"}]}<\/script>\n<!-- \/ Yoast SEO plugin. -->","yoast_head_json":{"title":"Gesichtstonikum \"Face Dream\" mit Feingold, 35 ml - Chi statt Botox","robots":{"index":"index","follow":"follow","max-snippet":"max-snippet:-1","max-image-preview":"max-image-preview:large","max-video-preview":"max-video-preview:-1"},"canonical":"https:\/\/chi-statt-botox.com\/pl\/produkt\/999-face-dream-gesichtstonikum-mit-999-feingold-35-ml\/","og_locale":"pl_PL","og_type":"article","og_title":"Gesichtstonikum \"Face Dream\" mit Feingold, 35 ml - Chi statt Botox","og_description":"100% Natur und 999 Feingold. Ein leichtes, durchl\u00e4ssiges, hochenergetisches und regenerierendes Gesichtsserum, schnell schwingend und schnell einziehend. Ein regelrechter \u201eVitamincocktail\u201c, sowohl f\u00fcr jugendliche als auch f\u00fcr reife, gestresste Haut. Wird wie ein Serum vor der Tages- &amp; Nachtcreme verwenden.  &nbsp;  &nbsp;","og_url":"https:\/\/chi-statt-botox.com\/pl\/produkt\/999-face-dream-gesichtstonikum-mit-999-feingold-35-ml\/","og_site_name":"Chi statt Botox","article_modified_time":"2026-03-26T15:07:10+00:00","og_image":[{"width":1920,"height":1920,"url":"https:\/\/chi-statt-botox.com\/wp-content\/uploads\/web_999-face-dream.jpg","type":"image\/jpeg"}],"twitter_card":"summary_large_image","twitter_misc":{"Szacowany czas czytania":"1 minuta"},"schema":{"@context":"https:\/\/schema.org","@graph":[{"@type":"WebPage","@id":"https:\/\/chi-statt-botox.com\/produkt\/999-face-dream-gesichtstonikum-mit-999-feingold-35-ml\/","url":"https:\/\/chi-statt-botox.com\/produkt\/999-face-dream-gesichtstonikum-mit-999-feingold-35-ml\/","name":"Gesichtstonikum \"Face Dream\" mit Feingold, 35 ml - Chi statt Botox","isPartOf":{"@id":"https:\/\/chi-statt-botox.com\/#website"},"primaryImageOfPage":{"@id":"https:\/\/chi-statt-botox.com\/produkt\/999-face-dream-gesichtstonikum-mit-999-feingold-35-ml\/#primaryimage"},"image":{"@id":"https:\/\/chi-statt-botox.com\/produkt\/999-face-dream-gesichtstonikum-mit-999-feingold-35-ml\/#primaryimage"},"thumbnailUrl":"https:\/\/chi-statt-botox.com\/wp-content\/uploads\/web_999-face-dream.jpg","datePublished":"2020-03-26T10:47:22+00:00","dateModified":"2026-03-26T15:07:10+00:00","breadcrumb":{"@id":"https:\/\/chi-statt-botox.com\/produkt\/999-face-dream-gesichtstonikum-mit-999-feingold-35-ml\/#breadcrumb"},"inLanguage":"pl-PL","potentialAction":[{"@type":"ReadAction","target":["https:\/\/chi-statt-botox.com\/produkt\/999-face-dream-gesichtstonikum-mit-999-feingold-35-ml\/"]}]},{"@type":"ImageObject","inLanguage":"pl-PL","@id":"https:\/\/chi-statt-botox.com\/produkt\/999-face-dream-gesichtstonikum-mit-999-feingold-35-ml\/#primaryimage","url":"https:\/\/chi-statt-botox.com\/wp-content\/uploads\/web_999-face-dream.jpg","contentUrl":"https:\/\/chi-statt-botox.com\/wp-content\/uploads\/web_999-face-dream.jpg","width":1920,"height":1920},{"@type":"BreadcrumbList","@id":"https:\/\/chi-statt-botox.com\/produkt\/999-face-dream-gesichtstonikum-mit-999-feingold-35-ml\/#breadcrumb","itemListElement":[{"@type":"ListItem","position":1,"name":"Startseite","item":"https:\/\/chi-statt-botox.com\/"},{"@type":"ListItem","position":2,"name":"Produkte","item":"https:\/\/chi-statt-botox.com\/shop\/"},{"@type":"ListItem","position":3,"name":"Gesichtstonikum &#8222;Face Dream&#8220; mit Feingold, 35 ml"}]},{"@type":"WebSite","@id":"https:\/\/chi-statt-botox.com\/#website","url":"https:\/\/chi-statt-botox.com\/","name":"Chi zamiast botoksu","description":"Usuwa zmarszczki, napina sk\u00f3r\u0119","potentialAction":[{"@type":"SearchAction","target":{"@type":"EntryPoint","urlTemplate":"https:\/\/chi-statt-botox.com\/?s={search_term_string}"},"query-input":{"@type":"PropertyValueSpecification","valueRequired":true,"valueName":"search_term_string"}}],"inLanguage":"pl-PL"}]}},"_links":{"self":[{"href":"https:\/\/chi-statt-botox.com\/pl\/wp-json\/wp\/v2\/product\/3136","targetHints":{"allow":["GET"]}}],"collection":[{"href":"https:\/\/chi-statt-botox.com\/pl\/wp-json\/wp\/v2\/product"}],"about":[{"href":"https:\/\/chi-statt-botox.com\/pl\/wp-json\/wp\/v2\/types\/product"}],"wp:featuredmedia":[{"embeddable":true,"href":"https:\/\/chi-statt-botox.com\/pl\/wp-json\/wp\/v2\/media\/29637"}],"wp:attachment":[{"href":"https:\/\/chi-statt-botox.com\/pl\/wp-json\/wp\/v2\/media?parent=3136"}],"wp:term":[{"taxonomy":"product_brand","embeddable":true,"href":"https:\/\/chi-statt-botox.com\/pl\/wp-json\/wp\/v2\/product_brand?post=3136"},{"taxonomy":"product_cat","embeddable":true,"href":"https:\/\/chi-statt-botox.com\/pl\/wp-json\/wp\/v2\/product_cat?post=3136"},{"taxonomy":"product_tag","embeddable":true,"href":"https:\/\/chi-statt-botox.com\/pl\/wp-json\/wp\/v2\/product_tag?post=3136"}],"curies":[{"name":"wp","href":"https:\/\/api.w.org\/{rel}","templated":true}]}}