{"id":32160,"date":"2024-02-15T12:12:59","date_gmt":"2024-02-15T11:12:59","guid":{"rendered":"https:\/\/chi-statt-botox.com\/?post_type=product&#038;p=32160"},"modified":"2026-04-03T10:26:14","modified_gmt":"2026-04-03T08:26:14","slug":"toxaprevent-darm","status":"publish","type":"product","link":"https:\/\/chi-statt-botox.com\/pl\/produkt\/toxaprevent-darm\/","title":{"rendered":"Toxaprevent\u00ae Intestine"},"content":{"rendered":"<p>TOXAPREVENT\u00ae MEDI PURE w postaci kapsu\u0142ek jest <strong>naturalny<\/strong> Urz\u0105dzenie medyczne z <strong>mineralny sk\u0142adnik aktywny MANC\u00ae<\/strong>naturalny <strong>Zeolit klinoptylolit<\/strong>. S\u0142u\u017cy do <strong>Wzmocnienie bariery \u015bciany jelita\u00a0<\/strong>i wsparcie proces\u00f3w zachodz\u0105cych w organizmie.<\/p>\n<p>Poprzez wi\u0105zanie i usuwanie substancji dra\u017cni\u0105cych i szkodliwych (poprzez wymian\u0119 jonow\u0105) <strong>Wzmocniona bariera \u015bciany jelita<\/strong> i <strong>B\u0142ona \u015bluzowa jelit<\/strong> puszka <strong>ustabilizowany<\/strong> Spos\u00f3b u\u017cycia. Kapsu\u0142ki mog\u0105 by\u0107 u\u017cywane do <strong>Nieszczelne jelita<\/strong> mog\u0105 by\u0107 pomocne. Poprawiaj\u0105 one podstaw\u0119 zdrowej flory jelitowej i sprzyjaj\u0105 warunkom kolonizacji bakterii jelitowych. Ich stosowanie jest szczeg\u00f3lnie zalecane po antybiotykoterapii.<\/p>\n<p>&nbsp;<\/p>\n<div class=\"a1k-row-bgcolor-transparent\">\n<div class=\"row\">\n<div id=\"c1780\" class=\"frame frame-default frame-type-dce_dceuid7 frame-layout-0\">\n<div>\n<p>Przyjmowanie kapsu\u0142ek TOXAPREVENT\u00ae MEDI PURE zmniejsza <strong>weryfikowalny<\/strong> warto\u015bci zonuliny. Poziomy zonuliny s\u0105 markerami przepuszczalno\u015bci b\u0142ony \u015bluzowej jelit. Naturalna zawarto\u015b\u0107 kapsu\u0142ki przechodzi przez przew\u00f3d pokarmowy i rozwija swoje dzia\u0142anie tam, gdzie jest to potrzebne. Zawarto\u015b\u0107 kapsu\u0142ki i kapsu\u0142ka nie s\u0105 metabolizowane, wi\u0119c \u017cadne sk\u0142adniki nie s\u0105 uwalniane do organizmu. Poniewa\u017c kapsu\u0142ka <strong>odporno\u015b\u0107 na kwas \u017co\u0142\u0105dkowy<\/strong> Zawarto\u015b\u0107 kapsu\u0142ki jest uwalniana tylko z jelita cienkiego.<\/p>\n<p>&nbsp;<\/p>\n<\/div>\n<\/div>\n<div class=\"column small-12 medium-7 large-7\">\n<div id=\"c2378\" class=\"frame frame-default frame-type-text frame-layout-0\">\n<header>\n<ul>\n<li>1001TP3A produkt naturalny<\/li>\n<li>Bezglutenowy, bez laktozy<\/li>\n<li>Sk\u0142adniki koszerne, halal, wegetaria\u0144skie, wega\u0144skie<\/li>\n<li>Wysoka niezawodno\u015b\u0107 aplikacji<\/li>\n<li>Delikatna regeneracja, dobrze tolerowana<\/li>\n<\/ul>\n<p>Wa\u017cne: Produkty doustne TOXAPREVENT\u00ae MEDI nie s\u0105 por\u00f3wnywalne z konwencjonalnymi produktami zeolitowymi bez procedur oceny zgodno\u015bci EWG (oznakowanie CE).<\/p>\n<p>&nbsp;<\/p>\n<\/header>\n<p>Produkcja MANC\u00ae i jego przygotowanie, w tym specjalny proces mikronizacji, zosta\u0142y opisane w punkcie <strong>najsurowsze standardy jako\u015bci<\/strong> i testowane przez zewn\u0119trzne, akredytowane laboratoria. FROXIMUN AG jest zatem w stanie zagwarantowa\u0107 funkcjonalno\u015b\u0107 i jako\u015b\u0107 MANC\u00ae. <strong>gwarancja<\/strong>. Procedura dla <strong>Wi\u0105zanie metali ci\u0119\u017ckich i amonu przez MANC\u00ae<\/strong> jako produkt farmaceutyczny jest chroniony rozszerzonym patentem UE (nr EP1942914B1).<\/p>\n<p><strong>Zawarto\u015b\u0107<\/strong><\/p>\n<p>180 kapsu\u0142ek<\/p>\n<div id=\"c1766\" class=\"frame frame-default frame-type-dce_dceuid7 frame-layout-0\"><\/div>\n<p><strong>Zalecenie dotycz\u0105ce aplikacji<\/strong><\/p>\n<p>O ile nie zalecono inaczej, przyjmowa\u0107 1-2 kapsu\u0142ki ok. 30 minut przed posi\u0142kiem 3 razy dziennie, popijaj\u0105c wystarczaj\u0105c\u0105 ilo\u015bci\u0105 p\u0142ynu (ok. 200 ml wody).<\/p>\n<p>Prywatna wskaz\u00f3wka od Christiny: Przyjmuj\u0119 3 kapsu\u0142ki rano na pusty \u017co\u0142\u0105dek i 3 kapsu\u0142ki wieczorem przed p\u00f3j\u015bciem spa\u0107. Dosta\u0142am t\u0119 wskaz\u00f3wk\u0119 od naturopaty.<\/p>\n<p><strong>Uwaga<\/strong><\/p>\n<p>Zaleca si\u0119 zachowanie 2-godzinnego odst\u0119pu pomi\u0119dzy przyjmowaniem lek\u00f3w.<\/p>\n<p><strong>Aplikacja wideo<\/strong> (wystarczy klikn\u0105\u0107):<br \/>\n<a href=\"https:\/\/www.youtube.com\/watch?v=zFt4KW9d1Kc&amp;t=333s\" target=\"_blank\" rel=\"noopener\"><strong>\"TE 3 wskaz\u00f3wki sprawi\u0105, \u017ce Twoja sk\u00f3ra b\u0119dzie PI\u0118KNA \u2728 (z\u0142uszczanie powoduje zmarszczki i plamy!)\"<\/strong><\/a><\/p>\n<p>FROXIMUN AG \/ Neue Stra\u00dfe 2a \/ 38838 Schlanstedt \/ Niemcy \/ info@froximun.de<\/p>\n<\/div>\n<\/div>\n<\/div>\n<\/div>","protected":false},"excerpt":{"rendered":"<ul>\n<li>Stabilizacja b\u0142ony \u015bluzowej jelit<\/li>\n<li>Wzmocnienie bariery \u015bciany jelita<\/li>\n<li>Z czystym MANC\u00ae (nautr-clinoptilolite zeolite)<\/li>\n<li>Do wi\u0105zania metali ci\u0119\u017ckich i nie tylko.<\/li>\n<li>Udowodniono, \u017ce zmniejsza poziom zonuliny (nieszczelne jelita)<\/li>\n<\/ul>","protected":false},"featured_media":32191,"template":"","meta":{"_acf_changed":false,"_et_pb_use_builder":"","_et_pb_old_content":"","_et_gb_content_width":""},"product_brand":[],"product_cat":[175],"product_tag":[],"class_list":{"0":"post-32160","1":"product","2":"type-product","3":"status-publish","4":"has-post-thumbnail","6":"product_cat-anti-aging-nems","8":"first","9":"instock","10":"taxable","11":"shipping-taxable","12":"purchasable","13":"product-type-simple"},"acf":[],"yoast_head":"<!-- This site is optimized with the Yoast SEO plugin v26.4 - https:\/\/yoast.com\/wordpress\/plugins\/seo\/ -->\n<title>Toxaprevent\u00ae Darm - Chi statt Botox<\/title>\n<meta name=\"robots\" content=\"index, follow, max-snippet:-1, max-image-preview:large, max-video-preview:-1\" \/>\n<link rel=\"canonical\" href=\"https:\/\/chi-statt-botox.com\/pl\/produkt\/toxaprevent-darm\/\" \/>\n<meta property=\"og:locale\" content=\"pl_PL\" \/>\n<meta property=\"og:type\" content=\"article\" \/>\n<meta property=\"og:title\" content=\"Toxaprevent\u00ae Darm - Chi statt Botox\" \/>\n<meta property=\"og:description\" content=\"Zur Stabilisierung der Darmschleimhaut  Zur St\u00e4rkung der Darmwandbarriere  Mit purem MANC\u00ae (Nautr-Klinoptilolith-Zeolith)  Zur Bindung von Schwermetallen u.v.m.  Senkt nachweislich die Zonulinwerte (Leaky Gut)\" \/>\n<meta property=\"og:url\" content=\"https:\/\/chi-statt-botox.com\/pl\/produkt\/toxaprevent-darm\/\" \/>\n<meta property=\"og:site_name\" content=\"Chi statt Botox\" \/>\n<meta property=\"article:modified_time\" content=\"2026-04-03T08:26:14+00:00\" \/>\n<meta property=\"og:image\" content=\"https:\/\/chi-statt-botox.com\/wp-content\/uploads\/Froximun1.jpg\" \/>\n\t<meta property=\"og:image:width\" content=\"720\" \/>\n\t<meta property=\"og:image:height\" content=\"720\" \/>\n\t<meta property=\"og:image:type\" content=\"image\/jpeg\" \/>\n<meta name=\"twitter:card\" content=\"summary_large_image\" \/>\n<meta name=\"twitter:label1\" content=\"Szacowany czas czytania\" \/>\n\t<meta name=\"twitter:data1\" content=\"3 minuty\" \/>\n<script type=\"application\/ld+json\" class=\"yoast-schema-graph\">{\"@context\":\"https:\/\/schema.org\",\"@graph\":[{\"@type\":\"WebPage\",\"@id\":\"https:\/\/chi-statt-botox.com\/produkt\/toxaprevent-darm\/\",\"url\":\"https:\/\/chi-statt-botox.com\/produkt\/toxaprevent-darm\/\",\"name\":\"Toxaprevent\u00ae Darm - Chi statt Botox\",\"isPartOf\":{\"@id\":\"https:\/\/chi-statt-botox.com\/#website\"},\"primaryImageOfPage\":{\"@id\":\"https:\/\/chi-statt-botox.com\/produkt\/toxaprevent-darm\/#primaryimage\"},\"image\":{\"@id\":\"https:\/\/chi-statt-botox.com\/produkt\/toxaprevent-darm\/#primaryimage\"},\"thumbnailUrl\":\"https:\/\/chi-statt-botox.com\/wp-content\/uploads\/Froximun1.jpg\",\"datePublished\":\"2024-02-15T11:12:59+00:00\",\"dateModified\":\"2026-04-03T08:26:14+00:00\",\"breadcrumb\":{\"@id\":\"https:\/\/chi-statt-botox.com\/produkt\/toxaprevent-darm\/#breadcrumb\"},\"inLanguage\":\"pl-PL\",\"potentialAction\":[{\"@type\":\"ReadAction\",\"target\":[\"https:\/\/chi-statt-botox.com\/produkt\/toxaprevent-darm\/\"]}]},{\"@type\":\"ImageObject\",\"inLanguage\":\"pl-PL\",\"@id\":\"https:\/\/chi-statt-botox.com\/produkt\/toxaprevent-darm\/#primaryimage\",\"url\":\"https:\/\/chi-statt-botox.com\/wp-content\/uploads\/Froximun1.jpg\",\"contentUrl\":\"https:\/\/chi-statt-botox.com\/wp-content\/uploads\/Froximun1.jpg\",\"width\":720,\"height\":720},{\"@type\":\"BreadcrumbList\",\"@id\":\"https:\/\/chi-statt-botox.com\/produkt\/toxaprevent-darm\/#breadcrumb\",\"itemListElement\":[{\"@type\":\"ListItem\",\"position\":1,\"name\":\"Startseite\",\"item\":\"https:\/\/chi-statt-botox.com\/\"},{\"@type\":\"ListItem\",\"position\":2,\"name\":\"Produkte\",\"item\":\"https:\/\/chi-statt-botox.com\/shop\/\"},{\"@type\":\"ListItem\",\"position\":3,\"name\":\"Toxaprevent\u00ae Darm\"}]},{\"@type\":\"WebSite\",\"@id\":\"https:\/\/chi-statt-botox.com\/#website\",\"url\":\"https:\/\/chi-statt-botox.com\/\",\"name\":\"Chi statt Botox\",\"description\":\"Falten wegzaubern, Haut straffen\",\"potentialAction\":[{\"@type\":\"SearchAction\",\"target\":{\"@type\":\"EntryPoint\",\"urlTemplate\":\"https:\/\/chi-statt-botox.com\/?s={search_term_string}\"},\"query-input\":{\"@type\":\"PropertyValueSpecification\",\"valueRequired\":true,\"valueName\":\"search_term_string\"}}],\"inLanguage\":\"pl-PL\"}]}<\/script>\n<!-- \/ Yoast SEO plugin. -->","yoast_head_json":{"title":"Toxaprevent\u00ae Darm - Chi statt Botox","robots":{"index":"index","follow":"follow","max-snippet":"max-snippet:-1","max-image-preview":"max-image-preview:large","max-video-preview":"max-video-preview:-1"},"canonical":"https:\/\/chi-statt-botox.com\/pl\/produkt\/toxaprevent-darm\/","og_locale":"pl_PL","og_type":"article","og_title":"Toxaprevent\u00ae Darm - Chi statt Botox","og_description":"Zur Stabilisierung der Darmschleimhaut  Zur St\u00e4rkung der Darmwandbarriere  Mit purem MANC\u00ae (Nautr-Klinoptilolith-Zeolith)  Zur Bindung von Schwermetallen u.v.m.  Senkt nachweislich die Zonulinwerte (Leaky Gut)","og_url":"https:\/\/chi-statt-botox.com\/pl\/produkt\/toxaprevent-darm\/","og_site_name":"Chi statt Botox","article_modified_time":"2026-04-03T08:26:14+00:00","og_image":[{"width":720,"height":720,"url":"https:\/\/chi-statt-botox.com\/wp-content\/uploads\/Froximun1.jpg","type":"image\/jpeg"}],"twitter_card":"summary_large_image","twitter_misc":{"Szacowany czas czytania":"3 minuty"},"schema":{"@context":"https:\/\/schema.org","@graph":[{"@type":"WebPage","@id":"https:\/\/chi-statt-botox.com\/produkt\/toxaprevent-darm\/","url":"https:\/\/chi-statt-botox.com\/produkt\/toxaprevent-darm\/","name":"Toxaprevent\u00ae Darm - Chi statt Botox","isPartOf":{"@id":"https:\/\/chi-statt-botox.com\/#website"},"primaryImageOfPage":{"@id":"https:\/\/chi-statt-botox.com\/produkt\/toxaprevent-darm\/#primaryimage"},"image":{"@id":"https:\/\/chi-statt-botox.com\/produkt\/toxaprevent-darm\/#primaryimage"},"thumbnailUrl":"https:\/\/chi-statt-botox.com\/wp-content\/uploads\/Froximun1.jpg","datePublished":"2024-02-15T11:12:59+00:00","dateModified":"2026-04-03T08:26:14+00:00","breadcrumb":{"@id":"https:\/\/chi-statt-botox.com\/produkt\/toxaprevent-darm\/#breadcrumb"},"inLanguage":"pl-PL","potentialAction":[{"@type":"ReadAction","target":["https:\/\/chi-statt-botox.com\/produkt\/toxaprevent-darm\/"]}]},{"@type":"ImageObject","inLanguage":"pl-PL","@id":"https:\/\/chi-statt-botox.com\/produkt\/toxaprevent-darm\/#primaryimage","url":"https:\/\/chi-statt-botox.com\/wp-content\/uploads\/Froximun1.jpg","contentUrl":"https:\/\/chi-statt-botox.com\/wp-content\/uploads\/Froximun1.jpg","width":720,"height":720},{"@type":"BreadcrumbList","@id":"https:\/\/chi-statt-botox.com\/produkt\/toxaprevent-darm\/#breadcrumb","itemListElement":[{"@type":"ListItem","position":1,"name":"Startseite","item":"https:\/\/chi-statt-botox.com\/"},{"@type":"ListItem","position":2,"name":"Produkte","item":"https:\/\/chi-statt-botox.com\/shop\/"},{"@type":"ListItem","position":3,"name":"Toxaprevent\u00ae Darm"}]},{"@type":"WebSite","@id":"https:\/\/chi-statt-botox.com\/#website","url":"https:\/\/chi-statt-botox.com\/","name":"Chi zamiast botoksu","description":"Usuwa zmarszczki, napina sk\u00f3r\u0119","potentialAction":[{"@type":"SearchAction","target":{"@type":"EntryPoint","urlTemplate":"https:\/\/chi-statt-botox.com\/?s={search_term_string}"},"query-input":{"@type":"PropertyValueSpecification","valueRequired":true,"valueName":"search_term_string"}}],"inLanguage":"pl-PL"}]}},"_links":{"self":[{"href":"https:\/\/chi-statt-botox.com\/pl\/wp-json\/wp\/v2\/product\/32160","targetHints":{"allow":["GET"]}}],"collection":[{"href":"https:\/\/chi-statt-botox.com\/pl\/wp-json\/wp\/v2\/product"}],"about":[{"href":"https:\/\/chi-statt-botox.com\/pl\/wp-json\/wp\/v2\/types\/product"}],"wp:featuredmedia":[{"embeddable":true,"href":"https:\/\/chi-statt-botox.com\/pl\/wp-json\/wp\/v2\/media\/32191"}],"wp:attachment":[{"href":"https:\/\/chi-statt-botox.com\/pl\/wp-json\/wp\/v2\/media?parent=32160"}],"wp:term":[{"taxonomy":"product_brand","embeddable":true,"href":"https:\/\/chi-statt-botox.com\/pl\/wp-json\/wp\/v2\/product_brand?post=32160"},{"taxonomy":"product_cat","embeddable":true,"href":"https:\/\/chi-statt-botox.com\/pl\/wp-json\/wp\/v2\/product_cat?post=32160"},{"taxonomy":"product_tag","embeddable":true,"href":"https:\/\/chi-statt-botox.com\/pl\/wp-json\/wp\/v2\/product_tag?post=32160"}],"curies":[{"name":"wp","href":"https:\/\/api.w.org\/{rel}","templated":true}]}}