{"id":32217,"date":"2024-02-15T12:36:07","date_gmt":"2024-02-15T11:36:07","guid":{"rendered":"https:\/\/chi-statt-botox.com\/?post_type=product&#038;p=32217"},"modified":"2026-03-26T21:20:58","modified_gmt":"2026-03-26T20:20:58","slug":"toxaprevent-skin-suspension","status":"publish","type":"product","link":"https:\/\/chi-statt-botox.com\/pl\/produkt\/toxaprevent-skin-suspension\/","title":{"rendered":"Toxaprevent\u00ae zawiesina na sk\u00f3r\u0119"},"content":{"rendered":"<p>Szybka pomoc dla sk\u00f3ry: regeneracja struktury sk\u00f3ry nabiera nowego wymiaru, poniewa\u017c jest to <strong>Efekt g\u0142\u0119bi<\/strong> kt\u00f3re zosta\u0142y przetestowane dermatologicznie i zatwierdzone przez kliniki estetyczne. <strong>potwierdzony<\/strong> zosta\u0142 opracowany. Wcze\u015bniej produkt by\u0142 stosowany jako sk\u0142adnik kliniczny wspomagaj\u0105cy gojenie si\u0119 ran w przypadku ran zamkni\u0119tych, sw\u0119dz\u0105cych lub s\u0142abo goj\u0105cych si\u0119. Jest to produkt oparty na <strong>Naturalna podstawa<\/strong> z MANC (<strong>Naturalny zeolit<\/strong>),<\/p>\n<p>Ze wzgl\u0119du na nieskomplikowan\u0105 aplikacj\u0119 i <strong>Szybki efekt<\/strong> trafia do rodzinnego gospodarstwa domowego, gdzie nawet ma\u0142e rany i wszelkiego rodzaju podra\u017cnienia sk\u00f3ry mo\u017cna leczy\u0107 \u0142atwo i bez pomocy terapeutycznej. Zawiesina zapewnia szybk\u0105 ulg\u0119, ch\u0142odzi i jest stosowana do leczenia miejscowego. <strong>Wi\u0105zanie histaminy<\/strong> na powierzchni sk\u00f3ry.<\/p>\n<p><strong>Zalecane dla:<\/strong><\/p>\n<ul>\n<li>Podra\u017cnienie sk\u00f3ry<\/li>\n<li>niespecyficzne sw\u0119dzenie i zaczerwienienie sk\u00f3ry<\/li>\n<li>niespecyficzne problemy sk\u00f3rne z g\u0119sto poprzecinan\u0105 sk\u00f3r\u0105 w\u0142a\u015bciw\u0105<\/li>\n<li>zamkni\u0119te, s\u0142abo goj\u0105ce si\u0119 podra\u017cnienia i rany sk\u00f3ry<\/li>\n<li>Choroby opryszczkowe, takie jak opryszczka zwyk\u0142a i p\u00f3\u0142pasiec (p\u00f3\u0142pasiec)<\/li>\n<li>Otarcia<\/li>\n<li>Zapalenie staw\u00f3w i b\u00f3l mi\u0119\u015bni spowodowany zwi\u0119kszonym st\u0119\u017ceniem histaminy<\/li>\n<li>Do jednoczesnego leczenia widocznego obrz\u0119ku spowodowanego nagromadzeniem p\u0142yn\u00f3w z uk\u0142adu naczyniowego (obrz\u0119k).<\/li>\n<li>Uk\u0105szenia owad\u00f3w (nie zast\u0119puj\u0105 lek\u00f3w przeciwalergicznych)<\/li>\n<\/ul>\n<p><strong>Produkt jest<\/strong><\/p>\n<ul>\n<li>100 % naturalny<\/li>\n<li>bez alergen\u00f3w<\/li>\n<li>bez dodatk\u00f3w chemicznych<\/li>\n<li>Prosta aplikacja<\/li>\n<li>Mo\u017ce by\u0107 u\u017cywany kilka razy dziennie<\/li>\n<\/ul>\n<p><strong>Zawarto\u015b\u0107<\/strong><\/p>\n<ul>\n<li>120 ml<\/li>\n<li>Zawiera: 1 zawiesin\u0119, 2 folie chwytaj\u0105ce, 1 szpatu\u0142k\u0119, instrukcj\u0119 obs\u0142ugi<\/li>\n<\/ul>\n<p>Zawiesina sk\u0142ada si\u0119 z: MANC\u00ae (zmodyfikowany, aktywowany naturalny zeolit klinoptylolitowy), woda koloidalna<\/p>\n<p><strong>Aplikacja wideo<\/strong> (wystarczy klikn\u0105\u0107):<br \/>\n<a href=\"https:\/\/www.youtube.com\/watch?v=zFt4KW9d1Kc&amp;t=333s\" target=\"_blank\" rel=\"noopener\"><strong>\"TE 3 wskaz\u00f3wki sprawi\u0105, \u017ce Twoja sk\u00f3ra b\u0119dzie PI\u0118KNA \u2728 (z\u0142uszczanie powoduje zmarszczki i plamy!)\"<\/strong><\/a><\/p>\n<p>FROXIMUN AG \/ Neue Stra\u00dfe 2a \/ 38838 Schlanstedt \/ Niemcy \/ info@froximun.de<\/p>","protected":false},"excerpt":{"rendered":"<ul>\n<li>Produkt na bazie naturalnej z MANC (naturalny zeolit)<\/li>\n<li>Szybka ulga w podra\u017cnieniach sk\u00f3ry<\/li>\n<li>Pomaga na opryszczk\u0119, \u017ale goj\u0105ce si\u0119 rany i wiele wi\u0119cej.<\/li>\n<li>Testowane i potwierdzone dermatologicznie<\/li>\n<li>Wi\u0105\u017ce histamin\u0119 na powierzchni sk\u00f3ry<\/li>\n<li>R\u00f3wnie\u017c na obrz\u0119ki i b\u00f3le staw\u00f3w<\/li>\n<\/ul>","protected":false},"featured_media":32219,"template":"","meta":{"_acf_changed":false,"_et_pb_use_builder":"","_et_pb_old_content":"","_et_gb_content_width":""},"product_brand":[],"product_cat":[172],"product_tag":[],"class_list":{"0":"post-32217","1":"product","2":"type-product","3":"status-publish","4":"has-post-thumbnail","6":"product_cat-kosmetik","8":"first","9":"instock","10":"taxable","11":"shipping-taxable","12":"purchasable","13":"product-type-simple"},"acf":[],"yoast_head":"<!-- This site is optimized with the Yoast SEO plugin v26.4 - https:\/\/yoast.com\/wordpress\/plugins\/seo\/ -->\n<title>Toxaprevent\u00ae Skin Suspension - Chi statt Botox<\/title>\n<meta name=\"robots\" content=\"index, follow, max-snippet:-1, max-image-preview:large, max-video-preview:-1\" \/>\n<link rel=\"canonical\" href=\"https:\/\/chi-statt-botox.com\/pl\/produkt\/toxaprevent-skin-suspension\/\" \/>\n<meta property=\"og:locale\" content=\"pl_PL\" \/>\n<meta property=\"og:type\" content=\"article\" \/>\n<meta property=\"og:title\" content=\"Toxaprevent\u00ae Skin Suspension - Chi statt Botox\" \/>\n<meta property=\"og:description\" content=\"Produkt auf Naturbasis mit MANC (Naturzeolith)  Schnelle Linderung von Hautirritationen  Hilfe bei Herpes, schlecht heilenden Wunden u.v.m.  Dermatologisch getestet und best\u00e4tigt  Bindet Histamin auf der Hautoberfl\u00e4che  Auch bei \u00d6demen und Gelenkschmerzen\" \/>\n<meta property=\"og:url\" content=\"https:\/\/chi-statt-botox.com\/pl\/produkt\/toxaprevent-skin-suspension\/\" \/>\n<meta property=\"og:site_name\" content=\"Chi statt Botox\" \/>\n<meta property=\"article:modified_time\" content=\"2026-03-26T20:20:58+00:00\" \/>\n<meta property=\"og:image\" content=\"https:\/\/chi-statt-botox.com\/wp-content\/uploads\/Unbenannt-1a.jpg\" \/>\n\t<meta property=\"og:image:width\" content=\"720\" \/>\n\t<meta property=\"og:image:height\" content=\"720\" \/>\n\t<meta property=\"og:image:type\" content=\"image\/jpeg\" \/>\n<meta name=\"twitter:card\" content=\"summary_large_image\" \/>\n<meta name=\"twitter:label1\" content=\"Szacowany czas czytania\" \/>\n\t<meta name=\"twitter:data1\" content=\"2 minuty\" \/>\n<script type=\"application\/ld+json\" class=\"yoast-schema-graph\">{\"@context\":\"https:\/\/schema.org\",\"@graph\":[{\"@type\":\"WebPage\",\"@id\":\"https:\/\/chi-statt-botox.com\/produkt\/toxaprevent-skin-suspension\/\",\"url\":\"https:\/\/chi-statt-botox.com\/produkt\/toxaprevent-skin-suspension\/\",\"name\":\"Toxaprevent\u00ae Skin Suspension - Chi statt Botox\",\"isPartOf\":{\"@id\":\"https:\/\/chi-statt-botox.com\/#website\"},\"primaryImageOfPage\":{\"@id\":\"https:\/\/chi-statt-botox.com\/produkt\/toxaprevent-skin-suspension\/#primaryimage\"},\"image\":{\"@id\":\"https:\/\/chi-statt-botox.com\/produkt\/toxaprevent-skin-suspension\/#primaryimage\"},\"thumbnailUrl\":\"https:\/\/chi-statt-botox.com\/wp-content\/uploads\/Unbenannt-1a.jpg\",\"datePublished\":\"2024-02-15T11:36:07+00:00\",\"dateModified\":\"2026-03-26T20:20:58+00:00\",\"breadcrumb\":{\"@id\":\"https:\/\/chi-statt-botox.com\/produkt\/toxaprevent-skin-suspension\/#breadcrumb\"},\"inLanguage\":\"pl-PL\",\"potentialAction\":[{\"@type\":\"ReadAction\",\"target\":[\"https:\/\/chi-statt-botox.com\/produkt\/toxaprevent-skin-suspension\/\"]}]},{\"@type\":\"ImageObject\",\"inLanguage\":\"pl-PL\",\"@id\":\"https:\/\/chi-statt-botox.com\/produkt\/toxaprevent-skin-suspension\/#primaryimage\",\"url\":\"https:\/\/chi-statt-botox.com\/wp-content\/uploads\/Unbenannt-1a.jpg\",\"contentUrl\":\"https:\/\/chi-statt-botox.com\/wp-content\/uploads\/Unbenannt-1a.jpg\",\"width\":720,\"height\":720},{\"@type\":\"BreadcrumbList\",\"@id\":\"https:\/\/chi-statt-botox.com\/produkt\/toxaprevent-skin-suspension\/#breadcrumb\",\"itemListElement\":[{\"@type\":\"ListItem\",\"position\":1,\"name\":\"Startseite\",\"item\":\"https:\/\/chi-statt-botox.com\/\"},{\"@type\":\"ListItem\",\"position\":2,\"name\":\"Produkte\",\"item\":\"https:\/\/chi-statt-botox.com\/shop\/\"},{\"@type\":\"ListItem\",\"position\":3,\"name\":\"Toxaprevent\u00ae Skin Suspension\"}]},{\"@type\":\"WebSite\",\"@id\":\"https:\/\/chi-statt-botox.com\/#website\",\"url\":\"https:\/\/chi-statt-botox.com\/\",\"name\":\"Chi statt Botox\",\"description\":\"Falten wegzaubern, Haut straffen\",\"potentialAction\":[{\"@type\":\"SearchAction\",\"target\":{\"@type\":\"EntryPoint\",\"urlTemplate\":\"https:\/\/chi-statt-botox.com\/?s={search_term_string}\"},\"query-input\":{\"@type\":\"PropertyValueSpecification\",\"valueRequired\":true,\"valueName\":\"search_term_string\"}}],\"inLanguage\":\"pl-PL\"}]}<\/script>\n<!-- \/ Yoast SEO plugin. -->","yoast_head_json":{"title":"Toxaprevent\u00ae Skin Suspension - Chi statt Botox","robots":{"index":"index","follow":"follow","max-snippet":"max-snippet:-1","max-image-preview":"max-image-preview:large","max-video-preview":"max-video-preview:-1"},"canonical":"https:\/\/chi-statt-botox.com\/pl\/produkt\/toxaprevent-skin-suspension\/","og_locale":"pl_PL","og_type":"article","og_title":"Toxaprevent\u00ae Skin Suspension - Chi statt Botox","og_description":"Produkt auf Naturbasis mit MANC (Naturzeolith)  Schnelle Linderung von Hautirritationen  Hilfe bei Herpes, schlecht heilenden Wunden u.v.m.  Dermatologisch getestet und best\u00e4tigt  Bindet Histamin auf der Hautoberfl\u00e4che  Auch bei \u00d6demen und Gelenkschmerzen","og_url":"https:\/\/chi-statt-botox.com\/pl\/produkt\/toxaprevent-skin-suspension\/","og_site_name":"Chi statt Botox","article_modified_time":"2026-03-26T20:20:58+00:00","og_image":[{"width":720,"height":720,"url":"https:\/\/chi-statt-botox.com\/wp-content\/uploads\/Unbenannt-1a.jpg","type":"image\/jpeg"}],"twitter_card":"summary_large_image","twitter_misc":{"Szacowany czas czytania":"2 minuty"},"schema":{"@context":"https:\/\/schema.org","@graph":[{"@type":"WebPage","@id":"https:\/\/chi-statt-botox.com\/produkt\/toxaprevent-skin-suspension\/","url":"https:\/\/chi-statt-botox.com\/produkt\/toxaprevent-skin-suspension\/","name":"Toxaprevent\u00ae Skin Suspension - Chi statt Botox","isPartOf":{"@id":"https:\/\/chi-statt-botox.com\/#website"},"primaryImageOfPage":{"@id":"https:\/\/chi-statt-botox.com\/produkt\/toxaprevent-skin-suspension\/#primaryimage"},"image":{"@id":"https:\/\/chi-statt-botox.com\/produkt\/toxaprevent-skin-suspension\/#primaryimage"},"thumbnailUrl":"https:\/\/chi-statt-botox.com\/wp-content\/uploads\/Unbenannt-1a.jpg","datePublished":"2024-02-15T11:36:07+00:00","dateModified":"2026-03-26T20:20:58+00:00","breadcrumb":{"@id":"https:\/\/chi-statt-botox.com\/produkt\/toxaprevent-skin-suspension\/#breadcrumb"},"inLanguage":"pl-PL","potentialAction":[{"@type":"ReadAction","target":["https:\/\/chi-statt-botox.com\/produkt\/toxaprevent-skin-suspension\/"]}]},{"@type":"ImageObject","inLanguage":"pl-PL","@id":"https:\/\/chi-statt-botox.com\/produkt\/toxaprevent-skin-suspension\/#primaryimage","url":"https:\/\/chi-statt-botox.com\/wp-content\/uploads\/Unbenannt-1a.jpg","contentUrl":"https:\/\/chi-statt-botox.com\/wp-content\/uploads\/Unbenannt-1a.jpg","width":720,"height":720},{"@type":"BreadcrumbList","@id":"https:\/\/chi-statt-botox.com\/produkt\/toxaprevent-skin-suspension\/#breadcrumb","itemListElement":[{"@type":"ListItem","position":1,"name":"Startseite","item":"https:\/\/chi-statt-botox.com\/"},{"@type":"ListItem","position":2,"name":"Produkte","item":"https:\/\/chi-statt-botox.com\/shop\/"},{"@type":"ListItem","position":3,"name":"Toxaprevent\u00ae Skin Suspension"}]},{"@type":"WebSite","@id":"https:\/\/chi-statt-botox.com\/#website","url":"https:\/\/chi-statt-botox.com\/","name":"Chi zamiast botoksu","description":"Usuwa zmarszczki, napina sk\u00f3r\u0119","potentialAction":[{"@type":"SearchAction","target":{"@type":"EntryPoint","urlTemplate":"https:\/\/chi-statt-botox.com\/?s={search_term_string}"},"query-input":{"@type":"PropertyValueSpecification","valueRequired":true,"valueName":"search_term_string"}}],"inLanguage":"pl-PL"}]}},"_links":{"self":[{"href":"https:\/\/chi-statt-botox.com\/pl\/wp-json\/wp\/v2\/product\/32217","targetHints":{"allow":["GET"]}}],"collection":[{"href":"https:\/\/chi-statt-botox.com\/pl\/wp-json\/wp\/v2\/product"}],"about":[{"href":"https:\/\/chi-statt-botox.com\/pl\/wp-json\/wp\/v2\/types\/product"}],"wp:featuredmedia":[{"embeddable":true,"href":"https:\/\/chi-statt-botox.com\/pl\/wp-json\/wp\/v2\/media\/32219"}],"wp:attachment":[{"href":"https:\/\/chi-statt-botox.com\/pl\/wp-json\/wp\/v2\/media?parent=32217"}],"wp:term":[{"taxonomy":"product_brand","embeddable":true,"href":"https:\/\/chi-statt-botox.com\/pl\/wp-json\/wp\/v2\/product_brand?post=32217"},{"taxonomy":"product_cat","embeddable":true,"href":"https:\/\/chi-statt-botox.com\/pl\/wp-json\/wp\/v2\/product_cat?post=32217"},{"taxonomy":"product_tag","embeddable":true,"href":"https:\/\/chi-statt-botox.com\/pl\/wp-json\/wp\/v2\/product_tag?post=32217"}],"curies":[{"name":"wp","href":"https:\/\/api.w.org\/{rel}","templated":true}]}}