{"id":34644,"date":"2024-04-15T09:26:07","date_gmt":"2024-04-15T07:26:07","guid":{"rendered":"https:\/\/chi-statt-botox.com\/?post_type=product&#038;p=34644"},"modified":"2026-04-15T11:09:45","modified_gmt":"2026-04-15T09:09:45","slug":"mineralischer-lichtschutz-50-ml","status":"publish","type":"product","link":"https:\/\/chi-statt-botox.com\/pl\/produkt\/mineralischer-lichtschutz-50-ml\/","title":{"rendered":"Mineralna ochrona przeciws\u0142oneczna 50 ml"},"content":{"rendered":"<p>Mineralna ochrona przed \u015bwiat\u0142em dla <strong>Twarz<\/strong> oraz <strong>Cia\u0142o<\/strong>. Dzi\u0119ki po\u0142\u0105czeniu <strong>Cynk<\/strong>po\u017cywny <strong>t\u0142oczone na zimno organiczne oleje aktywne<\/strong> i zharmonizowane <strong>Substancje piel\u0119gnacyjne<\/strong> to idealna ochrona przeciws\u0142oneczna dla zdrowej sk\u00f3ry.<\/p>\n<p><strong>95%<\/strong> w <strong>UVA-<\/strong> oraz <strong>Promienie UVB<\/strong> sta\u0107 si\u0119 <strong>odzwierciedlony<\/strong>.<br \/>\n<strong>Dla por\u00f3wnania<\/strong>SPF 20 odpycha 95% promieni, SPF 50 odpycha co najwy\u017cej 98% (istniej\u0105 dane z 96,3%), wi\u0119c ochrona jest niewiele wy\u017csza.<\/p>\n<p>Dzi\u0119ki niewielkiej wadze, balsam mo\u017ce by\u0107 u\u017cywany z praktycznymi akcesoriami. <strong>Dozownik bezpowietrzny<\/strong> \u0141atwy do schowania w torebce lub baga\u017cu podr\u0119cznym i zawsze gotowy do u\u017cycia.<\/p>\n<p>Nie s\u0105 tu stosowane \u017cadne chemiczne filtry chroni\u0105ce przed \u015bwiat\u0142em. Cynk jest<strong> Naturalny filtr chroni\u0105cy przed promieniowaniem UV<\/strong>w <strong>natychmiast<\/strong> chroni sk\u00f3r\u0119 po aplikacji, nie powoduj\u0105c uszkodze\u0144 toksycznych i hormonalnych. Sk\u0142adniki mineralne poch\u0142aniaj\u0105 i odbijaj\u0105 \u015bwiat\u0142o s\u0142oneczne, co oznacza, \u017ce sk\u00f3ra nie wymaga ochrony. <strong>brak proces\u00f3w chemicznych<\/strong>. (Chemiczne filtry UV cz\u0119sto zanieczyszczaj\u0105 organizm wysoce toksycznymi, hormonalnie aktywnymi substancjami i czasami mog\u0105 mie\u0107 powa\u017cne konsekwencje). <strong>Olej z krokosza barwierskiego<\/strong>, <strong>Olej z awokado<\/strong> oraz <strong>Mas\u0142o mango<\/strong> s\u0105 idealnym plusem dla sk\u00f3ry. Zapewniaj\u0105 jej <strong>Kwasy t\u0142uszczowe<\/strong> oraz <strong>Witaminy<\/strong> a tym samym wspiera\u0107 ich regeneracj\u0119 i utrzymanie.<\/p>\n<p>Poniewa\u017c nie s\u0105 tu stosowane \u017cadne chemiczne filtry chroni\u0105ce przed \u015bwiat\u0142em, powiniene\u015b wiedzie\u0107 o naszej sk\u00f3rze, co nast\u0119puje. Ta wiedza pomo\u017ce ci <strong>Radzenie sobie ze \u015bwiat\u0142em s\u0142onecznym<\/strong> odpowiedzialnie. -&gt; Je\u015bli chcesz unikn\u0105\u0107 opalania z lub bez ochrony przeciws\u0142onecznej <strong>wyk\u0142adniczy<\/strong> W ten spos\u00f3b kilka zadziwiaj\u0105cych naturalnych proces\u00f3w jest wprawianych w ruch w coraz d\u0142u\u017cszych okresach czasu.<\/p>\n<p><strong>Lekki zrogowacia\u0142y nask\u00f3rek<\/strong><\/p>\n<p>Lekkie odciski s\u0105 naturalne, <strong>W\u0142asna ochrona organizmu przed \u015bwiat\u0142em<\/strong> i, z pomoc\u0105 promieni UVB, mo\u017ce by\u0107 stopniowo redukowany przez podzia\u0142 kom\u00f3rek do <strong>podw\u00f3jny<\/strong> urosn\u0105\u0107 do wi\u0119kszych rozmiar\u00f3w. Wa\u017cne jest, aby wspiera\u0107 ten naturalny mechanizm ochronny sk\u00f3ry.<\/p>\n<p>Zalecamy u\u017cywanie go razem z nasz\u0105 ochron\u0105 przed \u015bwiat\u0142em, <strong>Odpowiedzialny<\/strong> aby poradzi\u0107 sobie z organami sk\u00f3ry. Daj swojej sk\u00f3rze mo\u017cliwo\u015b\u0107 zbudowania w\u0142asnej naturalnej ochrony przed \u015bwiat\u0142em poprzez melanin\u0119, a przede wszystkim poprzez kalus \u015bwietlny. W razie potrzeby mo\u017cesz r\u00f3wnie\u017c skorzysta\u0107 z naszej ochrony przed \u015bwiat\u0142em <strong>dwa razy<\/strong> aby wygenerowa\u0107 wi\u0119ksz\u0105 ochron\u0119.<\/p>\n<p><strong>Zastosowanie<\/strong><\/p>\n<p>Na\u0142\u00f3\u017c krem przeciws\u0142oneczny <strong>bez wielkiej presji<\/strong> oraz <strong>bez wi\u0119kszego tarcia<\/strong> na twarz i cia\u0142o, a\u017c pozostanie lekko szarawy film. Zostaje ona wch\u0142oni\u0119ta w ci\u0105gu kilku sekund i nie jest ju\u017c widoczna. Na sk\u00f3rze znajduje si\u0119 teraz ci\u0105g\u0142a siatka, kt\u00f3ra zapewnia <strong>Ochrona od momentu aplikacji<\/strong> oferty. Aby unikn\u0105\u0107 przesuni\u0119cia tej siatki ochronnej, nale\u017cy unika\u0107 wywierania nacisku na sk\u00f3r\u0119, aby rozprowadzi\u0107 filtr przeciws\u0142oneczny na sk\u00f3rze.<\/p>\n<p>Po k\u0105pieli wodnej, poceniu si\u0119 lub pocieraniu nale\u017cy ponownie na\u0142o\u017cy\u0107 mineraln\u0105 ochron\u0119 przed \u015bwiat\u0142em, a natychmiast uzyskasz ochron\u0119 w postaci nienaruszonej struktury siatki na sk\u00f3rze. W razie potrzeby mo\u017cna ponownie zastosowa\u0107 ochron\u0119 przed \u015bwiat\u0142em <strong>r\u00f3wnie\u017c bezpo\u015brednio dwukrotnie<\/strong> aby wygenerowa\u0107 wi\u0119ksz\u0105 g\u0119sto\u015b\u0107 cz\u0105stek mineralnych, a tym samym wi\u0119ksz\u0105 ochron\u0119.<\/p>\n<p>Nasz mineralny filtr przeciws\u0142oneczny to funkcjonalny produkt przeznaczony do ochrony sk\u00f3ry, dlatego zawiera du\u017c\u0105 ilo\u015b\u0107 p\u0142ytek mineralnych. Wi\u0105\u017c\u0105 si\u0119 one z t\u0142uszczem, dlatego mog\u0105 by\u0107 lepsze dla kondycji sk\u00f3ry przez ca\u0142y okres stosowania, <strong>w tym produkty do piel\u0119gnacji<\/strong> aby utrzyma\u0107 sk\u00f3r\u0119 w doskona\u0142ej formie.<\/p>\n<p>Natychmiast po na\u0142o\u017ceniu mineralnej ochrony przed \u015bwiat\u0142em sk\u00f3ra jest chroniona bez \u017cadnego czasu reakcji. <strong>natychmiast<\/strong> chroniony.<\/p>\n<p><strong>Sk\u0142adniki<\/strong><\/p>\n<div class=\"accordion-wrapper mb-2\">\n<div class=\"product-accordion\">\n<div data-toggle=\"collapse\" data-target=\"#collapse-A-0\" aria-expanded=\"true\" aria-controls=\"collapse-A-0\">\n<p>Aqua, Zinc Oxide, Caprylic\/Capric Triglyceride, Pentylene Glycol, Cetearyl Alcohol, Carthamus Tinctorius Seed Oil*, Cetearyl Glucoside, Mangifera Indica Seed Butter**, Persea Gratissima Oil*, Tocopherol, Xanthan Gum, Magnolia Officinalis Bark Extract, Citric Acid, Polyhydroxystearic Acid, Sodium Cetearyl Sulfate, Parfum, Limonene, Citral, Geraniol, Citronellol, Linalool, Benzyl Salicylate<\/p>\n<p>*t\u0142oczone na zimno i organiczne<br \/>\n**organiczny bio<br \/>\nwega\u0144ski<\/p>\n<p>p &amp; w Vertriebs GmbH &amp; Co. KG \/ Sp\u00e4tburgunderweg 2 \/ 67098 D\u00fcrkheim \/ Niemcy \/ info@relight-delight.de<\/p>\n<\/div>\n<\/div>\n<\/div>","protected":false},"excerpt":{"rendered":"<ul>\n<li>Do twarzy i cia\u0142a<\/li>\n<li>Odbija 95% promieni UVA i UVB<\/li>\n<li>Bez toksycznych sk\u0142adnik\u00f3w i nanocz\u0105steczek<\/li>\n<li>Zapewnia natychmiastow\u0105 ochron\u0119<\/li>\n<li>Z t\u0142oczonymi na zimno organicznymi olejami aktywnymi<\/li>\n<li>Z tlenkiem cynku<\/li>\n<\/ul>","protected":false},"featured_media":50818,"template":"","meta":{"_acf_changed":false,"_et_pb_use_builder":"","_et_pb_old_content":"","_et_gb_content_width":""},"product_brand":[],"product_cat":[172],"product_tag":[],"class_list":{"0":"post-34644","1":"product","2":"type-product","3":"status-publish","4":"has-post-thumbnail","6":"product_cat-kosmetik","8":"first","9":"instock","10":"taxable","11":"shipping-taxable","12":"purchasable","13":"product-type-simple"},"acf":[],"yoast_head":"<!-- This site is optimized with the Yoast SEO plugin v26.4 - https:\/\/yoast.com\/wordpress\/plugins\/seo\/ -->\n<title>Mineralischer Sonnenschutz 50 ml - Chi statt Botox<\/title>\n<meta name=\"robots\" content=\"index, follow, max-snippet:-1, max-image-preview:large, max-video-preview:-1\" \/>\n<link rel=\"canonical\" href=\"https:\/\/chi-statt-botox.com\/pl\/produkt\/mineralischer-lichtschutz-50-ml\/\" \/>\n<meta property=\"og:locale\" content=\"pl_PL\" \/>\n<meta property=\"og:type\" content=\"article\" \/>\n<meta property=\"og:title\" content=\"Mineralischer Sonnenschutz 50 ml - Chi statt Botox\" \/>\n<meta property=\"og:description\" content=\"F\u00fcr Gesicht und K\u00f6rper  Reflektiert 95% UVA- und UVB-Strahlen  Ohne toxische Inhaltstoffe und Nanopartikel  Gibt sofortigen Schutz  Mit kaltgepressten Bio-Wirk\u00f6len  Mit Zink-Oxid\" \/>\n<meta property=\"og:url\" content=\"https:\/\/chi-statt-botox.com\/pl\/produkt\/mineralischer-lichtschutz-50-ml\/\" \/>\n<meta property=\"og:site_name\" content=\"Chi statt Botox\" \/>\n<meta property=\"article:modified_time\" content=\"2026-04-15T09:09:45+00:00\" \/>\n<meta property=\"og:image\" content=\"https:\/\/chi-statt-botox.com\/wp-content\/uploads\/mleme441-Essentials-Plus-Mineral-Sunscreen-To-Go-50ml.png\" \/>\n\t<meta property=\"og:image:width\" content=\"1011\" \/>\n\t<meta property=\"og:image:height\" content=\"1011\" \/>\n\t<meta property=\"og:image:type\" content=\"image\/png\" \/>\n<meta name=\"twitter:card\" content=\"summary_large_image\" \/>\n<meta name=\"twitter:label1\" content=\"Szacowany czas czytania\" \/>\n\t<meta name=\"twitter:data1\" content=\"4 minuty\" \/>\n<script type=\"application\/ld+json\" class=\"yoast-schema-graph\">{\"@context\":\"https:\/\/schema.org\",\"@graph\":[{\"@type\":\"WebPage\",\"@id\":\"https:\/\/chi-statt-botox.com\/produkt\/mineralischer-lichtschutz-50-ml\/\",\"url\":\"https:\/\/chi-statt-botox.com\/produkt\/mineralischer-lichtschutz-50-ml\/\",\"name\":\"Mineralischer Sonnenschutz 50 ml - Chi statt Botox\",\"isPartOf\":{\"@id\":\"https:\/\/chi-statt-botox.com\/#website\"},\"primaryImageOfPage\":{\"@id\":\"https:\/\/chi-statt-botox.com\/produkt\/mineralischer-lichtschutz-50-ml\/#primaryimage\"},\"image\":{\"@id\":\"https:\/\/chi-statt-botox.com\/produkt\/mineralischer-lichtschutz-50-ml\/#primaryimage\"},\"thumbnailUrl\":\"https:\/\/chi-statt-botox.com\/wp-content\/uploads\/mleme441-Essentials-Plus-Mineral-Sunscreen-To-Go-50ml.png\",\"datePublished\":\"2024-04-15T07:26:07+00:00\",\"dateModified\":\"2026-04-15T09:09:45+00:00\",\"breadcrumb\":{\"@id\":\"https:\/\/chi-statt-botox.com\/produkt\/mineralischer-lichtschutz-50-ml\/#breadcrumb\"},\"inLanguage\":\"pl-PL\",\"potentialAction\":[{\"@type\":\"ReadAction\",\"target\":[\"https:\/\/chi-statt-botox.com\/produkt\/mineralischer-lichtschutz-50-ml\/\"]}]},{\"@type\":\"ImageObject\",\"inLanguage\":\"pl-PL\",\"@id\":\"https:\/\/chi-statt-botox.com\/produkt\/mineralischer-lichtschutz-50-ml\/#primaryimage\",\"url\":\"https:\/\/chi-statt-botox.com\/wp-content\/uploads\/mleme441-Essentials-Plus-Mineral-Sunscreen-To-Go-50ml.png\",\"contentUrl\":\"https:\/\/chi-statt-botox.com\/wp-content\/uploads\/mleme441-Essentials-Plus-Mineral-Sunscreen-To-Go-50ml.png\",\"width\":1011,\"height\":1011},{\"@type\":\"BreadcrumbList\",\"@id\":\"https:\/\/chi-statt-botox.com\/produkt\/mineralischer-lichtschutz-50-ml\/#breadcrumb\",\"itemListElement\":[{\"@type\":\"ListItem\",\"position\":1,\"name\":\"Startseite\",\"item\":\"https:\/\/chi-statt-botox.com\/\"},{\"@type\":\"ListItem\",\"position\":2,\"name\":\"Produkte\",\"item\":\"https:\/\/chi-statt-botox.com\/shop\/\"},{\"@type\":\"ListItem\",\"position\":3,\"name\":\"Mineralischer Sonnenschutz 50 ml\"}]},{\"@type\":\"WebSite\",\"@id\":\"https:\/\/chi-statt-botox.com\/#website\",\"url\":\"https:\/\/chi-statt-botox.com\/\",\"name\":\"Chi statt Botox\",\"description\":\"Falten wegzaubern, Haut straffen\",\"potentialAction\":[{\"@type\":\"SearchAction\",\"target\":{\"@type\":\"EntryPoint\",\"urlTemplate\":\"https:\/\/chi-statt-botox.com\/?s={search_term_string}\"},\"query-input\":{\"@type\":\"PropertyValueSpecification\",\"valueRequired\":true,\"valueName\":\"search_term_string\"}}],\"inLanguage\":\"pl-PL\"}]}<\/script>\n<!-- \/ Yoast SEO plugin. -->","yoast_head_json":{"title":"Mineralischer Sonnenschutz 50 ml - Chi statt Botox","robots":{"index":"index","follow":"follow","max-snippet":"max-snippet:-1","max-image-preview":"max-image-preview:large","max-video-preview":"max-video-preview:-1"},"canonical":"https:\/\/chi-statt-botox.com\/pl\/produkt\/mineralischer-lichtschutz-50-ml\/","og_locale":"pl_PL","og_type":"article","og_title":"Mineralischer Sonnenschutz 50 ml - Chi statt Botox","og_description":"F\u00fcr Gesicht und K\u00f6rper  Reflektiert 95% UVA- und UVB-Strahlen  Ohne toxische Inhaltstoffe und Nanopartikel  Gibt sofortigen Schutz  Mit kaltgepressten Bio-Wirk\u00f6len  Mit Zink-Oxid","og_url":"https:\/\/chi-statt-botox.com\/pl\/produkt\/mineralischer-lichtschutz-50-ml\/","og_site_name":"Chi statt Botox","article_modified_time":"2026-04-15T09:09:45+00:00","og_image":[{"width":1011,"height":1011,"url":"https:\/\/chi-statt-botox.com\/wp-content\/uploads\/mleme441-Essentials-Plus-Mineral-Sunscreen-To-Go-50ml.png","type":"image\/png"}],"twitter_card":"summary_large_image","twitter_misc":{"Szacowany czas czytania":"4 minuty"},"schema":{"@context":"https:\/\/schema.org","@graph":[{"@type":"WebPage","@id":"https:\/\/chi-statt-botox.com\/produkt\/mineralischer-lichtschutz-50-ml\/","url":"https:\/\/chi-statt-botox.com\/produkt\/mineralischer-lichtschutz-50-ml\/","name":"Mineralischer Sonnenschutz 50 ml - Chi statt Botox","isPartOf":{"@id":"https:\/\/chi-statt-botox.com\/#website"},"primaryImageOfPage":{"@id":"https:\/\/chi-statt-botox.com\/produkt\/mineralischer-lichtschutz-50-ml\/#primaryimage"},"image":{"@id":"https:\/\/chi-statt-botox.com\/produkt\/mineralischer-lichtschutz-50-ml\/#primaryimage"},"thumbnailUrl":"https:\/\/chi-statt-botox.com\/wp-content\/uploads\/mleme441-Essentials-Plus-Mineral-Sunscreen-To-Go-50ml.png","datePublished":"2024-04-15T07:26:07+00:00","dateModified":"2026-04-15T09:09:45+00:00","breadcrumb":{"@id":"https:\/\/chi-statt-botox.com\/produkt\/mineralischer-lichtschutz-50-ml\/#breadcrumb"},"inLanguage":"pl-PL","potentialAction":[{"@type":"ReadAction","target":["https:\/\/chi-statt-botox.com\/produkt\/mineralischer-lichtschutz-50-ml\/"]}]},{"@type":"ImageObject","inLanguage":"pl-PL","@id":"https:\/\/chi-statt-botox.com\/produkt\/mineralischer-lichtschutz-50-ml\/#primaryimage","url":"https:\/\/chi-statt-botox.com\/wp-content\/uploads\/mleme441-Essentials-Plus-Mineral-Sunscreen-To-Go-50ml.png","contentUrl":"https:\/\/chi-statt-botox.com\/wp-content\/uploads\/mleme441-Essentials-Plus-Mineral-Sunscreen-To-Go-50ml.png","width":1011,"height":1011},{"@type":"BreadcrumbList","@id":"https:\/\/chi-statt-botox.com\/produkt\/mineralischer-lichtschutz-50-ml\/#breadcrumb","itemListElement":[{"@type":"ListItem","position":1,"name":"Startseite","item":"https:\/\/chi-statt-botox.com\/"},{"@type":"ListItem","position":2,"name":"Produkte","item":"https:\/\/chi-statt-botox.com\/shop\/"},{"@type":"ListItem","position":3,"name":"Mineralischer Sonnenschutz 50 ml"}]},{"@type":"WebSite","@id":"https:\/\/chi-statt-botox.com\/#website","url":"https:\/\/chi-statt-botox.com\/","name":"Chi zamiast botoksu","description":"Usuwa zmarszczki, napina sk\u00f3r\u0119","potentialAction":[{"@type":"SearchAction","target":{"@type":"EntryPoint","urlTemplate":"https:\/\/chi-statt-botox.com\/?s={search_term_string}"},"query-input":{"@type":"PropertyValueSpecification","valueRequired":true,"valueName":"search_term_string"}}],"inLanguage":"pl-PL"}]}},"_links":{"self":[{"href":"https:\/\/chi-statt-botox.com\/pl\/wp-json\/wp\/v2\/product\/34644","targetHints":{"allow":["GET"]}}],"collection":[{"href":"https:\/\/chi-statt-botox.com\/pl\/wp-json\/wp\/v2\/product"}],"about":[{"href":"https:\/\/chi-statt-botox.com\/pl\/wp-json\/wp\/v2\/types\/product"}],"wp:featuredmedia":[{"embeddable":true,"href":"https:\/\/chi-statt-botox.com\/pl\/wp-json\/wp\/v2\/media\/50818"}],"wp:attachment":[{"href":"https:\/\/chi-statt-botox.com\/pl\/wp-json\/wp\/v2\/media?parent=34644"}],"wp:term":[{"taxonomy":"product_brand","embeddable":true,"href":"https:\/\/chi-statt-botox.com\/pl\/wp-json\/wp\/v2\/product_brand?post=34644"},{"taxonomy":"product_cat","embeddable":true,"href":"https:\/\/chi-statt-botox.com\/pl\/wp-json\/wp\/v2\/product_cat?post=34644"},{"taxonomy":"product_tag","embeddable":true,"href":"https:\/\/chi-statt-botox.com\/pl\/wp-json\/wp\/v2\/product_tag?post=34644"}],"curies":[{"name":"wp","href":"https:\/\/api.w.org\/{rel}","templated":true}]}}