{"id":34652,"date":"2024-04-15T10:32:12","date_gmt":"2024-04-15T08:32:12","guid":{"rendered":"https:\/\/chi-statt-botox.com\/?post_type=product&#038;p=34652"},"modified":"2026-04-09T13:49:57","modified_gmt":"2026-04-09T11:49:57","slug":"sonnenkuss-bundle","status":"publish","type":"product","link":"https:\/\/chi-statt-botox.com\/pl\/produkt\/sonnenkuss-bundle\/","title":{"rendered":"Sun kiss bundle"},"content":{"rendered":"<p>Mineralna ochrona przeciws\u0142oneczna + aloes w sprayu = idealne po\u0142\u0105czenie dla zdrowej sk\u00f3ry latem.<\/p>\n<p><strong>MINERALNA OCHRONA PRZED \u015aWIAT\u0141EM<\/strong><\/p>\n<p>Dla <strong>Twarz<\/strong>\u00a0oraz\u00a0<strong>Cia\u0142o <\/strong>w por\u0119cznym rozmiarze do podr\u00f3\u017cy. Dzi\u0119ki po\u0142\u0105czeniu\u00a0<strong>Cynk<\/strong>po\u017cywny\u00a0<strong>t\u0142oczone na zimno organiczne oleje aktywne<\/strong>\u00a0i zharmonizowane\u00a0<strong>Substancje piel\u0119gnacyjne<\/strong>\u00a0to idealna ochrona przeciws\u0142oneczna dla zdrowej sk\u00f3ry.<\/p>\n<p><strong>95%<\/strong>\u00a0w\u00a0<strong>UVA-<\/strong>\u00a0oraz\u00a0<strong>Promienie UVB<\/strong>\u00a0sta\u0107 si\u0119\u00a0<strong>odzwierciedlony<\/strong>.<br \/>\n<strong>Dla por\u00f3wnania<\/strong>SPF 20 odpycha 95% promieni, SPF 50 odpycha co najwy\u017cej 98% (istniej\u0105 dane z 96,3%), wi\u0119c ochrona jest niewiele wy\u017csza.<\/p>\n<p>Nie s\u0105 tu stosowane \u017cadne chemiczne filtry chroni\u0105ce przed \u015bwiat\u0142em. Cynk jest<strong>\u00a0Naturalny filtr chroni\u0105cy przed promieniowaniem UV<\/strong>w\u00a0<strong>natychmiast<\/strong>\u00a0chroni sk\u00f3r\u0119 po aplikacji, nie powoduj\u0105c uszkodze\u0144 toksycznych i hormonalnych. Sk\u0142adniki mineralne poch\u0142aniaj\u0105 i odbijaj\u0105 \u015bwiat\u0142o s\u0142oneczne, co oznacza, \u017ce sk\u00f3ra nie wymaga ochrony.\u00a0<strong>brak proces\u00f3w chemicznych<\/strong>. (Chemiczne filtry UV cz\u0119sto zanieczyszczaj\u0105 organizm wysoce toksycznymi, hormonalnie aktywnymi substancjami i czasami mog\u0105 mie\u0107 powa\u017cne konsekwencje).\u00a0<strong>Olej z krokosza barwierskiego<\/strong>,\u00a0<strong>Olej z awokado<\/strong>\u00a0oraz\u00a0<strong>Mas\u0142o mango<\/strong>\u00a0s\u0105 idealnym plusem dla sk\u00f3ry. Zapewniaj\u0105 jej\u00a0<strong>Kwasy t\u0142uszczowe<\/strong>\u00a0oraz\u00a0<strong>Witaminy<\/strong>\u00a0a tym samym wspiera\u0107 ich regeneracj\u0119 i utrzymanie.<\/p>\n<p><strong>ALOES W SPRAYU<\/strong><\/p>\n<p>KUMARI Aloe Vera Spray nie jest - jak wi\u0119kszo\u015b\u0107 produkt\u00f3w z aloesem - na bazie wody, ale zawiera\u00a0<strong>92% \u015awie\u017cy organiczny sok z aloesu<\/strong>. To sprawia, \u017ce jest to\u00a0<strong>Intensywny krem nawil\u017caj\u0105cy<\/strong>kt\u00f3ry przyjemnie ch\u0142odzi sk\u00f3r\u0119. Spray od\u015bwie\u017ca i rewitalizuje dzi\u0119ki pe\u0142nej gamie wysokiej jako\u015bci sk\u0142adnik\u00f3w aktywnych aloesu. Jest to idealny produkt do piel\u0119gnacji sk\u00f3ry zm\u0119czonej s\u0142o\u0144cem, a tak\u017ce po opalaniu, goleniu, peelingu i suchej sk\u00f3rze g\u0142owy.<\/p>\n<p>\u015awie\u017cy sok z aloesu u\u017cywany do produkcji tego sprayu pochodzi z kontrolowanych upraw ekologicznych i zr\u00f3wnowa\u017conych w kilku krajach - w pe\u0142nym s\u0142o\u0144cu i wolno rosn\u0105cych, dzi\u0119ki czemu wszystkie sk\u0142adniki mog\u0105 tworzy\u0107 si\u0119 w li\u015bciach ro\u015bliny.\u00a0<span class=\"s1\">Idealne wsp\u00f3\u0142granie tych\u00a0<strong>Ponad 160 substancji witalnych w soku z aloesu<\/strong>\u00a0jest powodem jego\u00a0<strong>wysoka skuteczno\u015b\u0107<\/strong>dla zdrowia i urody.<\/span><\/p>\n<p><strong>WNIOSEK<\/strong><\/p>\n<p><strong>Mineralna ochrona przed \u015bwiat\u0142em<\/strong><\/p>\n<p>Na\u0142\u00f3\u017c krem przeciws\u0142oneczny\u00a0<strong>bez wielkiej presji<\/strong>\u00a0oraz\u00a0<strong>bez wi\u0119kszego tarcia<\/strong>\u00a0na twarz i cia\u0142o, a\u017c pozostanie lekko szarawy film. Zostaje ona wch\u0142oni\u0119ta w ci\u0105gu kilku sekund i nie jest ju\u017c widoczna. Na sk\u00f3rze znajduje si\u0119 teraz ci\u0105g\u0142a siatka, kt\u00f3ra zapewnia\u00a0<strong>Ochrona od momentu aplikacji<\/strong>\u00a0oferty. Aby unikn\u0105\u0107 przesuni\u0119cia tej siatki ochronnej, nale\u017cy unika\u0107 wywierania nacisku na sk\u00f3r\u0119, aby rozprowadzi\u0107 filtr przeciws\u0142oneczny na sk\u00f3rze.<\/p>\n<p>Po k\u0105pieli wodnej, poceniu si\u0119 lub pocieraniu nale\u017cy ponownie na\u0142o\u017cy\u0107 mineraln\u0105 ochron\u0119 przed \u015bwiat\u0142em, a natychmiast uzyskasz ochron\u0119 w postaci nienaruszonej struktury siatki na sk\u00f3rze. W razie potrzeby mo\u017cna ponownie zastosowa\u0107 ochron\u0119 przed \u015bwiat\u0142em\u00a0<strong>r\u00f3wnie\u017c bezpo\u015brednio dwukrotnie<\/strong>\u00a0aby wygenerowa\u0107 wi\u0119ksz\u0105 g\u0119sto\u015b\u0107 cz\u0105stek mineralnych, a tym samym wi\u0119ksz\u0105 ochron\u0119.<\/p>\n<p>Nasz mineralny filtr przeciws\u0142oneczny to funkcjonalny produkt przeznaczony do ochrony sk\u00f3ry, dlatego zawiera du\u017c\u0105 ilo\u015b\u0107 p\u0142ytek mineralnych. Wi\u0105\u017c\u0105 si\u0119 one z t\u0142uszczem, dlatego mog\u0105 by\u0107 lepsze dla kondycji sk\u00f3ry przez ca\u0142y okres stosowania,\u00a0<strong>w tym produkty do piel\u0119gnacji<\/strong>\u00a0aby utrzyma\u0107 sk\u00f3r\u0119 w doskona\u0142ej formie.<\/p>\n<p>Natychmiast po na\u0142o\u017ceniu mineralnej ochrony przed \u015bwiat\u0142em sk\u00f3ra jest chroniona bez \u017cadnego czasu reakcji.\u00a0<strong>natychmiast<\/strong>\u00a0chroniony.<\/p>\n<p><strong>Aloe Vera Spray<\/strong><\/p>\n<p><strong>Spryska\u0107 sk\u00f3r\u0119 wed\u0142ug uznania.<\/strong>\u00a0Pomaga sk\u00f3rze zestresowanej s\u0142o\u0144cem latem, a tak\u017ce sk\u00f3rze zestresowanej ogrzewaniem powietrza zim\u0105.<\/p>\n<p><strong>Do w\u0142os\u00f3w i sk\u00f3ry g\u0142owy:<\/strong>\u00a0Rozpyli\u0107 spray bezpo\u015brednio na sk\u00f3r\u0119 g\u0142owy, delikatnie wmasowa\u0107 i pozostawi\u0107 do wyschni\u0119cia. Mo\u017ce by\u0107 r\u00f3wnie\u017c stosowany jako kuracja na d\u0142ugo\u015bci i ko\u0144ce w\u0142os\u00f3w. Regularne stosowanie aloesu nadaje w\u0142osom pe\u0142ni\u0119 i si\u0142\u0119.<\/p>\n<p><strong>Tekstura sk\u00f3ry:\u00a0<\/strong>Odpowiedni dla ka\u017cdego rodzaju sk\u00f3ry<\/p>\n<p><strong>SPIS TRE\u015aCI<\/strong><\/p>\n<p><strong>Mineralna ochrona przed \u015bwiat\u0142em<\/strong><\/p>\n<p>Aqua, Zinc Oxide, Caprylic\/Capric Triglyceride, Pentylene Glycol, Cetearyl Alcohol, Carthamus Tinctorius Seed Oil*, Cetearyl Glucoside, Mangifera Indica Seed Butter**, Persea Gratissima Oil*, Tocopherol, Xanthan Gum, Magnolia Officinalis Bark Extract, Citric Acid, Polyhydroxystearic Acid, Sodium Cetearyl Sulfate, Parfum, Limonene, Citral, Geraniol, Citronellol, Linalool, Benzyl Salicylate<\/p>\n<p><em>*t\u0142oczone na zimno i organiczne<\/em><br \/>\n<em>**organiczny bio<\/em><br \/>\n<em>wega\u0144ski<\/em><\/p>\n<p><strong>Aloe Vera Spray<\/strong><\/p>\n<p>Aloe Barbadensis Leaf Juice* 92%, Glycerin, Aqua, Sodium Benzoate, Sodium Levulinate, Glyceryl Caprylate, Parfum (pochodzenia naturalnego), Citric Acid, Potassum Sorbate, Linalool.<\/p>\n<p><em>*z certyfikowanych upraw ekologicznych<br \/>\n<\/em><em>99% Sk\u0142adniki pochodzenia naturalnego<br \/>\n92% Sk\u0142adniki pochodz\u0105ce z upraw ekologicznych<\/em><\/p>\n<p><strong>Aplikacja wideo<\/strong> (wystarczy klikn\u0105\u0107):<em><br \/>\n<\/em><a href=\"https:\/\/www.youtube.com\/watch?v=-Cz28tmNDxw&amp;t=152s\" target=\"_blank\" rel=\"noopener\"><strong>\"S\u0142o\u0144ce jako ANTI AGING &amp; najlepszy krem przeciws\u0142oneczny \u2600\ufe0f\ud83d\udc49 dlaczego nic nie jest takie, jak nam m\u00f3wiono! \ud83e\udd26\u200d\u2640\ufe0f\"<\/strong><\/a><br \/>\n<a href=\"https:\/\/www.youtube.com\/watch?v=eSaPbxLUohU&amp;t=460s\" target=\"_blank\" rel=\"noopener\"><strong>\"Botox dzia\u0142a na zmarszczki \ud83d\ude4c (trudno w to uwierzy\u0107)\"<\/strong><\/a><br \/>\n<a href=\"https:\/\/www.youtube.com\/watch?v=isd0JRrrbwE\" target=\"_blank\" rel=\"noopener\"><strong>\"3 rewelacyjne wskaz\u00f3wki dla pulchnej sk\u00f3ry po 40 \/ 50 \ud83d\ude4c (tylko 2% o tym wie)\"<\/strong><\/a><br \/>\n<a href=\"https:\/\/www.youtube.com\/watch?v=H_FJB9WapJg&amp;t=10s\" target=\"_blank\" rel=\"noopener\"><strong>\"TYLKO 3 kroki do zmniejszenia fa\u0142d\u00f3w nosowo-wargowych (skuteczno\u015b\u0107 100%, bez koszt\u00f3w)\"<\/strong><\/a><\/p>\n<p>p &amp; w Vertriebs GmbH &amp; Co. KG \/ Sp\u00e4tburgunderweg 2 \/ 67098 D\u00fcrkheim \/ Niemcy \/ info@relight-delight.de<br \/>\nKUMARI-Produkte Vertriebs GmbH \/ Stutterheimstr. 16 \/ 1150 Wiede\u0144 \/ Austria \/ office@kumari.at<\/p>","protected":false},"excerpt":{"rendered":"<ul>\n<li>Idealne po\u0142\u0105czenie dla letniej sk\u00f3ry<\/li>\n<li>Chroni, od\u017cywia i \u0142agodzi zestresowan\u0105 sk\u00f3r\u0119<\/li>\n<li>Mineralna ochrona przed \u015bwiat\u0142em wolna od toksyn<\/li>\n<li>Spryska\u0107 \u015bwie\u017cym organicznym sokiem z aloesu 92%<\/li>\n<\/ul>","protected":false},"featured_media":51203,"template":"","meta":{"_acf_changed":false,"_et_pb_use_builder":"","_et_pb_old_content":"","_et_gb_content_width":""},"product_brand":[],"product_cat":[172],"product_tag":[],"class_list":{"0":"post-34652","1":"product","2":"type-product","3":"status-publish","4":"has-post-thumbnail","6":"product_cat-kosmetik","8":"first","9":"instock","10":"sale","11":"taxable","12":"shipping-taxable","13":"purchasable","14":"product-type-simple"},"acf":[],"yoast_head":"<!-- This site is optimized with the Yoast SEO plugin v26.4 - https:\/\/yoast.com\/wordpress\/plugins\/seo\/ -->\n<title>Sonnenkuss Bundle - Chi statt Botox<\/title>\n<meta name=\"robots\" content=\"index, follow, max-snippet:-1, max-image-preview:large, max-video-preview:-1\" \/>\n<link rel=\"canonical\" href=\"https:\/\/chi-statt-botox.com\/pl\/produkt\/sonnenkuss-bundle\/\" \/>\n<meta property=\"og:locale\" content=\"pl_PL\" \/>\n<meta property=\"og:type\" content=\"article\" \/>\n<meta property=\"og:title\" content=\"Sonnenkuss Bundle - Chi statt Botox\" \/>\n<meta property=\"og:description\" content=\"Die perfekte Kombi f\u00fcr die Sommerhaut  Sch\u00fctzt, pflegt und beruhigt gestresste Haut  Mineralischer Lichtschutz frei von Toxinen  Spray mit 92% frischem Bio-Aloe Vera Pflanzensaft\" \/>\n<meta property=\"og:url\" content=\"https:\/\/chi-statt-botox.com\/pl\/produkt\/sonnenkuss-bundle\/\" \/>\n<meta property=\"og:site_name\" content=\"Chi statt Botox\" \/>\n<meta property=\"article:modified_time\" content=\"2026-04-09T11:49:57+00:00\" \/>\n<meta property=\"og:image\" content=\"https:\/\/chi-statt-botox.com\/wp-content\/uploads\/Unbenannt-1-4.jpg\" \/>\n\t<meta property=\"og:image:width\" content=\"1920\" \/>\n\t<meta property=\"og:image:height\" content=\"1920\" \/>\n\t<meta property=\"og:image:type\" content=\"image\/jpeg\" \/>\n<meta name=\"twitter:card\" content=\"summary_large_image\" \/>\n<meta name=\"twitter:label1\" content=\"Szacowany czas czytania\" \/>\n\t<meta name=\"twitter:data1\" content=\"5 minut\" \/>\n<script type=\"application\/ld+json\" class=\"yoast-schema-graph\">{\"@context\":\"https:\/\/schema.org\",\"@graph\":[{\"@type\":\"WebPage\",\"@id\":\"https:\/\/chi-statt-botox.com\/produkt\/sonnenkuss-bundle\/\",\"url\":\"https:\/\/chi-statt-botox.com\/produkt\/sonnenkuss-bundle\/\",\"name\":\"Sonnenkuss Bundle - Chi statt Botox\",\"isPartOf\":{\"@id\":\"https:\/\/chi-statt-botox.com\/#website\"},\"primaryImageOfPage\":{\"@id\":\"https:\/\/chi-statt-botox.com\/produkt\/sonnenkuss-bundle\/#primaryimage\"},\"image\":{\"@id\":\"https:\/\/chi-statt-botox.com\/produkt\/sonnenkuss-bundle\/#primaryimage\"},\"thumbnailUrl\":\"https:\/\/chi-statt-botox.com\/wp-content\/uploads\/Unbenannt-1-4.jpg\",\"datePublished\":\"2024-04-15T08:32:12+00:00\",\"dateModified\":\"2026-04-09T11:49:57+00:00\",\"breadcrumb\":{\"@id\":\"https:\/\/chi-statt-botox.com\/produkt\/sonnenkuss-bundle\/#breadcrumb\"},\"inLanguage\":\"pl-PL\",\"potentialAction\":[{\"@type\":\"ReadAction\",\"target\":[\"https:\/\/chi-statt-botox.com\/produkt\/sonnenkuss-bundle\/\"]}]},{\"@type\":\"ImageObject\",\"inLanguage\":\"pl-PL\",\"@id\":\"https:\/\/chi-statt-botox.com\/produkt\/sonnenkuss-bundle\/#primaryimage\",\"url\":\"https:\/\/chi-statt-botox.com\/wp-content\/uploads\/Unbenannt-1-4.jpg\",\"contentUrl\":\"https:\/\/chi-statt-botox.com\/wp-content\/uploads\/Unbenannt-1-4.jpg\",\"width\":1920,\"height\":1920},{\"@type\":\"BreadcrumbList\",\"@id\":\"https:\/\/chi-statt-botox.com\/produkt\/sonnenkuss-bundle\/#breadcrumb\",\"itemListElement\":[{\"@type\":\"ListItem\",\"position\":1,\"name\":\"Startseite\",\"item\":\"https:\/\/chi-statt-botox.com\/\"},{\"@type\":\"ListItem\",\"position\":2,\"name\":\"Produkte\",\"item\":\"https:\/\/chi-statt-botox.com\/shop\/\"},{\"@type\":\"ListItem\",\"position\":3,\"name\":\"Sonnenkuss Bundle\"}]},{\"@type\":\"WebSite\",\"@id\":\"https:\/\/chi-statt-botox.com\/#website\",\"url\":\"https:\/\/chi-statt-botox.com\/\",\"name\":\"Chi statt Botox\",\"description\":\"Falten wegzaubern, Haut straffen\",\"potentialAction\":[{\"@type\":\"SearchAction\",\"target\":{\"@type\":\"EntryPoint\",\"urlTemplate\":\"https:\/\/chi-statt-botox.com\/?s={search_term_string}\"},\"query-input\":{\"@type\":\"PropertyValueSpecification\",\"valueRequired\":true,\"valueName\":\"search_term_string\"}}],\"inLanguage\":\"pl-PL\"}]}<\/script>\n<!-- \/ Yoast SEO plugin. -->","yoast_head_json":{"title":"Sonnenkuss Bundle - Chi statt Botox","robots":{"index":"index","follow":"follow","max-snippet":"max-snippet:-1","max-image-preview":"max-image-preview:large","max-video-preview":"max-video-preview:-1"},"canonical":"https:\/\/chi-statt-botox.com\/pl\/produkt\/sonnenkuss-bundle\/","og_locale":"pl_PL","og_type":"article","og_title":"Sonnenkuss Bundle - Chi statt Botox","og_description":"Die perfekte Kombi f\u00fcr die Sommerhaut  Sch\u00fctzt, pflegt und beruhigt gestresste Haut  Mineralischer Lichtschutz frei von Toxinen  Spray mit 92% frischem Bio-Aloe Vera Pflanzensaft","og_url":"https:\/\/chi-statt-botox.com\/pl\/produkt\/sonnenkuss-bundle\/","og_site_name":"Chi statt Botox","article_modified_time":"2026-04-09T11:49:57+00:00","og_image":[{"width":1920,"height":1920,"url":"https:\/\/chi-statt-botox.com\/wp-content\/uploads\/Unbenannt-1-4.jpg","type":"image\/jpeg"}],"twitter_card":"summary_large_image","twitter_misc":{"Szacowany czas czytania":"5 minut"},"schema":{"@context":"https:\/\/schema.org","@graph":[{"@type":"WebPage","@id":"https:\/\/chi-statt-botox.com\/produkt\/sonnenkuss-bundle\/","url":"https:\/\/chi-statt-botox.com\/produkt\/sonnenkuss-bundle\/","name":"Sonnenkuss Bundle - Chi statt Botox","isPartOf":{"@id":"https:\/\/chi-statt-botox.com\/#website"},"primaryImageOfPage":{"@id":"https:\/\/chi-statt-botox.com\/produkt\/sonnenkuss-bundle\/#primaryimage"},"image":{"@id":"https:\/\/chi-statt-botox.com\/produkt\/sonnenkuss-bundle\/#primaryimage"},"thumbnailUrl":"https:\/\/chi-statt-botox.com\/wp-content\/uploads\/Unbenannt-1-4.jpg","datePublished":"2024-04-15T08:32:12+00:00","dateModified":"2026-04-09T11:49:57+00:00","breadcrumb":{"@id":"https:\/\/chi-statt-botox.com\/produkt\/sonnenkuss-bundle\/#breadcrumb"},"inLanguage":"pl-PL","potentialAction":[{"@type":"ReadAction","target":["https:\/\/chi-statt-botox.com\/produkt\/sonnenkuss-bundle\/"]}]},{"@type":"ImageObject","inLanguage":"pl-PL","@id":"https:\/\/chi-statt-botox.com\/produkt\/sonnenkuss-bundle\/#primaryimage","url":"https:\/\/chi-statt-botox.com\/wp-content\/uploads\/Unbenannt-1-4.jpg","contentUrl":"https:\/\/chi-statt-botox.com\/wp-content\/uploads\/Unbenannt-1-4.jpg","width":1920,"height":1920},{"@type":"BreadcrumbList","@id":"https:\/\/chi-statt-botox.com\/produkt\/sonnenkuss-bundle\/#breadcrumb","itemListElement":[{"@type":"ListItem","position":1,"name":"Startseite","item":"https:\/\/chi-statt-botox.com\/"},{"@type":"ListItem","position":2,"name":"Produkte","item":"https:\/\/chi-statt-botox.com\/shop\/"},{"@type":"ListItem","position":3,"name":"Sonnenkuss Bundle"}]},{"@type":"WebSite","@id":"https:\/\/chi-statt-botox.com\/#website","url":"https:\/\/chi-statt-botox.com\/","name":"Chi zamiast botoksu","description":"Usuwa zmarszczki, napina sk\u00f3r\u0119","potentialAction":[{"@type":"SearchAction","target":{"@type":"EntryPoint","urlTemplate":"https:\/\/chi-statt-botox.com\/?s={search_term_string}"},"query-input":{"@type":"PropertyValueSpecification","valueRequired":true,"valueName":"search_term_string"}}],"inLanguage":"pl-PL"}]}},"_links":{"self":[{"href":"https:\/\/chi-statt-botox.com\/pl\/wp-json\/wp\/v2\/product\/34652","targetHints":{"allow":["GET"]}}],"collection":[{"href":"https:\/\/chi-statt-botox.com\/pl\/wp-json\/wp\/v2\/product"}],"about":[{"href":"https:\/\/chi-statt-botox.com\/pl\/wp-json\/wp\/v2\/types\/product"}],"wp:featuredmedia":[{"embeddable":true,"href":"https:\/\/chi-statt-botox.com\/pl\/wp-json\/wp\/v2\/media\/51203"}],"wp:attachment":[{"href":"https:\/\/chi-statt-botox.com\/pl\/wp-json\/wp\/v2\/media?parent=34652"}],"wp:term":[{"taxonomy":"product_brand","embeddable":true,"href":"https:\/\/chi-statt-botox.com\/pl\/wp-json\/wp\/v2\/product_brand?post=34652"},{"taxonomy":"product_cat","embeddable":true,"href":"https:\/\/chi-statt-botox.com\/pl\/wp-json\/wp\/v2\/product_cat?post=34652"},{"taxonomy":"product_tag","embeddable":true,"href":"https:\/\/chi-statt-botox.com\/pl\/wp-json\/wp\/v2\/product_tag?post=34652"}],"curies":[{"name":"wp","href":"https:\/\/api.w.org\/{rel}","templated":true}]}}