{"id":34749,"date":"2024-04-19T09:27:27","date_gmt":"2024-04-19T07:27:27","guid":{"rendered":"https:\/\/chi-statt-botox.com\/?post_type=product&#038;p=34749"},"modified":"2026-04-12T20:01:20","modified_gmt":"2026-04-12T18:01:20","slug":"omnilux-mini-skin-corrector","status":"publish","type":"product","link":"https:\/\/chi-statt-botox.com\/pl\/produkt\/omnilux-mini-skin-corrector\/","title":{"rendered":"Omnilux Mini Skin Corrector"},"content":{"rendered":"<p>Mini korektor sk\u00f3ry z pe\u0142n\u0105 skuteczno\u015bci\u0105 technologii LED, a jednocze\u015bnie w kieszonkowym rozmiarze. Z pomoc\u0105 <strong>\u015awiat\u0142o czerwone i bliskiej podczerwieni<\/strong> pomaga <strong>Oznaki starzenia si\u0119<\/strong> oraz <strong>Plamy starcze<\/strong> oraz <strong>Zaczerwienienie<\/strong> w zdrow\u0105, m\u0142odo wygl\u0105daj\u0105c\u0105 sk\u00f3r\u0119. Wzbogacony witamin\u0105 C i kwasem azelainowym <strong>Plastry hydrokoloidowe<\/strong> pomagaj\u0105 rozja\u015bni\u0107 odcie\u0144 sk\u00f3ry i zmniejszy\u0107 pigmentacj\u0119.<strong>\u00a0<\/strong><\/p>\n<p>Skin Corrector wykorzystuje pot\u0119\u017cne po\u0142\u0105czenie czerwonego i bliskiego podczerwieni \u015bwiat\u0142a LED oraz aktywowanych plastr\u00f3w hydrokoloidowych, aby <strong>Ukierunkowane zabiegi przeciwstarzeniowe<\/strong> wok\u00f3\u0142 twarzy w celu zmniejszenia drobnych linii i zmarszczek, uszkodze\u0144 s\u0142onecznych i pigmentacji.<\/p>\n<p>The <strong>czerwony<\/strong> D\u0142ugo\u015b\u0107 fali (633 nm) <strong>Zmniejsza stany zapalne, przebarwienia i zaczerwienienia<\/strong> i promuje <strong>Naprawa kom\u00f3rek<\/strong> oraz <strong>Obieg kom\u00f3rek<\/strong> dla o\u017cywionej cery.<\/p>\n<p>The <strong>bliska podczerwie\u0144<\/strong> D\u0142ugo\u015b\u0107 fali (830 nm) jest skierowana na <strong>g\u0142\u0119biej po\u0142o\u017cone kom\u00f3rki fibroblast\u00f3w<\/strong> i stymuluje <strong>Produkcja nowego kolagenu i elastyny<\/strong>co prowadzi do pulchniejszej, j\u0119drniejszej i m\u0142odziej wygl\u0105daj\u0105cej sk\u00f3ry.<\/p>\n<p>Jednorazowe<strong>Plastry hydrokoloidowe<\/strong> pomagaj\u0105 zoptymalizowa\u0107 urz\u0105dzenie pod k\u0105tem <strong>odr\u0119cznie<\/strong> zabiegi na sk\u00f3rze, a dzi\u0119ki sk\u0142adnikom takim jak witamina C i kwas azelainowy zapewniaj\u0105 <strong>Dodatkowe wybielanie<\/strong> oraz <strong>Korekta<\/strong>.<\/p>\n<p><strong>Osobista notatka od Christiny:<\/strong> <em>Plastry pomagaj\u0105 r\u00f3wnie\u017c rozja\u015bni\u0107 sk\u00f3r\u0119 i utrzymuj\u0105 urz\u0105dzenie w miejscu, dzi\u0119ki czemu mo\u017cna go u\u017cywa\u0107 bez u\u017cycia r\u0105k. Ale urz\u0105dzenie ma r\u00f3wnie\u017c swoje zastosowania bez plastr\u00f3w <strong>Pe\u0142na skuteczno\u015b\u0107<\/strong>poniewa\u017c dotyczy g\u0142\u00f3wnie technologii LED. W zestawie znajduje si\u0119 14 \u0142atek, kt\u00f3re oferujemy -&gt;<a href=\"https:\/\/chi-statt-botox.com\/pl\/produkt\/nachfuellpack-patches-skin-corrector\/?v=fa868488740a\" target=\"_blank\" rel=\"noopener\"><strong>TUTAJ<\/strong> <\/a>mo\u017cliwo\u015b\u0107 dokupienia ich. Moim zdaniem nie s\u0105 one jednak konieczne, poniewa\u017c jest to dok\u0142adnie ta sama maska w wersji mini, kt\u00f3rej u\u017cywa si\u0119 bez plastr\u00f3w.\u00a0<\/em><\/p>\n<p><strong>Stosowa\u0107 3-5 razy w tygodniu przez 10 minut.<\/strong><\/p>\n<ol>\n<li>Na\u0142aduj urz\u0105dzenie za pomoc\u0105 dostarczonego kabla do \u0142adowania.<\/li>\n<li>Odklej samoprzylepn\u0105 stron\u0119 1 plastra hydrokoloidowego (oznaczon\u0105 symbolem urz\u0105dzenia) i przyklej j\u0105 do urz\u0105dzenia.<\/li>\n<li>Odklej samoprzylepn\u0105 stron\u0119 2 (oznaczon\u0105 symbolem twarzy) i umie\u015b\u0107 urz\u0105dzenie bezpo\u015brednio na wybranym obszarze sk\u00f3ry.<\/li>\n<li>Naci\u015bnij i przytrzymaj przycisk zasilania, aby w\u0142\u0105czy\u0107 urz\u0105dzenie.<\/li>\n<\/ol>\n<p><strong>Badania kliniczne u\u017cytkownik\u00f3w Omnilux Contour wykaza\u0142y, co nast\u0119puje:<\/strong><\/p>\n<p><strong>98 %<\/strong> przyzna\u0142o, \u017ce ich sk\u00f3ra sta\u0142a si\u0119 j\u0119drniejsza.<br \/>\n<strong>96 %<\/strong> zgodzi\u0142y si\u0119, \u017ce ich drobne zmarszczki by\u0142y mniej widoczne.<br \/>\n<strong>95 %<\/strong> stwierdzi\u0142y, \u017ce ich sk\u00f3ra jest bardziej promienna i j\u0119drna.<\/p>\n<p>*Po 3 zabiegach tygodniowo przez 4 tygodnie<\/p>\n<p><strong>WA\u017bNE<\/strong><\/p>\n<p><strong>NIE<\/strong> Nie stosowa\u0107 u kobiet w ci\u0105\u017cy lub karmi\u0105cych piersi\u0105, poniewa\u017c maska nie by\u0142a testowana na kobietach w ci\u0105\u017cy lub karmi\u0105cych piersi\u0105. Nie stosowa\u0107 r\u00f3wnie\u017c w przypadku przyjmowania przepisanych ilo\u015bci retinyny A (tretinoiny). Nale\u017cy zachowa\u0107 ostro\u017cno\u015b\u0107 podczas stosowania produkt\u00f3w zawieraj\u0105cych retinol. Przeczytaj te informacje: -&gt; <a href=\"https:\/\/cdn.shopify.com\/s\/files\/1\/0482\/6736\/2466\/files\/DI-DE-0622.pdf?v=1655241017\" target=\"_blank\" rel=\"noopener\"><strong>Przeciwwskazania<\/strong><\/a><\/p>\n<p><strong>Specyfikacja techniczna<\/strong><\/p>\n<p>TYP diody LED: Czerwona i bliska podczerwie\u0144<br \/>\nD\u0141UGO\u015aCI FAL: 633 nm (czerwie\u0144) i 830 nm (bliska podczerwie\u0144)<br \/>\nLICZBA DIOD LED: 12 diod LED (2 na \u017car\u00f3wk\u0119)<br \/>\n6 \u017ar\u00f3de\u0142 \u015bwiat\u0142a LED<br \/>\nPrzeznaczenie: Twarz<br \/>\nCERTYFIKATY: FDA, CE<br \/>\nGWARANCJA 2 lata: Urz\u0105dzenie<\/p>\n<p><strong>Zawarto\u015b\u0107<\/strong><\/p>\n<p>Mini urz\u0105dzenie LED wykonane z silikonu<br \/>\n14x plastry hydrokoloidowe Skin Corrector (wk\u0142ady) <a href=\"https:\/\/chi-statt-botox.com\/pl\/produkt\/nachfuellpack-patches-skin-corrector\/?v=fa868488740a\" target=\"_blank\" rel=\"noopener\"><strong>-&gt; TUTAJ<\/strong><\/a> dost\u0119pne)<br \/>\nMagnetyczny kabel \u0142aduj\u0105cy z 2 bolcami 4 mm na USB-A<br \/>\nPodr\u0119cznik u\u017cytkownika<\/p>\n<p><strong><a href=\"https:\/\/chi-statt-botox.com\/wp-content\/uploads\/Omnilux-Contour-Patient-Accordion-Fold-Brochure.pdf\" target=\"_blank\" rel=\"noopener\">-&gt; Broszura<\/a><\/strong><\/p>\n<p>Chi statt Botox GmbH \/ Bauernstra\u00dfe 1 WDZ 9 \/ 4600 Wels \/ Austria \/ shop@chi-statt-botox.com<\/p>","protected":false},"excerpt":{"rendered":"<ul>\n<li>Redukuje drobne linie i zmarszczki<\/li>\n<li>Stymuluje tworzenie kolagenu<\/li>\n<li>Redukuje plamy pigmentacyjne i zaczerwienienia<\/li>\n<li>Promuje zdrow\u0105, m\u0142odo wygl\u0105daj\u0105c\u0105 sk\u00f3r\u0119<\/li>\n<li>Zestaw g\u0142o\u015bnom\u00f3wi\u0105cy i \u0142\u0105czno\u015b\u0107 bezprzewodowa<\/li>\n<li>\"Kieszonkowa maska\"<\/li>\n<\/ul>\n<p>&nbsp;<\/p>","protected":false},"featured_media":34773,"template":"","meta":{"_acf_changed":false,"_et_pb_use_builder":"","_et_pb_old_content":"","_et_gb_content_width":""},"product_brand":[],"product_cat":[141],"product_tag":[],"class_list":{"0":"post-34749","1":"product","2":"type-product","3":"status-publish","4":"has-post-thumbnail","6":"product_cat-chi-statt-botox","8":"first","9":"instock","10":"taxable","11":"shipping-taxable","12":"purchasable","13":"product-type-simple"},"acf":[],"yoast_head":"<!-- This site is optimized with the Yoast SEO plugin v26.4 - https:\/\/yoast.com\/wordpress\/plugins\/seo\/ -->\n<title>Omnilux Mini Skin Corrector - Chi statt Botox<\/title>\n<meta name=\"robots\" content=\"index, follow, max-snippet:-1, max-image-preview:large, max-video-preview:-1\" \/>\n<link rel=\"canonical\" href=\"https:\/\/chi-statt-botox.com\/pl\/produkt\/omnilux-mini-skin-corrector\/\" \/>\n<meta property=\"og:locale\" content=\"pl_PL\" \/>\n<meta property=\"og:type\" content=\"article\" \/>\n<meta property=\"og:title\" content=\"Omnilux Mini Skin Corrector - Chi statt Botox\" \/>\n<meta property=\"og:description\" content=\"Reduziert feine Linien und F\u00e4ltchen  Stimuliert die Kollagenbildung  Reduziert Pigmentflecken und R\u00f6tungen  F\u00f6rdert gesunde, jung aussehende Haut  Freih\u00e4ndig und kabellos  &quot;Maske im Taschenformat&quot;  &nbsp;\" \/>\n<meta property=\"og:url\" content=\"https:\/\/chi-statt-botox.com\/pl\/produkt\/omnilux-mini-skin-corrector\/\" \/>\n<meta property=\"og:site_name\" content=\"Chi statt Botox\" \/>\n<meta property=\"article:modified_time\" content=\"2026-04-12T18:01:20+00:00\" \/>\n<meta property=\"og:image\" content=\"https:\/\/chi-statt-botox.com\/wp-content\/uploads\/SC3.jpg\" \/>\n\t<meta property=\"og:image:width\" content=\"1920\" \/>\n\t<meta property=\"og:image:height\" content=\"1920\" \/>\n\t<meta property=\"og:image:type\" content=\"image\/jpeg\" \/>\n<meta name=\"twitter:card\" content=\"summary_large_image\" \/>\n<meta name=\"twitter:label1\" content=\"Szacowany czas czytania\" \/>\n\t<meta name=\"twitter:data1\" content=\"3 minuty\" \/>\n<script type=\"application\/ld+json\" class=\"yoast-schema-graph\">{\"@context\":\"https:\/\/schema.org\",\"@graph\":[{\"@type\":\"WebPage\",\"@id\":\"https:\/\/chi-statt-botox.com\/produkt\/omnilux-mini-skin-corrector\/\",\"url\":\"https:\/\/chi-statt-botox.com\/produkt\/omnilux-mini-skin-corrector\/\",\"name\":\"Omnilux Mini Skin Corrector - Chi statt Botox\",\"isPartOf\":{\"@id\":\"https:\/\/chi-statt-botox.com\/#website\"},\"primaryImageOfPage\":{\"@id\":\"https:\/\/chi-statt-botox.com\/produkt\/omnilux-mini-skin-corrector\/#primaryimage\"},\"image\":{\"@id\":\"https:\/\/chi-statt-botox.com\/produkt\/omnilux-mini-skin-corrector\/#primaryimage\"},\"thumbnailUrl\":\"https:\/\/chi-statt-botox.com\/wp-content\/uploads\/SC3.jpg\",\"datePublished\":\"2024-04-19T07:27:27+00:00\",\"dateModified\":\"2026-04-12T18:01:20+00:00\",\"breadcrumb\":{\"@id\":\"https:\/\/chi-statt-botox.com\/produkt\/omnilux-mini-skin-corrector\/#breadcrumb\"},\"inLanguage\":\"pl-PL\",\"potentialAction\":[{\"@type\":\"ReadAction\",\"target\":[\"https:\/\/chi-statt-botox.com\/produkt\/omnilux-mini-skin-corrector\/\"]}]},{\"@type\":\"ImageObject\",\"inLanguage\":\"pl-PL\",\"@id\":\"https:\/\/chi-statt-botox.com\/produkt\/omnilux-mini-skin-corrector\/#primaryimage\",\"url\":\"https:\/\/chi-statt-botox.com\/wp-content\/uploads\/SC3.jpg\",\"contentUrl\":\"https:\/\/chi-statt-botox.com\/wp-content\/uploads\/SC3.jpg\",\"width\":1920,\"height\":1920},{\"@type\":\"BreadcrumbList\",\"@id\":\"https:\/\/chi-statt-botox.com\/produkt\/omnilux-mini-skin-corrector\/#breadcrumb\",\"itemListElement\":[{\"@type\":\"ListItem\",\"position\":1,\"name\":\"Startseite\",\"item\":\"https:\/\/chi-statt-botox.com\/\"},{\"@type\":\"ListItem\",\"position\":2,\"name\":\"Produkte\",\"item\":\"https:\/\/chi-statt-botox.com\/shop\/\"},{\"@type\":\"ListItem\",\"position\":3,\"name\":\"Omnilux Mini Skin Corrector\"}]},{\"@type\":\"WebSite\",\"@id\":\"https:\/\/chi-statt-botox.com\/#website\",\"url\":\"https:\/\/chi-statt-botox.com\/\",\"name\":\"Chi statt Botox\",\"description\":\"Falten wegzaubern, Haut straffen\",\"potentialAction\":[{\"@type\":\"SearchAction\",\"target\":{\"@type\":\"EntryPoint\",\"urlTemplate\":\"https:\/\/chi-statt-botox.com\/?s={search_term_string}\"},\"query-input\":{\"@type\":\"PropertyValueSpecification\",\"valueRequired\":true,\"valueName\":\"search_term_string\"}}],\"inLanguage\":\"pl-PL\"}]}<\/script>\n<!-- \/ Yoast SEO plugin. -->","yoast_head_json":{"title":"Omnilux Mini Skin Corrector - Chi statt Botox","robots":{"index":"index","follow":"follow","max-snippet":"max-snippet:-1","max-image-preview":"max-image-preview:large","max-video-preview":"max-video-preview:-1"},"canonical":"https:\/\/chi-statt-botox.com\/pl\/produkt\/omnilux-mini-skin-corrector\/","og_locale":"pl_PL","og_type":"article","og_title":"Omnilux Mini Skin Corrector - Chi statt Botox","og_description":"Reduziert feine Linien und F\u00e4ltchen  Stimuliert die Kollagenbildung  Reduziert Pigmentflecken und R\u00f6tungen  F\u00f6rdert gesunde, jung aussehende Haut  Freih\u00e4ndig und kabellos  \"Maske im Taschenformat\"  &nbsp;","og_url":"https:\/\/chi-statt-botox.com\/pl\/produkt\/omnilux-mini-skin-corrector\/","og_site_name":"Chi statt Botox","article_modified_time":"2026-04-12T18:01:20+00:00","og_image":[{"width":1920,"height":1920,"url":"https:\/\/chi-statt-botox.com\/wp-content\/uploads\/SC3.jpg","type":"image\/jpeg"}],"twitter_card":"summary_large_image","twitter_misc":{"Szacowany czas czytania":"3 minuty"},"schema":{"@context":"https:\/\/schema.org","@graph":[{"@type":"WebPage","@id":"https:\/\/chi-statt-botox.com\/produkt\/omnilux-mini-skin-corrector\/","url":"https:\/\/chi-statt-botox.com\/produkt\/omnilux-mini-skin-corrector\/","name":"Omnilux Mini Skin Corrector - Chi statt Botox","isPartOf":{"@id":"https:\/\/chi-statt-botox.com\/#website"},"primaryImageOfPage":{"@id":"https:\/\/chi-statt-botox.com\/produkt\/omnilux-mini-skin-corrector\/#primaryimage"},"image":{"@id":"https:\/\/chi-statt-botox.com\/produkt\/omnilux-mini-skin-corrector\/#primaryimage"},"thumbnailUrl":"https:\/\/chi-statt-botox.com\/wp-content\/uploads\/SC3.jpg","datePublished":"2024-04-19T07:27:27+00:00","dateModified":"2026-04-12T18:01:20+00:00","breadcrumb":{"@id":"https:\/\/chi-statt-botox.com\/produkt\/omnilux-mini-skin-corrector\/#breadcrumb"},"inLanguage":"pl-PL","potentialAction":[{"@type":"ReadAction","target":["https:\/\/chi-statt-botox.com\/produkt\/omnilux-mini-skin-corrector\/"]}]},{"@type":"ImageObject","inLanguage":"pl-PL","@id":"https:\/\/chi-statt-botox.com\/produkt\/omnilux-mini-skin-corrector\/#primaryimage","url":"https:\/\/chi-statt-botox.com\/wp-content\/uploads\/SC3.jpg","contentUrl":"https:\/\/chi-statt-botox.com\/wp-content\/uploads\/SC3.jpg","width":1920,"height":1920},{"@type":"BreadcrumbList","@id":"https:\/\/chi-statt-botox.com\/produkt\/omnilux-mini-skin-corrector\/#breadcrumb","itemListElement":[{"@type":"ListItem","position":1,"name":"Startseite","item":"https:\/\/chi-statt-botox.com\/"},{"@type":"ListItem","position":2,"name":"Produkte","item":"https:\/\/chi-statt-botox.com\/shop\/"},{"@type":"ListItem","position":3,"name":"Omnilux Mini Skin Corrector"}]},{"@type":"WebSite","@id":"https:\/\/chi-statt-botox.com\/#website","url":"https:\/\/chi-statt-botox.com\/","name":"Chi zamiast botoksu","description":"Usuwa zmarszczki, napina sk\u00f3r\u0119","potentialAction":[{"@type":"SearchAction","target":{"@type":"EntryPoint","urlTemplate":"https:\/\/chi-statt-botox.com\/?s={search_term_string}"},"query-input":{"@type":"PropertyValueSpecification","valueRequired":true,"valueName":"search_term_string"}}],"inLanguage":"pl-PL"}]}},"_links":{"self":[{"href":"https:\/\/chi-statt-botox.com\/pl\/wp-json\/wp\/v2\/product\/34749","targetHints":{"allow":["GET"]}}],"collection":[{"href":"https:\/\/chi-statt-botox.com\/pl\/wp-json\/wp\/v2\/product"}],"about":[{"href":"https:\/\/chi-statt-botox.com\/pl\/wp-json\/wp\/v2\/types\/product"}],"wp:featuredmedia":[{"embeddable":true,"href":"https:\/\/chi-statt-botox.com\/pl\/wp-json\/wp\/v2\/media\/34773"}],"wp:attachment":[{"href":"https:\/\/chi-statt-botox.com\/pl\/wp-json\/wp\/v2\/media?parent=34749"}],"wp:term":[{"taxonomy":"product_brand","embeddable":true,"href":"https:\/\/chi-statt-botox.com\/pl\/wp-json\/wp\/v2\/product_brand?post=34749"},{"taxonomy":"product_cat","embeddable":true,"href":"https:\/\/chi-statt-botox.com\/pl\/wp-json\/wp\/v2\/product_cat?post=34749"},{"taxonomy":"product_tag","embeddable":true,"href":"https:\/\/chi-statt-botox.com\/pl\/wp-json\/wp\/v2\/product_tag?post=34749"}],"curies":[{"name":"wp","href":"https:\/\/api.w.org\/{rel}","templated":true}]}}