{"id":34785,"date":"2024-04-19T09:58:42","date_gmt":"2024-04-19T07:58:42","guid":{"rendered":"https:\/\/chi-statt-botox.com\/?post_type=product&#038;p=34785"},"modified":"2026-02-14T16:46:32","modified_gmt":"2026-02-14T15:46:32","slug":"nachfuellpack-patches-skin-corrector","status":"publish","type":"product","link":"https:\/\/chi-statt-botox.com\/pl\/produkt\/nachfuellpack-patches-skin-corrector\/","title":{"rendered":"Opakowanie uzupe\u0142niaj\u0105ce plastry Skin Corrector"},"content":{"rendered":"<p><strong>20 plastr\u00f3w uzupe\u0142niaj\u0105cych<\/strong>za pomoc\u0105 kt\u00f3rego mo\u017cna <strong><a href=\"https:\/\/chi-statt-botox.com\/pl\/produkt\/omnilux-mini-skin-corrector\/?v=fa868488740a\" target=\"_blank\" rel=\"noopener\">Korektor sk\u00f3ry<\/a><\/strong>urz\u0105dzenie bez u\u017cycia r\u0105k. Piel\u0119gnacja sk\u00f3ry oparta na badaniach naukowych:<br \/>\nSk\u0142adniki hydrokoloidowe wzmacniaj\u0105 dzia\u0142anie Skin Corrector, zapewniaj\u0105c profesjonalne rezultaty.<\/p>\n<p>Zawiera witamin\u0119 C i kwas azelainowy, kt\u00f3re zwalczaj\u0105 drobne zmarszczki, plamy starcze i stany zapalne. Witamina C widocznie rozja\u015bnia koloryt sk\u00f3ry,<br \/>\nKwas azelainowy pomaga zmniejszy\u0107 widoczno\u015b\u0107 ciemnych plam.<\/p>\n<p><strong>Zastosowanie<br \/>\n<\/strong><br \/>\nNosi\u0107 plaster na <strong>Trzy do pi\u0119ciu 10-minutowych zabieg\u00f3w tygodniowo<\/strong> przez okres od 4 do 6 tygodni <strong>na urz\u0105dzeniu Skin Corrector<\/strong> na. Plastry hydrokoloidowe <strong>mo\u017ce by\u0107 r\u00f3wnie\u017c u\u017cywany bez diody LED.<\/strong><\/p>\n<p>Wszystkie plastry hydrokoloidowe s\u0105 wolne od okrucie\u0144stwa i wega\u0144skie.<br \/>\nWszystkie plastry hydrokoloidowe s\u0105 wolne od substancji zapachowych i paraben\u00f3w.<br \/>\nPlastry hydrokoloidowe s\u0105 przeznaczone do jednorazowego u\u017cytku.<\/p>\n<p><strong>Sk\u0142adniki<\/strong><\/p>\n<p>CMC karboksymetyloceluloza (guma celulozowa), kopolimer styrenu i izoprenu, homopolimer, uwodorniona kalafonia, Paraffinum Liquidum (olej mineralny), PET, kwas azelainowy, kwas askorbinowy (witamina C), wodorotlenek sodu, hialuronian sodu i tetrakis pentaerytrytolu.<\/p>\n<p>Witamina C i kwas azelainowy pomagaj\u0105 rozja\u015bni\u0107 koloryt sk\u00f3ry i zmniejszy\u0107 przebarwienia. Idealny dla wszystkich rodzaj\u00f3w sk\u00f3ry.<\/p>\n<p>Chi statt Botox GmbH \/ Bauernstra\u00dfe 1 WDZ 9 \/ 4600 Wels \/ Austria \/ shop@chi-statt-botox.com<\/p>","protected":false},"excerpt":{"rendered":"<ul>\n<li>Opakowanie uzupe\u0142niaj\u0105ce z 20 plastrami<\/li>\n<li>Z witamin\u0105 C i kwasem azelainowym<\/li>\n<li>Nie zawiera substancji zapachowych i paraben\u00f3w<\/li>\n<\/ul>","protected":false},"featured_media":34794,"template":"","meta":{"_acf_changed":false,"_et_pb_use_builder":"","_et_pb_old_content":"","_et_gb_content_width":""},"product_brand":[],"product_cat":[141,172],"product_tag":[],"class_list":{"0":"post-34785","1":"product","2":"type-product","3":"status-publish","4":"has-post-thumbnail","6":"product_cat-chi-statt-botox","7":"product_cat-kosmetik","9":"first","10":"instock","11":"taxable","12":"shipping-taxable","13":"purchasable","14":"product-type-simple"},"acf":[],"yoast_head":"<!-- This site is optimized with the Yoast SEO plugin v26.4 - https:\/\/yoast.com\/wordpress\/plugins\/seo\/ -->\n<title>Nachf\u00fcllpack Patches Skin Corrector - Chi statt Botox<\/title>\n<meta name=\"robots\" content=\"index, follow, max-snippet:-1, max-image-preview:large, max-video-preview:-1\" \/>\n<link rel=\"canonical\" href=\"https:\/\/chi-statt-botox.com\/pl\/produkt\/nachfuellpack-patches-skin-corrector\/\" \/>\n<meta property=\"og:locale\" content=\"pl_PL\" \/>\n<meta property=\"og:type\" content=\"article\" \/>\n<meta property=\"og:title\" content=\"Nachf\u00fcllpack Patches Skin Corrector - Chi statt Botox\" \/>\n<meta property=\"og:description\" content=\"Nachf\u00fcllpackung mit 20 Patches  Mit Vitamin C und Azelains\u00e4ure  Frei von Duftstoffen und Parabenen\" \/>\n<meta property=\"og:url\" content=\"https:\/\/chi-statt-botox.com\/pl\/produkt\/nachfuellpack-patches-skin-corrector\/\" \/>\n<meta property=\"og:site_name\" content=\"Chi statt Botox\" \/>\n<meta property=\"article:modified_time\" content=\"2026-02-14T15:46:32+00:00\" \/>\n<meta property=\"og:image\" content=\"https:\/\/chi-statt-botox.com\/wp-content\/uploads\/Screenshot-577b.png\" \/>\n\t<meta property=\"og:image:width\" content=\"678\" \/>\n\t<meta property=\"og:image:height\" content=\"691\" \/>\n\t<meta property=\"og:image:type\" content=\"image\/png\" \/>\n<meta name=\"twitter:card\" content=\"summary_large_image\" \/>\n<meta name=\"twitter:label1\" content=\"Szacowany czas czytania\" \/>\n\t<meta name=\"twitter:data1\" content=\"2 minuty\" \/>\n<script type=\"application\/ld+json\" class=\"yoast-schema-graph\">{\"@context\":\"https:\/\/schema.org\",\"@graph\":[{\"@type\":\"WebPage\",\"@id\":\"https:\/\/chi-statt-botox.com\/produkt\/nachfuellpack-patches-skin-corrector\/\",\"url\":\"https:\/\/chi-statt-botox.com\/produkt\/nachfuellpack-patches-skin-corrector\/\",\"name\":\"Nachf\u00fcllpack Patches Skin Corrector - Chi statt Botox\",\"isPartOf\":{\"@id\":\"https:\/\/chi-statt-botox.com\/#website\"},\"primaryImageOfPage\":{\"@id\":\"https:\/\/chi-statt-botox.com\/produkt\/nachfuellpack-patches-skin-corrector\/#primaryimage\"},\"image\":{\"@id\":\"https:\/\/chi-statt-botox.com\/produkt\/nachfuellpack-patches-skin-corrector\/#primaryimage\"},\"thumbnailUrl\":\"https:\/\/chi-statt-botox.com\/wp-content\/uploads\/Screenshot-577b.png\",\"datePublished\":\"2024-04-19T07:58:42+00:00\",\"dateModified\":\"2026-02-14T15:46:32+00:00\",\"breadcrumb\":{\"@id\":\"https:\/\/chi-statt-botox.com\/produkt\/nachfuellpack-patches-skin-corrector\/#breadcrumb\"},\"inLanguage\":\"pl-PL\",\"potentialAction\":[{\"@type\":\"ReadAction\",\"target\":[\"https:\/\/chi-statt-botox.com\/produkt\/nachfuellpack-patches-skin-corrector\/\"]}]},{\"@type\":\"ImageObject\",\"inLanguage\":\"pl-PL\",\"@id\":\"https:\/\/chi-statt-botox.com\/produkt\/nachfuellpack-patches-skin-corrector\/#primaryimage\",\"url\":\"https:\/\/chi-statt-botox.com\/wp-content\/uploads\/Screenshot-577b.png\",\"contentUrl\":\"https:\/\/chi-statt-botox.com\/wp-content\/uploads\/Screenshot-577b.png\",\"width\":678,\"height\":691},{\"@type\":\"BreadcrumbList\",\"@id\":\"https:\/\/chi-statt-botox.com\/produkt\/nachfuellpack-patches-skin-corrector\/#breadcrumb\",\"itemListElement\":[{\"@type\":\"ListItem\",\"position\":1,\"name\":\"Startseite\",\"item\":\"https:\/\/chi-statt-botox.com\/\"},{\"@type\":\"ListItem\",\"position\":2,\"name\":\"Produkte\",\"item\":\"https:\/\/chi-statt-botox.com\/shop\/\"},{\"@type\":\"ListItem\",\"position\":3,\"name\":\"Nachf\u00fcllpack Patches Skin Corrector\"}]},{\"@type\":\"WebSite\",\"@id\":\"https:\/\/chi-statt-botox.com\/#website\",\"url\":\"https:\/\/chi-statt-botox.com\/\",\"name\":\"Chi statt Botox\",\"description\":\"Falten wegzaubern, Haut straffen\",\"potentialAction\":[{\"@type\":\"SearchAction\",\"target\":{\"@type\":\"EntryPoint\",\"urlTemplate\":\"https:\/\/chi-statt-botox.com\/?s={search_term_string}\"},\"query-input\":{\"@type\":\"PropertyValueSpecification\",\"valueRequired\":true,\"valueName\":\"search_term_string\"}}],\"inLanguage\":\"pl-PL\"}]}<\/script>\n<!-- \/ Yoast SEO plugin. -->","yoast_head_json":{"title":"Nachf\u00fcllpack Patches Skin Corrector - Chi statt Botox","robots":{"index":"index","follow":"follow","max-snippet":"max-snippet:-1","max-image-preview":"max-image-preview:large","max-video-preview":"max-video-preview:-1"},"canonical":"https:\/\/chi-statt-botox.com\/pl\/produkt\/nachfuellpack-patches-skin-corrector\/","og_locale":"pl_PL","og_type":"article","og_title":"Nachf\u00fcllpack Patches Skin Corrector - Chi statt Botox","og_description":"Nachf\u00fcllpackung mit 20 Patches  Mit Vitamin C und Azelains\u00e4ure  Frei von Duftstoffen und Parabenen","og_url":"https:\/\/chi-statt-botox.com\/pl\/produkt\/nachfuellpack-patches-skin-corrector\/","og_site_name":"Chi statt Botox","article_modified_time":"2026-02-14T15:46:32+00:00","og_image":[{"width":678,"height":691,"url":"https:\/\/chi-statt-botox.com\/wp-content\/uploads\/Screenshot-577b.png","type":"image\/png"}],"twitter_card":"summary_large_image","twitter_misc":{"Szacowany czas czytania":"2 minuty"},"schema":{"@context":"https:\/\/schema.org","@graph":[{"@type":"WebPage","@id":"https:\/\/chi-statt-botox.com\/produkt\/nachfuellpack-patches-skin-corrector\/","url":"https:\/\/chi-statt-botox.com\/produkt\/nachfuellpack-patches-skin-corrector\/","name":"Nachf\u00fcllpack Patches Skin Corrector - Chi statt Botox","isPartOf":{"@id":"https:\/\/chi-statt-botox.com\/#website"},"primaryImageOfPage":{"@id":"https:\/\/chi-statt-botox.com\/produkt\/nachfuellpack-patches-skin-corrector\/#primaryimage"},"image":{"@id":"https:\/\/chi-statt-botox.com\/produkt\/nachfuellpack-patches-skin-corrector\/#primaryimage"},"thumbnailUrl":"https:\/\/chi-statt-botox.com\/wp-content\/uploads\/Screenshot-577b.png","datePublished":"2024-04-19T07:58:42+00:00","dateModified":"2026-02-14T15:46:32+00:00","breadcrumb":{"@id":"https:\/\/chi-statt-botox.com\/produkt\/nachfuellpack-patches-skin-corrector\/#breadcrumb"},"inLanguage":"pl-PL","potentialAction":[{"@type":"ReadAction","target":["https:\/\/chi-statt-botox.com\/produkt\/nachfuellpack-patches-skin-corrector\/"]}]},{"@type":"ImageObject","inLanguage":"pl-PL","@id":"https:\/\/chi-statt-botox.com\/produkt\/nachfuellpack-patches-skin-corrector\/#primaryimage","url":"https:\/\/chi-statt-botox.com\/wp-content\/uploads\/Screenshot-577b.png","contentUrl":"https:\/\/chi-statt-botox.com\/wp-content\/uploads\/Screenshot-577b.png","width":678,"height":691},{"@type":"BreadcrumbList","@id":"https:\/\/chi-statt-botox.com\/produkt\/nachfuellpack-patches-skin-corrector\/#breadcrumb","itemListElement":[{"@type":"ListItem","position":1,"name":"Startseite","item":"https:\/\/chi-statt-botox.com\/"},{"@type":"ListItem","position":2,"name":"Produkte","item":"https:\/\/chi-statt-botox.com\/shop\/"},{"@type":"ListItem","position":3,"name":"Nachf\u00fcllpack Patches Skin Corrector"}]},{"@type":"WebSite","@id":"https:\/\/chi-statt-botox.com\/#website","url":"https:\/\/chi-statt-botox.com\/","name":"Chi zamiast botoksu","description":"Usuwa zmarszczki, napina sk\u00f3r\u0119","potentialAction":[{"@type":"SearchAction","target":{"@type":"EntryPoint","urlTemplate":"https:\/\/chi-statt-botox.com\/?s={search_term_string}"},"query-input":{"@type":"PropertyValueSpecification","valueRequired":true,"valueName":"search_term_string"}}],"inLanguage":"pl-PL"}]}},"_links":{"self":[{"href":"https:\/\/chi-statt-botox.com\/pl\/wp-json\/wp\/v2\/product\/34785","targetHints":{"allow":["GET"]}}],"collection":[{"href":"https:\/\/chi-statt-botox.com\/pl\/wp-json\/wp\/v2\/product"}],"about":[{"href":"https:\/\/chi-statt-botox.com\/pl\/wp-json\/wp\/v2\/types\/product"}],"wp:featuredmedia":[{"embeddable":true,"href":"https:\/\/chi-statt-botox.com\/pl\/wp-json\/wp\/v2\/media\/34794"}],"wp:attachment":[{"href":"https:\/\/chi-statt-botox.com\/pl\/wp-json\/wp\/v2\/media?parent=34785"}],"wp:term":[{"taxonomy":"product_brand","embeddable":true,"href":"https:\/\/chi-statt-botox.com\/pl\/wp-json\/wp\/v2\/product_brand?post=34785"},{"taxonomy":"product_cat","embeddable":true,"href":"https:\/\/chi-statt-botox.com\/pl\/wp-json\/wp\/v2\/product_cat?post=34785"},{"taxonomy":"product_tag","embeddable":true,"href":"https:\/\/chi-statt-botox.com\/pl\/wp-json\/wp\/v2\/product_tag?post=34785"}],"curies":[{"name":"wp","href":"https:\/\/api.w.org\/{rel}","templated":true}]}}