{"id":35969,"date":"2024-05-21T09:47:05","date_gmt":"2024-05-21T07:47:05","guid":{"rendered":"https:\/\/chi-statt-botox.com\/?post_type=product&#038;p=35969"},"modified":"2026-04-14T08:33:57","modified_gmt":"2026-04-14T06:33:57","slug":"liposomales-magnesium","status":"publish","type":"product","link":"https:\/\/chi-statt-botox.com\/pl\/produkt\/liposomales-magnesium\/","title":{"rendered":"Liposomalny magnez"},"content":{"rendered":"<p><strong>Organiczny cytrynian magnezu<\/strong>kt\u00f3rego <strong>Dost\u0119pno\u015b\u0107 biologiczna<\/strong> ze wzgl\u0119du na liposomaln\u0105 posta\u0107 dawkowania dalej <strong>zwi\u0119kszony<\/strong> by\u0142.<\/p>\n<p>Magnez pe\u0142ni wiele wa\u017cnych funkcji w organizmie; bierze udzia\u0142 w niezliczonych procesach metabolicznych i podziale kom\u00f3rek.<\/p>\n<p><strong>Dozwolone o\u015bwiadczenia zdrowotne:<\/strong><\/p>\n<p>Magnez pe\u0142ni funkcj\u0119 w podziale kom\u00f3rek i przyczynia si\u0119 do<\/p>\n<ul>\n<li>przyczynia si\u0119 do r\u00f3wnowagi elektrolitowej.<\/li>\n<li>przyczynia si\u0119 do prawid\u0142owego funkcjonowania mi\u0119\u015bni (w tym mi\u0119\u015bnia sercowego).<\/li>\n<li>przyczynia si\u0119 do prawid\u0142owej syntezy bia\u0142ek.<\/li>\n<li>przyczynia si\u0119 do utrzymania prawid\u0142owego stanu ko\u015bci i z\u0119b\u00f3w.<\/li>\n<li>przyczynia si\u0119 do prawid\u0142owego funkcjonowania uk\u0142adu nerwowego.<\/li>\n<li>pomaga zmniejszy\u0107 zm\u0119czenie i znu\u017cenie.<\/li>\n<li>przyczynia si\u0119 do prawid\u0142owego metabolizmu energetycznego.<\/li>\n<li>przyczynia si\u0119 do normalnego funkcjonowania psychologicznego.<\/li>\n<\/ul>\n<p><strong><br \/>\nLipoCellTech\u2122 = 20x lepsze wch\u0142anianie<\/strong><\/p>\n<p>Liposomalne suplementy diety to <strong>do 20 razy lepiej wch\u0142aniany przez organizm<\/strong> ni\u017c konwencjonalne suplementy diety. Jest to mo\u017cliwe dzi\u0119ki specjalnej technologii, kt\u00f3ra powleka sk\u0142adniki aktywne ochronnymi otoczkami (tzw. liposomami). Sk\u0142adniki aktywne s\u0105 chronione podczas ich podr\u00f3\u017cy przez przew\u00f3d pokarmowy. Liposom jest nast\u0119pnie wch\u0142aniany wraz ze sk\u0142adnikiem aktywnym przez jelito cienkie. <strong>wch\u0142aniany ca\u0142kowicie do krwi<\/strong>.<\/p>\n<p><strong>Dzia\u0142anie produkt\u00f3w LipoCellTech\u2122 znacznie przewy\u017csza dzia\u0142anie konwencjonalnych p\u0142ynnych produkt\u00f3w liposomalnych.<\/strong><\/p>\n<p>Najbardziej znane metody produkcji liposomalnych suplement\u00f3w diety wykorzystuj\u0105 ciep\u0142o, wysokie ci\u015bnienie lub chemikalia. Nie chroni to sk\u0142adnik\u00f3w aktywnych. Metody te maj\u0105 zatem szereg wad. <strong>LipoCellTech\u2122 wykorzystuje naturaln\u0105 metod\u0119 produkcji, bez u\u017cycia ciep\u0142a, chemikali\u00f3w czy ci\u015bnienia. Jest to jedyny spos\u00f3b, aby zachowa\u0107 nienaruszony sk\u0142adnik aktywny.<\/strong><img loading=\"lazy\" decoding=\"async\" class=\"size-medium wp-image-2799 alignright\" src=\"https:\/\/www.naturepower.de\/wp-content\/uploads\/2020\/01\/mannetjes-01-300x288.png\" sizes=\"(max-width: 300px) 100vw, 300px\" srcset=\"https:\/\/www.naturepower.de\/wp-content\/uploads\/2020\/01\/mannetjes-01-300x288.png 300w, https:\/\/www.naturepower.de\/wp-content\/uploads\/2020\/01\/mannetjes-01-600x575.png 600w, https:\/\/www.naturepower.de\/wp-content\/uploads\/2020\/01\/mannetjes-01-150x144.png 150w, https:\/\/www.naturepower.de\/wp-content\/uploads\/2020\/01\/mannetjes-01-768x736.png 768w, https:\/\/www.naturepower.de\/wp-content\/uploads\/2020\/01\/mannetjes-01-1024x982.png 1024w\" alt=\"LipoCellTech\u2122 Verwendete Methode\" width=\"300\" height=\"288\" \/><\/p>\n<p>Metoda ta na\u015bladuje natur\u0119, poniewa\u017c nasz organizm sam wytwarza liposomy. Dlatego mo\u017ce by\u0107 r\u00f3wnie\u017c <strong>\"\u015acie\u017cka natury\"<\/strong> nazwa.<\/p>\n<p>Proces produkcji na\u015bladuje spos\u00f3b, w jaki organizm sam wytwarza liposomy. W rezultacie organizm rozpoznaje <strong>produkty liposomalne jako materia\u0142 w\u0142asny organizmu<\/strong>tak, \u017ce absorpcja liposom\u00f3w <strong>wi\u0119cej ni\u017c 95%<\/strong> jest. Po uwolnieniu substancji czynnej do kom\u00f3rek liposom \u0142\u0105czy si\u0119 ze \u015bcian\u0105 kom\u00f3rkow\u0105.<\/p>\n<p>Podczas ca\u0142ego opatentowanego procesu produkcji <strong>tylko naturalne produkty<\/strong> u\u017cywane. Nawet maszyny produkcyjne s\u0105 czyszczone wy\u0142\u0105cznie organicznymi \u015brodkami czyszcz\u0105cymi.<\/p>\n<p><strong><span class=\"Fett\">Gwarantowane wolne od:\u00a0<\/span><\/strong>Glutenu, soi, laktozy, GMO, konserwant\u00f3w, sztucznych barwnik\u00f3w, aromat\u00f3w i substancji zapachowych.<\/p>\n<p><strong><span class=\"Fett\">Zawarto\u015b\u0107: <\/span><\/strong>60 kapsu\u0142ek wegetaria\u0144skich<\/p>\n<p><strong><span class=\"Fett\">Zalecenia dotycz\u0105ce spo\u017cycia:\u00a0<\/span><\/strong>Przyjmowa\u0107 2 kapsu\u0142ki dziennie, popijaj\u0105c szklank\u0105 wody podczas posi\u0142ku lub zgodnie z zaleceniami.<\/p>\n<p><strong><span class=\"Fett\">Sk\u0142adniki:<\/span>\u00a0<\/strong>Mieszanka liposomalna LipoCellTech\u2122 (fosfolipidy), cytrynian magnezu, hydroksypropylometyloceluloza (otoczka kapsu\u0142ki).<\/p>\n<p><strong>Sk\u0142ad na dzienn\u0105 dawk\u0119:<\/strong><br \/>\nMagnez 90 mg = 24% zalecanej dawki dziennej (wystarczaj\u0105ca ze wzgl\u0119du na znacznie wy\u017csz\u0105 biodost\u0119pno\u015b\u0107)<br \/>\nFosfolipidy 550 mg<\/p>\n<p>Suplementy diety nie zast\u0119puj\u0105 zr\u00f3wnowa\u017conej i zr\u00f3\u017cnicowanej diety. Nie nale\u017cy przekracza\u0107 zalecanej dziennej dawki. Przechowywa\u0107 w miejscu niedost\u0119pnym dla ma\u0142ych dzieci, w ch\u0142odnym, szczelnie zamkni\u0119tym opakowaniu.<\/p>\n<p><b>Wideo <\/b>(wystarczy klikn\u0105\u0107):<br \/>\n<a href=\"https:\/\/www.youtube.com\/watch?v=T3GhMU_t5pk&amp;t=52s\" target=\"_blank\" rel=\"noopener\"><strong>\"\u017byj 10 lat d\u0142u\u017cej i wygl\u0105daj lepiej dzi\u0119ki przeciwstarzeniowemu snu \ud83d\ude4c\"<\/strong><\/a><\/p>\n<p>Service B\u00fcro Vitalis GmbH \/ Gotenstr. 20 \/ 20097 Hamburg \/ Niemcy \/ info@naturepower.de<\/p>","protected":false},"excerpt":{"rendered":"<ul>\n<li>Bezkonkurencyjnie wysoka biodost\u0119pno\u015b\u0107<\/li>\n<li>Tylko czyste i aktywne sk\u0142adniki (bez wype\u0142niaczy)<\/li>\n<li><span class=\"a-list-item\">Naturalne liposomy wed\u0142ug LipoCellTechTM<\/span><\/li>\n<\/ul>","protected":false},"featured_media":35970,"template":"","meta":{"_acf_changed":false,"_et_pb_use_builder":"","_et_pb_old_content":"","_et_gb_content_width":""},"product_brand":[],"product_cat":[175],"product_tag":[],"class_list":{"0":"post-35969","1":"product","2":"type-product","3":"status-publish","4":"has-post-thumbnail","6":"product_cat-anti-aging-nems","8":"first","9":"instock","10":"taxable","11":"shipping-taxable","12":"purchasable","13":"product-type-simple"},"acf":[],"yoast_head":"<!-- This site is optimized with the Yoast SEO plugin v26.4 - https:\/\/yoast.com\/wordpress\/plugins\/seo\/ -->\n<title>Liposomales Magnesium - Chi statt Botox<\/title>\n<meta name=\"robots\" content=\"index, follow, max-snippet:-1, max-image-preview:large, max-video-preview:-1\" \/>\n<link rel=\"canonical\" href=\"https:\/\/chi-statt-botox.com\/pl\/produkt\/liposomales-magnesium\/\" \/>\n<meta property=\"og:locale\" content=\"pl_PL\" \/>\n<meta property=\"og:type\" content=\"article\" \/>\n<meta property=\"og:title\" content=\"Liposomales Magnesium - Chi statt Botox\" \/>\n<meta property=\"og:description\" content=\"Beispiellos hohe Bioverf\u00fcgbarkeit  Nur reine und aktive Inhaltstoffe (keine F\u00fcllstoffe)  Nat\u00fcrliche Liposomen nach LipoCellTechTM\" \/>\n<meta property=\"og:url\" content=\"https:\/\/chi-statt-botox.com\/pl\/produkt\/liposomales-magnesium\/\" \/>\n<meta property=\"og:site_name\" content=\"Chi statt Botox\" \/>\n<meta property=\"article:modified_time\" content=\"2026-04-14T06:33:57+00:00\" \/>\n<meta property=\"og:image\" content=\"https:\/\/chi-statt-botox.com\/wp-content\/uploads\/Unbenannt-1ag.jpg\" \/>\n\t<meta property=\"og:image:width\" content=\"720\" \/>\n\t<meta property=\"og:image:height\" content=\"720\" \/>\n\t<meta property=\"og:image:type\" content=\"image\/jpeg\" \/>\n<meta name=\"twitter:card\" content=\"summary_large_image\" \/>\n<meta name=\"twitter:label1\" content=\"Szacowany czas czytania\" \/>\n\t<meta name=\"twitter:data1\" content=\"3 minuty\" \/>\n<script type=\"application\/ld+json\" class=\"yoast-schema-graph\">{\"@context\":\"https:\/\/schema.org\",\"@graph\":[{\"@type\":\"WebPage\",\"@id\":\"https:\/\/chi-statt-botox.com\/produkt\/liposomales-magnesium\/\",\"url\":\"https:\/\/chi-statt-botox.com\/produkt\/liposomales-magnesium\/\",\"name\":\"Liposomales Magnesium - Chi statt Botox\",\"isPartOf\":{\"@id\":\"https:\/\/chi-statt-botox.com\/#website\"},\"primaryImageOfPage\":{\"@id\":\"https:\/\/chi-statt-botox.com\/produkt\/liposomales-magnesium\/#primaryimage\"},\"image\":{\"@id\":\"https:\/\/chi-statt-botox.com\/produkt\/liposomales-magnesium\/#primaryimage\"},\"thumbnailUrl\":\"https:\/\/chi-statt-botox.com\/wp-content\/uploads\/Unbenannt-1ag.jpg\",\"datePublished\":\"2024-05-21T07:47:05+00:00\",\"dateModified\":\"2026-04-14T06:33:57+00:00\",\"breadcrumb\":{\"@id\":\"https:\/\/chi-statt-botox.com\/produkt\/liposomales-magnesium\/#breadcrumb\"},\"inLanguage\":\"pl-PL\",\"potentialAction\":[{\"@type\":\"ReadAction\",\"target\":[\"https:\/\/chi-statt-botox.com\/produkt\/liposomales-magnesium\/\"]}]},{\"@type\":\"ImageObject\",\"inLanguage\":\"pl-PL\",\"@id\":\"https:\/\/chi-statt-botox.com\/produkt\/liposomales-magnesium\/#primaryimage\",\"url\":\"https:\/\/chi-statt-botox.com\/wp-content\/uploads\/Unbenannt-1ag.jpg\",\"contentUrl\":\"https:\/\/chi-statt-botox.com\/wp-content\/uploads\/Unbenannt-1ag.jpg\",\"width\":720,\"height\":720},{\"@type\":\"BreadcrumbList\",\"@id\":\"https:\/\/chi-statt-botox.com\/produkt\/liposomales-magnesium\/#breadcrumb\",\"itemListElement\":[{\"@type\":\"ListItem\",\"position\":1,\"name\":\"Startseite\",\"item\":\"https:\/\/chi-statt-botox.com\/\"},{\"@type\":\"ListItem\",\"position\":2,\"name\":\"Produkte\",\"item\":\"https:\/\/chi-statt-botox.com\/shop\/\"},{\"@type\":\"ListItem\",\"position\":3,\"name\":\"Liposomales Magnesium\"}]},{\"@type\":\"WebSite\",\"@id\":\"https:\/\/chi-statt-botox.com\/#website\",\"url\":\"https:\/\/chi-statt-botox.com\/\",\"name\":\"Chi statt Botox\",\"description\":\"Falten wegzaubern, Haut straffen\",\"potentialAction\":[{\"@type\":\"SearchAction\",\"target\":{\"@type\":\"EntryPoint\",\"urlTemplate\":\"https:\/\/chi-statt-botox.com\/?s={search_term_string}\"},\"query-input\":{\"@type\":\"PropertyValueSpecification\",\"valueRequired\":true,\"valueName\":\"search_term_string\"}}],\"inLanguage\":\"pl-PL\"}]}<\/script>\n<!-- \/ Yoast SEO plugin. -->","yoast_head_json":{"title":"Liposomales Magnesium - Chi statt Botox","robots":{"index":"index","follow":"follow","max-snippet":"max-snippet:-1","max-image-preview":"max-image-preview:large","max-video-preview":"max-video-preview:-1"},"canonical":"https:\/\/chi-statt-botox.com\/pl\/produkt\/liposomales-magnesium\/","og_locale":"pl_PL","og_type":"article","og_title":"Liposomales Magnesium - Chi statt Botox","og_description":"Beispiellos hohe Bioverf\u00fcgbarkeit  Nur reine und aktive Inhaltstoffe (keine F\u00fcllstoffe)  Nat\u00fcrliche Liposomen nach LipoCellTechTM","og_url":"https:\/\/chi-statt-botox.com\/pl\/produkt\/liposomales-magnesium\/","og_site_name":"Chi statt Botox","article_modified_time":"2026-04-14T06:33:57+00:00","og_image":[{"width":720,"height":720,"url":"https:\/\/chi-statt-botox.com\/wp-content\/uploads\/Unbenannt-1ag.jpg","type":"image\/jpeg"}],"twitter_card":"summary_large_image","twitter_misc":{"Szacowany czas czytania":"3 minuty"},"schema":{"@context":"https:\/\/schema.org","@graph":[{"@type":"WebPage","@id":"https:\/\/chi-statt-botox.com\/produkt\/liposomales-magnesium\/","url":"https:\/\/chi-statt-botox.com\/produkt\/liposomales-magnesium\/","name":"Liposomales Magnesium - Chi statt Botox","isPartOf":{"@id":"https:\/\/chi-statt-botox.com\/#website"},"primaryImageOfPage":{"@id":"https:\/\/chi-statt-botox.com\/produkt\/liposomales-magnesium\/#primaryimage"},"image":{"@id":"https:\/\/chi-statt-botox.com\/produkt\/liposomales-magnesium\/#primaryimage"},"thumbnailUrl":"https:\/\/chi-statt-botox.com\/wp-content\/uploads\/Unbenannt-1ag.jpg","datePublished":"2024-05-21T07:47:05+00:00","dateModified":"2026-04-14T06:33:57+00:00","breadcrumb":{"@id":"https:\/\/chi-statt-botox.com\/produkt\/liposomales-magnesium\/#breadcrumb"},"inLanguage":"pl-PL","potentialAction":[{"@type":"ReadAction","target":["https:\/\/chi-statt-botox.com\/produkt\/liposomales-magnesium\/"]}]},{"@type":"ImageObject","inLanguage":"pl-PL","@id":"https:\/\/chi-statt-botox.com\/produkt\/liposomales-magnesium\/#primaryimage","url":"https:\/\/chi-statt-botox.com\/wp-content\/uploads\/Unbenannt-1ag.jpg","contentUrl":"https:\/\/chi-statt-botox.com\/wp-content\/uploads\/Unbenannt-1ag.jpg","width":720,"height":720},{"@type":"BreadcrumbList","@id":"https:\/\/chi-statt-botox.com\/produkt\/liposomales-magnesium\/#breadcrumb","itemListElement":[{"@type":"ListItem","position":1,"name":"Startseite","item":"https:\/\/chi-statt-botox.com\/"},{"@type":"ListItem","position":2,"name":"Produkte","item":"https:\/\/chi-statt-botox.com\/shop\/"},{"@type":"ListItem","position":3,"name":"Liposomales Magnesium"}]},{"@type":"WebSite","@id":"https:\/\/chi-statt-botox.com\/#website","url":"https:\/\/chi-statt-botox.com\/","name":"Chi zamiast botoksu","description":"Usuwa zmarszczki, napina sk\u00f3r\u0119","potentialAction":[{"@type":"SearchAction","target":{"@type":"EntryPoint","urlTemplate":"https:\/\/chi-statt-botox.com\/?s={search_term_string}"},"query-input":{"@type":"PropertyValueSpecification","valueRequired":true,"valueName":"search_term_string"}}],"inLanguage":"pl-PL"}]}},"_links":{"self":[{"href":"https:\/\/chi-statt-botox.com\/pl\/wp-json\/wp\/v2\/product\/35969","targetHints":{"allow":["GET"]}}],"collection":[{"href":"https:\/\/chi-statt-botox.com\/pl\/wp-json\/wp\/v2\/product"}],"about":[{"href":"https:\/\/chi-statt-botox.com\/pl\/wp-json\/wp\/v2\/types\/product"}],"wp:featuredmedia":[{"embeddable":true,"href":"https:\/\/chi-statt-botox.com\/pl\/wp-json\/wp\/v2\/media\/35970"}],"wp:attachment":[{"href":"https:\/\/chi-statt-botox.com\/pl\/wp-json\/wp\/v2\/media?parent=35969"}],"wp:term":[{"taxonomy":"product_brand","embeddable":true,"href":"https:\/\/chi-statt-botox.com\/pl\/wp-json\/wp\/v2\/product_brand?post=35969"},{"taxonomy":"product_cat","embeddable":true,"href":"https:\/\/chi-statt-botox.com\/pl\/wp-json\/wp\/v2\/product_cat?post=35969"},{"taxonomy":"product_tag","embeddable":true,"href":"https:\/\/chi-statt-botox.com\/pl\/wp-json\/wp\/v2\/product_tag?post=35969"}],"curies":[{"name":"wp","href":"https:\/\/api.w.org\/{rel}","templated":true}]}}