{"id":37380,"date":"2024-07-12T10:25:13","date_gmt":"2024-07-12T08:25:13","guid":{"rendered":"https:\/\/chi-statt-botox.com\/?post_type=product&#038;p=37380"},"modified":"2026-04-13T20:55:47","modified_gmt":"2026-04-13T18:55:47","slug":"bergkristall-make-up-entferner","status":"publish","type":"product","link":"https:\/\/chi-statt-botox.com\/pl\/produkt\/bergkristall-make-up-entferner\/","title":{"rendered":"P\u0142yn do demakija\u017cu z kryszta\u0142u g\u00f3rskiego"},"content":{"rendered":"<p>Wysokiej jako\u015bci produkt z Austrii. Zr\u00f3wnowa\u017cona mieszanka rodzimej mydlnicy lekarskiej i szczeg\u00f3lnie \u0142agodnego cukrowego \u015brodka powierzchniowo czynnego zapewnia delikatne oczyszczanie sk\u00f3ry. <strong>Delikatne, ale dok\u0142adne usuwanie makija\u017cu<\/strong>. W ten spos\u00f3b <strong>Wra\u017cliwe okolice oczu<\/strong> nie podra\u017cniona, ale dok\u0142adnie oczyszczona. The <strong>Woda z kryszta\u0142\u00f3w g\u00f3rskich<\/strong> przenosi energi\u0119 pot\u0119\u017cnego kamienia szlachetnego. Biologiczny <strong>Olej migda\u0142owy<\/strong> dodatkowo piel\u0119gnuje sk\u00f3r\u0119.<\/p>\n<p><strong>Wskaz\u00f3wka Christiny:<\/strong> Lubi\u0119 ten produkt r\u00f3wnie\u017c ze wzgl\u0119du na <strong>\u015awietlik<\/strong> oraz <strong>Mydlnica lekarska<\/strong>. M\u00f3wi si\u0119, \u017ce \u015bwietlik jest najbardziej znanym lekarstwem na zapalenie oczu i ma uspokajaj\u0105cy wp\u0142yw na sk\u00f3r\u0119, podczas gdy mydlnica lekarska pomaga poprawi\u0107 tekstur\u0119 i koloryt sk\u00f3ry. Hildegarda von Bingen r\u00f3wnie\u017c lubi\u0142a poleca\u0107 go na choroby oczu.<\/p>\n<p>Ilo\u015b\u0107 nape\u0142nienia: <strong>100 ml<\/strong><\/p>\n<p>Do demakija\u017cu wszystkich rodzaj\u00f3w sk\u00f3ry.<\/p>\n<div class=\"col-12\">\n<div id=\"product_full_declatation\" class=\"oe_structure\">\n<p><b>Uczciwa deklaracja VOLLdeklaration:\u00a0<\/b>Woda kryszta\u0142owa, hydrolat r\u00f3\u017cany*, cukrowy \u015brodek powierzchniowo czynny, olej migda\u0142owy*, alkohol etylowy*, \u015bwietlik*, mydlnica lekarska*, guma sklerotyczna, kwas cytrynowy, esencja z kwiat\u00f3w modrzewia. <strong>Zawarto\u015b\u0107 organiczna 98 %.<\/strong><\/p>\n<p><b>INCI: <\/b>AQUA, ROSA ALBA FLOWER WATER, COCO-GLUCOSIDE, PRUNUS AMYGDALUS DULCIS OIL, ALCOHOL, EUPHRASIA OFFICINALIS EXTRACT, SAPONARIA OFFICINALIS EXTRACT, SCLEROTIUM GUM, CITRIC ACID.<\/p>\n<\/div>\n<\/div>\n<div>GSUND &amp; SCH\u00d6N GmbH \/ Dorf 14 \/ 4776 Diersbach \/ Austria \/ office@gsund-und-schoen.at<\/div>\n<div><\/div>\n<div class=\"col-12 mt-3\">\n<div><\/div>\n<\/div>\n<div><img decoding=\"async\" class=\"alignleft\" src=\"https:\/\/www.gsund-und-schoen.at\/web\/image\/dr.product.tags\/17\/image\/Austria%20Bio%20Garantie?unique=2fb8a4a\" alt=\"Austria Bio Garantie\" \/>\u00a0 \u00a0<img decoding=\"async\" class=\"alignleft\" src=\"https:\/\/www.gsund-und-schoen.at\/web\/image\/dr.product.tags\/18\/image\/Genfreie%20Kosmetik?unique=2fb8a4a\" alt=\"Genfreie Kosmetik\" \/>\u00a0 \u00a0<img decoding=\"async\" class=\"alignleft\" src=\"https:\/\/www.gsund-und-schoen.at\/web\/image\/dr.product.tags\/19\/image\/Vegan?unique=2fb8a4a\" alt=\"Vegan\" \/>\u00a0 \u00a0<img decoding=\"async\" class=\"alignleft\" src=\"https:\/\/www.gsund-und-schoen.at\/web\/image\/dr.product.tags\/21\/image\/Verpackung:%20%28Opal-%29Glas?unique=2fb8a4a\" alt=\"Verpackung: (Opal-)Glas\" \/><\/div>","protected":false},"excerpt":{"rendered":"<ul>\n<li>Organiczne kosmetyki z Tyrolu<\/li>\n<li>Z krystalicznie czyst\u0105 wod\u0105<\/li>\n<li>\u0141agodny i dok\u0142adny<\/li>\n<li>Zr\u00f3wnowa\u017cona mieszanka dla wra\u017cliwych okolic oczu<\/li>\n<\/ul>","protected":false},"featured_media":37381,"template":"","meta":{"_acf_changed":false,"_et_pb_use_builder":"","_et_pb_old_content":"","_et_gb_content_width":""},"product_brand":[],"product_cat":[172],"product_tag":[],"class_list":{"0":"post-37380","1":"product","2":"type-product","3":"status-publish","4":"has-post-thumbnail","6":"product_cat-kosmetik","8":"first","9":"instock","10":"taxable","11":"shipping-taxable","12":"purchasable","13":"product-type-simple"},"acf":[],"yoast_head":"<!-- This site is optimized with the Yoast SEO plugin v26.4 - https:\/\/yoast.com\/wordpress\/plugins\/seo\/ -->\n<title>Bergkristall Make-Up Entferner - Chi statt Botox<\/title>\n<meta name=\"robots\" content=\"index, follow, max-snippet:-1, max-image-preview:large, max-video-preview:-1\" \/>\n<link rel=\"canonical\" href=\"https:\/\/chi-statt-botox.com\/pl\/produkt\/bergkristall-make-up-entferner\/\" \/>\n<meta property=\"og:locale\" content=\"pl_PL\" \/>\n<meta property=\"og:type\" content=\"article\" \/>\n<meta property=\"og:title\" content=\"Bergkristall Make-Up Entferner - Chi statt Botox\" \/>\n<meta property=\"og:description\" content=\"Biokosmetik aus Tirol  Mit Bergkristallwasser  Mild und gr\u00fcndlich  Ausgewogene Mischung f\u00fcr den empfindlichen Augenbereich\" \/>\n<meta property=\"og:url\" content=\"https:\/\/chi-statt-botox.com\/pl\/produkt\/bergkristall-make-up-entferner\/\" \/>\n<meta property=\"og:site_name\" content=\"Chi statt Botox\" \/>\n<meta property=\"article:modified_time\" content=\"2026-04-13T18:55:47+00:00\" \/>\n<meta property=\"og:image\" content=\"https:\/\/chi-statt-botox.com\/wp-content\/uploads\/Make-Up-Entferner.jpg\" \/>\n\t<meta property=\"og:image:width\" content=\"720\" \/>\n\t<meta property=\"og:image:height\" content=\"720\" \/>\n\t<meta property=\"og:image:type\" content=\"image\/jpeg\" \/>\n<meta name=\"twitter:card\" content=\"summary_large_image\" \/>\n<meta name=\"twitter:label1\" content=\"Szacowany czas czytania\" \/>\n\t<meta name=\"twitter:data1\" content=\"2 minuty\" \/>\n<script type=\"application\/ld+json\" class=\"yoast-schema-graph\">{\"@context\":\"https:\/\/schema.org\",\"@graph\":[{\"@type\":\"WebPage\",\"@id\":\"https:\/\/chi-statt-botox.com\/produkt\/bergkristall-make-up-entferner\/\",\"url\":\"https:\/\/chi-statt-botox.com\/produkt\/bergkristall-make-up-entferner\/\",\"name\":\"Bergkristall Make-Up Entferner - Chi statt Botox\",\"isPartOf\":{\"@id\":\"https:\/\/chi-statt-botox.com\/#website\"},\"primaryImageOfPage\":{\"@id\":\"https:\/\/chi-statt-botox.com\/produkt\/bergkristall-make-up-entferner\/#primaryimage\"},\"image\":{\"@id\":\"https:\/\/chi-statt-botox.com\/produkt\/bergkristall-make-up-entferner\/#primaryimage\"},\"thumbnailUrl\":\"https:\/\/chi-statt-botox.com\/wp-content\/uploads\/Make-Up-Entferner.jpg\",\"datePublished\":\"2024-07-12T08:25:13+00:00\",\"dateModified\":\"2026-04-13T18:55:47+00:00\",\"breadcrumb\":{\"@id\":\"https:\/\/chi-statt-botox.com\/produkt\/bergkristall-make-up-entferner\/#breadcrumb\"},\"inLanguage\":\"pl-PL\",\"potentialAction\":[{\"@type\":\"ReadAction\",\"target\":[\"https:\/\/chi-statt-botox.com\/produkt\/bergkristall-make-up-entferner\/\"]}]},{\"@type\":\"ImageObject\",\"inLanguage\":\"pl-PL\",\"@id\":\"https:\/\/chi-statt-botox.com\/produkt\/bergkristall-make-up-entferner\/#primaryimage\",\"url\":\"https:\/\/chi-statt-botox.com\/wp-content\/uploads\/Make-Up-Entferner.jpg\",\"contentUrl\":\"https:\/\/chi-statt-botox.com\/wp-content\/uploads\/Make-Up-Entferner.jpg\",\"width\":720,\"height\":720},{\"@type\":\"BreadcrumbList\",\"@id\":\"https:\/\/chi-statt-botox.com\/produkt\/bergkristall-make-up-entferner\/#breadcrumb\",\"itemListElement\":[{\"@type\":\"ListItem\",\"position\":1,\"name\":\"Startseite\",\"item\":\"https:\/\/chi-statt-botox.com\/\"},{\"@type\":\"ListItem\",\"position\":2,\"name\":\"Produkte\",\"item\":\"https:\/\/chi-statt-botox.com\/shop\/\"},{\"@type\":\"ListItem\",\"position\":3,\"name\":\"Bergkristall Make-Up Entferner\"}]},{\"@type\":\"WebSite\",\"@id\":\"https:\/\/chi-statt-botox.com\/#website\",\"url\":\"https:\/\/chi-statt-botox.com\/\",\"name\":\"Chi statt Botox\",\"description\":\"Falten wegzaubern, Haut straffen\",\"potentialAction\":[{\"@type\":\"SearchAction\",\"target\":{\"@type\":\"EntryPoint\",\"urlTemplate\":\"https:\/\/chi-statt-botox.com\/?s={search_term_string}\"},\"query-input\":{\"@type\":\"PropertyValueSpecification\",\"valueRequired\":true,\"valueName\":\"search_term_string\"}}],\"inLanguage\":\"pl-PL\"}]}<\/script>\n<!-- \/ Yoast SEO plugin. -->","yoast_head_json":{"title":"Bergkristall Make-Up Entferner - Chi statt Botox","robots":{"index":"index","follow":"follow","max-snippet":"max-snippet:-1","max-image-preview":"max-image-preview:large","max-video-preview":"max-video-preview:-1"},"canonical":"https:\/\/chi-statt-botox.com\/pl\/produkt\/bergkristall-make-up-entferner\/","og_locale":"pl_PL","og_type":"article","og_title":"Bergkristall Make-Up Entferner - Chi statt Botox","og_description":"Biokosmetik aus Tirol  Mit Bergkristallwasser  Mild und gr\u00fcndlich  Ausgewogene Mischung f\u00fcr den empfindlichen Augenbereich","og_url":"https:\/\/chi-statt-botox.com\/pl\/produkt\/bergkristall-make-up-entferner\/","og_site_name":"Chi statt Botox","article_modified_time":"2026-04-13T18:55:47+00:00","og_image":[{"width":720,"height":720,"url":"https:\/\/chi-statt-botox.com\/wp-content\/uploads\/Make-Up-Entferner.jpg","type":"image\/jpeg"}],"twitter_card":"summary_large_image","twitter_misc":{"Szacowany czas czytania":"2 minuty"},"schema":{"@context":"https:\/\/schema.org","@graph":[{"@type":"WebPage","@id":"https:\/\/chi-statt-botox.com\/produkt\/bergkristall-make-up-entferner\/","url":"https:\/\/chi-statt-botox.com\/produkt\/bergkristall-make-up-entferner\/","name":"Bergkristall Make-Up Entferner - Chi statt Botox","isPartOf":{"@id":"https:\/\/chi-statt-botox.com\/#website"},"primaryImageOfPage":{"@id":"https:\/\/chi-statt-botox.com\/produkt\/bergkristall-make-up-entferner\/#primaryimage"},"image":{"@id":"https:\/\/chi-statt-botox.com\/produkt\/bergkristall-make-up-entferner\/#primaryimage"},"thumbnailUrl":"https:\/\/chi-statt-botox.com\/wp-content\/uploads\/Make-Up-Entferner.jpg","datePublished":"2024-07-12T08:25:13+00:00","dateModified":"2026-04-13T18:55:47+00:00","breadcrumb":{"@id":"https:\/\/chi-statt-botox.com\/produkt\/bergkristall-make-up-entferner\/#breadcrumb"},"inLanguage":"pl-PL","potentialAction":[{"@type":"ReadAction","target":["https:\/\/chi-statt-botox.com\/produkt\/bergkristall-make-up-entferner\/"]}]},{"@type":"ImageObject","inLanguage":"pl-PL","@id":"https:\/\/chi-statt-botox.com\/produkt\/bergkristall-make-up-entferner\/#primaryimage","url":"https:\/\/chi-statt-botox.com\/wp-content\/uploads\/Make-Up-Entferner.jpg","contentUrl":"https:\/\/chi-statt-botox.com\/wp-content\/uploads\/Make-Up-Entferner.jpg","width":720,"height":720},{"@type":"BreadcrumbList","@id":"https:\/\/chi-statt-botox.com\/produkt\/bergkristall-make-up-entferner\/#breadcrumb","itemListElement":[{"@type":"ListItem","position":1,"name":"Startseite","item":"https:\/\/chi-statt-botox.com\/"},{"@type":"ListItem","position":2,"name":"Produkte","item":"https:\/\/chi-statt-botox.com\/shop\/"},{"@type":"ListItem","position":3,"name":"Bergkristall Make-Up Entferner"}]},{"@type":"WebSite","@id":"https:\/\/chi-statt-botox.com\/#website","url":"https:\/\/chi-statt-botox.com\/","name":"Chi zamiast botoksu","description":"Usuwa zmarszczki, napina sk\u00f3r\u0119","potentialAction":[{"@type":"SearchAction","target":{"@type":"EntryPoint","urlTemplate":"https:\/\/chi-statt-botox.com\/?s={search_term_string}"},"query-input":{"@type":"PropertyValueSpecification","valueRequired":true,"valueName":"search_term_string"}}],"inLanguage":"pl-PL"}]}},"_links":{"self":[{"href":"https:\/\/chi-statt-botox.com\/pl\/wp-json\/wp\/v2\/product\/37380","targetHints":{"allow":["GET"]}}],"collection":[{"href":"https:\/\/chi-statt-botox.com\/pl\/wp-json\/wp\/v2\/product"}],"about":[{"href":"https:\/\/chi-statt-botox.com\/pl\/wp-json\/wp\/v2\/types\/product"}],"wp:featuredmedia":[{"embeddable":true,"href":"https:\/\/chi-statt-botox.com\/pl\/wp-json\/wp\/v2\/media\/37381"}],"wp:attachment":[{"href":"https:\/\/chi-statt-botox.com\/pl\/wp-json\/wp\/v2\/media?parent=37380"}],"wp:term":[{"taxonomy":"product_brand","embeddable":true,"href":"https:\/\/chi-statt-botox.com\/pl\/wp-json\/wp\/v2\/product_brand?post=37380"},{"taxonomy":"product_cat","embeddable":true,"href":"https:\/\/chi-statt-botox.com\/pl\/wp-json\/wp\/v2\/product_cat?post=37380"},{"taxonomy":"product_tag","embeddable":true,"href":"https:\/\/chi-statt-botox.com\/pl\/wp-json\/wp\/v2\/product_tag?post=37380"}],"curies":[{"name":"wp","href":"https:\/\/api.w.org\/{rel}","templated":true}]}}