{"id":40237,"date":"2024-10-03T10:23:47","date_gmt":"2024-10-03T08:23:47","guid":{"rendered":"https:\/\/chi-statt-botox.com\/?post_type=product&#038;p=40237"},"modified":"2026-04-29T18:30:48","modified_gmt":"2026-04-29T16:30:48","slug":"glycin-pulver-500g","status":"publish","type":"product","link":"https:\/\/chi-statt-botox.com\/pl\/produkt\/glycin-pulver-500g\/","title":{"rendered":"Glicyna (synteza kolagenu)"},"content":{"rendered":"<p><strong>500g<\/strong> czysty proszek.\u00a0<strong>Glicyna<\/strong> gra <strong>kluczow\u0105 rol\u0119 w<\/strong> <strong>Synteza kolagenu<\/strong>. Co trzecia cz\u0105steczka w strukturze kolagenu to glicyna.<\/p>\n<p>Glicyna jest r\u00f3wnie\u017c prekursorem r\u00f3\u017cnych innych substancji, takich jak <strong>Glutation<\/strong> (wa\u017cny przeciwutleniacz), kreatyn\u0119 i puryny.<\/p>\n<p>Og\u00f3lnie rzecz bior\u0105c, wydaje si\u0119, \u017ce nasza og\u00f3lna poda\u017c glicyny nie jest wystarczaj\u0105ca i nie otrzymujemy zalecanej ilo\u015bci glicyny dziennie. Dieta zawieraj\u0105ca mi\u0119so dostarcza nam oko\u0142o 1,5-3 g glicyny, podczas gdy weganie i wegetarianie prawie nie maj\u0105 glicyny w swojej diecie.  Biolodzy kwantowi zalecaj\u0105 dodatkowe spo\u017cycie glicyny w ilo\u015bci co najmniej 3 g dziennie. Jednak wed\u0142ug r\u00f3\u017cnych \u017ar\u00f3de\u0142 optymalna poda\u017c wynosi oko\u0142o 10 g dziennie.<\/p>\n<p><strong>Rekomendacja Christiny<\/strong>Przyjmuj\u0119 5 g dziennie, a opakowanie wystarcza mi na 100 dni. Poniewa\u017c glicyna ma naturalnie s\u0142odki smak, lubi\u0119 s\u0142odzi\u0107 ni\u0105 desery. Zaleca si\u0119, aby wygooglowa\u0107, co mo\u017ce zrobi\u0107 glicyna (nie mo\u017cemy tutaj wymieni\u0107 wszystkiego).<\/p>\n<p><strong>Zastosowanie<\/strong>Wystarczy wymiesza\u0107 z wod\u0105, sokiem, koktajlem lub smoothie - ale tak\u017ce z jedzeniem, poniewa\u017c ma s\u0142odki smak.<\/p>\n<p><strong>Sk\u0142adniki<\/strong>L-glicyna<\/p>\n<p><strong>Zalecenia dotycz\u0105ce spo\u017cycia:\u00a0<\/strong>Wymiesza\u0107 5 g proszku z ok. 250 ml wody lub soku dwa razy dziennie i spo\u017cy\u0107.<\/p>\n<ul>\n<li>500 g czystego proszku<\/li>\n<li>100% wega\u0144ski<\/li>\n<li>Nie zawiera niepo\u017c\u0105danych dodatk\u00f3w, takich jak aromaty, barwniki, konserwanty czy stabilizatory.<\/li>\n<li>Czysty proszek - wyprodukowany w Niemczech<\/li>\n<li>Jest regularnie sprawdzany przez zewn\u0119trzne laboratorium<\/li>\n<\/ul>\n<p>Nie nale\u017cy przekracza\u0107 dziennej dawki. Niedost\u0119pne suplementy diety nie zast\u0105pi\u0105 zr\u00f3\u017cnicowanej, zbilansowanej diety.<\/p>\n<p><strong>Wi\u0119cej informacji na temat glicyny:<\/strong><\/p>\n<div class=\"row\">\n<div class=\"col-xs-12\">\n<p>(1) https:\/\/pubmed.ncbi.nlm.nih.gov\/12362985\/<br \/>\n(2) https:\/\/de.wikipedia.org\/wiki\/Osteogenesis_imperfecta#Ursache_der_Kollagenfehlbildung_und_H%C3%A4ufigkeit<br \/>\n(3) https:\/\/pubmed.ncbi.nlm.nih.gov\/21387089\/<br \/>\n(4) https:\/\/pubmed.ncbi.nlm.nih.gov\/22995213\/<br \/>\n(5) https:\/\/www.ncbi.nlm.nih.gov\/books\/NBK22385\/<br \/>\n(6) https:\/\/pubmed.ncbi.nlm.nih.gov\/20093739\/<br \/>\n(7) https:\/\/www.taegerfitness.de\/glycin\/<\/p>\n<p>PFS GmbH \/ Lauber Str. 5a \/ 93197 Zeitlarn \/ Niemcy \/ info@tnt-supplements.de<\/p>\n<\/div>\n<\/div>","protected":false},"excerpt":{"rendered":"<ul class=\"listnopoints grey\">\n<li>NOWY wygl\u0105d, ten sam produkt<\/li>\n<li>Wa\u017cny dla syntezy kolagenu<\/li>\n<li>Nieistotny aminokwas<\/li>\n<li>Produkcja w Niemczech<\/li>\n<li>100% wega\u0144ski<\/li>\n<li>S\u0142odki z natury<\/li>\n<\/ul>","protected":false},"featured_media":41125,"template":"","meta":{"_acf_changed":false,"_et_pb_use_builder":"","_et_pb_old_content":"","_et_gb_content_width":""},"product_brand":[],"product_cat":[175],"product_tag":[],"class_list":{"0":"post-40237","1":"product","2":"type-product","3":"status-publish","4":"has-post-thumbnail","6":"product_cat-anti-aging-nems","8":"first","9":"instock","10":"taxable","11":"shipping-taxable","12":"purchasable","13":"product-type-simple"},"acf":[],"yoast_head":"<!-- This site is optimized with the Yoast SEO plugin v26.4 - https:\/\/yoast.com\/wordpress\/plugins\/seo\/ -->\n<title>Glycin (Kollagensynthese) - Chi statt Botox<\/title>\n<meta name=\"robots\" content=\"index, follow, max-snippet:-1, max-image-preview:large, max-video-preview:-1\" \/>\n<link rel=\"canonical\" href=\"https:\/\/chi-statt-botox.com\/pl\/produkt\/glycin-pulver-500g\/\" \/>\n<meta property=\"og:locale\" content=\"pl_PL\" \/>\n<meta property=\"og:type\" content=\"article\" \/>\n<meta property=\"og:title\" content=\"Glycin (Kollagensynthese) - Chi statt Botox\" \/>\n<meta property=\"og:description\" content=\"NEUE Optik, gleiches Produkt  Wichtig f\u00fcr die Kollagensynthese  Nicht-essentielle Aminos\u00e4ure  Herstellung in Deutschland  100% vegan  Von Natur aus s\u00fc\u00df\" \/>\n<meta property=\"og:url\" content=\"https:\/\/chi-statt-botox.com\/pl\/produkt\/glycin-pulver-500g\/\" \/>\n<meta property=\"og:site_name\" content=\"Chi statt Botox\" \/>\n<meta property=\"article:modified_time\" content=\"2026-04-29T16:30:48+00:00\" \/>\n<meta property=\"og:image\" content=\"https:\/\/chi-statt-botox.com\/wp-content\/uploads\/tnt-glycin_0_908_thumb_3.jpg\" \/>\n\t<meta property=\"og:image:width\" content=\"800\" \/>\n\t<meta property=\"og:image:height\" content=\"800\" \/>\n\t<meta property=\"og:image:type\" content=\"image\/jpeg\" \/>\n<meta name=\"twitter:card\" content=\"summary_large_image\" \/>\n<meta name=\"twitter:label1\" content=\"Szacowany czas czytania\" \/>\n\t<meta name=\"twitter:data1\" content=\"2 minuty\" \/>\n<script type=\"application\/ld+json\" class=\"yoast-schema-graph\">{\"@context\":\"https:\/\/schema.org\",\"@graph\":[{\"@type\":\"WebPage\",\"@id\":\"https:\/\/chi-statt-botox.com\/produkt\/glycin-pulver-500g\/\",\"url\":\"https:\/\/chi-statt-botox.com\/produkt\/glycin-pulver-500g\/\",\"name\":\"Glycin (Kollagensynthese) - Chi statt Botox\",\"isPartOf\":{\"@id\":\"https:\/\/chi-statt-botox.com\/#website\"},\"primaryImageOfPage\":{\"@id\":\"https:\/\/chi-statt-botox.com\/produkt\/glycin-pulver-500g\/#primaryimage\"},\"image\":{\"@id\":\"https:\/\/chi-statt-botox.com\/produkt\/glycin-pulver-500g\/#primaryimage\"},\"thumbnailUrl\":\"https:\/\/chi-statt-botox.com\/wp-content\/uploads\/tnt-glycin_0_908_thumb_3.jpg\",\"datePublished\":\"2024-10-03T08:23:47+00:00\",\"dateModified\":\"2026-04-29T16:30:48+00:00\",\"breadcrumb\":{\"@id\":\"https:\/\/chi-statt-botox.com\/produkt\/glycin-pulver-500g\/#breadcrumb\"},\"inLanguage\":\"pl-PL\",\"potentialAction\":[{\"@type\":\"ReadAction\",\"target\":[\"https:\/\/chi-statt-botox.com\/produkt\/glycin-pulver-500g\/\"]}]},{\"@type\":\"ImageObject\",\"inLanguage\":\"pl-PL\",\"@id\":\"https:\/\/chi-statt-botox.com\/produkt\/glycin-pulver-500g\/#primaryimage\",\"url\":\"https:\/\/chi-statt-botox.com\/wp-content\/uploads\/tnt-glycin_0_908_thumb_3.jpg\",\"contentUrl\":\"https:\/\/chi-statt-botox.com\/wp-content\/uploads\/tnt-glycin_0_908_thumb_3.jpg\",\"width\":800,\"height\":800},{\"@type\":\"BreadcrumbList\",\"@id\":\"https:\/\/chi-statt-botox.com\/produkt\/glycin-pulver-500g\/#breadcrumb\",\"itemListElement\":[{\"@type\":\"ListItem\",\"position\":1,\"name\":\"Startseite\",\"item\":\"https:\/\/chi-statt-botox.com\/\"},{\"@type\":\"ListItem\",\"position\":2,\"name\":\"Produkte\",\"item\":\"https:\/\/chi-statt-botox.com\/shop\/\"},{\"@type\":\"ListItem\",\"position\":3,\"name\":\"Glycin (Kollagensynthese)\"}]},{\"@type\":\"WebSite\",\"@id\":\"https:\/\/chi-statt-botox.com\/#website\",\"url\":\"https:\/\/chi-statt-botox.com\/\",\"name\":\"Chi statt Botox\",\"description\":\"Falten wegzaubern, Haut straffen\",\"potentialAction\":[{\"@type\":\"SearchAction\",\"target\":{\"@type\":\"EntryPoint\",\"urlTemplate\":\"https:\/\/chi-statt-botox.com\/?s={search_term_string}\"},\"query-input\":{\"@type\":\"PropertyValueSpecification\",\"valueRequired\":true,\"valueName\":\"search_term_string\"}}],\"inLanguage\":\"pl-PL\"}]}<\/script>\n<!-- \/ Yoast SEO plugin. -->","yoast_head_json":{"title":"Glycin (Kollagensynthese) - Chi statt Botox","robots":{"index":"index","follow":"follow","max-snippet":"max-snippet:-1","max-image-preview":"max-image-preview:large","max-video-preview":"max-video-preview:-1"},"canonical":"https:\/\/chi-statt-botox.com\/pl\/produkt\/glycin-pulver-500g\/","og_locale":"pl_PL","og_type":"article","og_title":"Glycin (Kollagensynthese) - Chi statt Botox","og_description":"NEUE Optik, gleiches Produkt  Wichtig f\u00fcr die Kollagensynthese  Nicht-essentielle Aminos\u00e4ure  Herstellung in Deutschland  100% vegan  Von Natur aus s\u00fc\u00df","og_url":"https:\/\/chi-statt-botox.com\/pl\/produkt\/glycin-pulver-500g\/","og_site_name":"Chi statt Botox","article_modified_time":"2026-04-29T16:30:48+00:00","og_image":[{"width":800,"height":800,"url":"https:\/\/chi-statt-botox.com\/wp-content\/uploads\/tnt-glycin_0_908_thumb_3.jpg","type":"image\/jpeg"}],"twitter_card":"summary_large_image","twitter_misc":{"Szacowany czas czytania":"2 minuty"},"schema":{"@context":"https:\/\/schema.org","@graph":[{"@type":"WebPage","@id":"https:\/\/chi-statt-botox.com\/produkt\/glycin-pulver-500g\/","url":"https:\/\/chi-statt-botox.com\/produkt\/glycin-pulver-500g\/","name":"Glycin (Kollagensynthese) - Chi statt Botox","isPartOf":{"@id":"https:\/\/chi-statt-botox.com\/#website"},"primaryImageOfPage":{"@id":"https:\/\/chi-statt-botox.com\/produkt\/glycin-pulver-500g\/#primaryimage"},"image":{"@id":"https:\/\/chi-statt-botox.com\/produkt\/glycin-pulver-500g\/#primaryimage"},"thumbnailUrl":"https:\/\/chi-statt-botox.com\/wp-content\/uploads\/tnt-glycin_0_908_thumb_3.jpg","datePublished":"2024-10-03T08:23:47+00:00","dateModified":"2026-04-29T16:30:48+00:00","breadcrumb":{"@id":"https:\/\/chi-statt-botox.com\/produkt\/glycin-pulver-500g\/#breadcrumb"},"inLanguage":"pl-PL","potentialAction":[{"@type":"ReadAction","target":["https:\/\/chi-statt-botox.com\/produkt\/glycin-pulver-500g\/"]}]},{"@type":"ImageObject","inLanguage":"pl-PL","@id":"https:\/\/chi-statt-botox.com\/produkt\/glycin-pulver-500g\/#primaryimage","url":"https:\/\/chi-statt-botox.com\/wp-content\/uploads\/tnt-glycin_0_908_thumb_3.jpg","contentUrl":"https:\/\/chi-statt-botox.com\/wp-content\/uploads\/tnt-glycin_0_908_thumb_3.jpg","width":800,"height":800},{"@type":"BreadcrumbList","@id":"https:\/\/chi-statt-botox.com\/produkt\/glycin-pulver-500g\/#breadcrumb","itemListElement":[{"@type":"ListItem","position":1,"name":"Startseite","item":"https:\/\/chi-statt-botox.com\/"},{"@type":"ListItem","position":2,"name":"Produkte","item":"https:\/\/chi-statt-botox.com\/shop\/"},{"@type":"ListItem","position":3,"name":"Glycin (Kollagensynthese)"}]},{"@type":"WebSite","@id":"https:\/\/chi-statt-botox.com\/#website","url":"https:\/\/chi-statt-botox.com\/","name":"Chi zamiast botoksu","description":"Usuwa zmarszczki, napina sk\u00f3r\u0119","potentialAction":[{"@type":"SearchAction","target":{"@type":"EntryPoint","urlTemplate":"https:\/\/chi-statt-botox.com\/?s={search_term_string}"},"query-input":{"@type":"PropertyValueSpecification","valueRequired":true,"valueName":"search_term_string"}}],"inLanguage":"pl-PL"}]}},"_links":{"self":[{"href":"https:\/\/chi-statt-botox.com\/pl\/wp-json\/wp\/v2\/product\/40237","targetHints":{"allow":["GET"]}}],"collection":[{"href":"https:\/\/chi-statt-botox.com\/pl\/wp-json\/wp\/v2\/product"}],"about":[{"href":"https:\/\/chi-statt-botox.com\/pl\/wp-json\/wp\/v2\/types\/product"}],"wp:featuredmedia":[{"embeddable":true,"href":"https:\/\/chi-statt-botox.com\/pl\/wp-json\/wp\/v2\/media\/41125"}],"wp:attachment":[{"href":"https:\/\/chi-statt-botox.com\/pl\/wp-json\/wp\/v2\/media?parent=40237"}],"wp:term":[{"taxonomy":"product_brand","embeddable":true,"href":"https:\/\/chi-statt-botox.com\/pl\/wp-json\/wp\/v2\/product_brand?post=40237"},{"taxonomy":"product_cat","embeddable":true,"href":"https:\/\/chi-statt-botox.com\/pl\/wp-json\/wp\/v2\/product_cat?post=40237"},{"taxonomy":"product_tag","embeddable":true,"href":"https:\/\/chi-statt-botox.com\/pl\/wp-json\/wp\/v2\/product_tag?post=40237"}],"curies":[{"name":"wp","href":"https:\/\/api.w.org\/{rel}","templated":true}]}}