{"id":4061,"date":"2020-06-30T11:33:11","date_gmt":"2020-06-30T09:33:11","guid":{"rendered":"https:\/\/chi-statt-botox.com\/?post_type=product&#038;p=4061"},"modified":"2026-04-14T09:01:16","modified_gmt":"2026-04-14T07:01:16","slug":"kleiner-schaber-aus-horn","status":"publish","type":"product","link":"https:\/\/chi-statt-botox.com\/pl\/produkt\/kleiner-schaber-aus-horn\/","title":{"rendered":"Ma\u0142y skrobak wykonany z rogu"},"content":{"rendered":"<p>Skrobak do mniejszych obszar\u00f3w twarzy, takich jak g\u00f3rne powieki, nos, blizny itp. Nadaje si\u0119 r\u00f3wnie\u017c do masa\u017cu podeszew st\u00f3p i d\u0142oni. W tym celu nale\u017cy na\u0142o\u017cy\u0107 niewielk\u0105 ilo\u015b\u0107 olejku na podeszwy st\u00f3p lub d\u0142onie i skroba\u0107 kr\u00f3tkimi, zdecydowanymi ruchami. Kierunek skrobania to od pi\u0119ty do palc\u00f3w i od nadgarstka do opuszk\u00f3w palc\u00f3w. Skrobane s\u0105 r\u00f3wnie\u017c palce st\u00f3p i d\u0142oni, a tak\u017ce przestrze\u0144 mi\u0119dzy nimi.<\/p>\n<p><strong>Przyk\u0142ad zastosowania w filmie <\/strong>(wystarczy klikn\u0105\u0107):<br \/>\n<strong><a href=\"https:\/\/www.youtube.com\/watch?v=1Wdqw2mcLKQ&amp;t=3s\" target=\"_blank\" rel=\"noopener\">\"Sztuczka redukuj\u0105ca zmarszczki (ma\u0142o znana)\" <\/a><\/strong>(od minuty 10:13)<\/p>\n<p><strong>Wa\u017cna uwaga:\u00a0<\/strong>Niekt\u00f3re skrobaki r\u00f3\u017cni\u0105 si\u0119 znacznie kszta\u0142tem, rozmiarem i kolorem. Jednak starannie posortowali\u015bmy dostaw\u0119 i wypu\u015bcili\u015bmy do sklepu tylko te, kt\u00f3re naprawd\u0119 nadaj\u0105 si\u0119 do masa\u017cu.<\/p>\n<p>Chi statt Botox GmbH \/ Bauernstra\u00dfe 1 WDZ 9 \/ 4600 Wels \/ Austria \/ shop@chi-statt-botox.com<\/p>\n<p>&nbsp;<\/p>","protected":false},"excerpt":{"rendered":"<p>Skrobak do mniejszych obszar\u00f3w twarzy, takich jak g\u00f3rne powieki, nos, blizny itp. R\u00f3wnie\u017c do masa\u017cu podeszew st\u00f3p i d\u0142oni.<\/p>","protected":false},"featured_media":30155,"template":"","meta":{"_acf_changed":false,"_et_pb_use_builder":"","_et_pb_old_content":"","_et_gb_content_width":""},"product_brand":[],"product_cat":[176],"product_tag":[],"class_list":{"0":"post-4061","1":"product","2":"type-product","3":"status-publish","4":"has-post-thumbnail","6":"product_cat-face-yoga-massagen","8":"first","9":"instock","10":"taxable","11":"shipping-taxable","12":"purchasable","13":"product-type-simple"},"acf":[],"yoast_head":"<!-- This site is optimized with the Yoast SEO plugin v26.4 - https:\/\/yoast.com\/wordpress\/plugins\/seo\/ -->\n<title>Kleiner Schaber aus Horn - Chi statt Botox<\/title>\n<meta name=\"robots\" content=\"index, follow, max-snippet:-1, max-image-preview:large, max-video-preview:-1\" \/>\n<link rel=\"canonical\" href=\"https:\/\/chi-statt-botox.com\/pl\/produkt\/kleiner-schaber-aus-horn\/\" \/>\n<meta property=\"og:locale\" content=\"pl_PL\" \/>\n<meta property=\"og:type\" content=\"article\" \/>\n<meta property=\"og:title\" content=\"Kleiner Schaber aus Horn - Chi statt Botox\" \/>\n<meta property=\"og:description\" content=\"Schaber f\u00fcr kleinere Bereiche im Gesicht wie zum Beispiel Oberlider, Nase, Narben etc. Auch f\u00fcr Fu\u00dfsohlen und Handmassagen.\" \/>\n<meta property=\"og:url\" content=\"https:\/\/chi-statt-botox.com\/pl\/produkt\/kleiner-schaber-aus-horn\/\" \/>\n<meta property=\"og:site_name\" content=\"Chi statt Botox\" \/>\n<meta property=\"article:modified_time\" content=\"2026-04-14T07:01:16+00:00\" \/>\n<meta property=\"og:image\" content=\"https:\/\/chi-statt-botox.com\/wp-content\/uploads\/web_Kleiner-Schaber-aus-Horn.jpg\" \/>\n\t<meta property=\"og:image:width\" content=\"1920\" \/>\n\t<meta property=\"og:image:height\" content=\"1920\" \/>\n\t<meta property=\"og:image:type\" content=\"image\/jpeg\" \/>\n<meta name=\"twitter:card\" content=\"summary_large_image\" \/>\n<meta name=\"twitter:label1\" content=\"Szacowany czas czytania\" \/>\n\t<meta name=\"twitter:data1\" content=\"1 minuta\" \/>\n<script type=\"application\/ld+json\" class=\"yoast-schema-graph\">{\"@context\":\"https:\/\/schema.org\",\"@graph\":[{\"@type\":\"WebPage\",\"@id\":\"https:\/\/chi-statt-botox.com\/produkt\/kleiner-schaber-aus-horn\/\",\"url\":\"https:\/\/chi-statt-botox.com\/produkt\/kleiner-schaber-aus-horn\/\",\"name\":\"Kleiner Schaber aus Horn - Chi statt Botox\",\"isPartOf\":{\"@id\":\"https:\/\/chi-statt-botox.com\/#website\"},\"primaryImageOfPage\":{\"@id\":\"https:\/\/chi-statt-botox.com\/produkt\/kleiner-schaber-aus-horn\/#primaryimage\"},\"image\":{\"@id\":\"https:\/\/chi-statt-botox.com\/produkt\/kleiner-schaber-aus-horn\/#primaryimage\"},\"thumbnailUrl\":\"https:\/\/chi-statt-botox.com\/wp-content\/uploads\/web_Kleiner-Schaber-aus-Horn.jpg\",\"datePublished\":\"2020-06-30T09:33:11+00:00\",\"dateModified\":\"2026-04-14T07:01:16+00:00\",\"breadcrumb\":{\"@id\":\"https:\/\/chi-statt-botox.com\/produkt\/kleiner-schaber-aus-horn\/#breadcrumb\"},\"inLanguage\":\"pl-PL\",\"potentialAction\":[{\"@type\":\"ReadAction\",\"target\":[\"https:\/\/chi-statt-botox.com\/produkt\/kleiner-schaber-aus-horn\/\"]}]},{\"@type\":\"ImageObject\",\"inLanguage\":\"pl-PL\",\"@id\":\"https:\/\/chi-statt-botox.com\/produkt\/kleiner-schaber-aus-horn\/#primaryimage\",\"url\":\"https:\/\/chi-statt-botox.com\/wp-content\/uploads\/web_Kleiner-Schaber-aus-Horn.jpg\",\"contentUrl\":\"https:\/\/chi-statt-botox.com\/wp-content\/uploads\/web_Kleiner-Schaber-aus-Horn.jpg\",\"width\":1920,\"height\":1920},{\"@type\":\"BreadcrumbList\",\"@id\":\"https:\/\/chi-statt-botox.com\/produkt\/kleiner-schaber-aus-horn\/#breadcrumb\",\"itemListElement\":[{\"@type\":\"ListItem\",\"position\":1,\"name\":\"Startseite\",\"item\":\"https:\/\/chi-statt-botox.com\/\"},{\"@type\":\"ListItem\",\"position\":2,\"name\":\"Produkte\",\"item\":\"https:\/\/chi-statt-botox.com\/shop\/\"},{\"@type\":\"ListItem\",\"position\":3,\"name\":\"Kleiner Schaber aus Horn\"}]},{\"@type\":\"WebSite\",\"@id\":\"https:\/\/chi-statt-botox.com\/#website\",\"url\":\"https:\/\/chi-statt-botox.com\/\",\"name\":\"Chi statt Botox\",\"description\":\"Falten wegzaubern, Haut straffen\",\"potentialAction\":[{\"@type\":\"SearchAction\",\"target\":{\"@type\":\"EntryPoint\",\"urlTemplate\":\"https:\/\/chi-statt-botox.com\/?s={search_term_string}\"},\"query-input\":{\"@type\":\"PropertyValueSpecification\",\"valueRequired\":true,\"valueName\":\"search_term_string\"}}],\"inLanguage\":\"pl-PL\"}]}<\/script>\n<!-- \/ Yoast SEO plugin. -->","yoast_head_json":{"title":"Ma\u0142a skrobaczka wykonana z rogu - Chi zamiast botoksu","robots":{"index":"index","follow":"follow","max-snippet":"max-snippet:-1","max-image-preview":"max-image-preview:large","max-video-preview":"max-video-preview:-1"},"canonical":"https:\/\/chi-statt-botox.com\/pl\/produkt\/kleiner-schaber-aus-horn\/","og_locale":"pl_PL","og_type":"article","og_title":"Kleiner Schaber aus Horn - Chi statt Botox","og_description":"Schaber f\u00fcr kleinere Bereiche im Gesicht wie zum Beispiel Oberlider, Nase, Narben etc. Auch f\u00fcr Fu\u00dfsohlen und Handmassagen.","og_url":"https:\/\/chi-statt-botox.com\/pl\/produkt\/kleiner-schaber-aus-horn\/","og_site_name":"Chi statt Botox","article_modified_time":"2026-04-14T07:01:16+00:00","og_image":[{"width":1920,"height":1920,"url":"https:\/\/chi-statt-botox.com\/wp-content\/uploads\/web_Kleiner-Schaber-aus-Horn.jpg","type":"image\/jpeg"}],"twitter_card":"summary_large_image","twitter_misc":{"Szacowany czas czytania":"1 minuta"},"schema":{"@context":"https:\/\/schema.org","@graph":[{"@type":"WebPage","@id":"https:\/\/chi-statt-botox.com\/produkt\/kleiner-schaber-aus-horn\/","url":"https:\/\/chi-statt-botox.com\/produkt\/kleiner-schaber-aus-horn\/","name":"Ma\u0142a skrobaczka wykonana z rogu - Chi zamiast botoksu","isPartOf":{"@id":"https:\/\/chi-statt-botox.com\/#website"},"primaryImageOfPage":{"@id":"https:\/\/chi-statt-botox.com\/produkt\/kleiner-schaber-aus-horn\/#primaryimage"},"image":{"@id":"https:\/\/chi-statt-botox.com\/produkt\/kleiner-schaber-aus-horn\/#primaryimage"},"thumbnailUrl":"https:\/\/chi-statt-botox.com\/wp-content\/uploads\/web_Kleiner-Schaber-aus-Horn.jpg","datePublished":"2020-06-30T09:33:11+00:00","dateModified":"2026-04-14T07:01:16+00:00","breadcrumb":{"@id":"https:\/\/chi-statt-botox.com\/produkt\/kleiner-schaber-aus-horn\/#breadcrumb"},"inLanguage":"pl-PL","potentialAction":[{"@type":"ReadAction","target":["https:\/\/chi-statt-botox.com\/produkt\/kleiner-schaber-aus-horn\/"]}]},{"@type":"ImageObject","inLanguage":"pl-PL","@id":"https:\/\/chi-statt-botox.com\/produkt\/kleiner-schaber-aus-horn\/#primaryimage","url":"https:\/\/chi-statt-botox.com\/wp-content\/uploads\/web_Kleiner-Schaber-aus-Horn.jpg","contentUrl":"https:\/\/chi-statt-botox.com\/wp-content\/uploads\/web_Kleiner-Schaber-aus-Horn.jpg","width":1920,"height":1920},{"@type":"BreadcrumbList","@id":"https:\/\/chi-statt-botox.com\/produkt\/kleiner-schaber-aus-horn\/#breadcrumb","itemListElement":[{"@type":"ListItem","position":1,"name":"Startseite","item":"https:\/\/chi-statt-botox.com\/"},{"@type":"ListItem","position":2,"name":"Produkte","item":"https:\/\/chi-statt-botox.com\/shop\/"},{"@type":"ListItem","position":3,"name":"Kleiner Schaber aus Horn"}]},{"@type":"WebSite","@id":"https:\/\/chi-statt-botox.com\/#website","url":"https:\/\/chi-statt-botox.com\/","name":"Chi zamiast botoksu","description":"Usuwa zmarszczki, napina sk\u00f3r\u0119","potentialAction":[{"@type":"SearchAction","target":{"@type":"EntryPoint","urlTemplate":"https:\/\/chi-statt-botox.com\/?s={search_term_string}"},"query-input":{"@type":"PropertyValueSpecification","valueRequired":true,"valueName":"search_term_string"}}],"inLanguage":"pl-PL"}]}},"_links":{"self":[{"href":"https:\/\/chi-statt-botox.com\/pl\/wp-json\/wp\/v2\/product\/4061","targetHints":{"allow":["GET"]}}],"collection":[{"href":"https:\/\/chi-statt-botox.com\/pl\/wp-json\/wp\/v2\/product"}],"about":[{"href":"https:\/\/chi-statt-botox.com\/pl\/wp-json\/wp\/v2\/types\/product"}],"wp:featuredmedia":[{"embeddable":true,"href":"https:\/\/chi-statt-botox.com\/pl\/wp-json\/wp\/v2\/media\/30155"}],"wp:attachment":[{"href":"https:\/\/chi-statt-botox.com\/pl\/wp-json\/wp\/v2\/media?parent=4061"}],"wp:term":[{"taxonomy":"product_brand","embeddable":true,"href":"https:\/\/chi-statt-botox.com\/pl\/wp-json\/wp\/v2\/product_brand?post=4061"},{"taxonomy":"product_cat","embeddable":true,"href":"https:\/\/chi-statt-botox.com\/pl\/wp-json\/wp\/v2\/product_cat?post=4061"},{"taxonomy":"product_tag","embeddable":true,"href":"https:\/\/chi-statt-botox.com\/pl\/wp-json\/wp\/v2\/product_tag?post=4061"}],"curies":[{"name":"wp","href":"https:\/\/api.w.org\/{rel}","templated":true}]}}