{"id":41060,"date":"2024-10-22T10:08:26","date_gmt":"2024-10-22T08:08:26","guid":{"rendered":"https:\/\/chi-statt-botox.com\/?post_type=product&#038;p=41060"},"modified":"2026-04-15T08:36:19","modified_gmt":"2026-04-15T06:36:19","slug":"aloe-vera-premium-gel-195-ml","status":"publish","type":"product","link":"https:\/\/chi-statt-botox.com\/pl\/produkt\/aloe-vera-premium-gel-195-ml\/","title":{"rendered":"Aloe Vera Premium Gel 195 ml"},"content":{"rendered":"<p>Z plantacji prosto do szklanej butelki!<\/p>\n<p>Ten cenny \u017cel aloesowy zawiera \u017cel z li\u015bci aloesu <strong>wy\u0142\u0105cznie<\/strong> w jego <strong>najbardziej naturalna surowa forma<\/strong>. Sk\u0142ada si\u0119 z wewn\u0119trznego \u017celu <strong>Ro\u015blina aloesu z Wysp Kanaryjskich<\/strong>. Na tej w\u0142a\u015bnie ro\u015blinie, jeden z <strong>najwy\u017csze zmierzone st\u0119\u017cenia aloverozy na \u015bwiecie<\/strong> okre\u015blony - 23.3%. Dlatego te\u017c u\u017cyto tutaj tylko \u017celu z li\u015bci tej ro\u015bliny. Jest to absolutny <strong>Premium<\/strong> \u017cel. U\u017cywane s\u0105 tylko ro\u015bliny w wieku od 4 do 10 lat, poniewa\u017c ro\u015blina aloesu osi\u0105gn\u0119\u0142a wiek, w kt\u00f3rym jest gotowa do u\u017cycia. <strong>Najwy\u017csze st\u0119\u017cenie sk\u0142adnik\u00f3w aktywnych<\/strong> ma.<\/p>\n<p>195 ml<br \/>\nSzklana butelka z dozownikiem z pompk\u0105 (wielokrotnego u\u017cytku)<\/p>\n<p>Od <strong>uprawa kontrolowana ekologicznie<\/strong>.<br \/>\nBez paraben\u00f3w<br \/>\nBez silikon\u00f3w<br \/>\nBez sk\u0142adnik\u00f3w na bazie oleju mineralnego<br \/>\n<strong>Bez perfum<\/strong><br \/>\n<strong>Bez alkoholu<\/strong><br \/>\nBez syntetycznych barwnik\u00f3w<br \/>\nBez test\u00f3w na zwierz\u0119tach<br \/>\nBezglutenowe.<\/p>\n<p><strong>ALOES I PIEL\u0118GNACJA SK\u00d3RY<\/strong><\/p>\n<p>R\u00f3\u017cne zmarszczki i obrz\u0119ki na twarzy to obrz\u0119kowe formacje sk\u00f3ry spowodowane nadmiarem wody mi\u0119dzy poszczeg\u00f3lnymi warstwami sk\u00f3ry, w po\u0142\u0105czeniu z os\u0142abieniem elastycznych w\u0142\u00f3kien tkanki \u0142\u0105cznej. Przy regularnym stosowaniu naturalne substancje zawarte w aloesie wnikaj\u0105 g\u0142\u0119boko w pory i tkank\u0119 gruczo\u0142ow\u0105. Przyspieszaj\u0105 zanikanie obrz\u0119k\u00f3w i stymuluj\u0105 oddzia\u0142ywanie naturalnego kolagenu i w\u0142\u00f3kien tkanki \u0142\u0105cznej.<\/p>\n<p><strong>DALSZE U\u017bYTKOWANIE<\/strong><\/p>\n<p>Jak <strong>Maska do w\u0142os\u00f3w<\/strong>, <strong>Nawil\u017cacz<\/strong>, <strong>Serum<\/strong>brwi i <strong>Serum do rz\u0119s<\/strong>i jako<strong> Po s\u0142o\u0144cu<\/strong> u\u017cyteczne. Mo\u017cna go r\u00f3wnie\u017c dodawa\u0107 do olejk\u00f3w do masa\u017cu, produkt\u00f3w do piel\u0119gnacji twarzy, krem\u00f3w nawil\u017caj\u0105cych, szampon\u00f3w i od\u017cywek. Ch\u0142odzi oparzenia s\u0142oneczne, \u0142agodzi <strong>Uk\u0105szenia owad\u00f3w<\/strong>pomaga z <strong>Pryszcze<\/strong> oraz <strong>Tr\u0105dzik<\/strong>Dzi\u0119ki dzia\u0142aniu antybakteryjnemu wspomaga gojenie si\u0119 ran i ma dzia\u0142anie zapobiegawcze przeciwko <strong>Blizny<\/strong> i przebarwienia sk\u00f3ry.<\/p>\n<p><strong>SPIS TRE\u015aCI<\/strong><\/p>\n<p>Aloe Barbadensis Miller 99,3 % (Czysty \u017cel z li\u015bci aloesu pochodz\u0105cy z ekologicznej certyfikowanej plantacji aloesu zgodnie z ekologiczn\u0105 dyrektyw\u0105 UE ES-ECO-014-IC)<\/p>\n<p>0,7 % : 2. guma ksantamowa (naturalny zag\u0119szczacz) 3. sorbinian potasu (ochrona przed drobnoustrojami stosowana w przemy\u015ble knurowym) 4. kwas askorbinowy (witamina C) 5. kwas cytrynowy (kwas cytrynowy jako ochrona przed utlenianiem) 6. metabisiarczyn sodu (chroni przed mikroorganizmami i utlenianiem)<\/p>\n<p><strong>STUDIA<\/strong><\/p>\n<p><u>Fa\u0142dy:<\/u>\u00a0\"Zmarszczki s\u0105 zredukowane po 8 tygodniach stosowania\" (3)<br \/>\n<u>Tr\u0105dzik \/ pryszcze:<\/u>\u00a0\"Po stosowaniu dwa razy dziennie, \u017cel aloesowy doprowadzi\u0142 do wyra\u017anej poprawy tr\u0105dziku po 8 tygodniach\". (4)<br \/>\n<u>Wypadanie w\u0142os\u00f3w \/ stan zapalny:<\/u>\u00a0\"Przed i po leczeniu nast\u0105pi\u0142o znaczne zmniejszenie \u0142upie\u017cu, podra\u017cnienia sk\u00f3ry i liczby obszar\u00f3w obj\u0119tych stanem zapalnym (\u0142ojotokowe zapalenie sk\u00f3ry)\". (5)<br \/>\n<u>Po zachodzie s\u0142o\u0144ca:<\/u>\u00a0\"Aloes dzia\u0142a lepiej po opalaniu ni\u017c hydrokortyzon\". (6)<br \/>\n<u>Gojenie si\u0119 sk\u00f3ry:<\/u>\u00a0\"Wspomaga gojenie i zmniejsza nasilenie b\u00f3lu pooperacyjnego\". (7)<br \/>\n<u>Burns:<\/u>\u00a0\"Aloes skraca czas gojenia si\u0119 ran oparzeniowych o oko\u0142o 9 dni w por\u00f3wnaniu z konwencjonalnym leczeniem\". (8)<br \/>\n<u>Radiodermia:<\/u>\u00a0\"Nawet 2 i 4 tygodnie po zako\u0144czeniu radioterapii raka, zapalenie sk\u00f3ry po stronie aloesu by\u0142o znacznie mniej wyra\u017ane\". (9)<\/p>\n<p class=\"a-spacing-base\">(1) (Davis, Kabbani, &amp; Maro, 1987; Davis, Leitner, &amp; Russo, 1988; Djeraba &amp; Quere, 2000; Kaufman, Newman, &amp; Wexler, 1989; Pugh, Ross, ElSohly, &amp; Pasco, 2001; Tan &amp; Vanitha, 2004; Visuthikosol, Chowchuen, Sukwanarat, Sriurairatana, &amp; Boonpucknavig, 1995).<br \/>\n(2) Food Chemistry Volume 103, Issue 1, 2007, Pages 22-30 - Quality and authenticity of commercial aloe vera gel powders A.BozziC.PerrinS.AustinF.Arce Vera<br \/>\n(3<span class=\"a-text-italic\">) (Badanie: Ishizaki, C.: Ebisu Skin Research Center, Inforward, Inc., Tokio, Japonia: Wp\u0142yw steroli ro\u015blinnych pochodz\u0105cych z \u017celu Aloe vera na ludzkie fibroblasty sk\u00f3rne in vitro i na stan sk\u00f3ry u japo\u0144skich kobiet, 2015).<br \/>\n<\/span>(4) (Badanie:\u00a0<u>J Dermatolog Treat.<\/u>\u00a02014 Apr;25(2):123-9. doi: 10.3109\/09546634.2013.768328. Epub 2013 May 6).<br \/>\n(5) (Badanie: Da Vardy, Ad Cohen, T Tchetov, E Medvedovsky &amp; A Biton (1999) A double-blind, placebo-controlled trial of a\u00a0<span class=\"a-text-italic\">Aloes zwyczajny (A. barbadensis)<\/span>\u00a0w leczeniu \u0142ojotokowego zapalenia sk\u00f3ry, Journal of Dermatological Treatment, 10:1, 7-11, DOI:\u00a0<u>10.3109\/09546639909055904<br \/>\n<\/u>(6) (Badanie: Dr Julia Stump :Dzia\u0142anie przeciwzapalne \u017celu Aloe vera (97.5%) w te\u015bcie rumienia UV, monocentryczne, randomizowane, kontrolowane placebo, badanie z podw\u00f3jnie \u015blep\u0105 pr\u00f3b\u0105. 2006.)<br \/>\n(7) (Badanie: Wp\u0142yw kremu z aloesu na b\u00f3l po hemoroidektomii i gojenie si\u0119 ran: wyniki randomizowanego, \u015blepego badania z grup\u0105 kontroln\u0105 placebo. Fariborz Eshghi, Seyed Jalal Hosseinimehr, Nasrin Rahmani et al.)<br \/>\n(8) (Badanie: Maenthaisong R, Chaiyakunapruk N, Niruntraporn S, Kongkaew C. The efficacy of Aloe vera used for burn wound healing: A systematic review. Burns. 2007;33:713-18.)<br \/>\n(9) (Badanie: Haddad P, Amouzgar-Hashemi F, Samsami S, Chinichian S, Oghabian MA.Aloe vera for prevention of radiation-induced dermatitis: a self-controlled clinical trial. Curr Oncol. 2013 Aug;20(4):e345-8).<\/p>\n<p>Elysius \/ W\u0142a\u015bciciel: Rudolf Pusch \/ Friedrichstr. 114a \/ 10117 Berlin \/ Niemcy \/ Info@elysius.eu<\/p>","protected":false},"excerpt":{"rendered":"<ul>\n<li>99.3% czysty \u017cel premium<\/li>\n<li>Z plantacji prosto do szklanej butelki<\/li>\n<li>Bardzo wysokie st\u0119\u017cenie aloworozy<\/li>\n<li>Z upraw kontrolowanych ekologicznie<\/li>\n<\/ul>\n<p>&nbsp;<\/p>","protected":false},"featured_media":41063,"template":"","meta":{"_acf_changed":false,"_et_pb_use_builder":"","_et_pb_old_content":"","_et_gb_content_width":""},"product_brand":[],"product_cat":[172],"product_tag":[],"class_list":{"0":"post-41060","1":"product","2":"type-product","3":"status-publish","4":"has-post-thumbnail","6":"product_cat-kosmetik","8":"first","9":"instock","10":"taxable","11":"shipping-taxable","12":"purchasable","13":"product-type-simple"},"acf":[],"yoast_head":"<!-- This site is optimized with the Yoast SEO plugin v26.4 - https:\/\/yoast.com\/wordpress\/plugins\/seo\/ -->\n<title>Aloe Vera Premium Gel 195 ml - Chi statt Botox<\/title>\n<meta name=\"robots\" content=\"index, follow, max-snippet:-1, max-image-preview:large, max-video-preview:-1\" \/>\n<link rel=\"canonical\" href=\"https:\/\/chi-statt-botox.com\/pl\/produkt\/aloe-vera-premium-gel-195-ml\/\" \/>\n<meta property=\"og:locale\" content=\"pl_PL\" \/>\n<meta property=\"og:type\" content=\"article\" \/>\n<meta property=\"og:title\" content=\"Aloe Vera Premium Gel 195 ml - Chi statt Botox\" \/>\n<meta property=\"og:description\" content=\"99,3% reines Premium-Gel  Von der Plantage direkt in die Glasflasche  Sehr hohe Aloverose Konzentration  Aus \u00f6kologisch kontrolliertem Anbau  &nbsp;\" \/>\n<meta property=\"og:url\" content=\"https:\/\/chi-statt-botox.com\/pl\/produkt\/aloe-vera-premium-gel-195-ml\/\" \/>\n<meta property=\"og:site_name\" content=\"Chi statt Botox\" \/>\n<meta property=\"article:modified_time\" content=\"2026-04-15T06:36:19+00:00\" \/>\n<meta property=\"og:image\" content=\"https:\/\/chi-statt-botox.com\/wp-content\/uploads\/Elysius-Produktbildvorschlag-3.jpg\" \/>\n\t<meta property=\"og:image:width\" content=\"1920\" \/>\n\t<meta property=\"og:image:height\" content=\"1920\" \/>\n\t<meta property=\"og:image:type\" content=\"image\/jpeg\" \/>\n<meta name=\"twitter:card\" content=\"summary_large_image\" \/>\n<meta name=\"twitter:label1\" content=\"Szacowany czas czytania\" \/>\n\t<meta name=\"twitter:data1\" content=\"4 minuty\" \/>\n<script type=\"application\/ld+json\" class=\"yoast-schema-graph\">{\"@context\":\"https:\/\/schema.org\",\"@graph\":[{\"@type\":\"WebPage\",\"@id\":\"https:\/\/chi-statt-botox.com\/produkt\/aloe-vera-premium-gel-195-ml\/\",\"url\":\"https:\/\/chi-statt-botox.com\/produkt\/aloe-vera-premium-gel-195-ml\/\",\"name\":\"Aloe Vera Premium Gel 195 ml - Chi statt Botox\",\"isPartOf\":{\"@id\":\"https:\/\/chi-statt-botox.com\/#website\"},\"primaryImageOfPage\":{\"@id\":\"https:\/\/chi-statt-botox.com\/produkt\/aloe-vera-premium-gel-195-ml\/#primaryimage\"},\"image\":{\"@id\":\"https:\/\/chi-statt-botox.com\/produkt\/aloe-vera-premium-gel-195-ml\/#primaryimage\"},\"thumbnailUrl\":\"https:\/\/chi-statt-botox.com\/wp-content\/uploads\/Elysius-Produktbildvorschlag-3.jpg\",\"datePublished\":\"2024-10-22T08:08:26+00:00\",\"dateModified\":\"2026-04-15T06:36:19+00:00\",\"breadcrumb\":{\"@id\":\"https:\/\/chi-statt-botox.com\/produkt\/aloe-vera-premium-gel-195-ml\/#breadcrumb\"},\"inLanguage\":\"pl-PL\",\"potentialAction\":[{\"@type\":\"ReadAction\",\"target\":[\"https:\/\/chi-statt-botox.com\/produkt\/aloe-vera-premium-gel-195-ml\/\"]}]},{\"@type\":\"ImageObject\",\"inLanguage\":\"pl-PL\",\"@id\":\"https:\/\/chi-statt-botox.com\/produkt\/aloe-vera-premium-gel-195-ml\/#primaryimage\",\"url\":\"https:\/\/chi-statt-botox.com\/wp-content\/uploads\/Elysius-Produktbildvorschlag-3.jpg\",\"contentUrl\":\"https:\/\/chi-statt-botox.com\/wp-content\/uploads\/Elysius-Produktbildvorschlag-3.jpg\",\"width\":1920,\"height\":1920},{\"@type\":\"BreadcrumbList\",\"@id\":\"https:\/\/chi-statt-botox.com\/produkt\/aloe-vera-premium-gel-195-ml\/#breadcrumb\",\"itemListElement\":[{\"@type\":\"ListItem\",\"position\":1,\"name\":\"Startseite\",\"item\":\"https:\/\/chi-statt-botox.com\/\"},{\"@type\":\"ListItem\",\"position\":2,\"name\":\"Produkte\",\"item\":\"https:\/\/chi-statt-botox.com\/shop\/\"},{\"@type\":\"ListItem\",\"position\":3,\"name\":\"Aloe Vera Premium Gel 195 ml\"}]},{\"@type\":\"WebSite\",\"@id\":\"https:\/\/chi-statt-botox.com\/#website\",\"url\":\"https:\/\/chi-statt-botox.com\/\",\"name\":\"Chi statt Botox\",\"description\":\"Falten wegzaubern, Haut straffen\",\"potentialAction\":[{\"@type\":\"SearchAction\",\"target\":{\"@type\":\"EntryPoint\",\"urlTemplate\":\"https:\/\/chi-statt-botox.com\/?s={search_term_string}\"},\"query-input\":{\"@type\":\"PropertyValueSpecification\",\"valueRequired\":true,\"valueName\":\"search_term_string\"}}],\"inLanguage\":\"pl-PL\"}]}<\/script>\n<!-- \/ Yoast SEO plugin. -->","yoast_head_json":{"title":"Aloe Vera Premium Gel 195 ml - Chi statt Botox","robots":{"index":"index","follow":"follow","max-snippet":"max-snippet:-1","max-image-preview":"max-image-preview:large","max-video-preview":"max-video-preview:-1"},"canonical":"https:\/\/chi-statt-botox.com\/pl\/produkt\/aloe-vera-premium-gel-195-ml\/","og_locale":"pl_PL","og_type":"article","og_title":"Aloe Vera Premium Gel 195 ml - Chi statt Botox","og_description":"99,3% reines Premium-Gel  Von der Plantage direkt in die Glasflasche  Sehr hohe Aloverose Konzentration  Aus \u00f6kologisch kontrolliertem Anbau  &nbsp;","og_url":"https:\/\/chi-statt-botox.com\/pl\/produkt\/aloe-vera-premium-gel-195-ml\/","og_site_name":"Chi statt Botox","article_modified_time":"2026-04-15T06:36:19+00:00","og_image":[{"width":1920,"height":1920,"url":"https:\/\/chi-statt-botox.com\/wp-content\/uploads\/Elysius-Produktbildvorschlag-3.jpg","type":"image\/jpeg"}],"twitter_card":"summary_large_image","twitter_misc":{"Szacowany czas czytania":"4 minuty"},"schema":{"@context":"https:\/\/schema.org","@graph":[{"@type":"WebPage","@id":"https:\/\/chi-statt-botox.com\/produkt\/aloe-vera-premium-gel-195-ml\/","url":"https:\/\/chi-statt-botox.com\/produkt\/aloe-vera-premium-gel-195-ml\/","name":"Aloe Vera Premium Gel 195 ml - Chi statt Botox","isPartOf":{"@id":"https:\/\/chi-statt-botox.com\/#website"},"primaryImageOfPage":{"@id":"https:\/\/chi-statt-botox.com\/produkt\/aloe-vera-premium-gel-195-ml\/#primaryimage"},"image":{"@id":"https:\/\/chi-statt-botox.com\/produkt\/aloe-vera-premium-gel-195-ml\/#primaryimage"},"thumbnailUrl":"https:\/\/chi-statt-botox.com\/wp-content\/uploads\/Elysius-Produktbildvorschlag-3.jpg","datePublished":"2024-10-22T08:08:26+00:00","dateModified":"2026-04-15T06:36:19+00:00","breadcrumb":{"@id":"https:\/\/chi-statt-botox.com\/produkt\/aloe-vera-premium-gel-195-ml\/#breadcrumb"},"inLanguage":"pl-PL","potentialAction":[{"@type":"ReadAction","target":["https:\/\/chi-statt-botox.com\/produkt\/aloe-vera-premium-gel-195-ml\/"]}]},{"@type":"ImageObject","inLanguage":"pl-PL","@id":"https:\/\/chi-statt-botox.com\/produkt\/aloe-vera-premium-gel-195-ml\/#primaryimage","url":"https:\/\/chi-statt-botox.com\/wp-content\/uploads\/Elysius-Produktbildvorschlag-3.jpg","contentUrl":"https:\/\/chi-statt-botox.com\/wp-content\/uploads\/Elysius-Produktbildvorschlag-3.jpg","width":1920,"height":1920},{"@type":"BreadcrumbList","@id":"https:\/\/chi-statt-botox.com\/produkt\/aloe-vera-premium-gel-195-ml\/#breadcrumb","itemListElement":[{"@type":"ListItem","position":1,"name":"Startseite","item":"https:\/\/chi-statt-botox.com\/"},{"@type":"ListItem","position":2,"name":"Produkte","item":"https:\/\/chi-statt-botox.com\/shop\/"},{"@type":"ListItem","position":3,"name":"Aloe Vera Premium Gel 195 ml"}]},{"@type":"WebSite","@id":"https:\/\/chi-statt-botox.com\/#website","url":"https:\/\/chi-statt-botox.com\/","name":"Chi zamiast botoksu","description":"Usuwa zmarszczki, napina sk\u00f3r\u0119","potentialAction":[{"@type":"SearchAction","target":{"@type":"EntryPoint","urlTemplate":"https:\/\/chi-statt-botox.com\/?s={search_term_string}"},"query-input":{"@type":"PropertyValueSpecification","valueRequired":true,"valueName":"search_term_string"}}],"inLanguage":"pl-PL"}]}},"_links":{"self":[{"href":"https:\/\/chi-statt-botox.com\/pl\/wp-json\/wp\/v2\/product\/41060","targetHints":{"allow":["GET"]}}],"collection":[{"href":"https:\/\/chi-statt-botox.com\/pl\/wp-json\/wp\/v2\/product"}],"about":[{"href":"https:\/\/chi-statt-botox.com\/pl\/wp-json\/wp\/v2\/types\/product"}],"wp:featuredmedia":[{"embeddable":true,"href":"https:\/\/chi-statt-botox.com\/pl\/wp-json\/wp\/v2\/media\/41063"}],"wp:attachment":[{"href":"https:\/\/chi-statt-botox.com\/pl\/wp-json\/wp\/v2\/media?parent=41060"}],"wp:term":[{"taxonomy":"product_brand","embeddable":true,"href":"https:\/\/chi-statt-botox.com\/pl\/wp-json\/wp\/v2\/product_brand?post=41060"},{"taxonomy":"product_cat","embeddable":true,"href":"https:\/\/chi-statt-botox.com\/pl\/wp-json\/wp\/v2\/product_cat?post=41060"},{"taxonomy":"product_tag","embeddable":true,"href":"https:\/\/chi-statt-botox.com\/pl\/wp-json\/wp\/v2\/product_tag?post=41060"}],"curies":[{"name":"wp","href":"https:\/\/api.w.org\/{rel}","templated":true}]}}