{"id":41067,"date":"2024-10-22T11:13:35","date_gmt":"2024-10-22T09:13:35","guid":{"rendered":"https:\/\/chi-statt-botox.com\/?post_type=product&#038;p=41067"},"modified":"2026-04-15T18:05:03","modified_gmt":"2026-04-15T16:05:03","slug":"bian-stein-schaber","status":"publish","type":"product","link":"https:\/\/chi-statt-botox.com\/pl\/produkt\/bian-stein-schaber\/","title":{"rendered":"Skrobak do kamieni Bian"},"content":{"rendered":"<p>Specjalnie uformowany skrobak wykonany z materia\u0142u 100% <strong>Kamie\u0144 Bian<\/strong> dopasowuje si\u0119 do krzywizn twarzy, szyi, karku i cia\u0142a. Kamienie Bian zawieraj\u0105 <strong>40 minera\u0142\u00f3w i pierwiastk\u00f3w \u015bladowych<\/strong>kt\u00f3ry <strong>jony ujemne<\/strong> produkowa\u0107 i <strong>W\u0142a\u015bciwo\u015bci termoprzewodz\u0105ce<\/strong> mie\u0107. Dlatego kamie\u0144 nale\u017cy czy\u015bci\u0107 wy\u0142\u0105cznie ciep\u0142\u0105 wod\u0105 bez myd\u0142a.<\/p>\n<p>Specjalny kszta\u0142t zosta\u0142 zaprojektowany, aby zminimalizowa\u0107 <strong>Napinanie sk\u00f3ry<\/strong>\u017ce <strong>Kszta\u0142towanie twarzy<\/strong>i od <strong>Pozb\u0105d\u017a si\u0119 obrz\u0119ku<\/strong>. Kamie\u0144 nadaje si\u0119 do <strong>Drena\u017c limfatyczny<\/strong> jak r\u00f3wnie\u017c do intensywnego masa\u017cu Gua Sha. Mo\u017cna go u\u017cywa\u0107 do g\u0142\u0119bszego wnikania produkt\u00f3w piel\u0119gnacyjnych w sk\u00f3r\u0119. Masa\u017c Gua Sha cz\u0119sto zapewnia natychmiastowy efekt liftingu i \u015bwie\u017c\u0105 cer\u0119, ale stosowany regularnie mo\u017ce zapobiega\u0107 powstawaniu zmarszczek w d\u0142u\u017cszej perspektywie. <strong>Kolagen i elastyna<\/strong> wsparcie.<\/p>\n<ul>\n<li id=\"tw-target-text\" class=\"tw-data-text tw-text-large tw-ta\" dir=\"ltr\" data-placeholder=\"\u00dcbersetzung\" data-ved=\"2ahUKEwje3ubHz6GJAxWWS_EDHUh9FI4Q3ewLegQIBxAU\" aria-label=\"Przet\u0142umaczony tekst: Sk\u00f3ra jest napi\u0119ta, wymodelowana, uj\u0119drniona i pozbawiona opuchlizny\">Stymuluje kr\u0105\u017cenie krwi<\/li>\n<li dir=\"ltr\" data-placeholder=\"\u00dcbersetzung\" data-ved=\"2ahUKEwje3ubHz6GJAxWWS_EDHUh9FI4Q3ewLegQIBxAU\" aria-label=\"Przet\u0142umaczony tekst: Sk\u00f3ra jest napi\u0119ta, wymodelowana, uj\u0119drniona i pozbawiona opuchlizny\">Wspomaga uj\u0119drnianie i wyg\u0142adzanie sk\u00f3ry<\/li>\n<li dir=\"ltr\" data-placeholder=\"\u00dcbersetzung\" data-ved=\"2ahUKEwje3ubHz6GJAxWWS_EDHUh9FI4Q3ewLegQIBxAU\" aria-label=\"Przet\u0142umaczony tekst: Sk\u00f3ra jest napi\u0119ta, wymodelowana, uj\u0119drniona i pozbawiona opuchlizny\">Odpowiedni do drena\u017cu limfatycznego<\/li>\n<li dir=\"ltr\" data-placeholder=\"\u00dcbersetzung\" data-ved=\"2ahUKEwje3ubHz6GJAxWWS_EDHUh9FI4Q3ewLegQIBxAU\" aria-label=\"Przet\u0142umaczony tekst: Sk\u00f3ra jest napi\u0119ta, wymodelowana, uj\u0119drniona i pozbawiona opuchlizny\">Pomaga zapobiega\u0107 obrz\u0119kom<\/li>\n<li dir=\"ltr\" data-placeholder=\"\u00dcbersetzung\" data-ved=\"2ahUKEwje3ubHz6GJAxWWS_EDHUh9FI4Q3ewLegQIBxAU\" aria-label=\"Przet\u0142umaczony tekst: Sk\u00f3ra jest napi\u0119ta, wymodelowana, uj\u0119drniona i pozbawiona opuchlizny\">Dzia\u0142a dog\u0142\u0119bnie<\/li>\n<li dir=\"ltr\" data-placeholder=\"\u00dcbersetzung\" data-ved=\"2ahUKEwje3ubHz6GJAxWWS_EDHUh9FI4Q3ewLegQIBxAU\" aria-label=\"Przet\u0142umaczony tekst: Sk\u00f3ra jest napi\u0119ta, wymodelowana, uj\u0119drniona i pozbawiona opuchlizny\">Wspomaga produkcj\u0119 kolagenu<\/li>\n<\/ul>\n<p>Chi statt Botox GmbH \/ Bauernstra\u00dfe 1 WDZ 9 \/ 4600 Wels \/ Austria \/ shop@chi-statt-botox.com<\/p>","protected":false},"excerpt":{"rendered":"<ul>\n<li>Kamie\u0144 Bian zawiera 40 minera\u0142\u00f3w<\/li>\n<li>Kamie\u0144 Bian ma w\u0142a\u015bciwo\u015bci termoprzewodz\u0105ce<\/li>\n<li>Kszta\u0142t odpowiedni do Gua Sha i drena\u017cu limfatycznego<\/li>\n<li>Wspomaga uj\u0119drnianie i wyg\u0142adzanie sk\u00f3ry<\/li>\n<li>Pomaga zapobiega\u0107 obrz\u0119kom<\/li>\n<\/ul>","protected":false},"featured_media":41069,"template":"","meta":{"_acf_changed":false,"_et_pb_use_builder":"","_et_pb_old_content":"","_et_gb_content_width":""},"product_brand":[],"product_cat":[176],"product_tag":[],"class_list":{"0":"post-41067","1":"product","2":"type-product","3":"status-publish","4":"has-post-thumbnail","6":"product_cat-face-yoga-massagen","8":"first","9":"instock","10":"taxable","11":"shipping-taxable","12":"purchasable","13":"product-type-simple"},"acf":[],"yoast_head":"<!-- This site is optimized with the Yoast SEO plugin v26.4 - https:\/\/yoast.com\/wordpress\/plugins\/seo\/ -->\n<title>Bian Stein Schaber - Chi statt Botox<\/title>\n<meta name=\"robots\" content=\"index, follow, max-snippet:-1, max-image-preview:large, max-video-preview:-1\" \/>\n<link rel=\"canonical\" href=\"https:\/\/chi-statt-botox.com\/pl\/produkt\/bian-stein-schaber\/\" \/>\n<meta property=\"og:locale\" content=\"pl_PL\" \/>\n<meta property=\"og:type\" content=\"article\" \/>\n<meta property=\"og:title\" content=\"Bian Stein Schaber - Chi statt Botox\" \/>\n<meta property=\"og:description\" content=\"Bian Stein enth\u00e4lt 40 Mineralien  Bian Stein besitzt w\u00e4rmeleitende Eigenschaften  Form geeignet f\u00fcr Gua Sha und Lymphdrainage  F\u00f6rdert die Straffung und Gl\u00e4ttung der Haut  Hilft gegen Schwellungen\" \/>\n<meta property=\"og:url\" content=\"https:\/\/chi-statt-botox.com\/pl\/produkt\/bian-stein-schaber\/\" \/>\n<meta property=\"og:site_name\" content=\"Chi statt Botox\" \/>\n<meta property=\"article:modified_time\" content=\"2026-04-15T16:05:03+00:00\" \/>\n<meta property=\"og:image\" content=\"https:\/\/chi-statt-botox.com\/wp-content\/uploads\/Chi_statt_botox_5.jpg\" \/>\n\t<meta property=\"og:image:width\" content=\"1920\" \/>\n\t<meta property=\"og:image:height\" content=\"1920\" \/>\n\t<meta property=\"og:image:type\" content=\"image\/jpeg\" \/>\n<meta name=\"twitter:card\" content=\"summary_large_image\" \/>\n<meta name=\"twitter:label1\" content=\"Szacowany czas czytania\" \/>\n\t<meta name=\"twitter:data1\" content=\"2 minuty\" \/>\n<script type=\"application\/ld+json\" class=\"yoast-schema-graph\">{\"@context\":\"https:\/\/schema.org\",\"@graph\":[{\"@type\":\"WebPage\",\"@id\":\"https:\/\/chi-statt-botox.com\/produkt\/bian-stein-schaber\/\",\"url\":\"https:\/\/chi-statt-botox.com\/produkt\/bian-stein-schaber\/\",\"name\":\"Bian Stein Schaber - Chi statt Botox\",\"isPartOf\":{\"@id\":\"https:\/\/chi-statt-botox.com\/#website\"},\"primaryImageOfPage\":{\"@id\":\"https:\/\/chi-statt-botox.com\/produkt\/bian-stein-schaber\/#primaryimage\"},\"image\":{\"@id\":\"https:\/\/chi-statt-botox.com\/produkt\/bian-stein-schaber\/#primaryimage\"},\"thumbnailUrl\":\"https:\/\/chi-statt-botox.com\/wp-content\/uploads\/Chi_statt_botox_5.jpg\",\"datePublished\":\"2024-10-22T09:13:35+00:00\",\"dateModified\":\"2026-04-15T16:05:03+00:00\",\"breadcrumb\":{\"@id\":\"https:\/\/chi-statt-botox.com\/produkt\/bian-stein-schaber\/#breadcrumb\"},\"inLanguage\":\"pl-PL\",\"potentialAction\":[{\"@type\":\"ReadAction\",\"target\":[\"https:\/\/chi-statt-botox.com\/produkt\/bian-stein-schaber\/\"]}]},{\"@type\":\"ImageObject\",\"inLanguage\":\"pl-PL\",\"@id\":\"https:\/\/chi-statt-botox.com\/produkt\/bian-stein-schaber\/#primaryimage\",\"url\":\"https:\/\/chi-statt-botox.com\/wp-content\/uploads\/Chi_statt_botox_5.jpg\",\"contentUrl\":\"https:\/\/chi-statt-botox.com\/wp-content\/uploads\/Chi_statt_botox_5.jpg\",\"width\":1920,\"height\":1920},{\"@type\":\"BreadcrumbList\",\"@id\":\"https:\/\/chi-statt-botox.com\/produkt\/bian-stein-schaber\/#breadcrumb\",\"itemListElement\":[{\"@type\":\"ListItem\",\"position\":1,\"name\":\"Startseite\",\"item\":\"https:\/\/chi-statt-botox.com\/\"},{\"@type\":\"ListItem\",\"position\":2,\"name\":\"Produkte\",\"item\":\"https:\/\/chi-statt-botox.com\/shop\/\"},{\"@type\":\"ListItem\",\"position\":3,\"name\":\"Bian Stein Schaber\"}]},{\"@type\":\"WebSite\",\"@id\":\"https:\/\/chi-statt-botox.com\/#website\",\"url\":\"https:\/\/chi-statt-botox.com\/\",\"name\":\"Chi statt Botox\",\"description\":\"Falten wegzaubern, Haut straffen\",\"potentialAction\":[{\"@type\":\"SearchAction\",\"target\":{\"@type\":\"EntryPoint\",\"urlTemplate\":\"https:\/\/chi-statt-botox.com\/?s={search_term_string}\"},\"query-input\":{\"@type\":\"PropertyValueSpecification\",\"valueRequired\":true,\"valueName\":\"search_term_string\"}}],\"inLanguage\":\"pl-PL\"}]}<\/script>\n<!-- \/ Yoast SEO plugin. -->","yoast_head_json":{"title":"Bian Stein Schaber - Chi zamiast botoksu","robots":{"index":"index","follow":"follow","max-snippet":"max-snippet:-1","max-image-preview":"max-image-preview:large","max-video-preview":"max-video-preview:-1"},"canonical":"https:\/\/chi-statt-botox.com\/pl\/produkt\/bian-stein-schaber\/","og_locale":"pl_PL","og_type":"article","og_title":"Bian Stein Schaber - Chi statt Botox","og_description":"Bian Stein enth\u00e4lt 40 Mineralien  Bian Stein besitzt w\u00e4rmeleitende Eigenschaften  Form geeignet f\u00fcr Gua Sha und Lymphdrainage  F\u00f6rdert die Straffung und Gl\u00e4ttung der Haut  Hilft gegen Schwellungen","og_url":"https:\/\/chi-statt-botox.com\/pl\/produkt\/bian-stein-schaber\/","og_site_name":"Chi statt Botox","article_modified_time":"2026-04-15T16:05:03+00:00","og_image":[{"width":1920,"height":1920,"url":"https:\/\/chi-statt-botox.com\/wp-content\/uploads\/Chi_statt_botox_5.jpg","type":"image\/jpeg"}],"twitter_card":"summary_large_image","twitter_misc":{"Szacowany czas czytania":"2 minuty"},"schema":{"@context":"https:\/\/schema.org","@graph":[{"@type":"WebPage","@id":"https:\/\/chi-statt-botox.com\/produkt\/bian-stein-schaber\/","url":"https:\/\/chi-statt-botox.com\/produkt\/bian-stein-schaber\/","name":"Bian Stein Schaber - Chi zamiast botoksu","isPartOf":{"@id":"https:\/\/chi-statt-botox.com\/#website"},"primaryImageOfPage":{"@id":"https:\/\/chi-statt-botox.com\/produkt\/bian-stein-schaber\/#primaryimage"},"image":{"@id":"https:\/\/chi-statt-botox.com\/produkt\/bian-stein-schaber\/#primaryimage"},"thumbnailUrl":"https:\/\/chi-statt-botox.com\/wp-content\/uploads\/Chi_statt_botox_5.jpg","datePublished":"2024-10-22T09:13:35+00:00","dateModified":"2026-04-15T16:05:03+00:00","breadcrumb":{"@id":"https:\/\/chi-statt-botox.com\/produkt\/bian-stein-schaber\/#breadcrumb"},"inLanguage":"pl-PL","potentialAction":[{"@type":"ReadAction","target":["https:\/\/chi-statt-botox.com\/produkt\/bian-stein-schaber\/"]}]},{"@type":"ImageObject","inLanguage":"pl-PL","@id":"https:\/\/chi-statt-botox.com\/produkt\/bian-stein-schaber\/#primaryimage","url":"https:\/\/chi-statt-botox.com\/wp-content\/uploads\/Chi_statt_botox_5.jpg","contentUrl":"https:\/\/chi-statt-botox.com\/wp-content\/uploads\/Chi_statt_botox_5.jpg","width":1920,"height":1920},{"@type":"BreadcrumbList","@id":"https:\/\/chi-statt-botox.com\/produkt\/bian-stein-schaber\/#breadcrumb","itemListElement":[{"@type":"ListItem","position":1,"name":"Startseite","item":"https:\/\/chi-statt-botox.com\/"},{"@type":"ListItem","position":2,"name":"Produkte","item":"https:\/\/chi-statt-botox.com\/shop\/"},{"@type":"ListItem","position":3,"name":"Bian Stein Schaber"}]},{"@type":"WebSite","@id":"https:\/\/chi-statt-botox.com\/#website","url":"https:\/\/chi-statt-botox.com\/","name":"Chi zamiast botoksu","description":"Usuwa zmarszczki, napina sk\u00f3r\u0119","potentialAction":[{"@type":"SearchAction","target":{"@type":"EntryPoint","urlTemplate":"https:\/\/chi-statt-botox.com\/?s={search_term_string}"},"query-input":{"@type":"PropertyValueSpecification","valueRequired":true,"valueName":"search_term_string"}}],"inLanguage":"pl-PL"}]}},"_links":{"self":[{"href":"https:\/\/chi-statt-botox.com\/pl\/wp-json\/wp\/v2\/product\/41067","targetHints":{"allow":["GET"]}}],"collection":[{"href":"https:\/\/chi-statt-botox.com\/pl\/wp-json\/wp\/v2\/product"}],"about":[{"href":"https:\/\/chi-statt-botox.com\/pl\/wp-json\/wp\/v2\/types\/product"}],"wp:featuredmedia":[{"embeddable":true,"href":"https:\/\/chi-statt-botox.com\/pl\/wp-json\/wp\/v2\/media\/41069"}],"wp:attachment":[{"href":"https:\/\/chi-statt-botox.com\/pl\/wp-json\/wp\/v2\/media?parent=41067"}],"wp:term":[{"taxonomy":"product_brand","embeddable":true,"href":"https:\/\/chi-statt-botox.com\/pl\/wp-json\/wp\/v2\/product_brand?post=41067"},{"taxonomy":"product_cat","embeddable":true,"href":"https:\/\/chi-statt-botox.com\/pl\/wp-json\/wp\/v2\/product_cat?post=41067"},{"taxonomy":"product_tag","embeddable":true,"href":"https:\/\/chi-statt-botox.com\/pl\/wp-json\/wp\/v2\/product_tag?post=41067"}],"curies":[{"name":"wp","href":"https:\/\/api.w.org\/{rel}","templated":true}]}}