{"id":41070,"date":"2024-10-22T11:24:28","date_gmt":"2024-10-22T09:24:28","guid":{"rendered":"https:\/\/chi-statt-botox.com\/?post_type=product&#038;p=41070"},"modified":"2026-04-11T17:53:52","modified_gmt":"2026-04-11T15:53:52","slug":"akupressurstift-aus-bian-stein","status":"publish","type":"product","link":"https:\/\/chi-statt-botox.com\/pl\/produkt\/akupressurstift-aus-bian-stein\/","title":{"rendered":"Pi\u00f3ro do akupresury wykonane z kamienia Bian"},"content":{"rendered":"<p>Sztyft do masa\u017cu kamieniami Bian dla\u00a0<strong>Masa\u017c twarzy<\/strong>,\u00a0<strong>Masa\u017c akupresurowy<\/strong>,\u00a0<strong>Masa\u017c refleksyjny<\/strong>\u00a0oraz\u00a0<strong>Dien Cham<\/strong>. Nadaje si\u0119 r\u00f3wnie\u017c do masa\u017cu cia\u0142a.<\/p>\n<p>Kamienie Bian w zestawie\u00a0<strong>40 minera\u0142\u00f3w i pierwiastk\u00f3w \u015bladowych<\/strong>kt\u00f3ry\u00a0<strong>jony ujemne<\/strong>\u00a0produkowa\u0107 i\u00a0<strong>W\u0142a\u015bciwo\u015bci termoprzewodz\u0105ce<\/strong> mie\u0107. Dlatego kamie\u0144 nale\u017cy czy\u015bci\u0107 wy\u0142\u0105cznie ciep\u0142\u0105 wod\u0105 bez myd\u0142a.<\/p>\n<p>D\u0142ugo\u015b\u0107: 13 cm<\/p>\n<p>Chi statt Botox GmbH \/ Bauernstra\u00dfe 1 WDZ 9 \/ 4600 Wels \/ Austria \/ shop@chi-statt-botox.com<\/p>","protected":false},"excerpt":{"rendered":"<ul>\n<li>Do akupresury i masa\u017cu refleksyjnego<\/li>\n<li>Dla Dien Cham<\/li>\n<li>Odpowiedni do twarzy i cia\u0142a<\/li>\n<li>Kamie\u0144 Bian ma w\u0142a\u015bciwo\u015bci termoprzewodz\u0105ce<\/li>\n<li>Kamie\u0144 Bian zawiera 40 minera\u0142\u00f3w<\/li>\n<\/ul>","protected":false},"featured_media":41071,"template":"","meta":{"_acf_changed":false,"_et_pb_use_builder":"","_et_pb_old_content":"","_et_gb_content_width":""},"product_brand":[],"product_cat":[176],"product_tag":[],"class_list":{"0":"post-41070","1":"product","2":"type-product","3":"status-publish","4":"has-post-thumbnail","6":"product_cat-face-yoga-massagen","8":"first","9":"instock","10":"taxable","11":"shipping-taxable","12":"purchasable","13":"product-type-simple"},"acf":[],"yoast_head":"<!-- This site is optimized with the Yoast SEO plugin v26.4 - https:\/\/yoast.com\/wordpress\/plugins\/seo\/ -->\n<title>Akupressurstift aus Bian Stein - Chi statt Botox<\/title>\n<meta name=\"robots\" content=\"index, follow, max-snippet:-1, max-image-preview:large, max-video-preview:-1\" \/>\n<link rel=\"canonical\" href=\"https:\/\/chi-statt-botox.com\/pl\/produkt\/akupressurstift-aus-bian-stein\/\" \/>\n<meta property=\"og:locale\" content=\"pl_PL\" \/>\n<meta property=\"og:type\" content=\"article\" \/>\n<meta property=\"og:title\" content=\"Akupressurstift aus Bian Stein - Chi statt Botox\" \/>\n<meta property=\"og:description\" content=\"F\u00fcr Akupressur- und Reflexmassage  F\u00fcr Dien Cham  F\u00fcr Gesicht und K\u00f6rper geeignet  Bian Stein besitzt w\u00e4rmeleitende Eigenschaften  Bian Stein enth\u00e4lt 40 Mineralien\" \/>\n<meta property=\"og:url\" content=\"https:\/\/chi-statt-botox.com\/pl\/produkt\/akupressurstift-aus-bian-stein\/\" \/>\n<meta property=\"og:site_name\" content=\"Chi statt Botox\" \/>\n<meta property=\"article:modified_time\" content=\"2026-04-11T15:53:52+00:00\" \/>\n<meta property=\"og:image\" content=\"https:\/\/chi-statt-botox.com\/wp-content\/uploads\/Chi_statt_botox_4.jpg\" \/>\n\t<meta property=\"og:image:width\" content=\"1920\" \/>\n\t<meta property=\"og:image:height\" content=\"1920\" \/>\n\t<meta property=\"og:image:type\" content=\"image\/jpeg\" \/>\n<meta name=\"twitter:card\" content=\"summary_large_image\" \/>\n<meta name=\"twitter:label1\" content=\"Szacowany czas czytania\" \/>\n\t<meta name=\"twitter:data1\" content=\"1 minuta\" \/>\n<script type=\"application\/ld+json\" class=\"yoast-schema-graph\">{\"@context\":\"https:\/\/schema.org\",\"@graph\":[{\"@type\":\"WebPage\",\"@id\":\"https:\/\/chi-statt-botox.com\/produkt\/akupressurstift-aus-bian-stein\/\",\"url\":\"https:\/\/chi-statt-botox.com\/produkt\/akupressurstift-aus-bian-stein\/\",\"name\":\"Akupressurstift aus Bian Stein - Chi statt Botox\",\"isPartOf\":{\"@id\":\"https:\/\/chi-statt-botox.com\/#website\"},\"primaryImageOfPage\":{\"@id\":\"https:\/\/chi-statt-botox.com\/produkt\/akupressurstift-aus-bian-stein\/#primaryimage\"},\"image\":{\"@id\":\"https:\/\/chi-statt-botox.com\/produkt\/akupressurstift-aus-bian-stein\/#primaryimage\"},\"thumbnailUrl\":\"https:\/\/chi-statt-botox.com\/wp-content\/uploads\/Chi_statt_botox_4.jpg\",\"datePublished\":\"2024-10-22T09:24:28+00:00\",\"dateModified\":\"2026-04-11T15:53:52+00:00\",\"breadcrumb\":{\"@id\":\"https:\/\/chi-statt-botox.com\/produkt\/akupressurstift-aus-bian-stein\/#breadcrumb\"},\"inLanguage\":\"pl-PL\",\"potentialAction\":[{\"@type\":\"ReadAction\",\"target\":[\"https:\/\/chi-statt-botox.com\/produkt\/akupressurstift-aus-bian-stein\/\"]}]},{\"@type\":\"ImageObject\",\"inLanguage\":\"pl-PL\",\"@id\":\"https:\/\/chi-statt-botox.com\/produkt\/akupressurstift-aus-bian-stein\/#primaryimage\",\"url\":\"https:\/\/chi-statt-botox.com\/wp-content\/uploads\/Chi_statt_botox_4.jpg\",\"contentUrl\":\"https:\/\/chi-statt-botox.com\/wp-content\/uploads\/Chi_statt_botox_4.jpg\",\"width\":1920,\"height\":1920},{\"@type\":\"BreadcrumbList\",\"@id\":\"https:\/\/chi-statt-botox.com\/produkt\/akupressurstift-aus-bian-stein\/#breadcrumb\",\"itemListElement\":[{\"@type\":\"ListItem\",\"position\":1,\"name\":\"Startseite\",\"item\":\"https:\/\/chi-statt-botox.com\/\"},{\"@type\":\"ListItem\",\"position\":2,\"name\":\"Produkte\",\"item\":\"https:\/\/chi-statt-botox.com\/shop\/\"},{\"@type\":\"ListItem\",\"position\":3,\"name\":\"Akupressurstift aus Bian Stein\"}]},{\"@type\":\"WebSite\",\"@id\":\"https:\/\/chi-statt-botox.com\/#website\",\"url\":\"https:\/\/chi-statt-botox.com\/\",\"name\":\"Chi statt Botox\",\"description\":\"Falten wegzaubern, Haut straffen\",\"potentialAction\":[{\"@type\":\"SearchAction\",\"target\":{\"@type\":\"EntryPoint\",\"urlTemplate\":\"https:\/\/chi-statt-botox.com\/?s={search_term_string}\"},\"query-input\":{\"@type\":\"PropertyValueSpecification\",\"valueRequired\":true,\"valueName\":\"search_term_string\"}}],\"inLanguage\":\"pl-PL\"}]}<\/script>\n<!-- \/ Yoast SEO plugin. -->","yoast_head_json":{"title":"Pi\u00f3ro do akupresury wykonane z kamienia Bian - Chi zamiast botoksu","robots":{"index":"index","follow":"follow","max-snippet":"max-snippet:-1","max-image-preview":"max-image-preview:large","max-video-preview":"max-video-preview:-1"},"canonical":"https:\/\/chi-statt-botox.com\/pl\/produkt\/akupressurstift-aus-bian-stein\/","og_locale":"pl_PL","og_type":"article","og_title":"Akupressurstift aus Bian Stein - Chi statt Botox","og_description":"F\u00fcr Akupressur- und Reflexmassage  F\u00fcr Dien Cham  F\u00fcr Gesicht und K\u00f6rper geeignet  Bian Stein besitzt w\u00e4rmeleitende Eigenschaften  Bian Stein enth\u00e4lt 40 Mineralien","og_url":"https:\/\/chi-statt-botox.com\/pl\/produkt\/akupressurstift-aus-bian-stein\/","og_site_name":"Chi statt Botox","article_modified_time":"2026-04-11T15:53:52+00:00","og_image":[{"width":1920,"height":1920,"url":"https:\/\/chi-statt-botox.com\/wp-content\/uploads\/Chi_statt_botox_4.jpg","type":"image\/jpeg"}],"twitter_card":"summary_large_image","twitter_misc":{"Szacowany czas czytania":"1 minuta"},"schema":{"@context":"https:\/\/schema.org","@graph":[{"@type":"WebPage","@id":"https:\/\/chi-statt-botox.com\/produkt\/akupressurstift-aus-bian-stein\/","url":"https:\/\/chi-statt-botox.com\/produkt\/akupressurstift-aus-bian-stein\/","name":"Pi\u00f3ro do akupresury wykonane z kamienia Bian - Chi zamiast botoksu","isPartOf":{"@id":"https:\/\/chi-statt-botox.com\/#website"},"primaryImageOfPage":{"@id":"https:\/\/chi-statt-botox.com\/produkt\/akupressurstift-aus-bian-stein\/#primaryimage"},"image":{"@id":"https:\/\/chi-statt-botox.com\/produkt\/akupressurstift-aus-bian-stein\/#primaryimage"},"thumbnailUrl":"https:\/\/chi-statt-botox.com\/wp-content\/uploads\/Chi_statt_botox_4.jpg","datePublished":"2024-10-22T09:24:28+00:00","dateModified":"2026-04-11T15:53:52+00:00","breadcrumb":{"@id":"https:\/\/chi-statt-botox.com\/produkt\/akupressurstift-aus-bian-stein\/#breadcrumb"},"inLanguage":"pl-PL","potentialAction":[{"@type":"ReadAction","target":["https:\/\/chi-statt-botox.com\/produkt\/akupressurstift-aus-bian-stein\/"]}]},{"@type":"ImageObject","inLanguage":"pl-PL","@id":"https:\/\/chi-statt-botox.com\/produkt\/akupressurstift-aus-bian-stein\/#primaryimage","url":"https:\/\/chi-statt-botox.com\/wp-content\/uploads\/Chi_statt_botox_4.jpg","contentUrl":"https:\/\/chi-statt-botox.com\/wp-content\/uploads\/Chi_statt_botox_4.jpg","width":1920,"height":1920},{"@type":"BreadcrumbList","@id":"https:\/\/chi-statt-botox.com\/produkt\/akupressurstift-aus-bian-stein\/#breadcrumb","itemListElement":[{"@type":"ListItem","position":1,"name":"Startseite","item":"https:\/\/chi-statt-botox.com\/"},{"@type":"ListItem","position":2,"name":"Produkte","item":"https:\/\/chi-statt-botox.com\/shop\/"},{"@type":"ListItem","position":3,"name":"Akupressurstift aus Bian Stein"}]},{"@type":"WebSite","@id":"https:\/\/chi-statt-botox.com\/#website","url":"https:\/\/chi-statt-botox.com\/","name":"Chi zamiast botoksu","description":"Usuwa zmarszczki, napina sk\u00f3r\u0119","potentialAction":[{"@type":"SearchAction","target":{"@type":"EntryPoint","urlTemplate":"https:\/\/chi-statt-botox.com\/?s={search_term_string}"},"query-input":{"@type":"PropertyValueSpecification","valueRequired":true,"valueName":"search_term_string"}}],"inLanguage":"pl-PL"}]}},"_links":{"self":[{"href":"https:\/\/chi-statt-botox.com\/pl\/wp-json\/wp\/v2\/product\/41070","targetHints":{"allow":["GET"]}}],"collection":[{"href":"https:\/\/chi-statt-botox.com\/pl\/wp-json\/wp\/v2\/product"}],"about":[{"href":"https:\/\/chi-statt-botox.com\/pl\/wp-json\/wp\/v2\/types\/product"}],"wp:featuredmedia":[{"embeddable":true,"href":"https:\/\/chi-statt-botox.com\/pl\/wp-json\/wp\/v2\/media\/41071"}],"wp:attachment":[{"href":"https:\/\/chi-statt-botox.com\/pl\/wp-json\/wp\/v2\/media?parent=41070"}],"wp:term":[{"taxonomy":"product_brand","embeddable":true,"href":"https:\/\/chi-statt-botox.com\/pl\/wp-json\/wp\/v2\/product_brand?post=41070"},{"taxonomy":"product_cat","embeddable":true,"href":"https:\/\/chi-statt-botox.com\/pl\/wp-json\/wp\/v2\/product_cat?post=41070"},{"taxonomy":"product_tag","embeddable":true,"href":"https:\/\/chi-statt-botox.com\/pl\/wp-json\/wp\/v2\/product_tag?post=41070"}],"curies":[{"name":"wp","href":"https:\/\/api.w.org\/{rel}","templated":true}]}}