{"id":41086,"date":"2024-10-23T11:04:07","date_gmt":"2024-10-23T09:04:07","guid":{"rendered":"https:\/\/chi-statt-botox.com\/?post_type=product&#038;p=41086"},"modified":"2026-05-07T09:02:42","modified_gmt":"2026-05-07T07:02:42","slug":"gua-sha-mushroom-2-stk","status":"publish","type":"product","link":"https:\/\/chi-statt-botox.com\/pl\/produkt\/gua-sha-mushroom-2-stk\/","title":{"rendered":"Gua Sha Energy Mushrooms 2 szt."},"content":{"rendered":"<p>Dwa grzyby Gua Sha <strong>wykonany z prawdziwego ametystu<\/strong>. Idealny dla <strong>Drena\u017c limfatyczny<\/strong>\u0142agodny <strong>Gua Sha<\/strong> i do <strong>Masa\u017c w produktach piel\u0119gnacyjnych<\/strong>.<br \/>\nSzczeg\u00f3lnie korzystne dla <strong>Obszar oczu<\/strong>. Tutaj grzyby mog\u0105 by\u0107 u\u017cywane do \u0142agodnego Gua Sha, kt\u00f3ry jest r\u00f3wnie skuteczny. <strong>Zmniejszony obrz\u0119k<\/strong> i <strong>Muskulatura<\/strong> wok\u00f3\u0142 oczu. Poniewa\u017c masz do dyspozycji szersz\u0105 i w\u0119\u017csz\u0105 stron\u0119, mo\u017cesz idealnie dostosowa\u0107 masa\u017c do swojej twarzy.<\/p>\n<p>Ale grzyby s\u0105 r\u00f3wnie\u017c <strong>Cia\u0142o<\/strong> w obszarze szyi lub do leczenia <strong>Punkty spustowe<\/strong> (mo\u017cna r\u00f3wnie\u017c u\u017cy\u0107 w\u0105skiej strony).<\/p>\n<p><strong>Wskaz\u00f3wka Christiny<\/strong>Regularnie masuj sk\u00f3r\u0119 grzybami. <strong>\u015awi\u0105tynie<\/strong> (robimy to automatycznie, gdy boli nas g\u0142owa, ale masa\u017c grzybami jest znacznie przyjemniejszy). Powoduje to rozlu\u017anienie mi\u0119\u015bnia skroniowego wielkiego, kt\u00f3ry zwykle jest bardzo napi\u0119ty i dlatego wp\u0142ywa na twarz.<\/p>\n<p><strong>WNIOSEK<\/strong><br \/>\nOczy\u015b\u0107 sk\u00f3r\u0119. Na\u0142\u00f3\u017c \u017cel, olejek lub krem.<br \/>\nMasuj grzybami z po\u017c\u0105danym naciskiem (silniejszym w obszarach mi\u0119\u015bniowych, \u0142agodniejszym w obszarach kostnych).<\/p>\n<p><strong>AMETHYST<\/strong><br \/>\nAmetyst jest g\u0142\u00f3wnie zwi\u0105zany z <strong>oczyszczanie<\/strong> umiej\u0119tno\u015bci. To dzia\u0142a <strong>oczyszczaj\u0105cy, koj\u0105cy <\/strong>oraz <strong>Odwraca negatywn\u0105 energi\u0119. <\/strong>Masa\u017c Gua Sha wykorzystuje wszystkie te w\u0142a\u015bciwo\u015bci.<\/p>\n<p><strong>OPIEKA<\/strong><br \/>\nCzy\u015bci\u0107 ciep\u0142\u0105 wod\u0105.<br \/>\nJe\u015bli chcesz zachowa\u0107 w\u0142a\u015bciwo\u015bci energetyczne kamienia, czy\u015b\u0107 go raz po raz w zimnej bie\u017c\u0105cej wodzie i od czasu do czasu. <span style=\"text-decoration: underline;\">kr\u00f3tki<\/span> na s\u0142o\u0144cu lub na\u0142adowany w ametystowym gruczole. Nie jest to jednak absolutnie konieczne do wykonania masa\u017cu Gua Sha.<\/p>\n<p><strong>D\u0141UGO\u015a\u0106<\/strong><br \/>\n3,8 cm<\/p>\n<p>Chi statt Botox GmbH \/ Bauernstra\u00dfe 1 WDZ 9 \/ 4600 Wels \/ Austria \/ shop@chi-statt-botox.com<\/p>","protected":false},"excerpt":{"rendered":"<ul>\n<li>Wykonany z prawdziwego ametystu<\/li>\n<li>Idealny przeciw obrz\u0119kom twarzy<\/li>\n<li>Stymuluje uk\u0142ad limfatyczny i mi\u0119\u015bnie<\/li>\n<li>Rozlu\u017ania mi\u0119sie\u0144 skroniowy<\/li>\n<li>Idealny do okolic oczu<\/li>\n<li>Na szyj\u0119, cia\u0142o i punkty spustowe<\/li>\n<\/ul>\n<p>&nbsp;<\/p>","protected":false},"featured_media":41090,"template":"","meta":{"_acf_changed":false,"_et_pb_use_builder":"","_et_pb_old_content":"","_et_gb_content_width":""},"product_brand":[],"product_cat":[176],"product_tag":[],"class_list":{"0":"post-41086","1":"product","2":"type-product","3":"status-publish","4":"has-post-thumbnail","6":"product_cat-face-yoga-massagen","8":"first","9":"instock","10":"taxable","11":"shipping-taxable","12":"purchasable","13":"product-type-simple"},"acf":[],"yoast_head":"<!-- This site is optimized with the Yoast SEO plugin v26.4 - https:\/\/yoast.com\/wordpress\/plugins\/seo\/ -->\n<title>Gua Sha Energie Pilze 2 Stk - Chi statt Botox<\/title>\n<meta name=\"robots\" content=\"index, follow, max-snippet:-1, max-image-preview:large, max-video-preview:-1\" \/>\n<link rel=\"canonical\" href=\"https:\/\/chi-statt-botox.com\/pl\/produkt\/gua-sha-mushroom-2-stk\/\" \/>\n<meta property=\"og:locale\" content=\"pl_PL\" \/>\n<meta property=\"og:type\" content=\"article\" \/>\n<meta property=\"og:title\" content=\"Gua Sha Energie Pilze 2 Stk - Chi statt Botox\" \/>\n<meta property=\"og:description\" content=\"Aus echtem Amethyst  Ideal gegen Schwellungen im Gesicht  Stimuliert Lymphsystem und Muskulatur  Entspannt den Schl\u00e4fenmuskel  Perfekt f\u00fcr den Augenbereich  F\u00fcr Nacken, K\u00f6rper und Triggerpunkte  &nbsp;\" \/>\n<meta property=\"og:url\" content=\"https:\/\/chi-statt-botox.com\/pl\/produkt\/gua-sha-mushroom-2-stk\/\" \/>\n<meta property=\"og:site_name\" content=\"Chi statt Botox\" \/>\n<meta property=\"article:modified_time\" content=\"2026-05-07T07:02:42+00:00\" \/>\n<meta property=\"og:image\" content=\"https:\/\/chi-statt-botox.com\/wp-content\/uploads\/Mushroom-2er3.jpg\" \/>\n\t<meta property=\"og:image:width\" content=\"780\" \/>\n\t<meta property=\"og:image:height\" content=\"780\" \/>\n\t<meta property=\"og:image:type\" content=\"image\/jpeg\" \/>\n<meta name=\"twitter:card\" content=\"summary_large_image\" \/>\n<meta name=\"twitter:label1\" content=\"Szacowany czas czytania\" \/>\n\t<meta name=\"twitter:data1\" content=\"2 minuty\" \/>\n<script type=\"application\/ld+json\" class=\"yoast-schema-graph\">{\"@context\":\"https:\/\/schema.org\",\"@graph\":[{\"@type\":\"WebPage\",\"@id\":\"https:\/\/chi-statt-botox.com\/produkt\/gua-sha-mushroom-2-stk\/\",\"url\":\"https:\/\/chi-statt-botox.com\/produkt\/gua-sha-mushroom-2-stk\/\",\"name\":\"Gua Sha Energie Pilze 2 Stk - Chi statt Botox\",\"isPartOf\":{\"@id\":\"https:\/\/chi-statt-botox.com\/#website\"},\"primaryImageOfPage\":{\"@id\":\"https:\/\/chi-statt-botox.com\/produkt\/gua-sha-mushroom-2-stk\/#primaryimage\"},\"image\":{\"@id\":\"https:\/\/chi-statt-botox.com\/produkt\/gua-sha-mushroom-2-stk\/#primaryimage\"},\"thumbnailUrl\":\"https:\/\/chi-statt-botox.com\/wp-content\/uploads\/Mushroom-2er3.jpg\",\"datePublished\":\"2024-10-23T09:04:07+00:00\",\"dateModified\":\"2026-05-07T07:02:42+00:00\",\"breadcrumb\":{\"@id\":\"https:\/\/chi-statt-botox.com\/produkt\/gua-sha-mushroom-2-stk\/#breadcrumb\"},\"inLanguage\":\"pl-PL\",\"potentialAction\":[{\"@type\":\"ReadAction\",\"target\":[\"https:\/\/chi-statt-botox.com\/produkt\/gua-sha-mushroom-2-stk\/\"]}]},{\"@type\":\"ImageObject\",\"inLanguage\":\"pl-PL\",\"@id\":\"https:\/\/chi-statt-botox.com\/produkt\/gua-sha-mushroom-2-stk\/#primaryimage\",\"url\":\"https:\/\/chi-statt-botox.com\/wp-content\/uploads\/Mushroom-2er3.jpg\",\"contentUrl\":\"https:\/\/chi-statt-botox.com\/wp-content\/uploads\/Mushroom-2er3.jpg\",\"width\":780,\"height\":780},{\"@type\":\"BreadcrumbList\",\"@id\":\"https:\/\/chi-statt-botox.com\/produkt\/gua-sha-mushroom-2-stk\/#breadcrumb\",\"itemListElement\":[{\"@type\":\"ListItem\",\"position\":1,\"name\":\"Startseite\",\"item\":\"https:\/\/chi-statt-botox.com\/\"},{\"@type\":\"ListItem\",\"position\":2,\"name\":\"Produkte\",\"item\":\"https:\/\/chi-statt-botox.com\/shop\/\"},{\"@type\":\"ListItem\",\"position\":3,\"name\":\"Gua Sha Energie Pilze 2 Stk\"}]},{\"@type\":\"WebSite\",\"@id\":\"https:\/\/chi-statt-botox.com\/#website\",\"url\":\"https:\/\/chi-statt-botox.com\/\",\"name\":\"Chi statt Botox\",\"description\":\"Falten wegzaubern, Haut straffen\",\"potentialAction\":[{\"@type\":\"SearchAction\",\"target\":{\"@type\":\"EntryPoint\",\"urlTemplate\":\"https:\/\/chi-statt-botox.com\/?s={search_term_string}\"},\"query-input\":{\"@type\":\"PropertyValueSpecification\",\"valueRequired\":true,\"valueName\":\"search_term_string\"}}],\"inLanguage\":\"pl-PL\"}]}<\/script>\n<!-- \/ Yoast SEO plugin. -->","yoast_head_json":{"title":"Gua Sha Energy Mushrooms 2 szt - Chi zamiast botoksu","robots":{"index":"index","follow":"follow","max-snippet":"max-snippet:-1","max-image-preview":"max-image-preview:large","max-video-preview":"max-video-preview:-1"},"canonical":"https:\/\/chi-statt-botox.com\/pl\/produkt\/gua-sha-mushroom-2-stk\/","og_locale":"pl_PL","og_type":"article","og_title":"Gua Sha Energie Pilze 2 Stk - Chi statt Botox","og_description":"Aus echtem Amethyst  Ideal gegen Schwellungen im Gesicht  Stimuliert Lymphsystem und Muskulatur  Entspannt den Schl\u00e4fenmuskel  Perfekt f\u00fcr den Augenbereich  F\u00fcr Nacken, K\u00f6rper und Triggerpunkte  &nbsp;","og_url":"https:\/\/chi-statt-botox.com\/pl\/produkt\/gua-sha-mushroom-2-stk\/","og_site_name":"Chi statt Botox","article_modified_time":"2026-05-07T07:02:42+00:00","og_image":[{"width":780,"height":780,"url":"https:\/\/chi-statt-botox.com\/wp-content\/uploads\/Mushroom-2er3.jpg","type":"image\/jpeg"}],"twitter_card":"summary_large_image","twitter_misc":{"Szacowany czas czytania":"2 minuty"},"schema":{"@context":"https:\/\/schema.org","@graph":[{"@type":"WebPage","@id":"https:\/\/chi-statt-botox.com\/produkt\/gua-sha-mushroom-2-stk\/","url":"https:\/\/chi-statt-botox.com\/produkt\/gua-sha-mushroom-2-stk\/","name":"Gua Sha Energy Mushrooms 2 szt - Chi zamiast botoksu","isPartOf":{"@id":"https:\/\/chi-statt-botox.com\/#website"},"primaryImageOfPage":{"@id":"https:\/\/chi-statt-botox.com\/produkt\/gua-sha-mushroom-2-stk\/#primaryimage"},"image":{"@id":"https:\/\/chi-statt-botox.com\/produkt\/gua-sha-mushroom-2-stk\/#primaryimage"},"thumbnailUrl":"https:\/\/chi-statt-botox.com\/wp-content\/uploads\/Mushroom-2er3.jpg","datePublished":"2024-10-23T09:04:07+00:00","dateModified":"2026-05-07T07:02:42+00:00","breadcrumb":{"@id":"https:\/\/chi-statt-botox.com\/produkt\/gua-sha-mushroom-2-stk\/#breadcrumb"},"inLanguage":"pl-PL","potentialAction":[{"@type":"ReadAction","target":["https:\/\/chi-statt-botox.com\/produkt\/gua-sha-mushroom-2-stk\/"]}]},{"@type":"ImageObject","inLanguage":"pl-PL","@id":"https:\/\/chi-statt-botox.com\/produkt\/gua-sha-mushroom-2-stk\/#primaryimage","url":"https:\/\/chi-statt-botox.com\/wp-content\/uploads\/Mushroom-2er3.jpg","contentUrl":"https:\/\/chi-statt-botox.com\/wp-content\/uploads\/Mushroom-2er3.jpg","width":780,"height":780},{"@type":"BreadcrumbList","@id":"https:\/\/chi-statt-botox.com\/produkt\/gua-sha-mushroom-2-stk\/#breadcrumb","itemListElement":[{"@type":"ListItem","position":1,"name":"Startseite","item":"https:\/\/chi-statt-botox.com\/"},{"@type":"ListItem","position":2,"name":"Produkte","item":"https:\/\/chi-statt-botox.com\/shop\/"},{"@type":"ListItem","position":3,"name":"Gua Sha Energie Pilze 2 Stk"}]},{"@type":"WebSite","@id":"https:\/\/chi-statt-botox.com\/#website","url":"https:\/\/chi-statt-botox.com\/","name":"Chi zamiast botoksu","description":"Usuwa zmarszczki, napina sk\u00f3r\u0119","potentialAction":[{"@type":"SearchAction","target":{"@type":"EntryPoint","urlTemplate":"https:\/\/chi-statt-botox.com\/?s={search_term_string}"},"query-input":{"@type":"PropertyValueSpecification","valueRequired":true,"valueName":"search_term_string"}}],"inLanguage":"pl-PL"}]}},"_links":{"self":[{"href":"https:\/\/chi-statt-botox.com\/pl\/wp-json\/wp\/v2\/product\/41086","targetHints":{"allow":["GET"]}}],"collection":[{"href":"https:\/\/chi-statt-botox.com\/pl\/wp-json\/wp\/v2\/product"}],"about":[{"href":"https:\/\/chi-statt-botox.com\/pl\/wp-json\/wp\/v2\/types\/product"}],"wp:featuredmedia":[{"embeddable":true,"href":"https:\/\/chi-statt-botox.com\/pl\/wp-json\/wp\/v2\/media\/41090"}],"wp:attachment":[{"href":"https:\/\/chi-statt-botox.com\/pl\/wp-json\/wp\/v2\/media?parent=41086"}],"wp:term":[{"taxonomy":"product_brand","embeddable":true,"href":"https:\/\/chi-statt-botox.com\/pl\/wp-json\/wp\/v2\/product_brand?post=41086"},{"taxonomy":"product_cat","embeddable":true,"href":"https:\/\/chi-statt-botox.com\/pl\/wp-json\/wp\/v2\/product_cat?post=41086"},{"taxonomy":"product_tag","embeddable":true,"href":"https:\/\/chi-statt-botox.com\/pl\/wp-json\/wp\/v2\/product_tag?post=41086"}],"curies":[{"name":"wp","href":"https:\/\/api.w.org\/{rel}","templated":true}]}}