{"id":41115,"date":"2024-10-24T11:30:08","date_gmt":"2024-10-24T09:30:08","guid":{"rendered":"https:\/\/chi-statt-botox.com\/?post_type=product&#038;p=41115"},"modified":"2026-04-15T10:52:21","modified_gmt":"2026-04-15T08:52:21","slug":"schroepfglas-2er-set","status":"publish","type":"product","link":"https:\/\/chi-statt-botox.com\/pl\/produkt\/schroepfglas-2er-set\/","title":{"rendered":"Zestaw 2 kieliszk\u00f3w do fili\u017canek"},"content":{"rendered":"<p>Idealny zestaw do masa\u017cu twarzy ba\u0144kami: <strong>\u015arednica 2 cm<\/strong> dla \u0142atwo dost\u0119pnych obszar\u00f3w, takich jak policzki i podbr\u00f3dek oraz <strong>1 cm<\/strong> do mniejszych obszar\u00f3w, takich jak usta i okolice oczu, a tak\u017ce do g\u0142\u0119bokich zmarszczek.<\/p>\n<p>Masa\u017c ba\u0144kami ma d\u0142ug\u0105 tradycj\u0119 na Dalekim Wschodzie. <strong>D\u0142uga tradycja<\/strong>. Ty <strong>\u0142agodzi napi\u0119cie twarzy<\/strong>kt\u00f3re prowadz\u0105 do rozwoju g\u0142\u0119bokich <strong>Fa\u0142dy<\/strong> i do <strong>Utrata kszta\u0142tu twarzy<\/strong> wk\u0142ad. Ba\u0144ki to przyjazny dla u\u017cytkownika masa\u017c, kt\u00f3ry przy regularnym stosowaniu poprawia <strong>Tworzenie kolagenu<\/strong> i wspiera\u0107 <strong>Elastyczno\u015b\u0107 sk\u00f3ry<\/strong> mo\u017ce si\u0119 poprawi\u0107.<\/p>\n<p>Masa\u017c ba\u0144kami jest uwa\u017cany za <strong>oczyszczanie<\/strong> oraz <strong>opr\u00f3\u017cnianie<\/strong>. Pomaga r\u00f3wnie\u017c wyeliminowa\u0107 toksyny odk\u0142adaj\u0105ce si\u0119 w g\u0142\u0119bszych warstwach, a tym samym poprawi\u0107 <strong>Fasciae<\/strong> ponownie elastyczny. The <strong>Cyrkulacja<\/strong> s\u0105 stymulowane, kom\u00f3rki sk\u00f3ry s\u0105 lepiej zaopatrywane w <strong>Tlen<\/strong> oraz <strong>Sk\u0142adniki od\u017cywcze<\/strong> od\u017cywiona. Wszystko to przyczynia si\u0119 do bardziej m\u0142odzie\u0144czego, zdrowszego wygl\u0105du.<\/p>\n<p><strong>WNIOSEK<\/strong><\/p>\n<ol>\n<li>Oczyszczanie twarzy<\/li>\n<li>Aby uzyska\u0107 wi\u0119ksze nawil\u017cenie, najpierw na\u0142\u00f3\u017c \u017cel (np. <a href=\"https:\/\/chi-statt-botox.com\/pl\/produkt\/aloe-vera-gel-150-ml\/\" target=\"_blank\" rel=\"noopener\">\u017bel z aloesu<\/a> lub <a href=\"https:\/\/chi-statt-botox.com\/pl\/produkt\/aloe-vera-premium-gel-195-ml\/\" target=\"_blank\" rel=\"noopener\">Aloe Vera Gel Premium<\/a>)<\/li>\n<li>Zastosuj olejek lub krem (odpowiednie olejki to np. <a href=\"https:\/\/chi-statt-botox.com\/pl\/produkt\/yogana-oel-mit-feingold-15ml\/\" target=\"_blank\" rel=\"noopener\">Body Dance 1<\/a> oraz <a href=\"https:\/\/chi-statt-botox.com\/pl\/produkt\/yogana-oel-mit-feingold-body-dance-2-15ml\/\" target=\"_blank\" rel=\"noopener\">Body Dance 2<\/a>dla \u015bwie\u017cszego koloru twarzy <a href=\"https:\/\/chi-statt-botox.com\/pl\/produkt\/karottenoel-frischer-teint-und-schoene-beine\/\" target=\"_blank\" rel=\"noopener\">Olej z marchwi<\/a>ale tak\u017ce <a href=\"https:\/\/chi-statt-botox.com\/pl\/produkt\/verjuengendes-reinigungsoel\/\" target=\"_blank\" rel=\"noopener\">Olejek oczyszczaj\u0105cy<\/a> jest dobrym wyborem. Mo\u017cna jednak u\u017cy\u0107 dowolnego olejku, kt\u00f3ry jest dobry dla sk\u00f3ry).<\/li>\n<li>Skroba\u0107 od \u015brodka twarzy na zewn\u0105trz (np. od nosa do ucha, od czubka brody do ucha itp.).<\/li>\n<li>Nast\u0119pnie dobrze zmy\u0107 olej, poniewa\u017c zawiera on toksyny, kt\u00f3re zosta\u0142y uwolnione.<\/li>\n<li>Teraz sk\u00f3ra b\u0119dzie w stanie znacznie lepiej wch\u0142ania\u0107 produkty do piel\u0119gnacji sk\u00f3ry<\/li>\n<\/ol>\n<p>Chi statt Botox GmbH \/ Bauernstra\u00dfe 1 WDZ 9 \/ 4600 Wels \/ Austria \/ shop@chi-statt-botox.com<\/p>\n<p>&nbsp;<\/p>","protected":false},"excerpt":{"rendered":"<ul>\n<li>Idealny zestaw dla ka\u017cdego obszaru twarzy<\/li>\n<li>\u015arednica 2 cm i 1 cm<\/li>\n<li>\u0141agodzi napi\u0119cie na twarzy<\/li>\n<li>Zapobiega powstawaniu zmarszczek i tr\u00f3jk\u0105ta wieku<\/li>\n<li>Wspomaga tworzenie kolagenu i elastyczno\u015b\u0107 sk\u00f3ry<\/li>\n<li>Poprawia kr\u0105\u017cenie krwi<\/li>\n<\/ul>\n<p>&nbsp;<\/p>","protected":false},"featured_media":41117,"template":"","meta":{"_acf_changed":false,"_et_pb_use_builder":"","_et_pb_old_content":"","_et_gb_content_width":""},"product_brand":[],"product_cat":[176],"product_tag":[],"class_list":{"0":"post-41115","1":"product","2":"type-product","3":"status-publish","4":"has-post-thumbnail","6":"product_cat-face-yoga-massagen","8":"first","9":"instock","10":"taxable","11":"shipping-taxable","12":"purchasable","13":"product-type-simple"},"acf":[],"yoast_head":"<!-- This site is optimized with the Yoast SEO plugin v26.4 - https:\/\/yoast.com\/wordpress\/plugins\/seo\/ -->\n<title>Schr\u00f6pfgl\u00e4ser 2er Set - Chi statt Botox<\/title>\n<meta name=\"robots\" content=\"index, follow, max-snippet:-1, max-image-preview:large, max-video-preview:-1\" \/>\n<link rel=\"canonical\" href=\"https:\/\/chi-statt-botox.com\/pl\/produkt\/schroepfglas-2er-set\/\" \/>\n<meta property=\"og:locale\" content=\"pl_PL\" \/>\n<meta property=\"og:type\" content=\"article\" \/>\n<meta property=\"og:title\" content=\"Schr\u00f6pfgl\u00e4ser 2er Set - Chi statt Botox\" \/>\n<meta property=\"og:description\" content=\"Ideales Set f\u00fcr jeden Gesichtsbereich  Durchmesser 2 cm und 1 cm  Lindert Verspannungen im Gesicht  Beugt Faltenbildung und Altersdreieck vor  Unterst\u00fctzt Kollagenbildung und Elastizit\u00e4t der Haut  Verbessert die Durchblutung  &nbsp;\" \/>\n<meta property=\"og:url\" content=\"https:\/\/chi-statt-botox.com\/pl\/produkt\/schroepfglas-2er-set\/\" \/>\n<meta property=\"og:site_name\" content=\"Chi statt Botox\" \/>\n<meta property=\"article:modified_time\" content=\"2026-04-15T08:52:21+00:00\" \/>\n<meta property=\"og:image\" content=\"https:\/\/chi-statt-botox.com\/wp-content\/uploads\/Chi_statt_botox_7.jpg\" \/>\n\t<meta property=\"og:image:width\" content=\"1920\" \/>\n\t<meta property=\"og:image:height\" content=\"1920\" \/>\n\t<meta property=\"og:image:type\" content=\"image\/jpeg\" \/>\n<meta name=\"twitter:card\" content=\"summary_large_image\" \/>\n<meta name=\"twitter:label1\" content=\"Szacowany czas czytania\" \/>\n\t<meta name=\"twitter:data1\" content=\"2 minuty\" \/>\n<script type=\"application\/ld+json\" class=\"yoast-schema-graph\">{\"@context\":\"https:\/\/schema.org\",\"@graph\":[{\"@type\":\"WebPage\",\"@id\":\"https:\/\/chi-statt-botox.com\/produkt\/schroepfglas-2er-set\/\",\"url\":\"https:\/\/chi-statt-botox.com\/produkt\/schroepfglas-2er-set\/\",\"name\":\"Schr\u00f6pfgl\u00e4ser 2er Set - Chi statt Botox\",\"isPartOf\":{\"@id\":\"https:\/\/chi-statt-botox.com\/#website\"},\"primaryImageOfPage\":{\"@id\":\"https:\/\/chi-statt-botox.com\/produkt\/schroepfglas-2er-set\/#primaryimage\"},\"image\":{\"@id\":\"https:\/\/chi-statt-botox.com\/produkt\/schroepfglas-2er-set\/#primaryimage\"},\"thumbnailUrl\":\"https:\/\/chi-statt-botox.com\/wp-content\/uploads\/Chi_statt_botox_7.jpg\",\"datePublished\":\"2024-10-24T09:30:08+00:00\",\"dateModified\":\"2026-04-15T08:52:21+00:00\",\"breadcrumb\":{\"@id\":\"https:\/\/chi-statt-botox.com\/produkt\/schroepfglas-2er-set\/#breadcrumb\"},\"inLanguage\":\"pl-PL\",\"potentialAction\":[{\"@type\":\"ReadAction\",\"target\":[\"https:\/\/chi-statt-botox.com\/produkt\/schroepfglas-2er-set\/\"]}]},{\"@type\":\"ImageObject\",\"inLanguage\":\"pl-PL\",\"@id\":\"https:\/\/chi-statt-botox.com\/produkt\/schroepfglas-2er-set\/#primaryimage\",\"url\":\"https:\/\/chi-statt-botox.com\/wp-content\/uploads\/Chi_statt_botox_7.jpg\",\"contentUrl\":\"https:\/\/chi-statt-botox.com\/wp-content\/uploads\/Chi_statt_botox_7.jpg\",\"width\":1920,\"height\":1920},{\"@type\":\"BreadcrumbList\",\"@id\":\"https:\/\/chi-statt-botox.com\/produkt\/schroepfglas-2er-set\/#breadcrumb\",\"itemListElement\":[{\"@type\":\"ListItem\",\"position\":1,\"name\":\"Startseite\",\"item\":\"https:\/\/chi-statt-botox.com\/\"},{\"@type\":\"ListItem\",\"position\":2,\"name\":\"Produkte\",\"item\":\"https:\/\/chi-statt-botox.com\/shop\/\"},{\"@type\":\"ListItem\",\"position\":3,\"name\":\"Schr\u00f6pfgl\u00e4ser 2er Set\"}]},{\"@type\":\"WebSite\",\"@id\":\"https:\/\/chi-statt-botox.com\/#website\",\"url\":\"https:\/\/chi-statt-botox.com\/\",\"name\":\"Chi statt Botox\",\"description\":\"Falten wegzaubern, Haut straffen\",\"potentialAction\":[{\"@type\":\"SearchAction\",\"target\":{\"@type\":\"EntryPoint\",\"urlTemplate\":\"https:\/\/chi-statt-botox.com\/?s={search_term_string}\"},\"query-input\":{\"@type\":\"PropertyValueSpecification\",\"valueRequired\":true,\"valueName\":\"search_term_string\"}}],\"inLanguage\":\"pl-PL\"}]}<\/script>\n<!-- \/ Yoast SEO plugin. -->","yoast_head_json":{"title":"Zestaw 2 kieliszk\u00f3w do ba\u0144ki - Chi zamiast botoksu","robots":{"index":"index","follow":"follow","max-snippet":"max-snippet:-1","max-image-preview":"max-image-preview:large","max-video-preview":"max-video-preview:-1"},"canonical":"https:\/\/chi-statt-botox.com\/pl\/produkt\/schroepfglas-2er-set\/","og_locale":"pl_PL","og_type":"article","og_title":"Schr\u00f6pfgl\u00e4ser 2er Set - Chi statt Botox","og_description":"Ideales Set f\u00fcr jeden Gesichtsbereich  Durchmesser 2 cm und 1 cm  Lindert Verspannungen im Gesicht  Beugt Faltenbildung und Altersdreieck vor  Unterst\u00fctzt Kollagenbildung und Elastizit\u00e4t der Haut  Verbessert die Durchblutung  &nbsp;","og_url":"https:\/\/chi-statt-botox.com\/pl\/produkt\/schroepfglas-2er-set\/","og_site_name":"Chi statt Botox","article_modified_time":"2026-04-15T08:52:21+00:00","og_image":[{"width":1920,"height":1920,"url":"https:\/\/chi-statt-botox.com\/wp-content\/uploads\/Chi_statt_botox_7.jpg","type":"image\/jpeg"}],"twitter_card":"summary_large_image","twitter_misc":{"Szacowany czas czytania":"2 minuty"},"schema":{"@context":"https:\/\/schema.org","@graph":[{"@type":"WebPage","@id":"https:\/\/chi-statt-botox.com\/produkt\/schroepfglas-2er-set\/","url":"https:\/\/chi-statt-botox.com\/produkt\/schroepfglas-2er-set\/","name":"Zestaw 2 kieliszk\u00f3w do ba\u0144ki - Chi zamiast botoksu","isPartOf":{"@id":"https:\/\/chi-statt-botox.com\/#website"},"primaryImageOfPage":{"@id":"https:\/\/chi-statt-botox.com\/produkt\/schroepfglas-2er-set\/#primaryimage"},"image":{"@id":"https:\/\/chi-statt-botox.com\/produkt\/schroepfglas-2er-set\/#primaryimage"},"thumbnailUrl":"https:\/\/chi-statt-botox.com\/wp-content\/uploads\/Chi_statt_botox_7.jpg","datePublished":"2024-10-24T09:30:08+00:00","dateModified":"2026-04-15T08:52:21+00:00","breadcrumb":{"@id":"https:\/\/chi-statt-botox.com\/produkt\/schroepfglas-2er-set\/#breadcrumb"},"inLanguage":"pl-PL","potentialAction":[{"@type":"ReadAction","target":["https:\/\/chi-statt-botox.com\/produkt\/schroepfglas-2er-set\/"]}]},{"@type":"ImageObject","inLanguage":"pl-PL","@id":"https:\/\/chi-statt-botox.com\/produkt\/schroepfglas-2er-set\/#primaryimage","url":"https:\/\/chi-statt-botox.com\/wp-content\/uploads\/Chi_statt_botox_7.jpg","contentUrl":"https:\/\/chi-statt-botox.com\/wp-content\/uploads\/Chi_statt_botox_7.jpg","width":1920,"height":1920},{"@type":"BreadcrumbList","@id":"https:\/\/chi-statt-botox.com\/produkt\/schroepfglas-2er-set\/#breadcrumb","itemListElement":[{"@type":"ListItem","position":1,"name":"Startseite","item":"https:\/\/chi-statt-botox.com\/"},{"@type":"ListItem","position":2,"name":"Produkte","item":"https:\/\/chi-statt-botox.com\/shop\/"},{"@type":"ListItem","position":3,"name":"Schr\u00f6pfgl\u00e4ser 2er Set"}]},{"@type":"WebSite","@id":"https:\/\/chi-statt-botox.com\/#website","url":"https:\/\/chi-statt-botox.com\/","name":"Chi zamiast botoksu","description":"Usuwa zmarszczki, napina sk\u00f3r\u0119","potentialAction":[{"@type":"SearchAction","target":{"@type":"EntryPoint","urlTemplate":"https:\/\/chi-statt-botox.com\/?s={search_term_string}"},"query-input":{"@type":"PropertyValueSpecification","valueRequired":true,"valueName":"search_term_string"}}],"inLanguage":"pl-PL"}]}},"_links":{"self":[{"href":"https:\/\/chi-statt-botox.com\/pl\/wp-json\/wp\/v2\/product\/41115","targetHints":{"allow":["GET"]}}],"collection":[{"href":"https:\/\/chi-statt-botox.com\/pl\/wp-json\/wp\/v2\/product"}],"about":[{"href":"https:\/\/chi-statt-botox.com\/pl\/wp-json\/wp\/v2\/types\/product"}],"wp:featuredmedia":[{"embeddable":true,"href":"https:\/\/chi-statt-botox.com\/pl\/wp-json\/wp\/v2\/media\/41117"}],"wp:attachment":[{"href":"https:\/\/chi-statt-botox.com\/pl\/wp-json\/wp\/v2\/media?parent=41115"}],"wp:term":[{"taxonomy":"product_brand","embeddable":true,"href":"https:\/\/chi-statt-botox.com\/pl\/wp-json\/wp\/v2\/product_brand?post=41115"},{"taxonomy":"product_cat","embeddable":true,"href":"https:\/\/chi-statt-botox.com\/pl\/wp-json\/wp\/v2\/product_cat?post=41115"},{"taxonomy":"product_tag","embeddable":true,"href":"https:\/\/chi-statt-botox.com\/pl\/wp-json\/wp\/v2\/product_tag?post=41115"}],"curies":[{"name":"wp","href":"https:\/\/api.w.org\/{rel}","templated":true}]}}