{"id":41122,"date":"2024-10-24T12:00:45","date_gmt":"2024-10-24T10:00:45","guid":{"rendered":"https:\/\/chi-statt-botox.com\/?post_type=product&#038;p=41122"},"modified":"2026-04-14T08:00:40","modified_gmt":"2026-04-14T06:00:40","slug":"gua-sha-kamm-aus-bian-stein","status":"publish","type":"product","link":"https:\/\/chi-statt-botox.com\/pl\/produkt\/gua-sha-kamm-aus-bian-stein\/","title":{"rendered":"Grzebie\u0144 Gua Sha wykonany z kamienia Bian"},"content":{"rendered":"<p>Grzebie\u0144 Gua Sha z grubymi z\u0119bami jest odpowiedni do uprzyjemnienia zabiegu Gua Sha dla sk\u00f3ry g\u0142owy, szczeg\u00f3lnie dla os\u00f3b z kr\u0119conymi, g\u0119stymi i\/lub d\u0142ugimi w\u0142osami. Ma on nast\u0119puj\u0105ce zalety\u00a0<strong>Akupresura<\/strong>-efekt. The <strong>Energia \u017cyciowa Chi<\/strong> obudzony w meridianach i <strong>Blokady<\/strong> s\u0105 anulowane.<\/p>\n<p>Obszar sk\u00f3ry g\u0142owy jest <strong>Rozlu\u017anienie twarzy<\/strong> niezwykle wa\u017cne. Regularny masa\u017c Gua Sha jest zatem wysoce zalecany. Oczywi\u015bcie przynosi on korzy\u015bci przede wszystkim <strong>Mieszki w\u0142osowe<\/strong> korzy\u015bci, kt\u00f3re <strong>Wypadanie w\u0142os\u00f3w<\/strong> mo\u017ce \u0142agodzi\u0107 i zapobiega\u0107. Niezliczone wa\u017cne meridiany przecinaj\u0105 nasz\u0105 twarz i sk\u00f3r\u0119 g\u0142owy.<\/p>\n<p>Kamienie Bian w zestawie\u00a0<strong>40 minera\u0142\u00f3w i pierwiastk\u00f3w \u015bladowych<\/strong>kt\u00f3ry\u00a0<strong>jony ujemne<\/strong>\u00a0produkowa\u0107 i\u00a0<strong>W\u0142a\u015bciwo\u015bci termoprzewodz\u0105ce<\/strong>\u00a0mie\u0107. Dlatego kamie\u0144 nale\u017cy czy\u015bci\u0107 wy\u0142\u0105cznie ciep\u0142\u0105 wod\u0105 bez myd\u0142a.<\/p>\n<p><strong>Przeciw wypadaniu w\u0142os\u00f3w<\/strong> Zaleca si\u0119 wykonywanie 30 poci\u0105gni\u0119\u0107 grzebieniem od przodu do ty\u0142u do dw\u00f3ch razy dziennie.<\/p>\n<p>Rozmiar ok. 9 x 5,5 cm (poniewa\u017c grzebienie s\u0105 wykonywane r\u0119cznie, rozmiar mo\u017ce si\u0119 nieznacznie r\u00f3\u017cni\u0107)<\/p>\n<p>Chi statt Botox GmbH \/ Bauernstra\u00dfe 1 WDZ 9 \/ 4600 Wels \/ Austria \/ shop@chi-statt-botox.com<\/p>","protected":false},"excerpt":{"rendered":"<ul>\n<li>Idealny do kr\u0119conych, grubych i\/lub d\u0142ugich w\u0142os\u00f3w<\/li>\n<li>Gua Sha sk\u00f3ry g\u0142owy<\/li>\n<li>Efekt podobny do akupresury<\/li>\n<li>Pomaga zapobiega\u0107 wypadaniu w\u0142os\u00f3w<\/li>\n<li>Pomaga zrelaksowa\u0107 twarz<\/li>\n<li>Rozpuszcza zatory<\/li>\n<\/ul>","protected":false},"featured_media":41123,"template":"","meta":{"_acf_changed":false,"_et_pb_use_builder":"","_et_pb_old_content":"","_et_gb_content_width":""},"product_brand":[],"product_cat":[176],"product_tag":[],"class_list":{"0":"post-41122","1":"product","2":"type-product","3":"status-publish","4":"has-post-thumbnail","6":"product_cat-face-yoga-massagen","8":"first","9":"instock","10":"taxable","11":"shipping-taxable","12":"purchasable","13":"product-type-simple"},"acf":[],"yoast_head":"<!-- This site is optimized with the Yoast SEO plugin v26.4 - https:\/\/yoast.com\/wordpress\/plugins\/seo\/ -->\n<title>Gua Sha Kamm aus Bian Stein - Chi statt Botox<\/title>\n<meta name=\"robots\" content=\"index, follow, max-snippet:-1, max-image-preview:large, max-video-preview:-1\" \/>\n<link rel=\"canonical\" href=\"https:\/\/chi-statt-botox.com\/pl\/produkt\/gua-sha-kamm-aus-bian-stein\/\" \/>\n<meta property=\"og:locale\" content=\"pl_PL\" \/>\n<meta property=\"og:type\" content=\"article\" \/>\n<meta property=\"og:title\" content=\"Gua Sha Kamm aus Bian Stein - Chi statt Botox\" \/>\n<meta property=\"og:description\" content=\"Ideal bei lockigem, dichtem und\/oder langem Haar  Gua Sha der Kopfhaut  Akupressur-\u00e4hnliche Wirkung  Hilft, Haarausfall vorzubeugen  Hilft, das Gesicht zu entspannen  L\u00f6st Blockaden\" \/>\n<meta property=\"og:url\" content=\"https:\/\/chi-statt-botox.com\/pl\/produkt\/gua-sha-kamm-aus-bian-stein\/\" \/>\n<meta property=\"og:site_name\" content=\"Chi statt Botox\" \/>\n<meta property=\"article:modified_time\" content=\"2026-04-14T06:00:40+00:00\" \/>\n<meta property=\"og:image\" content=\"https:\/\/chi-statt-botox.com\/wp-content\/uploads\/Chi_statt_botox_6.jpg\" \/>\n\t<meta property=\"og:image:width\" content=\"1920\" \/>\n\t<meta property=\"og:image:height\" content=\"1920\" \/>\n\t<meta property=\"og:image:type\" content=\"image\/jpeg\" \/>\n<meta name=\"twitter:card\" content=\"summary_large_image\" \/>\n<meta name=\"twitter:label1\" content=\"Szacowany czas czytania\" \/>\n\t<meta name=\"twitter:data1\" content=\"2 minuty\" \/>\n<script type=\"application\/ld+json\" class=\"yoast-schema-graph\">{\"@context\":\"https:\/\/schema.org\",\"@graph\":[{\"@type\":\"WebPage\",\"@id\":\"https:\/\/chi-statt-botox.com\/produkt\/gua-sha-kamm-aus-bian-stein\/\",\"url\":\"https:\/\/chi-statt-botox.com\/produkt\/gua-sha-kamm-aus-bian-stein\/\",\"name\":\"Gua Sha Kamm aus Bian Stein - Chi statt Botox\",\"isPartOf\":{\"@id\":\"https:\/\/chi-statt-botox.com\/#website\"},\"primaryImageOfPage\":{\"@id\":\"https:\/\/chi-statt-botox.com\/produkt\/gua-sha-kamm-aus-bian-stein\/#primaryimage\"},\"image\":{\"@id\":\"https:\/\/chi-statt-botox.com\/produkt\/gua-sha-kamm-aus-bian-stein\/#primaryimage\"},\"thumbnailUrl\":\"https:\/\/chi-statt-botox.com\/wp-content\/uploads\/Chi_statt_botox_6.jpg\",\"datePublished\":\"2024-10-24T10:00:45+00:00\",\"dateModified\":\"2026-04-14T06:00:40+00:00\",\"breadcrumb\":{\"@id\":\"https:\/\/chi-statt-botox.com\/produkt\/gua-sha-kamm-aus-bian-stein\/#breadcrumb\"},\"inLanguage\":\"pl-PL\",\"potentialAction\":[{\"@type\":\"ReadAction\",\"target\":[\"https:\/\/chi-statt-botox.com\/produkt\/gua-sha-kamm-aus-bian-stein\/\"]}]},{\"@type\":\"ImageObject\",\"inLanguage\":\"pl-PL\",\"@id\":\"https:\/\/chi-statt-botox.com\/produkt\/gua-sha-kamm-aus-bian-stein\/#primaryimage\",\"url\":\"https:\/\/chi-statt-botox.com\/wp-content\/uploads\/Chi_statt_botox_6.jpg\",\"contentUrl\":\"https:\/\/chi-statt-botox.com\/wp-content\/uploads\/Chi_statt_botox_6.jpg\",\"width\":1920,\"height\":1920},{\"@type\":\"BreadcrumbList\",\"@id\":\"https:\/\/chi-statt-botox.com\/produkt\/gua-sha-kamm-aus-bian-stein\/#breadcrumb\",\"itemListElement\":[{\"@type\":\"ListItem\",\"position\":1,\"name\":\"Startseite\",\"item\":\"https:\/\/chi-statt-botox.com\/\"},{\"@type\":\"ListItem\",\"position\":2,\"name\":\"Produkte\",\"item\":\"https:\/\/chi-statt-botox.com\/shop\/\"},{\"@type\":\"ListItem\",\"position\":3,\"name\":\"Gua Sha Kamm aus Bian Stein\"}]},{\"@type\":\"WebSite\",\"@id\":\"https:\/\/chi-statt-botox.com\/#website\",\"url\":\"https:\/\/chi-statt-botox.com\/\",\"name\":\"Chi statt Botox\",\"description\":\"Falten wegzaubern, Haut straffen\",\"potentialAction\":[{\"@type\":\"SearchAction\",\"target\":{\"@type\":\"EntryPoint\",\"urlTemplate\":\"https:\/\/chi-statt-botox.com\/?s={search_term_string}\"},\"query-input\":{\"@type\":\"PropertyValueSpecification\",\"valueRequired\":true,\"valueName\":\"search_term_string\"}}],\"inLanguage\":\"pl-PL\"}]}<\/script>\n<!-- \/ Yoast SEO plugin. -->","yoast_head_json":{"title":"Grzebie\u0144 Gua Sha wykonany z kamienia Bian - Chi zamiast botoksu","robots":{"index":"index","follow":"follow","max-snippet":"max-snippet:-1","max-image-preview":"max-image-preview:large","max-video-preview":"max-video-preview:-1"},"canonical":"https:\/\/chi-statt-botox.com\/pl\/produkt\/gua-sha-kamm-aus-bian-stein\/","og_locale":"pl_PL","og_type":"article","og_title":"Gua Sha Kamm aus Bian Stein - Chi statt Botox","og_description":"Ideal bei lockigem, dichtem und\/oder langem Haar  Gua Sha der Kopfhaut  Akupressur-\u00e4hnliche Wirkung  Hilft, Haarausfall vorzubeugen  Hilft, das Gesicht zu entspannen  L\u00f6st Blockaden","og_url":"https:\/\/chi-statt-botox.com\/pl\/produkt\/gua-sha-kamm-aus-bian-stein\/","og_site_name":"Chi statt Botox","article_modified_time":"2026-04-14T06:00:40+00:00","og_image":[{"width":1920,"height":1920,"url":"https:\/\/chi-statt-botox.com\/wp-content\/uploads\/Chi_statt_botox_6.jpg","type":"image\/jpeg"}],"twitter_card":"summary_large_image","twitter_misc":{"Szacowany czas czytania":"2 minuty"},"schema":{"@context":"https:\/\/schema.org","@graph":[{"@type":"WebPage","@id":"https:\/\/chi-statt-botox.com\/produkt\/gua-sha-kamm-aus-bian-stein\/","url":"https:\/\/chi-statt-botox.com\/produkt\/gua-sha-kamm-aus-bian-stein\/","name":"Grzebie\u0144 Gua Sha wykonany z kamienia Bian - Chi zamiast botoksu","isPartOf":{"@id":"https:\/\/chi-statt-botox.com\/#website"},"primaryImageOfPage":{"@id":"https:\/\/chi-statt-botox.com\/produkt\/gua-sha-kamm-aus-bian-stein\/#primaryimage"},"image":{"@id":"https:\/\/chi-statt-botox.com\/produkt\/gua-sha-kamm-aus-bian-stein\/#primaryimage"},"thumbnailUrl":"https:\/\/chi-statt-botox.com\/wp-content\/uploads\/Chi_statt_botox_6.jpg","datePublished":"2024-10-24T10:00:45+00:00","dateModified":"2026-04-14T06:00:40+00:00","breadcrumb":{"@id":"https:\/\/chi-statt-botox.com\/produkt\/gua-sha-kamm-aus-bian-stein\/#breadcrumb"},"inLanguage":"pl-PL","potentialAction":[{"@type":"ReadAction","target":["https:\/\/chi-statt-botox.com\/produkt\/gua-sha-kamm-aus-bian-stein\/"]}]},{"@type":"ImageObject","inLanguage":"pl-PL","@id":"https:\/\/chi-statt-botox.com\/produkt\/gua-sha-kamm-aus-bian-stein\/#primaryimage","url":"https:\/\/chi-statt-botox.com\/wp-content\/uploads\/Chi_statt_botox_6.jpg","contentUrl":"https:\/\/chi-statt-botox.com\/wp-content\/uploads\/Chi_statt_botox_6.jpg","width":1920,"height":1920},{"@type":"BreadcrumbList","@id":"https:\/\/chi-statt-botox.com\/produkt\/gua-sha-kamm-aus-bian-stein\/#breadcrumb","itemListElement":[{"@type":"ListItem","position":1,"name":"Startseite","item":"https:\/\/chi-statt-botox.com\/"},{"@type":"ListItem","position":2,"name":"Produkte","item":"https:\/\/chi-statt-botox.com\/shop\/"},{"@type":"ListItem","position":3,"name":"Gua Sha Kamm aus Bian Stein"}]},{"@type":"WebSite","@id":"https:\/\/chi-statt-botox.com\/#website","url":"https:\/\/chi-statt-botox.com\/","name":"Chi zamiast botoksu","description":"Usuwa zmarszczki, napina sk\u00f3r\u0119","potentialAction":[{"@type":"SearchAction","target":{"@type":"EntryPoint","urlTemplate":"https:\/\/chi-statt-botox.com\/?s={search_term_string}"},"query-input":{"@type":"PropertyValueSpecification","valueRequired":true,"valueName":"search_term_string"}}],"inLanguage":"pl-PL"}]}},"_links":{"self":[{"href":"https:\/\/chi-statt-botox.com\/pl\/wp-json\/wp\/v2\/product\/41122","targetHints":{"allow":["GET"]}}],"collection":[{"href":"https:\/\/chi-statt-botox.com\/pl\/wp-json\/wp\/v2\/product"}],"about":[{"href":"https:\/\/chi-statt-botox.com\/pl\/wp-json\/wp\/v2\/types\/product"}],"wp:featuredmedia":[{"embeddable":true,"href":"https:\/\/chi-statt-botox.com\/pl\/wp-json\/wp\/v2\/media\/41123"}],"wp:attachment":[{"href":"https:\/\/chi-statt-botox.com\/pl\/wp-json\/wp\/v2\/media?parent=41122"}],"wp:term":[{"taxonomy":"product_brand","embeddable":true,"href":"https:\/\/chi-statt-botox.com\/pl\/wp-json\/wp\/v2\/product_brand?post=41122"},{"taxonomy":"product_cat","embeddable":true,"href":"https:\/\/chi-statt-botox.com\/pl\/wp-json\/wp\/v2\/product_cat?post=41122"},{"taxonomy":"product_tag","embeddable":true,"href":"https:\/\/chi-statt-botox.com\/pl\/wp-json\/wp\/v2\/product_tag?post=41122"}],"curies":[{"name":"wp","href":"https:\/\/api.w.org\/{rel}","templated":true}]}}