{"id":41157,"date":"2024-10-25T11:08:23","date_gmt":"2024-10-25T09:08:23","guid":{"rendered":"https:\/\/chi-statt-botox.com\/?post_type=product&#038;p=41157"},"modified":"2026-04-10T14:56:32","modified_gmt":"2026-04-10T12:56:32","slug":"vitalpilz-creme-slow-aging-50-ml","status":"publish","type":"product","link":"https:\/\/chi-statt-botox.com\/pl\/produkt\/vitalpilz-creme-slow-aging-50-ml\/","title":{"rendered":"Vital Mushroom Cream Slow Aging 50 ml"},"content":{"rendered":"<p>Ten naturalny krem kosmetyczny zawiera trzy cenne sk\u0142adniki <strong>Ekstrakty z grzyb\u00f3w witalnych<\/strong> ich pe\u0142ny efekt:<\/p>\n<ol>\n<li>Botaniczny kwas hialuronowy pochodz\u0105cy z <strong>Tremella<\/strong> Nawil\u017ca<\/li>\n<li><strong>Chaga<\/strong> \u0142agodzi i chroni sk\u00f3r\u0119 przed szkodliwym wp\u0142ywem \u015brodowiska. Badania pokazuj\u0105, \u017ce ekstrakt z chaga dzia\u0142a jak lekarstwo: Plamy starcze s\u0105 zredukowane, a cienie pod oczami niemal ca\u0142kowicie znikaj\u0105.<\/li>\n<li><strong>Reishi<\/strong> wzmacnia sk\u00f3r\u0119, minimalizuje plamy starcze i redukuje zmarszczki. Badania pokazuj\u0105, \u017ce regularne stosowanie sprawia, \u017ce twarz wygl\u0105da m\u0142odziej i nadaje jej pozytywny blask. Badania laboratoryjne wykazuj\u0105 unikalny efekt epigenetyczny: ekstrakt z Reishi mo\u017ce odwr\u00f3ci\u0107 uszkodzenia DNA kom\u00f3rek sk\u00f3ry spowodowane wp\u0142ywami \u015brodowiska<\/li>\n<\/ol>\n<p>Aktywuje to naturalny program odm\u0142adzania sk\u00f3ry ju\u017c od pierwszej aplikacji. Krem dzia\u0142a <strong>uj\u0119drnianie<\/strong>, <strong>nawil\u017canie<\/strong> oraz <strong>przeciwzapalny<\/strong>. Dodatkowe wyg\u0142adzanie <strong>Czerwone algi<\/strong> oraz <strong>Ro\u015blina zmartwychwstania<\/strong> Myrothamnus nawil\u017ca sk\u00f3r\u0119 i zapewnia pozytywny, otwarty wyraz twarzy. Wysokiej jako\u015bci sk\u0142adniki, takie jak mas\u0142o shea i mas\u0142o kakaowe, pozostawiaj\u0105 sk\u00f3r\u0119 aksamitnie mi\u0119kk\u0105.<\/p>\n<p>Odpowiedni dla ka\u017cdego rodzaju sk\u00f3ry<br \/>\nOdpowiedni na dzie\u0144 i na noc, <strong>Kompleksowa opieka<\/strong><\/p>\n<p><strong>WNIOSEK<\/strong><\/p>\n<p>Niewielk\u0105 ilo\u015b\u0107 kremu na\u0142o\u017cy\u0107 r\u00f3wnomiernie na twarz, szyj\u0119 i dekolt rano i\/lub wieczorem po oczyszczeniu sk\u00f3ry. Na twarz wystarczy ilo\u015b\u0107 wielko\u015bci ziarnka grochu.<\/p>\n<p>Jak to cz\u0119sto bywa w przypadku kosmetyk\u00f3w naturalnych, krem jest bardziej j\u0119drny ni\u017c zwyk\u0142e kosmetyki. Zawdzi\u0119cza to ro\u015blinnym sk\u0142adnikom - tremelli i czerwonym algom. Krem mo\u017cna delikatnie wmasowa\u0107 w sk\u00f3r\u0119 i wklepa\u0107 w delikatn\u0105 sk\u00f3r\u0119 wok\u00f3\u0142 oczu. Bezpowietrzny dozownik umo\u017cliwia optymalne dozowanie. Krem mo\u017cna z \u0142atwo\u015bci\u0105 stosowa\u0107 pod makija\u017c.<\/p>\n<p><strong>SPIS TRE\u015aCI<\/strong><\/p>\n<ul>\n<li>99,6 % naturalne sk\u0142adniki zgodnie z DIN ISO 16128<\/li>\n<li>Nie zawiera syntetycznych substancji zapachowych, barwnik\u00f3w i konserwant\u00f3w<\/li>\n<li>Nie zawiera olej\u00f3w mineralnych, silikon\u00f3w i PEG-\u00f3w<\/li>\n<li>Testowany dermatologicznie pod k\u0105tem kompatybilno\u015bci<\/li>\n<li>kosmetyki wega\u0144skie<\/li>\n<li>Wyprodukowano zgodnie z dobr\u0105 praktyk\u0105 produkcji kosmetyk\u00f3w (GMP cosmetics) zgodnie z norm\u0105 DIN EN ISO 22716.<\/li>\n<\/ul>\n<p>Sk\u0142adniki: Aqua, Glycerin, Pentylene, Glycol, Cetearyl Alcohol, Butyrospermum Parkii (Shea) Butter, Dicaprylyl Ether, Dicaprylyl Carbonate, Caprylic\/Capric Triglyceride, Hydroxypropyl Methylcellulose, Propanediol, Cetearyl Glucoside, Pullulan, Glyceryl Stearate, Squalane, Theobroma Cacao (Cocoa) Seed Butter (z upraw ekologicznych), Ganoderma Lucidum (Red Rice Mushroom) Stem Extract, Inonotus Obliquus (Chaga Mushroom) Extract, Tremella Fuciformis (Silver Ear Mushroom) Sporocarp Extract, Myrothamnus Flabellifolia (Resurrection Plant) Extract, Porphyridium Cruentum (Red Algae) Extract, Sodium Stearoyl Glutamate, Xanthan Gum, Citric Acid, Sodium Phytate, Tocopherol, Helianthus Annuus (Sunflower) Seed Oil.<\/p>\n<p>Pe mal Drei \/ Genter Str. 55 \/ Berlin, 13353 \/ hello@pe-mal-drei.com<\/p>","protected":false},"excerpt":{"rendered":"<ul>\n<li>Kompleksowa opieka<\/li>\n<li>Z tremell\u0105, reishi i chaga<\/li>\n<li>Z czerwonymi algami i Myrothamnus<\/li>\n<li>Uj\u0119drnianie i nawil\u017canie<\/li>\n<li>Od\u017cywczy i przeciwzapalny<\/li>\n<\/ul>\n<p>&nbsp;<\/p>","protected":false},"featured_media":41169,"template":"","meta":{"_acf_changed":false,"_et_pb_use_builder":"","_et_pb_old_content":"","_et_gb_content_width":""},"product_brand":[],"product_cat":[172],"product_tag":[],"class_list":{"0":"post-41157","1":"product","2":"type-product","3":"status-publish","4":"has-post-thumbnail","6":"product_cat-kosmetik","8":"first","9":"instock","10":"taxable","11":"shipping-taxable","12":"purchasable","13":"product-type-simple"},"acf":[],"yoast_head":"<!-- This site is optimized with the Yoast SEO plugin v26.4 - https:\/\/yoast.com\/wordpress\/plugins\/seo\/ -->\n<title>Vitalpilz Creme Slow Aging 50 ml - Chi statt Botox<\/title>\n<meta name=\"robots\" content=\"index, follow, max-snippet:-1, max-image-preview:large, max-video-preview:-1\" \/>\n<link rel=\"canonical\" href=\"https:\/\/chi-statt-botox.com\/pl\/produkt\/vitalpilz-creme-slow-aging-50-ml\/\" \/>\n<meta property=\"og:locale\" content=\"pl_PL\" \/>\n<meta property=\"og:type\" content=\"article\" \/>\n<meta property=\"og:title\" content=\"Vitalpilz Creme Slow Aging 50 ml - Chi statt Botox\" \/>\n<meta property=\"og:description\" content=\"All-in-One-Pflege  Mit Tremella, Reishi und Chaga  Mit Rotalge und Myrothamnus  Straffend und feuchtigkeitsspendend  N\u00e4hrend und antientz\u00fcndlich  &nbsp;\" \/>\n<meta property=\"og:url\" content=\"https:\/\/chi-statt-botox.com\/pl\/produkt\/vitalpilz-creme-slow-aging-50-ml\/\" \/>\n<meta property=\"og:site_name\" content=\"Chi statt Botox\" \/>\n<meta property=\"article:modified_time\" content=\"2026-04-10T12:56:32+00:00\" \/>\n<meta property=\"og:image\" content=\"https:\/\/chi-statt-botox.com\/wp-content\/uploads\/6Unbenannt-1.jpg\" \/>\n\t<meta property=\"og:image:width\" content=\"780\" \/>\n\t<meta property=\"og:image:height\" content=\"780\" \/>\n\t<meta property=\"og:image:type\" content=\"image\/jpeg\" \/>\n<meta name=\"twitter:card\" content=\"summary_large_image\" \/>\n<meta name=\"twitter:label1\" content=\"Szacowany czas czytania\" \/>\n\t<meta name=\"twitter:data1\" content=\"3 minuty\" \/>\n<script type=\"application\/ld+json\" class=\"yoast-schema-graph\">{\"@context\":\"https:\/\/schema.org\",\"@graph\":[{\"@type\":\"WebPage\",\"@id\":\"https:\/\/chi-statt-botox.com\/produkt\/vitalpilz-creme-slow-aging-50-ml\/\",\"url\":\"https:\/\/chi-statt-botox.com\/produkt\/vitalpilz-creme-slow-aging-50-ml\/\",\"name\":\"Vitalpilz Creme Slow Aging 50 ml - Chi statt Botox\",\"isPartOf\":{\"@id\":\"https:\/\/chi-statt-botox.com\/#website\"},\"primaryImageOfPage\":{\"@id\":\"https:\/\/chi-statt-botox.com\/produkt\/vitalpilz-creme-slow-aging-50-ml\/#primaryimage\"},\"image\":{\"@id\":\"https:\/\/chi-statt-botox.com\/produkt\/vitalpilz-creme-slow-aging-50-ml\/#primaryimage\"},\"thumbnailUrl\":\"https:\/\/chi-statt-botox.com\/wp-content\/uploads\/6Unbenannt-1.jpg\",\"datePublished\":\"2024-10-25T09:08:23+00:00\",\"dateModified\":\"2026-04-10T12:56:32+00:00\",\"breadcrumb\":{\"@id\":\"https:\/\/chi-statt-botox.com\/produkt\/vitalpilz-creme-slow-aging-50-ml\/#breadcrumb\"},\"inLanguage\":\"pl-PL\",\"potentialAction\":[{\"@type\":\"ReadAction\",\"target\":[\"https:\/\/chi-statt-botox.com\/produkt\/vitalpilz-creme-slow-aging-50-ml\/\"]}]},{\"@type\":\"ImageObject\",\"inLanguage\":\"pl-PL\",\"@id\":\"https:\/\/chi-statt-botox.com\/produkt\/vitalpilz-creme-slow-aging-50-ml\/#primaryimage\",\"url\":\"https:\/\/chi-statt-botox.com\/wp-content\/uploads\/6Unbenannt-1.jpg\",\"contentUrl\":\"https:\/\/chi-statt-botox.com\/wp-content\/uploads\/6Unbenannt-1.jpg\",\"width\":780,\"height\":780},{\"@type\":\"BreadcrumbList\",\"@id\":\"https:\/\/chi-statt-botox.com\/produkt\/vitalpilz-creme-slow-aging-50-ml\/#breadcrumb\",\"itemListElement\":[{\"@type\":\"ListItem\",\"position\":1,\"name\":\"Startseite\",\"item\":\"https:\/\/chi-statt-botox.com\/\"},{\"@type\":\"ListItem\",\"position\":2,\"name\":\"Produkte\",\"item\":\"https:\/\/chi-statt-botox.com\/shop\/\"},{\"@type\":\"ListItem\",\"position\":3,\"name\":\"Vitalpilz Creme Slow Aging 50 ml\"}]},{\"@type\":\"WebSite\",\"@id\":\"https:\/\/chi-statt-botox.com\/#website\",\"url\":\"https:\/\/chi-statt-botox.com\/\",\"name\":\"Chi statt Botox\",\"description\":\"Falten wegzaubern, Haut straffen\",\"potentialAction\":[{\"@type\":\"SearchAction\",\"target\":{\"@type\":\"EntryPoint\",\"urlTemplate\":\"https:\/\/chi-statt-botox.com\/?s={search_term_string}\"},\"query-input\":{\"@type\":\"PropertyValueSpecification\",\"valueRequired\":true,\"valueName\":\"search_term_string\"}}],\"inLanguage\":\"pl-PL\"}]}<\/script>\n<!-- \/ Yoast SEO plugin. -->","yoast_head_json":{"title":"Vitalpilz Creme Slow Aging 50 ml - Chi statt Botox","robots":{"index":"index","follow":"follow","max-snippet":"max-snippet:-1","max-image-preview":"max-image-preview:large","max-video-preview":"max-video-preview:-1"},"canonical":"https:\/\/chi-statt-botox.com\/pl\/produkt\/vitalpilz-creme-slow-aging-50-ml\/","og_locale":"pl_PL","og_type":"article","og_title":"Vitalpilz Creme Slow Aging 50 ml - Chi statt Botox","og_description":"All-in-One-Pflege  Mit Tremella, Reishi und Chaga  Mit Rotalge und Myrothamnus  Straffend und feuchtigkeitsspendend  N\u00e4hrend und antientz\u00fcndlich  &nbsp;","og_url":"https:\/\/chi-statt-botox.com\/pl\/produkt\/vitalpilz-creme-slow-aging-50-ml\/","og_site_name":"Chi statt Botox","article_modified_time":"2026-04-10T12:56:32+00:00","og_image":[{"width":780,"height":780,"url":"https:\/\/chi-statt-botox.com\/wp-content\/uploads\/6Unbenannt-1.jpg","type":"image\/jpeg"}],"twitter_card":"summary_large_image","twitter_misc":{"Szacowany czas czytania":"3 minuty"},"schema":{"@context":"https:\/\/schema.org","@graph":[{"@type":"WebPage","@id":"https:\/\/chi-statt-botox.com\/produkt\/vitalpilz-creme-slow-aging-50-ml\/","url":"https:\/\/chi-statt-botox.com\/produkt\/vitalpilz-creme-slow-aging-50-ml\/","name":"Vitalpilz Creme Slow Aging 50 ml - Chi statt Botox","isPartOf":{"@id":"https:\/\/chi-statt-botox.com\/#website"},"primaryImageOfPage":{"@id":"https:\/\/chi-statt-botox.com\/produkt\/vitalpilz-creme-slow-aging-50-ml\/#primaryimage"},"image":{"@id":"https:\/\/chi-statt-botox.com\/produkt\/vitalpilz-creme-slow-aging-50-ml\/#primaryimage"},"thumbnailUrl":"https:\/\/chi-statt-botox.com\/wp-content\/uploads\/6Unbenannt-1.jpg","datePublished":"2024-10-25T09:08:23+00:00","dateModified":"2026-04-10T12:56:32+00:00","breadcrumb":{"@id":"https:\/\/chi-statt-botox.com\/produkt\/vitalpilz-creme-slow-aging-50-ml\/#breadcrumb"},"inLanguage":"pl-PL","potentialAction":[{"@type":"ReadAction","target":["https:\/\/chi-statt-botox.com\/produkt\/vitalpilz-creme-slow-aging-50-ml\/"]}]},{"@type":"ImageObject","inLanguage":"pl-PL","@id":"https:\/\/chi-statt-botox.com\/produkt\/vitalpilz-creme-slow-aging-50-ml\/#primaryimage","url":"https:\/\/chi-statt-botox.com\/wp-content\/uploads\/6Unbenannt-1.jpg","contentUrl":"https:\/\/chi-statt-botox.com\/wp-content\/uploads\/6Unbenannt-1.jpg","width":780,"height":780},{"@type":"BreadcrumbList","@id":"https:\/\/chi-statt-botox.com\/produkt\/vitalpilz-creme-slow-aging-50-ml\/#breadcrumb","itemListElement":[{"@type":"ListItem","position":1,"name":"Startseite","item":"https:\/\/chi-statt-botox.com\/"},{"@type":"ListItem","position":2,"name":"Produkte","item":"https:\/\/chi-statt-botox.com\/shop\/"},{"@type":"ListItem","position":3,"name":"Vitalpilz Creme Slow Aging 50 ml"}]},{"@type":"WebSite","@id":"https:\/\/chi-statt-botox.com\/#website","url":"https:\/\/chi-statt-botox.com\/","name":"Chi zamiast botoksu","description":"Usuwa zmarszczki, napina sk\u00f3r\u0119","potentialAction":[{"@type":"SearchAction","target":{"@type":"EntryPoint","urlTemplate":"https:\/\/chi-statt-botox.com\/?s={search_term_string}"},"query-input":{"@type":"PropertyValueSpecification","valueRequired":true,"valueName":"search_term_string"}}],"inLanguage":"pl-PL"}]}},"_links":{"self":[{"href":"https:\/\/chi-statt-botox.com\/pl\/wp-json\/wp\/v2\/product\/41157","targetHints":{"allow":["GET"]}}],"collection":[{"href":"https:\/\/chi-statt-botox.com\/pl\/wp-json\/wp\/v2\/product"}],"about":[{"href":"https:\/\/chi-statt-botox.com\/pl\/wp-json\/wp\/v2\/types\/product"}],"wp:featuredmedia":[{"embeddable":true,"href":"https:\/\/chi-statt-botox.com\/pl\/wp-json\/wp\/v2\/media\/41169"}],"wp:attachment":[{"href":"https:\/\/chi-statt-botox.com\/pl\/wp-json\/wp\/v2\/media?parent=41157"}],"wp:term":[{"taxonomy":"product_brand","embeddable":true,"href":"https:\/\/chi-statt-botox.com\/pl\/wp-json\/wp\/v2\/product_brand?post=41157"},{"taxonomy":"product_cat","embeddable":true,"href":"https:\/\/chi-statt-botox.com\/pl\/wp-json\/wp\/v2\/product_cat?post=41157"},{"taxonomy":"product_tag","embeddable":true,"href":"https:\/\/chi-statt-botox.com\/pl\/wp-json\/wp\/v2\/product_tag?post=41157"}],"curies":[{"name":"wp","href":"https:\/\/api.w.org\/{rel}","templated":true}]}}