{"id":41271,"date":"2024-10-31T12:32:14","date_gmt":"2024-10-31T11:32:14","guid":{"rendered":"https:\/\/chi-statt-botox.com\/?post_type=product&#038;p=41271"},"modified":"2026-04-09T10:28:27","modified_gmt":"2026-04-09T08:28:27","slug":"analemma-wasser-strukturierstab","status":"publish","type":"product","link":"https:\/\/chi-statt-botox.com\/pl\/produkt\/analemma-wasser-strukturierstab\/","title":{"rendered":"Pr\u0119t do strukturyzacji wody Analemma"},"content":{"rendered":"<p>Rewolucja w uzdatnianiu wody - <strong>przez zwyk\u0142e mieszanie<\/strong> mo\u017cna u\u017cy\u0107 <strong>Jako\u015b\u0107 wody pitnej<\/strong> czysty <strong>poprawa<\/strong>.<\/p>\n<p>Fizyczny stan wody odgrywa kluczow\u0105 rol\u0119 w biologii \u017cycia. Analemma to narz\u0119dzie, za pomoc\u0105 kt\u00f3rego mo\u017cna przekszta\u0142ci\u0107 wod\u0119 w sp\u00f3jny, ciek\u0142okrystaliczny stan. Wszystko, co musisz zrobi\u0107, to wymiesza\u0107 wod\u0119 za pomoc\u0105 r\u00f3\u017cd\u017cki Analemma. <strong>1 minuta na 1 litr wody<\/strong>. (Jeden <strong>Niemiecka instrukcja obs\u0142ugi<\/strong> jest dostarczany). Pozwala to na produkcj\u0119 wody strukturyzowanej, kt\u00f3ra, jak udowodniono w badaniach, oferuje nast\u0119puj\u0105ce korzy\u015bci:<\/p>\n<p><strong>WZROST ENERGII<\/strong><br \/>\nWraz z wiekiem i z\u0142ym stylem \u017cycia zdrowie naszych mitochondri\u00f3w pogarsza si\u0119, a poziom energii spada. Ostatnie badania kliniczne wykaza\u0142y, \u017ce uczestnicy, kt\u00f3rzy spo\u017cywali wod\u0119 Analemma codziennie przez dwa miesi\u0105ce, byli w stanie poprawi\u0107 sw\u00f3j poziom energii. <strong>Poziom ATP<\/strong> (g\u0142\u00f3wny magazyn energii kom\u00f3rek) <strong>znacznie wzros\u0142a<\/strong>ze znacznym wzrostem <strong>20 %<\/strong> w por\u00f3wnaniu do placebo. Ju\u017c samo picie wody o zmienionej strukturze mo\u017ce wspom\u00f3c organizm na poziomie kom\u00f3rkowym.<br \/>\nBadanie mo\u017cna znale\u017a\u0107 tutaj:<strong> <a href=\"https:\/\/chi-statt-botox.com\/wp-content\/uploads\/ATP-STUDY-2022-1.pdf\" target=\"_blank\" rel=\"noopener\">ATP-STUDY-2022 (1)<\/a><\/strong><\/p>\n<p><strong>ODM\u0141ODZENIE NAWET O 12 LAT<\/strong><br \/>\nTest wieku glikanu mo\u017ce by\u0107 u\u017cyty do okre\u015blenia <strong>Wiek biologiczny<\/strong> ludzkiego cia\u0142a, kt\u00f3ry mo\u017ce znacznie r\u00f3\u017cni\u0107 si\u0119 od chronologicznego. Jak pokazuje niezale\u017cne badanie GlycanAge, wi\u0119kszo\u015b\u0107 uczestnik\u00f3w, kt\u00f3rzy spo\u017cywali wod\u0119 analemma przez trzy miesi\u0105ce, do\u015bwiadczy\u0142a tego samego efektu, <strong>od 1 do 12 lat<\/strong> biologiczny <strong>Rewitalizacja wiekowa<\/strong>. Ni\u017cszy wynik GlycanAge oznacza, \u017ce wi\u0119cej przeciwcia\u0142 jest znakowanych przeciwzapalnymi glikanami, co jest oznak\u0105 m\u0142odego i odpornego uk\u0142adu odporno\u015bciowego.<br \/>\nBadanie mo\u017cna znale\u017a\u0107 tutaj: <strong><a href=\"https:\/\/chi-statt-botox.com\/wp-content\/uploads\/Glycanage-study.pdf\" target=\"_blank\" rel=\"noopener\">Badanie glikan\u00f3w<\/a><\/strong><\/p>\n<p><strong>POPRAWA MIKROBIOMU JELITOWEGO<\/strong><br \/>\nTryliony mikroorganizm\u00f3w w naszych jelitach pomagaj\u0105 nam trawi\u0107 pokarm i zwalcza\u0107 patogeny. Autorskie, podw\u00f3jnie za\u015blepione, kontrolowane placebo badanie wykaza\u0142o, \u017ce codzienne spo\u017cywanie wody Analemma poprawia mikrobiom jelitowy. <strong>Poprawiony stan mikrobiomu jelitowego<\/strong>poprawiaj\u0105c bardzo potrzebn\u0105 r\u00f3wnowag\u0119 mi\u0119dzy korzystnymi i potencjalnie patogennymi bakteriami. R\u00f3wnowaga mikrobiomu ma kluczowe znaczenie dla naszego zdrowia. Opr\u00f3cz dobrego od\u017cywiania i \u0107wicze\u0144 fizycznych, dodanie sp\u00f3jnej wody to \u015bwietny spos\u00f3b na zapewnienie stabilno\u015bci i harmonii w naszym ekosystemie.<br \/>\nBadanie mo\u017cna znale\u017a\u0107 tutaj:<strong> <a href=\"https:\/\/chi-statt-botox.com\/wp-content\/uploads\/Analemma-Microbiome-Study-Report-2022.pdf\" target=\"_blank\" rel=\"noopener\">Analemma-Microbiome-Study-Report-2022<\/a><\/strong><\/p>\n<p><strong>HARMONIZACJA FAL M\u00d3ZGOWYCH<br \/>\n<\/strong>M\u00f3zg jest najbardziej p\u0142ynnym organem cia\u0142a, dlatego woda odgrywa kluczow\u0105 i wa\u017cn\u0105 rol\u0119 we wszystkich jego funkcjach. A <strong>Harmonizacja fal m\u00f3zgowych w ci\u0105gu p\u00f3\u0142 godziny<\/strong> po wypiciu wody Analemma. Za pomoc\u0105 EEG zaobserwowano natychmiastowe pozytywne efekty wody Analemma w r\u00f3\u017cnych cz\u0119\u015bciach m\u00f3zgu. Zbadano bli\u017ani\u0119ta, z kt\u00f3rych jedno pi\u0142o normaln\u0105 wod\u0119, a drugie sp\u00f3jn\u0105 wod\u0119. Eksperyment wykaza\u0142 zmian\u0119 fal m\u00f3zgowych delta i theta u jednego z bli\u017aniak\u00f3w, kt\u00f3ry spo\u017cywa\u0142 koherentn\u0105 wod\u0119 tylko przez jeden dzie\u0144. Pozytywna r\u00f3\u017cnica w <strong>R\u00f3wnowaga mi\u0119dzy lew\u0105 i praw\u0105 p\u00f3\u0142kul\u0105 m\u00f3zgu<\/strong> by\u0142o zauwa\u017calne u bli\u017aniaka, kt\u00f3ry spo\u017cy\u0142 koherentn\u0105 wod\u0119 zaledwie kilka godzin po pierwszym spo\u017cyciu, mimo \u017ce woda zosta\u0142a poddana dzia\u0142aniu analemmy kilka tygodni przed eksperymentem (wi\u0119c <strong>stabilny<\/strong> jest ta struktura). Pozytywny efekt utrzymywa\u0142 si\u0119 przez pewien czas. Dwa tygodnie p\u00f3\u017aniej drugi bli\u017aniak zosta\u0142 poproszony o spo\u017cycie sp\u00f3jnej wody, a pozytywny wp\u0142yw na r\u00f3wnowag\u0119 by\u0142 r\u00f3wnie\u017c widoczny.<br \/>\nBadanie mo\u017cna znale\u017a\u0107 tutaj: <strong><a href=\"https:\/\/chi-statt-botox.com\/wp-content\/uploads\/BRAINWAVES-RESEARCH-2019.pdf\" target=\"_blank\" rel=\"noopener\">BRAINWAVES-RESEARCH-2019<\/a><\/strong><\/p>\n<p><img loading=\"lazy\" decoding=\"async\" class=\"alignnone size-medium wp-image-41290\" src=\"https:\/\/chi-statt-botox.com\/wp-content\/uploads\/Screenshot-822-300x226.jpg\" alt=\"\" width=\"300\" height=\"226\" \/> <img loading=\"lazy\" decoding=\"async\" class=\"alignnone wp-image-41291\" src=\"https:\/\/chi-statt-botox.com\/wp-content\/uploads\/Screenshot-823-300x289.jpg\" alt=\"\" width=\"234\" height=\"225\" \/><\/p>\n<p>Zdj\u0119cie po lewej: M\u00f3zg bli\u017aniaka, kt\u00f3ry spo\u017cywa\u0142 wod\u0119 analemma, przed i po<br \/>\nZdj\u0119cie po prawej: M\u00f3zg bli\u017aniaka, kt\u00f3ry spo\u017cywa\u0142 normaln\u0105 wod\u0119, przed i po<\/p>\n<p><strong>POPRAWA \u017bYZNO\u015aCI GLEBY<\/strong><br \/>\nW tym badaniu ro\u015bliny pomidor\u00f3w koktajlowych by\u0142y podlewane w r\u00f3\u017cny spos\u00f3b. Woda Analemma poprawi\u0142a obieg azotu w glebie, co ma pozytywny wp\u0142yw na \u017cyzno\u015b\u0107 gleby. Ponadto woda Analemma by\u0142a w stanie zredukowa\u0107 rodzaj patogennych grzyb\u00f3w i zwi\u0119kszy\u0107 r\u00f3\u017cnorodno\u015b\u0107 bakteryjn\u0105 gleby.<br \/>\nBadanie mo\u017cna znale\u017a\u0107 tutaj:<strong> <a href=\"https:\/\/chi-statt-botox.com\/wp-content\/uploads\/PLANT-RESEARCH-2014-21.pdf\" target=\"_blank\" rel=\"noopener\">PLANT-RESEARCH-2014-21<\/a><\/strong><\/p>\n<p><strong>ZASTOSOWANIE PR\u0118TA ANALEMMA <\/strong>mo\u017cna obejrze\u0107 i pobra\u0107 w formacie pdf tutaj:<strong><a href=\"https:\/\/chi-statt-botox.com\/wp-content\/uploads\/Analemma-Flyer.pdf\" target=\"_blank\" rel=\"noopener\">Ulotka Analemma<\/a><br \/>\nUlotka zostanie wys\u0142ana wraz z zam\u00f3wieniem.<\/strong><\/p>\n<p>New Earth Technologies Ltd \/ Ulica Vladimira Nazora 34 \/ 10000 Zagrzeb \/ Chorwacja \/ info@analemma-water.com<\/p>","protected":false},"excerpt":{"rendered":"<ul>\n<li>Wytwarza stabiln\u0105 wod\u0119 strukturaln\u0105<\/li>\n<li>Efekt potwierdzony badaniami<\/li>\n<li>\u0141atwy w u\u017cyciu<\/li>\n<li>Wykryte odm\u0142odzenie nawet o 12 lat<\/li>\n<li>Zwi\u0119ksza energi\u0119, harmonizuje fale m\u00f3zgowe<\/li>\n<li>Wspiera mikrobiom<\/li>\n<\/ul>","protected":false},"featured_media":41272,"template":"","meta":{"_acf_changed":false,"_et_pb_use_builder":"","_et_pb_old_content":"","_et_gb_content_width":""},"product_brand":[],"product_cat":[175],"product_tag":[],"class_list":{"0":"post-41271","1":"product","2":"type-product","3":"status-publish","4":"has-post-thumbnail","6":"product_cat-anti-aging-nems","8":"first","9":"instock","10":"taxable","11":"shipping-taxable","12":"purchasable","13":"product-type-simple"},"acf":[],"yoast_head":"<!-- This site is optimized with the Yoast SEO plugin v26.4 - https:\/\/yoast.com\/wordpress\/plugins\/seo\/ -->\n<title>Analemma Wasser Strukturierstab - Chi statt Botox<\/title>\n<meta name=\"robots\" content=\"index, follow, max-snippet:-1, max-image-preview:large, max-video-preview:-1\" \/>\n<link rel=\"canonical\" href=\"https:\/\/chi-statt-botox.com\/pl\/produkt\/analemma-wasser-strukturierstab\/\" \/>\n<meta property=\"og:locale\" content=\"pl_PL\" \/>\n<meta property=\"og:type\" content=\"article\" \/>\n<meta property=\"og:title\" content=\"Analemma Wasser Strukturierstab - Chi statt Botox\" \/>\n<meta property=\"og:description\" content=\"Erzeugt stabil strukturiertes Wasser  Durch Studien belegte Wirkung  Einfache Anwendung  Festgestellte Verj\u00fcngung um bis zu 12 Jahre  Steigert Energie, harmonisiert Gehirnwellen  Unterst\u00fctzt das Mikrobiom\" \/>\n<meta property=\"og:url\" content=\"https:\/\/chi-statt-botox.com\/pl\/produkt\/analemma-wasser-strukturierstab\/\" \/>\n<meta property=\"og:site_name\" content=\"Chi statt Botox\" \/>\n<meta property=\"article:modified_time\" content=\"2026-04-09T08:28:27+00:00\" \/>\n<meta property=\"og:image\" content=\"https:\/\/chi-statt-botox.com\/wp-content\/uploads\/analemma_boxwand.jpg\" \/>\n\t<meta property=\"og:image:width\" content=\"1920\" \/>\n\t<meta property=\"og:image:height\" content=\"1884\" \/>\n\t<meta property=\"og:image:type\" content=\"image\/jpeg\" \/>\n<meta name=\"twitter:card\" content=\"summary_large_image\" \/>\n<meta name=\"twitter:label1\" content=\"Szacowany czas czytania\" \/>\n\t<meta name=\"twitter:data1\" content=\"4 minuty\" \/>\n<script type=\"application\/ld+json\" class=\"yoast-schema-graph\">{\"@context\":\"https:\/\/schema.org\",\"@graph\":[{\"@type\":\"WebPage\",\"@id\":\"https:\/\/chi-statt-botox.com\/produkt\/analemma-wasser-strukturierstab\/\",\"url\":\"https:\/\/chi-statt-botox.com\/produkt\/analemma-wasser-strukturierstab\/\",\"name\":\"Analemma Wasser Strukturierstab - Chi statt Botox\",\"isPartOf\":{\"@id\":\"https:\/\/chi-statt-botox.com\/#website\"},\"primaryImageOfPage\":{\"@id\":\"https:\/\/chi-statt-botox.com\/produkt\/analemma-wasser-strukturierstab\/#primaryimage\"},\"image\":{\"@id\":\"https:\/\/chi-statt-botox.com\/produkt\/analemma-wasser-strukturierstab\/#primaryimage\"},\"thumbnailUrl\":\"https:\/\/chi-statt-botox.com\/wp-content\/uploads\/analemma_boxwand.jpg\",\"datePublished\":\"2024-10-31T11:32:14+00:00\",\"dateModified\":\"2026-04-09T08:28:27+00:00\",\"breadcrumb\":{\"@id\":\"https:\/\/chi-statt-botox.com\/produkt\/analemma-wasser-strukturierstab\/#breadcrumb\"},\"inLanguage\":\"pl-PL\",\"potentialAction\":[{\"@type\":\"ReadAction\",\"target\":[\"https:\/\/chi-statt-botox.com\/produkt\/analemma-wasser-strukturierstab\/\"]}]},{\"@type\":\"ImageObject\",\"inLanguage\":\"pl-PL\",\"@id\":\"https:\/\/chi-statt-botox.com\/produkt\/analemma-wasser-strukturierstab\/#primaryimage\",\"url\":\"https:\/\/chi-statt-botox.com\/wp-content\/uploads\/analemma_boxwand.jpg\",\"contentUrl\":\"https:\/\/chi-statt-botox.com\/wp-content\/uploads\/analemma_boxwand.jpg\",\"width\":1920,\"height\":1884},{\"@type\":\"BreadcrumbList\",\"@id\":\"https:\/\/chi-statt-botox.com\/produkt\/analemma-wasser-strukturierstab\/#breadcrumb\",\"itemListElement\":[{\"@type\":\"ListItem\",\"position\":1,\"name\":\"Startseite\",\"item\":\"https:\/\/chi-statt-botox.com\/\"},{\"@type\":\"ListItem\",\"position\":2,\"name\":\"Produkte\",\"item\":\"https:\/\/chi-statt-botox.com\/shop\/\"},{\"@type\":\"ListItem\",\"position\":3,\"name\":\"Analemma Wasser Strukturierstab\"}]},{\"@type\":\"WebSite\",\"@id\":\"https:\/\/chi-statt-botox.com\/#website\",\"url\":\"https:\/\/chi-statt-botox.com\/\",\"name\":\"Chi statt Botox\",\"description\":\"Falten wegzaubern, Haut straffen\",\"potentialAction\":[{\"@type\":\"SearchAction\",\"target\":{\"@type\":\"EntryPoint\",\"urlTemplate\":\"https:\/\/chi-statt-botox.com\/?s={search_term_string}\"},\"query-input\":{\"@type\":\"PropertyValueSpecification\",\"valueRequired\":true,\"valueName\":\"search_term_string\"}}],\"inLanguage\":\"pl-PL\"}]}<\/script>\n<!-- \/ Yoast SEO plugin. -->","yoast_head_json":{"title":"Pr\u0119t strukturyzuj\u0105cy wod\u0119 Analemma - Chi zamiast botoksu","robots":{"index":"index","follow":"follow","max-snippet":"max-snippet:-1","max-image-preview":"max-image-preview:large","max-video-preview":"max-video-preview:-1"},"canonical":"https:\/\/chi-statt-botox.com\/pl\/produkt\/analemma-wasser-strukturierstab\/","og_locale":"pl_PL","og_type":"article","og_title":"Analemma Wasser Strukturierstab - Chi statt Botox","og_description":"Erzeugt stabil strukturiertes Wasser  Durch Studien belegte Wirkung  Einfache Anwendung  Festgestellte Verj\u00fcngung um bis zu 12 Jahre  Steigert Energie, harmonisiert Gehirnwellen  Unterst\u00fctzt das Mikrobiom","og_url":"https:\/\/chi-statt-botox.com\/pl\/produkt\/analemma-wasser-strukturierstab\/","og_site_name":"Chi statt Botox","article_modified_time":"2026-04-09T08:28:27+00:00","og_image":[{"width":1920,"height":1884,"url":"https:\/\/chi-statt-botox.com\/wp-content\/uploads\/analemma_boxwand.jpg","type":"image\/jpeg"}],"twitter_card":"summary_large_image","twitter_misc":{"Szacowany czas czytania":"4 minuty"},"schema":{"@context":"https:\/\/schema.org","@graph":[{"@type":"WebPage","@id":"https:\/\/chi-statt-botox.com\/produkt\/analemma-wasser-strukturierstab\/","url":"https:\/\/chi-statt-botox.com\/produkt\/analemma-wasser-strukturierstab\/","name":"Pr\u0119t strukturyzuj\u0105cy wod\u0119 Analemma - Chi zamiast botoksu","isPartOf":{"@id":"https:\/\/chi-statt-botox.com\/#website"},"primaryImageOfPage":{"@id":"https:\/\/chi-statt-botox.com\/produkt\/analemma-wasser-strukturierstab\/#primaryimage"},"image":{"@id":"https:\/\/chi-statt-botox.com\/produkt\/analemma-wasser-strukturierstab\/#primaryimage"},"thumbnailUrl":"https:\/\/chi-statt-botox.com\/wp-content\/uploads\/analemma_boxwand.jpg","datePublished":"2024-10-31T11:32:14+00:00","dateModified":"2026-04-09T08:28:27+00:00","breadcrumb":{"@id":"https:\/\/chi-statt-botox.com\/produkt\/analemma-wasser-strukturierstab\/#breadcrumb"},"inLanguage":"pl-PL","potentialAction":[{"@type":"ReadAction","target":["https:\/\/chi-statt-botox.com\/produkt\/analemma-wasser-strukturierstab\/"]}]},{"@type":"ImageObject","inLanguage":"pl-PL","@id":"https:\/\/chi-statt-botox.com\/produkt\/analemma-wasser-strukturierstab\/#primaryimage","url":"https:\/\/chi-statt-botox.com\/wp-content\/uploads\/analemma_boxwand.jpg","contentUrl":"https:\/\/chi-statt-botox.com\/wp-content\/uploads\/analemma_boxwand.jpg","width":1920,"height":1884},{"@type":"BreadcrumbList","@id":"https:\/\/chi-statt-botox.com\/produkt\/analemma-wasser-strukturierstab\/#breadcrumb","itemListElement":[{"@type":"ListItem","position":1,"name":"Startseite","item":"https:\/\/chi-statt-botox.com\/"},{"@type":"ListItem","position":2,"name":"Produkte","item":"https:\/\/chi-statt-botox.com\/shop\/"},{"@type":"ListItem","position":3,"name":"Analemma Wasser Strukturierstab"}]},{"@type":"WebSite","@id":"https:\/\/chi-statt-botox.com\/#website","url":"https:\/\/chi-statt-botox.com\/","name":"Chi zamiast botoksu","description":"Usuwa zmarszczki, napina sk\u00f3r\u0119","potentialAction":[{"@type":"SearchAction","target":{"@type":"EntryPoint","urlTemplate":"https:\/\/chi-statt-botox.com\/?s={search_term_string}"},"query-input":{"@type":"PropertyValueSpecification","valueRequired":true,"valueName":"search_term_string"}}],"inLanguage":"pl-PL"}]}},"_links":{"self":[{"href":"https:\/\/chi-statt-botox.com\/pl\/wp-json\/wp\/v2\/product\/41271","targetHints":{"allow":["GET"]}}],"collection":[{"href":"https:\/\/chi-statt-botox.com\/pl\/wp-json\/wp\/v2\/product"}],"about":[{"href":"https:\/\/chi-statt-botox.com\/pl\/wp-json\/wp\/v2\/types\/product"}],"wp:featuredmedia":[{"embeddable":true,"href":"https:\/\/chi-statt-botox.com\/pl\/wp-json\/wp\/v2\/media\/41272"}],"wp:attachment":[{"href":"https:\/\/chi-statt-botox.com\/pl\/wp-json\/wp\/v2\/media?parent=41271"}],"wp:term":[{"taxonomy":"product_brand","embeddable":true,"href":"https:\/\/chi-statt-botox.com\/pl\/wp-json\/wp\/v2\/product_brand?post=41271"},{"taxonomy":"product_cat","embeddable":true,"href":"https:\/\/chi-statt-botox.com\/pl\/wp-json\/wp\/v2\/product_cat?post=41271"},{"taxonomy":"product_tag","embeddable":true,"href":"https:\/\/chi-statt-botox.com\/pl\/wp-json\/wp\/v2\/product_tag?post=41271"}],"curies":[{"name":"wp","href":"https:\/\/api.w.org\/{rel}","templated":true}]}}