{"id":4358,"date":"2020-09-01T14:13:56","date_gmt":"2020-09-01T12:13:56","guid":{"rendered":"https:\/\/chi-statt-botox.com\/?post_type=product&#038;p=4358"},"modified":"2026-04-14T19:29:50","modified_gmt":"2026-04-14T17:29:50","slug":"urdeo-basen-deo-roller-50-ml","status":"publish","type":"product","link":"https:\/\/chi-statt-botox.com\/pl\/produkt\/urdeo-basen-deo-roller-50-ml\/","title":{"rendered":"UrDeo alkaliczny dezodorant w kulce, 50 ml"},"content":{"rendered":"<p>Laetitia Urdeo to wysokiej jako\u015bci dezodorant alkaliczny. Urdeo nie zawiera szkodliwych sk\u0142adnik\u00f3w, takich jak sole aluminium, jest wolny od perfum i konserwant\u00f3w. Sk\u0142ada si\u0119 z alkalicznych minera\u0142\u00f3w, kt\u00f3re neutralizuj\u0105 kwa\u015bne \u015brodowisko potu. Alkaliczne \u015brodowisko hamuje rozw\u00f3j bakterii i zapewnia niezawodn\u0105 ochron\u0119 przed nieprzyjemnym zapachem potu do 48 godzin. Wyci\u0105g z aloesu piel\u0119gnuje i koi wra\u017cliw\u0105 sk\u00f3r\u0119 pod pachami.<\/p>\n<p><strong>Sk\u0142adniki:<br \/>\n<\/strong>Woda, alkohol spo\u017cywczy, gliceryna, baza Urbase\u00a9 I Basic w proszku, celuloza, aloes<\/p>\n<p><strong>Inne uwagi:<br \/>\n<\/strong>Wstrz\u0105sn\u0105\u0107 przed u\u017cyciem.<\/p>\n<p>Kwa\u015bny, bardzo nieprzyjemnie pachn\u0105cy pot jest cz\u0119sto oznak\u0105 z\u0142ego od\u017cywiania i nadmiernego zakwaszenia organizmu. Cia\u0142o pr\u00f3buje wtedy wydali\u0107 wi\u0119cej kwas\u00f3w przez sk\u00f3r\u0119 poprzez pocenie si\u0119.<\/p>\n<p><strong>Funkcje specjalne:<\/strong> Udowodniono, \u017ce wyci\u0105g z aloesu \u0142agodzi podra\u017cnienia sk\u00f3ry. Ma dzia\u0142anie dezynfekuj\u0105ce, przeciwzapalne i goj\u0105ce rany na sk\u00f3rze. Aloes ch\u0142odzi i reguluje poziom nawil\u017cenia sk\u00f3ry oraz wspomaga proces odnowy kom\u00f3rkowej.<\/p>\n<p><strong>Wideo produktu<\/strong> (wystarczy klikn\u0105\u0107):<br \/>\n<a href=\"https:\/\/www.youtube.com\/watch?v=CmE63p6IsuY&amp;t=1s\" target=\"_blank\" rel=\"noopener\"><span style=\"color: #0000ff;\"><strong>\"4 najlepsze porady dotycz\u0105ce piersi (ka\u017cda kobieta powinna to wiedzie\u0107!)\"<\/strong><\/span><\/a><\/p>\n<p>Dr C. SOLDAN GmbH \/ Dr-Carl-Soldan-Platz 1 \/ 91325 Adelsdorf \/ Niemcy \/ kundenservice@soldan.com<\/p>","protected":false},"excerpt":{"rendered":"<ul>\n<li>Wysokiej jako\u015bci dezodorant alkaliczny<\/li>\n<li>Brak w\u0105tpliwych sk\u0142adnik\u00f3w, takich jak sole aluminium<\/li>\n<li>Nie zawiera perfum i konserwant\u00f3w<\/li>\n<li>Z minera\u0142\u00f3w alkalicznych<\/li>\n<li>\u015arodowisko zasadowe hamuje wzrost bakterii<\/li>\n<li>Niezawodna ochrona przed nieprzyjemnym zapachem potu<\/li>\n<\/ul>\n<p>&nbsp;<\/p>","protected":false},"featured_media":27829,"template":"","meta":{"_acf_changed":false,"_et_pb_use_builder":"","_et_pb_old_content":"","_et_gb_content_width":""},"product_brand":[],"product_cat":[172],"product_tag":[],"class_list":{"0":"post-4358","1":"product","2":"type-product","3":"status-publish","4":"has-post-thumbnail","6":"product_cat-kosmetik","8":"first","9":"instock","10":"taxable","11":"shipping-taxable","12":"purchasable","13":"product-type-simple"},"acf":[],"yoast_head":"<!-- This site is optimized with the Yoast SEO plugin v26.4 - https:\/\/yoast.com\/wordpress\/plugins\/seo\/ -->\n<title>UrDeo Basen- Deoroller, 50 ml - Chi statt Botox<\/title>\n<meta name=\"robots\" content=\"index, follow, max-snippet:-1, max-image-preview:large, max-video-preview:-1\" \/>\n<link rel=\"canonical\" href=\"https:\/\/chi-statt-botox.com\/pl\/produkt\/urdeo-basen-deo-roller-50-ml\/\" \/>\n<meta property=\"og:locale\" content=\"pl_PL\" \/>\n<meta property=\"og:type\" content=\"article\" \/>\n<meta property=\"og:title\" content=\"UrDeo Basen- Deoroller, 50 ml - Chi statt Botox\" \/>\n<meta property=\"og:description\" content=\"Hochwertiges basisches Deodorant  Keine bedenklichen Inhaltsstoffe wie Aluminiumsalze  Frei von Parfum und Konservierungsstoffen  Aus basischen Mineralstoffen  Basisches Milieu hemmt das Bakterienwachstum  Zuverl\u00e4ssiger Schutz vor Schwei\u00dfgeruch  &nbsp;\" \/>\n<meta property=\"og:url\" content=\"https:\/\/chi-statt-botox.com\/pl\/produkt\/urdeo-basen-deo-roller-50-ml\/\" \/>\n<meta property=\"og:site_name\" content=\"Chi statt Botox\" \/>\n<meta property=\"article:modified_time\" content=\"2026-04-14T17:29:50+00:00\" \/>\n<meta property=\"og:image\" content=\"https:\/\/chi-statt-botox.com\/wp-content\/uploads\/Deo.jpg\" \/>\n\t<meta property=\"og:image:width\" content=\"720\" \/>\n\t<meta property=\"og:image:height\" content=\"720\" \/>\n\t<meta property=\"og:image:type\" content=\"image\/jpeg\" \/>\n<meta name=\"twitter:card\" content=\"summary_large_image\" \/>\n<meta name=\"twitter:label1\" content=\"Szacowany czas czytania\" \/>\n\t<meta name=\"twitter:data1\" content=\"2 minuty\" \/>\n<script type=\"application\/ld+json\" class=\"yoast-schema-graph\">{\"@context\":\"https:\/\/schema.org\",\"@graph\":[{\"@type\":\"WebPage\",\"@id\":\"https:\/\/chi-statt-botox.com\/produkt\/urdeo-basen-deo-roller-50-ml\/\",\"url\":\"https:\/\/chi-statt-botox.com\/produkt\/urdeo-basen-deo-roller-50-ml\/\",\"name\":\"UrDeo Basen- Deoroller, 50 ml - Chi statt Botox\",\"isPartOf\":{\"@id\":\"https:\/\/chi-statt-botox.com\/#website\"},\"primaryImageOfPage\":{\"@id\":\"https:\/\/chi-statt-botox.com\/produkt\/urdeo-basen-deo-roller-50-ml\/#primaryimage\"},\"image\":{\"@id\":\"https:\/\/chi-statt-botox.com\/produkt\/urdeo-basen-deo-roller-50-ml\/#primaryimage\"},\"thumbnailUrl\":\"https:\/\/chi-statt-botox.com\/wp-content\/uploads\/Deo.jpg\",\"datePublished\":\"2020-09-01T12:13:56+00:00\",\"dateModified\":\"2026-04-14T17:29:50+00:00\",\"breadcrumb\":{\"@id\":\"https:\/\/chi-statt-botox.com\/produkt\/urdeo-basen-deo-roller-50-ml\/#breadcrumb\"},\"inLanguage\":\"pl-PL\",\"potentialAction\":[{\"@type\":\"ReadAction\",\"target\":[\"https:\/\/chi-statt-botox.com\/produkt\/urdeo-basen-deo-roller-50-ml\/\"]}]},{\"@type\":\"ImageObject\",\"inLanguage\":\"pl-PL\",\"@id\":\"https:\/\/chi-statt-botox.com\/produkt\/urdeo-basen-deo-roller-50-ml\/#primaryimage\",\"url\":\"https:\/\/chi-statt-botox.com\/wp-content\/uploads\/Deo.jpg\",\"contentUrl\":\"https:\/\/chi-statt-botox.com\/wp-content\/uploads\/Deo.jpg\",\"width\":720,\"height\":720},{\"@type\":\"BreadcrumbList\",\"@id\":\"https:\/\/chi-statt-botox.com\/produkt\/urdeo-basen-deo-roller-50-ml\/#breadcrumb\",\"itemListElement\":[{\"@type\":\"ListItem\",\"position\":1,\"name\":\"Startseite\",\"item\":\"https:\/\/chi-statt-botox.com\/\"},{\"@type\":\"ListItem\",\"position\":2,\"name\":\"Produkte\",\"item\":\"https:\/\/chi-statt-botox.com\/shop\/\"},{\"@type\":\"ListItem\",\"position\":3,\"name\":\"UrDeo Basen- Deoroller, 50 ml\"}]},{\"@type\":\"WebSite\",\"@id\":\"https:\/\/chi-statt-botox.com\/#website\",\"url\":\"https:\/\/chi-statt-botox.com\/\",\"name\":\"Chi statt Botox\",\"description\":\"Falten wegzaubern, Haut straffen\",\"potentialAction\":[{\"@type\":\"SearchAction\",\"target\":{\"@type\":\"EntryPoint\",\"urlTemplate\":\"https:\/\/chi-statt-botox.com\/?s={search_term_string}\"},\"query-input\":{\"@type\":\"PropertyValueSpecification\",\"valueRequired\":true,\"valueName\":\"search_term_string\"}}],\"inLanguage\":\"pl-PL\"}]}<\/script>\n<!-- \/ Yoast SEO plugin. -->","yoast_head_json":{"title":"UrDeo Basen- Deoroller, 50 ml - Chi statt Botox","robots":{"index":"index","follow":"follow","max-snippet":"max-snippet:-1","max-image-preview":"max-image-preview:large","max-video-preview":"max-video-preview:-1"},"canonical":"https:\/\/chi-statt-botox.com\/pl\/produkt\/urdeo-basen-deo-roller-50-ml\/","og_locale":"pl_PL","og_type":"article","og_title":"UrDeo Basen- Deoroller, 50 ml - Chi statt Botox","og_description":"Hochwertiges basisches Deodorant  Keine bedenklichen Inhaltsstoffe wie Aluminiumsalze  Frei von Parfum und Konservierungsstoffen  Aus basischen Mineralstoffen  Basisches Milieu hemmt das Bakterienwachstum  Zuverl\u00e4ssiger Schutz vor Schwei\u00dfgeruch  &nbsp;","og_url":"https:\/\/chi-statt-botox.com\/pl\/produkt\/urdeo-basen-deo-roller-50-ml\/","og_site_name":"Chi statt Botox","article_modified_time":"2026-04-14T17:29:50+00:00","og_image":[{"width":720,"height":720,"url":"https:\/\/chi-statt-botox.com\/wp-content\/uploads\/Deo.jpg","type":"image\/jpeg"}],"twitter_card":"summary_large_image","twitter_misc":{"Szacowany czas czytania":"2 minuty"},"schema":{"@context":"https:\/\/schema.org","@graph":[{"@type":"WebPage","@id":"https:\/\/chi-statt-botox.com\/produkt\/urdeo-basen-deo-roller-50-ml\/","url":"https:\/\/chi-statt-botox.com\/produkt\/urdeo-basen-deo-roller-50-ml\/","name":"UrDeo Basen- Deoroller, 50 ml - Chi statt Botox","isPartOf":{"@id":"https:\/\/chi-statt-botox.com\/#website"},"primaryImageOfPage":{"@id":"https:\/\/chi-statt-botox.com\/produkt\/urdeo-basen-deo-roller-50-ml\/#primaryimage"},"image":{"@id":"https:\/\/chi-statt-botox.com\/produkt\/urdeo-basen-deo-roller-50-ml\/#primaryimage"},"thumbnailUrl":"https:\/\/chi-statt-botox.com\/wp-content\/uploads\/Deo.jpg","datePublished":"2020-09-01T12:13:56+00:00","dateModified":"2026-04-14T17:29:50+00:00","breadcrumb":{"@id":"https:\/\/chi-statt-botox.com\/produkt\/urdeo-basen-deo-roller-50-ml\/#breadcrumb"},"inLanguage":"pl-PL","potentialAction":[{"@type":"ReadAction","target":["https:\/\/chi-statt-botox.com\/produkt\/urdeo-basen-deo-roller-50-ml\/"]}]},{"@type":"ImageObject","inLanguage":"pl-PL","@id":"https:\/\/chi-statt-botox.com\/produkt\/urdeo-basen-deo-roller-50-ml\/#primaryimage","url":"https:\/\/chi-statt-botox.com\/wp-content\/uploads\/Deo.jpg","contentUrl":"https:\/\/chi-statt-botox.com\/wp-content\/uploads\/Deo.jpg","width":720,"height":720},{"@type":"BreadcrumbList","@id":"https:\/\/chi-statt-botox.com\/produkt\/urdeo-basen-deo-roller-50-ml\/#breadcrumb","itemListElement":[{"@type":"ListItem","position":1,"name":"Startseite","item":"https:\/\/chi-statt-botox.com\/"},{"@type":"ListItem","position":2,"name":"Produkte","item":"https:\/\/chi-statt-botox.com\/shop\/"},{"@type":"ListItem","position":3,"name":"UrDeo Basen- Deoroller, 50 ml"}]},{"@type":"WebSite","@id":"https:\/\/chi-statt-botox.com\/#website","url":"https:\/\/chi-statt-botox.com\/","name":"Chi zamiast botoksu","description":"Usuwa zmarszczki, napina sk\u00f3r\u0119","potentialAction":[{"@type":"SearchAction","target":{"@type":"EntryPoint","urlTemplate":"https:\/\/chi-statt-botox.com\/?s={search_term_string}"},"query-input":{"@type":"PropertyValueSpecification","valueRequired":true,"valueName":"search_term_string"}}],"inLanguage":"pl-PL"}]}},"_links":{"self":[{"href":"https:\/\/chi-statt-botox.com\/pl\/wp-json\/wp\/v2\/product\/4358","targetHints":{"allow":["GET"]}}],"collection":[{"href":"https:\/\/chi-statt-botox.com\/pl\/wp-json\/wp\/v2\/product"}],"about":[{"href":"https:\/\/chi-statt-botox.com\/pl\/wp-json\/wp\/v2\/types\/product"}],"wp:featuredmedia":[{"embeddable":true,"href":"https:\/\/chi-statt-botox.com\/pl\/wp-json\/wp\/v2\/media\/27829"}],"wp:attachment":[{"href":"https:\/\/chi-statt-botox.com\/pl\/wp-json\/wp\/v2\/media?parent=4358"}],"wp:term":[{"taxonomy":"product_brand","embeddable":true,"href":"https:\/\/chi-statt-botox.com\/pl\/wp-json\/wp\/v2\/product_brand?post=4358"},{"taxonomy":"product_cat","embeddable":true,"href":"https:\/\/chi-statt-botox.com\/pl\/wp-json\/wp\/v2\/product_cat?post=4358"},{"taxonomy":"product_tag","embeddable":true,"href":"https:\/\/chi-statt-botox.com\/pl\/wp-json\/wp\/v2\/product_tag?post=4358"}],"curies":[{"name":"wp","href":"https:\/\/api.w.org\/{rel}","templated":true}]}}