{"id":4360,"date":"2020-09-01T14:39:30","date_gmt":"2020-09-01T12:39:30","guid":{"rendered":"https:\/\/chi-statt-botox.com\/?post_type=product&#038;p=4360"},"modified":"2026-04-14T16:40:38","modified_gmt":"2026-04-14T14:40:38","slug":"bambus-massagerute-der-shaolin-moenche","status":"publish","type":"product","link":"https:\/\/chi-statt-botox.com\/pl\/produkt\/bambus-massagerute-der-shaolin-moenche\/","title":{"rendered":"Bambusowy dr\u0105\u017cek do masa\u017cu mnich\u00f3w Shaolin"},"content":{"rendered":"<p>Szukasz naturalnego i skutecznego sposobu na zrobienie czego\u015b dobrego dla swojego cia\u0142a? Nasz bambusowy dr\u0105\u017cek Pai Sha jest odpowiedzi\u0105 na Twoje potrzeby!<\/p>\n<p><strong>Zalety, kt\u00f3re staj\u0105 si\u0119 widoczne:<\/strong><\/p>\n<ol>\n<li><strong>Poprawione kr\u0105\u017cenie krwi:<\/strong> Pobud\u017a kr\u0105\u017cenie krwi w ka\u017cdym zak\u0105tku cia\u0142a i poczuj, jak Twoje cia\u0142o wraca do \u017cycia.<\/li>\n<li><strong>Obni\u017cony poziom kwasu moczowego:<\/strong> Pom\u00f3\u017c swojemu organizmowi pozby\u0107 si\u0119 nadmiaru kwasu moczowego i ciesz si\u0119 lepszym zdrowiem od wewn\u0105trz.<\/li>\n<li><strong>Stymuluje system energetyczny:<\/strong> Specjalne techniki masa\u017cu, kt\u00f3rych mo\u017cna nauczy\u0107 si\u0119 z do\u0142\u0105czonego filmu obja\u015bniaj\u0105cego, aktywuj\u0105 wewn\u0119trzne zapasy energii. (Instrukcje dotycz\u0105ce masa\u017cu <span style=\"color: #0000ff;\"><a style=\"color: #0000ff;\" href=\"https:\/\/www.youtube.com\/watch?v=6SAugUFEa0Q\" target=\"_blank\" rel=\"noopener noreferrer\"><strong>Wideo obja\u015bniaj\u0105ce<\/strong><\/a><\/span>)<\/li>\n<li><strong>U\u015bmierzanie b\u00f3lu:<\/strong> Walcz z b\u00f3lem i napi\u0119ciem w ciele i ciesz si\u0119 zrelaksowanym i wolnym od b\u00f3lu \u017cyciem.<\/li>\n<li><strong>G\u0142\u0119boki relaks:<\/strong> Poczuj, jak stres dnia codziennego odchodzi od Ciebie, gdy przez kilka minut masujesz si\u0119 naszymi r\u00f3zgami Pai Sha.<\/li>\n<\/ol>\n<p><strong>Dlaczego Pai Sha?<\/strong> Oparty na tysi\u0105cletniej tradycji i podobny do masa\u017cu Gua Sha, Pai Sha oferuje unikalny spos\u00f3b optymalizacji kondycji ca\u0142ego cia\u0142a. To co\u015b wi\u0119cej ni\u017c masa\u017c; to podr\u00f3\u017c w g\u0142\u0105b dobrego samopoczucia.<\/p>\n<p><strong>Przyjazny dla \u015brodowiska i praktyczny:<\/strong> Wykonane z ekologicznego i szybko odnawialnego bambusa. Poniewa\u017c dost\u0119pne w handlu r\u00f3zgi dla kobiet s\u0105 cz\u0119sto d\u0142ugie i ci\u0119\u017ckie, dostosowali\u015bmy je tak, aby kobiety mog\u0142y z nich \u0142atwo i skutecznie korzysta\u0107. Niezale\u017cnie od tego, czy chcesz dotrze\u0107 do plec\u00f3w, masowa\u0107 nogi, czy po prostu zapobiega\u0107 napi\u0119ciom \u2013 nasza bambusowa r\u00f3zga Pai Sha jest idealnym towarzyszem.<\/p>\n<p>Do\u0142\u0105cz do tysi\u0119cy os\u00f3b, kt\u00f3re ju\u017c odkry\u0142y zalety bambusowego dr\u0105\u017cka Pai Sha. Zafunduj sobie najlepszy masa\u017c ju\u017c dzi\u015b!<\/p>\n<p><strong>Filmy z aplikacji<\/strong> (wystarczy klikn\u0105\u0107):<br \/>\n<a href=\"https:\/\/www.youtube.com\/watch?v=6SAugUFEa0Q\" target=\"_blank\" rel=\"noopener\"><span style=\"color: #0000ff;\"><strong>\"WSKAZ\u00d3WKA dla urody i energii (sprawdzona od tysi\u0119cy lat)\"<\/strong><\/span><\/a><br \/>\n<a href=\"https:\/\/www.youtube.com\/watch?v=5gEFcmXyQb8&amp;t=319s\" target=\"_blank\" rel=\"noopener\"><strong>\"Detoksykacja BINDEGEWEBE w wygodny spos\u00f3b - tak dzia\u0142a SKUTECZNA detoksykacja\"<\/strong><\/a><\/p>\n<p>Chi statt Botox GmbH \/ Bauernstra\u00dfe 1 WDZ 9 \/ 4600 Wels \/ Austria \/ shop@chi-statt-botox.com<\/p>","protected":false},"excerpt":{"rendered":"<ul>\n<li>Poprawia kr\u0105\u017cenie krwi<\/li>\n<li>Zmniejsza st\u0119\u017cenie kwasu moczowego<\/li>\n<li>Stymuluje system energetyczny<\/li>\n<li>\u0141agodzi b\u00f3l<\/li>\n<li>Dostosowane pod wzgl\u0119dem wagi dla kobiet<\/li>\n<li>Zgodnie z tysi\u0105cletni\u0105 tradycj\u0105<\/li>\n<\/ul>\n<p>&nbsp;<\/p>\n<p>&nbsp;<\/p>","protected":false},"featured_media":50384,"template":"","meta":{"_acf_changed":false,"_et_pb_use_builder":"off","_et_pb_old_content":"Die Massage mit der Bambusrute stimuliert das Energiesystem (siehe <a href=\"https:\/\/www.youtube.com\/watch?v=yQQ4t9qI_YI\" target=\"_blank\" rel=\"noopener noreferrer\"><strong>Erkl\u00e4rungsvideo<\/strong><\/a>), reduziert die Harns\u00e4ure, verbessert die Blutzirkulation, entspannt und lindert Schmerzen. Aus umweltfreundlichem und schnell nachwachsendem Bambus hergestellt. Wir haben sie auf 46 cm gek\u00fcrzt, um sie auch f\u00fcr Frauen verwendbar zu machen. Sehr gut zur Selbstmassage des ganzen K\u00f6rpers geeignet.","_et_gb_content_width":""},"product_brand":[],"product_cat":[176],"product_tag":[],"class_list":{"0":"post-4360","1":"product","2":"type-product","3":"status-publish","4":"has-post-thumbnail","6":"product_cat-face-yoga-massagen","8":"first","9":"instock","10":"taxable","11":"shipping-taxable","12":"purchasable","13":"product-type-simple"},"acf":[],"yoast_head":"<!-- This site is optimized with the Yoast SEO plugin v26.4 - https:\/\/yoast.com\/wordpress\/plugins\/seo\/ -->\n<title>Bambus-Massagerute der Shaolin-M\u00f6nche - Chi statt Botox<\/title>\n<meta name=\"robots\" content=\"index, follow, max-snippet:-1, max-image-preview:large, max-video-preview:-1\" \/>\n<link rel=\"canonical\" href=\"https:\/\/chi-statt-botox.com\/pl\/produkt\/bambus-massagerute-der-shaolin-moenche\/\" \/>\n<meta property=\"og:locale\" content=\"pl_PL\" \/>\n<meta property=\"og:type\" content=\"article\" \/>\n<meta property=\"og:title\" content=\"Bambus-Massagerute der Shaolin-M\u00f6nche - Chi statt Botox\" \/>\n<meta property=\"og:description\" content=\"Verbessert die Blutzirkulation  Reduziert die Harns\u00e4ure  Stimuliert das Energiesystem  Lindert Schmerzen  Gewichtsm\u00e4\u00dfig f\u00fcr Frauen angepasst  Nach einer Jahrtausende alten Tradition  &nbsp;  &nbsp;\" \/>\n<meta property=\"og:url\" content=\"https:\/\/chi-statt-botox.com\/pl\/produkt\/bambus-massagerute-der-shaolin-moenche\/\" \/>\n<meta property=\"og:site_name\" content=\"Chi statt Botox\" \/>\n<meta property=\"article:modified_time\" content=\"2026-04-14T14:40:38+00:00\" \/>\n<meta property=\"og:image\" content=\"https:\/\/chi-statt-botox.com\/wp-content\/uploads\/Rute_01.jpg\" \/>\n\t<meta property=\"og:image:width\" content=\"1920\" \/>\n\t<meta property=\"og:image:height\" content=\"1920\" \/>\n\t<meta property=\"og:image:type\" content=\"image\/jpeg\" \/>\n<meta name=\"twitter:card\" content=\"summary_large_image\" \/>\n<meta name=\"twitter:label1\" content=\"Szacowany czas czytania\" \/>\n\t<meta name=\"twitter:data1\" content=\"2 minuty\" \/>\n<script type=\"application\/ld+json\" class=\"yoast-schema-graph\">{\"@context\":\"https:\/\/schema.org\",\"@graph\":[{\"@type\":\"WebPage\",\"@id\":\"https:\/\/chi-statt-botox.com\/produkt\/bambus-massagerute-der-shaolin-moenche\/\",\"url\":\"https:\/\/chi-statt-botox.com\/produkt\/bambus-massagerute-der-shaolin-moenche\/\",\"name\":\"Bambus-Massagerute der Shaolin-M\u00f6nche - Chi statt Botox\",\"isPartOf\":{\"@id\":\"https:\/\/chi-statt-botox.com\/#website\"},\"primaryImageOfPage\":{\"@id\":\"https:\/\/chi-statt-botox.com\/produkt\/bambus-massagerute-der-shaolin-moenche\/#primaryimage\"},\"image\":{\"@id\":\"https:\/\/chi-statt-botox.com\/produkt\/bambus-massagerute-der-shaolin-moenche\/#primaryimage\"},\"thumbnailUrl\":\"https:\/\/chi-statt-botox.com\/wp-content\/uploads\/Rute_01.jpg\",\"datePublished\":\"2020-09-01T12:39:30+00:00\",\"dateModified\":\"2026-04-14T14:40:38+00:00\",\"breadcrumb\":{\"@id\":\"https:\/\/chi-statt-botox.com\/produkt\/bambus-massagerute-der-shaolin-moenche\/#breadcrumb\"},\"inLanguage\":\"pl-PL\",\"potentialAction\":[{\"@type\":\"ReadAction\",\"target\":[\"https:\/\/chi-statt-botox.com\/produkt\/bambus-massagerute-der-shaolin-moenche\/\"]}]},{\"@type\":\"ImageObject\",\"inLanguage\":\"pl-PL\",\"@id\":\"https:\/\/chi-statt-botox.com\/produkt\/bambus-massagerute-der-shaolin-moenche\/#primaryimage\",\"url\":\"https:\/\/chi-statt-botox.com\/wp-content\/uploads\/Rute_01.jpg\",\"contentUrl\":\"https:\/\/chi-statt-botox.com\/wp-content\/uploads\/Rute_01.jpg\",\"width\":1920,\"height\":1920},{\"@type\":\"BreadcrumbList\",\"@id\":\"https:\/\/chi-statt-botox.com\/produkt\/bambus-massagerute-der-shaolin-moenche\/#breadcrumb\",\"itemListElement\":[{\"@type\":\"ListItem\",\"position\":1,\"name\":\"Startseite\",\"item\":\"https:\/\/chi-statt-botox.com\/\"},{\"@type\":\"ListItem\",\"position\":2,\"name\":\"Produkte\",\"item\":\"https:\/\/chi-statt-botox.com\/shop\/\"},{\"@type\":\"ListItem\",\"position\":3,\"name\":\"Bambus-Massagerute der Shaolin-M\u00f6nche\"}]},{\"@type\":\"WebSite\",\"@id\":\"https:\/\/chi-statt-botox.com\/#website\",\"url\":\"https:\/\/chi-statt-botox.com\/\",\"name\":\"Chi statt Botox\",\"description\":\"Falten wegzaubern, Haut straffen\",\"potentialAction\":[{\"@type\":\"SearchAction\",\"target\":{\"@type\":\"EntryPoint\",\"urlTemplate\":\"https:\/\/chi-statt-botox.com\/?s={search_term_string}\"},\"query-input\":{\"@type\":\"PropertyValueSpecification\",\"valueRequired\":true,\"valueName\":\"search_term_string\"}}],\"inLanguage\":\"pl-PL\"}]}<\/script>\n<!-- \/ Yoast SEO plugin. -->","yoast_head_json":{"title":"Bambusowy dr\u0105\u017cek do masa\u017cu mnich\u00f3w Shaolin - Chi zamiast botoksu","robots":{"index":"index","follow":"follow","max-snippet":"max-snippet:-1","max-image-preview":"max-image-preview:large","max-video-preview":"max-video-preview:-1"},"canonical":"https:\/\/chi-statt-botox.com\/pl\/produkt\/bambus-massagerute-der-shaolin-moenche\/","og_locale":"pl_PL","og_type":"article","og_title":"Bambus-Massagerute der Shaolin-M\u00f6nche - Chi statt Botox","og_description":"Verbessert die Blutzirkulation  Reduziert die Harns\u00e4ure  Stimuliert das Energiesystem  Lindert Schmerzen  Gewichtsm\u00e4\u00dfig f\u00fcr Frauen angepasst  Nach einer Jahrtausende alten Tradition  &nbsp;  &nbsp;","og_url":"https:\/\/chi-statt-botox.com\/pl\/produkt\/bambus-massagerute-der-shaolin-moenche\/","og_site_name":"Chi statt Botox","article_modified_time":"2026-04-14T14:40:38+00:00","og_image":[{"width":1920,"height":1920,"url":"https:\/\/chi-statt-botox.com\/wp-content\/uploads\/Rute_01.jpg","type":"image\/jpeg"}],"twitter_card":"summary_large_image","twitter_misc":{"Szacowany czas czytania":"2 minuty"},"schema":{"@context":"https:\/\/schema.org","@graph":[{"@type":"WebPage","@id":"https:\/\/chi-statt-botox.com\/produkt\/bambus-massagerute-der-shaolin-moenche\/","url":"https:\/\/chi-statt-botox.com\/produkt\/bambus-massagerute-der-shaolin-moenche\/","name":"Bambusowy dr\u0105\u017cek do masa\u017cu mnich\u00f3w Shaolin - Chi zamiast botoksu","isPartOf":{"@id":"https:\/\/chi-statt-botox.com\/#website"},"primaryImageOfPage":{"@id":"https:\/\/chi-statt-botox.com\/produkt\/bambus-massagerute-der-shaolin-moenche\/#primaryimage"},"image":{"@id":"https:\/\/chi-statt-botox.com\/produkt\/bambus-massagerute-der-shaolin-moenche\/#primaryimage"},"thumbnailUrl":"https:\/\/chi-statt-botox.com\/wp-content\/uploads\/Rute_01.jpg","datePublished":"2020-09-01T12:39:30+00:00","dateModified":"2026-04-14T14:40:38+00:00","breadcrumb":{"@id":"https:\/\/chi-statt-botox.com\/produkt\/bambus-massagerute-der-shaolin-moenche\/#breadcrumb"},"inLanguage":"pl-PL","potentialAction":[{"@type":"ReadAction","target":["https:\/\/chi-statt-botox.com\/produkt\/bambus-massagerute-der-shaolin-moenche\/"]}]},{"@type":"ImageObject","inLanguage":"pl-PL","@id":"https:\/\/chi-statt-botox.com\/produkt\/bambus-massagerute-der-shaolin-moenche\/#primaryimage","url":"https:\/\/chi-statt-botox.com\/wp-content\/uploads\/Rute_01.jpg","contentUrl":"https:\/\/chi-statt-botox.com\/wp-content\/uploads\/Rute_01.jpg","width":1920,"height":1920},{"@type":"BreadcrumbList","@id":"https:\/\/chi-statt-botox.com\/produkt\/bambus-massagerute-der-shaolin-moenche\/#breadcrumb","itemListElement":[{"@type":"ListItem","position":1,"name":"Startseite","item":"https:\/\/chi-statt-botox.com\/"},{"@type":"ListItem","position":2,"name":"Produkte","item":"https:\/\/chi-statt-botox.com\/shop\/"},{"@type":"ListItem","position":3,"name":"Bambus-Massagerute der Shaolin-M\u00f6nche"}]},{"@type":"WebSite","@id":"https:\/\/chi-statt-botox.com\/#website","url":"https:\/\/chi-statt-botox.com\/","name":"Chi zamiast botoksu","description":"Usuwa zmarszczki, napina sk\u00f3r\u0119","potentialAction":[{"@type":"SearchAction","target":{"@type":"EntryPoint","urlTemplate":"https:\/\/chi-statt-botox.com\/?s={search_term_string}"},"query-input":{"@type":"PropertyValueSpecification","valueRequired":true,"valueName":"search_term_string"}}],"inLanguage":"pl-PL"}]}},"_links":{"self":[{"href":"https:\/\/chi-statt-botox.com\/pl\/wp-json\/wp\/v2\/product\/4360","targetHints":{"allow":["GET"]}}],"collection":[{"href":"https:\/\/chi-statt-botox.com\/pl\/wp-json\/wp\/v2\/product"}],"about":[{"href":"https:\/\/chi-statt-botox.com\/pl\/wp-json\/wp\/v2\/types\/product"}],"wp:featuredmedia":[{"embeddable":true,"href":"https:\/\/chi-statt-botox.com\/pl\/wp-json\/wp\/v2\/media\/50384"}],"wp:attachment":[{"href":"https:\/\/chi-statt-botox.com\/pl\/wp-json\/wp\/v2\/media?parent=4360"}],"wp:term":[{"taxonomy":"product_brand","embeddable":true,"href":"https:\/\/chi-statt-botox.com\/pl\/wp-json\/wp\/v2\/product_brand?post=4360"},{"taxonomy":"product_cat","embeddable":true,"href":"https:\/\/chi-statt-botox.com\/pl\/wp-json\/wp\/v2\/product_cat?post=4360"},{"taxonomy":"product_tag","embeddable":true,"href":"https:\/\/chi-statt-botox.com\/pl\/wp-json\/wp\/v2\/product_tag?post=4360"}],"curies":[{"name":"wp","href":"https:\/\/api.w.org\/{rel}","templated":true}]}}