{"id":48861,"date":"2025-09-30T12:53:59","date_gmt":"2025-09-30T10:53:59","guid":{"rendered":"https:\/\/chi-statt-botox.com\/?post_type=product&#038;p=48861"},"modified":"2026-04-15T20:14:15","modified_gmt":"2026-04-15T18:14:15","slug":"kaiserinnen-beauty-kollagen-3er","status":"publish","type":"product","link":"https:\/\/chi-statt-botox.com\/pl\/produkt\/kaiserinnen-beauty-kollagen-3er\/","title":{"rendered":"Empress Beauty Collagen 3 pack"},"content":{"rendered":"<p data-start=\"317\" data-end=\"614\"><strong>Bioaktywne peptydy kolagenowe, kt\u00f3re Twoja sk\u00f3ra naprawd\u0119 rozumie!<\/strong><\/p>\n<p data-start=\"317\" data-end=\"614\">Wiele preparat\u00f3w kolagenowych zawiera niespecyficzne \u0142a\u0144cuchy bia\u0142kowe, kt\u00f3re z trudem docieraj\u0105 tam, gdzie s\u0105 naprawd\u0119 potrzebne w organizmie. Decyduj\u0105cymi czynnikami s\u0105 <strong data-start=\"496\" data-end=\"527\">bioaktywne peptydy kolagenowe<\/strong> - S\u0105 tak ma\u0142e i wyj\u0105tkowe, \u017ce mog\u0105 celowa\u0107 w twoje <strong data-start=\"585\" data-end=\"601\">Fibroblasty<\/strong> zasi\u0119g.<\/p>\n<p data-start=\"616\" data-end=\"947\">Fibroblasty to kom\u00f3rki macierzyste sk\u00f3ry. S\u0105 odpowiedzialne za tworzenie nowego kolagenu - rusztowania, kt\u00f3re nadaje sk\u00f3rze j\u0119drno\u015b\u0107 i elastyczno\u015b\u0107. Z wiekiem staj\u0105 si\u0119 one bardziej zm\u0119czone. Ale niekt\u00f3re peptydy kolagenowe <strong>(Typ I i III)<\/strong> dzia\u0142aj\u0105 jak sygna\u0142 alarmowy <strong>stymuluj\u0105 fibroblasty do ponownej aktywno\u015bci<\/strong>.<\/p>\n<p data-start=\"949\" data-end=\"1098\">Rezultat: sk\u00f3ra w\u0142a\u015bciwa (podsk\u00f3rna) stopniowo wype\u0142nia si\u0119 \u015bwie\u017cym kolagenem - zmarszczki mog\u0105 wydawa\u0107 si\u0119 \u0142agodniejsze, a sk\u00f3ra j\u0119drniejsza i bardziej \u017cywa.<\/p>\n<p data-start=\"1100\" data-end=\"1175\">Szeroko cytowane badanie kliniczne (Proksch et al., 2014) by\u0142o w stanie to udowodni\u0107:<\/p>\n<ul>\n<li>Dzienne spo\u017cycie tylko 2,5 g bioaktywnych peptyd\u00f3w kolagenowych<\/li>\n<li>po 4 tygodniach: zauwa\u017calnie wi\u0119ksza j\u0119drno\u015b\u0107<\/li>\n<li>po 8 tygodniach: <strong data-start=\"1300\" data-end=\"1345\">\u015arednio o 20 % mniejsza g\u0142\u0119boko\u015b\u0107 zmarszczek<\/strong><\/li>\n<\/ul>\n<p data-start=\"1349\" data-end=\"1528\">Dzi\u0119ki temu produktowi nie decydujesz si\u0119 tylko na jakikolwiek kolagen, ale na <strong data-start=\"1443\" data-end=\"1485\">Kszta\u0142t, kt\u00f3ry naprawd\u0119 rozumie Twoj\u0105 sk\u00f3r\u0119<\/strong> - i odnawia je od wewn\u0105trz.<\/p>\n<p data-start=\"1349\" data-end=\"1528\"><strong>Proszek typu I i III<br \/>\n<\/strong><strong>Wysoka czysto\u015b\u0107 i biodost\u0119pno\u015b\u0107<\/strong><\/p>\n<p>Jedno opakowanie (450 g) wystarcza na 45 dni.<\/p>\n<p><strong>SK\u0141ADNIKI<\/strong><br \/>\n100% Hydrolizat kolagenu z byd\u0142a karmionego traw\u0105<\/p>\n<p><strong>ZALETY STOSOWANIA ZWIERZ\u0104T KARMIONYCH TRAW\u0104<br \/>\n<\/strong>1. wysoka warto\u015b\u0107, wy\u017csza jako\u015b\u0107 i czysto\u015b\u0107<br \/>\n2. przyjazno\u015b\u0107 dla \u015brodowiska i zr\u00f3wnowa\u017cony rozw\u00f3j<br \/>\n3. lepszy sk\u0142ad sk\u0142adnik\u00f3w od\u017cywczych<br \/>\n4. lepsza biodost\u0119pno\u015b\u0107<\/p>\n<p><strong>Artyku\u0142y na temat kolagenu<\/strong> (wystarczy klikn\u0105\u0107): <strong><a href=\"https:\/\/chi-statt-botox.com\/pl\/wie-bekomme-ich-mehr-kollagen\/\" target=\"_blank\" rel=\"noopener noreferrer\">Jak uzyska\u0107 wi\u0119cej kolagenu?<\/a><\/strong><\/p>\n<p><strong>Zobacz wideo z przyk\u0142adami zastosowa\u0144<\/strong> (wystarczy klikn\u0105\u0107):<br \/>\n<b><a href=\"https:\/\/www.youtube.com\/watch?v=iyO_eOPH0gs\" target=\"_blank\" rel=\"noopener\">\"Pozb\u0105d\u017a si\u0119 zmarszczek na szyi \ud83d\ude0d Zapobiegaj indyczej szyi \ud83d\udc49 4 \u0107wiczenia na pi\u0119kn\u0105 szyj\u0119 \ud83d\udc9b\"<\/a><br \/>\n<\/b><\/p>\n<p>MRS Dystrybucja Sp. z o.o., ul. Prez. Lecha, Kaczy\u0144skiego 20, 80-365 Polska<\/p>","protected":false},"excerpt":{"rendered":"<ul>\n<li>Typ I i III, wysoka czysto\u015b\u0107<\/li>\n<li>Wysoka biodost\u0119pno\u015b\u0107<\/li>\n<li>100% czysty hydrolizat kolagenu<\/li>\n<li>Od byd\u0142a karmionego traw\u0105, przez zr\u00f3wnowa\u017cone<\/li>\n<\/ul>","protected":false},"featured_media":48860,"template":"","meta":{"_acf_changed":false,"_et_pb_use_builder":"","_et_pb_old_content":"","_et_gb_content_width":""},"product_brand":[],"product_cat":[175],"product_tag":[],"class_list":{"0":"post-48861","1":"product","2":"type-product","3":"status-publish","4":"has-post-thumbnail","6":"product_cat-anti-aging-nems","8":"first","9":"instock","10":"sale","11":"taxable","12":"shipping-taxable","13":"purchasable","14":"product-type-simple"},"acf":[],"yoast_head":"<!-- This site is optimized with the Yoast SEO plugin v26.4 - https:\/\/yoast.com\/wordpress\/plugins\/seo\/ -->\n<title>Kaiserinnen Beauty Kollagen 3er - Chi statt Botox<\/title>\n<meta name=\"robots\" content=\"index, follow, max-snippet:-1, max-image-preview:large, max-video-preview:-1\" \/>\n<link rel=\"canonical\" href=\"https:\/\/chi-statt-botox.com\/pl\/produkt\/kaiserinnen-beauty-kollagen-3er\/\" \/>\n<meta property=\"og:locale\" content=\"pl_PL\" \/>\n<meta property=\"og:type\" content=\"article\" \/>\n<meta property=\"og:title\" content=\"Kaiserinnen Beauty Kollagen 3er - Chi statt Botox\" \/>\n<meta property=\"og:description\" content=\"Typ I &amp; III, hochrein  Hohe Bioverf\u00fcgbarkeit  100% reines Kollagen-Hydrolysat  Aus grasgef\u00fctterten Rindern, nachhaltig\" \/>\n<meta property=\"og:url\" content=\"https:\/\/chi-statt-botox.com\/pl\/produkt\/kaiserinnen-beauty-kollagen-3er\/\" \/>\n<meta property=\"og:site_name\" content=\"Chi statt Botox\" \/>\n<meta property=\"article:modified_time\" content=\"2026-04-15T18:14:15+00:00\" \/>\n<meta property=\"og:image\" content=\"https:\/\/chi-statt-botox.com\/wp-content\/uploads\/Kollagen-mOck-ups4.jpg\" \/>\n\t<meta property=\"og:image:width\" content=\"1920\" \/>\n\t<meta property=\"og:image:height\" content=\"1920\" \/>\n\t<meta property=\"og:image:type\" content=\"image\/jpeg\" \/>\n<meta name=\"twitter:card\" content=\"summary_large_image\" \/>\n<meta name=\"twitter:label1\" content=\"Szacowany czas czytania\" \/>\n\t<meta name=\"twitter:data1\" content=\"2 minuty\" \/>\n<script type=\"application\/ld+json\" class=\"yoast-schema-graph\">{\"@context\":\"https:\/\/schema.org\",\"@graph\":[{\"@type\":\"WebPage\",\"@id\":\"https:\/\/chi-statt-botox.com\/produkt\/kaiserinnen-beauty-kollagen-3er\/\",\"url\":\"https:\/\/chi-statt-botox.com\/produkt\/kaiserinnen-beauty-kollagen-3er\/\",\"name\":\"Kaiserinnen Beauty Kollagen 3er - Chi statt Botox\",\"isPartOf\":{\"@id\":\"https:\/\/chi-statt-botox.com\/#website\"},\"primaryImageOfPage\":{\"@id\":\"https:\/\/chi-statt-botox.com\/produkt\/kaiserinnen-beauty-kollagen-3er\/#primaryimage\"},\"image\":{\"@id\":\"https:\/\/chi-statt-botox.com\/produkt\/kaiserinnen-beauty-kollagen-3er\/#primaryimage\"},\"thumbnailUrl\":\"https:\/\/chi-statt-botox.com\/wp-content\/uploads\/Kollagen-mOck-ups4.jpg\",\"datePublished\":\"2025-09-30T10:53:59+00:00\",\"dateModified\":\"2026-04-15T18:14:15+00:00\",\"breadcrumb\":{\"@id\":\"https:\/\/chi-statt-botox.com\/produkt\/kaiserinnen-beauty-kollagen-3er\/#breadcrumb\"},\"inLanguage\":\"pl-PL\",\"potentialAction\":[{\"@type\":\"ReadAction\",\"target\":[\"https:\/\/chi-statt-botox.com\/produkt\/kaiserinnen-beauty-kollagen-3er\/\"]}]},{\"@type\":\"ImageObject\",\"inLanguage\":\"pl-PL\",\"@id\":\"https:\/\/chi-statt-botox.com\/produkt\/kaiserinnen-beauty-kollagen-3er\/#primaryimage\",\"url\":\"https:\/\/chi-statt-botox.com\/wp-content\/uploads\/Kollagen-mOck-ups4.jpg\",\"contentUrl\":\"https:\/\/chi-statt-botox.com\/wp-content\/uploads\/Kollagen-mOck-ups4.jpg\",\"width\":1920,\"height\":1920},{\"@type\":\"BreadcrumbList\",\"@id\":\"https:\/\/chi-statt-botox.com\/produkt\/kaiserinnen-beauty-kollagen-3er\/#breadcrumb\",\"itemListElement\":[{\"@type\":\"ListItem\",\"position\":1,\"name\":\"Startseite\",\"item\":\"https:\/\/chi-statt-botox.com\/\"},{\"@type\":\"ListItem\",\"position\":2,\"name\":\"Produkte\",\"item\":\"https:\/\/chi-statt-botox.com\/shop\/\"},{\"@type\":\"ListItem\",\"position\":3,\"name\":\"Kaiserinnen Beauty Kollagen 3er\"}]},{\"@type\":\"WebSite\",\"@id\":\"https:\/\/chi-statt-botox.com\/#website\",\"url\":\"https:\/\/chi-statt-botox.com\/\",\"name\":\"Chi statt Botox\",\"description\":\"Falten wegzaubern, Haut straffen\",\"potentialAction\":[{\"@type\":\"SearchAction\",\"target\":{\"@type\":\"EntryPoint\",\"urlTemplate\":\"https:\/\/chi-statt-botox.com\/?s={search_term_string}\"},\"query-input\":{\"@type\":\"PropertyValueSpecification\",\"valueRequired\":true,\"valueName\":\"search_term_string\"}}],\"inLanguage\":\"pl-PL\"}]}<\/script>\n<!-- \/ Yoast SEO plugin. -->","yoast_head_json":{"title":"Kaiserinnen Beauty Kollagen 3er - Chi zamiast botoksu","robots":{"index":"index","follow":"follow","max-snippet":"max-snippet:-1","max-image-preview":"max-image-preview:large","max-video-preview":"max-video-preview:-1"},"canonical":"https:\/\/chi-statt-botox.com\/pl\/produkt\/kaiserinnen-beauty-kollagen-3er\/","og_locale":"pl_PL","og_type":"article","og_title":"Kaiserinnen Beauty Kollagen 3er - Chi statt Botox","og_description":"Typ I &amp; III, hochrein  Hohe Bioverf\u00fcgbarkeit  100% reines Kollagen-Hydrolysat  Aus grasgef\u00fctterten Rindern, nachhaltig","og_url":"https:\/\/chi-statt-botox.com\/pl\/produkt\/kaiserinnen-beauty-kollagen-3er\/","og_site_name":"Chi statt Botox","article_modified_time":"2026-04-15T18:14:15+00:00","og_image":[{"width":1920,"height":1920,"url":"https:\/\/chi-statt-botox.com\/wp-content\/uploads\/Kollagen-mOck-ups4.jpg","type":"image\/jpeg"}],"twitter_card":"summary_large_image","twitter_misc":{"Szacowany czas czytania":"2 minuty"},"schema":{"@context":"https:\/\/schema.org","@graph":[{"@type":"WebPage","@id":"https:\/\/chi-statt-botox.com\/produkt\/kaiserinnen-beauty-kollagen-3er\/","url":"https:\/\/chi-statt-botox.com\/produkt\/kaiserinnen-beauty-kollagen-3er\/","name":"Kaiserinnen Beauty Kollagen 3er - Chi zamiast botoksu","isPartOf":{"@id":"https:\/\/chi-statt-botox.com\/#website"},"primaryImageOfPage":{"@id":"https:\/\/chi-statt-botox.com\/produkt\/kaiserinnen-beauty-kollagen-3er\/#primaryimage"},"image":{"@id":"https:\/\/chi-statt-botox.com\/produkt\/kaiserinnen-beauty-kollagen-3er\/#primaryimage"},"thumbnailUrl":"https:\/\/chi-statt-botox.com\/wp-content\/uploads\/Kollagen-mOck-ups4.jpg","datePublished":"2025-09-30T10:53:59+00:00","dateModified":"2026-04-15T18:14:15+00:00","breadcrumb":{"@id":"https:\/\/chi-statt-botox.com\/produkt\/kaiserinnen-beauty-kollagen-3er\/#breadcrumb"},"inLanguage":"pl-PL","potentialAction":[{"@type":"ReadAction","target":["https:\/\/chi-statt-botox.com\/produkt\/kaiserinnen-beauty-kollagen-3er\/"]}]},{"@type":"ImageObject","inLanguage":"pl-PL","@id":"https:\/\/chi-statt-botox.com\/produkt\/kaiserinnen-beauty-kollagen-3er\/#primaryimage","url":"https:\/\/chi-statt-botox.com\/wp-content\/uploads\/Kollagen-mOck-ups4.jpg","contentUrl":"https:\/\/chi-statt-botox.com\/wp-content\/uploads\/Kollagen-mOck-ups4.jpg","width":1920,"height":1920},{"@type":"BreadcrumbList","@id":"https:\/\/chi-statt-botox.com\/produkt\/kaiserinnen-beauty-kollagen-3er\/#breadcrumb","itemListElement":[{"@type":"ListItem","position":1,"name":"Startseite","item":"https:\/\/chi-statt-botox.com\/"},{"@type":"ListItem","position":2,"name":"Produkte","item":"https:\/\/chi-statt-botox.com\/shop\/"},{"@type":"ListItem","position":3,"name":"Kaiserinnen Beauty Kollagen 3er"}]},{"@type":"WebSite","@id":"https:\/\/chi-statt-botox.com\/#website","url":"https:\/\/chi-statt-botox.com\/","name":"Chi zamiast botoksu","description":"Usuwa zmarszczki, napina sk\u00f3r\u0119","potentialAction":[{"@type":"SearchAction","target":{"@type":"EntryPoint","urlTemplate":"https:\/\/chi-statt-botox.com\/?s={search_term_string}"},"query-input":{"@type":"PropertyValueSpecification","valueRequired":true,"valueName":"search_term_string"}}],"inLanguage":"pl-PL"}]}},"_links":{"self":[{"href":"https:\/\/chi-statt-botox.com\/pl\/wp-json\/wp\/v2\/product\/48861","targetHints":{"allow":["GET"]}}],"collection":[{"href":"https:\/\/chi-statt-botox.com\/pl\/wp-json\/wp\/v2\/product"}],"about":[{"href":"https:\/\/chi-statt-botox.com\/pl\/wp-json\/wp\/v2\/types\/product"}],"wp:featuredmedia":[{"embeddable":true,"href":"https:\/\/chi-statt-botox.com\/pl\/wp-json\/wp\/v2\/media\/48860"}],"wp:attachment":[{"href":"https:\/\/chi-statt-botox.com\/pl\/wp-json\/wp\/v2\/media?parent=48861"}],"wp:term":[{"taxonomy":"product_brand","embeddable":true,"href":"https:\/\/chi-statt-botox.com\/pl\/wp-json\/wp\/v2\/product_brand?post=48861"},{"taxonomy":"product_cat","embeddable":true,"href":"https:\/\/chi-statt-botox.com\/pl\/wp-json\/wp\/v2\/product_cat?post=48861"},{"taxonomy":"product_tag","embeddable":true,"href":"https:\/\/chi-statt-botox.com\/pl\/wp-json\/wp\/v2\/product_tag?post=48861"}],"curies":[{"name":"wp","href":"https:\/\/api.w.org\/{rel}","templated":true}]}}